{"id":991,"date":"2026-02-16T19:00:17","date_gmt":"2026-02-16T19:00:17","guid":{"rendered":"https:\/\/b2b.mvgd.pl\/?post_type=product&#038;p=991"},"modified":"2026-02-16T19:01:57","modified_gmt":"2026-02-16T19:01:57","slug":"san-polo-brunello-docg-vignavecchia","status":"publish","type":"product","link":"https:\/\/b2b.mvgd.pl\/index.php\/produkt\/san-polo-brunello-docg-vignavecchia\/","title":{"rendered":"San Polo Brunello DOCG Vignavecchia"},"content":{"rendered":"<article class=\"text-token-text-primary w-full focus:outline-none scroll-mt-[calc(var(--header-height)+min(200px,max(70px,20svh)))]\" dir=\"auto\" data-testid=\"conversation-turn-302\" data-scroll-anchor=\"true\" data-turn=\"assistant\">\n<div class=\"text-base my-auto mx-auto pb-10 [--thread-content-margin:--spacing(4)] @[37rem]:[--thread-content-margin:--spacing(6)] @[72rem]:[--thread-content-margin:--spacing(16)] px-(--thread-content-margin)\">\n<div class=\"[--thread-content-max-width:32rem] @[34rem]:[--thread-content-max-width:40rem] @[64rem]:[--thread-content-max-width:48rem] mx-auto max-w-(--thread-content-max-width) flex-1 group\/turn-messages focus-visible:outline-hidden relative flex w-full min-w-0 flex-col agent-turn\">\n<div class=\"flex max-w-full flex-col grow\">\n<div class=\"min-h-8 text-message relative flex w-full flex-col items-end gap-2 text-start break-words whitespace-normal [.text-message+&amp;]:mt-5\" dir=\"auto\" data-message-author-role=\"assistant\" data-message-id=\"020de48d-4bf9-4c57-864d-2d0b023c83c4\" data-message-model-slug=\"gpt-4o\">\n<div class=\"flex w-full flex-col gap-1 empty:hidden first:pt-[3px]\">\n<div class=\"markdown prose dark:prose-invert w-full break-words dark\">\n<p data-start=\"652\" data-end=\"786\"><strong data-start=\"652\" data-end=\"663\">Wygl\u0105d:<\/strong> G\u0142\u0119boki rubin z granatowymi i ceglastymi refleksami, g\u0119ste i klarowne, wskazuj\u0105ce na koncentracj\u0119 i potencja\u0142 starzenia.<\/p>\n<p data-start=\"788\" data-end=\"931\"><strong data-start=\"788\" data-end=\"799\">Aromat:<\/strong> Niezwykle z\u0142o\u017cony bukiet \u2013 wi\u015bnia marasca, je\u017cyny, \u015bliwki, fio\u0142ki, tyto\u0144, sk\u00f3ra, czekolada, lukrecja i subtelne nuty balsamiczne.<\/p>\n<p data-start=\"933\" data-end=\"1155\"><strong data-start=\"933\" data-end=\"942\">Smak:<\/strong> Pe\u0142ne, wielowarstwowe i bogate. Mocne, eleganckie taniny, wyra\u017ana, lecz harmonijna kwasowo\u015b\u0107. W ustach owocowo\u015b\u0107 spleciona z nutami przypraw, ziemisto\u015bci i d\u0119bu. Finisz bardzo d\u0142ugi, intensywny i majestatyczny.<\/p>\n<p data-start=\"1157\" data-end=\"1191\"><strong data-start=\"1157\" data-end=\"1183\">Temperatura podawania:<\/strong> 18 \u00b0C<\/p>\n<p data-start=\"1193\" data-end=\"1387\"><strong data-start=\"1193\" data-end=\"1208\">Serwowanie:<\/strong> Najlepiej do wyrafinowanych da\u0144 \u2013 dziczyzny, pieczonej wo\u0142owiny, jagni\u0119ciny, potraw z truflami i d\u0142ugo dojrzewaj\u0105cych ser\u00f3w. \u015awietnie sprawdzi si\u0119 tak\u017ce jako wino do medytacji.<\/p>\n<\/div>\n<\/div>\n<\/div>\n<\/div>\n<\/div>\n<\/div>\n<\/article>\n","protected":false},"excerpt":{"rendered":"<p data-start=\"318\" data-end=\"409\">Ikoniczne Brunello di Montalcino od San Polo z parceli Vignavecchia \u2013 pot\u0119\u017cne, eleganckie i d\u0142ugowieczne. Wino dla koneser\u00f3w, idealne do da\u0144 wykwintnych i degustacji kolekcjonerskich.<\/p>\n","protected":false},"featured_media":1049,"comment_status":"closed","ping_status":"closed","template":"","meta":[],"product_brand":[],"product_cat":[496,18,19],"product_tag":[737,1193,320,321],"class_list":{"0":"post-991","1":"product","2":"type-product","3":"status-publish","4":"has-post-thumbnail","6":"product_cat-toskania","7":"product_cat-wina","8":"product_cat-wlochy-wina","9":"product_tag-czerwone","10":"product_tag-san-polo","11":"product_tag-wino","12":"product_tag-wytrawne","14":"first","15":"instock","16":"shipping-taxable","17":"purchasable","18":"product-type-simple"},"yoast_head":"<!-- This site is optimized with the Yoast SEO plugin v26.9 - https:\/\/yoast.com\/product\/yoast-seo-wordpress\/ -->\n<title>San Polo Brunello DOCG Vignavecchia - B2B MVGD PL<\/title>\n<meta name=\"robots\" content=\"index, follow, max-snippet:-1, max-image-preview:large, max-video-preview:-1\" \/>\n<link rel=\"canonical\" href=\"https:\/\/b2b.mvgd.pl\/index.php\/produkt\/san-polo-brunello-docg-vignavecchia\/\" \/>\n<meta property=\"og:locale\" content=\"pl_PL\" \/>\n<meta property=\"og:type\" content=\"article\" \/>\n<meta property=\"og:title\" content=\"San Polo Brunello DOCG Vignavecchia - B2B MVGD PL\" \/>\n<meta property=\"og:description\" content=\"Ikoniczne Brunello di Montalcino od San Polo z parceli Vignavecchia \u2013 pot\u0119\u017cne, eleganckie i d\u0142ugowieczne. Wino dla koneser\u00f3w, idealne do da\u0144 wykwintnych i degustacji kolekcjonerskich.\" \/>\n<meta property=\"og:url\" content=\"https:\/\/b2b.mvgd.pl\/index.php\/produkt\/san-polo-brunello-docg-vignavecchia\/\" \/>\n<meta property=\"og:site_name\" content=\"B2B MVGD PL\" \/>\n<meta property=\"article:modified_time\" content=\"2026-02-16T19:01:57+00:00\" \/>\n<meta name=\"twitter:card\" content=\"summary_large_image\" \/>\n<meta name=\"twitter:label1\" content=\"Szacowany czas czytania\" \/>\n\t<meta name=\"twitter:data1\" content=\"1 minuta\" \/>\n<script type=\"application\/ld+json\" class=\"yoast-schema-graph\">{\"@context\":\"https:\/\/schema.org\",\"@graph\":[{\"@type\":\"WebPage\",\"@id\":\"https:\/\/b2b.mvgd.pl\/index.php\/produkt\/san-polo-brunello-docg-vignavecchia\/\",\"url\":\"https:\/\/b2b.mvgd.pl\/index.php\/produkt\/san-polo-brunello-docg-vignavecchia\/\",\"name\":\"San Polo Brunello DOCG Vignavecchia - B2B MVGD PL\",\"isPartOf\":{\"@id\":\"https:\/\/b2b.mvgd.pl\/#website\"},\"primaryImageOfPage\":{\"@id\":\"https:\/\/b2b.mvgd.pl\/index.php\/produkt\/san-polo-brunello-docg-vignavecchia\/#primaryimage\"},\"image\":{\"@id\":\"https:\/\/b2b.mvgd.pl\/index.php\/produkt\/san-polo-brunello-docg-vignavecchia\/#primaryimage\"},\"thumbnailUrl\":\"https:\/\/b2b.mvgd.pl\/wp-content\/uploads\/2026\/02\/San-Polo-Brunello-DOCG-Vignavecchia.png\",\"datePublished\":\"2026-02-16T19:00:17+00:00\",\"dateModified\":\"2026-02-16T19:01:57+00:00\",\"breadcrumb\":{\"@id\":\"https:\/\/b2b.mvgd.pl\/index.php\/produkt\/san-polo-brunello-docg-vignavecchia\/#breadcrumb\"},\"inLanguage\":\"pl-PL\",\"potentialAction\":[{\"@type\":\"ReadAction\",\"target\":[\"https:\/\/b2b.mvgd.pl\/index.php\/produkt\/san-polo-brunello-docg-vignavecchia\/\"]}]},{\"@type\":\"ImageObject\",\"inLanguage\":\"pl-PL\",\"@id\":\"https:\/\/b2b.mvgd.pl\/index.php\/produkt\/san-polo-brunello-docg-vignavecchia\/#primaryimage\",\"url\":\"https:\/\/b2b.mvgd.pl\/wp-content\/uploads\/2026\/02\/San-Polo-Brunello-DOCG-Vignavecchia.png\",\"contentUrl\":\"https:\/\/b2b.mvgd.pl\/wp-content\/uploads\/2026\/02\/San-Polo-Brunello-DOCG-Vignavecchia.png\",\"width\":900,\"height\":1200},{\"@type\":\"BreadcrumbList\",\"@id\":\"https:\/\/b2b.mvgd.pl\/index.php\/produkt\/san-polo-brunello-docg-vignavecchia\/#breadcrumb\",\"itemListElement\":[{\"@type\":\"ListItem\",\"position\":1,\"name\":\"Strona g\u0142\u00f3wna\",\"item\":\"https:\/\/b2b.mvgd.pl\/\"},{\"@type\":\"ListItem\",\"position\":2,\"name\":\"Shop\",\"item\":\"https:\/\/b2b.mvgd.pl\/index.php\/shop\/\"},{\"@type\":\"ListItem\",\"position\":3,\"name\":\"San Polo Brunello DOCG Vignavecchia\"}]},{\"@type\":\"WebSite\",\"@id\":\"https:\/\/b2b.mvgd.pl\/#website\",\"url\":\"https:\/\/b2b.mvgd.pl\/\",\"name\":\"B2B MVGD PL\",\"description\":\"\",\"potentialAction\":[{\"@type\":\"SearchAction\",\"target\":{\"@type\":\"EntryPoint\",\"urlTemplate\":\"https:\/\/b2b.mvgd.pl\/?s={search_term_string}\"},\"query-input\":{\"@type\":\"PropertyValueSpecification\",\"valueRequired\":true,\"valueName\":\"search_term_string\"}}],\"inLanguage\":\"pl-PL\"}]}<\/script>\n<!-- \/ Yoast SEO plugin. -->","yoast_head_json":{"title":"San Polo Brunello DOCG Vignavecchia - B2B MVGD PL","robots":{"index":"index","follow":"follow","max-snippet":"max-snippet:-1","max-image-preview":"max-image-preview:large","max-video-preview":"max-video-preview:-1"},"canonical":"https:\/\/b2b.mvgd.pl\/index.php\/produkt\/san-polo-brunello-docg-vignavecchia\/","og_locale":"pl_PL","og_type":"article","og_title":"San Polo Brunello DOCG Vignavecchia - B2B MVGD PL","og_description":"Ikoniczne Brunello di Montalcino od San Polo z parceli Vignavecchia \u2013 pot\u0119\u017cne, eleganckie i d\u0142ugowieczne. Wino dla koneser\u00f3w, idealne do da\u0144 wykwintnych i degustacji kolekcjonerskich.","og_url":"https:\/\/b2b.mvgd.pl\/index.php\/produkt\/san-polo-brunello-docg-vignavecchia\/","og_site_name":"B2B MVGD PL","article_modified_time":"2026-02-16T19:01:57+00:00","twitter_card":"summary_large_image","twitter_misc":{"Szacowany czas czytania":"1 minuta"},"schema":{"@context":"https:\/\/schema.org","@graph":[{"@type":"WebPage","@id":"https:\/\/b2b.mvgd.pl\/index.php\/produkt\/san-polo-brunello-docg-vignavecchia\/","url":"https:\/\/b2b.mvgd.pl\/index.php\/produkt\/san-polo-brunello-docg-vignavecchia\/","name":"San Polo Brunello DOCG Vignavecchia - B2B MVGD PL","isPartOf":{"@id":"https:\/\/b2b.mvgd.pl\/#website"},"primaryImageOfPage":{"@id":"https:\/\/b2b.mvgd.pl\/index.php\/produkt\/san-polo-brunello-docg-vignavecchia\/#primaryimage"},"image":{"@id":"https:\/\/b2b.mvgd.pl\/index.php\/produkt\/san-polo-brunello-docg-vignavecchia\/#primaryimage"},"thumbnailUrl":"https:\/\/b2b.mvgd.pl\/wp-content\/uploads\/2026\/02\/San-Polo-Brunello-DOCG-Vignavecchia.png","datePublished":"2026-02-16T19:00:17+00:00","dateModified":"2026-02-16T19:01:57+00:00","breadcrumb":{"@id":"https:\/\/b2b.mvgd.pl\/index.php\/produkt\/san-polo-brunello-docg-vignavecchia\/#breadcrumb"},"inLanguage":"pl-PL","potentialAction":[{"@type":"ReadAction","target":["https:\/\/b2b.mvgd.pl\/index.php\/produkt\/san-polo-brunello-docg-vignavecchia\/"]}]},{"@type":"ImageObject","inLanguage":"pl-PL","@id":"https:\/\/b2b.mvgd.pl\/index.php\/produkt\/san-polo-brunello-docg-vignavecchia\/#primaryimage","url":"https:\/\/b2b.mvgd.pl\/wp-content\/uploads\/2026\/02\/San-Polo-Brunello-DOCG-Vignavecchia.png","contentUrl":"https:\/\/b2b.mvgd.pl\/wp-content\/uploads\/2026\/02\/San-Polo-Brunello-DOCG-Vignavecchia.png","width":900,"height":1200},{"@type":"BreadcrumbList","@id":"https:\/\/b2b.mvgd.pl\/index.php\/produkt\/san-polo-brunello-docg-vignavecchia\/#breadcrumb","itemListElement":[{"@type":"ListItem","position":1,"name":"Strona g\u0142\u00f3wna","item":"https:\/\/b2b.mvgd.pl\/"},{"@type":"ListItem","position":2,"name":"Shop","item":"https:\/\/b2b.mvgd.pl\/index.php\/shop\/"},{"@type":"ListItem","position":3,"name":"San Polo Brunello DOCG Vignavecchia"}]},{"@type":"WebSite","@id":"https:\/\/b2b.mvgd.pl\/#website","url":"https:\/\/b2b.mvgd.pl\/","name":"B2B MVGD PL","description":"","potentialAction":[{"@type":"SearchAction","target":{"@type":"EntryPoint","urlTemplate":"https:\/\/b2b.mvgd.pl\/?s={search_term_string}"},"query-input":{"@type":"PropertyValueSpecification","valueRequired":true,"valueName":"search_term_string"}}],"inLanguage":"pl-PL"}]}},"jetpack_sharing_enabled":true,"_links":{"self":[{"href":"https:\/\/b2b.mvgd.pl\/index.php\/wp-json\/wp\/v2\/product\/991","targetHints":{"allow":["GET"]}}],"collection":[{"href":"https:\/\/b2b.mvgd.pl\/index.php\/wp-json\/wp\/v2\/product"}],"about":[{"href":"https:\/\/b2b.mvgd.pl\/index.php\/wp-json\/wp\/v2\/types\/product"}],"replies":[{"embeddable":true,"href":"https:\/\/b2b.mvgd.pl\/index.php\/wp-json\/wp\/v2\/comments?post=991"}],"version-history":[{"count":0,"href":"https:\/\/b2b.mvgd.pl\/index.php\/wp-json\/wp\/v2\/product\/991\/revisions"}],"wp:featuredmedia":[{"embeddable":true,"href":"https:\/\/b2b.mvgd.pl\/index.php\/wp-json\/wp\/v2\/media\/1049"}],"wp:attachment":[{"href":"https:\/\/b2b.mvgd.pl\/index.php\/wp-json\/wp\/v2\/media?parent=991"}],"wp:term":[{"taxonomy":"product_brand","embeddable":true,"href":"https:\/\/b2b.mvgd.pl\/index.php\/wp-json\/wp\/v2\/product_brand?post=991"},{"taxonomy":"product_cat","embeddable":true,"href":"https:\/\/b2b.mvgd.pl\/index.php\/wp-json\/wp\/v2\/product_cat?post=991"},{"taxonomy":"product_tag","embeddable":true,"href":"https:\/\/b2b.mvgd.pl\/index.php\/wp-json\/wp\/v2\/product_tag?post=991"}],"curies":[{"name":"wp","href":"https:\/\/api.w.org\/{rel}","templated":true}]}}