{"id":990,"date":"2026-02-16T19:00:17","date_gmt":"2026-02-16T19:00:17","guid":{"rendered":"https:\/\/b2b.mvgd.pl\/?post_type=product&#038;p=990"},"modified":"2026-02-16T19:01:51","modified_gmt":"2026-02-16T19:01:51","slug":"san-polo-brunello-di-montalcino-docg","status":"publish","type":"product","link":"https:\/\/b2b.mvgd.pl\/index.php\/produkt\/san-polo-brunello-di-montalcino-docg\/","title":{"rendered":"San Polo Brunello di Montalcino DOCG"},"content":{"rendered":"<article class=\"text-token-text-primary w-full focus:outline-none scroll-mt-[calc(var(--header-height)+min(200px,max(70px,20svh)))]\" dir=\"auto\" data-testid=\"conversation-turn-302\" data-scroll-anchor=\"true\" data-turn=\"assistant\">\n<div class=\"text-base my-auto mx-auto pb-10 [--thread-content-margin:--spacing(4)] @[37rem]:[--thread-content-margin:--spacing(6)] @[72rem]:[--thread-content-margin:--spacing(16)] px-(--thread-content-margin)\">\n<div class=\"[--thread-content-max-width:32rem] @[34rem]:[--thread-content-max-width:40rem] @[64rem]:[--thread-content-max-width:48rem] mx-auto max-w-(--thread-content-max-width) flex-1 group\/turn-messages focus-visible:outline-hidden relative flex w-full min-w-0 flex-col agent-turn\">\n<div class=\"flex max-w-full flex-col grow\">\n<div class=\"min-h-8 text-message relative flex w-full flex-col items-end gap-2 text-start break-words whitespace-normal [.text-message+&amp;]:mt-5\" dir=\"auto\" data-message-author-role=\"assistant\" data-message-id=\"020de48d-4bf9-4c57-864d-2d0b023c83c4\" data-message-model-slug=\"gpt-4o\">\n<div class=\"flex w-full flex-col gap-1 empty:hidden first:pt-[3px]\">\n<div class=\"markdown prose dark:prose-invert w-full break-words dark\">\n<p data-start=\"620\" data-end=\"761\"><strong data-start=\"620\" data-end=\"631\">Wygl\u0105d:<\/strong> G\u0142\u0119boki rubinowo-granatowy kolor z refleksami ceglastymi pojawiaj\u0105cymi si\u0119 wraz z dojrzewaniem. Klarowne, g\u0119ste i pe\u0142ne blasku.<\/p>\n<p data-start=\"763\" data-end=\"930\"><strong data-start=\"763\" data-end=\"774\">Aromat:<\/strong> Z\u0142o\u017cone nuty czerwonych i czarnych owoc\u00f3w (wi\u015bnia marasca, je\u017cyna, \u015bliwka), z akcentami fio\u0142k\u00f3w, sk\u00f3ry, tytoniu, przypraw korzennych i delikatnego cedru.<\/p>\n<p data-start=\"932\" data-end=\"1147\"><strong data-start=\"932\" data-end=\"941\">Smak:<\/strong> Pe\u0142ne, harmonijne i d\u0142ugowieczne. Silne, ale aksamitne taniny, doskonale zintegrowane z kwasowo\u015bci\u0105. W ustach wielowarstwowe \u2013 od owoc\u00f3w po nuty balsamiczne, ziemiste i korzenne. D\u0142ugi, elegancki finisz.<\/p>\n<p data-start=\"1149\" data-end=\"1183\"><strong data-start=\"1149\" data-end=\"1175\">Temperatura podawania:<\/strong> 18 \u00b0C<\/p>\n<p data-start=\"1185\" data-end=\"1350\"><strong data-start=\"1185\" data-end=\"1200\">Serwowanie:<\/strong> Doskona\u0142e do pieczonych i duszonych mi\u0119s, dziczyzny, wo\u0142owiny w sosach, risotto z truflami oraz do d\u0142ugo dojrzewaj\u0105cych ser\u00f3w (parmezan, pecorino).<\/p>\n<\/div>\n<\/div>\n<\/div>\n<\/div>\n<\/div>\n<\/div>\n<\/article>\n","protected":false},"excerpt":{"rendered":"<p data-start=\"318\" data-end=\"409\">Wielkie wino z Montalcino \u2013 Brunello di Montalcino DOCG od San Polo. Z\u0142o\u017cone i eleganckie Sangiovese Grosso, idealne do da\u0144 mi\u0119snych i d\u0142ugo dojrzewaj\u0105cych ser\u00f3w.<\/p>\n","protected":false},"featured_media":1041,"comment_status":"closed","ping_status":"closed","template":"","meta":[],"product_brand":[],"product_cat":[496,18,19],"product_tag":[737,1193,320,321],"class_list":{"0":"post-990","1":"product","2":"type-product","3":"status-publish","4":"has-post-thumbnail","6":"product_cat-toskania","7":"product_cat-wina","8":"product_cat-wlochy-wina","9":"product_tag-czerwone","10":"product_tag-san-polo","11":"product_tag-wino","12":"product_tag-wytrawne","14":"first","15":"instock","16":"shipping-taxable","17":"purchasable","18":"product-type-simple"},"yoast_head":"<!-- This site is optimized with the Yoast SEO plugin v26.9 - https:\/\/yoast.com\/product\/yoast-seo-wordpress\/ -->\n<title>San Polo Brunello di Montalcino DOCG - B2B MVGD PL<\/title>\n<meta name=\"robots\" content=\"index, follow, max-snippet:-1, max-image-preview:large, max-video-preview:-1\" \/>\n<link rel=\"canonical\" href=\"https:\/\/b2b.mvgd.pl\/index.php\/produkt\/san-polo-brunello-di-montalcino-docg\/\" \/>\n<meta property=\"og:locale\" content=\"pl_PL\" \/>\n<meta property=\"og:type\" content=\"article\" \/>\n<meta property=\"og:title\" content=\"San Polo Brunello di Montalcino DOCG - B2B MVGD PL\" \/>\n<meta property=\"og:description\" content=\"Wielkie wino z Montalcino \u2013 Brunello di Montalcino DOCG od San Polo. Z\u0142o\u017cone i eleganckie Sangiovese Grosso, idealne do da\u0144 mi\u0119snych i d\u0142ugo dojrzewaj\u0105cych ser\u00f3w.\" \/>\n<meta property=\"og:url\" content=\"https:\/\/b2b.mvgd.pl\/index.php\/produkt\/san-polo-brunello-di-montalcino-docg\/\" \/>\n<meta property=\"og:site_name\" content=\"B2B MVGD PL\" \/>\n<meta property=\"article:modified_time\" content=\"2026-02-16T19:01:51+00:00\" \/>\n<meta name=\"twitter:card\" content=\"summary_large_image\" \/>\n<meta name=\"twitter:label1\" content=\"Szacowany czas czytania\" \/>\n\t<meta name=\"twitter:data1\" content=\"1 minuta\" \/>\n<script type=\"application\/ld+json\" class=\"yoast-schema-graph\">{\"@context\":\"https:\/\/schema.org\",\"@graph\":[{\"@type\":\"WebPage\",\"@id\":\"https:\/\/b2b.mvgd.pl\/index.php\/produkt\/san-polo-brunello-di-montalcino-docg\/\",\"url\":\"https:\/\/b2b.mvgd.pl\/index.php\/produkt\/san-polo-brunello-di-montalcino-docg\/\",\"name\":\"San Polo Brunello di Montalcino DOCG - B2B MVGD PL\",\"isPartOf\":{\"@id\":\"https:\/\/b2b.mvgd.pl\/#website\"},\"primaryImageOfPage\":{\"@id\":\"https:\/\/b2b.mvgd.pl\/index.php\/produkt\/san-polo-brunello-di-montalcino-docg\/#primaryimage\"},\"image\":{\"@id\":\"https:\/\/b2b.mvgd.pl\/index.php\/produkt\/san-polo-brunello-di-montalcino-docg\/#primaryimage\"},\"thumbnailUrl\":\"https:\/\/b2b.mvgd.pl\/wp-content\/uploads\/2026\/02\/San-Polo-Brunello-di-Montalcino-DOCG.png\",\"datePublished\":\"2026-02-16T19:00:17+00:00\",\"dateModified\":\"2026-02-16T19:01:51+00:00\",\"breadcrumb\":{\"@id\":\"https:\/\/b2b.mvgd.pl\/index.php\/produkt\/san-polo-brunello-di-montalcino-docg\/#breadcrumb\"},\"inLanguage\":\"pl-PL\",\"potentialAction\":[{\"@type\":\"ReadAction\",\"target\":[\"https:\/\/b2b.mvgd.pl\/index.php\/produkt\/san-polo-brunello-di-montalcino-docg\/\"]}]},{\"@type\":\"ImageObject\",\"inLanguage\":\"pl-PL\",\"@id\":\"https:\/\/b2b.mvgd.pl\/index.php\/produkt\/san-polo-brunello-di-montalcino-docg\/#primaryimage\",\"url\":\"https:\/\/b2b.mvgd.pl\/wp-content\/uploads\/2026\/02\/San-Polo-Brunello-di-Montalcino-DOCG.png\",\"contentUrl\":\"https:\/\/b2b.mvgd.pl\/wp-content\/uploads\/2026\/02\/San-Polo-Brunello-di-Montalcino-DOCG.png\",\"width\":900,\"height\":1200},{\"@type\":\"BreadcrumbList\",\"@id\":\"https:\/\/b2b.mvgd.pl\/index.php\/produkt\/san-polo-brunello-di-montalcino-docg\/#breadcrumb\",\"itemListElement\":[{\"@type\":\"ListItem\",\"position\":1,\"name\":\"Strona g\u0142\u00f3wna\",\"item\":\"https:\/\/b2b.mvgd.pl\/\"},{\"@type\":\"ListItem\",\"position\":2,\"name\":\"Shop\",\"item\":\"https:\/\/b2b.mvgd.pl\/index.php\/shop\/\"},{\"@type\":\"ListItem\",\"position\":3,\"name\":\"San Polo Brunello di Montalcino DOCG\"}]},{\"@type\":\"WebSite\",\"@id\":\"https:\/\/b2b.mvgd.pl\/#website\",\"url\":\"https:\/\/b2b.mvgd.pl\/\",\"name\":\"B2B MVGD PL\",\"description\":\"\",\"potentialAction\":[{\"@type\":\"SearchAction\",\"target\":{\"@type\":\"EntryPoint\",\"urlTemplate\":\"https:\/\/b2b.mvgd.pl\/?s={search_term_string}\"},\"query-input\":{\"@type\":\"PropertyValueSpecification\",\"valueRequired\":true,\"valueName\":\"search_term_string\"}}],\"inLanguage\":\"pl-PL\"}]}<\/script>\n<!-- \/ Yoast SEO plugin. -->","yoast_head_json":{"title":"San Polo Brunello di Montalcino DOCG - B2B MVGD PL","robots":{"index":"index","follow":"follow","max-snippet":"max-snippet:-1","max-image-preview":"max-image-preview:large","max-video-preview":"max-video-preview:-1"},"canonical":"https:\/\/b2b.mvgd.pl\/index.php\/produkt\/san-polo-brunello-di-montalcino-docg\/","og_locale":"pl_PL","og_type":"article","og_title":"San Polo Brunello di Montalcino DOCG - B2B MVGD PL","og_description":"Wielkie wino z Montalcino \u2013 Brunello di Montalcino DOCG od San Polo. Z\u0142o\u017cone i eleganckie Sangiovese Grosso, idealne do da\u0144 mi\u0119snych i d\u0142ugo dojrzewaj\u0105cych ser\u00f3w.","og_url":"https:\/\/b2b.mvgd.pl\/index.php\/produkt\/san-polo-brunello-di-montalcino-docg\/","og_site_name":"B2B MVGD PL","article_modified_time":"2026-02-16T19:01:51+00:00","twitter_card":"summary_large_image","twitter_misc":{"Szacowany czas czytania":"1 minuta"},"schema":{"@context":"https:\/\/schema.org","@graph":[{"@type":"WebPage","@id":"https:\/\/b2b.mvgd.pl\/index.php\/produkt\/san-polo-brunello-di-montalcino-docg\/","url":"https:\/\/b2b.mvgd.pl\/index.php\/produkt\/san-polo-brunello-di-montalcino-docg\/","name":"San Polo Brunello di Montalcino DOCG - B2B MVGD PL","isPartOf":{"@id":"https:\/\/b2b.mvgd.pl\/#website"},"primaryImageOfPage":{"@id":"https:\/\/b2b.mvgd.pl\/index.php\/produkt\/san-polo-brunello-di-montalcino-docg\/#primaryimage"},"image":{"@id":"https:\/\/b2b.mvgd.pl\/index.php\/produkt\/san-polo-brunello-di-montalcino-docg\/#primaryimage"},"thumbnailUrl":"https:\/\/b2b.mvgd.pl\/wp-content\/uploads\/2026\/02\/San-Polo-Brunello-di-Montalcino-DOCG.png","datePublished":"2026-02-16T19:00:17+00:00","dateModified":"2026-02-16T19:01:51+00:00","breadcrumb":{"@id":"https:\/\/b2b.mvgd.pl\/index.php\/produkt\/san-polo-brunello-di-montalcino-docg\/#breadcrumb"},"inLanguage":"pl-PL","potentialAction":[{"@type":"ReadAction","target":["https:\/\/b2b.mvgd.pl\/index.php\/produkt\/san-polo-brunello-di-montalcino-docg\/"]}]},{"@type":"ImageObject","inLanguage":"pl-PL","@id":"https:\/\/b2b.mvgd.pl\/index.php\/produkt\/san-polo-brunello-di-montalcino-docg\/#primaryimage","url":"https:\/\/b2b.mvgd.pl\/wp-content\/uploads\/2026\/02\/San-Polo-Brunello-di-Montalcino-DOCG.png","contentUrl":"https:\/\/b2b.mvgd.pl\/wp-content\/uploads\/2026\/02\/San-Polo-Brunello-di-Montalcino-DOCG.png","width":900,"height":1200},{"@type":"BreadcrumbList","@id":"https:\/\/b2b.mvgd.pl\/index.php\/produkt\/san-polo-brunello-di-montalcino-docg\/#breadcrumb","itemListElement":[{"@type":"ListItem","position":1,"name":"Strona g\u0142\u00f3wna","item":"https:\/\/b2b.mvgd.pl\/"},{"@type":"ListItem","position":2,"name":"Shop","item":"https:\/\/b2b.mvgd.pl\/index.php\/shop\/"},{"@type":"ListItem","position":3,"name":"San Polo Brunello di Montalcino DOCG"}]},{"@type":"WebSite","@id":"https:\/\/b2b.mvgd.pl\/#website","url":"https:\/\/b2b.mvgd.pl\/","name":"B2B MVGD PL","description":"","potentialAction":[{"@type":"SearchAction","target":{"@type":"EntryPoint","urlTemplate":"https:\/\/b2b.mvgd.pl\/?s={search_term_string}"},"query-input":{"@type":"PropertyValueSpecification","valueRequired":true,"valueName":"search_term_string"}}],"inLanguage":"pl-PL"}]}},"jetpack_sharing_enabled":true,"_links":{"self":[{"href":"https:\/\/b2b.mvgd.pl\/index.php\/wp-json\/wp\/v2\/product\/990","targetHints":{"allow":["GET"]}}],"collection":[{"href":"https:\/\/b2b.mvgd.pl\/index.php\/wp-json\/wp\/v2\/product"}],"about":[{"href":"https:\/\/b2b.mvgd.pl\/index.php\/wp-json\/wp\/v2\/types\/product"}],"replies":[{"embeddable":true,"href":"https:\/\/b2b.mvgd.pl\/index.php\/wp-json\/wp\/v2\/comments?post=990"}],"version-history":[{"count":0,"href":"https:\/\/b2b.mvgd.pl\/index.php\/wp-json\/wp\/v2\/product\/990\/revisions"}],"wp:featuredmedia":[{"embeddable":true,"href":"https:\/\/b2b.mvgd.pl\/index.php\/wp-json\/wp\/v2\/media\/1041"}],"wp:attachment":[{"href":"https:\/\/b2b.mvgd.pl\/index.php\/wp-json\/wp\/v2\/media?parent=990"}],"wp:term":[{"taxonomy":"product_brand","embeddable":true,"href":"https:\/\/b2b.mvgd.pl\/index.php\/wp-json\/wp\/v2\/product_brand?post=990"},{"taxonomy":"product_cat","embeddable":true,"href":"https:\/\/b2b.mvgd.pl\/index.php\/wp-json\/wp\/v2\/product_cat?post=990"},{"taxonomy":"product_tag","embeddable":true,"href":"https:\/\/b2b.mvgd.pl\/index.php\/wp-json\/wp\/v2\/product_tag?post=990"}],"curies":[{"name":"wp","href":"https:\/\/api.w.org\/{rel}","templated":true}]}}