{"id":988,"date":"2026-02-16T19:00:16","date_gmt":"2026-02-16T19:00:16","guid":{"rendered":"https:\/\/b2b.mvgd.pl\/?post_type=product&#038;p=988"},"modified":"2026-02-16T19:01:45","modified_gmt":"2026-02-16T19:01:45","slug":"san-polo-rosso-di-montalcino-doc","status":"publish","type":"product","link":"https:\/\/b2b.mvgd.pl\/index.php\/produkt\/san-polo-rosso-di-montalcino-doc\/","title":{"rendered":"San Polo Rosso di Montalcino DOC"},"content":{"rendered":"<article class=\"text-token-text-primary w-full focus:outline-none scroll-mt-[calc(var(--header-height)+min(200px,max(70px,20svh)))]\" dir=\"auto\" data-testid=\"conversation-turn-302\" data-scroll-anchor=\"true\" data-turn=\"assistant\">\n<div class=\"text-base my-auto mx-auto pb-10 [--thread-content-margin:--spacing(4)] @[37rem]:[--thread-content-margin:--spacing(6)] @[72rem]:[--thread-content-margin:--spacing(16)] px-(--thread-content-margin)\">\n<div class=\"[--thread-content-max-width:32rem] @[34rem]:[--thread-content-max-width:40rem] @[64rem]:[--thread-content-max-width:48rem] mx-auto max-w-(--thread-content-max-width) flex-1 group\/turn-messages focus-visible:outline-hidden relative flex w-full min-w-0 flex-col agent-turn\">\n<div class=\"flex max-w-full flex-col grow\">\n<div class=\"min-h-8 text-message relative flex w-full flex-col items-end gap-2 text-start break-words whitespace-normal [.text-message+&amp;]:mt-5\" dir=\"auto\" data-message-author-role=\"assistant\" data-message-id=\"020de48d-4bf9-4c57-864d-2d0b023c83c4\" data-message-model-slug=\"gpt-4o\">\n<div class=\"flex w-full flex-col gap-1 empty:hidden first:pt-[3px]\">\n<div class=\"markdown prose dark:prose-invert w-full break-words dark\">\n<p data-start=\"600\" data-end=\"695\"><strong data-start=\"600\" data-end=\"611\">Wygl\u0105d:<\/strong> Rubinowa barwa o \u015bredniej intensywno\u015bci z jasnymi refleksami, klarowne i l\u015bni\u0105ce.<\/p>\n<p data-start=\"697\" data-end=\"838\"><strong data-start=\"697\" data-end=\"708\">Aromat:<\/strong> Wyraziste nuty czerwonych owoc\u00f3w \u2013 wi\u015bni, malin i porzeczek \u2013 z akcentami fio\u0142k\u00f3w, lekkimi nutami korzennymi i mineralnym t\u0142em.<\/p>\n<p data-start=\"840\" data-end=\"1026\"><strong data-start=\"840\" data-end=\"849\">Smak:<\/strong> \u015awie\u017ce i \u017cywe, \u015bredniope\u0142ne, z eleganckimi taninami i przyjemn\u0105 kwasowo\u015bci\u0105. Na podniebieniu dominuj\u0105 czerwone owoce i subtelne przyprawy. Finisz harmonijny, owocowy i d\u0142ugi.<\/p>\n<p data-start=\"1028\" data-end=\"1065\"><strong data-start=\"1028\" data-end=\"1054\">Temperatura podawania:<\/strong> 16\u201318 \u00b0C<\/p>\n<p data-start=\"1067\" data-end=\"1196\"><strong data-start=\"1067\" data-end=\"1082\">Serwowanie:<\/strong> Doskona\u0142e do makaron\u00f3w z sosem pomidorowym, pieczonych mi\u0119s, da\u0144 z dziczyzny oraz ser\u00f3w \u015brednio dojrzewaj\u0105cych.<\/p>\n<\/div>\n<\/div>\n<\/div>\n<\/div>\n<\/div>\n<\/div>\n<\/article>\n","protected":false},"excerpt":{"rendered":"<p data-start=\"318\" data-end=\"409\">Wytrawne Sangiovese z DOC Rosso di Montalcino \u2013 \u015bwie\u017ce, eleganckie i soczyste, z nutami wi\u015bni i fio\u0142k\u00f3w. Idealne do makaron\u00f3w, mi\u0119s i ser\u00f3w toska\u0144skich.<\/p>\n","protected":false},"featured_media":1039,"comment_status":"closed","ping_status":"closed","template":"","meta":[],"product_brand":[],"product_cat":[496,18,19],"product_tag":[737,1193,320,321],"class_list":{"0":"post-988","1":"product","2":"type-product","3":"status-publish","4":"has-post-thumbnail","6":"product_cat-toskania","7":"product_cat-wina","8":"product_cat-wlochy-wina","9":"product_tag-czerwone","10":"product_tag-san-polo","11":"product_tag-wino","12":"product_tag-wytrawne","14":"first","15":"instock","16":"shipping-taxable","17":"purchasable","18":"product-type-simple"},"yoast_head":"<!-- This site is optimized with the Yoast SEO plugin v26.9 - https:\/\/yoast.com\/product\/yoast-seo-wordpress\/ -->\n<title>San Polo Rosso di Montalcino DOC - B2B MVGD PL<\/title>\n<meta name=\"robots\" content=\"index, follow, max-snippet:-1, max-image-preview:large, max-video-preview:-1\" \/>\n<link rel=\"canonical\" href=\"https:\/\/b2b.mvgd.pl\/index.php\/produkt\/san-polo-rosso-di-montalcino-doc\/\" \/>\n<meta property=\"og:locale\" content=\"pl_PL\" \/>\n<meta property=\"og:type\" content=\"article\" \/>\n<meta property=\"og:title\" content=\"San Polo Rosso di Montalcino DOC - B2B MVGD PL\" \/>\n<meta property=\"og:description\" content=\"Wytrawne Sangiovese z DOC Rosso di Montalcino \u2013 \u015bwie\u017ce, eleganckie i soczyste, z nutami wi\u015bni i fio\u0142k\u00f3w. Idealne do makaron\u00f3w, mi\u0119s i ser\u00f3w toska\u0144skich.\" \/>\n<meta property=\"og:url\" content=\"https:\/\/b2b.mvgd.pl\/index.php\/produkt\/san-polo-rosso-di-montalcino-doc\/\" \/>\n<meta property=\"og:site_name\" content=\"B2B MVGD PL\" \/>\n<meta property=\"article:modified_time\" content=\"2026-02-16T19:01:45+00:00\" \/>\n<meta name=\"twitter:card\" content=\"summary_large_image\" \/>\n<script type=\"application\/ld+json\" class=\"yoast-schema-graph\">{\"@context\":\"https:\/\/schema.org\",\"@graph\":[{\"@type\":\"WebPage\",\"@id\":\"https:\/\/b2b.mvgd.pl\/index.php\/produkt\/san-polo-rosso-di-montalcino-doc\/\",\"url\":\"https:\/\/b2b.mvgd.pl\/index.php\/produkt\/san-polo-rosso-di-montalcino-doc\/\",\"name\":\"San Polo Rosso di Montalcino DOC - B2B MVGD PL\",\"isPartOf\":{\"@id\":\"https:\/\/b2b.mvgd.pl\/#website\"},\"primaryImageOfPage\":{\"@id\":\"https:\/\/b2b.mvgd.pl\/index.php\/produkt\/san-polo-rosso-di-montalcino-doc\/#primaryimage\"},\"image\":{\"@id\":\"https:\/\/b2b.mvgd.pl\/index.php\/produkt\/san-polo-rosso-di-montalcino-doc\/#primaryimage\"},\"thumbnailUrl\":\"https:\/\/b2b.mvgd.pl\/wp-content\/uploads\/2026\/02\/San-Polo-Rosso-di-Montalcino-DOC-075-l.png\",\"datePublished\":\"2026-02-16T19:00:16+00:00\",\"dateModified\":\"2026-02-16T19:01:45+00:00\",\"breadcrumb\":{\"@id\":\"https:\/\/b2b.mvgd.pl\/index.php\/produkt\/san-polo-rosso-di-montalcino-doc\/#breadcrumb\"},\"inLanguage\":\"pl-PL\",\"potentialAction\":[{\"@type\":\"ReadAction\",\"target\":[\"https:\/\/b2b.mvgd.pl\/index.php\/produkt\/san-polo-rosso-di-montalcino-doc\/\"]}]},{\"@type\":\"ImageObject\",\"inLanguage\":\"pl-PL\",\"@id\":\"https:\/\/b2b.mvgd.pl\/index.php\/produkt\/san-polo-rosso-di-montalcino-doc\/#primaryimage\",\"url\":\"https:\/\/b2b.mvgd.pl\/wp-content\/uploads\/2026\/02\/San-Polo-Rosso-di-Montalcino-DOC-075-l.png\",\"contentUrl\":\"https:\/\/b2b.mvgd.pl\/wp-content\/uploads\/2026\/02\/San-Polo-Rosso-di-Montalcino-DOC-075-l.png\",\"width\":900,\"height\":1200},{\"@type\":\"BreadcrumbList\",\"@id\":\"https:\/\/b2b.mvgd.pl\/index.php\/produkt\/san-polo-rosso-di-montalcino-doc\/#breadcrumb\",\"itemListElement\":[{\"@type\":\"ListItem\",\"position\":1,\"name\":\"Strona g\u0142\u00f3wna\",\"item\":\"https:\/\/b2b.mvgd.pl\/\"},{\"@type\":\"ListItem\",\"position\":2,\"name\":\"Shop\",\"item\":\"https:\/\/b2b.mvgd.pl\/index.php\/shop\/\"},{\"@type\":\"ListItem\",\"position\":3,\"name\":\"San Polo Rosso di Montalcino DOC\"}]},{\"@type\":\"WebSite\",\"@id\":\"https:\/\/b2b.mvgd.pl\/#website\",\"url\":\"https:\/\/b2b.mvgd.pl\/\",\"name\":\"B2B MVGD PL\",\"description\":\"\",\"potentialAction\":[{\"@type\":\"SearchAction\",\"target\":{\"@type\":\"EntryPoint\",\"urlTemplate\":\"https:\/\/b2b.mvgd.pl\/?s={search_term_string}\"},\"query-input\":{\"@type\":\"PropertyValueSpecification\",\"valueRequired\":true,\"valueName\":\"search_term_string\"}}],\"inLanguage\":\"pl-PL\"}]}<\/script>\n<!-- \/ Yoast SEO plugin. -->","yoast_head_json":{"title":"San Polo Rosso di Montalcino DOC - B2B MVGD PL","robots":{"index":"index","follow":"follow","max-snippet":"max-snippet:-1","max-image-preview":"max-image-preview:large","max-video-preview":"max-video-preview:-1"},"canonical":"https:\/\/b2b.mvgd.pl\/index.php\/produkt\/san-polo-rosso-di-montalcino-doc\/","og_locale":"pl_PL","og_type":"article","og_title":"San Polo Rosso di Montalcino DOC - B2B MVGD PL","og_description":"Wytrawne Sangiovese z DOC Rosso di Montalcino \u2013 \u015bwie\u017ce, eleganckie i soczyste, z nutami wi\u015bni i fio\u0142k\u00f3w. Idealne do makaron\u00f3w, mi\u0119s i ser\u00f3w toska\u0144skich.","og_url":"https:\/\/b2b.mvgd.pl\/index.php\/produkt\/san-polo-rosso-di-montalcino-doc\/","og_site_name":"B2B MVGD PL","article_modified_time":"2026-02-16T19:01:45+00:00","twitter_card":"summary_large_image","schema":{"@context":"https:\/\/schema.org","@graph":[{"@type":"WebPage","@id":"https:\/\/b2b.mvgd.pl\/index.php\/produkt\/san-polo-rosso-di-montalcino-doc\/","url":"https:\/\/b2b.mvgd.pl\/index.php\/produkt\/san-polo-rosso-di-montalcino-doc\/","name":"San Polo Rosso di Montalcino DOC - B2B MVGD PL","isPartOf":{"@id":"https:\/\/b2b.mvgd.pl\/#website"},"primaryImageOfPage":{"@id":"https:\/\/b2b.mvgd.pl\/index.php\/produkt\/san-polo-rosso-di-montalcino-doc\/#primaryimage"},"image":{"@id":"https:\/\/b2b.mvgd.pl\/index.php\/produkt\/san-polo-rosso-di-montalcino-doc\/#primaryimage"},"thumbnailUrl":"https:\/\/b2b.mvgd.pl\/wp-content\/uploads\/2026\/02\/San-Polo-Rosso-di-Montalcino-DOC-075-l.png","datePublished":"2026-02-16T19:00:16+00:00","dateModified":"2026-02-16T19:01:45+00:00","breadcrumb":{"@id":"https:\/\/b2b.mvgd.pl\/index.php\/produkt\/san-polo-rosso-di-montalcino-doc\/#breadcrumb"},"inLanguage":"pl-PL","potentialAction":[{"@type":"ReadAction","target":["https:\/\/b2b.mvgd.pl\/index.php\/produkt\/san-polo-rosso-di-montalcino-doc\/"]}]},{"@type":"ImageObject","inLanguage":"pl-PL","@id":"https:\/\/b2b.mvgd.pl\/index.php\/produkt\/san-polo-rosso-di-montalcino-doc\/#primaryimage","url":"https:\/\/b2b.mvgd.pl\/wp-content\/uploads\/2026\/02\/San-Polo-Rosso-di-Montalcino-DOC-075-l.png","contentUrl":"https:\/\/b2b.mvgd.pl\/wp-content\/uploads\/2026\/02\/San-Polo-Rosso-di-Montalcino-DOC-075-l.png","width":900,"height":1200},{"@type":"BreadcrumbList","@id":"https:\/\/b2b.mvgd.pl\/index.php\/produkt\/san-polo-rosso-di-montalcino-doc\/#breadcrumb","itemListElement":[{"@type":"ListItem","position":1,"name":"Strona g\u0142\u00f3wna","item":"https:\/\/b2b.mvgd.pl\/"},{"@type":"ListItem","position":2,"name":"Shop","item":"https:\/\/b2b.mvgd.pl\/index.php\/shop\/"},{"@type":"ListItem","position":3,"name":"San Polo Rosso di Montalcino DOC"}]},{"@type":"WebSite","@id":"https:\/\/b2b.mvgd.pl\/#website","url":"https:\/\/b2b.mvgd.pl\/","name":"B2B MVGD PL","description":"","potentialAction":[{"@type":"SearchAction","target":{"@type":"EntryPoint","urlTemplate":"https:\/\/b2b.mvgd.pl\/?s={search_term_string}"},"query-input":{"@type":"PropertyValueSpecification","valueRequired":true,"valueName":"search_term_string"}}],"inLanguage":"pl-PL"}]}},"jetpack_sharing_enabled":true,"_links":{"self":[{"href":"https:\/\/b2b.mvgd.pl\/index.php\/wp-json\/wp\/v2\/product\/988","targetHints":{"allow":["GET"]}}],"collection":[{"href":"https:\/\/b2b.mvgd.pl\/index.php\/wp-json\/wp\/v2\/product"}],"about":[{"href":"https:\/\/b2b.mvgd.pl\/index.php\/wp-json\/wp\/v2\/types\/product"}],"replies":[{"embeddable":true,"href":"https:\/\/b2b.mvgd.pl\/index.php\/wp-json\/wp\/v2\/comments?post=988"}],"version-history":[{"count":0,"href":"https:\/\/b2b.mvgd.pl\/index.php\/wp-json\/wp\/v2\/product\/988\/revisions"}],"wp:featuredmedia":[{"embeddable":true,"href":"https:\/\/b2b.mvgd.pl\/index.php\/wp-json\/wp\/v2\/media\/1039"}],"wp:attachment":[{"href":"https:\/\/b2b.mvgd.pl\/index.php\/wp-json\/wp\/v2\/media?parent=988"}],"wp:term":[{"taxonomy":"product_brand","embeddable":true,"href":"https:\/\/b2b.mvgd.pl\/index.php\/wp-json\/wp\/v2\/product_brand?post=988"},{"taxonomy":"product_cat","embeddable":true,"href":"https:\/\/b2b.mvgd.pl\/index.php\/wp-json\/wp\/v2\/product_cat?post=988"},{"taxonomy":"product_tag","embeddable":true,"href":"https:\/\/b2b.mvgd.pl\/index.php\/wp-json\/wp\/v2\/product_tag?post=988"}],"curies":[{"name":"wp","href":"https:\/\/api.w.org\/{rel}","templated":true}]}}