{"id":980,"date":"2026-02-16T18:59:54","date_gmt":"2026-02-16T18:59:54","guid":{"rendered":"https:\/\/b2b.mvgd.pl\/?post_type=product&#038;p=980"},"modified":"2026-02-16T19:01:39","modified_gmt":"2026-02-16T19:01:39","slug":"hilldale-cabernet-sauvignon-075l-14","status":"publish","type":"product","link":"https:\/\/b2b.mvgd.pl\/index.php\/produkt\/hilldale-cabernet-sauvignon-075l-14\/","title":{"rendered":"HILL&amp;DALE Cabernet Sauvignon 0,75L, 14%"},"content":{"rendered":"<article class=\"text-token-text-primary w-full focus:outline-none scroll-mt-[calc(var(--header-height)+min(200px,max(70px,20svh)))]\" dir=\"auto\" data-testid=\"conversation-turn-302\" data-scroll-anchor=\"true\" data-turn=\"assistant\">\n<div class=\"text-base my-auto mx-auto pb-10 [--thread-content-margin:--spacing(4)] @[37rem]:[--thread-content-margin:--spacing(6)] @[72rem]:[--thread-content-margin:--spacing(16)] px-(--thread-content-margin)\">\n<div class=\"[--thread-content-max-width:32rem] @[34rem]:[--thread-content-max-width:40rem] @[64rem]:[--thread-content-max-width:48rem] mx-auto max-w-(--thread-content-max-width) flex-1 group\/turn-messages focus-visible:outline-hidden relative flex w-full min-w-0 flex-col agent-turn\">\n<div class=\"flex max-w-full flex-col grow\">\n<div class=\"min-h-8 text-message relative flex w-full flex-col items-end gap-2 text-start break-words whitespace-normal [.text-message+&amp;]:mt-5\" dir=\"auto\" data-message-author-role=\"assistant\" data-message-id=\"020de48d-4bf9-4c57-864d-2d0b023c83c4\" data-message-model-slug=\"gpt-4o\">\n<div class=\"flex w-full flex-col gap-1 empty:hidden first:pt-[3px]\">\n<div class=\"markdown prose dark:prose-invert w-full break-words dark\">\n<p data-start=\"352\" data-end=\"438\">Wygl\u0105d: G\u0142\u0119boki, ciemnorubinowy kolor z granatowymi refleksami, wino klarowne i g\u0119ste.<\/p>\n<p data-start=\"440\" data-end=\"556\">Aromat: Intensywne aromaty czarnej porzeczki, jag\u00f3d i \u015bliwek, podkre\u015blone nutami grafitu, tytoniu, cedru i przypraw.<\/p>\n<p data-start=\"558\" data-end=\"757\">Smak: Dobrze zbudowane, o solidnej strukturze taninowej i zbalansowanej kwasowo\u015bci. Na podniebieniu dominuj\u0105 dojrza\u0142e czarne owoce, akcenty d\u0119bu i lekka pikantno\u015b\u0107. Finisz d\u0142ugi, z\u0142o\u017cony i elegancki.<\/p>\n<p data-start=\"759\" data-end=\"790\">Temperatura podawania: 16\u201318\u202f\u00b0C<\/p>\n<p data-start=\"792\" data-end=\"903\">Serwowanie: Idealne do stek\u00f3w, dziczyzny, pieczonej wo\u0142owiny, da\u0144 z grilla oraz twardych, dojrzewaj\u0105cych ser\u00f3w.<\/p>\n<\/div>\n<\/div>\n<\/div>\n<\/div>\n<\/div>\n<\/div>\n<\/article>\n","protected":false},"excerpt":{"rendered":"<p data-start=\"318\" data-end=\"409\">Strukturalny i z\u0142o\u017cony Cabernet Sauvignon z RPA \u2013 intensywnie owocowy z nut\u0105 przypraw i d\u0119bu. \u015awietny do czerwonego mi\u0119sa i dziczyzny.<\/p>\n","protected":false},"featured_media":1037,"comment_status":"closed","ping_status":"closed","template":"","meta":[],"product_brand":[],"product_cat":[318,1167,18],"product_tag":[737,1168,320,321],"class_list":{"0":"post-980","1":"product","2":"type-product","3":"status-publish","4":"has-post-thumbnail","6":"product_cat-rpa","7":"product_cat-stellenbosch","8":"product_cat-wina","9":"product_tag-czerwone","10":"product_tag-hilldale","11":"product_tag-wino","12":"product_tag-wytrawne","14":"first","15":"instock","16":"shipping-taxable","17":"purchasable","18":"product-type-simple"},"yoast_head":"<!-- This site is optimized with the Yoast SEO plugin v26.9 - https:\/\/yoast.com\/product\/yoast-seo-wordpress\/ -->\n<title>HILL&amp;DALE Cabernet Sauvignon 0,75L, 14% - B2B MVGD PL<\/title>\n<meta name=\"robots\" content=\"index, follow, max-snippet:-1, max-image-preview:large, max-video-preview:-1\" \/>\n<link rel=\"canonical\" href=\"https:\/\/b2b.mvgd.pl\/index.php\/produkt\/hilldale-cabernet-sauvignon-075l-14\/\" \/>\n<meta property=\"og:locale\" content=\"pl_PL\" \/>\n<meta property=\"og:type\" content=\"article\" \/>\n<meta property=\"og:title\" content=\"HILL&amp;DALE Cabernet Sauvignon 0,75L, 14% - B2B MVGD PL\" \/>\n<meta property=\"og:description\" content=\"Strukturalny i z\u0142o\u017cony Cabernet Sauvignon z RPA \u2013 intensywnie owocowy z nut\u0105 przypraw i d\u0119bu. \u015awietny do czerwonego mi\u0119sa i dziczyzny.\" \/>\n<meta property=\"og:url\" content=\"https:\/\/b2b.mvgd.pl\/index.php\/produkt\/hilldale-cabernet-sauvignon-075l-14\/\" \/>\n<meta property=\"og:site_name\" content=\"B2B MVGD PL\" \/>\n<meta property=\"article:modified_time\" content=\"2026-02-16T19:01:39+00:00\" \/>\n<meta name=\"twitter:card\" content=\"summary_large_image\" \/>\n<script type=\"application\/ld+json\" class=\"yoast-schema-graph\">{\"@context\":\"https:\/\/schema.org\",\"@graph\":[{\"@type\":\"WebPage\",\"@id\":\"https:\/\/b2b.mvgd.pl\/index.php\/produkt\/hilldale-cabernet-sauvignon-075l-14\/\",\"url\":\"https:\/\/b2b.mvgd.pl\/index.php\/produkt\/hilldale-cabernet-sauvignon-075l-14\/\",\"name\":\"HILL&amp;DALE Cabernet Sauvignon 0,75L, 14% - B2B MVGD PL\",\"isPartOf\":{\"@id\":\"https:\/\/b2b.mvgd.pl\/#website\"},\"primaryImageOfPage\":{\"@id\":\"https:\/\/b2b.mvgd.pl\/index.php\/produkt\/hilldale-cabernet-sauvignon-075l-14\/#primaryimage\"},\"image\":{\"@id\":\"https:\/\/b2b.mvgd.pl\/index.php\/produkt\/hilldale-cabernet-sauvignon-075l-14\/#primaryimage\"},\"thumbnailUrl\":\"https:\/\/b2b.mvgd.pl\/wp-content\/uploads\/2026\/02\/HILLDALE-Cabernet-Sauvignon-075.png.png\",\"datePublished\":\"2026-02-16T18:59:54+00:00\",\"dateModified\":\"2026-02-16T19:01:39+00:00\",\"breadcrumb\":{\"@id\":\"https:\/\/b2b.mvgd.pl\/index.php\/produkt\/hilldale-cabernet-sauvignon-075l-14\/#breadcrumb\"},\"inLanguage\":\"pl-PL\",\"potentialAction\":[{\"@type\":\"ReadAction\",\"target\":[\"https:\/\/b2b.mvgd.pl\/index.php\/produkt\/hilldale-cabernet-sauvignon-075l-14\/\"]}]},{\"@type\":\"ImageObject\",\"inLanguage\":\"pl-PL\",\"@id\":\"https:\/\/b2b.mvgd.pl\/index.php\/produkt\/hilldale-cabernet-sauvignon-075l-14\/#primaryimage\",\"url\":\"https:\/\/b2b.mvgd.pl\/wp-content\/uploads\/2026\/02\/HILLDALE-Cabernet-Sauvignon-075.png.png\",\"contentUrl\":\"https:\/\/b2b.mvgd.pl\/wp-content\/uploads\/2026\/02\/HILLDALE-Cabernet-Sauvignon-075.png.png\",\"width\":900,\"height\":1200},{\"@type\":\"BreadcrumbList\",\"@id\":\"https:\/\/b2b.mvgd.pl\/index.php\/produkt\/hilldale-cabernet-sauvignon-075l-14\/#breadcrumb\",\"itemListElement\":[{\"@type\":\"ListItem\",\"position\":1,\"name\":\"Strona g\u0142\u00f3wna\",\"item\":\"https:\/\/b2b.mvgd.pl\/\"},{\"@type\":\"ListItem\",\"position\":2,\"name\":\"Shop\",\"item\":\"https:\/\/b2b.mvgd.pl\/index.php\/shop\/\"},{\"@type\":\"ListItem\",\"position\":3,\"name\":\"HILL&amp;DALE Cabernet Sauvignon 0,75L, 14%\"}]},{\"@type\":\"WebSite\",\"@id\":\"https:\/\/b2b.mvgd.pl\/#website\",\"url\":\"https:\/\/b2b.mvgd.pl\/\",\"name\":\"B2B MVGD PL\",\"description\":\"\",\"potentialAction\":[{\"@type\":\"SearchAction\",\"target\":{\"@type\":\"EntryPoint\",\"urlTemplate\":\"https:\/\/b2b.mvgd.pl\/?s={search_term_string}\"},\"query-input\":{\"@type\":\"PropertyValueSpecification\",\"valueRequired\":true,\"valueName\":\"search_term_string\"}}],\"inLanguage\":\"pl-PL\"}]}<\/script>\n<!-- \/ Yoast SEO plugin. -->","yoast_head_json":{"title":"HILL&amp;DALE Cabernet Sauvignon 0,75L, 14% - B2B MVGD PL","robots":{"index":"index","follow":"follow","max-snippet":"max-snippet:-1","max-image-preview":"max-image-preview:large","max-video-preview":"max-video-preview:-1"},"canonical":"https:\/\/b2b.mvgd.pl\/index.php\/produkt\/hilldale-cabernet-sauvignon-075l-14\/","og_locale":"pl_PL","og_type":"article","og_title":"HILL&amp;DALE Cabernet Sauvignon 0,75L, 14% - B2B MVGD PL","og_description":"Strukturalny i z\u0142o\u017cony Cabernet Sauvignon z RPA \u2013 intensywnie owocowy z nut\u0105 przypraw i d\u0119bu. \u015awietny do czerwonego mi\u0119sa i dziczyzny.","og_url":"https:\/\/b2b.mvgd.pl\/index.php\/produkt\/hilldale-cabernet-sauvignon-075l-14\/","og_site_name":"B2B MVGD PL","article_modified_time":"2026-02-16T19:01:39+00:00","twitter_card":"summary_large_image","schema":{"@context":"https:\/\/schema.org","@graph":[{"@type":"WebPage","@id":"https:\/\/b2b.mvgd.pl\/index.php\/produkt\/hilldale-cabernet-sauvignon-075l-14\/","url":"https:\/\/b2b.mvgd.pl\/index.php\/produkt\/hilldale-cabernet-sauvignon-075l-14\/","name":"HILL&amp;DALE Cabernet Sauvignon 0,75L, 14% - B2B MVGD PL","isPartOf":{"@id":"https:\/\/b2b.mvgd.pl\/#website"},"primaryImageOfPage":{"@id":"https:\/\/b2b.mvgd.pl\/index.php\/produkt\/hilldale-cabernet-sauvignon-075l-14\/#primaryimage"},"image":{"@id":"https:\/\/b2b.mvgd.pl\/index.php\/produkt\/hilldale-cabernet-sauvignon-075l-14\/#primaryimage"},"thumbnailUrl":"https:\/\/b2b.mvgd.pl\/wp-content\/uploads\/2026\/02\/HILLDALE-Cabernet-Sauvignon-075.png.png","datePublished":"2026-02-16T18:59:54+00:00","dateModified":"2026-02-16T19:01:39+00:00","breadcrumb":{"@id":"https:\/\/b2b.mvgd.pl\/index.php\/produkt\/hilldale-cabernet-sauvignon-075l-14\/#breadcrumb"},"inLanguage":"pl-PL","potentialAction":[{"@type":"ReadAction","target":["https:\/\/b2b.mvgd.pl\/index.php\/produkt\/hilldale-cabernet-sauvignon-075l-14\/"]}]},{"@type":"ImageObject","inLanguage":"pl-PL","@id":"https:\/\/b2b.mvgd.pl\/index.php\/produkt\/hilldale-cabernet-sauvignon-075l-14\/#primaryimage","url":"https:\/\/b2b.mvgd.pl\/wp-content\/uploads\/2026\/02\/HILLDALE-Cabernet-Sauvignon-075.png.png","contentUrl":"https:\/\/b2b.mvgd.pl\/wp-content\/uploads\/2026\/02\/HILLDALE-Cabernet-Sauvignon-075.png.png","width":900,"height":1200},{"@type":"BreadcrumbList","@id":"https:\/\/b2b.mvgd.pl\/index.php\/produkt\/hilldale-cabernet-sauvignon-075l-14\/#breadcrumb","itemListElement":[{"@type":"ListItem","position":1,"name":"Strona g\u0142\u00f3wna","item":"https:\/\/b2b.mvgd.pl\/"},{"@type":"ListItem","position":2,"name":"Shop","item":"https:\/\/b2b.mvgd.pl\/index.php\/shop\/"},{"@type":"ListItem","position":3,"name":"HILL&amp;DALE Cabernet Sauvignon 0,75L, 14%"}]},{"@type":"WebSite","@id":"https:\/\/b2b.mvgd.pl\/#website","url":"https:\/\/b2b.mvgd.pl\/","name":"B2B MVGD PL","description":"","potentialAction":[{"@type":"SearchAction","target":{"@type":"EntryPoint","urlTemplate":"https:\/\/b2b.mvgd.pl\/?s={search_term_string}"},"query-input":{"@type":"PropertyValueSpecification","valueRequired":true,"valueName":"search_term_string"}}],"inLanguage":"pl-PL"}]}},"jetpack_sharing_enabled":true,"_links":{"self":[{"href":"https:\/\/b2b.mvgd.pl\/index.php\/wp-json\/wp\/v2\/product\/980","targetHints":{"allow":["GET"]}}],"collection":[{"href":"https:\/\/b2b.mvgd.pl\/index.php\/wp-json\/wp\/v2\/product"}],"about":[{"href":"https:\/\/b2b.mvgd.pl\/index.php\/wp-json\/wp\/v2\/types\/product"}],"replies":[{"embeddable":true,"href":"https:\/\/b2b.mvgd.pl\/index.php\/wp-json\/wp\/v2\/comments?post=980"}],"version-history":[{"count":0,"href":"https:\/\/b2b.mvgd.pl\/index.php\/wp-json\/wp\/v2\/product\/980\/revisions"}],"wp:featuredmedia":[{"embeddable":true,"href":"https:\/\/b2b.mvgd.pl\/index.php\/wp-json\/wp\/v2\/media\/1037"}],"wp:attachment":[{"href":"https:\/\/b2b.mvgd.pl\/index.php\/wp-json\/wp\/v2\/media?parent=980"}],"wp:term":[{"taxonomy":"product_brand","embeddable":true,"href":"https:\/\/b2b.mvgd.pl\/index.php\/wp-json\/wp\/v2\/product_brand?post=980"},{"taxonomy":"product_cat","embeddable":true,"href":"https:\/\/b2b.mvgd.pl\/index.php\/wp-json\/wp\/v2\/product_cat?post=980"},{"taxonomy":"product_tag","embeddable":true,"href":"https:\/\/b2b.mvgd.pl\/index.php\/wp-json\/wp\/v2\/product_tag?post=980"}],"curies":[{"name":"wp","href":"https:\/\/api.w.org\/{rel}","templated":true}]}}