{"id":977,"date":"2026-02-16T18:59:53","date_gmt":"2026-02-16T18:59:53","guid":{"rendered":"https:\/\/b2b.mvgd.pl\/?post_type=product&#038;p=977"},"modified":"2026-02-16T19:01:28","modified_gmt":"2026-02-16T19:01:28","slug":"hilldale-rose-merlot-075l-12","status":"publish","type":"product","link":"https:\/\/b2b.mvgd.pl\/index.php\/produkt\/hilldale-rose-merlot-075l-12\/","title":{"rendered":"HILL&amp;DALE Rose Merlot 0,75L, 12%"},"content":{"rendered":"<article class=\"text-token-text-primary w-full focus:outline-none scroll-mt-[calc(var(--header-height)+min(200px,max(70px,20svh)))]\" dir=\"auto\" data-testid=\"conversation-turn-302\" data-scroll-anchor=\"true\" data-turn=\"assistant\">\n<div class=\"text-base my-auto mx-auto pb-10 [--thread-content-margin:--spacing(4)] @[37rem]:[--thread-content-margin:--spacing(6)] @[72rem]:[--thread-content-margin:--spacing(16)] px-(--thread-content-margin)\">\n<div class=\"[--thread-content-max-width:32rem] @[34rem]:[--thread-content-max-width:40rem] @[64rem]:[--thread-content-max-width:48rem] mx-auto max-w-(--thread-content-max-width) flex-1 group\/turn-messages focus-visible:outline-hidden relative flex w-full min-w-0 flex-col agent-turn\">\n<div class=\"flex max-w-full flex-col grow\">\n<div class=\"min-h-8 text-message relative flex w-full flex-col items-end gap-2 text-start break-words whitespace-normal [.text-message+&amp;]:mt-5\" dir=\"auto\" data-message-author-role=\"assistant\" data-message-id=\"020de48d-4bf9-4c57-864d-2d0b023c83c4\" data-message-model-slug=\"gpt-4o\">\n<div class=\"flex w-full flex-col gap-1 empty:hidden first:pt-[3px]\">\n<div class=\"markdown prose dark:prose-invert w-full break-words dark\">\n<p data-start=\"314\" data-end=\"370\">Wygl\u0105d: Jasnor\u00f3\u017cowa, l\u015bni\u0105ca barwa o malinowym odcieniu.<\/p>\n<p data-start=\"372\" data-end=\"485\">Aromat: Soczyste czerwone owoce \u2014 truskawka, malina, wi\u015bnia \u2014 z nut\u0105 \u015bwie\u017cych zi\u00f3\u0142 i delikatnym akcentem r\u00f3\u017canym.<\/p>\n<p data-start=\"487\" data-end=\"659\">Smak: Lekkie i rze\u015bkie, z dobrze zr\u00f3wnowa\u017con\u0105 kwasowo\u015bci\u0105. Na podniebieniu dominuj\u0105 czerwone owoce z lekk\u0105 cytrusow\u0105 \u015bwie\u017co\u015bci\u0105. Finisz czysty, delikatny i lekko mineralny.<\/p>\n<p data-start=\"661\" data-end=\"691\">Temperatura podawania: 8\u201310\u202f\u00b0C<\/p>\n<p data-start=\"693\" data-end=\"839\">Serwowanie: Doskona\u0142e jako aperitif, a tak\u017ce do sa\u0142atek z grillowanym kurczakiem, da\u0144 z \u0142ososiem, owoc\u00f3w morza, tarty warzywnej i ser\u00f3w typu feta.<\/p>\n<\/div>\n<\/div>\n<\/div>\n<\/div>\n<\/div>\n<\/div>\n<\/article>\n","protected":false},"excerpt":{"rendered":"<p data-start=\"318\" data-end=\"409\">Wytrawne r\u00f3\u017cowe z Merlota z Stellenbosch \u2013 \u015bwie\u017ce, owocowe i lekkie. Idealne do sa\u0142atek, ryb i da\u0144 letnich.<\/p>\n","protected":false},"featured_media":1027,"comment_status":"closed","ping_status":"closed","template":"","meta":[],"product_brand":[],"product_cat":[318,1167,18],"product_tag":[1168,959,320,321],"class_list":{"0":"post-977","1":"product","2":"type-product","3":"status-publish","4":"has-post-thumbnail","6":"product_cat-rpa","7":"product_cat-stellenbosch","8":"product_cat-wina","9":"product_tag-hilldale","10":"product_tag-rozowe","11":"product_tag-wino","12":"product_tag-wytrawne","14":"first","15":"instock","16":"shipping-taxable","17":"purchasable","18":"product-type-simple"},"yoast_head":"<!-- This site is optimized with the Yoast SEO plugin v26.9 - https:\/\/yoast.com\/product\/yoast-seo-wordpress\/ -->\n<title>HILL&amp;DALE Rose Merlot 0,75L, 12% - B2B MVGD PL<\/title>\n<meta name=\"robots\" content=\"index, follow, max-snippet:-1, max-image-preview:large, max-video-preview:-1\" \/>\n<link rel=\"canonical\" href=\"https:\/\/b2b.mvgd.pl\/index.php\/produkt\/hilldale-rose-merlot-075l-12\/\" \/>\n<meta property=\"og:locale\" content=\"pl_PL\" \/>\n<meta property=\"og:type\" content=\"article\" \/>\n<meta property=\"og:title\" content=\"HILL&amp;DALE Rose Merlot 0,75L, 12% - B2B MVGD PL\" \/>\n<meta property=\"og:description\" content=\"Wytrawne r\u00f3\u017cowe z Merlota z Stellenbosch \u2013 \u015bwie\u017ce, owocowe i lekkie. Idealne do sa\u0142atek, ryb i da\u0144 letnich.\" \/>\n<meta property=\"og:url\" content=\"https:\/\/b2b.mvgd.pl\/index.php\/produkt\/hilldale-rose-merlot-075l-12\/\" \/>\n<meta property=\"og:site_name\" content=\"B2B MVGD PL\" \/>\n<meta property=\"article:modified_time\" content=\"2026-02-16T19:01:28+00:00\" \/>\n<meta name=\"twitter:card\" content=\"summary_large_image\" \/>\n<script type=\"application\/ld+json\" class=\"yoast-schema-graph\">{\"@context\":\"https:\/\/schema.org\",\"@graph\":[{\"@type\":\"WebPage\",\"@id\":\"https:\/\/b2b.mvgd.pl\/index.php\/produkt\/hilldale-rose-merlot-075l-12\/\",\"url\":\"https:\/\/b2b.mvgd.pl\/index.php\/produkt\/hilldale-rose-merlot-075l-12\/\",\"name\":\"HILL&amp;DALE Rose Merlot 0,75L, 12% - B2B MVGD PL\",\"isPartOf\":{\"@id\":\"https:\/\/b2b.mvgd.pl\/#website\"},\"primaryImageOfPage\":{\"@id\":\"https:\/\/b2b.mvgd.pl\/index.php\/produkt\/hilldale-rose-merlot-075l-12\/#primaryimage\"},\"image\":{\"@id\":\"https:\/\/b2b.mvgd.pl\/index.php\/produkt\/hilldale-rose-merlot-075l-12\/#primaryimage\"},\"thumbnailUrl\":\"https:\/\/b2b.mvgd.pl\/wp-content\/uploads\/2026\/02\/HILLDALE-Rose-Merlot-075.png.png\",\"datePublished\":\"2026-02-16T18:59:53+00:00\",\"dateModified\":\"2026-02-16T19:01:28+00:00\",\"breadcrumb\":{\"@id\":\"https:\/\/b2b.mvgd.pl\/index.php\/produkt\/hilldale-rose-merlot-075l-12\/#breadcrumb\"},\"inLanguage\":\"pl-PL\",\"potentialAction\":[{\"@type\":\"ReadAction\",\"target\":[\"https:\/\/b2b.mvgd.pl\/index.php\/produkt\/hilldale-rose-merlot-075l-12\/\"]}]},{\"@type\":\"ImageObject\",\"inLanguage\":\"pl-PL\",\"@id\":\"https:\/\/b2b.mvgd.pl\/index.php\/produkt\/hilldale-rose-merlot-075l-12\/#primaryimage\",\"url\":\"https:\/\/b2b.mvgd.pl\/wp-content\/uploads\/2026\/02\/HILLDALE-Rose-Merlot-075.png.png\",\"contentUrl\":\"https:\/\/b2b.mvgd.pl\/wp-content\/uploads\/2026\/02\/HILLDALE-Rose-Merlot-075.png.png\",\"width\":900,\"height\":1200},{\"@type\":\"BreadcrumbList\",\"@id\":\"https:\/\/b2b.mvgd.pl\/index.php\/produkt\/hilldale-rose-merlot-075l-12\/#breadcrumb\",\"itemListElement\":[{\"@type\":\"ListItem\",\"position\":1,\"name\":\"Strona g\u0142\u00f3wna\",\"item\":\"https:\/\/b2b.mvgd.pl\/\"},{\"@type\":\"ListItem\",\"position\":2,\"name\":\"Shop\",\"item\":\"https:\/\/b2b.mvgd.pl\/index.php\/shop\/\"},{\"@type\":\"ListItem\",\"position\":3,\"name\":\"HILL&amp;DALE Rose Merlot 0,75L, 12%\"}]},{\"@type\":\"WebSite\",\"@id\":\"https:\/\/b2b.mvgd.pl\/#website\",\"url\":\"https:\/\/b2b.mvgd.pl\/\",\"name\":\"B2B MVGD PL\",\"description\":\"\",\"potentialAction\":[{\"@type\":\"SearchAction\",\"target\":{\"@type\":\"EntryPoint\",\"urlTemplate\":\"https:\/\/b2b.mvgd.pl\/?s={search_term_string}\"},\"query-input\":{\"@type\":\"PropertyValueSpecification\",\"valueRequired\":true,\"valueName\":\"search_term_string\"}}],\"inLanguage\":\"pl-PL\"}]}<\/script>\n<!-- \/ Yoast SEO plugin. -->","yoast_head_json":{"title":"HILL&amp;DALE Rose Merlot 0,75L, 12% - B2B MVGD PL","robots":{"index":"index","follow":"follow","max-snippet":"max-snippet:-1","max-image-preview":"max-image-preview:large","max-video-preview":"max-video-preview:-1"},"canonical":"https:\/\/b2b.mvgd.pl\/index.php\/produkt\/hilldale-rose-merlot-075l-12\/","og_locale":"pl_PL","og_type":"article","og_title":"HILL&amp;DALE Rose Merlot 0,75L, 12% - B2B MVGD PL","og_description":"Wytrawne r\u00f3\u017cowe z Merlota z Stellenbosch \u2013 \u015bwie\u017ce, owocowe i lekkie. Idealne do sa\u0142atek, ryb i da\u0144 letnich.","og_url":"https:\/\/b2b.mvgd.pl\/index.php\/produkt\/hilldale-rose-merlot-075l-12\/","og_site_name":"B2B MVGD PL","article_modified_time":"2026-02-16T19:01:28+00:00","twitter_card":"summary_large_image","schema":{"@context":"https:\/\/schema.org","@graph":[{"@type":"WebPage","@id":"https:\/\/b2b.mvgd.pl\/index.php\/produkt\/hilldale-rose-merlot-075l-12\/","url":"https:\/\/b2b.mvgd.pl\/index.php\/produkt\/hilldale-rose-merlot-075l-12\/","name":"HILL&amp;DALE Rose Merlot 0,75L, 12% - B2B MVGD PL","isPartOf":{"@id":"https:\/\/b2b.mvgd.pl\/#website"},"primaryImageOfPage":{"@id":"https:\/\/b2b.mvgd.pl\/index.php\/produkt\/hilldale-rose-merlot-075l-12\/#primaryimage"},"image":{"@id":"https:\/\/b2b.mvgd.pl\/index.php\/produkt\/hilldale-rose-merlot-075l-12\/#primaryimage"},"thumbnailUrl":"https:\/\/b2b.mvgd.pl\/wp-content\/uploads\/2026\/02\/HILLDALE-Rose-Merlot-075.png.png","datePublished":"2026-02-16T18:59:53+00:00","dateModified":"2026-02-16T19:01:28+00:00","breadcrumb":{"@id":"https:\/\/b2b.mvgd.pl\/index.php\/produkt\/hilldale-rose-merlot-075l-12\/#breadcrumb"},"inLanguage":"pl-PL","potentialAction":[{"@type":"ReadAction","target":["https:\/\/b2b.mvgd.pl\/index.php\/produkt\/hilldale-rose-merlot-075l-12\/"]}]},{"@type":"ImageObject","inLanguage":"pl-PL","@id":"https:\/\/b2b.mvgd.pl\/index.php\/produkt\/hilldale-rose-merlot-075l-12\/#primaryimage","url":"https:\/\/b2b.mvgd.pl\/wp-content\/uploads\/2026\/02\/HILLDALE-Rose-Merlot-075.png.png","contentUrl":"https:\/\/b2b.mvgd.pl\/wp-content\/uploads\/2026\/02\/HILLDALE-Rose-Merlot-075.png.png","width":900,"height":1200},{"@type":"BreadcrumbList","@id":"https:\/\/b2b.mvgd.pl\/index.php\/produkt\/hilldale-rose-merlot-075l-12\/#breadcrumb","itemListElement":[{"@type":"ListItem","position":1,"name":"Strona g\u0142\u00f3wna","item":"https:\/\/b2b.mvgd.pl\/"},{"@type":"ListItem","position":2,"name":"Shop","item":"https:\/\/b2b.mvgd.pl\/index.php\/shop\/"},{"@type":"ListItem","position":3,"name":"HILL&amp;DALE Rose Merlot 0,75L, 12%"}]},{"@type":"WebSite","@id":"https:\/\/b2b.mvgd.pl\/#website","url":"https:\/\/b2b.mvgd.pl\/","name":"B2B MVGD PL","description":"","potentialAction":[{"@type":"SearchAction","target":{"@type":"EntryPoint","urlTemplate":"https:\/\/b2b.mvgd.pl\/?s={search_term_string}"},"query-input":{"@type":"PropertyValueSpecification","valueRequired":true,"valueName":"search_term_string"}}],"inLanguage":"pl-PL"}]}},"jetpack_sharing_enabled":true,"_links":{"self":[{"href":"https:\/\/b2b.mvgd.pl\/index.php\/wp-json\/wp\/v2\/product\/977","targetHints":{"allow":["GET"]}}],"collection":[{"href":"https:\/\/b2b.mvgd.pl\/index.php\/wp-json\/wp\/v2\/product"}],"about":[{"href":"https:\/\/b2b.mvgd.pl\/index.php\/wp-json\/wp\/v2\/types\/product"}],"replies":[{"embeddable":true,"href":"https:\/\/b2b.mvgd.pl\/index.php\/wp-json\/wp\/v2\/comments?post=977"}],"version-history":[{"count":0,"href":"https:\/\/b2b.mvgd.pl\/index.php\/wp-json\/wp\/v2\/product\/977\/revisions"}],"wp:featuredmedia":[{"embeddable":true,"href":"https:\/\/b2b.mvgd.pl\/index.php\/wp-json\/wp\/v2\/media\/1027"}],"wp:attachment":[{"href":"https:\/\/b2b.mvgd.pl\/index.php\/wp-json\/wp\/v2\/media?parent=977"}],"wp:term":[{"taxonomy":"product_brand","embeddable":true,"href":"https:\/\/b2b.mvgd.pl\/index.php\/wp-json\/wp\/v2\/product_brand?post=977"},{"taxonomy":"product_cat","embeddable":true,"href":"https:\/\/b2b.mvgd.pl\/index.php\/wp-json\/wp\/v2\/product_cat?post=977"},{"taxonomy":"product_tag","embeddable":true,"href":"https:\/\/b2b.mvgd.pl\/index.php\/wp-json\/wp\/v2\/product_tag?post=977"}],"curies":[{"name":"wp","href":"https:\/\/api.w.org\/{rel}","templated":true}]}}