{"id":965,"date":"2026-02-16T18:59:30","date_gmt":"2026-02-16T18:59:30","guid":{"rendered":"https:\/\/b2b.mvgd.pl\/?post_type=product&#038;p=965"},"modified":"2026-02-16T19:01:08","modified_gmt":"2026-02-16T19:01:08","slug":"compagnie-beaujolaise-chiroubles-075-13","status":"publish","type":"product","link":"https:\/\/b2b.mvgd.pl\/index.php\/produkt\/compagnie-beaujolaise-chiroubles-075-13\/","title":{"rendered":"Compagnie Beaujolaise Chiroubles 0,75, 13%"},"content":{"rendered":"<article class=\"text-token-text-primary w-full focus:outline-none scroll-mt-[calc(var(--header-height)+min(200px,max(70px,20svh)))]\" dir=\"auto\" data-testid=\"conversation-turn-302\" data-scroll-anchor=\"true\" data-turn=\"assistant\">\n<div class=\"text-base my-auto mx-auto pb-10 [--thread-content-margin:--spacing(4)] @[37rem]:[--thread-content-margin:--spacing(6)] @[72rem]:[--thread-content-margin:--spacing(16)] px-(--thread-content-margin)\">\n<div class=\"[--thread-content-max-width:32rem] @[34rem]:[--thread-content-max-width:40rem] @[64rem]:[--thread-content-max-width:48rem] mx-auto max-w-(--thread-content-max-width) flex-1 group\/turn-messages focus-visible:outline-hidden relative flex w-full min-w-0 flex-col agent-turn\">\n<div class=\"flex max-w-full flex-col grow\">\n<div class=\"min-h-8 text-message relative flex w-full flex-col items-end gap-2 text-start break-words whitespace-normal [.text-message+&amp;]:mt-5\" dir=\"auto\" data-message-author-role=\"assistant\" data-message-id=\"020de48d-4bf9-4c57-864d-2d0b023c83c4\" data-message-model-slug=\"gpt-4o\">\n<div class=\"flex w-full flex-col gap-1 empty:hidden first:pt-[3px]\">\n<div class=\"markdown prose dark:prose-invert w-full break-words dark\">\n<p data-start=\"364\" data-end=\"437\">Wygl\u0105d: Jasnorubinowa barwa z fioletowymi refleksami, klarowne i l\u015bni\u0105ce.<\/p>\n<p data-start=\"439\" data-end=\"566\">Aromat: Soczyste czerwone owoce \u2013 truskawki, maliny i wi\u015bnie \u2013 z wyra\u017anymi nutami fio\u0142k\u00f3w, piwonii i delikatnej przyprawowo\u015bci.<\/p>\n<p data-start=\"568\" data-end=\"692\">Smak: Lekkie, \u015bwie\u017ce, z \u0142agodnymi taninami i dobrze zaznaczon\u0105 kwasowo\u015bci\u0105. Finisz elegancki, owocowy z lekk\u0105 mineralno\u015bci\u0105.<\/p>\n<p data-start=\"694\" data-end=\"725\">Temperatura podawania: 14\u201316\u202f\u00b0C<\/p>\n<p data-start=\"727\" data-end=\"841\">Serwowanie: Idealne do drobiu, ciel\u0119ciny, da\u0144 z grzybami, w\u0119dlin i delikatnych ser\u00f3w. \u015awietne tak\u017ce jako aperitif.<\/p>\n<\/div>\n<\/div>\n<\/div>\n<\/div>\n<\/div>\n<\/div>\n<\/article>\n","protected":false},"excerpt":{"rendered":"<p data-start=\"334\" data-end=\"407\">Wytrawny Gamay z AOC Chiroubles \u2013 lekkie, kwiatowe i \u015bwie\u017ce wino idealne do lekkich da\u0144 mi\u0119snych, warzyw i ser\u00f3w.<\/p>\n","protected":false},"featured_media":1021,"comment_status":"closed","ping_status":"closed","template":"","meta":[],"product_brand":[],"product_cat":[1095,676,18],"product_tag":[1151,737,320,321],"class_list":{"0":"post-965","1":"product","2":"type-product","3":"status-publish","4":"has-post-thumbnail","6":"product_cat-beaujolais","7":"product_cat-francja","8":"product_cat-wina","9":"product_tag-compagnie-beaujolaise","10":"product_tag-czerwone","11":"product_tag-wino","12":"product_tag-wytrawne","14":"first","15":"instock","16":"shipping-taxable","17":"purchasable","18":"product-type-simple"},"yoast_head":"<!-- This site is optimized with the Yoast SEO plugin v26.9 - https:\/\/yoast.com\/product\/yoast-seo-wordpress\/ -->\n<title>Compagnie Beaujolaise Chiroubles 0,75, 13% - B2B MVGD PL<\/title>\n<meta name=\"robots\" content=\"index, follow, max-snippet:-1, max-image-preview:large, max-video-preview:-1\" \/>\n<link rel=\"canonical\" href=\"https:\/\/b2b.mvgd.pl\/index.php\/produkt\/compagnie-beaujolaise-chiroubles-075-13\/\" \/>\n<meta property=\"og:locale\" content=\"pl_PL\" \/>\n<meta property=\"og:type\" content=\"article\" \/>\n<meta property=\"og:title\" content=\"Compagnie Beaujolaise Chiroubles 0,75, 13% - B2B MVGD PL\" \/>\n<meta property=\"og:description\" content=\"Wytrawny Gamay z AOC Chiroubles \u2013 lekkie, kwiatowe i \u015bwie\u017ce wino idealne do lekkich da\u0144 mi\u0119snych, warzyw i ser\u00f3w.\" \/>\n<meta property=\"og:url\" content=\"https:\/\/b2b.mvgd.pl\/index.php\/produkt\/compagnie-beaujolaise-chiroubles-075-13\/\" \/>\n<meta property=\"og:site_name\" content=\"B2B MVGD PL\" \/>\n<meta property=\"article:modified_time\" content=\"2026-02-16T19:01:08+00:00\" \/>\n<meta name=\"twitter:card\" content=\"summary_large_image\" \/>\n<script type=\"application\/ld+json\" class=\"yoast-schema-graph\">{\"@context\":\"https:\/\/schema.org\",\"@graph\":[{\"@type\":\"WebPage\",\"@id\":\"https:\/\/b2b.mvgd.pl\/index.php\/produkt\/compagnie-beaujolaise-chiroubles-075-13\/\",\"url\":\"https:\/\/b2b.mvgd.pl\/index.php\/produkt\/compagnie-beaujolaise-chiroubles-075-13\/\",\"name\":\"Compagnie Beaujolaise Chiroubles 0,75, 13% - B2B MVGD PL\",\"isPartOf\":{\"@id\":\"https:\/\/b2b.mvgd.pl\/#website\"},\"primaryImageOfPage\":{\"@id\":\"https:\/\/b2b.mvgd.pl\/index.php\/produkt\/compagnie-beaujolaise-chiroubles-075-13\/#primaryimage\"},\"image\":{\"@id\":\"https:\/\/b2b.mvgd.pl\/index.php\/produkt\/compagnie-beaujolaise-chiroubles-075-13\/#primaryimage\"},\"thumbnailUrl\":\"https:\/\/b2b.mvgd.pl\/wp-content\/uploads\/2026\/02\/Compagnie-Beaujolaise-Chiroubles-075.jpg.png\",\"datePublished\":\"2026-02-16T18:59:30+00:00\",\"dateModified\":\"2026-02-16T19:01:08+00:00\",\"breadcrumb\":{\"@id\":\"https:\/\/b2b.mvgd.pl\/index.php\/produkt\/compagnie-beaujolaise-chiroubles-075-13\/#breadcrumb\"},\"inLanguage\":\"pl-PL\",\"potentialAction\":[{\"@type\":\"ReadAction\",\"target\":[\"https:\/\/b2b.mvgd.pl\/index.php\/produkt\/compagnie-beaujolaise-chiroubles-075-13\/\"]}]},{\"@type\":\"ImageObject\",\"inLanguage\":\"pl-PL\",\"@id\":\"https:\/\/b2b.mvgd.pl\/index.php\/produkt\/compagnie-beaujolaise-chiroubles-075-13\/#primaryimage\",\"url\":\"https:\/\/b2b.mvgd.pl\/wp-content\/uploads\/2026\/02\/Compagnie-Beaujolaise-Chiroubles-075.jpg.png\",\"contentUrl\":\"https:\/\/b2b.mvgd.pl\/wp-content\/uploads\/2026\/02\/Compagnie-Beaujolaise-Chiroubles-075.jpg.png\",\"width\":900,\"height\":1200},{\"@type\":\"BreadcrumbList\",\"@id\":\"https:\/\/b2b.mvgd.pl\/index.php\/produkt\/compagnie-beaujolaise-chiroubles-075-13\/#breadcrumb\",\"itemListElement\":[{\"@type\":\"ListItem\",\"position\":1,\"name\":\"Strona g\u0142\u00f3wna\",\"item\":\"https:\/\/b2b.mvgd.pl\/\"},{\"@type\":\"ListItem\",\"position\":2,\"name\":\"Shop\",\"item\":\"https:\/\/b2b.mvgd.pl\/index.php\/shop\/\"},{\"@type\":\"ListItem\",\"position\":3,\"name\":\"Compagnie Beaujolaise Chiroubles 0,75, 13%\"}]},{\"@type\":\"WebSite\",\"@id\":\"https:\/\/b2b.mvgd.pl\/#website\",\"url\":\"https:\/\/b2b.mvgd.pl\/\",\"name\":\"B2B MVGD PL\",\"description\":\"\",\"potentialAction\":[{\"@type\":\"SearchAction\",\"target\":{\"@type\":\"EntryPoint\",\"urlTemplate\":\"https:\/\/b2b.mvgd.pl\/?s={search_term_string}\"},\"query-input\":{\"@type\":\"PropertyValueSpecification\",\"valueRequired\":true,\"valueName\":\"search_term_string\"}}],\"inLanguage\":\"pl-PL\"}]}<\/script>\n<!-- \/ Yoast SEO plugin. -->","yoast_head_json":{"title":"Compagnie Beaujolaise Chiroubles 0,75, 13% - B2B MVGD PL","robots":{"index":"index","follow":"follow","max-snippet":"max-snippet:-1","max-image-preview":"max-image-preview:large","max-video-preview":"max-video-preview:-1"},"canonical":"https:\/\/b2b.mvgd.pl\/index.php\/produkt\/compagnie-beaujolaise-chiroubles-075-13\/","og_locale":"pl_PL","og_type":"article","og_title":"Compagnie Beaujolaise Chiroubles 0,75, 13% - B2B MVGD PL","og_description":"Wytrawny Gamay z AOC Chiroubles \u2013 lekkie, kwiatowe i \u015bwie\u017ce wino idealne do lekkich da\u0144 mi\u0119snych, warzyw i ser\u00f3w.","og_url":"https:\/\/b2b.mvgd.pl\/index.php\/produkt\/compagnie-beaujolaise-chiroubles-075-13\/","og_site_name":"B2B MVGD PL","article_modified_time":"2026-02-16T19:01:08+00:00","twitter_card":"summary_large_image","schema":{"@context":"https:\/\/schema.org","@graph":[{"@type":"WebPage","@id":"https:\/\/b2b.mvgd.pl\/index.php\/produkt\/compagnie-beaujolaise-chiroubles-075-13\/","url":"https:\/\/b2b.mvgd.pl\/index.php\/produkt\/compagnie-beaujolaise-chiroubles-075-13\/","name":"Compagnie Beaujolaise Chiroubles 0,75, 13% - B2B MVGD PL","isPartOf":{"@id":"https:\/\/b2b.mvgd.pl\/#website"},"primaryImageOfPage":{"@id":"https:\/\/b2b.mvgd.pl\/index.php\/produkt\/compagnie-beaujolaise-chiroubles-075-13\/#primaryimage"},"image":{"@id":"https:\/\/b2b.mvgd.pl\/index.php\/produkt\/compagnie-beaujolaise-chiroubles-075-13\/#primaryimage"},"thumbnailUrl":"https:\/\/b2b.mvgd.pl\/wp-content\/uploads\/2026\/02\/Compagnie-Beaujolaise-Chiroubles-075.jpg.png","datePublished":"2026-02-16T18:59:30+00:00","dateModified":"2026-02-16T19:01:08+00:00","breadcrumb":{"@id":"https:\/\/b2b.mvgd.pl\/index.php\/produkt\/compagnie-beaujolaise-chiroubles-075-13\/#breadcrumb"},"inLanguage":"pl-PL","potentialAction":[{"@type":"ReadAction","target":["https:\/\/b2b.mvgd.pl\/index.php\/produkt\/compagnie-beaujolaise-chiroubles-075-13\/"]}]},{"@type":"ImageObject","inLanguage":"pl-PL","@id":"https:\/\/b2b.mvgd.pl\/index.php\/produkt\/compagnie-beaujolaise-chiroubles-075-13\/#primaryimage","url":"https:\/\/b2b.mvgd.pl\/wp-content\/uploads\/2026\/02\/Compagnie-Beaujolaise-Chiroubles-075.jpg.png","contentUrl":"https:\/\/b2b.mvgd.pl\/wp-content\/uploads\/2026\/02\/Compagnie-Beaujolaise-Chiroubles-075.jpg.png","width":900,"height":1200},{"@type":"BreadcrumbList","@id":"https:\/\/b2b.mvgd.pl\/index.php\/produkt\/compagnie-beaujolaise-chiroubles-075-13\/#breadcrumb","itemListElement":[{"@type":"ListItem","position":1,"name":"Strona g\u0142\u00f3wna","item":"https:\/\/b2b.mvgd.pl\/"},{"@type":"ListItem","position":2,"name":"Shop","item":"https:\/\/b2b.mvgd.pl\/index.php\/shop\/"},{"@type":"ListItem","position":3,"name":"Compagnie Beaujolaise Chiroubles 0,75, 13%"}]},{"@type":"WebSite","@id":"https:\/\/b2b.mvgd.pl\/#website","url":"https:\/\/b2b.mvgd.pl\/","name":"B2B MVGD PL","description":"","potentialAction":[{"@type":"SearchAction","target":{"@type":"EntryPoint","urlTemplate":"https:\/\/b2b.mvgd.pl\/?s={search_term_string}"},"query-input":{"@type":"PropertyValueSpecification","valueRequired":true,"valueName":"search_term_string"}}],"inLanguage":"pl-PL"}]}},"jetpack_sharing_enabled":true,"_links":{"self":[{"href":"https:\/\/b2b.mvgd.pl\/index.php\/wp-json\/wp\/v2\/product\/965","targetHints":{"allow":["GET"]}}],"collection":[{"href":"https:\/\/b2b.mvgd.pl\/index.php\/wp-json\/wp\/v2\/product"}],"about":[{"href":"https:\/\/b2b.mvgd.pl\/index.php\/wp-json\/wp\/v2\/types\/product"}],"replies":[{"embeddable":true,"href":"https:\/\/b2b.mvgd.pl\/index.php\/wp-json\/wp\/v2\/comments?post=965"}],"version-history":[{"count":0,"href":"https:\/\/b2b.mvgd.pl\/index.php\/wp-json\/wp\/v2\/product\/965\/revisions"}],"wp:featuredmedia":[{"embeddable":true,"href":"https:\/\/b2b.mvgd.pl\/index.php\/wp-json\/wp\/v2\/media\/1021"}],"wp:attachment":[{"href":"https:\/\/b2b.mvgd.pl\/index.php\/wp-json\/wp\/v2\/media?parent=965"}],"wp:term":[{"taxonomy":"product_brand","embeddable":true,"href":"https:\/\/b2b.mvgd.pl\/index.php\/wp-json\/wp\/v2\/product_brand?post=965"},{"taxonomy":"product_cat","embeddable":true,"href":"https:\/\/b2b.mvgd.pl\/index.php\/wp-json\/wp\/v2\/product_cat?post=965"},{"taxonomy":"product_tag","embeddable":true,"href":"https:\/\/b2b.mvgd.pl\/index.php\/wp-json\/wp\/v2\/product_tag?post=965"}],"curies":[{"name":"wp","href":"https:\/\/api.w.org\/{rel}","templated":true}]}}