{"id":951,"date":"2026-02-16T18:59:05","date_gmt":"2026-02-16T18:59:05","guid":{"rendered":"https:\/\/b2b.mvgd.pl\/?post_type=product&#038;p=951"},"modified":"2026-02-16T19:00:39","modified_gmt":"2026-02-16T19:00:39","slug":"calvet-varietals-cinsault-rose-vis-075-l-12","status":"publish","type":"product","link":"https:\/\/b2b.mvgd.pl\/index.php\/produkt\/calvet-varietals-cinsault-rose-vis-075-l-12\/","title":{"rendered":"Calvet Varietals\u00a0Cinsault Ros\u00e9 VIS 0,75\u202fl 12%"},"content":{"rendered":"<p data-start=\"606\" data-end=\"756\"><strong data-start=\"606\" data-end=\"617\">Wygl\u0105d:<\/strong> Bardzo jasnor\u00f3\u017cowy kolor o przejrzystym, b\u0142yszcz\u0105cym refleksie, typowy dla lekkiego r\u00f3\u017cowego wina.<\/p>\n<p data-start=\"758\" data-end=\"914\"><strong data-start=\"758\" data-end=\"769\">Aromat:<\/strong> Intensywny i ekspresyjny \u2013 dominuj\u0105 nuty czerwonych owoc\u00f3w, truskawek oraz subtelne przyprawowe akcenty.<\/p>\n<p data-start=\"916\" data-end=\"1095\"><strong data-start=\"916\" data-end=\"925\">Smak:<\/strong> Okr\u0105g\u0142y i \u017cywy, przyjemnie owocowy z dobr\u0105 d\u0142ugo\u015bci\u0105 smaku. Finisz \u015bwie\u017cy, z lekk\u0105 s\u0142odycz\u0105 czerwonych owoc\u00f3w i przyprawow\u0105 nut\u0105.<\/p>\n<p data-start=\"1097\" data-end=\"1172\"><strong data-start=\"1097\" data-end=\"1123\">Temperatura podawania:<\/strong> 10\u201312\u202f\u00b0C<\/p>\n<p data-start=\"1174\" data-end=\"1290\"><strong data-start=\"1174\" data-end=\"1189\">Serwowanie:<\/strong> Doskona\u0142e jako aperitif, do lekkich sa\u0142atek, lekkich da\u0144 azjatyckich, sushi lub grillowanych warzyw.<\/p>\n","protected":false},"excerpt":{"rendered":"<p data-start=\"334\" data-end=\"407\">Wytrawne ros\u00e9 z Cinsault z Languedoc-Pays d\u2019Oc (Vin de France). Bardzo jasnor\u00f3\u017cowe, owocowe i orze\u017awiaj\u0105ce, z nutami truskawek i delikatn\u0105 przyprawowo\u015bci\u0105. Idealne na aperitif lub do lekkich potraw.<\/p>\n","protected":false},"featured_media":1000,"comment_status":"closed","ping_status":"closed","template":"","meta":[],"product_brand":[],"product_cat":[676,1134,18],"product_tag":[951,959,320,321],"class_list":{"0":"post-951","1":"product","2":"type-product","3":"status-publish","4":"has-post-thumbnail","6":"product_cat-francja","7":"product_cat-langwedocja-roussillon","8":"product_cat-wina","9":"product_tag-calvet","10":"product_tag-rozowe","11":"product_tag-wino","12":"product_tag-wytrawne","14":"first","15":"instock","16":"shipping-taxable","17":"purchasable","18":"product-type-simple"},"yoast_head":"<!-- This site is optimized with the Yoast SEO plugin v26.9 - https:\/\/yoast.com\/product\/yoast-seo-wordpress\/ -->\n<title>Calvet Varietals\u00a0Cinsault Ros\u00e9 VIS 0,75\u202fl 12% - B2B MVGD PL<\/title>\n<meta name=\"robots\" content=\"index, follow, max-snippet:-1, max-image-preview:large, max-video-preview:-1\" \/>\n<link rel=\"canonical\" href=\"https:\/\/b2b.mvgd.pl\/index.php\/produkt\/calvet-varietals-cinsault-rose-vis-075-l-12\/\" \/>\n<meta property=\"og:locale\" content=\"pl_PL\" \/>\n<meta property=\"og:type\" content=\"article\" \/>\n<meta property=\"og:title\" content=\"Calvet Varietals\u00a0Cinsault Ros\u00e9 VIS 0,75\u202fl 12% - B2B MVGD PL\" \/>\n<meta property=\"og:description\" content=\"Wytrawne ros\u00e9 z Cinsault z Languedoc-Pays d\u2019Oc (Vin de France). Bardzo jasnor\u00f3\u017cowe, owocowe i orze\u017awiaj\u0105ce, z nutami truskawek i delikatn\u0105 przyprawowo\u015bci\u0105. Idealne na aperitif lub do lekkich potraw.\" \/>\n<meta property=\"og:url\" content=\"https:\/\/b2b.mvgd.pl\/index.php\/produkt\/calvet-varietals-cinsault-rose-vis-075-l-12\/\" \/>\n<meta property=\"og:site_name\" content=\"B2B MVGD PL\" \/>\n<meta property=\"article:modified_time\" content=\"2026-02-16T19:00:39+00:00\" \/>\n<meta name=\"twitter:card\" content=\"summary_large_image\" \/>\n<script type=\"application\/ld+json\" class=\"yoast-schema-graph\">{\"@context\":\"https:\/\/schema.org\",\"@graph\":[{\"@type\":\"WebPage\",\"@id\":\"https:\/\/b2b.mvgd.pl\/index.php\/produkt\/calvet-varietals-cinsault-rose-vis-075-l-12\/\",\"url\":\"https:\/\/b2b.mvgd.pl\/index.php\/produkt\/calvet-varietals-cinsault-rose-vis-075-l-12\/\",\"name\":\"Calvet Varietals\u00a0Cinsault Ros\u00e9 VIS 0,75\u202fl 12% - B2B MVGD PL\",\"isPartOf\":{\"@id\":\"https:\/\/b2b.mvgd.pl\/#website\"},\"primaryImageOfPage\":{\"@id\":\"https:\/\/b2b.mvgd.pl\/index.php\/produkt\/calvet-varietals-cinsault-rose-vis-075-l-12\/#primaryimage\"},\"image\":{\"@id\":\"https:\/\/b2b.mvgd.pl\/index.php\/produkt\/calvet-varietals-cinsault-rose-vis-075-l-12\/#primaryimage\"},\"thumbnailUrl\":\"https:\/\/b2b.mvgd.pl\/wp-content\/uploads\/2026\/02\/CALVET-VARIETALS-CINSAULT-VIS.png\",\"datePublished\":\"2026-02-16T18:59:05+00:00\",\"dateModified\":\"2026-02-16T19:00:39+00:00\",\"breadcrumb\":{\"@id\":\"https:\/\/b2b.mvgd.pl\/index.php\/produkt\/calvet-varietals-cinsault-rose-vis-075-l-12\/#breadcrumb\"},\"inLanguage\":\"pl-PL\",\"potentialAction\":[{\"@type\":\"ReadAction\",\"target\":[\"https:\/\/b2b.mvgd.pl\/index.php\/produkt\/calvet-varietals-cinsault-rose-vis-075-l-12\/\"]}]},{\"@type\":\"ImageObject\",\"inLanguage\":\"pl-PL\",\"@id\":\"https:\/\/b2b.mvgd.pl\/index.php\/produkt\/calvet-varietals-cinsault-rose-vis-075-l-12\/#primaryimage\",\"url\":\"https:\/\/b2b.mvgd.pl\/wp-content\/uploads\/2026\/02\/CALVET-VARIETALS-CINSAULT-VIS.png\",\"contentUrl\":\"https:\/\/b2b.mvgd.pl\/wp-content\/uploads\/2026\/02\/CALVET-VARIETALS-CINSAULT-VIS.png\",\"width\":900,\"height\":1200},{\"@type\":\"BreadcrumbList\",\"@id\":\"https:\/\/b2b.mvgd.pl\/index.php\/produkt\/calvet-varietals-cinsault-rose-vis-075-l-12\/#breadcrumb\",\"itemListElement\":[{\"@type\":\"ListItem\",\"position\":1,\"name\":\"Strona g\u0142\u00f3wna\",\"item\":\"https:\/\/b2b.mvgd.pl\/\"},{\"@type\":\"ListItem\",\"position\":2,\"name\":\"Shop\",\"item\":\"https:\/\/b2b.mvgd.pl\/index.php\/shop\/\"},{\"@type\":\"ListItem\",\"position\":3,\"name\":\"Calvet Varietals\u00a0Cinsault Ros\u00e9 VIS 0,75\u202fl 12%\"}]},{\"@type\":\"WebSite\",\"@id\":\"https:\/\/b2b.mvgd.pl\/#website\",\"url\":\"https:\/\/b2b.mvgd.pl\/\",\"name\":\"B2B MVGD PL\",\"description\":\"\",\"potentialAction\":[{\"@type\":\"SearchAction\",\"target\":{\"@type\":\"EntryPoint\",\"urlTemplate\":\"https:\/\/b2b.mvgd.pl\/?s={search_term_string}\"},\"query-input\":{\"@type\":\"PropertyValueSpecification\",\"valueRequired\":true,\"valueName\":\"search_term_string\"}}],\"inLanguage\":\"pl-PL\"}]}<\/script>\n<!-- \/ Yoast SEO plugin. -->","yoast_head_json":{"title":"Calvet Varietals\u00a0Cinsault Ros\u00e9 VIS 0,75\u202fl 12% - B2B MVGD PL","robots":{"index":"index","follow":"follow","max-snippet":"max-snippet:-1","max-image-preview":"max-image-preview:large","max-video-preview":"max-video-preview:-1"},"canonical":"https:\/\/b2b.mvgd.pl\/index.php\/produkt\/calvet-varietals-cinsault-rose-vis-075-l-12\/","og_locale":"pl_PL","og_type":"article","og_title":"Calvet Varietals\u00a0Cinsault Ros\u00e9 VIS 0,75\u202fl 12% - B2B MVGD PL","og_description":"Wytrawne ros\u00e9 z Cinsault z Languedoc-Pays d\u2019Oc (Vin de France). Bardzo jasnor\u00f3\u017cowe, owocowe i orze\u017awiaj\u0105ce, z nutami truskawek i delikatn\u0105 przyprawowo\u015bci\u0105. Idealne na aperitif lub do lekkich potraw.","og_url":"https:\/\/b2b.mvgd.pl\/index.php\/produkt\/calvet-varietals-cinsault-rose-vis-075-l-12\/","og_site_name":"B2B MVGD PL","article_modified_time":"2026-02-16T19:00:39+00:00","twitter_card":"summary_large_image","schema":{"@context":"https:\/\/schema.org","@graph":[{"@type":"WebPage","@id":"https:\/\/b2b.mvgd.pl\/index.php\/produkt\/calvet-varietals-cinsault-rose-vis-075-l-12\/","url":"https:\/\/b2b.mvgd.pl\/index.php\/produkt\/calvet-varietals-cinsault-rose-vis-075-l-12\/","name":"Calvet Varietals\u00a0Cinsault Ros\u00e9 VIS 0,75\u202fl 12% - B2B MVGD PL","isPartOf":{"@id":"https:\/\/b2b.mvgd.pl\/#website"},"primaryImageOfPage":{"@id":"https:\/\/b2b.mvgd.pl\/index.php\/produkt\/calvet-varietals-cinsault-rose-vis-075-l-12\/#primaryimage"},"image":{"@id":"https:\/\/b2b.mvgd.pl\/index.php\/produkt\/calvet-varietals-cinsault-rose-vis-075-l-12\/#primaryimage"},"thumbnailUrl":"https:\/\/b2b.mvgd.pl\/wp-content\/uploads\/2026\/02\/CALVET-VARIETALS-CINSAULT-VIS.png","datePublished":"2026-02-16T18:59:05+00:00","dateModified":"2026-02-16T19:00:39+00:00","breadcrumb":{"@id":"https:\/\/b2b.mvgd.pl\/index.php\/produkt\/calvet-varietals-cinsault-rose-vis-075-l-12\/#breadcrumb"},"inLanguage":"pl-PL","potentialAction":[{"@type":"ReadAction","target":["https:\/\/b2b.mvgd.pl\/index.php\/produkt\/calvet-varietals-cinsault-rose-vis-075-l-12\/"]}]},{"@type":"ImageObject","inLanguage":"pl-PL","@id":"https:\/\/b2b.mvgd.pl\/index.php\/produkt\/calvet-varietals-cinsault-rose-vis-075-l-12\/#primaryimage","url":"https:\/\/b2b.mvgd.pl\/wp-content\/uploads\/2026\/02\/CALVET-VARIETALS-CINSAULT-VIS.png","contentUrl":"https:\/\/b2b.mvgd.pl\/wp-content\/uploads\/2026\/02\/CALVET-VARIETALS-CINSAULT-VIS.png","width":900,"height":1200},{"@type":"BreadcrumbList","@id":"https:\/\/b2b.mvgd.pl\/index.php\/produkt\/calvet-varietals-cinsault-rose-vis-075-l-12\/#breadcrumb","itemListElement":[{"@type":"ListItem","position":1,"name":"Strona g\u0142\u00f3wna","item":"https:\/\/b2b.mvgd.pl\/"},{"@type":"ListItem","position":2,"name":"Shop","item":"https:\/\/b2b.mvgd.pl\/index.php\/shop\/"},{"@type":"ListItem","position":3,"name":"Calvet Varietals\u00a0Cinsault Ros\u00e9 VIS 0,75\u202fl 12%"}]},{"@type":"WebSite","@id":"https:\/\/b2b.mvgd.pl\/#website","url":"https:\/\/b2b.mvgd.pl\/","name":"B2B MVGD PL","description":"","potentialAction":[{"@type":"SearchAction","target":{"@type":"EntryPoint","urlTemplate":"https:\/\/b2b.mvgd.pl\/?s={search_term_string}"},"query-input":{"@type":"PropertyValueSpecification","valueRequired":true,"valueName":"search_term_string"}}],"inLanguage":"pl-PL"}]}},"jetpack_sharing_enabled":true,"_links":{"self":[{"href":"https:\/\/b2b.mvgd.pl\/index.php\/wp-json\/wp\/v2\/product\/951","targetHints":{"allow":["GET"]}}],"collection":[{"href":"https:\/\/b2b.mvgd.pl\/index.php\/wp-json\/wp\/v2\/product"}],"about":[{"href":"https:\/\/b2b.mvgd.pl\/index.php\/wp-json\/wp\/v2\/types\/product"}],"replies":[{"embeddable":true,"href":"https:\/\/b2b.mvgd.pl\/index.php\/wp-json\/wp\/v2\/comments?post=951"}],"version-history":[{"count":0,"href":"https:\/\/b2b.mvgd.pl\/index.php\/wp-json\/wp\/v2\/product\/951\/revisions"}],"wp:featuredmedia":[{"embeddable":true,"href":"https:\/\/b2b.mvgd.pl\/index.php\/wp-json\/wp\/v2\/media\/1000"}],"wp:attachment":[{"href":"https:\/\/b2b.mvgd.pl\/index.php\/wp-json\/wp\/v2\/media?parent=951"}],"wp:term":[{"taxonomy":"product_brand","embeddable":true,"href":"https:\/\/b2b.mvgd.pl\/index.php\/wp-json\/wp\/v2\/product_brand?post=951"},{"taxonomy":"product_cat","embeddable":true,"href":"https:\/\/b2b.mvgd.pl\/index.php\/wp-json\/wp\/v2\/product_cat?post=951"},{"taxonomy":"product_tag","embeddable":true,"href":"https:\/\/b2b.mvgd.pl\/index.php\/wp-json\/wp\/v2\/product_tag?post=951"}],"curies":[{"name":"wp","href":"https:\/\/api.w.org\/{rel}","templated":true}]}}