{"id":940,"date":"2026-02-16T18:58:41","date_gmt":"2026-02-16T18:58:41","guid":{"rendered":"https:\/\/b2b.mvgd.pl\/?post_type=product&#038;p=940"},"modified":"2026-02-16T19:00:24","modified_gmt":"2026-02-16T19:00:24","slug":"calvet-fitou-boise-075l-14","status":"publish","type":"product","link":"https:\/\/b2b.mvgd.pl\/index.php\/produkt\/calvet-fitou-boise-075l-14\/","title":{"rendered":"Calvet Fitou Bois\u00e9 0,75l 14%"},"content":{"rendered":"<p data-start=\"364\" data-end=\"438\">Wygl\u0105d: G\u0142\u0119boka rubinowa barwa z granatowymi refleksami, klarowne i g\u0119ste.<\/p>\n<p data-start=\"440\" data-end=\"583\">Aromat: Intensywne nuty dojrza\u0142ych owoc\u00f3w le\u015bnych, czarnej porzeczki i \u015bliwki, uzupe\u0142nione akcentami wanilii, dymu, przypraw i drewna z beczki.<\/p>\n<p data-start=\"585\" data-end=\"762\">Smak: Pe\u0142ne i aksamitne, z g\u0142adkimi taninami i dobrze zintegrowan\u0105 nut\u0105 d\u0119bu. Z\u0142o\u017cone, z nutami przypraw, sk\u00f3ry i dojrza\u0142ych owoc\u00f3w. Finisz d\u0142ugi, zbalansowany i lekko pikantny.<\/p>\n<p data-start=\"764\" data-end=\"795\">Temperatura podawania: 16\u201318\u202f\u00b0C<\/p>\n<p data-start=\"797\" data-end=\"916\">Serwowanie: Idealne do da\u0144 z grilla, duszonych mi\u0119s, potraw z dziczyzny, jagni\u0119ciny oraz twardych ser\u00f3w dojrzewaj\u0105cych.<\/p>\n","protected":false},"excerpt":{"rendered":"<p data-start=\"334\" data-end=\"407\">Czerwone, wytrawne wino z Langwedocji z beczkowym charakterem \u2013 pe\u0142ne, przyprawowe i eleganckie. \u015awietne do jagni\u0119ciny, grilla i dziczyzny.<\/p>\n","protected":false},"featured_media":994,"comment_status":"closed","ping_status":"closed","template":"","meta":[],"product_brand":[],"product_cat":[676,1134,18],"product_tag":[951,737,320,321],"class_list":{"0":"post-940","1":"product","2":"type-product","3":"status-publish","4":"has-post-thumbnail","6":"product_cat-francja","7":"product_cat-langwedocja-roussillon","8":"product_cat-wina","9":"product_tag-calvet","10":"product_tag-czerwone","11":"product_tag-wino","12":"product_tag-wytrawne","14":"first","15":"instock","16":"shipping-taxable","17":"purchasable","18":"product-type-simple"},"yoast_head":"<!-- This site is optimized with the Yoast SEO plugin v26.9 - https:\/\/yoast.com\/product\/yoast-seo-wordpress\/ -->\n<title>Calvet Fitou Bois\u00e9 0,75l 14% - B2B MVGD PL<\/title>\n<meta name=\"robots\" content=\"index, follow, max-snippet:-1, max-image-preview:large, max-video-preview:-1\" \/>\n<link rel=\"canonical\" href=\"https:\/\/b2b.mvgd.pl\/index.php\/produkt\/calvet-fitou-boise-075l-14\/\" \/>\n<meta property=\"og:locale\" content=\"pl_PL\" \/>\n<meta property=\"og:type\" content=\"article\" \/>\n<meta property=\"og:title\" content=\"Calvet Fitou Bois\u00e9 0,75l 14% - B2B MVGD PL\" \/>\n<meta property=\"og:description\" content=\"Czerwone, wytrawne wino z Langwedocji z beczkowym charakterem \u2013 pe\u0142ne, przyprawowe i eleganckie. \u015awietne do jagni\u0119ciny, grilla i dziczyzny.\" \/>\n<meta property=\"og:url\" content=\"https:\/\/b2b.mvgd.pl\/index.php\/produkt\/calvet-fitou-boise-075l-14\/\" \/>\n<meta property=\"og:site_name\" content=\"B2B MVGD PL\" \/>\n<meta property=\"article:modified_time\" content=\"2026-02-16T19:00:24+00:00\" \/>\n<meta name=\"twitter:card\" content=\"summary_large_image\" \/>\n<script type=\"application\/ld+json\" class=\"yoast-schema-graph\">{\"@context\":\"https:\/\/schema.org\",\"@graph\":[{\"@type\":\"WebPage\",\"@id\":\"https:\/\/b2b.mvgd.pl\/index.php\/produkt\/calvet-fitou-boise-075l-14\/\",\"url\":\"https:\/\/b2b.mvgd.pl\/index.php\/produkt\/calvet-fitou-boise-075l-14\/\",\"name\":\"Calvet Fitou Bois\u00e9 0,75l 14% - B2B MVGD PL\",\"isPartOf\":{\"@id\":\"https:\/\/b2b.mvgd.pl\/#website\"},\"primaryImageOfPage\":{\"@id\":\"https:\/\/b2b.mvgd.pl\/index.php\/produkt\/calvet-fitou-boise-075l-14\/#primaryimage\"},\"image\":{\"@id\":\"https:\/\/b2b.mvgd.pl\/index.php\/produkt\/calvet-fitou-boise-075l-14\/#primaryimage\"},\"thumbnailUrl\":\"https:\/\/b2b.mvgd.pl\/wp-content\/uploads\/2026\/02\/CALVET-FITOU-BOISE-075.png.png\",\"datePublished\":\"2026-02-16T18:58:41+00:00\",\"dateModified\":\"2026-02-16T19:00:24+00:00\",\"breadcrumb\":{\"@id\":\"https:\/\/b2b.mvgd.pl\/index.php\/produkt\/calvet-fitou-boise-075l-14\/#breadcrumb\"},\"inLanguage\":\"pl-PL\",\"potentialAction\":[{\"@type\":\"ReadAction\",\"target\":[\"https:\/\/b2b.mvgd.pl\/index.php\/produkt\/calvet-fitou-boise-075l-14\/\"]}]},{\"@type\":\"ImageObject\",\"inLanguage\":\"pl-PL\",\"@id\":\"https:\/\/b2b.mvgd.pl\/index.php\/produkt\/calvet-fitou-boise-075l-14\/#primaryimage\",\"url\":\"https:\/\/b2b.mvgd.pl\/wp-content\/uploads\/2026\/02\/CALVET-FITOU-BOISE-075.png.png\",\"contentUrl\":\"https:\/\/b2b.mvgd.pl\/wp-content\/uploads\/2026\/02\/CALVET-FITOU-BOISE-075.png.png\",\"width\":900,\"height\":1200},{\"@type\":\"BreadcrumbList\",\"@id\":\"https:\/\/b2b.mvgd.pl\/index.php\/produkt\/calvet-fitou-boise-075l-14\/#breadcrumb\",\"itemListElement\":[{\"@type\":\"ListItem\",\"position\":1,\"name\":\"Strona g\u0142\u00f3wna\",\"item\":\"https:\/\/b2b.mvgd.pl\/\"},{\"@type\":\"ListItem\",\"position\":2,\"name\":\"Shop\",\"item\":\"https:\/\/b2b.mvgd.pl\/index.php\/shop\/\"},{\"@type\":\"ListItem\",\"position\":3,\"name\":\"Calvet Fitou Bois\u00e9 0,75l 14%\"}]},{\"@type\":\"WebSite\",\"@id\":\"https:\/\/b2b.mvgd.pl\/#website\",\"url\":\"https:\/\/b2b.mvgd.pl\/\",\"name\":\"B2B MVGD PL\",\"description\":\"\",\"potentialAction\":[{\"@type\":\"SearchAction\",\"target\":{\"@type\":\"EntryPoint\",\"urlTemplate\":\"https:\/\/b2b.mvgd.pl\/?s={search_term_string}\"},\"query-input\":{\"@type\":\"PropertyValueSpecification\",\"valueRequired\":true,\"valueName\":\"search_term_string\"}}],\"inLanguage\":\"pl-PL\"}]}<\/script>\n<!-- \/ Yoast SEO plugin. -->","yoast_head_json":{"title":"Calvet Fitou Bois\u00e9 0,75l 14% - B2B MVGD PL","robots":{"index":"index","follow":"follow","max-snippet":"max-snippet:-1","max-image-preview":"max-image-preview:large","max-video-preview":"max-video-preview:-1"},"canonical":"https:\/\/b2b.mvgd.pl\/index.php\/produkt\/calvet-fitou-boise-075l-14\/","og_locale":"pl_PL","og_type":"article","og_title":"Calvet Fitou Bois\u00e9 0,75l 14% - B2B MVGD PL","og_description":"Czerwone, wytrawne wino z Langwedocji z beczkowym charakterem \u2013 pe\u0142ne, przyprawowe i eleganckie. \u015awietne do jagni\u0119ciny, grilla i dziczyzny.","og_url":"https:\/\/b2b.mvgd.pl\/index.php\/produkt\/calvet-fitou-boise-075l-14\/","og_site_name":"B2B MVGD PL","article_modified_time":"2026-02-16T19:00:24+00:00","twitter_card":"summary_large_image","schema":{"@context":"https:\/\/schema.org","@graph":[{"@type":"WebPage","@id":"https:\/\/b2b.mvgd.pl\/index.php\/produkt\/calvet-fitou-boise-075l-14\/","url":"https:\/\/b2b.mvgd.pl\/index.php\/produkt\/calvet-fitou-boise-075l-14\/","name":"Calvet Fitou Bois\u00e9 0,75l 14% - B2B MVGD PL","isPartOf":{"@id":"https:\/\/b2b.mvgd.pl\/#website"},"primaryImageOfPage":{"@id":"https:\/\/b2b.mvgd.pl\/index.php\/produkt\/calvet-fitou-boise-075l-14\/#primaryimage"},"image":{"@id":"https:\/\/b2b.mvgd.pl\/index.php\/produkt\/calvet-fitou-boise-075l-14\/#primaryimage"},"thumbnailUrl":"https:\/\/b2b.mvgd.pl\/wp-content\/uploads\/2026\/02\/CALVET-FITOU-BOISE-075.png.png","datePublished":"2026-02-16T18:58:41+00:00","dateModified":"2026-02-16T19:00:24+00:00","breadcrumb":{"@id":"https:\/\/b2b.mvgd.pl\/index.php\/produkt\/calvet-fitou-boise-075l-14\/#breadcrumb"},"inLanguage":"pl-PL","potentialAction":[{"@type":"ReadAction","target":["https:\/\/b2b.mvgd.pl\/index.php\/produkt\/calvet-fitou-boise-075l-14\/"]}]},{"@type":"ImageObject","inLanguage":"pl-PL","@id":"https:\/\/b2b.mvgd.pl\/index.php\/produkt\/calvet-fitou-boise-075l-14\/#primaryimage","url":"https:\/\/b2b.mvgd.pl\/wp-content\/uploads\/2026\/02\/CALVET-FITOU-BOISE-075.png.png","contentUrl":"https:\/\/b2b.mvgd.pl\/wp-content\/uploads\/2026\/02\/CALVET-FITOU-BOISE-075.png.png","width":900,"height":1200},{"@type":"BreadcrumbList","@id":"https:\/\/b2b.mvgd.pl\/index.php\/produkt\/calvet-fitou-boise-075l-14\/#breadcrumb","itemListElement":[{"@type":"ListItem","position":1,"name":"Strona g\u0142\u00f3wna","item":"https:\/\/b2b.mvgd.pl\/"},{"@type":"ListItem","position":2,"name":"Shop","item":"https:\/\/b2b.mvgd.pl\/index.php\/shop\/"},{"@type":"ListItem","position":3,"name":"Calvet Fitou Bois\u00e9 0,75l 14%"}]},{"@type":"WebSite","@id":"https:\/\/b2b.mvgd.pl\/#website","url":"https:\/\/b2b.mvgd.pl\/","name":"B2B MVGD PL","description":"","potentialAction":[{"@type":"SearchAction","target":{"@type":"EntryPoint","urlTemplate":"https:\/\/b2b.mvgd.pl\/?s={search_term_string}"},"query-input":{"@type":"PropertyValueSpecification","valueRequired":true,"valueName":"search_term_string"}}],"inLanguage":"pl-PL"}]}},"jetpack_sharing_enabled":true,"_links":{"self":[{"href":"https:\/\/b2b.mvgd.pl\/index.php\/wp-json\/wp\/v2\/product\/940","targetHints":{"allow":["GET"]}}],"collection":[{"href":"https:\/\/b2b.mvgd.pl\/index.php\/wp-json\/wp\/v2\/product"}],"about":[{"href":"https:\/\/b2b.mvgd.pl\/index.php\/wp-json\/wp\/v2\/types\/product"}],"replies":[{"embeddable":true,"href":"https:\/\/b2b.mvgd.pl\/index.php\/wp-json\/wp\/v2\/comments?post=940"}],"version-history":[{"count":0,"href":"https:\/\/b2b.mvgd.pl\/index.php\/wp-json\/wp\/v2\/product\/940\/revisions"}],"wp:featuredmedia":[{"embeddable":true,"href":"https:\/\/b2b.mvgd.pl\/index.php\/wp-json\/wp\/v2\/media\/994"}],"wp:attachment":[{"href":"https:\/\/b2b.mvgd.pl\/index.php\/wp-json\/wp\/v2\/media?parent=940"}],"wp:term":[{"taxonomy":"product_brand","embeddable":true,"href":"https:\/\/b2b.mvgd.pl\/index.php\/wp-json\/wp\/v2\/product_brand?post=940"},{"taxonomy":"product_cat","embeddable":true,"href":"https:\/\/b2b.mvgd.pl\/index.php\/wp-json\/wp\/v2\/product_cat?post=940"},{"taxonomy":"product_tag","embeddable":true,"href":"https:\/\/b2b.mvgd.pl\/index.php\/wp-json\/wp\/v2\/product_tag?post=940"}],"curies":[{"name":"wp","href":"https:\/\/api.w.org\/{rel}","templated":true}]}}