{"id":938,"date":"2026-02-16T18:58:40","date_gmt":"2026-02-16T18:58:40","guid":{"rendered":"https:\/\/b2b.mvgd.pl\/?post_type=product&#038;p=938"},"modified":"2026-02-16T19:00:15","modified_gmt":"2026-02-16T19:00:15","slug":"calvet-minervois-075-l-14","status":"publish","type":"product","link":"https:\/\/b2b.mvgd.pl\/index.php\/produkt\/calvet-minervois-075-l-14\/","title":{"rendered":"Calvet Minervois 0,75\u202fl 14%"},"content":{"rendered":"<p data-start=\"389\" data-end=\"468\">Wygl\u0105d: G\u0142\u0119boka rubinowa barwa z fioletowymi refleksami, intensywna i klarowna.<\/p>\n<p data-start=\"470\" data-end=\"660\">Aromat: Bogate aromaty dojrza\u0142ych czerwonych i czarnych owoc\u00f3w (\u015bliwka, wi\u015bnia, je\u017cyna) z wyra\u017anymi nutami zi\u00f3\u0142 \u015br\u00f3dziemnomorskich (tymianku, rozmarynu), przypraw korzennych i lekkiego dymu.<\/p>\n<p data-start=\"662\" data-end=\"822\">Smak: \u015aredniope\u0142ne cia\u0142o z mi\u0119kkimi taninami i dobr\u0105 struktur\u0105. W ustach przewa\u017caj\u0105 nuty owoc\u00f3w, zi\u00f3\u0142 i przypraw. Finisz zbalansowany, lekko pikantny i zio\u0142owy.<\/p>\n<p data-start=\"824\" data-end=\"855\">Temperatura podawania: 16\u201318\u202f\u00b0C<\/p>\n<p data-start=\"857\" data-end=\"973\">Serwowanie: Idealne do duszonych mi\u0119s, grillowanych kie\u0142bas, jagni\u0119ciny, da\u0144 kuchni prowansalskiej i twardych ser\u00f3w.<\/p>\n","protected":false},"excerpt":{"rendered":"<p data-start=\"334\" data-end=\"407\">Czerwone wytrawne wino z Langwedocji \u2013 zio\u0142owe, owocowe, z dobr\u0105 struktur\u0105. Idealne do jagni\u0119ciny, grilla i da\u0144 \u015br\u00f3dziemnomorskich.<\/p>\n","protected":false},"featured_media":986,"comment_status":"closed","ping_status":"closed","template":"","meta":[],"product_brand":[],"product_cat":[676,1134,18],"product_tag":[951,737,320,321],"class_list":{"0":"post-938","1":"product","2":"type-product","3":"status-publish","4":"has-post-thumbnail","6":"product_cat-francja","7":"product_cat-langwedocja-roussillon","8":"product_cat-wina","9":"product_tag-calvet","10":"product_tag-czerwone","11":"product_tag-wino","12":"product_tag-wytrawne","14":"first","15":"instock","16":"shipping-taxable","17":"purchasable","18":"product-type-simple"},"yoast_head":"<!-- This site is optimized with the Yoast SEO plugin v26.9 - https:\/\/yoast.com\/product\/yoast-seo-wordpress\/ -->\n<title>Calvet Minervois 0,75\u202fl 14% - B2B MVGD PL<\/title>\n<meta name=\"robots\" content=\"index, follow, max-snippet:-1, max-image-preview:large, max-video-preview:-1\" \/>\n<link rel=\"canonical\" href=\"https:\/\/b2b.mvgd.pl\/index.php\/produkt\/calvet-minervois-075-l-14\/\" \/>\n<meta property=\"og:locale\" content=\"pl_PL\" \/>\n<meta property=\"og:type\" content=\"article\" \/>\n<meta property=\"og:title\" content=\"Calvet Minervois 0,75\u202fl 14% - B2B MVGD PL\" \/>\n<meta property=\"og:description\" content=\"Czerwone wytrawne wino z Langwedocji \u2013 zio\u0142owe, owocowe, z dobr\u0105 struktur\u0105. Idealne do jagni\u0119ciny, grilla i da\u0144 \u015br\u00f3dziemnomorskich.\" \/>\n<meta property=\"og:url\" content=\"https:\/\/b2b.mvgd.pl\/index.php\/produkt\/calvet-minervois-075-l-14\/\" \/>\n<meta property=\"og:site_name\" content=\"B2B MVGD PL\" \/>\n<meta property=\"article:modified_time\" content=\"2026-02-16T19:00:15+00:00\" \/>\n<meta name=\"twitter:card\" content=\"summary_large_image\" \/>\n<script type=\"application\/ld+json\" class=\"yoast-schema-graph\">{\"@context\":\"https:\/\/schema.org\",\"@graph\":[{\"@type\":\"WebPage\",\"@id\":\"https:\/\/b2b.mvgd.pl\/index.php\/produkt\/calvet-minervois-075-l-14\/\",\"url\":\"https:\/\/b2b.mvgd.pl\/index.php\/produkt\/calvet-minervois-075-l-14\/\",\"name\":\"Calvet Minervois 0,75\u202fl 14% - B2B MVGD PL\",\"isPartOf\":{\"@id\":\"https:\/\/b2b.mvgd.pl\/#website\"},\"primaryImageOfPage\":{\"@id\":\"https:\/\/b2b.mvgd.pl\/index.php\/produkt\/calvet-minervois-075-l-14\/#primaryimage\"},\"image\":{\"@id\":\"https:\/\/b2b.mvgd.pl\/index.php\/produkt\/calvet-minervois-075-l-14\/#primaryimage\"},\"thumbnailUrl\":\"https:\/\/b2b.mvgd.pl\/wp-content\/uploads\/2026\/02\/CALVET-MINERVOIS-075.png.png\",\"datePublished\":\"2026-02-16T18:58:40+00:00\",\"dateModified\":\"2026-02-16T19:00:15+00:00\",\"breadcrumb\":{\"@id\":\"https:\/\/b2b.mvgd.pl\/index.php\/produkt\/calvet-minervois-075-l-14\/#breadcrumb\"},\"inLanguage\":\"pl-PL\",\"potentialAction\":[{\"@type\":\"ReadAction\",\"target\":[\"https:\/\/b2b.mvgd.pl\/index.php\/produkt\/calvet-minervois-075-l-14\/\"]}]},{\"@type\":\"ImageObject\",\"inLanguage\":\"pl-PL\",\"@id\":\"https:\/\/b2b.mvgd.pl\/index.php\/produkt\/calvet-minervois-075-l-14\/#primaryimage\",\"url\":\"https:\/\/b2b.mvgd.pl\/wp-content\/uploads\/2026\/02\/CALVET-MINERVOIS-075.png.png\",\"contentUrl\":\"https:\/\/b2b.mvgd.pl\/wp-content\/uploads\/2026\/02\/CALVET-MINERVOIS-075.png.png\",\"width\":900,\"height\":1200},{\"@type\":\"BreadcrumbList\",\"@id\":\"https:\/\/b2b.mvgd.pl\/index.php\/produkt\/calvet-minervois-075-l-14\/#breadcrumb\",\"itemListElement\":[{\"@type\":\"ListItem\",\"position\":1,\"name\":\"Strona g\u0142\u00f3wna\",\"item\":\"https:\/\/b2b.mvgd.pl\/\"},{\"@type\":\"ListItem\",\"position\":2,\"name\":\"Shop\",\"item\":\"https:\/\/b2b.mvgd.pl\/index.php\/shop\/\"},{\"@type\":\"ListItem\",\"position\":3,\"name\":\"Calvet Minervois 0,75\u202fl 14%\"}]},{\"@type\":\"WebSite\",\"@id\":\"https:\/\/b2b.mvgd.pl\/#website\",\"url\":\"https:\/\/b2b.mvgd.pl\/\",\"name\":\"B2B MVGD PL\",\"description\":\"\",\"potentialAction\":[{\"@type\":\"SearchAction\",\"target\":{\"@type\":\"EntryPoint\",\"urlTemplate\":\"https:\/\/b2b.mvgd.pl\/?s={search_term_string}\"},\"query-input\":{\"@type\":\"PropertyValueSpecification\",\"valueRequired\":true,\"valueName\":\"search_term_string\"}}],\"inLanguage\":\"pl-PL\"}]}<\/script>\n<!-- \/ Yoast SEO plugin. -->","yoast_head_json":{"title":"Calvet Minervois 0,75\u202fl 14% - B2B MVGD PL","robots":{"index":"index","follow":"follow","max-snippet":"max-snippet:-1","max-image-preview":"max-image-preview:large","max-video-preview":"max-video-preview:-1"},"canonical":"https:\/\/b2b.mvgd.pl\/index.php\/produkt\/calvet-minervois-075-l-14\/","og_locale":"pl_PL","og_type":"article","og_title":"Calvet Minervois 0,75\u202fl 14% - B2B MVGD PL","og_description":"Czerwone wytrawne wino z Langwedocji \u2013 zio\u0142owe, owocowe, z dobr\u0105 struktur\u0105. Idealne do jagni\u0119ciny, grilla i da\u0144 \u015br\u00f3dziemnomorskich.","og_url":"https:\/\/b2b.mvgd.pl\/index.php\/produkt\/calvet-minervois-075-l-14\/","og_site_name":"B2B MVGD PL","article_modified_time":"2026-02-16T19:00:15+00:00","twitter_card":"summary_large_image","schema":{"@context":"https:\/\/schema.org","@graph":[{"@type":"WebPage","@id":"https:\/\/b2b.mvgd.pl\/index.php\/produkt\/calvet-minervois-075-l-14\/","url":"https:\/\/b2b.mvgd.pl\/index.php\/produkt\/calvet-minervois-075-l-14\/","name":"Calvet Minervois 0,75\u202fl 14% - B2B MVGD PL","isPartOf":{"@id":"https:\/\/b2b.mvgd.pl\/#website"},"primaryImageOfPage":{"@id":"https:\/\/b2b.mvgd.pl\/index.php\/produkt\/calvet-minervois-075-l-14\/#primaryimage"},"image":{"@id":"https:\/\/b2b.mvgd.pl\/index.php\/produkt\/calvet-minervois-075-l-14\/#primaryimage"},"thumbnailUrl":"https:\/\/b2b.mvgd.pl\/wp-content\/uploads\/2026\/02\/CALVET-MINERVOIS-075.png.png","datePublished":"2026-02-16T18:58:40+00:00","dateModified":"2026-02-16T19:00:15+00:00","breadcrumb":{"@id":"https:\/\/b2b.mvgd.pl\/index.php\/produkt\/calvet-minervois-075-l-14\/#breadcrumb"},"inLanguage":"pl-PL","potentialAction":[{"@type":"ReadAction","target":["https:\/\/b2b.mvgd.pl\/index.php\/produkt\/calvet-minervois-075-l-14\/"]}]},{"@type":"ImageObject","inLanguage":"pl-PL","@id":"https:\/\/b2b.mvgd.pl\/index.php\/produkt\/calvet-minervois-075-l-14\/#primaryimage","url":"https:\/\/b2b.mvgd.pl\/wp-content\/uploads\/2026\/02\/CALVET-MINERVOIS-075.png.png","contentUrl":"https:\/\/b2b.mvgd.pl\/wp-content\/uploads\/2026\/02\/CALVET-MINERVOIS-075.png.png","width":900,"height":1200},{"@type":"BreadcrumbList","@id":"https:\/\/b2b.mvgd.pl\/index.php\/produkt\/calvet-minervois-075-l-14\/#breadcrumb","itemListElement":[{"@type":"ListItem","position":1,"name":"Strona g\u0142\u00f3wna","item":"https:\/\/b2b.mvgd.pl\/"},{"@type":"ListItem","position":2,"name":"Shop","item":"https:\/\/b2b.mvgd.pl\/index.php\/shop\/"},{"@type":"ListItem","position":3,"name":"Calvet Minervois 0,75\u202fl 14%"}]},{"@type":"WebSite","@id":"https:\/\/b2b.mvgd.pl\/#website","url":"https:\/\/b2b.mvgd.pl\/","name":"B2B MVGD PL","description":"","potentialAction":[{"@type":"SearchAction","target":{"@type":"EntryPoint","urlTemplate":"https:\/\/b2b.mvgd.pl\/?s={search_term_string}"},"query-input":{"@type":"PropertyValueSpecification","valueRequired":true,"valueName":"search_term_string"}}],"inLanguage":"pl-PL"}]}},"jetpack_sharing_enabled":true,"_links":{"self":[{"href":"https:\/\/b2b.mvgd.pl\/index.php\/wp-json\/wp\/v2\/product\/938","targetHints":{"allow":["GET"]}}],"collection":[{"href":"https:\/\/b2b.mvgd.pl\/index.php\/wp-json\/wp\/v2\/product"}],"about":[{"href":"https:\/\/b2b.mvgd.pl\/index.php\/wp-json\/wp\/v2\/types\/product"}],"replies":[{"embeddable":true,"href":"https:\/\/b2b.mvgd.pl\/index.php\/wp-json\/wp\/v2\/comments?post=938"}],"version-history":[{"count":0,"href":"https:\/\/b2b.mvgd.pl\/index.php\/wp-json\/wp\/v2\/product\/938\/revisions"}],"wp:featuredmedia":[{"embeddable":true,"href":"https:\/\/b2b.mvgd.pl\/index.php\/wp-json\/wp\/v2\/media\/986"}],"wp:attachment":[{"href":"https:\/\/b2b.mvgd.pl\/index.php\/wp-json\/wp\/v2\/media?parent=938"}],"wp:term":[{"taxonomy":"product_brand","embeddable":true,"href":"https:\/\/b2b.mvgd.pl\/index.php\/wp-json\/wp\/v2\/product_brand?post=938"},{"taxonomy":"product_cat","embeddable":true,"href":"https:\/\/b2b.mvgd.pl\/index.php\/wp-json\/wp\/v2\/product_cat?post=938"},{"taxonomy":"product_tag","embeddable":true,"href":"https:\/\/b2b.mvgd.pl\/index.php\/wp-json\/wp\/v2\/product_tag?post=938"}],"curies":[{"name":"wp","href":"https:\/\/api.w.org\/{rel}","templated":true}]}}