{"id":937,"date":"2026-02-16T18:58:40","date_gmt":"2026-02-16T18:58:40","guid":{"rendered":"https:\/\/b2b.mvgd.pl\/?post_type=product&#038;p=937"},"modified":"2026-02-16T19:00:12","modified_gmt":"2026-02-16T19:00:12","slug":"calvet-gigondas-075-l-15","status":"publish","type":"product","link":"https:\/\/b2b.mvgd.pl\/index.php\/produkt\/calvet-gigondas-075-l-15\/","title":{"rendered":"Calvet Gigondas 0,75\u202fl 15%"},"content":{"rendered":"<p data-start=\"361\" data-end=\"447\">Wygl\u0105d: G\u0142\u0119boka, rubinowogranatowa barwa z ciemnymi refleksami, klarowne i intensywne.<\/p>\n<p data-start=\"449\" data-end=\"614\">Aromat: Skoncentrowane nuty dojrza\u0142ych ciemnych owoc\u00f3w (\u015bliwki, je\u017cyny), zi\u00f3\u0142 prowansalskich, lukrecji, sk\u00f3ry i czarnego pieprzu. W tle subtelny d\u0105b i nuta ziemista.<\/p>\n<p data-start=\"616\" data-end=\"764\">Smak: Mocne, pe\u0142ne i doskonale zbalansowane. G\u0119sta struktura, dojrza\u0142e taniny, wyra\u017ana przyprawowo\u015b\u0107 i d\u0142ugi, z\u0142o\u017cony finisz z nutami owoc\u00f3w i zi\u00f3\u0142.<\/p>\n<p data-start=\"766\" data-end=\"797\">Temperatura podawania: 16\u201318\u202f\u00b0C<\/p>\n<p data-start=\"799\" data-end=\"931\">Serwowanie: Idealne do dziczyzny, pieczonych mi\u0119s, rag\u00f9, potraw z grilla oraz ser\u00f3w dojrzewaj\u0105cych (np. pecorino, comt\u00e9, mimolette).<\/p>\n","protected":false},"excerpt":{"rendered":"<p data-start=\"334\" data-end=\"407\">Wytrawne czerwone z apelacji Gigondas \u2013 pot\u0119\u017cne, korzenne i z\u0142o\u017cone. Doskona\u0142e do dziczyzny, grillowanego mi\u0119sa i kuchni \u015br\u00f3dziemnomorskiej.<\/p>\n","protected":false},"featured_media":985,"comment_status":"closed","ping_status":"closed","template":"","meta":[],"product_brand":[],"product_cat":[1116,676,18],"product_tag":[951,737,320,321],"class_list":{"0":"post-937","1":"product","2":"type-product","3":"status-publish","4":"has-post-thumbnail","6":"product_cat-dolina-rodanu","7":"product_cat-francja","8":"product_cat-wina","9":"product_tag-calvet","10":"product_tag-czerwone","11":"product_tag-wino","12":"product_tag-wytrawne","14":"first","15":"instock","16":"shipping-taxable","17":"purchasable","18":"product-type-simple"},"yoast_head":"<!-- This site is optimized with the Yoast SEO plugin v26.9 - https:\/\/yoast.com\/product\/yoast-seo-wordpress\/ -->\n<title>Calvet Gigondas 0,75\u202fl 15% - B2B MVGD PL<\/title>\n<meta name=\"robots\" content=\"index, follow, max-snippet:-1, max-image-preview:large, max-video-preview:-1\" \/>\n<link rel=\"canonical\" href=\"https:\/\/b2b.mvgd.pl\/index.php\/produkt\/calvet-gigondas-075-l-15\/\" \/>\n<meta property=\"og:locale\" content=\"pl_PL\" \/>\n<meta property=\"og:type\" content=\"article\" \/>\n<meta property=\"og:title\" content=\"Calvet Gigondas 0,75\u202fl 15% - B2B MVGD PL\" \/>\n<meta property=\"og:description\" content=\"Wytrawne czerwone z apelacji Gigondas \u2013 pot\u0119\u017cne, korzenne i z\u0142o\u017cone. Doskona\u0142e do dziczyzny, grillowanego mi\u0119sa i kuchni \u015br\u00f3dziemnomorskiej.\" \/>\n<meta property=\"og:url\" content=\"https:\/\/b2b.mvgd.pl\/index.php\/produkt\/calvet-gigondas-075-l-15\/\" \/>\n<meta property=\"og:site_name\" content=\"B2B MVGD PL\" \/>\n<meta property=\"article:modified_time\" content=\"2026-02-16T19:00:12+00:00\" \/>\n<meta name=\"twitter:card\" content=\"summary_large_image\" \/>\n<script type=\"application\/ld+json\" class=\"yoast-schema-graph\">{\"@context\":\"https:\/\/schema.org\",\"@graph\":[{\"@type\":\"WebPage\",\"@id\":\"https:\/\/b2b.mvgd.pl\/index.php\/produkt\/calvet-gigondas-075-l-15\/\",\"url\":\"https:\/\/b2b.mvgd.pl\/index.php\/produkt\/calvet-gigondas-075-l-15\/\",\"name\":\"Calvet Gigondas 0,75\u202fl 15% - B2B MVGD PL\",\"isPartOf\":{\"@id\":\"https:\/\/b2b.mvgd.pl\/#website\"},\"primaryImageOfPage\":{\"@id\":\"https:\/\/b2b.mvgd.pl\/index.php\/produkt\/calvet-gigondas-075-l-15\/#primaryimage\"},\"image\":{\"@id\":\"https:\/\/b2b.mvgd.pl\/index.php\/produkt\/calvet-gigondas-075-l-15\/#primaryimage\"},\"thumbnailUrl\":\"https:\/\/b2b.mvgd.pl\/wp-content\/uploads\/2026\/02\/CALVET-GIGONDAS-075.png.png\",\"datePublished\":\"2026-02-16T18:58:40+00:00\",\"dateModified\":\"2026-02-16T19:00:12+00:00\",\"breadcrumb\":{\"@id\":\"https:\/\/b2b.mvgd.pl\/index.php\/produkt\/calvet-gigondas-075-l-15\/#breadcrumb\"},\"inLanguage\":\"pl-PL\",\"potentialAction\":[{\"@type\":\"ReadAction\",\"target\":[\"https:\/\/b2b.mvgd.pl\/index.php\/produkt\/calvet-gigondas-075-l-15\/\"]}]},{\"@type\":\"ImageObject\",\"inLanguage\":\"pl-PL\",\"@id\":\"https:\/\/b2b.mvgd.pl\/index.php\/produkt\/calvet-gigondas-075-l-15\/#primaryimage\",\"url\":\"https:\/\/b2b.mvgd.pl\/wp-content\/uploads\/2026\/02\/CALVET-GIGONDAS-075.png.png\",\"contentUrl\":\"https:\/\/b2b.mvgd.pl\/wp-content\/uploads\/2026\/02\/CALVET-GIGONDAS-075.png.png\",\"width\":900,\"height\":1200},{\"@type\":\"BreadcrumbList\",\"@id\":\"https:\/\/b2b.mvgd.pl\/index.php\/produkt\/calvet-gigondas-075-l-15\/#breadcrumb\",\"itemListElement\":[{\"@type\":\"ListItem\",\"position\":1,\"name\":\"Strona g\u0142\u00f3wna\",\"item\":\"https:\/\/b2b.mvgd.pl\/\"},{\"@type\":\"ListItem\",\"position\":2,\"name\":\"Shop\",\"item\":\"https:\/\/b2b.mvgd.pl\/index.php\/shop\/\"},{\"@type\":\"ListItem\",\"position\":3,\"name\":\"Calvet Gigondas 0,75\u202fl 15%\"}]},{\"@type\":\"WebSite\",\"@id\":\"https:\/\/b2b.mvgd.pl\/#website\",\"url\":\"https:\/\/b2b.mvgd.pl\/\",\"name\":\"B2B MVGD PL\",\"description\":\"\",\"potentialAction\":[{\"@type\":\"SearchAction\",\"target\":{\"@type\":\"EntryPoint\",\"urlTemplate\":\"https:\/\/b2b.mvgd.pl\/?s={search_term_string}\"},\"query-input\":{\"@type\":\"PropertyValueSpecification\",\"valueRequired\":true,\"valueName\":\"search_term_string\"}}],\"inLanguage\":\"pl-PL\"}]}<\/script>\n<!-- \/ Yoast SEO plugin. -->","yoast_head_json":{"title":"Calvet Gigondas 0,75\u202fl 15% - B2B MVGD PL","robots":{"index":"index","follow":"follow","max-snippet":"max-snippet:-1","max-image-preview":"max-image-preview:large","max-video-preview":"max-video-preview:-1"},"canonical":"https:\/\/b2b.mvgd.pl\/index.php\/produkt\/calvet-gigondas-075-l-15\/","og_locale":"pl_PL","og_type":"article","og_title":"Calvet Gigondas 0,75\u202fl 15% - B2B MVGD PL","og_description":"Wytrawne czerwone z apelacji Gigondas \u2013 pot\u0119\u017cne, korzenne i z\u0142o\u017cone. Doskona\u0142e do dziczyzny, grillowanego mi\u0119sa i kuchni \u015br\u00f3dziemnomorskiej.","og_url":"https:\/\/b2b.mvgd.pl\/index.php\/produkt\/calvet-gigondas-075-l-15\/","og_site_name":"B2B MVGD PL","article_modified_time":"2026-02-16T19:00:12+00:00","twitter_card":"summary_large_image","schema":{"@context":"https:\/\/schema.org","@graph":[{"@type":"WebPage","@id":"https:\/\/b2b.mvgd.pl\/index.php\/produkt\/calvet-gigondas-075-l-15\/","url":"https:\/\/b2b.mvgd.pl\/index.php\/produkt\/calvet-gigondas-075-l-15\/","name":"Calvet Gigondas 0,75\u202fl 15% - B2B MVGD PL","isPartOf":{"@id":"https:\/\/b2b.mvgd.pl\/#website"},"primaryImageOfPage":{"@id":"https:\/\/b2b.mvgd.pl\/index.php\/produkt\/calvet-gigondas-075-l-15\/#primaryimage"},"image":{"@id":"https:\/\/b2b.mvgd.pl\/index.php\/produkt\/calvet-gigondas-075-l-15\/#primaryimage"},"thumbnailUrl":"https:\/\/b2b.mvgd.pl\/wp-content\/uploads\/2026\/02\/CALVET-GIGONDAS-075.png.png","datePublished":"2026-02-16T18:58:40+00:00","dateModified":"2026-02-16T19:00:12+00:00","breadcrumb":{"@id":"https:\/\/b2b.mvgd.pl\/index.php\/produkt\/calvet-gigondas-075-l-15\/#breadcrumb"},"inLanguage":"pl-PL","potentialAction":[{"@type":"ReadAction","target":["https:\/\/b2b.mvgd.pl\/index.php\/produkt\/calvet-gigondas-075-l-15\/"]}]},{"@type":"ImageObject","inLanguage":"pl-PL","@id":"https:\/\/b2b.mvgd.pl\/index.php\/produkt\/calvet-gigondas-075-l-15\/#primaryimage","url":"https:\/\/b2b.mvgd.pl\/wp-content\/uploads\/2026\/02\/CALVET-GIGONDAS-075.png.png","contentUrl":"https:\/\/b2b.mvgd.pl\/wp-content\/uploads\/2026\/02\/CALVET-GIGONDAS-075.png.png","width":900,"height":1200},{"@type":"BreadcrumbList","@id":"https:\/\/b2b.mvgd.pl\/index.php\/produkt\/calvet-gigondas-075-l-15\/#breadcrumb","itemListElement":[{"@type":"ListItem","position":1,"name":"Strona g\u0142\u00f3wna","item":"https:\/\/b2b.mvgd.pl\/"},{"@type":"ListItem","position":2,"name":"Shop","item":"https:\/\/b2b.mvgd.pl\/index.php\/shop\/"},{"@type":"ListItem","position":3,"name":"Calvet Gigondas 0,75\u202fl 15%"}]},{"@type":"WebSite","@id":"https:\/\/b2b.mvgd.pl\/#website","url":"https:\/\/b2b.mvgd.pl\/","name":"B2B MVGD PL","description":"","potentialAction":[{"@type":"SearchAction","target":{"@type":"EntryPoint","urlTemplate":"https:\/\/b2b.mvgd.pl\/?s={search_term_string}"},"query-input":{"@type":"PropertyValueSpecification","valueRequired":true,"valueName":"search_term_string"}}],"inLanguage":"pl-PL"}]}},"jetpack_sharing_enabled":true,"_links":{"self":[{"href":"https:\/\/b2b.mvgd.pl\/index.php\/wp-json\/wp\/v2\/product\/937","targetHints":{"allow":["GET"]}}],"collection":[{"href":"https:\/\/b2b.mvgd.pl\/index.php\/wp-json\/wp\/v2\/product"}],"about":[{"href":"https:\/\/b2b.mvgd.pl\/index.php\/wp-json\/wp\/v2\/types\/product"}],"replies":[{"embeddable":true,"href":"https:\/\/b2b.mvgd.pl\/index.php\/wp-json\/wp\/v2\/comments?post=937"}],"version-history":[{"count":0,"href":"https:\/\/b2b.mvgd.pl\/index.php\/wp-json\/wp\/v2\/product\/937\/revisions"}],"wp:featuredmedia":[{"embeddable":true,"href":"https:\/\/b2b.mvgd.pl\/index.php\/wp-json\/wp\/v2\/media\/985"}],"wp:attachment":[{"href":"https:\/\/b2b.mvgd.pl\/index.php\/wp-json\/wp\/v2\/media?parent=937"}],"wp:term":[{"taxonomy":"product_brand","embeddable":true,"href":"https:\/\/b2b.mvgd.pl\/index.php\/wp-json\/wp\/v2\/product_brand?post=937"},{"taxonomy":"product_cat","embeddable":true,"href":"https:\/\/b2b.mvgd.pl\/index.php\/wp-json\/wp\/v2\/product_cat?post=937"},{"taxonomy":"product_tag","embeddable":true,"href":"https:\/\/b2b.mvgd.pl\/index.php\/wp-json\/wp\/v2\/product_tag?post=937"}],"curies":[{"name":"wp","href":"https:\/\/api.w.org\/{rel}","templated":true}]}}