{"id":899,"date":"2026-02-16T18:57:22","date_gmt":"2026-02-16T18:57:22","guid":{"rendered":"https:\/\/b2b.mvgd.pl\/?post_type=product&#038;p=899"},"modified":"2026-02-16T18:59:07","modified_gmt":"2026-02-16T18:59:07","slug":"botaniets-ginger-yuzu-05l-non-alcoholic","status":"publish","type":"product","link":"https:\/\/b2b.mvgd.pl\/index.php\/produkt\/botaniets-ginger-yuzu-05l-non-alcoholic\/","title":{"rendered":"BOTANIETS Ginger &amp; Yuzu 0,5l non-alcoholic"},"content":{"rendered":"<p data-start=\"399\" data-end=\"479\">Wygl\u0105d: Delikatnie z\u0142ocisty odcie\u0144, klarowny i bez osad\u00f3w.<\/p>\n<p data-start=\"481\" data-end=\"584\">Aromat: \u015awie\u017cy aromat cytrus\u00f3w z yuzu, uzupe\u0142niony delikatnymi nutami ja\u0142owca i kardamonu.<\/p>\n<p data-start=\"586\" data-end=\"705\">Smak: Rze\u015bki, cytrusowy smak yuzu, przechodz\u0105cy w pikantne, pieprzne nuty \u015bwie\u017cego imbiru.<\/p>\n<p data-start=\"707\" data-end=\"737\">Temperatura podawania: 6\u201310\u202f\u00b0C<\/p>\n<p data-start=\"739\" data-end=\"904\">Serwowanie: Idealne do sushi, sashimi i owoc\u00f3w morza \u2014 cytrusowo-imbirowy profil doskonale podkre\u015bla \u015bwie\u017co\u015b\u0107 ryb.<\/p>\n","protected":false},"excerpt":{"rendered":"<p>Bezalkoholowa alternatywa dla ginu, potr\u00f3jnie destylowana przez 7 dni na bazie alkoholu, o \u015bwie\u017cym cytrusowym aromacie yuzu i pikantnych nutach \u015bwie\u017cego imbiru, naturalna, niskocukrowa i \u015bwietna baza do drink\u00f3w typu Gin\u202f&amp;Tonic.<\/p>\n","protected":false},"featured_media":955,"comment_status":"closed","ping_status":"closed","template":"","meta":[],"product_brand":[],"product_cat":[87],"product_tag":[88,1094,865],"class_list":{"0":"post-899","1":"product","2":"type-product","3":"status-publish","4":"has-post-thumbnail","6":"product_cat-gin","7":"product_tag-gin","8":"product_tag-niets","9":"product_tag-non-alco","11":"first","12":"instock","13":"shipping-taxable","14":"purchasable","15":"product-type-simple"},"yoast_head":"<!-- This site is optimized with the Yoast SEO plugin v26.9 - https:\/\/yoast.com\/product\/yoast-seo-wordpress\/ -->\n<title>BOTANIETS Ginger &amp; Yuzu 0,5l non-alcoholic - B2B MVGD PL<\/title>\n<meta name=\"robots\" content=\"index, follow, max-snippet:-1, max-image-preview:large, max-video-preview:-1\" \/>\n<link rel=\"canonical\" href=\"https:\/\/b2b.mvgd.pl\/index.php\/produkt\/botaniets-ginger-yuzu-05l-non-alcoholic\/\" \/>\n<meta property=\"og:locale\" content=\"pl_PL\" \/>\n<meta property=\"og:type\" content=\"article\" \/>\n<meta property=\"og:title\" content=\"BOTANIETS Ginger &amp; Yuzu 0,5l non-alcoholic - B2B MVGD PL\" \/>\n<meta property=\"og:description\" content=\"Bezalkoholowa alternatywa dla ginu, potr\u00f3jnie destylowana przez 7 dni na bazie alkoholu, o \u015bwie\u017cym cytrusowym aromacie yuzu i pikantnych nutach \u015bwie\u017cego imbiru, naturalna, niskocukrowa i \u015bwietna baza do drink\u00f3w typu Gin\u202f&amp;Tonic.\" \/>\n<meta property=\"og:url\" content=\"https:\/\/b2b.mvgd.pl\/index.php\/produkt\/botaniets-ginger-yuzu-05l-non-alcoholic\/\" \/>\n<meta property=\"og:site_name\" content=\"B2B MVGD PL\" \/>\n<meta property=\"article:modified_time\" content=\"2026-02-16T18:59:07+00:00\" \/>\n<meta name=\"twitter:card\" content=\"summary_large_image\" \/>\n<script type=\"application\/ld+json\" class=\"yoast-schema-graph\">{\"@context\":\"https:\/\/schema.org\",\"@graph\":[{\"@type\":\"WebPage\",\"@id\":\"https:\/\/b2b.mvgd.pl\/index.php\/produkt\/botaniets-ginger-yuzu-05l-non-alcoholic\/\",\"url\":\"https:\/\/b2b.mvgd.pl\/index.php\/produkt\/botaniets-ginger-yuzu-05l-non-alcoholic\/\",\"name\":\"BOTANIETS Ginger &amp; Yuzu 0,5l non-alcoholic - B2B MVGD PL\",\"isPartOf\":{\"@id\":\"https:\/\/b2b.mvgd.pl\/#website\"},\"primaryImageOfPage\":{\"@id\":\"https:\/\/b2b.mvgd.pl\/index.php\/produkt\/botaniets-ginger-yuzu-05l-non-alcoholic\/#primaryimage\"},\"image\":{\"@id\":\"https:\/\/b2b.mvgd.pl\/index.php\/produkt\/botaniets-ginger-yuzu-05l-non-alcoholic\/#primaryimage\"},\"thumbnailUrl\":\"https:\/\/b2b.mvgd.pl\/wp-content\/uploads\/2026\/02\/Botaniets_Ginger_Front_ApprovedTD_900x.webp\",\"datePublished\":\"2026-02-16T18:57:22+00:00\",\"dateModified\":\"2026-02-16T18:59:07+00:00\",\"breadcrumb\":{\"@id\":\"https:\/\/b2b.mvgd.pl\/index.php\/produkt\/botaniets-ginger-yuzu-05l-non-alcoholic\/#breadcrumb\"},\"inLanguage\":\"pl-PL\",\"potentialAction\":[{\"@type\":\"ReadAction\",\"target\":[\"https:\/\/b2b.mvgd.pl\/index.php\/produkt\/botaniets-ginger-yuzu-05l-non-alcoholic\/\"]}]},{\"@type\":\"ImageObject\",\"inLanguage\":\"pl-PL\",\"@id\":\"https:\/\/b2b.mvgd.pl\/index.php\/produkt\/botaniets-ginger-yuzu-05l-non-alcoholic\/#primaryimage\",\"url\":\"https:\/\/b2b.mvgd.pl\/wp-content\/uploads\/2026\/02\/Botaniets_Ginger_Front_ApprovedTD_900x.webp\",\"contentUrl\":\"https:\/\/b2b.mvgd.pl\/wp-content\/uploads\/2026\/02\/Botaniets_Ginger_Front_ApprovedTD_900x.webp\",\"width\":900,\"height\":900},{\"@type\":\"BreadcrumbList\",\"@id\":\"https:\/\/b2b.mvgd.pl\/index.php\/produkt\/botaniets-ginger-yuzu-05l-non-alcoholic\/#breadcrumb\",\"itemListElement\":[{\"@type\":\"ListItem\",\"position\":1,\"name\":\"Strona g\u0142\u00f3wna\",\"item\":\"https:\/\/b2b.mvgd.pl\/\"},{\"@type\":\"ListItem\",\"position\":2,\"name\":\"Shop\",\"item\":\"https:\/\/b2b.mvgd.pl\/index.php\/shop\/\"},{\"@type\":\"ListItem\",\"position\":3,\"name\":\"BOTANIETS Ginger &amp; Yuzu 0,5l non-alcoholic\"}]},{\"@type\":\"WebSite\",\"@id\":\"https:\/\/b2b.mvgd.pl\/#website\",\"url\":\"https:\/\/b2b.mvgd.pl\/\",\"name\":\"B2B MVGD PL\",\"description\":\"\",\"potentialAction\":[{\"@type\":\"SearchAction\",\"target\":{\"@type\":\"EntryPoint\",\"urlTemplate\":\"https:\/\/b2b.mvgd.pl\/?s={search_term_string}\"},\"query-input\":{\"@type\":\"PropertyValueSpecification\",\"valueRequired\":true,\"valueName\":\"search_term_string\"}}],\"inLanguage\":\"pl-PL\"}]}<\/script>\n<!-- \/ Yoast SEO plugin. -->","yoast_head_json":{"title":"BOTANIETS Ginger &amp; Yuzu 0,5l non-alcoholic - B2B MVGD PL","robots":{"index":"index","follow":"follow","max-snippet":"max-snippet:-1","max-image-preview":"max-image-preview:large","max-video-preview":"max-video-preview:-1"},"canonical":"https:\/\/b2b.mvgd.pl\/index.php\/produkt\/botaniets-ginger-yuzu-05l-non-alcoholic\/","og_locale":"pl_PL","og_type":"article","og_title":"BOTANIETS Ginger &amp; Yuzu 0,5l non-alcoholic - B2B MVGD PL","og_description":"Bezalkoholowa alternatywa dla ginu, potr\u00f3jnie destylowana przez 7 dni na bazie alkoholu, o \u015bwie\u017cym cytrusowym aromacie yuzu i pikantnych nutach \u015bwie\u017cego imbiru, naturalna, niskocukrowa i \u015bwietna baza do drink\u00f3w typu Gin\u202f&amp;Tonic.","og_url":"https:\/\/b2b.mvgd.pl\/index.php\/produkt\/botaniets-ginger-yuzu-05l-non-alcoholic\/","og_site_name":"B2B MVGD PL","article_modified_time":"2026-02-16T18:59:07+00:00","twitter_card":"summary_large_image","schema":{"@context":"https:\/\/schema.org","@graph":[{"@type":"WebPage","@id":"https:\/\/b2b.mvgd.pl\/index.php\/produkt\/botaniets-ginger-yuzu-05l-non-alcoholic\/","url":"https:\/\/b2b.mvgd.pl\/index.php\/produkt\/botaniets-ginger-yuzu-05l-non-alcoholic\/","name":"BOTANIETS Ginger &amp; Yuzu 0,5l non-alcoholic - B2B MVGD PL","isPartOf":{"@id":"https:\/\/b2b.mvgd.pl\/#website"},"primaryImageOfPage":{"@id":"https:\/\/b2b.mvgd.pl\/index.php\/produkt\/botaniets-ginger-yuzu-05l-non-alcoholic\/#primaryimage"},"image":{"@id":"https:\/\/b2b.mvgd.pl\/index.php\/produkt\/botaniets-ginger-yuzu-05l-non-alcoholic\/#primaryimage"},"thumbnailUrl":"https:\/\/b2b.mvgd.pl\/wp-content\/uploads\/2026\/02\/Botaniets_Ginger_Front_ApprovedTD_900x.webp","datePublished":"2026-02-16T18:57:22+00:00","dateModified":"2026-02-16T18:59:07+00:00","breadcrumb":{"@id":"https:\/\/b2b.mvgd.pl\/index.php\/produkt\/botaniets-ginger-yuzu-05l-non-alcoholic\/#breadcrumb"},"inLanguage":"pl-PL","potentialAction":[{"@type":"ReadAction","target":["https:\/\/b2b.mvgd.pl\/index.php\/produkt\/botaniets-ginger-yuzu-05l-non-alcoholic\/"]}]},{"@type":"ImageObject","inLanguage":"pl-PL","@id":"https:\/\/b2b.mvgd.pl\/index.php\/produkt\/botaniets-ginger-yuzu-05l-non-alcoholic\/#primaryimage","url":"https:\/\/b2b.mvgd.pl\/wp-content\/uploads\/2026\/02\/Botaniets_Ginger_Front_ApprovedTD_900x.webp","contentUrl":"https:\/\/b2b.mvgd.pl\/wp-content\/uploads\/2026\/02\/Botaniets_Ginger_Front_ApprovedTD_900x.webp","width":900,"height":900},{"@type":"BreadcrumbList","@id":"https:\/\/b2b.mvgd.pl\/index.php\/produkt\/botaniets-ginger-yuzu-05l-non-alcoholic\/#breadcrumb","itemListElement":[{"@type":"ListItem","position":1,"name":"Strona g\u0142\u00f3wna","item":"https:\/\/b2b.mvgd.pl\/"},{"@type":"ListItem","position":2,"name":"Shop","item":"https:\/\/b2b.mvgd.pl\/index.php\/shop\/"},{"@type":"ListItem","position":3,"name":"BOTANIETS Ginger &amp; Yuzu 0,5l non-alcoholic"}]},{"@type":"WebSite","@id":"https:\/\/b2b.mvgd.pl\/#website","url":"https:\/\/b2b.mvgd.pl\/","name":"B2B MVGD PL","description":"","potentialAction":[{"@type":"SearchAction","target":{"@type":"EntryPoint","urlTemplate":"https:\/\/b2b.mvgd.pl\/?s={search_term_string}"},"query-input":{"@type":"PropertyValueSpecification","valueRequired":true,"valueName":"search_term_string"}}],"inLanguage":"pl-PL"}]}},"jetpack_sharing_enabled":true,"_links":{"self":[{"href":"https:\/\/b2b.mvgd.pl\/index.php\/wp-json\/wp\/v2\/product\/899","targetHints":{"allow":["GET"]}}],"collection":[{"href":"https:\/\/b2b.mvgd.pl\/index.php\/wp-json\/wp\/v2\/product"}],"about":[{"href":"https:\/\/b2b.mvgd.pl\/index.php\/wp-json\/wp\/v2\/types\/product"}],"replies":[{"embeddable":true,"href":"https:\/\/b2b.mvgd.pl\/index.php\/wp-json\/wp\/v2\/comments?post=899"}],"version-history":[{"count":0,"href":"https:\/\/b2b.mvgd.pl\/index.php\/wp-json\/wp\/v2\/product\/899\/revisions"}],"wp:featuredmedia":[{"embeddable":true,"href":"https:\/\/b2b.mvgd.pl\/index.php\/wp-json\/wp\/v2\/media\/955"}],"wp:attachment":[{"href":"https:\/\/b2b.mvgd.pl\/index.php\/wp-json\/wp\/v2\/media?parent=899"}],"wp:term":[{"taxonomy":"product_brand","embeddable":true,"href":"https:\/\/b2b.mvgd.pl\/index.php\/wp-json\/wp\/v2\/product_brand?post=899"},{"taxonomy":"product_cat","embeddable":true,"href":"https:\/\/b2b.mvgd.pl\/index.php\/wp-json\/wp\/v2\/product_cat?post=899"},{"taxonomy":"product_tag","embeddable":true,"href":"https:\/\/b2b.mvgd.pl\/index.php\/wp-json\/wp\/v2\/product_tag?post=899"}],"curies":[{"name":"wp","href":"https:\/\/api.w.org\/{rel}","templated":true}]}}