{"id":897,"date":"2026-02-16T18:57:21","date_gmt":"2026-02-16T18:57:21","guid":{"rendered":"https:\/\/b2b.mvgd.pl\/?post_type=product&#038;p=897"},"modified":"2026-02-16T18:59:00","modified_gmt":"2026-02-16T18:59:00","slug":"calvet-loire-rose-danjou-075-l-11","status":"publish","type":"product","link":"https:\/\/b2b.mvgd.pl\/index.php\/produkt\/calvet-loire-rose-danjou-075-l-11\/","title":{"rendered":"Calvet Loire Rose d&#8217;Anjou 0,75\u202fl, 11%"},"content":{"rendered":"<p data-start=\"399\" data-end=\"479\">Wygl\u0105d: Jasnor\u00f3\u017cowy kolor o \u0142ososiowym odcieniu, \u015bwietlista i przejrzysta barwa.<\/p>\n<p data-start=\"481\" data-end=\"584\">Aromat: \u015awie\u017ce aromaty truskawek, malin, czerwonej porzeczki oraz delikatne nuty kwiatowe i cukierkowe.<\/p>\n<p data-start=\"586\" data-end=\"705\">Smak: Lekko s\u0142odkawe i przyjemnie owocowe. Dobrze zbalansowana kwasowo\u015b\u0107, soczysta struktura i \u0142agodny, owocowy finisz.<\/p>\n<p data-start=\"707\" data-end=\"737\">Temperatura podawania: 8\u201310\u202f\u00b0C<\/p>\n<p data-start=\"739\" data-end=\"904\">Jedzenie: Idealne jako aperitif, do lekkich da\u0144 warzywnych, sa\u0142atek z owocami, kuchni azjatyckiej (np. dania z nut\u0105 s\u0142odko-kwa\u015bn\u0105) oraz deser\u00f3w z czerwonymi owocami.<\/p>\n","protected":false},"excerpt":{"rendered":"<p>P\u00f3\u0142wytrawne, r\u00f3\u017cowe wino z Doliny Loary o \u015bwie\u017cym aromacie truskawek i malin. Soczyste, \u0142agodne \u2013 idealne do sa\u0142atek, da\u0144 azjatyckich i deser\u00f3w owocowych.<\/p>\n","protected":false},"featured_media":948,"comment_status":"closed","ping_status":"closed","template":"","meta":[],"product_brand":[],"product_cat":[1093,676,18],"product_tag":[951,903,959,320],"class_list":{"0":"post-897","1":"product","2":"type-product","3":"status-publish","4":"has-post-thumbnail","6":"product_cat-dolina-loary","7":"product_cat-francja","8":"product_cat-wina","9":"product_tag-calvet","10":"product_tag-polwytrawne","11":"product_tag-rozowe","12":"product_tag-wino","14":"first","15":"instock","16":"shipping-taxable","17":"purchasable","18":"product-type-simple"},"yoast_head":"<!-- This site is optimized with the Yoast SEO plugin v26.9 - https:\/\/yoast.com\/product\/yoast-seo-wordpress\/ -->\n<title>Calvet Loire Rose d&#039;Anjou 0,75\u202fl, 11% - B2B MVGD PL<\/title>\n<meta name=\"robots\" content=\"index, follow, max-snippet:-1, max-image-preview:large, max-video-preview:-1\" \/>\n<link rel=\"canonical\" href=\"https:\/\/b2b.mvgd.pl\/index.php\/produkt\/calvet-loire-rose-danjou-075-l-11\/\" \/>\n<meta property=\"og:locale\" content=\"pl_PL\" \/>\n<meta property=\"og:type\" content=\"article\" \/>\n<meta property=\"og:title\" content=\"Calvet Loire Rose d&#039;Anjou 0,75\u202fl, 11% - B2B MVGD PL\" \/>\n<meta property=\"og:description\" content=\"P\u00f3\u0142wytrawne, r\u00f3\u017cowe wino z Doliny Loary o \u015bwie\u017cym aromacie truskawek i malin. Soczyste, \u0142agodne \u2013 idealne do sa\u0142atek, da\u0144 azjatyckich i deser\u00f3w owocowych.\" \/>\n<meta property=\"og:url\" content=\"https:\/\/b2b.mvgd.pl\/index.php\/produkt\/calvet-loire-rose-danjou-075-l-11\/\" \/>\n<meta property=\"og:site_name\" content=\"B2B MVGD PL\" \/>\n<meta property=\"article:modified_time\" content=\"2026-02-16T18:59:00+00:00\" \/>\n<meta name=\"twitter:card\" content=\"summary_large_image\" \/>\n<script type=\"application\/ld+json\" class=\"yoast-schema-graph\">{\"@context\":\"https:\/\/schema.org\",\"@graph\":[{\"@type\":\"WebPage\",\"@id\":\"https:\/\/b2b.mvgd.pl\/index.php\/produkt\/calvet-loire-rose-danjou-075-l-11\/\",\"url\":\"https:\/\/b2b.mvgd.pl\/index.php\/produkt\/calvet-loire-rose-danjou-075-l-11\/\",\"name\":\"Calvet Loire Rose d'Anjou 0,75\u202fl, 11% - B2B MVGD PL\",\"isPartOf\":{\"@id\":\"https:\/\/b2b.mvgd.pl\/#website\"},\"primaryImageOfPage\":{\"@id\":\"https:\/\/b2b.mvgd.pl\/index.php\/produkt\/calvet-loire-rose-danjou-075-l-11\/#primaryimage\"},\"image\":{\"@id\":\"https:\/\/b2b.mvgd.pl\/index.php\/produkt\/calvet-loire-rose-danjou-075-l-11\/#primaryimage\"},\"thumbnailUrl\":\"https:\/\/b2b.mvgd.pl\/wp-content\/uploads\/2026\/02\/Calvet-Loire-Rose-dAnjou-075.png\",\"datePublished\":\"2026-02-16T18:57:21+00:00\",\"dateModified\":\"2026-02-16T18:59:00+00:00\",\"breadcrumb\":{\"@id\":\"https:\/\/b2b.mvgd.pl\/index.php\/produkt\/calvet-loire-rose-danjou-075-l-11\/#breadcrumb\"},\"inLanguage\":\"pl-PL\",\"potentialAction\":[{\"@type\":\"ReadAction\",\"target\":[\"https:\/\/b2b.mvgd.pl\/index.php\/produkt\/calvet-loire-rose-danjou-075-l-11\/\"]}]},{\"@type\":\"ImageObject\",\"inLanguage\":\"pl-PL\",\"@id\":\"https:\/\/b2b.mvgd.pl\/index.php\/produkt\/calvet-loire-rose-danjou-075-l-11\/#primaryimage\",\"url\":\"https:\/\/b2b.mvgd.pl\/wp-content\/uploads\/2026\/02\/Calvet-Loire-Rose-dAnjou-075.png\",\"contentUrl\":\"https:\/\/b2b.mvgd.pl\/wp-content\/uploads\/2026\/02\/Calvet-Loire-Rose-dAnjou-075.png\",\"width\":900,\"height\":1200},{\"@type\":\"BreadcrumbList\",\"@id\":\"https:\/\/b2b.mvgd.pl\/index.php\/produkt\/calvet-loire-rose-danjou-075-l-11\/#breadcrumb\",\"itemListElement\":[{\"@type\":\"ListItem\",\"position\":1,\"name\":\"Strona g\u0142\u00f3wna\",\"item\":\"https:\/\/b2b.mvgd.pl\/\"},{\"@type\":\"ListItem\",\"position\":2,\"name\":\"Shop\",\"item\":\"https:\/\/b2b.mvgd.pl\/index.php\/shop\/\"},{\"@type\":\"ListItem\",\"position\":3,\"name\":\"Calvet Loire Rose d&#8217;Anjou 0,75\u202fl, 11%\"}]},{\"@type\":\"WebSite\",\"@id\":\"https:\/\/b2b.mvgd.pl\/#website\",\"url\":\"https:\/\/b2b.mvgd.pl\/\",\"name\":\"B2B MVGD PL\",\"description\":\"\",\"potentialAction\":[{\"@type\":\"SearchAction\",\"target\":{\"@type\":\"EntryPoint\",\"urlTemplate\":\"https:\/\/b2b.mvgd.pl\/?s={search_term_string}\"},\"query-input\":{\"@type\":\"PropertyValueSpecification\",\"valueRequired\":true,\"valueName\":\"search_term_string\"}}],\"inLanguage\":\"pl-PL\"}]}<\/script>\n<!-- \/ Yoast SEO plugin. -->","yoast_head_json":{"title":"Calvet Loire Rose d'Anjou 0,75\u202fl, 11% - B2B MVGD PL","robots":{"index":"index","follow":"follow","max-snippet":"max-snippet:-1","max-image-preview":"max-image-preview:large","max-video-preview":"max-video-preview:-1"},"canonical":"https:\/\/b2b.mvgd.pl\/index.php\/produkt\/calvet-loire-rose-danjou-075-l-11\/","og_locale":"pl_PL","og_type":"article","og_title":"Calvet Loire Rose d'Anjou 0,75\u202fl, 11% - B2B MVGD PL","og_description":"P\u00f3\u0142wytrawne, r\u00f3\u017cowe wino z Doliny Loary o \u015bwie\u017cym aromacie truskawek i malin. Soczyste, \u0142agodne \u2013 idealne do sa\u0142atek, da\u0144 azjatyckich i deser\u00f3w owocowych.","og_url":"https:\/\/b2b.mvgd.pl\/index.php\/produkt\/calvet-loire-rose-danjou-075-l-11\/","og_site_name":"B2B MVGD PL","article_modified_time":"2026-02-16T18:59:00+00:00","twitter_card":"summary_large_image","schema":{"@context":"https:\/\/schema.org","@graph":[{"@type":"WebPage","@id":"https:\/\/b2b.mvgd.pl\/index.php\/produkt\/calvet-loire-rose-danjou-075-l-11\/","url":"https:\/\/b2b.mvgd.pl\/index.php\/produkt\/calvet-loire-rose-danjou-075-l-11\/","name":"Calvet Loire Rose d'Anjou 0,75\u202fl, 11% - B2B MVGD PL","isPartOf":{"@id":"https:\/\/b2b.mvgd.pl\/#website"},"primaryImageOfPage":{"@id":"https:\/\/b2b.mvgd.pl\/index.php\/produkt\/calvet-loire-rose-danjou-075-l-11\/#primaryimage"},"image":{"@id":"https:\/\/b2b.mvgd.pl\/index.php\/produkt\/calvet-loire-rose-danjou-075-l-11\/#primaryimage"},"thumbnailUrl":"https:\/\/b2b.mvgd.pl\/wp-content\/uploads\/2026\/02\/Calvet-Loire-Rose-dAnjou-075.png","datePublished":"2026-02-16T18:57:21+00:00","dateModified":"2026-02-16T18:59:00+00:00","breadcrumb":{"@id":"https:\/\/b2b.mvgd.pl\/index.php\/produkt\/calvet-loire-rose-danjou-075-l-11\/#breadcrumb"},"inLanguage":"pl-PL","potentialAction":[{"@type":"ReadAction","target":["https:\/\/b2b.mvgd.pl\/index.php\/produkt\/calvet-loire-rose-danjou-075-l-11\/"]}]},{"@type":"ImageObject","inLanguage":"pl-PL","@id":"https:\/\/b2b.mvgd.pl\/index.php\/produkt\/calvet-loire-rose-danjou-075-l-11\/#primaryimage","url":"https:\/\/b2b.mvgd.pl\/wp-content\/uploads\/2026\/02\/Calvet-Loire-Rose-dAnjou-075.png","contentUrl":"https:\/\/b2b.mvgd.pl\/wp-content\/uploads\/2026\/02\/Calvet-Loire-Rose-dAnjou-075.png","width":900,"height":1200},{"@type":"BreadcrumbList","@id":"https:\/\/b2b.mvgd.pl\/index.php\/produkt\/calvet-loire-rose-danjou-075-l-11\/#breadcrumb","itemListElement":[{"@type":"ListItem","position":1,"name":"Strona g\u0142\u00f3wna","item":"https:\/\/b2b.mvgd.pl\/"},{"@type":"ListItem","position":2,"name":"Shop","item":"https:\/\/b2b.mvgd.pl\/index.php\/shop\/"},{"@type":"ListItem","position":3,"name":"Calvet Loire Rose d&#8217;Anjou 0,75\u202fl, 11%"}]},{"@type":"WebSite","@id":"https:\/\/b2b.mvgd.pl\/#website","url":"https:\/\/b2b.mvgd.pl\/","name":"B2B MVGD PL","description":"","potentialAction":[{"@type":"SearchAction","target":{"@type":"EntryPoint","urlTemplate":"https:\/\/b2b.mvgd.pl\/?s={search_term_string}"},"query-input":{"@type":"PropertyValueSpecification","valueRequired":true,"valueName":"search_term_string"}}],"inLanguage":"pl-PL"}]}},"jetpack_sharing_enabled":true,"_links":{"self":[{"href":"https:\/\/b2b.mvgd.pl\/index.php\/wp-json\/wp\/v2\/product\/897","targetHints":{"allow":["GET"]}}],"collection":[{"href":"https:\/\/b2b.mvgd.pl\/index.php\/wp-json\/wp\/v2\/product"}],"about":[{"href":"https:\/\/b2b.mvgd.pl\/index.php\/wp-json\/wp\/v2\/types\/product"}],"replies":[{"embeddable":true,"href":"https:\/\/b2b.mvgd.pl\/index.php\/wp-json\/wp\/v2\/comments?post=897"}],"version-history":[{"count":0,"href":"https:\/\/b2b.mvgd.pl\/index.php\/wp-json\/wp\/v2\/product\/897\/revisions"}],"wp:featuredmedia":[{"embeddable":true,"href":"https:\/\/b2b.mvgd.pl\/index.php\/wp-json\/wp\/v2\/media\/948"}],"wp:attachment":[{"href":"https:\/\/b2b.mvgd.pl\/index.php\/wp-json\/wp\/v2\/media?parent=897"}],"wp:term":[{"taxonomy":"product_brand","embeddable":true,"href":"https:\/\/b2b.mvgd.pl\/index.php\/wp-json\/wp\/v2\/product_brand?post=897"},{"taxonomy":"product_cat","embeddable":true,"href":"https:\/\/b2b.mvgd.pl\/index.php\/wp-json\/wp\/v2\/product_cat?post=897"},{"taxonomy":"product_tag","embeddable":true,"href":"https:\/\/b2b.mvgd.pl\/index.php\/wp-json\/wp\/v2\/product_tag?post=897"}],"curies":[{"name":"wp","href":"https:\/\/api.w.org\/{rel}","templated":true}]}}