{"id":88,"date":"2026-02-16T18:32:20","date_gmt":"2026-02-16T18:32:20","guid":{"rendered":"https:\/\/b2b.mvgd.pl\/?post_type=product&#038;p=88"},"modified":"2026-02-16T18:34:29","modified_gmt":"2026-02-16T18:34:29","slug":"stumbras-vodka-distinct-potato-05l-40","status":"publish","type":"product","link":"https:\/\/b2b.mvgd.pl\/index.php\/produkt\/stumbras-vodka-distinct-potato-05l-40\/","title":{"rendered":"Stumbras Vodka Distinct Potato 0,5l 40%"},"content":{"rendered":"<h2><strong>Unikalna i wyr\u00f3\u017cniaj\u0105ca si\u0119<\/strong><\/h2>\n<p>Linia, w ramach kt\u00f3rej produkty Stumbrasmaj\u0105 sw\u00f3j unikalny charakter i styl dzi\u0119ki wyj\u0105tkowym produktom, z kt\u00f3rych pochodz\u0105: m\u0142ody ziemniak i pszenica ozima. Produkty te s\u0105 rzadziej dost\u0119pne, maj\u0105 pe\u0142niejszy, bogatszy smak i dzi\u0119ki nim linia Distinct ma wyj\u0105tkowy, unikalny charakter i wyr\u00f3\u017cnia si\u0119 na p\u00f3\u0142ce w\u015br\u00f3d konkurencji.<\/p>\n<h2><strong>O najwy\u017cszej jako\u015bci<\/strong><\/h2>\n<p>Aby otrzyma\u0107 produkty najwy\u017cszej jako\u015bci linia DISTINCT zosta\u0142a poddana wielokrotnej filtracji: Winter Wheat 5-krotniej, a Young Potato 8-krotnie przy u\u017cyciu najwy\u017cszej jako\u015bci systemu multifiltracji.<\/p>\n","protected":false},"excerpt":{"rendered":"<p>To naturalnie bezglutenowa, 8-krotnie destylowana w\u00f3dka z nut\u0105 ziemist\u0105. Wytwarzana wy\u0142\u0105cznie z wyselekcjonowanych m\u0142odych ziemniak\u00f3w.<\/p>\n","protected":false},"featured_media":158,"comment_status":"open","ping_status":"closed","template":"","meta":[],"product_brand":[],"product_cat":[118],"product_tag":[143,121,144,122,145],"class_list":{"0":"post-88","1":"product","2":"type-product","3":"status-publish","4":"has-post-thumbnail","6":"product_cat-wodka","7":"product_tag-mlody-ziemniak","8":"product_tag-stumbras","9":"product_tag-stumbras-distinct","10":"product_tag-wodka","11":"product_tag-ziemniak","13":"first","14":"instock","15":"shipping-taxable","16":"product-type-simple"},"yoast_head":"<!-- This site is optimized with the Yoast SEO plugin v26.9 - https:\/\/yoast.com\/product\/yoast-seo-wordpress\/ -->\n<title>Stumbras Vodka Distinct Potato 0,5l 40% - B2B MVGD PL<\/title>\n<meta name=\"robots\" content=\"index, follow, max-snippet:-1, max-image-preview:large, max-video-preview:-1\" \/>\n<link rel=\"canonical\" href=\"https:\/\/b2b.mvgd.pl\/index.php\/produkt\/stumbras-vodka-distinct-potato-05l-40\/\" \/>\n<meta property=\"og:locale\" content=\"pl_PL\" \/>\n<meta property=\"og:type\" content=\"article\" \/>\n<meta property=\"og:title\" content=\"Stumbras Vodka Distinct Potato 0,5l 40% - B2B MVGD PL\" \/>\n<meta property=\"og:description\" content=\"To naturalnie bezglutenowa, 8-krotnie destylowana w\u00f3dka z nut\u0105 ziemist\u0105. Wytwarzana wy\u0142\u0105cznie z wyselekcjonowanych m\u0142odych ziemniak\u00f3w.\" \/>\n<meta property=\"og:url\" content=\"https:\/\/b2b.mvgd.pl\/index.php\/produkt\/stumbras-vodka-distinct-potato-05l-40\/\" \/>\n<meta property=\"og:site_name\" content=\"B2B MVGD PL\" \/>\n<meta property=\"article:modified_time\" content=\"2026-02-16T18:34:29+00:00\" \/>\n<meta name=\"twitter:card\" content=\"summary_large_image\" \/>\n<meta name=\"twitter:label1\" content=\"Szacowany czas czytania\" \/>\n\t<meta name=\"twitter:data1\" content=\"1 minuta\" \/>\n<script type=\"application\/ld+json\" class=\"yoast-schema-graph\">{\"@context\":\"https:\/\/schema.org\",\"@graph\":[{\"@type\":\"WebPage\",\"@id\":\"https:\/\/b2b.mvgd.pl\/index.php\/produkt\/stumbras-vodka-distinct-potato-05l-40\/\",\"url\":\"https:\/\/b2b.mvgd.pl\/index.php\/produkt\/stumbras-vodka-distinct-potato-05l-40\/\",\"name\":\"Stumbras Vodka Distinct Potato 0,5l 40% - B2B MVGD PL\",\"isPartOf\":{\"@id\":\"https:\/\/b2b.mvgd.pl\/#website\"},\"primaryImageOfPage\":{\"@id\":\"https:\/\/b2b.mvgd.pl\/index.php\/produkt\/stumbras-vodka-distinct-potato-05l-40\/#primaryimage\"},\"image\":{\"@id\":\"https:\/\/b2b.mvgd.pl\/index.php\/produkt\/stumbras-vodka-distinct-potato-05l-40\/#primaryimage\"},\"thumbnailUrl\":\"https:\/\/b2b.mvgd.pl\/wp-content\/uploads\/2026\/02\/PDESTU1434.png\",\"datePublished\":\"2026-02-16T18:32:20+00:00\",\"dateModified\":\"2026-02-16T18:34:29+00:00\",\"breadcrumb\":{\"@id\":\"https:\/\/b2b.mvgd.pl\/index.php\/produkt\/stumbras-vodka-distinct-potato-05l-40\/#breadcrumb\"},\"inLanguage\":\"pl-PL\",\"potentialAction\":[{\"@type\":\"ReadAction\",\"target\":[\"https:\/\/b2b.mvgd.pl\/index.php\/produkt\/stumbras-vodka-distinct-potato-05l-40\/\"]}]},{\"@type\":\"ImageObject\",\"inLanguage\":\"pl-PL\",\"@id\":\"https:\/\/b2b.mvgd.pl\/index.php\/produkt\/stumbras-vodka-distinct-potato-05l-40\/#primaryimage\",\"url\":\"https:\/\/b2b.mvgd.pl\/wp-content\/uploads\/2026\/02\/PDESTU1434.png\",\"contentUrl\":\"https:\/\/b2b.mvgd.pl\/wp-content\/uploads\/2026\/02\/PDESTU1434.png\",\"width\":900,\"height\":1200},{\"@type\":\"BreadcrumbList\",\"@id\":\"https:\/\/b2b.mvgd.pl\/index.php\/produkt\/stumbras-vodka-distinct-potato-05l-40\/#breadcrumb\",\"itemListElement\":[{\"@type\":\"ListItem\",\"position\":1,\"name\":\"Strona g\u0142\u00f3wna\",\"item\":\"https:\/\/b2b.mvgd.pl\/\"},{\"@type\":\"ListItem\",\"position\":2,\"name\":\"Shop\",\"item\":\"https:\/\/b2b.mvgd.pl\/index.php\/shop\/\"},{\"@type\":\"ListItem\",\"position\":3,\"name\":\"Stumbras Vodka Distinct Potato 0,5l 40%\"}]},{\"@type\":\"WebSite\",\"@id\":\"https:\/\/b2b.mvgd.pl\/#website\",\"url\":\"https:\/\/b2b.mvgd.pl\/\",\"name\":\"B2B MVGD PL\",\"description\":\"\",\"potentialAction\":[{\"@type\":\"SearchAction\",\"target\":{\"@type\":\"EntryPoint\",\"urlTemplate\":\"https:\/\/b2b.mvgd.pl\/?s={search_term_string}\"},\"query-input\":{\"@type\":\"PropertyValueSpecification\",\"valueRequired\":true,\"valueName\":\"search_term_string\"}}],\"inLanguage\":\"pl-PL\"}]}<\/script>\n<!-- \/ Yoast SEO plugin. -->","yoast_head_json":{"title":"Stumbras Vodka Distinct Potato 0,5l 40% - B2B MVGD PL","robots":{"index":"index","follow":"follow","max-snippet":"max-snippet:-1","max-image-preview":"max-image-preview:large","max-video-preview":"max-video-preview:-1"},"canonical":"https:\/\/b2b.mvgd.pl\/index.php\/produkt\/stumbras-vodka-distinct-potato-05l-40\/","og_locale":"pl_PL","og_type":"article","og_title":"Stumbras Vodka Distinct Potato 0,5l 40% - B2B MVGD PL","og_description":"To naturalnie bezglutenowa, 8-krotnie destylowana w\u00f3dka z nut\u0105 ziemist\u0105. Wytwarzana wy\u0142\u0105cznie z wyselekcjonowanych m\u0142odych ziemniak\u00f3w.","og_url":"https:\/\/b2b.mvgd.pl\/index.php\/produkt\/stumbras-vodka-distinct-potato-05l-40\/","og_site_name":"B2B MVGD PL","article_modified_time":"2026-02-16T18:34:29+00:00","twitter_card":"summary_large_image","twitter_misc":{"Szacowany czas czytania":"1 minuta"},"schema":{"@context":"https:\/\/schema.org","@graph":[{"@type":"WebPage","@id":"https:\/\/b2b.mvgd.pl\/index.php\/produkt\/stumbras-vodka-distinct-potato-05l-40\/","url":"https:\/\/b2b.mvgd.pl\/index.php\/produkt\/stumbras-vodka-distinct-potato-05l-40\/","name":"Stumbras Vodka Distinct Potato 0,5l 40% - B2B MVGD PL","isPartOf":{"@id":"https:\/\/b2b.mvgd.pl\/#website"},"primaryImageOfPage":{"@id":"https:\/\/b2b.mvgd.pl\/index.php\/produkt\/stumbras-vodka-distinct-potato-05l-40\/#primaryimage"},"image":{"@id":"https:\/\/b2b.mvgd.pl\/index.php\/produkt\/stumbras-vodka-distinct-potato-05l-40\/#primaryimage"},"thumbnailUrl":"https:\/\/b2b.mvgd.pl\/wp-content\/uploads\/2026\/02\/PDESTU1434.png","datePublished":"2026-02-16T18:32:20+00:00","dateModified":"2026-02-16T18:34:29+00:00","breadcrumb":{"@id":"https:\/\/b2b.mvgd.pl\/index.php\/produkt\/stumbras-vodka-distinct-potato-05l-40\/#breadcrumb"},"inLanguage":"pl-PL","potentialAction":[{"@type":"ReadAction","target":["https:\/\/b2b.mvgd.pl\/index.php\/produkt\/stumbras-vodka-distinct-potato-05l-40\/"]}]},{"@type":"ImageObject","inLanguage":"pl-PL","@id":"https:\/\/b2b.mvgd.pl\/index.php\/produkt\/stumbras-vodka-distinct-potato-05l-40\/#primaryimage","url":"https:\/\/b2b.mvgd.pl\/wp-content\/uploads\/2026\/02\/PDESTU1434.png","contentUrl":"https:\/\/b2b.mvgd.pl\/wp-content\/uploads\/2026\/02\/PDESTU1434.png","width":900,"height":1200},{"@type":"BreadcrumbList","@id":"https:\/\/b2b.mvgd.pl\/index.php\/produkt\/stumbras-vodka-distinct-potato-05l-40\/#breadcrumb","itemListElement":[{"@type":"ListItem","position":1,"name":"Strona g\u0142\u00f3wna","item":"https:\/\/b2b.mvgd.pl\/"},{"@type":"ListItem","position":2,"name":"Shop","item":"https:\/\/b2b.mvgd.pl\/index.php\/shop\/"},{"@type":"ListItem","position":3,"name":"Stumbras Vodka Distinct Potato 0,5l 40%"}]},{"@type":"WebSite","@id":"https:\/\/b2b.mvgd.pl\/#website","url":"https:\/\/b2b.mvgd.pl\/","name":"B2B MVGD PL","description":"","potentialAction":[{"@type":"SearchAction","target":{"@type":"EntryPoint","urlTemplate":"https:\/\/b2b.mvgd.pl\/?s={search_term_string}"},"query-input":{"@type":"PropertyValueSpecification","valueRequired":true,"valueName":"search_term_string"}}],"inLanguage":"pl-PL"}]}},"jetpack_sharing_enabled":true,"_links":{"self":[{"href":"https:\/\/b2b.mvgd.pl\/index.php\/wp-json\/wp\/v2\/product\/88","targetHints":{"allow":["GET"]}}],"collection":[{"href":"https:\/\/b2b.mvgd.pl\/index.php\/wp-json\/wp\/v2\/product"}],"about":[{"href":"https:\/\/b2b.mvgd.pl\/index.php\/wp-json\/wp\/v2\/types\/product"}],"replies":[{"embeddable":true,"href":"https:\/\/b2b.mvgd.pl\/index.php\/wp-json\/wp\/v2\/comments?post=88"}],"version-history":[{"count":0,"href":"https:\/\/b2b.mvgd.pl\/index.php\/wp-json\/wp\/v2\/product\/88\/revisions"}],"wp:featuredmedia":[{"embeddable":true,"href":"https:\/\/b2b.mvgd.pl\/index.php\/wp-json\/wp\/v2\/media\/158"}],"wp:attachment":[{"href":"https:\/\/b2b.mvgd.pl\/index.php\/wp-json\/wp\/v2\/media?parent=88"}],"wp:term":[{"taxonomy":"product_brand","embeddable":true,"href":"https:\/\/b2b.mvgd.pl\/index.php\/wp-json\/wp\/v2\/product_brand?post=88"},{"taxonomy":"product_cat","embeddable":true,"href":"https:\/\/b2b.mvgd.pl\/index.php\/wp-json\/wp\/v2\/product_cat?post=88"},{"taxonomy":"product_tag","embeddable":true,"href":"https:\/\/b2b.mvgd.pl\/index.php\/wp-json\/wp\/v2\/product_tag?post=88"}],"curies":[{"name":"wp","href":"https:\/\/api.w.org\/{rel}","templated":true}]}}