{"id":856,"date":"2026-02-16T18:56:11","date_gmt":"2026-02-16T18:56:11","guid":{"rendered":"https:\/\/b2b.mvgd.pl\/?post_type=product&#038;p=856"},"modified":"2026-02-16T18:57:43","modified_gmt":"2026-02-16T18:57:43","slug":"calvet-cremant-de-bordeaux-brut-rose-075l-12-2","status":"publish","type":"product","link":"https:\/\/b2b.mvgd.pl\/index.php\/produkt\/calvet-cremant-de-bordeaux-brut-rose-075l-12-2\/","title":{"rendered":"Calvet Cr\u00e9mant de Bordeaux Brut Ros\u00e9 0,75l 12%"},"content":{"rendered":"<p data-start=\"692\" data-end=\"705\"><strong>Wygl\u0105d<\/strong>: <span class=\"relative -mx-px my-[-0.2rem] rounded px-px py-[0.2rem] transition-colors duration-100 ease-in-out\">Jasnor\u00f3\u017cowy kolor z fioletowymi refleksami i drobna perlisto\u015b\u0107.<\/span><\/p>\n<p data-start=\"802\" data-end=\"882\"><span class=\"relative -mx-px my-[-0.2rem] rounded px-px py-[0.2rem] transition-colors duration-100 ease-in-out\"><strong>Aromat:<\/strong> \u015awie\u017ce aromaty czerwonych owoc\u00f3w \u2014 malina, truskawka, czerwona porzeczka \u2014 z delikatn\u0105 nut\u0105 biszkoptu i li\u015bcia liczi<\/span> .<\/p>\n<p data-start=\"884\" data-end=\"895\"><strong>Smak: <\/strong><span class=\"relative -mx-px my-[-0.2rem] rounded px-px py-[0.2rem] transition-colors duration-100 ease-in-out\">Wytrawne i soczyste, z dobrze zbalansowan\u0105 kwasowo\u015bci\u0105. W ustach pojawiaj\u0105 si\u0119 nuty czerwonych owoc\u00f3w, subtelna mineralno\u015b\u0107 i delikatna s\u0142odycz w finiszu<\/span> .<\/p>\n<p data-start=\"978\" data-end=\"1004\"><strong>Potencja\u0142 starzenia:<\/strong> <span class=\"relative -mx-px my-[-0.2rem] rounded px-px py-[0.2rem] transition-colors duration-100 ease-in-out\">Zalecane do wypicia w ci\u0105gu 1\u20135 lat od rocznika<\/span> .<\/p>\n<p data-start=\"1087\" data-end=\"1115\"><strong>Temperatura podawania:<\/strong> <span class=\"relative -mx-px my-[-0.2rem] rounded px-px py-[0.2rem] transition-colors duration-100 ease-in-out\">6\u20138\u202f\u00b0C<\/span><\/p>\n<p data-start=\"1198\" data-end=\"1222\"><strong>Pairing kulinarny: <\/strong><span class=\"relative -mx-px my-[-0.2rem] rounded px-px py-[0.2rem] transition-colors duration-100 ease-in-out\">\u015awietne jako aperitif, do owoc\u00f3w morza (ostrygi, krewetki), sushi, letnich sa\u0142atek oraz lekkich deser\u00f3w.<\/span><\/p>\n","protected":false},"excerpt":{"rendered":"<div class=\"flex max-w-full flex-col grow\">\n<div class=\"min-h-8 text-message relative flex w-full flex-col items-end gap-2 text-start break-words whitespace-normal [.text-message+&amp;]:mt-5\" dir=\"auto\" data-message-author-role=\"assistant\" data-message-id=\"259775c1-e0be-4dbd-a7bf-beb9da96f79c\" data-message-model-slug=\"gpt-4o\">\n<div class=\"flex w-full flex-col gap-1 empty:hidden first:pt-[3px]\">\n<div class=\"markdown prose dark:prose-invert w-full break-words dark\">\n<p data-start=\"330\" data-end=\"754\">Wytrawne, r\u00f3\u017cowe musuj\u0105ce z Bordeaux, produkowane metod\u0105 tradycyjn\u0105. Aromaty malin i truskawek, delikatna nuta liczi i biszkoptu. \u015awie\u017ce, dojrza\u0142e i eleganckie \u2013 idealne na aperitif oraz do da\u0144 z owocami morza.<\/p>\n<\/div>\n<\/div>\n<\/div>\n<\/div>\n","protected":false},"featured_media":907,"comment_status":"closed","ping_status":"closed","template":"","meta":[],"product_brand":[],"product_cat":[950,676,18],"product_tag":[951,731,959,320,321],"class_list":{"0":"post-856","1":"product","2":"type-product","3":"status-publish","4":"has-post-thumbnail","6":"product_cat-bordeaux","7":"product_cat-francja","8":"product_cat-wina","9":"product_tag-calvet","10":"product_tag-musujace","11":"product_tag-rozowe","12":"product_tag-wino","13":"product_tag-wytrawne","15":"first","16":"instock","17":"shipping-taxable","18":"purchasable","19":"product-type-simple"},"yoast_head":"<!-- This site is optimized with the Yoast SEO plugin v26.9 - https:\/\/yoast.com\/product\/yoast-seo-wordpress\/ -->\n<title>Calvet Cr\u00e9mant de Bordeaux Brut Ros\u00e9 0,75l 12% - B2B MVGD PL<\/title>\n<meta name=\"robots\" content=\"index, follow, max-snippet:-1, max-image-preview:large, max-video-preview:-1\" \/>\n<link rel=\"canonical\" href=\"https:\/\/b2b.mvgd.pl\/index.php\/produkt\/calvet-cremant-de-bordeaux-brut-rose-075l-12-2\/\" \/>\n<meta property=\"og:locale\" content=\"pl_PL\" \/>\n<meta property=\"og:type\" content=\"article\" \/>\n<meta property=\"og:title\" content=\"Calvet Cr\u00e9mant de Bordeaux Brut Ros\u00e9 0,75l 12% - B2B MVGD PL\" \/>\n<meta property=\"og:description\" content=\"Wytrawne, r\u00f3\u017cowe musuj\u0105ce z Bordeaux, produkowane metod\u0105 tradycyjn\u0105. Aromaty malin i truskawek, delikatna nuta liczi i biszkoptu. \u015awie\u017ce, dojrza\u0142e i eleganckie \u2013 idealne na aperitif oraz do da\u0144 z owocami morza.\" \/>\n<meta property=\"og:url\" content=\"https:\/\/b2b.mvgd.pl\/index.php\/produkt\/calvet-cremant-de-bordeaux-brut-rose-075l-12-2\/\" \/>\n<meta property=\"og:site_name\" content=\"B2B MVGD PL\" \/>\n<meta property=\"article:modified_time\" content=\"2026-02-16T18:57:43+00:00\" \/>\n<meta name=\"twitter:card\" content=\"summary_large_image\" \/>\n<script type=\"application\/ld+json\" class=\"yoast-schema-graph\">{\"@context\":\"https:\/\/schema.org\",\"@graph\":[{\"@type\":\"WebPage\",\"@id\":\"https:\/\/b2b.mvgd.pl\/index.php\/produkt\/calvet-cremant-de-bordeaux-brut-rose-075l-12-2\/\",\"url\":\"https:\/\/b2b.mvgd.pl\/index.php\/produkt\/calvet-cremant-de-bordeaux-brut-rose-075l-12-2\/\",\"name\":\"Calvet Cr\u00e9mant de Bordeaux Brut Ros\u00e9 0,75l 12% - B2B MVGD PL\",\"isPartOf\":{\"@id\":\"https:\/\/b2b.mvgd.pl\/#website\"},\"primaryImageOfPage\":{\"@id\":\"https:\/\/b2b.mvgd.pl\/index.php\/produkt\/calvet-cremant-de-bordeaux-brut-rose-075l-12-2\/#primaryimage\"},\"image\":{\"@id\":\"https:\/\/b2b.mvgd.pl\/index.php\/produkt\/calvet-cremant-de-bordeaux-brut-rose-075l-12-2\/#primaryimage\"},\"thumbnailUrl\":\"https:\/\/b2b.mvgd.pl\/wp-content\/uploads\/2026\/02\/Calvet-Cremant-de-Bordeaux-Brut-Rose-075.png\",\"datePublished\":\"2026-02-16T18:56:11+00:00\",\"dateModified\":\"2026-02-16T18:57:43+00:00\",\"breadcrumb\":{\"@id\":\"https:\/\/b2b.mvgd.pl\/index.php\/produkt\/calvet-cremant-de-bordeaux-brut-rose-075l-12-2\/#breadcrumb\"},\"inLanguage\":\"pl-PL\",\"potentialAction\":[{\"@type\":\"ReadAction\",\"target\":[\"https:\/\/b2b.mvgd.pl\/index.php\/produkt\/calvet-cremant-de-bordeaux-brut-rose-075l-12-2\/\"]}]},{\"@type\":\"ImageObject\",\"inLanguage\":\"pl-PL\",\"@id\":\"https:\/\/b2b.mvgd.pl\/index.php\/produkt\/calvet-cremant-de-bordeaux-brut-rose-075l-12-2\/#primaryimage\",\"url\":\"https:\/\/b2b.mvgd.pl\/wp-content\/uploads\/2026\/02\/Calvet-Cremant-de-Bordeaux-Brut-Rose-075.png\",\"contentUrl\":\"https:\/\/b2b.mvgd.pl\/wp-content\/uploads\/2026\/02\/Calvet-Cremant-de-Bordeaux-Brut-Rose-075.png\",\"width\":900,\"height\":1200},{\"@type\":\"BreadcrumbList\",\"@id\":\"https:\/\/b2b.mvgd.pl\/index.php\/produkt\/calvet-cremant-de-bordeaux-brut-rose-075l-12-2\/#breadcrumb\",\"itemListElement\":[{\"@type\":\"ListItem\",\"position\":1,\"name\":\"Strona g\u0142\u00f3wna\",\"item\":\"https:\/\/b2b.mvgd.pl\/\"},{\"@type\":\"ListItem\",\"position\":2,\"name\":\"Shop\",\"item\":\"https:\/\/b2b.mvgd.pl\/index.php\/shop\/\"},{\"@type\":\"ListItem\",\"position\":3,\"name\":\"Calvet Cr\u00e9mant de Bordeaux Brut Ros\u00e9 0,75l 12%\"}]},{\"@type\":\"WebSite\",\"@id\":\"https:\/\/b2b.mvgd.pl\/#website\",\"url\":\"https:\/\/b2b.mvgd.pl\/\",\"name\":\"B2B MVGD PL\",\"description\":\"\",\"potentialAction\":[{\"@type\":\"SearchAction\",\"target\":{\"@type\":\"EntryPoint\",\"urlTemplate\":\"https:\/\/b2b.mvgd.pl\/?s={search_term_string}\"},\"query-input\":{\"@type\":\"PropertyValueSpecification\",\"valueRequired\":true,\"valueName\":\"search_term_string\"}}],\"inLanguage\":\"pl-PL\"}]}<\/script>\n<!-- \/ Yoast SEO plugin. -->","yoast_head_json":{"title":"Calvet Cr\u00e9mant de Bordeaux Brut Ros\u00e9 0,75l 12% - B2B MVGD PL","robots":{"index":"index","follow":"follow","max-snippet":"max-snippet:-1","max-image-preview":"max-image-preview:large","max-video-preview":"max-video-preview:-1"},"canonical":"https:\/\/b2b.mvgd.pl\/index.php\/produkt\/calvet-cremant-de-bordeaux-brut-rose-075l-12-2\/","og_locale":"pl_PL","og_type":"article","og_title":"Calvet Cr\u00e9mant de Bordeaux Brut Ros\u00e9 0,75l 12% - B2B MVGD PL","og_description":"Wytrawne, r\u00f3\u017cowe musuj\u0105ce z Bordeaux, produkowane metod\u0105 tradycyjn\u0105. Aromaty malin i truskawek, delikatna nuta liczi i biszkoptu. \u015awie\u017ce, dojrza\u0142e i eleganckie \u2013 idealne na aperitif oraz do da\u0144 z owocami morza.","og_url":"https:\/\/b2b.mvgd.pl\/index.php\/produkt\/calvet-cremant-de-bordeaux-brut-rose-075l-12-2\/","og_site_name":"B2B MVGD PL","article_modified_time":"2026-02-16T18:57:43+00:00","twitter_card":"summary_large_image","schema":{"@context":"https:\/\/schema.org","@graph":[{"@type":"WebPage","@id":"https:\/\/b2b.mvgd.pl\/index.php\/produkt\/calvet-cremant-de-bordeaux-brut-rose-075l-12-2\/","url":"https:\/\/b2b.mvgd.pl\/index.php\/produkt\/calvet-cremant-de-bordeaux-brut-rose-075l-12-2\/","name":"Calvet Cr\u00e9mant de Bordeaux Brut Ros\u00e9 0,75l 12% - B2B MVGD PL","isPartOf":{"@id":"https:\/\/b2b.mvgd.pl\/#website"},"primaryImageOfPage":{"@id":"https:\/\/b2b.mvgd.pl\/index.php\/produkt\/calvet-cremant-de-bordeaux-brut-rose-075l-12-2\/#primaryimage"},"image":{"@id":"https:\/\/b2b.mvgd.pl\/index.php\/produkt\/calvet-cremant-de-bordeaux-brut-rose-075l-12-2\/#primaryimage"},"thumbnailUrl":"https:\/\/b2b.mvgd.pl\/wp-content\/uploads\/2026\/02\/Calvet-Cremant-de-Bordeaux-Brut-Rose-075.png","datePublished":"2026-02-16T18:56:11+00:00","dateModified":"2026-02-16T18:57:43+00:00","breadcrumb":{"@id":"https:\/\/b2b.mvgd.pl\/index.php\/produkt\/calvet-cremant-de-bordeaux-brut-rose-075l-12-2\/#breadcrumb"},"inLanguage":"pl-PL","potentialAction":[{"@type":"ReadAction","target":["https:\/\/b2b.mvgd.pl\/index.php\/produkt\/calvet-cremant-de-bordeaux-brut-rose-075l-12-2\/"]}]},{"@type":"ImageObject","inLanguage":"pl-PL","@id":"https:\/\/b2b.mvgd.pl\/index.php\/produkt\/calvet-cremant-de-bordeaux-brut-rose-075l-12-2\/#primaryimage","url":"https:\/\/b2b.mvgd.pl\/wp-content\/uploads\/2026\/02\/Calvet-Cremant-de-Bordeaux-Brut-Rose-075.png","contentUrl":"https:\/\/b2b.mvgd.pl\/wp-content\/uploads\/2026\/02\/Calvet-Cremant-de-Bordeaux-Brut-Rose-075.png","width":900,"height":1200},{"@type":"BreadcrumbList","@id":"https:\/\/b2b.mvgd.pl\/index.php\/produkt\/calvet-cremant-de-bordeaux-brut-rose-075l-12-2\/#breadcrumb","itemListElement":[{"@type":"ListItem","position":1,"name":"Strona g\u0142\u00f3wna","item":"https:\/\/b2b.mvgd.pl\/"},{"@type":"ListItem","position":2,"name":"Shop","item":"https:\/\/b2b.mvgd.pl\/index.php\/shop\/"},{"@type":"ListItem","position":3,"name":"Calvet Cr\u00e9mant de Bordeaux Brut Ros\u00e9 0,75l 12%"}]},{"@type":"WebSite","@id":"https:\/\/b2b.mvgd.pl\/#website","url":"https:\/\/b2b.mvgd.pl\/","name":"B2B MVGD PL","description":"","potentialAction":[{"@type":"SearchAction","target":{"@type":"EntryPoint","urlTemplate":"https:\/\/b2b.mvgd.pl\/?s={search_term_string}"},"query-input":{"@type":"PropertyValueSpecification","valueRequired":true,"valueName":"search_term_string"}}],"inLanguage":"pl-PL"}]}},"jetpack_sharing_enabled":true,"_links":{"self":[{"href":"https:\/\/b2b.mvgd.pl\/index.php\/wp-json\/wp\/v2\/product\/856","targetHints":{"allow":["GET"]}}],"collection":[{"href":"https:\/\/b2b.mvgd.pl\/index.php\/wp-json\/wp\/v2\/product"}],"about":[{"href":"https:\/\/b2b.mvgd.pl\/index.php\/wp-json\/wp\/v2\/types\/product"}],"replies":[{"embeddable":true,"href":"https:\/\/b2b.mvgd.pl\/index.php\/wp-json\/wp\/v2\/comments?post=856"}],"version-history":[{"count":0,"href":"https:\/\/b2b.mvgd.pl\/index.php\/wp-json\/wp\/v2\/product\/856\/revisions"}],"wp:featuredmedia":[{"embeddable":true,"href":"https:\/\/b2b.mvgd.pl\/index.php\/wp-json\/wp\/v2\/media\/907"}],"wp:attachment":[{"href":"https:\/\/b2b.mvgd.pl\/index.php\/wp-json\/wp\/v2\/media?parent=856"}],"wp:term":[{"taxonomy":"product_brand","embeddable":true,"href":"https:\/\/b2b.mvgd.pl\/index.php\/wp-json\/wp\/v2\/product_brand?post=856"},{"taxonomy":"product_cat","embeddable":true,"href":"https:\/\/b2b.mvgd.pl\/index.php\/wp-json\/wp\/v2\/product_cat?post=856"},{"taxonomy":"product_tag","embeddable":true,"href":"https:\/\/b2b.mvgd.pl\/index.php\/wp-json\/wp\/v2\/product_tag?post=856"}],"curies":[{"name":"wp","href":"https:\/\/api.w.org\/{rel}","templated":true}]}}