{"id":854,"date":"2026-02-16T18:56:11","date_gmt":"2026-02-16T18:56:11","guid":{"rendered":"https:\/\/b2b.mvgd.pl\/?post_type=product&#038;p=854"},"modified":"2026-02-16T18:57:38","modified_gmt":"2026-02-16T18:57:38","slug":"calvet-cremant-de-bordeaux-demi-sec-blanc-075-l-11","status":"publish","type":"product","link":"https:\/\/b2b.mvgd.pl\/index.php\/produkt\/calvet-cremant-de-bordeaux-demi-sec-blanc-075-l-11\/","title":{"rendered":"Calvet Cr\u00e9mant de Bordeaux Demi\u2011Sec Blanc 0,75\u202fl 11%"},"content":{"rendered":"<p><span class=\"relative -mx-px my-[-0.2rem] rounded px-px py-[0.2rem] transition-colors duration-100 ease-in-out\"><strong data-start=\"0\" data-end=\"10\" data-is-only-node=\"\">Barwa:<\/strong> intensywna z\u0142oto\u2011s\u0142omkowa, drobne i trwa\u0142e musowanie<\/span><\/p>\n<p><span class=\"relative -mx-px my-[-0.2rem] rounded px-px py-[0.2rem] transition-colors duration-100 ease-in-out\"><strong data-start=\"0\" data-end=\"11\" data-is-only-node=\"\">Aromat:<\/strong> wyra\u017ane nuty \u017c\u00f3\u0142tych owoc\u00f3w i brioche<\/span><\/p>\n<p><span class=\"relative -mx-px my-[-0.2rem] rounded px-px py-[0.2rem] transition-colors duration-100 ease-in-out\"><strong data-start=\"0\" data-end=\"9\" data-is-only-node=\"\">Smak:<\/strong> \u015bwie\u017cy, dobrze zbalansowany, z delikatn\u0105 s\u0142odycz\u0105 i kremow\u0105 struktur\u0105<\/span><\/p>\n<p><strong data-start=\"0\" data-end=\"27\" data-is-only-node=\"\">Temperatura serwowania:<\/strong> 5\u20137\u202f\u00b0C<\/p>\n<p>Dobry jako aperitif, do owoc\u00f3w morza, lekkich ser\u00f3w, deser\u00f3w na bazie owoc\u00f3w i pasztet\u00f3w.<\/p>\n","protected":false},"excerpt":{"rendered":"<div class=\"flex max-w-full flex-col grow\">\n<div class=\"min-h-8 text-message relative flex w-full flex-col items-end gap-2 text-start break-words whitespace-normal [.text-message+&amp;]:mt-5\" dir=\"auto\" data-message-author-role=\"assistant\" data-message-id=\"259775c1-e0be-4dbd-a7bf-beb9da96f79c\" data-message-model-slug=\"gpt-4o\">\n<div class=\"flex w-full flex-col gap-1 empty:hidden first:pt-[3px]\">\n<div class=\"markdown prose dark:prose-invert w-full break-words dark\">\n<p data-start=\"1315\" data-end=\"1494\">P\u00f3\u0142wytrawny musuj\u0105cy Cr\u00e9mant z Bordeaux, produkowany metod\u0105 klasyczn\u0105. Nuty \u017c\u00f3\u0142tych owoc\u00f3w i brioche, \u015bwie\u017cy i dobrze zbalansowany smak. Idealny jako aperitif i do lekkich potraw.<\/p>\n<\/div>\n<\/div>\n<\/div>\n<\/div>\n","protected":false},"featured_media":905,"comment_status":"closed","ping_status":"closed","template":"","meta":[],"product_brand":[],"product_cat":[682,16],"product_tag":[757,951,731,320,321],"class_list":{"0":"post-854","1":"product","2":"type-product","3":"status-publish","4":"has-post-thumbnail","6":"product_cat-francja-wina-musujace","7":"product_cat-wina-musujace","8":"product_tag-biale","9":"product_tag-calvet","10":"product_tag-musujace","11":"product_tag-wino","12":"product_tag-wytrawne","14":"first","15":"instock","16":"shipping-taxable","17":"purchasable","18":"product-type-simple"},"yoast_head":"<!-- This site is optimized with the Yoast SEO plugin v26.9 - https:\/\/yoast.com\/product\/yoast-seo-wordpress\/ -->\n<title>Calvet Cr\u00e9mant de Bordeaux Demi\u2011Sec Blanc 0,75\u202fl 11% - B2B MVGD PL<\/title>\n<meta name=\"robots\" content=\"index, follow, max-snippet:-1, max-image-preview:large, max-video-preview:-1\" \/>\n<link rel=\"canonical\" href=\"https:\/\/b2b.mvgd.pl\/index.php\/produkt\/calvet-cremant-de-bordeaux-demi-sec-blanc-075-l-11\/\" \/>\n<meta property=\"og:locale\" content=\"pl_PL\" \/>\n<meta property=\"og:type\" content=\"article\" \/>\n<meta property=\"og:title\" content=\"Calvet Cr\u00e9mant de Bordeaux Demi\u2011Sec Blanc 0,75\u202fl 11% - B2B MVGD PL\" \/>\n<meta property=\"og:description\" content=\"P\u00f3\u0142wytrawny musuj\u0105cy Cr\u00e9mant z Bordeaux, produkowany metod\u0105 klasyczn\u0105. Nuty \u017c\u00f3\u0142tych owoc\u00f3w i brioche, \u015bwie\u017cy i dobrze zbalansowany smak. Idealny jako aperitif i do lekkich potraw.\" \/>\n<meta property=\"og:url\" content=\"https:\/\/b2b.mvgd.pl\/index.php\/produkt\/calvet-cremant-de-bordeaux-demi-sec-blanc-075-l-11\/\" \/>\n<meta property=\"og:site_name\" content=\"B2B MVGD PL\" \/>\n<meta property=\"article:modified_time\" content=\"2026-02-16T18:57:38+00:00\" \/>\n<meta name=\"twitter:card\" content=\"summary_large_image\" \/>\n<script type=\"application\/ld+json\" class=\"yoast-schema-graph\">{\"@context\":\"https:\/\/schema.org\",\"@graph\":[{\"@type\":\"WebPage\",\"@id\":\"https:\/\/b2b.mvgd.pl\/index.php\/produkt\/calvet-cremant-de-bordeaux-demi-sec-blanc-075-l-11\/\",\"url\":\"https:\/\/b2b.mvgd.pl\/index.php\/produkt\/calvet-cremant-de-bordeaux-demi-sec-blanc-075-l-11\/\",\"name\":\"Calvet Cr\u00e9mant de Bordeaux Demi\u2011Sec Blanc 0,75\u202fl 11% - B2B MVGD PL\",\"isPartOf\":{\"@id\":\"https:\/\/b2b.mvgd.pl\/#website\"},\"primaryImageOfPage\":{\"@id\":\"https:\/\/b2b.mvgd.pl\/index.php\/produkt\/calvet-cremant-de-bordeaux-demi-sec-blanc-075-l-11\/#primaryimage\"},\"image\":{\"@id\":\"https:\/\/b2b.mvgd.pl\/index.php\/produkt\/calvet-cremant-de-bordeaux-demi-sec-blanc-075-l-11\/#primaryimage\"},\"thumbnailUrl\":\"https:\/\/b2b.mvgd.pl\/wp-content\/uploads\/2026\/02\/CALVET-DEMI-SEC-CREMANT-DE-BORDEAUX-DEMI-SEC-BLANC-075.png\",\"datePublished\":\"2026-02-16T18:56:11+00:00\",\"dateModified\":\"2026-02-16T18:57:38+00:00\",\"breadcrumb\":{\"@id\":\"https:\/\/b2b.mvgd.pl\/index.php\/produkt\/calvet-cremant-de-bordeaux-demi-sec-blanc-075-l-11\/#breadcrumb\"},\"inLanguage\":\"pl-PL\",\"potentialAction\":[{\"@type\":\"ReadAction\",\"target\":[\"https:\/\/b2b.mvgd.pl\/index.php\/produkt\/calvet-cremant-de-bordeaux-demi-sec-blanc-075-l-11\/\"]}]},{\"@type\":\"ImageObject\",\"inLanguage\":\"pl-PL\",\"@id\":\"https:\/\/b2b.mvgd.pl\/index.php\/produkt\/calvet-cremant-de-bordeaux-demi-sec-blanc-075-l-11\/#primaryimage\",\"url\":\"https:\/\/b2b.mvgd.pl\/wp-content\/uploads\/2026\/02\/CALVET-DEMI-SEC-CREMANT-DE-BORDEAUX-DEMI-SEC-BLANC-075.png\",\"contentUrl\":\"https:\/\/b2b.mvgd.pl\/wp-content\/uploads\/2026\/02\/CALVET-DEMI-SEC-CREMANT-DE-BORDEAUX-DEMI-SEC-BLANC-075.png\",\"width\":900,\"height\":1200},{\"@type\":\"BreadcrumbList\",\"@id\":\"https:\/\/b2b.mvgd.pl\/index.php\/produkt\/calvet-cremant-de-bordeaux-demi-sec-blanc-075-l-11\/#breadcrumb\",\"itemListElement\":[{\"@type\":\"ListItem\",\"position\":1,\"name\":\"Strona g\u0142\u00f3wna\",\"item\":\"https:\/\/b2b.mvgd.pl\/\"},{\"@type\":\"ListItem\",\"position\":2,\"name\":\"Shop\",\"item\":\"https:\/\/b2b.mvgd.pl\/index.php\/shop\/\"},{\"@type\":\"ListItem\",\"position\":3,\"name\":\"Calvet Cr\u00e9mant de Bordeaux Demi\u2011Sec Blanc 0,75\u202fl 11%\"}]},{\"@type\":\"WebSite\",\"@id\":\"https:\/\/b2b.mvgd.pl\/#website\",\"url\":\"https:\/\/b2b.mvgd.pl\/\",\"name\":\"B2B MVGD PL\",\"description\":\"\",\"potentialAction\":[{\"@type\":\"SearchAction\",\"target\":{\"@type\":\"EntryPoint\",\"urlTemplate\":\"https:\/\/b2b.mvgd.pl\/?s={search_term_string}\"},\"query-input\":{\"@type\":\"PropertyValueSpecification\",\"valueRequired\":true,\"valueName\":\"search_term_string\"}}],\"inLanguage\":\"pl-PL\"}]}<\/script>\n<!-- \/ Yoast SEO plugin. -->","yoast_head_json":{"title":"Calvet Cr\u00e9mant de Bordeaux Demi\u2011Sec Blanc 0,75\u202fl 11% - B2B MVGD PL","robots":{"index":"index","follow":"follow","max-snippet":"max-snippet:-1","max-image-preview":"max-image-preview:large","max-video-preview":"max-video-preview:-1"},"canonical":"https:\/\/b2b.mvgd.pl\/index.php\/produkt\/calvet-cremant-de-bordeaux-demi-sec-blanc-075-l-11\/","og_locale":"pl_PL","og_type":"article","og_title":"Calvet Cr\u00e9mant de Bordeaux Demi\u2011Sec Blanc 0,75\u202fl 11% - B2B MVGD PL","og_description":"P\u00f3\u0142wytrawny musuj\u0105cy Cr\u00e9mant z Bordeaux, produkowany metod\u0105 klasyczn\u0105. Nuty \u017c\u00f3\u0142tych owoc\u00f3w i brioche, \u015bwie\u017cy i dobrze zbalansowany smak. Idealny jako aperitif i do lekkich potraw.","og_url":"https:\/\/b2b.mvgd.pl\/index.php\/produkt\/calvet-cremant-de-bordeaux-demi-sec-blanc-075-l-11\/","og_site_name":"B2B MVGD PL","article_modified_time":"2026-02-16T18:57:38+00:00","twitter_card":"summary_large_image","schema":{"@context":"https:\/\/schema.org","@graph":[{"@type":"WebPage","@id":"https:\/\/b2b.mvgd.pl\/index.php\/produkt\/calvet-cremant-de-bordeaux-demi-sec-blanc-075-l-11\/","url":"https:\/\/b2b.mvgd.pl\/index.php\/produkt\/calvet-cremant-de-bordeaux-demi-sec-blanc-075-l-11\/","name":"Calvet Cr\u00e9mant de Bordeaux Demi\u2011Sec Blanc 0,75\u202fl 11% - B2B MVGD PL","isPartOf":{"@id":"https:\/\/b2b.mvgd.pl\/#website"},"primaryImageOfPage":{"@id":"https:\/\/b2b.mvgd.pl\/index.php\/produkt\/calvet-cremant-de-bordeaux-demi-sec-blanc-075-l-11\/#primaryimage"},"image":{"@id":"https:\/\/b2b.mvgd.pl\/index.php\/produkt\/calvet-cremant-de-bordeaux-demi-sec-blanc-075-l-11\/#primaryimage"},"thumbnailUrl":"https:\/\/b2b.mvgd.pl\/wp-content\/uploads\/2026\/02\/CALVET-DEMI-SEC-CREMANT-DE-BORDEAUX-DEMI-SEC-BLANC-075.png","datePublished":"2026-02-16T18:56:11+00:00","dateModified":"2026-02-16T18:57:38+00:00","breadcrumb":{"@id":"https:\/\/b2b.mvgd.pl\/index.php\/produkt\/calvet-cremant-de-bordeaux-demi-sec-blanc-075-l-11\/#breadcrumb"},"inLanguage":"pl-PL","potentialAction":[{"@type":"ReadAction","target":["https:\/\/b2b.mvgd.pl\/index.php\/produkt\/calvet-cremant-de-bordeaux-demi-sec-blanc-075-l-11\/"]}]},{"@type":"ImageObject","inLanguage":"pl-PL","@id":"https:\/\/b2b.mvgd.pl\/index.php\/produkt\/calvet-cremant-de-bordeaux-demi-sec-blanc-075-l-11\/#primaryimage","url":"https:\/\/b2b.mvgd.pl\/wp-content\/uploads\/2026\/02\/CALVET-DEMI-SEC-CREMANT-DE-BORDEAUX-DEMI-SEC-BLANC-075.png","contentUrl":"https:\/\/b2b.mvgd.pl\/wp-content\/uploads\/2026\/02\/CALVET-DEMI-SEC-CREMANT-DE-BORDEAUX-DEMI-SEC-BLANC-075.png","width":900,"height":1200},{"@type":"BreadcrumbList","@id":"https:\/\/b2b.mvgd.pl\/index.php\/produkt\/calvet-cremant-de-bordeaux-demi-sec-blanc-075-l-11\/#breadcrumb","itemListElement":[{"@type":"ListItem","position":1,"name":"Strona g\u0142\u00f3wna","item":"https:\/\/b2b.mvgd.pl\/"},{"@type":"ListItem","position":2,"name":"Shop","item":"https:\/\/b2b.mvgd.pl\/index.php\/shop\/"},{"@type":"ListItem","position":3,"name":"Calvet Cr\u00e9mant de Bordeaux Demi\u2011Sec Blanc 0,75\u202fl 11%"}]},{"@type":"WebSite","@id":"https:\/\/b2b.mvgd.pl\/#website","url":"https:\/\/b2b.mvgd.pl\/","name":"B2B MVGD PL","description":"","potentialAction":[{"@type":"SearchAction","target":{"@type":"EntryPoint","urlTemplate":"https:\/\/b2b.mvgd.pl\/?s={search_term_string}"},"query-input":{"@type":"PropertyValueSpecification","valueRequired":true,"valueName":"search_term_string"}}],"inLanguage":"pl-PL"}]}},"jetpack_sharing_enabled":true,"_links":{"self":[{"href":"https:\/\/b2b.mvgd.pl\/index.php\/wp-json\/wp\/v2\/product\/854","targetHints":{"allow":["GET"]}}],"collection":[{"href":"https:\/\/b2b.mvgd.pl\/index.php\/wp-json\/wp\/v2\/product"}],"about":[{"href":"https:\/\/b2b.mvgd.pl\/index.php\/wp-json\/wp\/v2\/types\/product"}],"replies":[{"embeddable":true,"href":"https:\/\/b2b.mvgd.pl\/index.php\/wp-json\/wp\/v2\/comments?post=854"}],"version-history":[{"count":0,"href":"https:\/\/b2b.mvgd.pl\/index.php\/wp-json\/wp\/v2\/product\/854\/revisions"}],"wp:featuredmedia":[{"embeddable":true,"href":"https:\/\/b2b.mvgd.pl\/index.php\/wp-json\/wp\/v2\/media\/905"}],"wp:attachment":[{"href":"https:\/\/b2b.mvgd.pl\/index.php\/wp-json\/wp\/v2\/media?parent=854"}],"wp:term":[{"taxonomy":"product_brand","embeddable":true,"href":"https:\/\/b2b.mvgd.pl\/index.php\/wp-json\/wp\/v2\/product_brand?post=854"},{"taxonomy":"product_cat","embeddable":true,"href":"https:\/\/b2b.mvgd.pl\/index.php\/wp-json\/wp\/v2\/product_cat?post=854"},{"taxonomy":"product_tag","embeddable":true,"href":"https:\/\/b2b.mvgd.pl\/index.php\/wp-json\/wp\/v2\/product_tag?post=854"}],"curies":[{"name":"wp","href":"https:\/\/api.w.org\/{rel}","templated":true}]}}