{"id":845,"date":"2026-02-16T18:56:09","date_gmt":"2026-02-16T18:56:09","guid":{"rendered":"https:\/\/b2b.mvgd.pl\/?post_type=product&#038;p=845"},"modified":"2026-02-16T18:57:09","modified_gmt":"2026-02-16T18:57:09","slug":"santa-lucia-n-i-b-2018-sebino-rosso","status":"publish","type":"product","link":"https:\/\/b2b.mvgd.pl\/index.php\/produkt\/santa-lucia-n-i-b-2018-sebino-rosso\/","title":{"rendered":"Santa Lucia N.I.B 2018 Sebino Rosso"},"content":{"rendered":"<p>**Noty degustacyjne**<br \/>\nOko\u202f\u2014\u202fintensywny rubin z fioletowym refleksem.<br \/>\nNos\u202f\u2014\u202fczarna porzeczka, je\u017cyna, cedr, kakao, tyto\u0144.<br \/>\nUsta\u202f\u2014\u202fpe\u0142ne, aksamitne taniny, \u015bwietna r\u00f3wnowaga owocu i beczki.<\/p>\n<p>**Serwowanie**<br \/>\n17\u202f\u2013\u202f18\u202f\u00b0C; karaftuj 1\u202fh przed podaniem.<\/p>\n<p>**Foodpairing**<br \/>\nStek rib\u2011eye, dziczyzna, Parmigiano 36\u202fmies.<\/p>\n","protected":false},"excerpt":{"rendered":"<p>N.I.B Sebino Rosso \u2013 intensywny blend Cabernet &amp; Merlot.<\/p>\n","protected":false},"featured_media":888,"comment_status":"open","ping_status":"closed","template":"","meta":[],"product_brand":[],"product_cat":[1008,18,19],"product_tag":[],"class_list":{"0":"post-845","1":"product","2":"type-product","3":"status-publish","4":"has-post-thumbnail","6":"product_cat-lombardia","7":"product_cat-wina","8":"product_cat-wlochy-wina","10":"first","11":"instock","12":"shipping-taxable","13":"purchasable","14":"product-type-simple"},"yoast_head":"<!-- This site is optimized with the Yoast SEO plugin v26.9 - https:\/\/yoast.com\/product\/yoast-seo-wordpress\/ -->\n<title>Santa Lucia N.I.B 2018 Sebino Rosso - B2B MVGD PL<\/title>\n<meta name=\"robots\" content=\"index, follow, max-snippet:-1, max-image-preview:large, max-video-preview:-1\" \/>\n<link rel=\"canonical\" href=\"https:\/\/b2b.mvgd.pl\/index.php\/produkt\/santa-lucia-n-i-b-2018-sebino-rosso\/\" \/>\n<meta property=\"og:locale\" content=\"pl_PL\" \/>\n<meta property=\"og:type\" content=\"article\" \/>\n<meta property=\"og:title\" content=\"Santa Lucia N.I.B 2018 Sebino Rosso - B2B MVGD PL\" \/>\n<meta property=\"og:description\" content=\"N.I.B Sebino Rosso \u2013 intensywny blend Cabernet &amp; Merlot.\" \/>\n<meta property=\"og:url\" content=\"https:\/\/b2b.mvgd.pl\/index.php\/produkt\/santa-lucia-n-i-b-2018-sebino-rosso\/\" \/>\n<meta property=\"og:site_name\" content=\"B2B MVGD PL\" \/>\n<meta property=\"article:modified_time\" content=\"2026-02-16T18:57:09+00:00\" \/>\n<meta name=\"twitter:card\" content=\"summary_large_image\" \/>\n<script type=\"application\/ld+json\" class=\"yoast-schema-graph\">{\"@context\":\"https:\/\/schema.org\",\"@graph\":[{\"@type\":\"WebPage\",\"@id\":\"https:\/\/b2b.mvgd.pl\/index.php\/produkt\/santa-lucia-n-i-b-2018-sebino-rosso\/\",\"url\":\"https:\/\/b2b.mvgd.pl\/index.php\/produkt\/santa-lucia-n-i-b-2018-sebino-rosso\/\",\"name\":\"Santa Lucia N.I.B 2018 Sebino Rosso - B2B MVGD PL\",\"isPartOf\":{\"@id\":\"https:\/\/b2b.mvgd.pl\/#website\"},\"primaryImageOfPage\":{\"@id\":\"https:\/\/b2b.mvgd.pl\/index.php\/produkt\/santa-lucia-n-i-b-2018-sebino-rosso\/#primaryimage\"},\"image\":{\"@id\":\"https:\/\/b2b.mvgd.pl\/index.php\/produkt\/santa-lucia-n-i-b-2018-sebino-rosso\/#primaryimage\"},\"thumbnailUrl\":\"https:\/\/b2b.mvgd.pl\/wp-content\/uploads\/2026\/02\/Santa-Lucia-N.I.B-2018-Sebino-Rosso.png\",\"datePublished\":\"2026-02-16T18:56:09+00:00\",\"dateModified\":\"2026-02-16T18:57:09+00:00\",\"breadcrumb\":{\"@id\":\"https:\/\/b2b.mvgd.pl\/index.php\/produkt\/santa-lucia-n-i-b-2018-sebino-rosso\/#breadcrumb\"},\"inLanguage\":\"pl-PL\",\"potentialAction\":[{\"@type\":\"ReadAction\",\"target\":[\"https:\/\/b2b.mvgd.pl\/index.php\/produkt\/santa-lucia-n-i-b-2018-sebino-rosso\/\"]}]},{\"@type\":\"ImageObject\",\"inLanguage\":\"pl-PL\",\"@id\":\"https:\/\/b2b.mvgd.pl\/index.php\/produkt\/santa-lucia-n-i-b-2018-sebino-rosso\/#primaryimage\",\"url\":\"https:\/\/b2b.mvgd.pl\/wp-content\/uploads\/2026\/02\/Santa-Lucia-N.I.B-2018-Sebino-Rosso.png\",\"contentUrl\":\"https:\/\/b2b.mvgd.pl\/wp-content\/uploads\/2026\/02\/Santa-Lucia-N.I.B-2018-Sebino-Rosso.png\",\"width\":900,\"height\":1200},{\"@type\":\"BreadcrumbList\",\"@id\":\"https:\/\/b2b.mvgd.pl\/index.php\/produkt\/santa-lucia-n-i-b-2018-sebino-rosso\/#breadcrumb\",\"itemListElement\":[{\"@type\":\"ListItem\",\"position\":1,\"name\":\"Strona g\u0142\u00f3wna\",\"item\":\"https:\/\/b2b.mvgd.pl\/\"},{\"@type\":\"ListItem\",\"position\":2,\"name\":\"Shop\",\"item\":\"https:\/\/b2b.mvgd.pl\/index.php\/shop\/\"},{\"@type\":\"ListItem\",\"position\":3,\"name\":\"Santa Lucia N.I.B 2018 Sebino Rosso\"}]},{\"@type\":\"WebSite\",\"@id\":\"https:\/\/b2b.mvgd.pl\/#website\",\"url\":\"https:\/\/b2b.mvgd.pl\/\",\"name\":\"B2B MVGD PL\",\"description\":\"\",\"potentialAction\":[{\"@type\":\"SearchAction\",\"target\":{\"@type\":\"EntryPoint\",\"urlTemplate\":\"https:\/\/b2b.mvgd.pl\/?s={search_term_string}\"},\"query-input\":{\"@type\":\"PropertyValueSpecification\",\"valueRequired\":true,\"valueName\":\"search_term_string\"}}],\"inLanguage\":\"pl-PL\"}]}<\/script>\n<!-- \/ Yoast SEO plugin. -->","yoast_head_json":{"title":"Santa Lucia N.I.B 2018 Sebino Rosso - B2B MVGD PL","robots":{"index":"index","follow":"follow","max-snippet":"max-snippet:-1","max-image-preview":"max-image-preview:large","max-video-preview":"max-video-preview:-1"},"canonical":"https:\/\/b2b.mvgd.pl\/index.php\/produkt\/santa-lucia-n-i-b-2018-sebino-rosso\/","og_locale":"pl_PL","og_type":"article","og_title":"Santa Lucia N.I.B 2018 Sebino Rosso - B2B MVGD PL","og_description":"N.I.B Sebino Rosso \u2013 intensywny blend Cabernet &amp; Merlot.","og_url":"https:\/\/b2b.mvgd.pl\/index.php\/produkt\/santa-lucia-n-i-b-2018-sebino-rosso\/","og_site_name":"B2B MVGD PL","article_modified_time":"2026-02-16T18:57:09+00:00","twitter_card":"summary_large_image","schema":{"@context":"https:\/\/schema.org","@graph":[{"@type":"WebPage","@id":"https:\/\/b2b.mvgd.pl\/index.php\/produkt\/santa-lucia-n-i-b-2018-sebino-rosso\/","url":"https:\/\/b2b.mvgd.pl\/index.php\/produkt\/santa-lucia-n-i-b-2018-sebino-rosso\/","name":"Santa Lucia N.I.B 2018 Sebino Rosso - B2B MVGD PL","isPartOf":{"@id":"https:\/\/b2b.mvgd.pl\/#website"},"primaryImageOfPage":{"@id":"https:\/\/b2b.mvgd.pl\/index.php\/produkt\/santa-lucia-n-i-b-2018-sebino-rosso\/#primaryimage"},"image":{"@id":"https:\/\/b2b.mvgd.pl\/index.php\/produkt\/santa-lucia-n-i-b-2018-sebino-rosso\/#primaryimage"},"thumbnailUrl":"https:\/\/b2b.mvgd.pl\/wp-content\/uploads\/2026\/02\/Santa-Lucia-N.I.B-2018-Sebino-Rosso.png","datePublished":"2026-02-16T18:56:09+00:00","dateModified":"2026-02-16T18:57:09+00:00","breadcrumb":{"@id":"https:\/\/b2b.mvgd.pl\/index.php\/produkt\/santa-lucia-n-i-b-2018-sebino-rosso\/#breadcrumb"},"inLanguage":"pl-PL","potentialAction":[{"@type":"ReadAction","target":["https:\/\/b2b.mvgd.pl\/index.php\/produkt\/santa-lucia-n-i-b-2018-sebino-rosso\/"]}]},{"@type":"ImageObject","inLanguage":"pl-PL","@id":"https:\/\/b2b.mvgd.pl\/index.php\/produkt\/santa-lucia-n-i-b-2018-sebino-rosso\/#primaryimage","url":"https:\/\/b2b.mvgd.pl\/wp-content\/uploads\/2026\/02\/Santa-Lucia-N.I.B-2018-Sebino-Rosso.png","contentUrl":"https:\/\/b2b.mvgd.pl\/wp-content\/uploads\/2026\/02\/Santa-Lucia-N.I.B-2018-Sebino-Rosso.png","width":900,"height":1200},{"@type":"BreadcrumbList","@id":"https:\/\/b2b.mvgd.pl\/index.php\/produkt\/santa-lucia-n-i-b-2018-sebino-rosso\/#breadcrumb","itemListElement":[{"@type":"ListItem","position":1,"name":"Strona g\u0142\u00f3wna","item":"https:\/\/b2b.mvgd.pl\/"},{"@type":"ListItem","position":2,"name":"Shop","item":"https:\/\/b2b.mvgd.pl\/index.php\/shop\/"},{"@type":"ListItem","position":3,"name":"Santa Lucia N.I.B 2018 Sebino Rosso"}]},{"@type":"WebSite","@id":"https:\/\/b2b.mvgd.pl\/#website","url":"https:\/\/b2b.mvgd.pl\/","name":"B2B MVGD PL","description":"","potentialAction":[{"@type":"SearchAction","target":{"@type":"EntryPoint","urlTemplate":"https:\/\/b2b.mvgd.pl\/?s={search_term_string}"},"query-input":{"@type":"PropertyValueSpecification","valueRequired":true,"valueName":"search_term_string"}}],"inLanguage":"pl-PL"}]}},"jetpack_sharing_enabled":true,"_links":{"self":[{"href":"https:\/\/b2b.mvgd.pl\/index.php\/wp-json\/wp\/v2\/product\/845","targetHints":{"allow":["GET"]}}],"collection":[{"href":"https:\/\/b2b.mvgd.pl\/index.php\/wp-json\/wp\/v2\/product"}],"about":[{"href":"https:\/\/b2b.mvgd.pl\/index.php\/wp-json\/wp\/v2\/types\/product"}],"replies":[{"embeddable":true,"href":"https:\/\/b2b.mvgd.pl\/index.php\/wp-json\/wp\/v2\/comments?post=845"}],"version-history":[{"count":0,"href":"https:\/\/b2b.mvgd.pl\/index.php\/wp-json\/wp\/v2\/product\/845\/revisions"}],"wp:featuredmedia":[{"embeddable":true,"href":"https:\/\/b2b.mvgd.pl\/index.php\/wp-json\/wp\/v2\/media\/888"}],"wp:attachment":[{"href":"https:\/\/b2b.mvgd.pl\/index.php\/wp-json\/wp\/v2\/media?parent=845"}],"wp:term":[{"taxonomy":"product_brand","embeddable":true,"href":"https:\/\/b2b.mvgd.pl\/index.php\/wp-json\/wp\/v2\/product_brand?post=845"},{"taxonomy":"product_cat","embeddable":true,"href":"https:\/\/b2b.mvgd.pl\/index.php\/wp-json\/wp\/v2\/product_cat?post=845"},{"taxonomy":"product_tag","embeddable":true,"href":"https:\/\/b2b.mvgd.pl\/index.php\/wp-json\/wp\/v2\/product_tag?post=845"}],"curies":[{"name":"wp","href":"https:\/\/api.w.org\/{rel}","templated":true}]}}