{"id":813,"date":"2026-02-16T18:55:21","date_gmt":"2026-02-16T18:55:21","guid":{"rendered":"https:\/\/b2b.mvgd.pl\/?post_type=product&#038;p=813"},"modified":"2026-02-16T18:56:28","modified_gmt":"2026-02-16T18:56:28","slug":"sandeman-sherry-don-superior-fino","status":"publish","type":"product","link":"https:\/\/b2b.mvgd.pl\/index.php\/produkt\/sandeman-sherry-don-superior-fino\/","title":{"rendered":"Sandeman Sherry Don Superior Fino"},"content":{"rendered":"<p>**Noty degustacyjne**<br \/>\nOko\u202f\u2014\u202fjasno\u2011cytrynowe z platynowym po\u0142yskiem.<br \/>\nNos\u202f\u2014\u202fsk\u00f3rka cytryny, pieczony migda\u0142, nuty \u015bwie\u017cych dro\u017cd\u017cy floru.<br \/>\nUsta\u202f\u2014\u202fwytrawne, niezwykle nerwowe; mineralna s\u0142ono\u015b\u0107 i lekka gorycz migda\u0142\u00f3w, d\u0142ugi morski finisz.<\/p>\n<p>**Serwowanie**<br \/>\n6\u202f\u2013\u202f8\u202f\u00b0C w kieliszku copita; skonsumuj w 5\u202f\u2013\u202f7\u202fdni od otwarcia.<\/p>\n<p>**Foodpairing**<br \/>\nMa\u0142\u017ce na parze, sashimi tu\u0144czyka, tatar z \u0142ososia, anchois w oliwie.<\/p>\n","protected":false},"excerpt":{"rendered":"<p>Don Superior Fino \u2013 selekcja naj\u015bwie\u017cszych beczek floru.<\/p>\n","protected":false},"featured_media":863,"comment_status":"open","ping_status":"closed","template":"","meta":[],"product_brand":[],"product_cat":[242,981,18],"product_tag":[],"class_list":{"0":"post-813","1":"product","2":"type-product","3":"status-publish","4":"has-post-thumbnail","6":"product_cat-hiszpania","7":"product_cat-jerez-sherry","8":"product_cat-wina","10":"first","11":"instock","12":"shipping-taxable","13":"purchasable","14":"product-type-simple"},"yoast_head":"<!-- This site is optimized with the Yoast SEO plugin v26.9 - https:\/\/yoast.com\/product\/yoast-seo-wordpress\/ -->\n<title>Sandeman Sherry Don Superior Fino - B2B MVGD PL<\/title>\n<meta name=\"robots\" content=\"index, follow, max-snippet:-1, max-image-preview:large, max-video-preview:-1\" \/>\n<link rel=\"canonical\" href=\"https:\/\/b2b.mvgd.pl\/index.php\/produkt\/sandeman-sherry-don-superior-fino\/\" \/>\n<meta property=\"og:locale\" content=\"pl_PL\" \/>\n<meta property=\"og:type\" content=\"article\" \/>\n<meta property=\"og:title\" content=\"Sandeman Sherry Don Superior Fino - B2B MVGD PL\" \/>\n<meta property=\"og:description\" content=\"Don Superior Fino \u2013 selekcja naj\u015bwie\u017cszych beczek floru.\" \/>\n<meta property=\"og:url\" content=\"https:\/\/b2b.mvgd.pl\/index.php\/produkt\/sandeman-sherry-don-superior-fino\/\" \/>\n<meta property=\"og:site_name\" content=\"B2B MVGD PL\" \/>\n<meta property=\"article:modified_time\" content=\"2026-02-16T18:56:28+00:00\" \/>\n<meta name=\"twitter:card\" content=\"summary_large_image\" \/>\n<script type=\"application\/ld+json\" class=\"yoast-schema-graph\">{\"@context\":\"https:\/\/schema.org\",\"@graph\":[{\"@type\":\"WebPage\",\"@id\":\"https:\/\/b2b.mvgd.pl\/index.php\/produkt\/sandeman-sherry-don-superior-fino\/\",\"url\":\"https:\/\/b2b.mvgd.pl\/index.php\/produkt\/sandeman-sherry-don-superior-fino\/\",\"name\":\"Sandeman Sherry Don Superior Fino - B2B MVGD PL\",\"isPartOf\":{\"@id\":\"https:\/\/b2b.mvgd.pl\/#website\"},\"primaryImageOfPage\":{\"@id\":\"https:\/\/b2b.mvgd.pl\/index.php\/produkt\/sandeman-sherry-don-superior-fino\/#primaryimage\"},\"image\":{\"@id\":\"https:\/\/b2b.mvgd.pl\/index.php\/produkt\/sandeman-sherry-don-superior-fino\/#primaryimage\"},\"thumbnailUrl\":\"https:\/\/b2b.mvgd.pl\/wp-content\/uploads\/2026\/02\/Don-Fino-Superior-Fino.png\",\"datePublished\":\"2026-02-16T18:55:21+00:00\",\"dateModified\":\"2026-02-16T18:56:28+00:00\",\"breadcrumb\":{\"@id\":\"https:\/\/b2b.mvgd.pl\/index.php\/produkt\/sandeman-sherry-don-superior-fino\/#breadcrumb\"},\"inLanguage\":\"pl-PL\",\"potentialAction\":[{\"@type\":\"ReadAction\",\"target\":[\"https:\/\/b2b.mvgd.pl\/index.php\/produkt\/sandeman-sherry-don-superior-fino\/\"]}]},{\"@type\":\"ImageObject\",\"inLanguage\":\"pl-PL\",\"@id\":\"https:\/\/b2b.mvgd.pl\/index.php\/produkt\/sandeman-sherry-don-superior-fino\/#primaryimage\",\"url\":\"https:\/\/b2b.mvgd.pl\/wp-content\/uploads\/2026\/02\/Don-Fino-Superior-Fino.png\",\"contentUrl\":\"https:\/\/b2b.mvgd.pl\/wp-content\/uploads\/2026\/02\/Don-Fino-Superior-Fino.png\",\"width\":900,\"height\":1200},{\"@type\":\"BreadcrumbList\",\"@id\":\"https:\/\/b2b.mvgd.pl\/index.php\/produkt\/sandeman-sherry-don-superior-fino\/#breadcrumb\",\"itemListElement\":[{\"@type\":\"ListItem\",\"position\":1,\"name\":\"Strona g\u0142\u00f3wna\",\"item\":\"https:\/\/b2b.mvgd.pl\/\"},{\"@type\":\"ListItem\",\"position\":2,\"name\":\"Shop\",\"item\":\"https:\/\/b2b.mvgd.pl\/index.php\/shop\/\"},{\"@type\":\"ListItem\",\"position\":3,\"name\":\"Sandeman Sherry Don Superior Fino\"}]},{\"@type\":\"WebSite\",\"@id\":\"https:\/\/b2b.mvgd.pl\/#website\",\"url\":\"https:\/\/b2b.mvgd.pl\/\",\"name\":\"B2B MVGD PL\",\"description\":\"\",\"potentialAction\":[{\"@type\":\"SearchAction\",\"target\":{\"@type\":\"EntryPoint\",\"urlTemplate\":\"https:\/\/b2b.mvgd.pl\/?s={search_term_string}\"},\"query-input\":{\"@type\":\"PropertyValueSpecification\",\"valueRequired\":true,\"valueName\":\"search_term_string\"}}],\"inLanguage\":\"pl-PL\"}]}<\/script>\n<!-- \/ Yoast SEO plugin. -->","yoast_head_json":{"title":"Sandeman Sherry Don Superior Fino - B2B MVGD PL","robots":{"index":"index","follow":"follow","max-snippet":"max-snippet:-1","max-image-preview":"max-image-preview:large","max-video-preview":"max-video-preview:-1"},"canonical":"https:\/\/b2b.mvgd.pl\/index.php\/produkt\/sandeman-sherry-don-superior-fino\/","og_locale":"pl_PL","og_type":"article","og_title":"Sandeman Sherry Don Superior Fino - B2B MVGD PL","og_description":"Don Superior Fino \u2013 selekcja naj\u015bwie\u017cszych beczek floru.","og_url":"https:\/\/b2b.mvgd.pl\/index.php\/produkt\/sandeman-sherry-don-superior-fino\/","og_site_name":"B2B MVGD PL","article_modified_time":"2026-02-16T18:56:28+00:00","twitter_card":"summary_large_image","schema":{"@context":"https:\/\/schema.org","@graph":[{"@type":"WebPage","@id":"https:\/\/b2b.mvgd.pl\/index.php\/produkt\/sandeman-sherry-don-superior-fino\/","url":"https:\/\/b2b.mvgd.pl\/index.php\/produkt\/sandeman-sherry-don-superior-fino\/","name":"Sandeman Sherry Don Superior Fino - B2B MVGD PL","isPartOf":{"@id":"https:\/\/b2b.mvgd.pl\/#website"},"primaryImageOfPage":{"@id":"https:\/\/b2b.mvgd.pl\/index.php\/produkt\/sandeman-sherry-don-superior-fino\/#primaryimage"},"image":{"@id":"https:\/\/b2b.mvgd.pl\/index.php\/produkt\/sandeman-sherry-don-superior-fino\/#primaryimage"},"thumbnailUrl":"https:\/\/b2b.mvgd.pl\/wp-content\/uploads\/2026\/02\/Don-Fino-Superior-Fino.png","datePublished":"2026-02-16T18:55:21+00:00","dateModified":"2026-02-16T18:56:28+00:00","breadcrumb":{"@id":"https:\/\/b2b.mvgd.pl\/index.php\/produkt\/sandeman-sherry-don-superior-fino\/#breadcrumb"},"inLanguage":"pl-PL","potentialAction":[{"@type":"ReadAction","target":["https:\/\/b2b.mvgd.pl\/index.php\/produkt\/sandeman-sherry-don-superior-fino\/"]}]},{"@type":"ImageObject","inLanguage":"pl-PL","@id":"https:\/\/b2b.mvgd.pl\/index.php\/produkt\/sandeman-sherry-don-superior-fino\/#primaryimage","url":"https:\/\/b2b.mvgd.pl\/wp-content\/uploads\/2026\/02\/Don-Fino-Superior-Fino.png","contentUrl":"https:\/\/b2b.mvgd.pl\/wp-content\/uploads\/2026\/02\/Don-Fino-Superior-Fino.png","width":900,"height":1200},{"@type":"BreadcrumbList","@id":"https:\/\/b2b.mvgd.pl\/index.php\/produkt\/sandeman-sherry-don-superior-fino\/#breadcrumb","itemListElement":[{"@type":"ListItem","position":1,"name":"Strona g\u0142\u00f3wna","item":"https:\/\/b2b.mvgd.pl\/"},{"@type":"ListItem","position":2,"name":"Shop","item":"https:\/\/b2b.mvgd.pl\/index.php\/shop\/"},{"@type":"ListItem","position":3,"name":"Sandeman Sherry Don Superior Fino"}]},{"@type":"WebSite","@id":"https:\/\/b2b.mvgd.pl\/#website","url":"https:\/\/b2b.mvgd.pl\/","name":"B2B MVGD PL","description":"","potentialAction":[{"@type":"SearchAction","target":{"@type":"EntryPoint","urlTemplate":"https:\/\/b2b.mvgd.pl\/?s={search_term_string}"},"query-input":{"@type":"PropertyValueSpecification","valueRequired":true,"valueName":"search_term_string"}}],"inLanguage":"pl-PL"}]}},"jetpack_sharing_enabled":true,"_links":{"self":[{"href":"https:\/\/b2b.mvgd.pl\/index.php\/wp-json\/wp\/v2\/product\/813","targetHints":{"allow":["GET"]}}],"collection":[{"href":"https:\/\/b2b.mvgd.pl\/index.php\/wp-json\/wp\/v2\/product"}],"about":[{"href":"https:\/\/b2b.mvgd.pl\/index.php\/wp-json\/wp\/v2\/types\/product"}],"replies":[{"embeddable":true,"href":"https:\/\/b2b.mvgd.pl\/index.php\/wp-json\/wp\/v2\/comments?post=813"}],"version-history":[{"count":0,"href":"https:\/\/b2b.mvgd.pl\/index.php\/wp-json\/wp\/v2\/product\/813\/revisions"}],"wp:featuredmedia":[{"embeddable":true,"href":"https:\/\/b2b.mvgd.pl\/index.php\/wp-json\/wp\/v2\/media\/863"}],"wp:attachment":[{"href":"https:\/\/b2b.mvgd.pl\/index.php\/wp-json\/wp\/v2\/media?parent=813"}],"wp:term":[{"taxonomy":"product_brand","embeddable":true,"href":"https:\/\/b2b.mvgd.pl\/index.php\/wp-json\/wp\/v2\/product_brand?post=813"},{"taxonomy":"product_cat","embeddable":true,"href":"https:\/\/b2b.mvgd.pl\/index.php\/wp-json\/wp\/v2\/product_cat?post=813"},{"taxonomy":"product_tag","embeddable":true,"href":"https:\/\/b2b.mvgd.pl\/index.php\/wp-json\/wp\/v2\/product_tag?post=813"}],"curies":[{"name":"wp","href":"https:\/\/api.w.org\/{rel}","templated":true}]}}