{"id":800,"date":"2026-02-16T18:54:54","date_gmt":"2026-02-16T18:54:54","guid":{"rendered":"https:\/\/b2b.mvgd.pl\/?post_type=product&#038;p=800"},"modified":"2026-02-16T18:56:08","modified_gmt":"2026-02-16T18:56:08","slug":"tenuta-tre-gemme-abruzzo-doc-pecorino","status":"publish","type":"product","link":"https:\/\/b2b.mvgd.pl\/index.php\/produkt\/tenuta-tre-gemme-abruzzo-doc-pecorino\/","title":{"rendered":"Tenuta Tre Gemme Abruzzo DOC Pecorino"},"content":{"rendered":"<p>Winogrona Pecorino z wysoko po\u0142o\u017conej parceli; fermentacja w stali, 3 miesi\u0105ce w butelce. Aromaty marakui, ananasa i kwiat\u00f3w akacji; mineralny finisz. Pasuje do linguine alle vongole i sushi.<\/p>\n","protected":false},"excerpt":{"rendered":"<p>Ekologiczne Pecorino z 450\u202fm n.p.m.; egzotyczne owoce, bia\u0142y kwiat, cytrusowa \u015bwie\u017co\u015b\u0107.<\/p>\n","protected":false},"featured_media":843,"comment_status":"open","ping_status":"closed","template":"","meta":[],"product_brand":[],"product_cat":[971,18,19],"product_tag":[],"class_list":{"0":"post-800","1":"product","2":"type-product","3":"status-publish","4":"has-post-thumbnail","6":"product_cat-abruzja","7":"product_cat-wina","8":"product_cat-wlochy-wina","10":"first","11":"instock","12":"shipping-taxable","13":"purchasable","14":"product-type-simple"},"yoast_head":"<!-- This site is optimized with the Yoast SEO plugin v26.9 - https:\/\/yoast.com\/product\/yoast-seo-wordpress\/ -->\n<title>Tenuta Tre Gemme Abruzzo DOC Pecorino - B2B MVGD PL<\/title>\n<meta name=\"robots\" content=\"index, follow, max-snippet:-1, max-image-preview:large, max-video-preview:-1\" \/>\n<link rel=\"canonical\" href=\"https:\/\/b2b.mvgd.pl\/index.php\/produkt\/tenuta-tre-gemme-abruzzo-doc-pecorino\/\" \/>\n<meta property=\"og:locale\" content=\"pl_PL\" \/>\n<meta property=\"og:type\" content=\"article\" \/>\n<meta property=\"og:title\" content=\"Tenuta Tre Gemme Abruzzo DOC Pecorino - B2B MVGD PL\" \/>\n<meta property=\"og:description\" content=\"Ekologiczne Pecorino z 450\u202fm n.p.m.; egzotyczne owoce, bia\u0142y kwiat, cytrusowa \u015bwie\u017co\u015b\u0107.\" \/>\n<meta property=\"og:url\" content=\"https:\/\/b2b.mvgd.pl\/index.php\/produkt\/tenuta-tre-gemme-abruzzo-doc-pecorino\/\" \/>\n<meta property=\"og:site_name\" content=\"B2B MVGD PL\" \/>\n<meta property=\"article:modified_time\" content=\"2026-02-16T18:56:08+00:00\" \/>\n<meta name=\"twitter:card\" content=\"summary_large_image\" \/>\n<script type=\"application\/ld+json\" class=\"yoast-schema-graph\">{\"@context\":\"https:\/\/schema.org\",\"@graph\":[{\"@type\":\"WebPage\",\"@id\":\"https:\/\/b2b.mvgd.pl\/index.php\/produkt\/tenuta-tre-gemme-abruzzo-doc-pecorino\/\",\"url\":\"https:\/\/b2b.mvgd.pl\/index.php\/produkt\/tenuta-tre-gemme-abruzzo-doc-pecorino\/\",\"name\":\"Tenuta Tre Gemme Abruzzo DOC Pecorino - B2B MVGD PL\",\"isPartOf\":{\"@id\":\"https:\/\/b2b.mvgd.pl\/#website\"},\"primaryImageOfPage\":{\"@id\":\"https:\/\/b2b.mvgd.pl\/index.php\/produkt\/tenuta-tre-gemme-abruzzo-doc-pecorino\/#primaryimage\"},\"image\":{\"@id\":\"https:\/\/b2b.mvgd.pl\/index.php\/produkt\/tenuta-tre-gemme-abruzzo-doc-pecorino\/#primaryimage\"},\"thumbnailUrl\":\"https:\/\/b2b.mvgd.pl\/wp-content\/uploads\/2026\/02\/18022025_PECORINO_SITO.jpg\",\"datePublished\":\"2026-02-16T18:54:54+00:00\",\"dateModified\":\"2026-02-16T18:56:08+00:00\",\"breadcrumb\":{\"@id\":\"https:\/\/b2b.mvgd.pl\/index.php\/produkt\/tenuta-tre-gemme-abruzzo-doc-pecorino\/#breadcrumb\"},\"inLanguage\":\"pl-PL\",\"potentialAction\":[{\"@type\":\"ReadAction\",\"target\":[\"https:\/\/b2b.mvgd.pl\/index.php\/produkt\/tenuta-tre-gemme-abruzzo-doc-pecorino\/\"]}]},{\"@type\":\"ImageObject\",\"inLanguage\":\"pl-PL\",\"@id\":\"https:\/\/b2b.mvgd.pl\/index.php\/produkt\/tenuta-tre-gemme-abruzzo-doc-pecorino\/#primaryimage\",\"url\":\"https:\/\/b2b.mvgd.pl\/wp-content\/uploads\/2026\/02\/18022025_PECORINO_SITO.jpg\",\"contentUrl\":\"https:\/\/b2b.mvgd.pl\/wp-content\/uploads\/2026\/02\/18022025_PECORINO_SITO.jpg\",\"width\":600,\"height\":800},{\"@type\":\"BreadcrumbList\",\"@id\":\"https:\/\/b2b.mvgd.pl\/index.php\/produkt\/tenuta-tre-gemme-abruzzo-doc-pecorino\/#breadcrumb\",\"itemListElement\":[{\"@type\":\"ListItem\",\"position\":1,\"name\":\"Strona g\u0142\u00f3wna\",\"item\":\"https:\/\/b2b.mvgd.pl\/\"},{\"@type\":\"ListItem\",\"position\":2,\"name\":\"Shop\",\"item\":\"https:\/\/b2b.mvgd.pl\/index.php\/shop\/\"},{\"@type\":\"ListItem\",\"position\":3,\"name\":\"Tenuta Tre Gemme Abruzzo DOC Pecorino\"}]},{\"@type\":\"WebSite\",\"@id\":\"https:\/\/b2b.mvgd.pl\/#website\",\"url\":\"https:\/\/b2b.mvgd.pl\/\",\"name\":\"B2B MVGD PL\",\"description\":\"\",\"potentialAction\":[{\"@type\":\"SearchAction\",\"target\":{\"@type\":\"EntryPoint\",\"urlTemplate\":\"https:\/\/b2b.mvgd.pl\/?s={search_term_string}\"},\"query-input\":{\"@type\":\"PropertyValueSpecification\",\"valueRequired\":true,\"valueName\":\"search_term_string\"}}],\"inLanguage\":\"pl-PL\"}]}<\/script>\n<!-- \/ Yoast SEO plugin. -->","yoast_head_json":{"title":"Tenuta Tre Gemme Abruzzo DOC Pecorino - B2B MVGD PL","robots":{"index":"index","follow":"follow","max-snippet":"max-snippet:-1","max-image-preview":"max-image-preview:large","max-video-preview":"max-video-preview:-1"},"canonical":"https:\/\/b2b.mvgd.pl\/index.php\/produkt\/tenuta-tre-gemme-abruzzo-doc-pecorino\/","og_locale":"pl_PL","og_type":"article","og_title":"Tenuta Tre Gemme Abruzzo DOC Pecorino - B2B MVGD PL","og_description":"Ekologiczne Pecorino z 450\u202fm n.p.m.; egzotyczne owoce, bia\u0142y kwiat, cytrusowa \u015bwie\u017co\u015b\u0107.","og_url":"https:\/\/b2b.mvgd.pl\/index.php\/produkt\/tenuta-tre-gemme-abruzzo-doc-pecorino\/","og_site_name":"B2B MVGD PL","article_modified_time":"2026-02-16T18:56:08+00:00","twitter_card":"summary_large_image","schema":{"@context":"https:\/\/schema.org","@graph":[{"@type":"WebPage","@id":"https:\/\/b2b.mvgd.pl\/index.php\/produkt\/tenuta-tre-gemme-abruzzo-doc-pecorino\/","url":"https:\/\/b2b.mvgd.pl\/index.php\/produkt\/tenuta-tre-gemme-abruzzo-doc-pecorino\/","name":"Tenuta Tre Gemme Abruzzo DOC Pecorino - B2B MVGD PL","isPartOf":{"@id":"https:\/\/b2b.mvgd.pl\/#website"},"primaryImageOfPage":{"@id":"https:\/\/b2b.mvgd.pl\/index.php\/produkt\/tenuta-tre-gemme-abruzzo-doc-pecorino\/#primaryimage"},"image":{"@id":"https:\/\/b2b.mvgd.pl\/index.php\/produkt\/tenuta-tre-gemme-abruzzo-doc-pecorino\/#primaryimage"},"thumbnailUrl":"https:\/\/b2b.mvgd.pl\/wp-content\/uploads\/2026\/02\/18022025_PECORINO_SITO.jpg","datePublished":"2026-02-16T18:54:54+00:00","dateModified":"2026-02-16T18:56:08+00:00","breadcrumb":{"@id":"https:\/\/b2b.mvgd.pl\/index.php\/produkt\/tenuta-tre-gemme-abruzzo-doc-pecorino\/#breadcrumb"},"inLanguage":"pl-PL","potentialAction":[{"@type":"ReadAction","target":["https:\/\/b2b.mvgd.pl\/index.php\/produkt\/tenuta-tre-gemme-abruzzo-doc-pecorino\/"]}]},{"@type":"ImageObject","inLanguage":"pl-PL","@id":"https:\/\/b2b.mvgd.pl\/index.php\/produkt\/tenuta-tre-gemme-abruzzo-doc-pecorino\/#primaryimage","url":"https:\/\/b2b.mvgd.pl\/wp-content\/uploads\/2026\/02\/18022025_PECORINO_SITO.jpg","contentUrl":"https:\/\/b2b.mvgd.pl\/wp-content\/uploads\/2026\/02\/18022025_PECORINO_SITO.jpg","width":600,"height":800},{"@type":"BreadcrumbList","@id":"https:\/\/b2b.mvgd.pl\/index.php\/produkt\/tenuta-tre-gemme-abruzzo-doc-pecorino\/#breadcrumb","itemListElement":[{"@type":"ListItem","position":1,"name":"Strona g\u0142\u00f3wna","item":"https:\/\/b2b.mvgd.pl\/"},{"@type":"ListItem","position":2,"name":"Shop","item":"https:\/\/b2b.mvgd.pl\/index.php\/shop\/"},{"@type":"ListItem","position":3,"name":"Tenuta Tre Gemme Abruzzo DOC Pecorino"}]},{"@type":"WebSite","@id":"https:\/\/b2b.mvgd.pl\/#website","url":"https:\/\/b2b.mvgd.pl\/","name":"B2B MVGD PL","description":"","potentialAction":[{"@type":"SearchAction","target":{"@type":"EntryPoint","urlTemplate":"https:\/\/b2b.mvgd.pl\/?s={search_term_string}"},"query-input":{"@type":"PropertyValueSpecification","valueRequired":true,"valueName":"search_term_string"}}],"inLanguage":"pl-PL"}]}},"jetpack_sharing_enabled":true,"_links":{"self":[{"href":"https:\/\/b2b.mvgd.pl\/index.php\/wp-json\/wp\/v2\/product\/800","targetHints":{"allow":["GET"]}}],"collection":[{"href":"https:\/\/b2b.mvgd.pl\/index.php\/wp-json\/wp\/v2\/product"}],"about":[{"href":"https:\/\/b2b.mvgd.pl\/index.php\/wp-json\/wp\/v2\/types\/product"}],"replies":[{"embeddable":true,"href":"https:\/\/b2b.mvgd.pl\/index.php\/wp-json\/wp\/v2\/comments?post=800"}],"version-history":[{"count":0,"href":"https:\/\/b2b.mvgd.pl\/index.php\/wp-json\/wp\/v2\/product\/800\/revisions"}],"wp:featuredmedia":[{"embeddable":true,"href":"https:\/\/b2b.mvgd.pl\/index.php\/wp-json\/wp\/v2\/media\/843"}],"wp:attachment":[{"href":"https:\/\/b2b.mvgd.pl\/index.php\/wp-json\/wp\/v2\/media?parent=800"}],"wp:term":[{"taxonomy":"product_brand","embeddable":true,"href":"https:\/\/b2b.mvgd.pl\/index.php\/wp-json\/wp\/v2\/product_brand?post=800"},{"taxonomy":"product_cat","embeddable":true,"href":"https:\/\/b2b.mvgd.pl\/index.php\/wp-json\/wp\/v2\/product_cat?post=800"},{"taxonomy":"product_tag","embeddable":true,"href":"https:\/\/b2b.mvgd.pl\/index.php\/wp-json\/wp\/v2\/product_tag?post=800"}],"curies":[{"name":"wp","href":"https:\/\/api.w.org\/{rel}","templated":true}]}}