{"id":79,"date":"2026-02-16T18:31:58","date_gmt":"2026-02-16T18:31:58","guid":{"rendered":"https:\/\/b2b.mvgd.pl\/?post_type=product&#038;p=79"},"modified":"2026-02-16T18:34:27","modified_gmt":"2026-02-16T18:34:27","slug":"stumbras-premium-organic-07l-40","status":"publish","type":"product","link":"https:\/\/b2b.mvgd.pl\/index.php\/produkt\/stumbras-premium-organic-07l-40\/","title":{"rendered":"Stumbras Premium Organic 0,7l 40%"},"content":{"rendered":"","protected":false},"excerpt":{"rendered":"<p>Ekologiczna w\u00f3dka, do produkcji kt\u00f3rej wykorzystywana jest woda g\u0142\u0119binowa oraz zbo\u017ca pochodz\u0105ce wy\u0142\u0105cznie z upraw ekologicznych, bez stosowania nawoz\u00f3w sztucznych. Procesowi produkcji Stumbras Organic po\u015bwi\u0119cona jest wyj\u0105tkowa uwaga &#8211; gorzelnicy dbaj\u0105 nie tylko o dob\u00f3r surowc\u00f3w, ale i przestrzeganie \u015bci\u015ble okre\u015blonych wymaga\u0144 technicznych. Jednym z nich jest specjalny spos\u00f3b filtrowania, kt\u00f3ry w wieloetapowym systemie wykorzystuje unikalny na skal\u0119 \u015bwiatow\u0105 filtr z lnu ekologicznego.<\/p>\n","protected":false},"featured_media":157,"comment_status":"open","ping_status":"closed","template":"","meta":[],"product_brand":[],"product_cat":[118],"product_tag":[119,120,121,122],"class_list":{"0":"post-79","1":"product","2":"type-product","3":"status-publish","4":"has-post-thumbnail","6":"product_cat-wodka","7":"product_tag-organic","8":"product_tag-premium","9":"product_tag-stumbras","10":"product_tag-wodka","12":"first","13":"instock","14":"shipping-taxable","15":"purchasable","16":"product-type-simple"},"yoast_head":"<!-- This site is optimized with the Yoast SEO plugin v26.9 - https:\/\/yoast.com\/product\/yoast-seo-wordpress\/ -->\n<title>Stumbras Premium Organic 0,7l 40% - B2B MVGD PL<\/title>\n<meta name=\"robots\" content=\"index, follow, max-snippet:-1, max-image-preview:large, max-video-preview:-1\" \/>\n<link rel=\"canonical\" href=\"https:\/\/b2b.mvgd.pl\/index.php\/produkt\/stumbras-premium-organic-07l-40\/\" \/>\n<meta property=\"og:locale\" content=\"pl_PL\" \/>\n<meta property=\"og:type\" content=\"article\" \/>\n<meta property=\"og:title\" content=\"Stumbras Premium Organic 0,7l 40% - B2B MVGD PL\" \/>\n<meta property=\"og:description\" content=\"Ekologiczna w\u00f3dka, do produkcji kt\u00f3rej wykorzystywana jest woda g\u0142\u0119binowa oraz zbo\u017ca pochodz\u0105ce wy\u0142\u0105cznie z upraw ekologicznych, bez stosowania nawoz\u00f3w sztucznych. Procesowi produkcji Stumbras Organic po\u015bwi\u0119cona jest wyj\u0105tkowa uwaga - gorzelnicy dbaj\u0105 nie tylko o dob\u00f3r surowc\u00f3w, ale i przestrzeganie \u015bci\u015ble okre\u015blonych wymaga\u0144 technicznych. Jednym z nich jest specjalny spos\u00f3b filtrowania, kt\u00f3ry w wieloetapowym systemie wykorzystuje unikalny na skal\u0119 \u015bwiatow\u0105 filtr z lnu ekologicznego.\" \/>\n<meta property=\"og:url\" content=\"https:\/\/b2b.mvgd.pl\/index.php\/produkt\/stumbras-premium-organic-07l-40\/\" \/>\n<meta property=\"og:site_name\" content=\"B2B MVGD PL\" \/>\n<meta property=\"article:modified_time\" content=\"2026-02-16T18:34:27+00:00\" \/>\n<meta name=\"twitter:card\" content=\"summary_large_image\" \/>\n<script type=\"application\/ld+json\" class=\"yoast-schema-graph\">{\"@context\":\"https:\/\/schema.org\",\"@graph\":[{\"@type\":\"WebPage\",\"@id\":\"https:\/\/b2b.mvgd.pl\/index.php\/produkt\/stumbras-premium-organic-07l-40\/\",\"url\":\"https:\/\/b2b.mvgd.pl\/index.php\/produkt\/stumbras-premium-organic-07l-40\/\",\"name\":\"Stumbras Premium Organic 0,7l 40% - B2B MVGD PL\",\"isPartOf\":{\"@id\":\"https:\/\/b2b.mvgd.pl\/#website\"},\"primaryImageOfPage\":{\"@id\":\"https:\/\/b2b.mvgd.pl\/index.php\/produkt\/stumbras-premium-organic-07l-40\/#primaryimage\"},\"image\":{\"@id\":\"https:\/\/b2b.mvgd.pl\/index.php\/produkt\/stumbras-premium-organic-07l-40\/#primaryimage\"},\"thumbnailUrl\":\"https:\/\/b2b.mvgd.pl\/wp-content\/uploads\/2026\/02\/PDESTX9246.png\",\"datePublished\":\"2026-02-16T18:31:58+00:00\",\"dateModified\":\"2026-02-16T18:34:27+00:00\",\"breadcrumb\":{\"@id\":\"https:\/\/b2b.mvgd.pl\/index.php\/produkt\/stumbras-premium-organic-07l-40\/#breadcrumb\"},\"inLanguage\":\"pl-PL\",\"potentialAction\":[{\"@type\":\"ReadAction\",\"target\":[\"https:\/\/b2b.mvgd.pl\/index.php\/produkt\/stumbras-premium-organic-07l-40\/\"]}]},{\"@type\":\"ImageObject\",\"inLanguage\":\"pl-PL\",\"@id\":\"https:\/\/b2b.mvgd.pl\/index.php\/produkt\/stumbras-premium-organic-07l-40\/#primaryimage\",\"url\":\"https:\/\/b2b.mvgd.pl\/wp-content\/uploads\/2026\/02\/PDESTX9246.png\",\"contentUrl\":\"https:\/\/b2b.mvgd.pl\/wp-content\/uploads\/2026\/02\/PDESTX9246.png\",\"width\":900,\"height\":1200},{\"@type\":\"BreadcrumbList\",\"@id\":\"https:\/\/b2b.mvgd.pl\/index.php\/produkt\/stumbras-premium-organic-07l-40\/#breadcrumb\",\"itemListElement\":[{\"@type\":\"ListItem\",\"position\":1,\"name\":\"Strona g\u0142\u00f3wna\",\"item\":\"https:\/\/b2b.mvgd.pl\/\"},{\"@type\":\"ListItem\",\"position\":2,\"name\":\"Shop\",\"item\":\"https:\/\/b2b.mvgd.pl\/index.php\/shop\/\"},{\"@type\":\"ListItem\",\"position\":3,\"name\":\"Stumbras Premium Organic 0,7l 40%\"}]},{\"@type\":\"WebSite\",\"@id\":\"https:\/\/b2b.mvgd.pl\/#website\",\"url\":\"https:\/\/b2b.mvgd.pl\/\",\"name\":\"B2B MVGD PL\",\"description\":\"\",\"potentialAction\":[{\"@type\":\"SearchAction\",\"target\":{\"@type\":\"EntryPoint\",\"urlTemplate\":\"https:\/\/b2b.mvgd.pl\/?s={search_term_string}\"},\"query-input\":{\"@type\":\"PropertyValueSpecification\",\"valueRequired\":true,\"valueName\":\"search_term_string\"}}],\"inLanguage\":\"pl-PL\"}]}<\/script>\n<!-- \/ Yoast SEO plugin. -->","yoast_head_json":{"title":"Stumbras Premium Organic 0,7l 40% - B2B MVGD PL","robots":{"index":"index","follow":"follow","max-snippet":"max-snippet:-1","max-image-preview":"max-image-preview:large","max-video-preview":"max-video-preview:-1"},"canonical":"https:\/\/b2b.mvgd.pl\/index.php\/produkt\/stumbras-premium-organic-07l-40\/","og_locale":"pl_PL","og_type":"article","og_title":"Stumbras Premium Organic 0,7l 40% - B2B MVGD PL","og_description":"Ekologiczna w\u00f3dka, do produkcji kt\u00f3rej wykorzystywana jest woda g\u0142\u0119binowa oraz zbo\u017ca pochodz\u0105ce wy\u0142\u0105cznie z upraw ekologicznych, bez stosowania nawoz\u00f3w sztucznych. Procesowi produkcji Stumbras Organic po\u015bwi\u0119cona jest wyj\u0105tkowa uwaga - gorzelnicy dbaj\u0105 nie tylko o dob\u00f3r surowc\u00f3w, ale i przestrzeganie \u015bci\u015ble okre\u015blonych wymaga\u0144 technicznych. Jednym z nich jest specjalny spos\u00f3b filtrowania, kt\u00f3ry w wieloetapowym systemie wykorzystuje unikalny na skal\u0119 \u015bwiatow\u0105 filtr z lnu ekologicznego.","og_url":"https:\/\/b2b.mvgd.pl\/index.php\/produkt\/stumbras-premium-organic-07l-40\/","og_site_name":"B2B MVGD PL","article_modified_time":"2026-02-16T18:34:27+00:00","twitter_card":"summary_large_image","schema":{"@context":"https:\/\/schema.org","@graph":[{"@type":"WebPage","@id":"https:\/\/b2b.mvgd.pl\/index.php\/produkt\/stumbras-premium-organic-07l-40\/","url":"https:\/\/b2b.mvgd.pl\/index.php\/produkt\/stumbras-premium-organic-07l-40\/","name":"Stumbras Premium Organic 0,7l 40% - B2B MVGD PL","isPartOf":{"@id":"https:\/\/b2b.mvgd.pl\/#website"},"primaryImageOfPage":{"@id":"https:\/\/b2b.mvgd.pl\/index.php\/produkt\/stumbras-premium-organic-07l-40\/#primaryimage"},"image":{"@id":"https:\/\/b2b.mvgd.pl\/index.php\/produkt\/stumbras-premium-organic-07l-40\/#primaryimage"},"thumbnailUrl":"https:\/\/b2b.mvgd.pl\/wp-content\/uploads\/2026\/02\/PDESTX9246.png","datePublished":"2026-02-16T18:31:58+00:00","dateModified":"2026-02-16T18:34:27+00:00","breadcrumb":{"@id":"https:\/\/b2b.mvgd.pl\/index.php\/produkt\/stumbras-premium-organic-07l-40\/#breadcrumb"},"inLanguage":"pl-PL","potentialAction":[{"@type":"ReadAction","target":["https:\/\/b2b.mvgd.pl\/index.php\/produkt\/stumbras-premium-organic-07l-40\/"]}]},{"@type":"ImageObject","inLanguage":"pl-PL","@id":"https:\/\/b2b.mvgd.pl\/index.php\/produkt\/stumbras-premium-organic-07l-40\/#primaryimage","url":"https:\/\/b2b.mvgd.pl\/wp-content\/uploads\/2026\/02\/PDESTX9246.png","contentUrl":"https:\/\/b2b.mvgd.pl\/wp-content\/uploads\/2026\/02\/PDESTX9246.png","width":900,"height":1200},{"@type":"BreadcrumbList","@id":"https:\/\/b2b.mvgd.pl\/index.php\/produkt\/stumbras-premium-organic-07l-40\/#breadcrumb","itemListElement":[{"@type":"ListItem","position":1,"name":"Strona g\u0142\u00f3wna","item":"https:\/\/b2b.mvgd.pl\/"},{"@type":"ListItem","position":2,"name":"Shop","item":"https:\/\/b2b.mvgd.pl\/index.php\/shop\/"},{"@type":"ListItem","position":3,"name":"Stumbras Premium Organic 0,7l 40%"}]},{"@type":"WebSite","@id":"https:\/\/b2b.mvgd.pl\/#website","url":"https:\/\/b2b.mvgd.pl\/","name":"B2B MVGD PL","description":"","potentialAction":[{"@type":"SearchAction","target":{"@type":"EntryPoint","urlTemplate":"https:\/\/b2b.mvgd.pl\/?s={search_term_string}"},"query-input":{"@type":"PropertyValueSpecification","valueRequired":true,"valueName":"search_term_string"}}],"inLanguage":"pl-PL"}]}},"jetpack_sharing_enabled":true,"_links":{"self":[{"href":"https:\/\/b2b.mvgd.pl\/index.php\/wp-json\/wp\/v2\/product\/79","targetHints":{"allow":["GET"]}}],"collection":[{"href":"https:\/\/b2b.mvgd.pl\/index.php\/wp-json\/wp\/v2\/product"}],"about":[{"href":"https:\/\/b2b.mvgd.pl\/index.php\/wp-json\/wp\/v2\/types\/product"}],"replies":[{"embeddable":true,"href":"https:\/\/b2b.mvgd.pl\/index.php\/wp-json\/wp\/v2\/comments?post=79"}],"version-history":[{"count":0,"href":"https:\/\/b2b.mvgd.pl\/index.php\/wp-json\/wp\/v2\/product\/79\/revisions"}],"wp:featuredmedia":[{"embeddable":true,"href":"https:\/\/b2b.mvgd.pl\/index.php\/wp-json\/wp\/v2\/media\/157"}],"wp:attachment":[{"href":"https:\/\/b2b.mvgd.pl\/index.php\/wp-json\/wp\/v2\/media?parent=79"}],"wp:term":[{"taxonomy":"product_brand","embeddable":true,"href":"https:\/\/b2b.mvgd.pl\/index.php\/wp-json\/wp\/v2\/product_brand?post=79"},{"taxonomy":"product_cat","embeddable":true,"href":"https:\/\/b2b.mvgd.pl\/index.php\/wp-json\/wp\/v2\/product_cat?post=79"},{"taxonomy":"product_tag","embeddable":true,"href":"https:\/\/b2b.mvgd.pl\/index.php\/wp-json\/wp\/v2\/product_tag?post=79"}],"curies":[{"name":"wp","href":"https:\/\/api.w.org\/{rel}","templated":true}]}}