{"id":789,"date":"2026-02-16T18:54:31","date_gmt":"2026-02-16T18:54:31","guid":{"rendered":"https:\/\/b2b.mvgd.pl\/?post_type=product&#038;p=789"},"modified":"2026-02-16T18:56:05","modified_gmt":"2026-02-16T18:56:05","slug":"don-rocco-montepulciano-dabruzzo-doc-riserva","status":"publish","type":"product","link":"https:\/\/b2b.mvgd.pl\/index.php\/produkt\/don-rocco-montepulciano-dabruzzo-doc-riserva\/","title":{"rendered":"Don Rocco Montepulciano d\u2019Abruzzo DOC Riserva"},"content":{"rendered":"<p>Don Rocco to riserva z 40\u2011letnich krzew\u00f3w Montepulciano, zbieranych r\u0119cznie w pierwszych dniach listopada. Po fermentacji w stali wino le\u017cakuje 12 miesi\u0119cy w cementowych zbiornikach i 24 miesi\u0105ce w barriques. Aromaty wi\u015bni w likierze, kawy, gorzkiej czekolady i tytoniu; pot\u0119\u017cne, a zarazem jedwabiste taniny. Polecane do stek\u00f3w i dziczyzny.<\/p>\n","protected":false},"excerpt":{"rendered":"<p>Ho\u0142d dla za\u0142o\u017cyciela \u2013 r\u0119czny zbi\u00f3r, 36\u202fmies. dojrzewania; skoncentrowane owoce, kawa i czekolada.<\/p>\n","protected":false},"featured_media":840,"comment_status":"open","ping_status":"closed","template":"","meta":[],"product_brand":[],"product_cat":[971,18,19],"product_tag":[],"class_list":{"0":"post-789","1":"product","2":"type-product","3":"status-publish","4":"has-post-thumbnail","6":"product_cat-abruzja","7":"product_cat-wina","8":"product_cat-wlochy-wina","10":"first","11":"instock","12":"shipping-taxable","13":"purchasable","14":"product-type-simple"},"yoast_head":"<!-- This site is optimized with the Yoast SEO plugin v26.9 - https:\/\/yoast.com\/product\/yoast-seo-wordpress\/ -->\n<title>Don Rocco Montepulciano d\u2019Abruzzo DOC Riserva - B2B MVGD PL<\/title>\n<meta name=\"robots\" content=\"index, follow, max-snippet:-1, max-image-preview:large, max-video-preview:-1\" \/>\n<link rel=\"canonical\" href=\"https:\/\/b2b.mvgd.pl\/index.php\/produkt\/don-rocco-montepulciano-dabruzzo-doc-riserva\/\" \/>\n<meta property=\"og:locale\" content=\"pl_PL\" \/>\n<meta property=\"og:type\" content=\"article\" \/>\n<meta property=\"og:title\" content=\"Don Rocco Montepulciano d\u2019Abruzzo DOC Riserva - B2B MVGD PL\" \/>\n<meta property=\"og:description\" content=\"Ho\u0142d dla za\u0142o\u017cyciela \u2013 r\u0119czny zbi\u00f3r, 36\u202fmies. dojrzewania; skoncentrowane owoce, kawa i czekolada.\" \/>\n<meta property=\"og:url\" content=\"https:\/\/b2b.mvgd.pl\/index.php\/produkt\/don-rocco-montepulciano-dabruzzo-doc-riserva\/\" \/>\n<meta property=\"og:site_name\" content=\"B2B MVGD PL\" \/>\n<meta property=\"article:modified_time\" content=\"2026-02-16T18:56:05+00:00\" \/>\n<meta name=\"twitter:card\" content=\"summary_large_image\" \/>\n<script type=\"application\/ld+json\" class=\"yoast-schema-graph\">{\"@context\":\"https:\/\/schema.org\",\"@graph\":[{\"@type\":\"WebPage\",\"@id\":\"https:\/\/b2b.mvgd.pl\/index.php\/produkt\/don-rocco-montepulciano-dabruzzo-doc-riserva\/\",\"url\":\"https:\/\/b2b.mvgd.pl\/index.php\/produkt\/don-rocco-montepulciano-dabruzzo-doc-riserva\/\",\"name\":\"Don Rocco Montepulciano d\u2019Abruzzo DOC Riserva - B2B MVGD PL\",\"isPartOf\":{\"@id\":\"https:\/\/b2b.mvgd.pl\/#website\"},\"primaryImageOfPage\":{\"@id\":\"https:\/\/b2b.mvgd.pl\/index.php\/produkt\/don-rocco-montepulciano-dabruzzo-doc-riserva\/#primaryimage\"},\"image\":{\"@id\":\"https:\/\/b2b.mvgd.pl\/index.php\/produkt\/don-rocco-montepulciano-dabruzzo-doc-riserva\/#primaryimage\"},\"thumbnailUrl\":\"https:\/\/b2b.mvgd.pl\/wp-content\/uploads\/2026\/02\/18022025_DONROCCO_SITO.jpg\",\"datePublished\":\"2026-02-16T18:54:31+00:00\",\"dateModified\":\"2026-02-16T18:56:05+00:00\",\"breadcrumb\":{\"@id\":\"https:\/\/b2b.mvgd.pl\/index.php\/produkt\/don-rocco-montepulciano-dabruzzo-doc-riserva\/#breadcrumb\"},\"inLanguage\":\"pl-PL\",\"potentialAction\":[{\"@type\":\"ReadAction\",\"target\":[\"https:\/\/b2b.mvgd.pl\/index.php\/produkt\/don-rocco-montepulciano-dabruzzo-doc-riserva\/\"]}]},{\"@type\":\"ImageObject\",\"inLanguage\":\"pl-PL\",\"@id\":\"https:\/\/b2b.mvgd.pl\/index.php\/produkt\/don-rocco-montepulciano-dabruzzo-doc-riserva\/#primaryimage\",\"url\":\"https:\/\/b2b.mvgd.pl\/wp-content\/uploads\/2026\/02\/18022025_DONROCCO_SITO.jpg\",\"contentUrl\":\"https:\/\/b2b.mvgd.pl\/wp-content\/uploads\/2026\/02\/18022025_DONROCCO_SITO.jpg\",\"width\":600,\"height\":800},{\"@type\":\"BreadcrumbList\",\"@id\":\"https:\/\/b2b.mvgd.pl\/index.php\/produkt\/don-rocco-montepulciano-dabruzzo-doc-riserva\/#breadcrumb\",\"itemListElement\":[{\"@type\":\"ListItem\",\"position\":1,\"name\":\"Strona g\u0142\u00f3wna\",\"item\":\"https:\/\/b2b.mvgd.pl\/\"},{\"@type\":\"ListItem\",\"position\":2,\"name\":\"Shop\",\"item\":\"https:\/\/b2b.mvgd.pl\/index.php\/shop\/\"},{\"@type\":\"ListItem\",\"position\":3,\"name\":\"Don Rocco Montepulciano d\u2019Abruzzo DOC Riserva\"}]},{\"@type\":\"WebSite\",\"@id\":\"https:\/\/b2b.mvgd.pl\/#website\",\"url\":\"https:\/\/b2b.mvgd.pl\/\",\"name\":\"B2B MVGD PL\",\"description\":\"\",\"potentialAction\":[{\"@type\":\"SearchAction\",\"target\":{\"@type\":\"EntryPoint\",\"urlTemplate\":\"https:\/\/b2b.mvgd.pl\/?s={search_term_string}\"},\"query-input\":{\"@type\":\"PropertyValueSpecification\",\"valueRequired\":true,\"valueName\":\"search_term_string\"}}],\"inLanguage\":\"pl-PL\"}]}<\/script>\n<!-- \/ Yoast SEO plugin. -->","yoast_head_json":{"title":"Don Rocco Montepulciano d\u2019Abruzzo DOC Riserva - B2B MVGD PL","robots":{"index":"index","follow":"follow","max-snippet":"max-snippet:-1","max-image-preview":"max-image-preview:large","max-video-preview":"max-video-preview:-1"},"canonical":"https:\/\/b2b.mvgd.pl\/index.php\/produkt\/don-rocco-montepulciano-dabruzzo-doc-riserva\/","og_locale":"pl_PL","og_type":"article","og_title":"Don Rocco Montepulciano d\u2019Abruzzo DOC Riserva - B2B MVGD PL","og_description":"Ho\u0142d dla za\u0142o\u017cyciela \u2013 r\u0119czny zbi\u00f3r, 36\u202fmies. dojrzewania; skoncentrowane owoce, kawa i czekolada.","og_url":"https:\/\/b2b.mvgd.pl\/index.php\/produkt\/don-rocco-montepulciano-dabruzzo-doc-riserva\/","og_site_name":"B2B MVGD PL","article_modified_time":"2026-02-16T18:56:05+00:00","twitter_card":"summary_large_image","schema":{"@context":"https:\/\/schema.org","@graph":[{"@type":"WebPage","@id":"https:\/\/b2b.mvgd.pl\/index.php\/produkt\/don-rocco-montepulciano-dabruzzo-doc-riserva\/","url":"https:\/\/b2b.mvgd.pl\/index.php\/produkt\/don-rocco-montepulciano-dabruzzo-doc-riserva\/","name":"Don Rocco Montepulciano d\u2019Abruzzo DOC Riserva - B2B MVGD PL","isPartOf":{"@id":"https:\/\/b2b.mvgd.pl\/#website"},"primaryImageOfPage":{"@id":"https:\/\/b2b.mvgd.pl\/index.php\/produkt\/don-rocco-montepulciano-dabruzzo-doc-riserva\/#primaryimage"},"image":{"@id":"https:\/\/b2b.mvgd.pl\/index.php\/produkt\/don-rocco-montepulciano-dabruzzo-doc-riserva\/#primaryimage"},"thumbnailUrl":"https:\/\/b2b.mvgd.pl\/wp-content\/uploads\/2026\/02\/18022025_DONROCCO_SITO.jpg","datePublished":"2026-02-16T18:54:31+00:00","dateModified":"2026-02-16T18:56:05+00:00","breadcrumb":{"@id":"https:\/\/b2b.mvgd.pl\/index.php\/produkt\/don-rocco-montepulciano-dabruzzo-doc-riserva\/#breadcrumb"},"inLanguage":"pl-PL","potentialAction":[{"@type":"ReadAction","target":["https:\/\/b2b.mvgd.pl\/index.php\/produkt\/don-rocco-montepulciano-dabruzzo-doc-riserva\/"]}]},{"@type":"ImageObject","inLanguage":"pl-PL","@id":"https:\/\/b2b.mvgd.pl\/index.php\/produkt\/don-rocco-montepulciano-dabruzzo-doc-riserva\/#primaryimage","url":"https:\/\/b2b.mvgd.pl\/wp-content\/uploads\/2026\/02\/18022025_DONROCCO_SITO.jpg","contentUrl":"https:\/\/b2b.mvgd.pl\/wp-content\/uploads\/2026\/02\/18022025_DONROCCO_SITO.jpg","width":600,"height":800},{"@type":"BreadcrumbList","@id":"https:\/\/b2b.mvgd.pl\/index.php\/produkt\/don-rocco-montepulciano-dabruzzo-doc-riserva\/#breadcrumb","itemListElement":[{"@type":"ListItem","position":1,"name":"Strona g\u0142\u00f3wna","item":"https:\/\/b2b.mvgd.pl\/"},{"@type":"ListItem","position":2,"name":"Shop","item":"https:\/\/b2b.mvgd.pl\/index.php\/shop\/"},{"@type":"ListItem","position":3,"name":"Don Rocco Montepulciano d\u2019Abruzzo DOC Riserva"}]},{"@type":"WebSite","@id":"https:\/\/b2b.mvgd.pl\/#website","url":"https:\/\/b2b.mvgd.pl\/","name":"B2B MVGD PL","description":"","potentialAction":[{"@type":"SearchAction","target":{"@type":"EntryPoint","urlTemplate":"https:\/\/b2b.mvgd.pl\/?s={search_term_string}"},"query-input":{"@type":"PropertyValueSpecification","valueRequired":true,"valueName":"search_term_string"}}],"inLanguage":"pl-PL"}]}},"jetpack_sharing_enabled":true,"_links":{"self":[{"href":"https:\/\/b2b.mvgd.pl\/index.php\/wp-json\/wp\/v2\/product\/789","targetHints":{"allow":["GET"]}}],"collection":[{"href":"https:\/\/b2b.mvgd.pl\/index.php\/wp-json\/wp\/v2\/product"}],"about":[{"href":"https:\/\/b2b.mvgd.pl\/index.php\/wp-json\/wp\/v2\/types\/product"}],"replies":[{"embeddable":true,"href":"https:\/\/b2b.mvgd.pl\/index.php\/wp-json\/wp\/v2\/comments?post=789"}],"version-history":[{"count":0,"href":"https:\/\/b2b.mvgd.pl\/index.php\/wp-json\/wp\/v2\/product\/789\/revisions"}],"wp:featuredmedia":[{"embeddable":true,"href":"https:\/\/b2b.mvgd.pl\/index.php\/wp-json\/wp\/v2\/media\/840"}],"wp:attachment":[{"href":"https:\/\/b2b.mvgd.pl\/index.php\/wp-json\/wp\/v2\/media?parent=789"}],"wp:term":[{"taxonomy":"product_brand","embeddable":true,"href":"https:\/\/b2b.mvgd.pl\/index.php\/wp-json\/wp\/v2\/product_brand?post=789"},{"taxonomy":"product_cat","embeddable":true,"href":"https:\/\/b2b.mvgd.pl\/index.php\/wp-json\/wp\/v2\/product_cat?post=789"},{"taxonomy":"product_tag","embeddable":true,"href":"https:\/\/b2b.mvgd.pl\/index.php\/wp-json\/wp\/v2\/product_tag?post=789"}],"curies":[{"name":"wp","href":"https:\/\/api.w.org\/{rel}","templated":true}]}}