{"id":788,"date":"2026-02-16T18:54:31","date_gmt":"2026-02-16T18:54:31","guid":{"rendered":"https:\/\/b2b.mvgd.pl\/?post_type=product&#038;p=788"},"modified":"2026-02-16T18:56:05","modified_gmt":"2026-02-16T18:56:05","slug":"renascenzia-bianco-colline-pescaresi-igt","status":"publish","type":"product","link":"https:\/\/b2b.mvgd.pl\/index.php\/produkt\/renascenzia-bianco-colline-pescaresi-igt\/","title":{"rendered":"Renascenzia Bianco Colline Pescaresi IGT"},"content":{"rendered":"<p>Renascenzia Bianco to ambitne bia\u0142e wino powsta\u0142e z 70\u202f% Pecorino i 30\u202f% Rieslinga z 38\u2011letnich krzew\u00f3w. Fermentacja w stali, dojrzewanie 6 miesi\u0119cy w francuskich barriques oraz 6 miesi\u0119cy w 5\u2011hl amforach nadaje mu kremow\u0105 tekstur\u0119 i wielowarstwowy bukiet. Znajdziesz tu owoce tropikalne, suszon\u0105 morel\u0119 i nuty krzemienia. Podniebienie g\u0119ste, lecz rze\u015bkie \u2013 \u015bwietne do ma\u0142\u017cy, risotta z szafranem czy kurczaka w zio\u0142ach.<\/p>\n","protected":false},"excerpt":{"rendered":"<p>Kupa\u017c 70\u202f% Pecorino &amp; 30\u202f% Rieslinga; beczka + anfora; marakuja, mi\u00f3d akacjowy i krzemienno\u015b\u0107.<\/p>\n","protected":false},"featured_media":839,"comment_status":"open","ping_status":"closed","template":"","meta":[],"product_brand":[],"product_cat":[971,18,19],"product_tag":[],"class_list":{"0":"post-788","1":"product","2":"type-product","3":"status-publish","4":"has-post-thumbnail","6":"product_cat-abruzja","7":"product_cat-wina","8":"product_cat-wlochy-wina","10":"first","11":"instock","12":"shipping-taxable","13":"purchasable","14":"product-type-simple"},"yoast_head":"<!-- This site is optimized with the Yoast SEO plugin v26.9 - https:\/\/yoast.com\/product\/yoast-seo-wordpress\/ -->\n<title>Renascenzia Bianco Colline Pescaresi IGT - B2B MVGD PL<\/title>\n<meta name=\"robots\" content=\"index, follow, max-snippet:-1, max-image-preview:large, max-video-preview:-1\" \/>\n<link rel=\"canonical\" href=\"https:\/\/b2b.mvgd.pl\/index.php\/produkt\/renascenzia-bianco-colline-pescaresi-igt\/\" \/>\n<meta property=\"og:locale\" content=\"pl_PL\" \/>\n<meta property=\"og:type\" content=\"article\" \/>\n<meta property=\"og:title\" content=\"Renascenzia Bianco Colline Pescaresi IGT - B2B MVGD PL\" \/>\n<meta property=\"og:description\" content=\"Kupa\u017c 70\u202f% Pecorino &amp; 30\u202f% Rieslinga; beczka + anfora; marakuja, mi\u00f3d akacjowy i krzemienno\u015b\u0107.\" \/>\n<meta property=\"og:url\" content=\"https:\/\/b2b.mvgd.pl\/index.php\/produkt\/renascenzia-bianco-colline-pescaresi-igt\/\" \/>\n<meta property=\"og:site_name\" content=\"B2B MVGD PL\" \/>\n<meta property=\"article:modified_time\" content=\"2026-02-16T18:56:05+00:00\" \/>\n<meta name=\"twitter:card\" content=\"summary_large_image\" \/>\n<script type=\"application\/ld+json\" class=\"yoast-schema-graph\">{\"@context\":\"https:\/\/schema.org\",\"@graph\":[{\"@type\":\"WebPage\",\"@id\":\"https:\/\/b2b.mvgd.pl\/index.php\/produkt\/renascenzia-bianco-colline-pescaresi-igt\/\",\"url\":\"https:\/\/b2b.mvgd.pl\/index.php\/produkt\/renascenzia-bianco-colline-pescaresi-igt\/\",\"name\":\"Renascenzia Bianco Colline Pescaresi IGT - B2B MVGD PL\",\"isPartOf\":{\"@id\":\"https:\/\/b2b.mvgd.pl\/#website\"},\"primaryImageOfPage\":{\"@id\":\"https:\/\/b2b.mvgd.pl\/index.php\/produkt\/renascenzia-bianco-colline-pescaresi-igt\/#primaryimage\"},\"image\":{\"@id\":\"https:\/\/b2b.mvgd.pl\/index.php\/produkt\/renascenzia-bianco-colline-pescaresi-igt\/#primaryimage\"},\"thumbnailUrl\":\"https:\/\/b2b.mvgd.pl\/wp-content\/uploads\/2026\/02\/Renascenzia-Bianco-Colline-Pescaresi-IGT.png\",\"datePublished\":\"2026-02-16T18:54:31+00:00\",\"dateModified\":\"2026-02-16T18:56:05+00:00\",\"breadcrumb\":{\"@id\":\"https:\/\/b2b.mvgd.pl\/index.php\/produkt\/renascenzia-bianco-colline-pescaresi-igt\/#breadcrumb\"},\"inLanguage\":\"pl-PL\",\"potentialAction\":[{\"@type\":\"ReadAction\",\"target\":[\"https:\/\/b2b.mvgd.pl\/index.php\/produkt\/renascenzia-bianco-colline-pescaresi-igt\/\"]}]},{\"@type\":\"ImageObject\",\"inLanguage\":\"pl-PL\",\"@id\":\"https:\/\/b2b.mvgd.pl\/index.php\/produkt\/renascenzia-bianco-colline-pescaresi-igt\/#primaryimage\",\"url\":\"https:\/\/b2b.mvgd.pl\/wp-content\/uploads\/2026\/02\/Renascenzia-Bianco-Colline-Pescaresi-IGT.png\",\"contentUrl\":\"https:\/\/b2b.mvgd.pl\/wp-content\/uploads\/2026\/02\/Renascenzia-Bianco-Colline-Pescaresi-IGT.png\",\"width\":900,\"height\":1200},{\"@type\":\"BreadcrumbList\",\"@id\":\"https:\/\/b2b.mvgd.pl\/index.php\/produkt\/renascenzia-bianco-colline-pescaresi-igt\/#breadcrumb\",\"itemListElement\":[{\"@type\":\"ListItem\",\"position\":1,\"name\":\"Strona g\u0142\u00f3wna\",\"item\":\"https:\/\/b2b.mvgd.pl\/\"},{\"@type\":\"ListItem\",\"position\":2,\"name\":\"Shop\",\"item\":\"https:\/\/b2b.mvgd.pl\/index.php\/shop\/\"},{\"@type\":\"ListItem\",\"position\":3,\"name\":\"Renascenzia Bianco Colline Pescaresi IGT\"}]},{\"@type\":\"WebSite\",\"@id\":\"https:\/\/b2b.mvgd.pl\/#website\",\"url\":\"https:\/\/b2b.mvgd.pl\/\",\"name\":\"B2B MVGD PL\",\"description\":\"\",\"potentialAction\":[{\"@type\":\"SearchAction\",\"target\":{\"@type\":\"EntryPoint\",\"urlTemplate\":\"https:\/\/b2b.mvgd.pl\/?s={search_term_string}\"},\"query-input\":{\"@type\":\"PropertyValueSpecification\",\"valueRequired\":true,\"valueName\":\"search_term_string\"}}],\"inLanguage\":\"pl-PL\"}]}<\/script>\n<!-- \/ Yoast SEO plugin. -->","yoast_head_json":{"title":"Renascenzia Bianco Colline Pescaresi IGT - B2B MVGD PL","robots":{"index":"index","follow":"follow","max-snippet":"max-snippet:-1","max-image-preview":"max-image-preview:large","max-video-preview":"max-video-preview:-1"},"canonical":"https:\/\/b2b.mvgd.pl\/index.php\/produkt\/renascenzia-bianco-colline-pescaresi-igt\/","og_locale":"pl_PL","og_type":"article","og_title":"Renascenzia Bianco Colline Pescaresi IGT - B2B MVGD PL","og_description":"Kupa\u017c 70\u202f% Pecorino &amp; 30\u202f% Rieslinga; beczka + anfora; marakuja, mi\u00f3d akacjowy i krzemienno\u015b\u0107.","og_url":"https:\/\/b2b.mvgd.pl\/index.php\/produkt\/renascenzia-bianco-colline-pescaresi-igt\/","og_site_name":"B2B MVGD PL","article_modified_time":"2026-02-16T18:56:05+00:00","twitter_card":"summary_large_image","schema":{"@context":"https:\/\/schema.org","@graph":[{"@type":"WebPage","@id":"https:\/\/b2b.mvgd.pl\/index.php\/produkt\/renascenzia-bianco-colline-pescaresi-igt\/","url":"https:\/\/b2b.mvgd.pl\/index.php\/produkt\/renascenzia-bianco-colline-pescaresi-igt\/","name":"Renascenzia Bianco Colline Pescaresi IGT - B2B MVGD PL","isPartOf":{"@id":"https:\/\/b2b.mvgd.pl\/#website"},"primaryImageOfPage":{"@id":"https:\/\/b2b.mvgd.pl\/index.php\/produkt\/renascenzia-bianco-colline-pescaresi-igt\/#primaryimage"},"image":{"@id":"https:\/\/b2b.mvgd.pl\/index.php\/produkt\/renascenzia-bianco-colline-pescaresi-igt\/#primaryimage"},"thumbnailUrl":"https:\/\/b2b.mvgd.pl\/wp-content\/uploads\/2026\/02\/Renascenzia-Bianco-Colline-Pescaresi-IGT.png","datePublished":"2026-02-16T18:54:31+00:00","dateModified":"2026-02-16T18:56:05+00:00","breadcrumb":{"@id":"https:\/\/b2b.mvgd.pl\/index.php\/produkt\/renascenzia-bianco-colline-pescaresi-igt\/#breadcrumb"},"inLanguage":"pl-PL","potentialAction":[{"@type":"ReadAction","target":["https:\/\/b2b.mvgd.pl\/index.php\/produkt\/renascenzia-bianco-colline-pescaresi-igt\/"]}]},{"@type":"ImageObject","inLanguage":"pl-PL","@id":"https:\/\/b2b.mvgd.pl\/index.php\/produkt\/renascenzia-bianco-colline-pescaresi-igt\/#primaryimage","url":"https:\/\/b2b.mvgd.pl\/wp-content\/uploads\/2026\/02\/Renascenzia-Bianco-Colline-Pescaresi-IGT.png","contentUrl":"https:\/\/b2b.mvgd.pl\/wp-content\/uploads\/2026\/02\/Renascenzia-Bianco-Colline-Pescaresi-IGT.png","width":900,"height":1200},{"@type":"BreadcrumbList","@id":"https:\/\/b2b.mvgd.pl\/index.php\/produkt\/renascenzia-bianco-colline-pescaresi-igt\/#breadcrumb","itemListElement":[{"@type":"ListItem","position":1,"name":"Strona g\u0142\u00f3wna","item":"https:\/\/b2b.mvgd.pl\/"},{"@type":"ListItem","position":2,"name":"Shop","item":"https:\/\/b2b.mvgd.pl\/index.php\/shop\/"},{"@type":"ListItem","position":3,"name":"Renascenzia Bianco Colline Pescaresi IGT"}]},{"@type":"WebSite","@id":"https:\/\/b2b.mvgd.pl\/#website","url":"https:\/\/b2b.mvgd.pl\/","name":"B2B MVGD PL","description":"","potentialAction":[{"@type":"SearchAction","target":{"@type":"EntryPoint","urlTemplate":"https:\/\/b2b.mvgd.pl\/?s={search_term_string}"},"query-input":{"@type":"PropertyValueSpecification","valueRequired":true,"valueName":"search_term_string"}}],"inLanguage":"pl-PL"}]}},"jetpack_sharing_enabled":true,"_links":{"self":[{"href":"https:\/\/b2b.mvgd.pl\/index.php\/wp-json\/wp\/v2\/product\/788","targetHints":{"allow":["GET"]}}],"collection":[{"href":"https:\/\/b2b.mvgd.pl\/index.php\/wp-json\/wp\/v2\/product"}],"about":[{"href":"https:\/\/b2b.mvgd.pl\/index.php\/wp-json\/wp\/v2\/types\/product"}],"replies":[{"embeddable":true,"href":"https:\/\/b2b.mvgd.pl\/index.php\/wp-json\/wp\/v2\/comments?post=788"}],"version-history":[{"count":0,"href":"https:\/\/b2b.mvgd.pl\/index.php\/wp-json\/wp\/v2\/product\/788\/revisions"}],"wp:featuredmedia":[{"embeddable":true,"href":"https:\/\/b2b.mvgd.pl\/index.php\/wp-json\/wp\/v2\/media\/839"}],"wp:attachment":[{"href":"https:\/\/b2b.mvgd.pl\/index.php\/wp-json\/wp\/v2\/media?parent=788"}],"wp:term":[{"taxonomy":"product_brand","embeddable":true,"href":"https:\/\/b2b.mvgd.pl\/index.php\/wp-json\/wp\/v2\/product_brand?post=788"},{"taxonomy":"product_cat","embeddable":true,"href":"https:\/\/b2b.mvgd.pl\/index.php\/wp-json\/wp\/v2\/product_cat?post=788"},{"taxonomy":"product_tag","embeddable":true,"href":"https:\/\/b2b.mvgd.pl\/index.php\/wp-json\/wp\/v2\/product_tag?post=788"}],"curies":[{"name":"wp","href":"https:\/\/api.w.org\/{rel}","templated":true}]}}