{"id":773,"date":"2026-02-16T18:54:07","date_gmt":"2026-02-16T18:54:07","guid":{"rendered":"https:\/\/b2b.mvgd.pl\/?post_type=product&#038;p=773"},"modified":"2026-02-16T18:55:53","modified_gmt":"2026-02-16T18:55:53","slug":"esporao-colheita-white-075l-135","status":"publish","type":"product","link":"https:\/\/b2b.mvgd.pl\/index.php\/produkt\/esporao-colheita-white-075l-135\/","title":{"rendered":"ESPOR\u00c3O Colheita White 0,75l 13,5%"},"content":{"rendered":"<p data-start=\"378\" data-end=\"700\">Espor\u00e3o Colheita White 2023 to nowoczesne, ekologiczne bia\u0142e wino z regionu Alentejo, stworzone z wyselekcjonowanych winogron pochodz\u0105cych z w\u0142asnych, organicznych upraw posiad\u0142o\u015bci Herdade do Espor\u00e3o. Fermentacja i dojrzewanie odbywa si\u0119 w betonowych zbiornikach, co podkre\u015bla \u015bwie\u017co\u015b\u0107 i mineralny charakter wina.<\/p>\n<p data-start=\"702\" data-end=\"835\"><strong>Aromat:<\/strong><br data-start=\"709\" data-end=\"712\" \/>Intensywne aromaty cytrusowe, zielonego jab\u0142ka i owoc\u00f3w tropikalnych, z delikatnym akcentem kwiat\u00f3w i nut\u0105 dro\u017cd\u017cowego t\u0142a.<\/p>\n<p data-start=\"837\" data-end=\"1014\"><strong>Smak:<\/strong><br data-start=\"842\" data-end=\"845\" \/>W ustach wino jest soczyste, z wyra\u017an\u0105 kwasowo\u015bci\u0105, dobrze zbudowane, z kremow\u0105 struktur\u0105 i d\u0142ugim, eleganckim finiszem. Zachowuje \u015bwie\u017co\u015b\u0107 i naturalny charakter owoc\u00f3w.<\/p>\n<p data-start=\"1016\" data-end=\"1140\"><strong>Dopasowanie kulinarne:<\/strong><br data-start=\"1038\" data-end=\"1041\" \/>Idealne do owoc\u00f3w morza, ryb, lekkich sa\u0142atek, bia\u0142ych mi\u0119s i przystawek kuchni \u015br\u00f3dziemnomorskiej.<\/p>\n<p data-start=\"1142\" data-end=\"1202\"><strong>Temperatura serwowania:<\/strong> 8\u201310\u00b0C<br data-start=\"1172\" data-end=\"1175\" \/><strong>Napowietrzanie<\/strong>: niewymagane<\/p>\n<p data-start=\"1142\" data-end=\"1202\"><strong>Charakter: <\/strong>Klasyczne, \u015bwie\u017ce i zr\u00f3wnowa\u017cone wino z subteln\u0105 mineralno\u015bci\u0105 i wyra\u017anym wp\u0142ywem terroir Alentejo. Dzi\u0119ki fermentacji w betonie prezentuje czysty, owocowy styl i naturaln\u0105 elegancj\u0119.<\/p>\n","protected":false},"excerpt":{"rendered":"<div class=\"flex max-w-full flex-col grow\">\n<div class=\"min-h-8 text-message relative flex w-full flex-col items-end gap-2 text-start break-words whitespace-normal [.text-message+&amp;]:mt-5\" dir=\"auto\" data-message-author-role=\"assistant\" data-message-id=\"259775c1-e0be-4dbd-a7bf-beb9da96f79c\" data-message-model-slug=\"gpt-4o\">\n<div class=\"flex w-full flex-col gap-1 empty:hidden first:pt-[3px]\">\n<div class=\"markdown prose dark:prose-invert w-full break-words dark\">\n<p data-start=\"0\" data-end=\"294\" data-is-last-node=\"\" data-is-only-node=\"\">Portugalskie bia\u0142e wino wytrawne z Alentejo, produkowane z ekologicznych winogron. W aromacie dominuj\u0105 cytrusy, zielone jab\u0142ko i delikatne nuty kwiatowe. W ustach soczyste, dobrze zbalansowane, z kremow\u0105 struktur\u0105 i \u015bwie\u017cym finiszem. Idealne do owoc\u00f3w morza, ryb i lekkich da\u0144.<\/p>\n<\/div>\n<\/div>\n<\/div>\n<\/div>\n<div class=\"mt-3 w-full empty:hidden\">\n<div class=\"text-center\">\n<div class=\"mx-auto\">\n<div>\n<div class=\"inline-flex rounded-xl border border-gray-100 dark:border-gray-700\">\n<div class=\"me-12 flex items-center px-4 py-3 text-start\">\n<div class=\"ms-4\">\n<div class=\"text-token-main-surface-primary-inverse text-sm font-semibold\"><\/div>\n<\/div>\n<\/div>\n<\/div>\n<\/div>\n<\/div>\n<\/div>\n<\/div>\n","protected":false},"featured_media":831,"comment_status":"closed","ping_status":"closed","template":"","meta":[],"product_brand":[],"product_cat":[31,21,18],"product_tag":[961,757,962,320,577,321],"class_list":{"0":"post-773","1":"product","2":"type-product","3":"status-publish","4":"has-post-thumbnail","6":"product_cat-alentejo","7":"product_cat-portugalia","8":"product_cat-wina","9":"product_tag-alentejo","10":"product_tag-biale","11":"product_tag-esporao","12":"product_tag-wino","13":"product_tag-wino-biale","14":"product_tag-wytrawne","16":"first","17":"instock","18":"shipping-taxable","19":"purchasable","20":"product-type-simple"},"yoast_head":"<!-- This site is optimized with the Yoast SEO plugin v26.9 - https:\/\/yoast.com\/product\/yoast-seo-wordpress\/ -->\n<title>ESPOR\u00c3O Colheita White 0,75l 13,5% - B2B MVGD PL<\/title>\n<meta name=\"robots\" content=\"index, follow, max-snippet:-1, max-image-preview:large, max-video-preview:-1\" \/>\n<link rel=\"canonical\" href=\"https:\/\/b2b.mvgd.pl\/index.php\/produkt\/esporao-colheita-white-075l-135\/\" \/>\n<meta property=\"og:locale\" content=\"pl_PL\" \/>\n<meta property=\"og:type\" content=\"article\" \/>\n<meta property=\"og:title\" content=\"ESPOR\u00c3O Colheita White 0,75l 13,5% - B2B MVGD PL\" \/>\n<meta property=\"og:description\" content=\"Portugalskie bia\u0142e wino wytrawne z Alentejo, produkowane z ekologicznych winogron. W aromacie dominuj\u0105 cytrusy, zielone jab\u0142ko i delikatne nuty kwiatowe. W ustach soczyste, dobrze zbalansowane, z kremow\u0105 struktur\u0105 i \u015bwie\u017cym finiszem. Idealne do owoc\u00f3w morza, ryb i lekkich da\u0144.\" \/>\n<meta property=\"og:url\" content=\"https:\/\/b2b.mvgd.pl\/index.php\/produkt\/esporao-colheita-white-075l-135\/\" \/>\n<meta property=\"og:site_name\" content=\"B2B MVGD PL\" \/>\n<meta property=\"article:modified_time\" content=\"2026-02-16T18:55:53+00:00\" \/>\n<meta name=\"twitter:card\" content=\"summary_large_image\" \/>\n<meta name=\"twitter:label1\" content=\"Szacowany czas czytania\" \/>\n\t<meta name=\"twitter:data1\" content=\"1 minuta\" \/>\n<script type=\"application\/ld+json\" class=\"yoast-schema-graph\">{\"@context\":\"https:\/\/schema.org\",\"@graph\":[{\"@type\":\"WebPage\",\"@id\":\"https:\/\/b2b.mvgd.pl\/index.php\/produkt\/esporao-colheita-white-075l-135\/\",\"url\":\"https:\/\/b2b.mvgd.pl\/index.php\/produkt\/esporao-colheita-white-075l-135\/\",\"name\":\"ESPOR\u00c3O Colheita White 0,75l 13,5% - B2B MVGD PL\",\"isPartOf\":{\"@id\":\"https:\/\/b2b.mvgd.pl\/#website\"},\"primaryImageOfPage\":{\"@id\":\"https:\/\/b2b.mvgd.pl\/index.php\/produkt\/esporao-colheita-white-075l-135\/#primaryimage\"},\"image\":{\"@id\":\"https:\/\/b2b.mvgd.pl\/index.php\/produkt\/esporao-colheita-white-075l-135\/#primaryimage\"},\"thumbnailUrl\":\"https:\/\/b2b.mvgd.pl\/wp-content\/uploads\/2026\/02\/WIN-ESPORAO-Colheita-White-075l-135.png\",\"datePublished\":\"2026-02-16T18:54:07+00:00\",\"dateModified\":\"2026-02-16T18:55:53+00:00\",\"breadcrumb\":{\"@id\":\"https:\/\/b2b.mvgd.pl\/index.php\/produkt\/esporao-colheita-white-075l-135\/#breadcrumb\"},\"inLanguage\":\"pl-PL\",\"potentialAction\":[{\"@type\":\"ReadAction\",\"target\":[\"https:\/\/b2b.mvgd.pl\/index.php\/produkt\/esporao-colheita-white-075l-135\/\"]}]},{\"@type\":\"ImageObject\",\"inLanguage\":\"pl-PL\",\"@id\":\"https:\/\/b2b.mvgd.pl\/index.php\/produkt\/esporao-colheita-white-075l-135\/#primaryimage\",\"url\":\"https:\/\/b2b.mvgd.pl\/wp-content\/uploads\/2026\/02\/WIN-ESPORAO-Colheita-White-075l-135.png\",\"contentUrl\":\"https:\/\/b2b.mvgd.pl\/wp-content\/uploads\/2026\/02\/WIN-ESPORAO-Colheita-White-075l-135.png\",\"width\":900,\"height\":1200},{\"@type\":\"BreadcrumbList\",\"@id\":\"https:\/\/b2b.mvgd.pl\/index.php\/produkt\/esporao-colheita-white-075l-135\/#breadcrumb\",\"itemListElement\":[{\"@type\":\"ListItem\",\"position\":1,\"name\":\"Strona g\u0142\u00f3wna\",\"item\":\"https:\/\/b2b.mvgd.pl\/\"},{\"@type\":\"ListItem\",\"position\":2,\"name\":\"Shop\",\"item\":\"https:\/\/b2b.mvgd.pl\/index.php\/shop\/\"},{\"@type\":\"ListItem\",\"position\":3,\"name\":\"ESPOR\u00c3O Colheita White 0,75l 13,5%\"}]},{\"@type\":\"WebSite\",\"@id\":\"https:\/\/b2b.mvgd.pl\/#website\",\"url\":\"https:\/\/b2b.mvgd.pl\/\",\"name\":\"B2B MVGD PL\",\"description\":\"\",\"potentialAction\":[{\"@type\":\"SearchAction\",\"target\":{\"@type\":\"EntryPoint\",\"urlTemplate\":\"https:\/\/b2b.mvgd.pl\/?s={search_term_string}\"},\"query-input\":{\"@type\":\"PropertyValueSpecification\",\"valueRequired\":true,\"valueName\":\"search_term_string\"}}],\"inLanguage\":\"pl-PL\"}]}<\/script>\n<!-- \/ Yoast SEO plugin. -->","yoast_head_json":{"title":"ESPOR\u00c3O Colheita White 0,75l 13,5% - B2B MVGD PL","robots":{"index":"index","follow":"follow","max-snippet":"max-snippet:-1","max-image-preview":"max-image-preview:large","max-video-preview":"max-video-preview:-1"},"canonical":"https:\/\/b2b.mvgd.pl\/index.php\/produkt\/esporao-colheita-white-075l-135\/","og_locale":"pl_PL","og_type":"article","og_title":"ESPOR\u00c3O Colheita White 0,75l 13,5% - B2B MVGD PL","og_description":"Portugalskie bia\u0142e wino wytrawne z Alentejo, produkowane z ekologicznych winogron. W aromacie dominuj\u0105 cytrusy, zielone jab\u0142ko i delikatne nuty kwiatowe. W ustach soczyste, dobrze zbalansowane, z kremow\u0105 struktur\u0105 i \u015bwie\u017cym finiszem. Idealne do owoc\u00f3w morza, ryb i lekkich da\u0144.","og_url":"https:\/\/b2b.mvgd.pl\/index.php\/produkt\/esporao-colheita-white-075l-135\/","og_site_name":"B2B MVGD PL","article_modified_time":"2026-02-16T18:55:53+00:00","twitter_card":"summary_large_image","twitter_misc":{"Szacowany czas czytania":"1 minuta"},"schema":{"@context":"https:\/\/schema.org","@graph":[{"@type":"WebPage","@id":"https:\/\/b2b.mvgd.pl\/index.php\/produkt\/esporao-colheita-white-075l-135\/","url":"https:\/\/b2b.mvgd.pl\/index.php\/produkt\/esporao-colheita-white-075l-135\/","name":"ESPOR\u00c3O Colheita White 0,75l 13,5% - B2B MVGD PL","isPartOf":{"@id":"https:\/\/b2b.mvgd.pl\/#website"},"primaryImageOfPage":{"@id":"https:\/\/b2b.mvgd.pl\/index.php\/produkt\/esporao-colheita-white-075l-135\/#primaryimage"},"image":{"@id":"https:\/\/b2b.mvgd.pl\/index.php\/produkt\/esporao-colheita-white-075l-135\/#primaryimage"},"thumbnailUrl":"https:\/\/b2b.mvgd.pl\/wp-content\/uploads\/2026\/02\/WIN-ESPORAO-Colheita-White-075l-135.png","datePublished":"2026-02-16T18:54:07+00:00","dateModified":"2026-02-16T18:55:53+00:00","breadcrumb":{"@id":"https:\/\/b2b.mvgd.pl\/index.php\/produkt\/esporao-colheita-white-075l-135\/#breadcrumb"},"inLanguage":"pl-PL","potentialAction":[{"@type":"ReadAction","target":["https:\/\/b2b.mvgd.pl\/index.php\/produkt\/esporao-colheita-white-075l-135\/"]}]},{"@type":"ImageObject","inLanguage":"pl-PL","@id":"https:\/\/b2b.mvgd.pl\/index.php\/produkt\/esporao-colheita-white-075l-135\/#primaryimage","url":"https:\/\/b2b.mvgd.pl\/wp-content\/uploads\/2026\/02\/WIN-ESPORAO-Colheita-White-075l-135.png","contentUrl":"https:\/\/b2b.mvgd.pl\/wp-content\/uploads\/2026\/02\/WIN-ESPORAO-Colheita-White-075l-135.png","width":900,"height":1200},{"@type":"BreadcrumbList","@id":"https:\/\/b2b.mvgd.pl\/index.php\/produkt\/esporao-colheita-white-075l-135\/#breadcrumb","itemListElement":[{"@type":"ListItem","position":1,"name":"Strona g\u0142\u00f3wna","item":"https:\/\/b2b.mvgd.pl\/"},{"@type":"ListItem","position":2,"name":"Shop","item":"https:\/\/b2b.mvgd.pl\/index.php\/shop\/"},{"@type":"ListItem","position":3,"name":"ESPOR\u00c3O Colheita White 0,75l 13,5%"}]},{"@type":"WebSite","@id":"https:\/\/b2b.mvgd.pl\/#website","url":"https:\/\/b2b.mvgd.pl\/","name":"B2B MVGD PL","description":"","potentialAction":[{"@type":"SearchAction","target":{"@type":"EntryPoint","urlTemplate":"https:\/\/b2b.mvgd.pl\/?s={search_term_string}"},"query-input":{"@type":"PropertyValueSpecification","valueRequired":true,"valueName":"search_term_string"}}],"inLanguage":"pl-PL"}]}},"jetpack_sharing_enabled":true,"_links":{"self":[{"href":"https:\/\/b2b.mvgd.pl\/index.php\/wp-json\/wp\/v2\/product\/773","targetHints":{"allow":["GET"]}}],"collection":[{"href":"https:\/\/b2b.mvgd.pl\/index.php\/wp-json\/wp\/v2\/product"}],"about":[{"href":"https:\/\/b2b.mvgd.pl\/index.php\/wp-json\/wp\/v2\/types\/product"}],"replies":[{"embeddable":true,"href":"https:\/\/b2b.mvgd.pl\/index.php\/wp-json\/wp\/v2\/comments?post=773"}],"version-history":[{"count":0,"href":"https:\/\/b2b.mvgd.pl\/index.php\/wp-json\/wp\/v2\/product\/773\/revisions"}],"wp:featuredmedia":[{"embeddable":true,"href":"https:\/\/b2b.mvgd.pl\/index.php\/wp-json\/wp\/v2\/media\/831"}],"wp:attachment":[{"href":"https:\/\/b2b.mvgd.pl\/index.php\/wp-json\/wp\/v2\/media?parent=773"}],"wp:term":[{"taxonomy":"product_brand","embeddable":true,"href":"https:\/\/b2b.mvgd.pl\/index.php\/wp-json\/wp\/v2\/product_brand?post=773"},{"taxonomy":"product_cat","embeddable":true,"href":"https:\/\/b2b.mvgd.pl\/index.php\/wp-json\/wp\/v2\/product_cat?post=773"},{"taxonomy":"product_tag","embeddable":true,"href":"https:\/\/b2b.mvgd.pl\/index.php\/wp-json\/wp\/v2\/product_tag?post=773"}],"curies":[{"name":"wp","href":"https:\/\/api.w.org\/{rel}","templated":true}]}}