{"id":772,"date":"2026-02-16T18:54:07","date_gmt":"2026-02-16T18:54:07","guid":{"rendered":"https:\/\/b2b.mvgd.pl\/?post_type=product&#038;p=772"},"modified":"2026-02-16T18:55:46","modified_gmt":"2026-02-16T18:55:46","slug":"esporao-reserva-red-2022-075l-135","status":"publish","type":"product","link":"https:\/\/b2b.mvgd.pl\/index.php\/produkt\/esporao-reserva-red-2022-075l-135\/","title":{"rendered":"Espor\u00e3o Reserva Red 2022 0,75l 13,5%"},"content":{"rendered":"<p data-start=\"411\" data-end=\"843\">Espor\u00e3o Reserva Red 2022 to flagowe czerwone wino posiad\u0142o\u015bci Herdade do Espor\u00e3o, b\u0119d\u0105ce odzwierciedleniem najlepszych cech regionu Alentejo. Powstaje z lokalnych i mi\u0119dzynarodowych odmian winoro\u015bli, uprawianych na glebach gliniasto-wapiennych. Fermentacja odbywa si\u0119 w stalowych zbiornikach i betonie, a wino dojrzewa przez 12 miesi\u0119cy w d\u0119bowych beczkach (ameryka\u0144skich i francuskich), co nadaje mu z\u0142o\u017cono\u015bci i elegancji.<\/p>\n<p data-start=\"845\" data-end=\"1000\"><strong>Aromat:<\/strong><br data-start=\"852\" data-end=\"855\" \/>Intensywny bukiet z dominacj\u0105 czarnych owoc\u00f3w, \u015bliwki i je\u017cyny, wzbogacony o nuty przypraw, zi\u00f3\u0142 \u015br\u00f3dziemnomorskich oraz wanilii i tost\u00f3w z d\u0119bu.<\/p>\n<p data-start=\"1002\" data-end=\"1191\"><strong>Smak:<\/strong><br data-start=\"1007\" data-end=\"1010\" \/>W ustach wino jest z\u0142o\u017cone, z aksamitnymi taninami, doskona\u0142\u0105 struktur\u0105 i wywa\u017con\u0105 kwasowo\u015bci\u0105. Charakteryzuje si\u0119 g\u0142\u0119bi\u0105 owocu, subteln\u0105 pikantno\u015bci\u0105 i d\u0142ugim, eleganckim finiszem.<\/p>\n<p data-start=\"1193\" data-end=\"1333\"><strong>Dopasowanie kulinarne:<\/strong><br data-start=\"1215\" data-end=\"1218\" \/>Idealne do pieczonych i grillowanych czerwonych mi\u0119s, dziczyzny, gulaszy, dojrza\u0142ych ser\u00f3w i da\u0144 z bogatymi sosami.<\/p>\n<p data-start=\"1335\" data-end=\"1424\"><strong>Temperatura serwowania:<\/strong> 16\u201318\u00b0C<br data-start=\"1366\" data-end=\"1369\" \/>Napowietrzanie: Zalecane, min. 1 godzina przed podaniem<\/p>\n<p data-start=\"1426\" data-end=\"1588\"><strong>Charakter:<\/strong><br data-start=\"1436\" data-end=\"1439\" \/>Klasyczne, zr\u00f3wnowa\u017cone, eleganckie wino z wyra\u017anym wp\u0142ywem beczki, o du\u017cym potencjale dojrzewania i typowym dla Alentejo owocowo-mineralnym profilu.<\/p>\n","protected":false},"excerpt":{"rendered":"<div class=\"flex max-w-full flex-col grow\">\n<div class=\"min-h-8 text-message relative flex w-full flex-col items-end gap-2 text-start break-words whitespace-normal [.text-message+&amp;]:mt-5\" dir=\"auto\" data-message-author-role=\"assistant\" data-message-id=\"259775c1-e0be-4dbd-a7bf-beb9da96f79c\" data-message-model-slug=\"gpt-4o\">\n<div class=\"flex w-full flex-col gap-1 empty:hidden first:pt-[3px]\">\n<div class=\"markdown prose dark:prose-invert w-full break-words dark\">\n<p data-start=\"0\" data-end=\"294\" data-is-last-node=\"\" data-is-only-node=\"\">Czerwone, wytrawne wino z Alentejo, dojrzewaj\u0105ce 12 miesi\u0119cy w beczce. Z\u0142o\u017cone, eleganckie, z nutami czarnych owoc\u00f3w, przypraw i wanilii. Dobrze zbudowane, z aksamitnymi taninami i d\u0142ugim finiszem. Idealne do czerwonych mi\u0119s i ser\u00f3w.<\/p>\n<\/div>\n<\/div>\n<\/div>\n<\/div>\n<div class=\"mt-3 w-full empty:hidden\">\n<div class=\"text-center\">\n<div class=\"mx-auto\">\n<div>\n<div class=\"inline-flex rounded-xl border border-gray-100 dark:border-gray-700\">\n<div class=\"me-12 flex items-center px-4 py-3 text-start\">\n<div class=\"ms-4\">\n<div class=\"text-token-main-surface-primary-inverse text-sm font-semibold\"><\/div>\n<\/div>\n<\/div>\n<\/div>\n<\/div>\n<\/div>\n<\/div>\n<\/div>\n","protected":false},"featured_media":825,"comment_status":"closed","ping_status":"closed","template":"","meta":[],"product_brand":[],"product_cat":[31,21,18],"product_tag":[961,737,962,320,321],"class_list":{"0":"post-772","1":"product","2":"type-product","3":"status-publish","4":"has-post-thumbnail","6":"product_cat-alentejo","7":"product_cat-portugalia","8":"product_cat-wina","9":"product_tag-alentejo","10":"product_tag-czerwone","11":"product_tag-esporao","12":"product_tag-wino","13":"product_tag-wytrawne","15":"first","16":"instock","17":"shipping-taxable","18":"purchasable","19":"product-type-simple"},"yoast_head":"<!-- This site is optimized with the Yoast SEO plugin v26.9 - https:\/\/yoast.com\/product\/yoast-seo-wordpress\/ -->\n<title>Espor\u00e3o Reserva Red 2022 0,75l 13,5% - B2B MVGD PL<\/title>\n<meta name=\"robots\" content=\"index, follow, max-snippet:-1, max-image-preview:large, max-video-preview:-1\" \/>\n<link rel=\"canonical\" href=\"https:\/\/b2b.mvgd.pl\/index.php\/produkt\/esporao-reserva-red-2022-075l-135\/\" \/>\n<meta property=\"og:locale\" content=\"pl_PL\" \/>\n<meta property=\"og:type\" content=\"article\" \/>\n<meta property=\"og:title\" content=\"Espor\u00e3o Reserva Red 2022 0,75l 13,5% - B2B MVGD PL\" \/>\n<meta property=\"og:description\" content=\"Czerwone, wytrawne wino z Alentejo, dojrzewaj\u0105ce 12 miesi\u0119cy w beczce. Z\u0142o\u017cone, eleganckie, z nutami czarnych owoc\u00f3w, przypraw i wanilii. Dobrze zbudowane, z aksamitnymi taninami i d\u0142ugim finiszem. Idealne do czerwonych mi\u0119s i ser\u00f3w.\" \/>\n<meta property=\"og:url\" content=\"https:\/\/b2b.mvgd.pl\/index.php\/produkt\/esporao-reserva-red-2022-075l-135\/\" \/>\n<meta property=\"og:site_name\" content=\"B2B MVGD PL\" \/>\n<meta property=\"article:modified_time\" content=\"2026-02-16T18:55:46+00:00\" \/>\n<meta name=\"twitter:card\" content=\"summary_large_image\" \/>\n<meta name=\"twitter:label1\" content=\"Szacowany czas czytania\" \/>\n\t<meta name=\"twitter:data1\" content=\"1 minuta\" \/>\n<script type=\"application\/ld+json\" class=\"yoast-schema-graph\">{\"@context\":\"https:\/\/schema.org\",\"@graph\":[{\"@type\":\"WebPage\",\"@id\":\"https:\/\/b2b.mvgd.pl\/index.php\/produkt\/esporao-reserva-red-2022-075l-135\/\",\"url\":\"https:\/\/b2b.mvgd.pl\/index.php\/produkt\/esporao-reserva-red-2022-075l-135\/\",\"name\":\"Espor\u00e3o Reserva Red 2022 0,75l 13,5% - B2B MVGD PL\",\"isPartOf\":{\"@id\":\"https:\/\/b2b.mvgd.pl\/#website\"},\"primaryImageOfPage\":{\"@id\":\"https:\/\/b2b.mvgd.pl\/index.php\/produkt\/esporao-reserva-red-2022-075l-135\/#primaryimage\"},\"image\":{\"@id\":\"https:\/\/b2b.mvgd.pl\/index.php\/produkt\/esporao-reserva-red-2022-075l-135\/#primaryimage\"},\"thumbnailUrl\":\"https:\/\/b2b.mvgd.pl\/wp-content\/uploads\/2026\/02\/Esporao-Reserva-Red-2022.png\",\"datePublished\":\"2026-02-16T18:54:07+00:00\",\"dateModified\":\"2026-02-16T18:55:46+00:00\",\"breadcrumb\":{\"@id\":\"https:\/\/b2b.mvgd.pl\/index.php\/produkt\/esporao-reserva-red-2022-075l-135\/#breadcrumb\"},\"inLanguage\":\"pl-PL\",\"potentialAction\":[{\"@type\":\"ReadAction\",\"target\":[\"https:\/\/b2b.mvgd.pl\/index.php\/produkt\/esporao-reserva-red-2022-075l-135\/\"]}]},{\"@type\":\"ImageObject\",\"inLanguage\":\"pl-PL\",\"@id\":\"https:\/\/b2b.mvgd.pl\/index.php\/produkt\/esporao-reserva-red-2022-075l-135\/#primaryimage\",\"url\":\"https:\/\/b2b.mvgd.pl\/wp-content\/uploads\/2026\/02\/Esporao-Reserva-Red-2022.png\",\"contentUrl\":\"https:\/\/b2b.mvgd.pl\/wp-content\/uploads\/2026\/02\/Esporao-Reserva-Red-2022.png\",\"width\":900,\"height\":1200},{\"@type\":\"BreadcrumbList\",\"@id\":\"https:\/\/b2b.mvgd.pl\/index.php\/produkt\/esporao-reserva-red-2022-075l-135\/#breadcrumb\",\"itemListElement\":[{\"@type\":\"ListItem\",\"position\":1,\"name\":\"Strona g\u0142\u00f3wna\",\"item\":\"https:\/\/b2b.mvgd.pl\/\"},{\"@type\":\"ListItem\",\"position\":2,\"name\":\"Shop\",\"item\":\"https:\/\/b2b.mvgd.pl\/index.php\/shop\/\"},{\"@type\":\"ListItem\",\"position\":3,\"name\":\"Espor\u00e3o Reserva Red 2022 0,75l 13,5%\"}]},{\"@type\":\"WebSite\",\"@id\":\"https:\/\/b2b.mvgd.pl\/#website\",\"url\":\"https:\/\/b2b.mvgd.pl\/\",\"name\":\"B2B MVGD PL\",\"description\":\"\",\"potentialAction\":[{\"@type\":\"SearchAction\",\"target\":{\"@type\":\"EntryPoint\",\"urlTemplate\":\"https:\/\/b2b.mvgd.pl\/?s={search_term_string}\"},\"query-input\":{\"@type\":\"PropertyValueSpecification\",\"valueRequired\":true,\"valueName\":\"search_term_string\"}}],\"inLanguage\":\"pl-PL\"}]}<\/script>\n<!-- \/ Yoast SEO plugin. -->","yoast_head_json":{"title":"Espor\u00e3o Reserva Red 2022 0,75l 13,5% - B2B MVGD PL","robots":{"index":"index","follow":"follow","max-snippet":"max-snippet:-1","max-image-preview":"max-image-preview:large","max-video-preview":"max-video-preview:-1"},"canonical":"https:\/\/b2b.mvgd.pl\/index.php\/produkt\/esporao-reserva-red-2022-075l-135\/","og_locale":"pl_PL","og_type":"article","og_title":"Espor\u00e3o Reserva Red 2022 0,75l 13,5% - B2B MVGD PL","og_description":"Czerwone, wytrawne wino z Alentejo, dojrzewaj\u0105ce 12 miesi\u0119cy w beczce. Z\u0142o\u017cone, eleganckie, z nutami czarnych owoc\u00f3w, przypraw i wanilii. Dobrze zbudowane, z aksamitnymi taninami i d\u0142ugim finiszem. Idealne do czerwonych mi\u0119s i ser\u00f3w.","og_url":"https:\/\/b2b.mvgd.pl\/index.php\/produkt\/esporao-reserva-red-2022-075l-135\/","og_site_name":"B2B MVGD PL","article_modified_time":"2026-02-16T18:55:46+00:00","twitter_card":"summary_large_image","twitter_misc":{"Szacowany czas czytania":"1 minuta"},"schema":{"@context":"https:\/\/schema.org","@graph":[{"@type":"WebPage","@id":"https:\/\/b2b.mvgd.pl\/index.php\/produkt\/esporao-reserva-red-2022-075l-135\/","url":"https:\/\/b2b.mvgd.pl\/index.php\/produkt\/esporao-reserva-red-2022-075l-135\/","name":"Espor\u00e3o Reserva Red 2022 0,75l 13,5% - B2B MVGD PL","isPartOf":{"@id":"https:\/\/b2b.mvgd.pl\/#website"},"primaryImageOfPage":{"@id":"https:\/\/b2b.mvgd.pl\/index.php\/produkt\/esporao-reserva-red-2022-075l-135\/#primaryimage"},"image":{"@id":"https:\/\/b2b.mvgd.pl\/index.php\/produkt\/esporao-reserva-red-2022-075l-135\/#primaryimage"},"thumbnailUrl":"https:\/\/b2b.mvgd.pl\/wp-content\/uploads\/2026\/02\/Esporao-Reserva-Red-2022.png","datePublished":"2026-02-16T18:54:07+00:00","dateModified":"2026-02-16T18:55:46+00:00","breadcrumb":{"@id":"https:\/\/b2b.mvgd.pl\/index.php\/produkt\/esporao-reserva-red-2022-075l-135\/#breadcrumb"},"inLanguage":"pl-PL","potentialAction":[{"@type":"ReadAction","target":["https:\/\/b2b.mvgd.pl\/index.php\/produkt\/esporao-reserva-red-2022-075l-135\/"]}]},{"@type":"ImageObject","inLanguage":"pl-PL","@id":"https:\/\/b2b.mvgd.pl\/index.php\/produkt\/esporao-reserva-red-2022-075l-135\/#primaryimage","url":"https:\/\/b2b.mvgd.pl\/wp-content\/uploads\/2026\/02\/Esporao-Reserva-Red-2022.png","contentUrl":"https:\/\/b2b.mvgd.pl\/wp-content\/uploads\/2026\/02\/Esporao-Reserva-Red-2022.png","width":900,"height":1200},{"@type":"BreadcrumbList","@id":"https:\/\/b2b.mvgd.pl\/index.php\/produkt\/esporao-reserva-red-2022-075l-135\/#breadcrumb","itemListElement":[{"@type":"ListItem","position":1,"name":"Strona g\u0142\u00f3wna","item":"https:\/\/b2b.mvgd.pl\/"},{"@type":"ListItem","position":2,"name":"Shop","item":"https:\/\/b2b.mvgd.pl\/index.php\/shop\/"},{"@type":"ListItem","position":3,"name":"Espor\u00e3o Reserva Red 2022 0,75l 13,5%"}]},{"@type":"WebSite","@id":"https:\/\/b2b.mvgd.pl\/#website","url":"https:\/\/b2b.mvgd.pl\/","name":"B2B MVGD PL","description":"","potentialAction":[{"@type":"SearchAction","target":{"@type":"EntryPoint","urlTemplate":"https:\/\/b2b.mvgd.pl\/?s={search_term_string}"},"query-input":{"@type":"PropertyValueSpecification","valueRequired":true,"valueName":"search_term_string"}}],"inLanguage":"pl-PL"}]}},"jetpack_sharing_enabled":true,"_links":{"self":[{"href":"https:\/\/b2b.mvgd.pl\/index.php\/wp-json\/wp\/v2\/product\/772","targetHints":{"allow":["GET"]}}],"collection":[{"href":"https:\/\/b2b.mvgd.pl\/index.php\/wp-json\/wp\/v2\/product"}],"about":[{"href":"https:\/\/b2b.mvgd.pl\/index.php\/wp-json\/wp\/v2\/types\/product"}],"replies":[{"embeddable":true,"href":"https:\/\/b2b.mvgd.pl\/index.php\/wp-json\/wp\/v2\/comments?post=772"}],"version-history":[{"count":0,"href":"https:\/\/b2b.mvgd.pl\/index.php\/wp-json\/wp\/v2\/product\/772\/revisions"}],"wp:featuredmedia":[{"embeddable":true,"href":"https:\/\/b2b.mvgd.pl\/index.php\/wp-json\/wp\/v2\/media\/825"}],"wp:attachment":[{"href":"https:\/\/b2b.mvgd.pl\/index.php\/wp-json\/wp\/v2\/media?parent=772"}],"wp:term":[{"taxonomy":"product_brand","embeddable":true,"href":"https:\/\/b2b.mvgd.pl\/index.php\/wp-json\/wp\/v2\/product_brand?post=772"},{"taxonomy":"product_cat","embeddable":true,"href":"https:\/\/b2b.mvgd.pl\/index.php\/wp-json\/wp\/v2\/product_cat?post=772"},{"taxonomy":"product_tag","embeddable":true,"href":"https:\/\/b2b.mvgd.pl\/index.php\/wp-json\/wp\/v2\/product_tag?post=772"}],"curies":[{"name":"wp","href":"https:\/\/api.w.org\/{rel}","templated":true}]}}