{"id":77,"date":"2026-02-16T18:31:57","date_gmt":"2026-02-16T18:31:57","guid":{"rendered":"https:\/\/b2b.mvgd.pl\/?post_type=product&#038;p=77"},"modified":"2026-02-16T18:34:14","modified_gmt":"2026-02-16T18:34:14","slug":"bache-gabrielsen-vs-tre-kors-07l-40","status":"publish","type":"product","link":"https:\/\/b2b.mvgd.pl\/index.php\/produkt\/bache-gabrielsen-vs-tre-kors-07l-40\/","title":{"rendered":"Bache Gabrielsen VS Tre Kors 0,7l 40%"},"content":{"rendered":"<p>Odmiany winogron: 100% Ugni-Blanc<\/p>\n<p>Obszary uprawy: Fins Bois \u2013 Petite Champagne \u2013 Grande<\/p>\n<p>szampan<\/p>\n<p>Kolor: Miedziano-z\u0142oty<\/p>\n<p>Starzenie: Minimum 2 lata w beczkach z d\u0119bu Limousine.<\/p>\n<p>Aromat: wanilia z d\u0119bu Limousine, potem cytrus\u00f3w i przypraw<\/p>\n<p>Smak: subtelny i owocowy z d\u0142ugim i \u015bwie\u017cym finiszem.<\/p>\n","protected":false},"excerpt":{"rendered":"<p>Historia \u201eTre Kors\u201d si\u0119ga norweskiej ery prohibicji w latach 1916-1926. Poniewa\u017c alkohol by\u0142 dost\u0119pny tylko do cel\u00f3w leczniczych, m\u0142ody Thomas Bache-Gabrielsen sprytnie zast\u0105pi\u0142 trzy istniej\u0105ce gwiazdki* na etykiecie koniaku trzema krzy\u017cykami (w norweski: Tre Kors). Ta mieszanka jest udanym blendem m\u0142odego eaux-de-vie z bardziej dojrza\u0142y koniak.<\/p>\n","protected":false},"featured_media":149,"comment_status":"open","ping_status":"closed","template":"","meta":[],"product_brand":[],"product_cat":[114],"product_tag":[115,116,117],"class_list":{"0":"post-77","1":"product","2":"type-product","3":"status-publish","4":"has-post-thumbnail","6":"product_cat-koniak","7":"product_tag-bache","8":"product_tag-bache-gabrielsen","9":"product_tag-koniak","11":"first","12":"instock","13":"shipping-taxable","14":"purchasable","15":"product-type-simple"},"yoast_head":"<!-- This site is optimized with the Yoast SEO plugin v26.9 - https:\/\/yoast.com\/product\/yoast-seo-wordpress\/ -->\n<title>Bache Gabrielsen VS Tre Kors 0,7l 40% - B2B MVGD PL<\/title>\n<meta name=\"robots\" content=\"index, follow, max-snippet:-1, max-image-preview:large, max-video-preview:-1\" \/>\n<link rel=\"canonical\" href=\"https:\/\/b2b.mvgd.pl\/index.php\/produkt\/bache-gabrielsen-vs-tre-kors-07l-40\/\" \/>\n<meta property=\"og:locale\" content=\"pl_PL\" \/>\n<meta property=\"og:type\" content=\"article\" \/>\n<meta property=\"og:title\" content=\"Bache Gabrielsen VS Tre Kors 0,7l 40% - B2B MVGD PL\" \/>\n<meta property=\"og:description\" content=\"Historia \u201eTre Kors\u201d si\u0119ga norweskiej ery prohibicji w latach 1916-1926. Poniewa\u017c alkohol by\u0142 dost\u0119pny tylko do cel\u00f3w leczniczych, m\u0142ody Thomas Bache-Gabrielsen sprytnie zast\u0105pi\u0142 trzy istniej\u0105ce gwiazdki* na etykiecie koniaku trzema krzy\u017cykami (w norweski: Tre Kors). Ta mieszanka jest udanym blendem m\u0142odego eaux-de-vie z bardziej dojrza\u0142y koniak.\" \/>\n<meta property=\"og:url\" content=\"https:\/\/b2b.mvgd.pl\/index.php\/produkt\/bache-gabrielsen-vs-tre-kors-07l-40\/\" \/>\n<meta property=\"og:site_name\" content=\"B2B MVGD PL\" \/>\n<meta property=\"article:modified_time\" content=\"2026-02-16T18:34:14+00:00\" \/>\n<meta name=\"twitter:card\" content=\"summary_large_image\" \/>\n<script type=\"application\/ld+json\" class=\"yoast-schema-graph\">{\"@context\":\"https:\/\/schema.org\",\"@graph\":[{\"@type\":\"WebPage\",\"@id\":\"https:\/\/b2b.mvgd.pl\/index.php\/produkt\/bache-gabrielsen-vs-tre-kors-07l-40\/\",\"url\":\"https:\/\/b2b.mvgd.pl\/index.php\/produkt\/bache-gabrielsen-vs-tre-kors-07l-40\/\",\"name\":\"Bache Gabrielsen VS Tre Kors 0,7l 40% - B2B MVGD PL\",\"isPartOf\":{\"@id\":\"https:\/\/b2b.mvgd.pl\/#website\"},\"primaryImageOfPage\":{\"@id\":\"https:\/\/b2b.mvgd.pl\/index.php\/produkt\/bache-gabrielsen-vs-tre-kors-07l-40\/#primaryimage\"},\"image\":{\"@id\":\"https:\/\/b2b.mvgd.pl\/index.php\/produkt\/bache-gabrielsen-vs-tre-kors-07l-40\/#primaryimage\"},\"thumbnailUrl\":\"https:\/\/b2b.mvgd.pl\/wp-content\/uploads\/2026\/02\/PKJBAC0948_1.png\",\"datePublished\":\"2026-02-16T18:31:57+00:00\",\"dateModified\":\"2026-02-16T18:34:14+00:00\",\"breadcrumb\":{\"@id\":\"https:\/\/b2b.mvgd.pl\/index.php\/produkt\/bache-gabrielsen-vs-tre-kors-07l-40\/#breadcrumb\"},\"inLanguage\":\"pl-PL\",\"potentialAction\":[{\"@type\":\"ReadAction\",\"target\":[\"https:\/\/b2b.mvgd.pl\/index.php\/produkt\/bache-gabrielsen-vs-tre-kors-07l-40\/\"]}]},{\"@type\":\"ImageObject\",\"inLanguage\":\"pl-PL\",\"@id\":\"https:\/\/b2b.mvgd.pl\/index.php\/produkt\/bache-gabrielsen-vs-tre-kors-07l-40\/#primaryimage\",\"url\":\"https:\/\/b2b.mvgd.pl\/wp-content\/uploads\/2026\/02\/PKJBAC0948_1.png\",\"contentUrl\":\"https:\/\/b2b.mvgd.pl\/wp-content\/uploads\/2026\/02\/PKJBAC0948_1.png\",\"width\":900,\"height\":1200},{\"@type\":\"BreadcrumbList\",\"@id\":\"https:\/\/b2b.mvgd.pl\/index.php\/produkt\/bache-gabrielsen-vs-tre-kors-07l-40\/#breadcrumb\",\"itemListElement\":[{\"@type\":\"ListItem\",\"position\":1,\"name\":\"Strona g\u0142\u00f3wna\",\"item\":\"https:\/\/b2b.mvgd.pl\/\"},{\"@type\":\"ListItem\",\"position\":2,\"name\":\"Shop\",\"item\":\"https:\/\/b2b.mvgd.pl\/index.php\/shop\/\"},{\"@type\":\"ListItem\",\"position\":3,\"name\":\"Bache Gabrielsen VS Tre Kors 0,7l 40%\"}]},{\"@type\":\"WebSite\",\"@id\":\"https:\/\/b2b.mvgd.pl\/#website\",\"url\":\"https:\/\/b2b.mvgd.pl\/\",\"name\":\"B2B MVGD PL\",\"description\":\"\",\"potentialAction\":[{\"@type\":\"SearchAction\",\"target\":{\"@type\":\"EntryPoint\",\"urlTemplate\":\"https:\/\/b2b.mvgd.pl\/?s={search_term_string}\"},\"query-input\":{\"@type\":\"PropertyValueSpecification\",\"valueRequired\":true,\"valueName\":\"search_term_string\"}}],\"inLanguage\":\"pl-PL\"}]}<\/script>\n<!-- \/ Yoast SEO plugin. -->","yoast_head_json":{"title":"Bache Gabrielsen VS Tre Kors 0,7l 40% - B2B MVGD PL","robots":{"index":"index","follow":"follow","max-snippet":"max-snippet:-1","max-image-preview":"max-image-preview:large","max-video-preview":"max-video-preview:-1"},"canonical":"https:\/\/b2b.mvgd.pl\/index.php\/produkt\/bache-gabrielsen-vs-tre-kors-07l-40\/","og_locale":"pl_PL","og_type":"article","og_title":"Bache Gabrielsen VS Tre Kors 0,7l 40% - B2B MVGD PL","og_description":"Historia \u201eTre Kors\u201d si\u0119ga norweskiej ery prohibicji w latach 1916-1926. Poniewa\u017c alkohol by\u0142 dost\u0119pny tylko do cel\u00f3w leczniczych, m\u0142ody Thomas Bache-Gabrielsen sprytnie zast\u0105pi\u0142 trzy istniej\u0105ce gwiazdki* na etykiecie koniaku trzema krzy\u017cykami (w norweski: Tre Kors). Ta mieszanka jest udanym blendem m\u0142odego eaux-de-vie z bardziej dojrza\u0142y koniak.","og_url":"https:\/\/b2b.mvgd.pl\/index.php\/produkt\/bache-gabrielsen-vs-tre-kors-07l-40\/","og_site_name":"B2B MVGD PL","article_modified_time":"2026-02-16T18:34:14+00:00","twitter_card":"summary_large_image","schema":{"@context":"https:\/\/schema.org","@graph":[{"@type":"WebPage","@id":"https:\/\/b2b.mvgd.pl\/index.php\/produkt\/bache-gabrielsen-vs-tre-kors-07l-40\/","url":"https:\/\/b2b.mvgd.pl\/index.php\/produkt\/bache-gabrielsen-vs-tre-kors-07l-40\/","name":"Bache Gabrielsen VS Tre Kors 0,7l 40% - B2B MVGD PL","isPartOf":{"@id":"https:\/\/b2b.mvgd.pl\/#website"},"primaryImageOfPage":{"@id":"https:\/\/b2b.mvgd.pl\/index.php\/produkt\/bache-gabrielsen-vs-tre-kors-07l-40\/#primaryimage"},"image":{"@id":"https:\/\/b2b.mvgd.pl\/index.php\/produkt\/bache-gabrielsen-vs-tre-kors-07l-40\/#primaryimage"},"thumbnailUrl":"https:\/\/b2b.mvgd.pl\/wp-content\/uploads\/2026\/02\/PKJBAC0948_1.png","datePublished":"2026-02-16T18:31:57+00:00","dateModified":"2026-02-16T18:34:14+00:00","breadcrumb":{"@id":"https:\/\/b2b.mvgd.pl\/index.php\/produkt\/bache-gabrielsen-vs-tre-kors-07l-40\/#breadcrumb"},"inLanguage":"pl-PL","potentialAction":[{"@type":"ReadAction","target":["https:\/\/b2b.mvgd.pl\/index.php\/produkt\/bache-gabrielsen-vs-tre-kors-07l-40\/"]}]},{"@type":"ImageObject","inLanguage":"pl-PL","@id":"https:\/\/b2b.mvgd.pl\/index.php\/produkt\/bache-gabrielsen-vs-tre-kors-07l-40\/#primaryimage","url":"https:\/\/b2b.mvgd.pl\/wp-content\/uploads\/2026\/02\/PKJBAC0948_1.png","contentUrl":"https:\/\/b2b.mvgd.pl\/wp-content\/uploads\/2026\/02\/PKJBAC0948_1.png","width":900,"height":1200},{"@type":"BreadcrumbList","@id":"https:\/\/b2b.mvgd.pl\/index.php\/produkt\/bache-gabrielsen-vs-tre-kors-07l-40\/#breadcrumb","itemListElement":[{"@type":"ListItem","position":1,"name":"Strona g\u0142\u00f3wna","item":"https:\/\/b2b.mvgd.pl\/"},{"@type":"ListItem","position":2,"name":"Shop","item":"https:\/\/b2b.mvgd.pl\/index.php\/shop\/"},{"@type":"ListItem","position":3,"name":"Bache Gabrielsen VS Tre Kors 0,7l 40%"}]},{"@type":"WebSite","@id":"https:\/\/b2b.mvgd.pl\/#website","url":"https:\/\/b2b.mvgd.pl\/","name":"B2B MVGD PL","description":"","potentialAction":[{"@type":"SearchAction","target":{"@type":"EntryPoint","urlTemplate":"https:\/\/b2b.mvgd.pl\/?s={search_term_string}"},"query-input":{"@type":"PropertyValueSpecification","valueRequired":true,"valueName":"search_term_string"}}],"inLanguage":"pl-PL"}]}},"jetpack_sharing_enabled":true,"_links":{"self":[{"href":"https:\/\/b2b.mvgd.pl\/index.php\/wp-json\/wp\/v2\/product\/77","targetHints":{"allow":["GET"]}}],"collection":[{"href":"https:\/\/b2b.mvgd.pl\/index.php\/wp-json\/wp\/v2\/product"}],"about":[{"href":"https:\/\/b2b.mvgd.pl\/index.php\/wp-json\/wp\/v2\/types\/product"}],"replies":[{"embeddable":true,"href":"https:\/\/b2b.mvgd.pl\/index.php\/wp-json\/wp\/v2\/comments?post=77"}],"version-history":[{"count":0,"href":"https:\/\/b2b.mvgd.pl\/index.php\/wp-json\/wp\/v2\/product\/77\/revisions"}],"wp:featuredmedia":[{"embeddable":true,"href":"https:\/\/b2b.mvgd.pl\/index.php\/wp-json\/wp\/v2\/media\/149"}],"wp:attachment":[{"href":"https:\/\/b2b.mvgd.pl\/index.php\/wp-json\/wp\/v2\/media?parent=77"}],"wp:term":[{"taxonomy":"product_brand","embeddable":true,"href":"https:\/\/b2b.mvgd.pl\/index.php\/wp-json\/wp\/v2\/product_brand?post=77"},{"taxonomy":"product_cat","embeddable":true,"href":"https:\/\/b2b.mvgd.pl\/index.php\/wp-json\/wp\/v2\/product_cat?post=77"},{"taxonomy":"product_tag","embeddable":true,"href":"https:\/\/b2b.mvgd.pl\/index.php\/wp-json\/wp\/v2\/product_tag?post=77"}],"curies":[{"name":"wp","href":"https:\/\/api.w.org\/{rel}","templated":true}]}}