{"id":765,"date":"2026-02-16T18:53:43","date_gmt":"2026-02-16T18:53:43","guid":{"rendered":"https:\/\/b2b.mvgd.pl\/?post_type=product&#038;p=765"},"modified":"2026-02-16T18:55:29","modified_gmt":"2026-02-16T18:55:29","slug":"salvaterra-falia-vino-rosso-075-125","status":"publish","type":"product","link":"https:\/\/b2b.mvgd.pl\/index.php\/produkt\/salvaterra-falia-vino-rosso-075-125\/","title":{"rendered":"Salvaterra\u202fFalia Vino Rosso 0,75 12,5%"},"content":{"rendered":"<p data-start=\"476\" data-end=\"513\"><strong>Salvaterra Falia Rosso<\/strong> to w\u0142oskie wino czerwone z regionu Veneto, powsta\u0142e z pi\u0119ciu starannie dobranych szczep\u00f3w. W kieliszku prezentuje intensywn\u0105 rubinow\u0105 barw\u0119, a w nosie urzeka aromatami dojrza\u0142ych czerwonych owoc\u00f3w \u2013 wi\u015bni, \u015bliwek i porzeczek \u2013 z delikatnymi nutami przypraw, zi\u00f3\u0142 i odrobin\u0105 beczkowego cienia. Na podniebieniu jest dobrze zbalansowane, z mi\u0119kkimi taninami, \u015brednim cia\u0142em i owocowym finiszem z lekk\u0105 pikantno\u015bci\u0105.<\/p>\n<p data-start=\"476\" data-end=\"513\"><strong>Styl i charakterystyka<\/strong><\/p>\n<ul data-start=\"461\" data-end=\"660\">\n<li data-start=\"461\" data-end=\"502\">\n<p data-start=\"463\" data-end=\"502\"><span class=\"relative -mx-px my-[-0.2rem] rounded px-px py-[0.2rem] transition-colors duration-100 ease-in-out\"><strong data-start=\"0\" data-end=\"10\" data-is-only-node=\"\">Kolor:<\/strong> G\u0142\u0119boki rubinowy, intensywny<\/span><\/p>\n<\/li>\n<li data-start=\"503\" data-end=\"582\">\n<p data-start=\"505\" data-end=\"582\"><span class=\"relative -mx-px my-[-0.2rem] rounded px-px py-[0.2rem] transition-colors duration-100 ease-in-out\"><strong data-start=\"0\" data-end=\"8\" data-is-only-node=\"\">Nos:<\/strong> Bogaty aromat czerwonych owoc\u00f3w (porzeczka, wi\u015bnia) z korzennymi akcentami i nutami przypraw.<\/span><\/p>\n<\/li>\n<li data-start=\"583\" data-end=\"660\">\n<p data-start=\"585\" data-end=\"660\"><span class=\"relative -mx-px my-[-0.2rem] rounded px-px py-[0.2rem] transition-colors duration-100 ease-in-out\"><strong data-start=\"0\" data-end=\"9\" data-is-only-node=\"\">Smak:<\/strong> \u015arednie cia\u0142o, g\u0142adka taniczno\u015b\u0107 i \u017cywa owocowo\u015b\u0107. Wywa\u017cony profil z nutami lasu i czerwonych jag\u00f3d, subtelna pikantno\u015b\u0107 oraz przyjemny, d\u0142ugi finisz.<\/span><\/p>\n<\/li>\n<\/ul>\n<p data-start=\"689\" data-end=\"726\"><span class=\"relative -mx-px my-[-0.2rem] rounded px-px py-[0.2rem] transition-colors duration-100 ease-in-out\">\u015awietnie komponuje si\u0119 z:<\/span><\/p>\n<ul data-start=\"728\" data-end=\"897\">\n<li data-start=\"728\" data-end=\"769\">\n<p data-start=\"730\" data-end=\"769\"><span class=\"relative -mx-px my-[-0.2rem] rounded px-px py-[0.2rem] transition-colors duration-100 ease-in-out\">makaronami i pizz\u0105;<\/span><\/p>\n<\/li>\n<li data-start=\"770\" data-end=\"813\">\n<p data-start=\"772\" data-end=\"813\"><span class=\"relative -mx-px my-[-0.2rem] rounded px-px py-[0.2rem] transition-colors duration-100 ease-in-out\">daniami z grilla (czerwone mi\u0119sa, \u017ceberka);<\/span><\/p>\n<\/li>\n<li data-start=\"814\" data-end=\"897\">\n<p data-start=\"816\" data-end=\"897\"><span class=\"relative -mx-px my-[-0.2rem] rounded px-px py-[0.2rem] transition-colors duration-100 ease-in-out\">tartami, potrawami z sosami pomidorowymi i serami o \u015bredniej intensywno\u015bci;<\/span><\/p>\n<\/li>\n<\/ul>\n","protected":false},"excerpt":{"rendered":"<p data-start=\"1784\" data-end=\"2161\"><strong>Salvaterra Falia Rosso<\/strong> to nowoczesny, \u0142atwy w piciu w\u0142oski blend z Veneto, oparty na lokalnych szczepach (Corvina, Rondinella, Teroldego) z uzupe\u0142nieniem klasyk\u00f3w bordoskich (Cabernet, Merlot). Cechuje si\u0119 bogat\u0105 owocowo\u015bci\u0105, \u015brednim cia\u0142em i przyjemn\u0105 struktur\u0105 taninow\u0105, co czyni go uniwersalnym winem na co dzie\u0144 i do da\u0144 kuchni \u015br\u00f3dziemnomorskiej.<\/p>\n","protected":false},"featured_media":821,"comment_status":"closed","ping_status":"closed","template":"","meta":[],"product_brand":[],"product_cat":[20,19],"product_tag":[737,958,320,321],"class_list":{"0":"post-765","1":"product","2":"type-product","3":"status-publish","4":"has-post-thumbnail","6":"product_cat-veneto","7":"product_cat-wlochy-wina","8":"product_tag-czerwone","9":"product_tag-salvaterra","10":"product_tag-wino","11":"product_tag-wytrawne","13":"first","14":"instock","15":"shipping-taxable","16":"purchasable","17":"product-type-simple"},"yoast_head":"<!-- This site is optimized with the Yoast SEO plugin v26.9 - https:\/\/yoast.com\/product\/yoast-seo-wordpress\/ -->\n<title>Salvaterra\u202fFalia Vino Rosso 0,75 12,5% - B2B MVGD PL<\/title>\n<meta name=\"robots\" content=\"index, follow, max-snippet:-1, max-image-preview:large, max-video-preview:-1\" \/>\n<link rel=\"canonical\" href=\"https:\/\/b2b.mvgd.pl\/index.php\/produkt\/salvaterra-falia-vino-rosso-075-125\/\" \/>\n<meta property=\"og:locale\" content=\"pl_PL\" \/>\n<meta property=\"og:type\" content=\"article\" \/>\n<meta property=\"og:title\" content=\"Salvaterra\u202fFalia Vino Rosso 0,75 12,5% - B2B MVGD PL\" \/>\n<meta property=\"og:description\" content=\"Salvaterra Falia Rosso to nowoczesny, \u0142atwy w piciu w\u0142oski blend z Veneto, oparty na lokalnych szczepach (Corvina, Rondinella, Teroldego) z uzupe\u0142nieniem klasyk\u00f3w bordoskich (Cabernet, Merlot). Cechuje si\u0119 bogat\u0105 owocowo\u015bci\u0105, \u015brednim cia\u0142em i przyjemn\u0105 struktur\u0105 taninow\u0105, co czyni go uniwersalnym winem na co dzie\u0144 i do da\u0144 kuchni \u015br\u00f3dziemnomorskiej.\" \/>\n<meta property=\"og:url\" content=\"https:\/\/b2b.mvgd.pl\/index.php\/produkt\/salvaterra-falia-vino-rosso-075-125\/\" \/>\n<meta property=\"og:site_name\" content=\"B2B MVGD PL\" \/>\n<meta property=\"article:modified_time\" content=\"2026-02-16T18:55:29+00:00\" \/>\n<meta name=\"twitter:card\" content=\"summary_large_image\" \/>\n<meta name=\"twitter:label1\" content=\"Szacowany czas czytania\" \/>\n\t<meta name=\"twitter:data1\" content=\"1 minuta\" \/>\n<script type=\"application\/ld+json\" class=\"yoast-schema-graph\">{\"@context\":\"https:\/\/schema.org\",\"@graph\":[{\"@type\":\"WebPage\",\"@id\":\"https:\/\/b2b.mvgd.pl\/index.php\/produkt\/salvaterra-falia-vino-rosso-075-125\/\",\"url\":\"https:\/\/b2b.mvgd.pl\/index.php\/produkt\/salvaterra-falia-vino-rosso-075-125\/\",\"name\":\"Salvaterra\u202fFalia Vino Rosso 0,75 12,5% - B2B MVGD PL\",\"isPartOf\":{\"@id\":\"https:\/\/b2b.mvgd.pl\/#website\"},\"primaryImageOfPage\":{\"@id\":\"https:\/\/b2b.mvgd.pl\/index.php\/produkt\/salvaterra-falia-vino-rosso-075-125\/#primaryimage\"},\"image\":{\"@id\":\"https:\/\/b2b.mvgd.pl\/index.php\/produkt\/salvaterra-falia-vino-rosso-075-125\/#primaryimage\"},\"thumbnailUrl\":\"https:\/\/b2b.mvgd.pl\/wp-content\/uploads\/2026\/02\/rosso-1.png\",\"datePublished\":\"2026-02-16T18:53:43+00:00\",\"dateModified\":\"2026-02-16T18:55:29+00:00\",\"breadcrumb\":{\"@id\":\"https:\/\/b2b.mvgd.pl\/index.php\/produkt\/salvaterra-falia-vino-rosso-075-125\/#breadcrumb\"},\"inLanguage\":\"pl-PL\",\"potentialAction\":[{\"@type\":\"ReadAction\",\"target\":[\"https:\/\/b2b.mvgd.pl\/index.php\/produkt\/salvaterra-falia-vino-rosso-075-125\/\"]}]},{\"@type\":\"ImageObject\",\"inLanguage\":\"pl-PL\",\"@id\":\"https:\/\/b2b.mvgd.pl\/index.php\/produkt\/salvaterra-falia-vino-rosso-075-125\/#primaryimage\",\"url\":\"https:\/\/b2b.mvgd.pl\/wp-content\/uploads\/2026\/02\/rosso-1.png\",\"contentUrl\":\"https:\/\/b2b.mvgd.pl\/wp-content\/uploads\/2026\/02\/rosso-1.png\",\"width\":900,\"height\":1200},{\"@type\":\"BreadcrumbList\",\"@id\":\"https:\/\/b2b.mvgd.pl\/index.php\/produkt\/salvaterra-falia-vino-rosso-075-125\/#breadcrumb\",\"itemListElement\":[{\"@type\":\"ListItem\",\"position\":1,\"name\":\"Strona g\u0142\u00f3wna\",\"item\":\"https:\/\/b2b.mvgd.pl\/\"},{\"@type\":\"ListItem\",\"position\":2,\"name\":\"Shop\",\"item\":\"https:\/\/b2b.mvgd.pl\/index.php\/shop\/\"},{\"@type\":\"ListItem\",\"position\":3,\"name\":\"Salvaterra\u202fFalia Vino Rosso 0,75 12,5%\"}]},{\"@type\":\"WebSite\",\"@id\":\"https:\/\/b2b.mvgd.pl\/#website\",\"url\":\"https:\/\/b2b.mvgd.pl\/\",\"name\":\"B2B MVGD PL\",\"description\":\"\",\"potentialAction\":[{\"@type\":\"SearchAction\",\"target\":{\"@type\":\"EntryPoint\",\"urlTemplate\":\"https:\/\/b2b.mvgd.pl\/?s={search_term_string}\"},\"query-input\":{\"@type\":\"PropertyValueSpecification\",\"valueRequired\":true,\"valueName\":\"search_term_string\"}}],\"inLanguage\":\"pl-PL\"}]}<\/script>\n<!-- \/ Yoast SEO plugin. -->","yoast_head_json":{"title":"Salvaterra\u202fFalia Vino Rosso 0,75 12,5% - B2B MVGD PL","robots":{"index":"index","follow":"follow","max-snippet":"max-snippet:-1","max-image-preview":"max-image-preview:large","max-video-preview":"max-video-preview:-1"},"canonical":"https:\/\/b2b.mvgd.pl\/index.php\/produkt\/salvaterra-falia-vino-rosso-075-125\/","og_locale":"pl_PL","og_type":"article","og_title":"Salvaterra\u202fFalia Vino Rosso 0,75 12,5% - B2B MVGD PL","og_description":"Salvaterra Falia Rosso to nowoczesny, \u0142atwy w piciu w\u0142oski blend z Veneto, oparty na lokalnych szczepach (Corvina, Rondinella, Teroldego) z uzupe\u0142nieniem klasyk\u00f3w bordoskich (Cabernet, Merlot). Cechuje si\u0119 bogat\u0105 owocowo\u015bci\u0105, \u015brednim cia\u0142em i przyjemn\u0105 struktur\u0105 taninow\u0105, co czyni go uniwersalnym winem na co dzie\u0144 i do da\u0144 kuchni \u015br\u00f3dziemnomorskiej.","og_url":"https:\/\/b2b.mvgd.pl\/index.php\/produkt\/salvaterra-falia-vino-rosso-075-125\/","og_site_name":"B2B MVGD PL","article_modified_time":"2026-02-16T18:55:29+00:00","twitter_card":"summary_large_image","twitter_misc":{"Szacowany czas czytania":"1 minuta"},"schema":{"@context":"https:\/\/schema.org","@graph":[{"@type":"WebPage","@id":"https:\/\/b2b.mvgd.pl\/index.php\/produkt\/salvaterra-falia-vino-rosso-075-125\/","url":"https:\/\/b2b.mvgd.pl\/index.php\/produkt\/salvaterra-falia-vino-rosso-075-125\/","name":"Salvaterra\u202fFalia Vino Rosso 0,75 12,5% - B2B MVGD PL","isPartOf":{"@id":"https:\/\/b2b.mvgd.pl\/#website"},"primaryImageOfPage":{"@id":"https:\/\/b2b.mvgd.pl\/index.php\/produkt\/salvaterra-falia-vino-rosso-075-125\/#primaryimage"},"image":{"@id":"https:\/\/b2b.mvgd.pl\/index.php\/produkt\/salvaterra-falia-vino-rosso-075-125\/#primaryimage"},"thumbnailUrl":"https:\/\/b2b.mvgd.pl\/wp-content\/uploads\/2026\/02\/rosso-1.png","datePublished":"2026-02-16T18:53:43+00:00","dateModified":"2026-02-16T18:55:29+00:00","breadcrumb":{"@id":"https:\/\/b2b.mvgd.pl\/index.php\/produkt\/salvaterra-falia-vino-rosso-075-125\/#breadcrumb"},"inLanguage":"pl-PL","potentialAction":[{"@type":"ReadAction","target":["https:\/\/b2b.mvgd.pl\/index.php\/produkt\/salvaterra-falia-vino-rosso-075-125\/"]}]},{"@type":"ImageObject","inLanguage":"pl-PL","@id":"https:\/\/b2b.mvgd.pl\/index.php\/produkt\/salvaterra-falia-vino-rosso-075-125\/#primaryimage","url":"https:\/\/b2b.mvgd.pl\/wp-content\/uploads\/2026\/02\/rosso-1.png","contentUrl":"https:\/\/b2b.mvgd.pl\/wp-content\/uploads\/2026\/02\/rosso-1.png","width":900,"height":1200},{"@type":"BreadcrumbList","@id":"https:\/\/b2b.mvgd.pl\/index.php\/produkt\/salvaterra-falia-vino-rosso-075-125\/#breadcrumb","itemListElement":[{"@type":"ListItem","position":1,"name":"Strona g\u0142\u00f3wna","item":"https:\/\/b2b.mvgd.pl\/"},{"@type":"ListItem","position":2,"name":"Shop","item":"https:\/\/b2b.mvgd.pl\/index.php\/shop\/"},{"@type":"ListItem","position":3,"name":"Salvaterra\u202fFalia Vino Rosso 0,75 12,5%"}]},{"@type":"WebSite","@id":"https:\/\/b2b.mvgd.pl\/#website","url":"https:\/\/b2b.mvgd.pl\/","name":"B2B MVGD PL","description":"","potentialAction":[{"@type":"SearchAction","target":{"@type":"EntryPoint","urlTemplate":"https:\/\/b2b.mvgd.pl\/?s={search_term_string}"},"query-input":{"@type":"PropertyValueSpecification","valueRequired":true,"valueName":"search_term_string"}}],"inLanguage":"pl-PL"}]}},"jetpack_sharing_enabled":true,"_links":{"self":[{"href":"https:\/\/b2b.mvgd.pl\/index.php\/wp-json\/wp\/v2\/product\/765","targetHints":{"allow":["GET"]}}],"collection":[{"href":"https:\/\/b2b.mvgd.pl\/index.php\/wp-json\/wp\/v2\/product"}],"about":[{"href":"https:\/\/b2b.mvgd.pl\/index.php\/wp-json\/wp\/v2\/types\/product"}],"replies":[{"embeddable":true,"href":"https:\/\/b2b.mvgd.pl\/index.php\/wp-json\/wp\/v2\/comments?post=765"}],"version-history":[{"count":0,"href":"https:\/\/b2b.mvgd.pl\/index.php\/wp-json\/wp\/v2\/product\/765\/revisions"}],"wp:featuredmedia":[{"embeddable":true,"href":"https:\/\/b2b.mvgd.pl\/index.php\/wp-json\/wp\/v2\/media\/821"}],"wp:attachment":[{"href":"https:\/\/b2b.mvgd.pl\/index.php\/wp-json\/wp\/v2\/media?parent=765"}],"wp:term":[{"taxonomy":"product_brand","embeddable":true,"href":"https:\/\/b2b.mvgd.pl\/index.php\/wp-json\/wp\/v2\/product_brand?post=765"},{"taxonomy":"product_cat","embeddable":true,"href":"https:\/\/b2b.mvgd.pl\/index.php\/wp-json\/wp\/v2\/product_cat?post=765"},{"taxonomy":"product_tag","embeddable":true,"href":"https:\/\/b2b.mvgd.pl\/index.php\/wp-json\/wp\/v2\/product_tag?post=765"}],"curies":[{"name":"wp","href":"https:\/\/api.w.org\/{rel}","templated":true}]}}