{"id":764,"date":"2026-02-16T18:53:43","date_gmt":"2026-02-16T18:53:43","guid":{"rendered":"https:\/\/b2b.mvgd.pl\/?post_type=product&#038;p=764"},"modified":"2026-02-16T18:55:25","modified_gmt":"2026-02-16T18:55:25","slug":"salvaterra-falia-vino-rosato-0-75l-125","status":"publish","type":"product","link":"https:\/\/b2b.mvgd.pl\/index.php\/produkt\/salvaterra-falia-vino-rosato-0-75l-125\/","title":{"rendered":"Salvaterra\u202fFalia Vino Rosato 0.75l 12,5%"},"content":{"rendered":"<p data-start=\"286\" data-end=\"376\"><span class=\"relative -mx-px my-[-0.2rem] rounded px-px py-[0.2rem] transition-colors duration-100 ease-in-out\">Aromatyczne i \u015bwie\u017ce, z wyra\u017anymi nutami czerwonych owoc\u00f3w, takich jak truskawki, maliny i wi\u015bnie, oraz delikatnym akcentem p\u0142atk\u00f3w r\u00f3\u017cy<\/span><\/p>\n<p data-start=\"378\" data-end=\"466\"><strong data-start=\"378\" data-end=\"387\">Smak: <\/strong><span class=\"relative -mx-px my-[-0.2rem] rounded px-px py-[0.2rem] transition-colors duration-100 ease-in-out\">W ustach pe\u0142ne, zr\u00f3wnowa\u017cone \u2013 dobrze nasycone czerwonymi owocami o delikatnie s\u0142odkiej nucie (resztkowa s\u0142odycz ok. 3\u202fg\/l), z subteln\u0105 kwasowo\u015bci\u0105 (ok. 5\u202fg\/l), kt\u00f3ra nadaje mu \u015bwie\u017co\u015b\u0107 i charakter<\/span> .<\/p>\n<p data-start=\"468\" data-end=\"557\"><strong data-start=\"468\" data-end=\"478\">Kolor: <\/strong><span class=\"relative -mx-px my-[-0.2rem] rounded px-px py-[0.2rem] transition-colors duration-100 ease-in-out\">Jasnor\u00f3\u017cowy, z przyjemnym, owocowym blaskiem<\/span> .<\/p>\n<p data-start=\"559\" data-end=\"575\"><strong data-start=\"559\" data-end=\"573\">Charakter:<\/strong><\/p>\n<ul data-start=\"576\" data-end=\"740\">\n<li data-start=\"576\" data-end=\"617\">\n<p data-start=\"578\" data-end=\"617\"><span class=\"relative -mx-px my-[-0.2rem] rounded px-px py-[0.2rem] transition-colors duration-100 ease-in-out\">Lekko fruttato (owocowy),<\/span><\/p>\n<\/li>\n<li data-start=\"618\" data-end=\"659\">\n<p data-start=\"620\" data-end=\"659\"><span class=\"relative -mx-px my-[-0.2rem] rounded px-px py-[0.2rem] transition-colors duration-100 ease-in-out\">\u015awie\u017cy i aromatyczny,<\/span><\/p>\n<\/li>\n<li data-start=\"660\" data-end=\"740\">\n<p data-start=\"662\" data-end=\"740\"><span class=\"relative -mx-px my-[-0.2rem] rounded px-px py-[0.2rem] transition-colors duration-100 ease-in-out\">P\u00f3\u0142wytrawny, o \u015bredniej strukturze i przyjaznej pijalno\u015bci<\/span><\/p>\n<\/li>\n<\/ul>\n<p data-start=\"742\" data-end=\"851\"><strong data-start=\"742\" data-end=\"768\">Dopasowanie kulinarne: <\/strong><span class=\"relative -mx-px my-[-0.2rem] rounded px-px py-[0.2rem] transition-colors duration-100 ease-in-out\">Idealny jako aperitif, do lekkich da\u0144 \u2013 sa\u0142atek, grillowanego bia\u0142ego mi\u0119sa, warzyw i przystawek<\/span> .<\/p>\n<p data-start=\"853\" data-end=\"992\"><strong data-start=\"853\" data-end=\"868\">Serwowanie:<\/strong><span class=\"relative -mx-px my-[-0.2rem] rounded px-px py-[0.2rem] transition-colors duration-100 ease-in-out\"> Temperatura: 6\u20138\u202f\u00b0C<\/span><\/p>\n","protected":false},"excerpt":{"rendered":"<p data-start=\"1784\" data-end=\"2161\"><strong>Salvaterra Falia Rosato<\/strong> to lekki, aromatyczny r\u00f3\u017c z Veneto, powsta\u0142y ze szczepu Corvina. Oferuje \u015bwie\u017ce, owocowe bogactwo (truskawki, maliny, wi\u015bnie), z delikatn\u0105 s\u0142odycz\u0105 i przyjemn\u0105 kwasowo\u015bci\u0105. To idealne wino na lato \u2013 orze\u017awiaj\u0105ce, eleganckie, a zarazem uniwersalne.<\/p>\n","protected":false},"featured_media":820,"comment_status":"closed","ping_status":"closed","template":"","meta":[],"product_brand":[],"product_cat":[20,19],"product_tag":[903,959,958,320],"class_list":{"0":"post-764","1":"product","2":"type-product","3":"status-publish","4":"has-post-thumbnail","6":"product_cat-veneto","7":"product_cat-wlochy-wina","8":"product_tag-polwytrawne","9":"product_tag-rozowe","10":"product_tag-salvaterra","11":"product_tag-wino","13":"first","14":"instock","15":"shipping-taxable","16":"purchasable","17":"product-type-simple"},"yoast_head":"<!-- This site is optimized with the Yoast SEO plugin v26.9 - https:\/\/yoast.com\/product\/yoast-seo-wordpress\/ -->\n<title>Salvaterra\u202fFalia Vino Rosato 0.75l 12,5% - B2B MVGD PL<\/title>\n<meta name=\"robots\" content=\"index, follow, max-snippet:-1, max-image-preview:large, max-video-preview:-1\" \/>\n<link rel=\"canonical\" href=\"https:\/\/b2b.mvgd.pl\/index.php\/produkt\/salvaterra-falia-vino-rosato-0-75l-125\/\" \/>\n<meta property=\"og:locale\" content=\"pl_PL\" \/>\n<meta property=\"og:type\" content=\"article\" \/>\n<meta property=\"og:title\" content=\"Salvaterra\u202fFalia Vino Rosato 0.75l 12,5% - B2B MVGD PL\" \/>\n<meta property=\"og:description\" content=\"Salvaterra Falia Rosato to lekki, aromatyczny r\u00f3\u017c z Veneto, powsta\u0142y ze szczepu Corvina. Oferuje \u015bwie\u017ce, owocowe bogactwo (truskawki, maliny, wi\u015bnie), z delikatn\u0105 s\u0142odycz\u0105 i przyjemn\u0105 kwasowo\u015bci\u0105. To idealne wino na lato \u2013 orze\u017awiaj\u0105ce, eleganckie, a zarazem uniwersalne.\" \/>\n<meta property=\"og:url\" content=\"https:\/\/b2b.mvgd.pl\/index.php\/produkt\/salvaterra-falia-vino-rosato-0-75l-125\/\" \/>\n<meta property=\"og:site_name\" content=\"B2B MVGD PL\" \/>\n<meta property=\"article:modified_time\" content=\"2026-02-16T18:55:25+00:00\" \/>\n<meta name=\"twitter:card\" content=\"summary_large_image\" \/>\n<meta name=\"twitter:label1\" content=\"Szacowany czas czytania\" \/>\n\t<meta name=\"twitter:data1\" content=\"1 minuta\" \/>\n<script type=\"application\/ld+json\" class=\"yoast-schema-graph\">{\"@context\":\"https:\/\/schema.org\",\"@graph\":[{\"@type\":\"WebPage\",\"@id\":\"https:\/\/b2b.mvgd.pl\/index.php\/produkt\/salvaterra-falia-vino-rosato-0-75l-125\/\",\"url\":\"https:\/\/b2b.mvgd.pl\/index.php\/produkt\/salvaterra-falia-vino-rosato-0-75l-125\/\",\"name\":\"Salvaterra\u202fFalia Vino Rosato 0.75l 12,5% - B2B MVGD PL\",\"isPartOf\":{\"@id\":\"https:\/\/b2b.mvgd.pl\/#website\"},\"primaryImageOfPage\":{\"@id\":\"https:\/\/b2b.mvgd.pl\/index.php\/produkt\/salvaterra-falia-vino-rosato-0-75l-125\/#primaryimage\"},\"image\":{\"@id\":\"https:\/\/b2b.mvgd.pl\/index.php\/produkt\/salvaterra-falia-vino-rosato-0-75l-125\/#primaryimage\"},\"thumbnailUrl\":\"https:\/\/b2b.mvgd.pl\/wp-content\/uploads\/2026\/02\/rose.png\",\"datePublished\":\"2026-02-16T18:53:43+00:00\",\"dateModified\":\"2026-02-16T18:55:25+00:00\",\"breadcrumb\":{\"@id\":\"https:\/\/b2b.mvgd.pl\/index.php\/produkt\/salvaterra-falia-vino-rosato-0-75l-125\/#breadcrumb\"},\"inLanguage\":\"pl-PL\",\"potentialAction\":[{\"@type\":\"ReadAction\",\"target\":[\"https:\/\/b2b.mvgd.pl\/index.php\/produkt\/salvaterra-falia-vino-rosato-0-75l-125\/\"]}]},{\"@type\":\"ImageObject\",\"inLanguage\":\"pl-PL\",\"@id\":\"https:\/\/b2b.mvgd.pl\/index.php\/produkt\/salvaterra-falia-vino-rosato-0-75l-125\/#primaryimage\",\"url\":\"https:\/\/b2b.mvgd.pl\/wp-content\/uploads\/2026\/02\/rose.png\",\"contentUrl\":\"https:\/\/b2b.mvgd.pl\/wp-content\/uploads\/2026\/02\/rose.png\",\"width\":900,\"height\":1200},{\"@type\":\"BreadcrumbList\",\"@id\":\"https:\/\/b2b.mvgd.pl\/index.php\/produkt\/salvaterra-falia-vino-rosato-0-75l-125\/#breadcrumb\",\"itemListElement\":[{\"@type\":\"ListItem\",\"position\":1,\"name\":\"Strona g\u0142\u00f3wna\",\"item\":\"https:\/\/b2b.mvgd.pl\/\"},{\"@type\":\"ListItem\",\"position\":2,\"name\":\"Shop\",\"item\":\"https:\/\/b2b.mvgd.pl\/index.php\/shop\/\"},{\"@type\":\"ListItem\",\"position\":3,\"name\":\"Salvaterra\u202fFalia Vino Rosato 0.75l 12,5%\"}]},{\"@type\":\"WebSite\",\"@id\":\"https:\/\/b2b.mvgd.pl\/#website\",\"url\":\"https:\/\/b2b.mvgd.pl\/\",\"name\":\"B2B MVGD PL\",\"description\":\"\",\"potentialAction\":[{\"@type\":\"SearchAction\",\"target\":{\"@type\":\"EntryPoint\",\"urlTemplate\":\"https:\/\/b2b.mvgd.pl\/?s={search_term_string}\"},\"query-input\":{\"@type\":\"PropertyValueSpecification\",\"valueRequired\":true,\"valueName\":\"search_term_string\"}}],\"inLanguage\":\"pl-PL\"}]}<\/script>\n<!-- \/ Yoast SEO plugin. -->","yoast_head_json":{"title":"Salvaterra\u202fFalia Vino Rosato 0.75l 12,5% - B2B MVGD PL","robots":{"index":"index","follow":"follow","max-snippet":"max-snippet:-1","max-image-preview":"max-image-preview:large","max-video-preview":"max-video-preview:-1"},"canonical":"https:\/\/b2b.mvgd.pl\/index.php\/produkt\/salvaterra-falia-vino-rosato-0-75l-125\/","og_locale":"pl_PL","og_type":"article","og_title":"Salvaterra\u202fFalia Vino Rosato 0.75l 12,5% - B2B MVGD PL","og_description":"Salvaterra Falia Rosato to lekki, aromatyczny r\u00f3\u017c z Veneto, powsta\u0142y ze szczepu Corvina. Oferuje \u015bwie\u017ce, owocowe bogactwo (truskawki, maliny, wi\u015bnie), z delikatn\u0105 s\u0142odycz\u0105 i przyjemn\u0105 kwasowo\u015bci\u0105. To idealne wino na lato \u2013 orze\u017awiaj\u0105ce, eleganckie, a zarazem uniwersalne.","og_url":"https:\/\/b2b.mvgd.pl\/index.php\/produkt\/salvaterra-falia-vino-rosato-0-75l-125\/","og_site_name":"B2B MVGD PL","article_modified_time":"2026-02-16T18:55:25+00:00","twitter_card":"summary_large_image","twitter_misc":{"Szacowany czas czytania":"1 minuta"},"schema":{"@context":"https:\/\/schema.org","@graph":[{"@type":"WebPage","@id":"https:\/\/b2b.mvgd.pl\/index.php\/produkt\/salvaterra-falia-vino-rosato-0-75l-125\/","url":"https:\/\/b2b.mvgd.pl\/index.php\/produkt\/salvaterra-falia-vino-rosato-0-75l-125\/","name":"Salvaterra\u202fFalia Vino Rosato 0.75l 12,5% - B2B MVGD PL","isPartOf":{"@id":"https:\/\/b2b.mvgd.pl\/#website"},"primaryImageOfPage":{"@id":"https:\/\/b2b.mvgd.pl\/index.php\/produkt\/salvaterra-falia-vino-rosato-0-75l-125\/#primaryimage"},"image":{"@id":"https:\/\/b2b.mvgd.pl\/index.php\/produkt\/salvaterra-falia-vino-rosato-0-75l-125\/#primaryimage"},"thumbnailUrl":"https:\/\/b2b.mvgd.pl\/wp-content\/uploads\/2026\/02\/rose.png","datePublished":"2026-02-16T18:53:43+00:00","dateModified":"2026-02-16T18:55:25+00:00","breadcrumb":{"@id":"https:\/\/b2b.mvgd.pl\/index.php\/produkt\/salvaterra-falia-vino-rosato-0-75l-125\/#breadcrumb"},"inLanguage":"pl-PL","potentialAction":[{"@type":"ReadAction","target":["https:\/\/b2b.mvgd.pl\/index.php\/produkt\/salvaterra-falia-vino-rosato-0-75l-125\/"]}]},{"@type":"ImageObject","inLanguage":"pl-PL","@id":"https:\/\/b2b.mvgd.pl\/index.php\/produkt\/salvaterra-falia-vino-rosato-0-75l-125\/#primaryimage","url":"https:\/\/b2b.mvgd.pl\/wp-content\/uploads\/2026\/02\/rose.png","contentUrl":"https:\/\/b2b.mvgd.pl\/wp-content\/uploads\/2026\/02\/rose.png","width":900,"height":1200},{"@type":"BreadcrumbList","@id":"https:\/\/b2b.mvgd.pl\/index.php\/produkt\/salvaterra-falia-vino-rosato-0-75l-125\/#breadcrumb","itemListElement":[{"@type":"ListItem","position":1,"name":"Strona g\u0142\u00f3wna","item":"https:\/\/b2b.mvgd.pl\/"},{"@type":"ListItem","position":2,"name":"Shop","item":"https:\/\/b2b.mvgd.pl\/index.php\/shop\/"},{"@type":"ListItem","position":3,"name":"Salvaterra\u202fFalia Vino Rosato 0.75l 12,5%"}]},{"@type":"WebSite","@id":"https:\/\/b2b.mvgd.pl\/#website","url":"https:\/\/b2b.mvgd.pl\/","name":"B2B MVGD PL","description":"","potentialAction":[{"@type":"SearchAction","target":{"@type":"EntryPoint","urlTemplate":"https:\/\/b2b.mvgd.pl\/?s={search_term_string}"},"query-input":{"@type":"PropertyValueSpecification","valueRequired":true,"valueName":"search_term_string"}}],"inLanguage":"pl-PL"}]}},"jetpack_sharing_enabled":true,"_links":{"self":[{"href":"https:\/\/b2b.mvgd.pl\/index.php\/wp-json\/wp\/v2\/product\/764","targetHints":{"allow":["GET"]}}],"collection":[{"href":"https:\/\/b2b.mvgd.pl\/index.php\/wp-json\/wp\/v2\/product"}],"about":[{"href":"https:\/\/b2b.mvgd.pl\/index.php\/wp-json\/wp\/v2\/types\/product"}],"replies":[{"embeddable":true,"href":"https:\/\/b2b.mvgd.pl\/index.php\/wp-json\/wp\/v2\/comments?post=764"}],"version-history":[{"count":0,"href":"https:\/\/b2b.mvgd.pl\/index.php\/wp-json\/wp\/v2\/product\/764\/revisions"}],"wp:featuredmedia":[{"embeddable":true,"href":"https:\/\/b2b.mvgd.pl\/index.php\/wp-json\/wp\/v2\/media\/820"}],"wp:attachment":[{"href":"https:\/\/b2b.mvgd.pl\/index.php\/wp-json\/wp\/v2\/media?parent=764"}],"wp:term":[{"taxonomy":"product_brand","embeddable":true,"href":"https:\/\/b2b.mvgd.pl\/index.php\/wp-json\/wp\/v2\/product_brand?post=764"},{"taxonomy":"product_cat","embeddable":true,"href":"https:\/\/b2b.mvgd.pl\/index.php\/wp-json\/wp\/v2\/product_cat?post=764"},{"taxonomy":"product_tag","embeddable":true,"href":"https:\/\/b2b.mvgd.pl\/index.php\/wp-json\/wp\/v2\/product_tag?post=764"}],"curies":[{"name":"wp","href":"https:\/\/api.w.org\/{rel}","templated":true}]}}