{"id":763,"date":"2026-02-16T18:53:43","date_gmt":"2026-02-16T18:53:43","guid":{"rendered":"https:\/\/b2b.mvgd.pl\/?post_type=product&#038;p=763"},"modified":"2026-02-16T18:55:16","modified_gmt":"2026-02-16T18:55:16","slug":"salvaterra-falia-vino-bianco-075-13","status":"publish","type":"product","link":"https:\/\/b2b.mvgd.pl\/index.php\/produkt\/salvaterra-falia-vino-bianco-075-13\/","title":{"rendered":"Salvaterra\u202fFalia Vino Bianco 0,75 13%"},"content":{"rendered":"<p data-start=\"476\" data-end=\"513\"><span class=\"relative -mx-px my-[-0.2rem] rounded px-px py-[0.2rem] transition-colors duration-100 ease-in-out\">To lekkie, orze\u017awiaj\u0105ce bia\u0142e wino, stworzone z my\u015bl\u0105 o codziennej konsumpcji. Oto najwa\u017cniejsze cechy:<\/span><\/p>\n<ul data-start=\"515\" data-end=\"878\">\n<li data-start=\"515\" data-end=\"595\">\n<p data-start=\"517\" data-end=\"595\"><span class=\"relative -mx-px my-[-0.2rem] rounded px-px py-[0.2rem] transition-colors duration-100 ease-in-out\"><strong data-start=\"0\" data-end=\"10\" data-is-only-node=\"\">Barwa:<\/strong> Jasno s\u0142omkowa, cz\u0119sto opisywana jako jasny \u017c\u00f3\u0142ty kolor.<\/span><\/p>\n<\/li>\n<li data-start=\"596\" data-end=\"676\">\n<p data-start=\"598\" data-end=\"676\"><span class=\"relative -mx-px my-[-0.2rem] rounded px-px py-[0.2rem] transition-colors duration-100 ease-in-out\"><strong data-start=\"0\" data-end=\"11\" data-is-only-node=\"\">Aromat:<\/strong> Bogaty i \u015bwie\u017cy, z wyra\u017anymi nutami cytrus\u00f3w (cytryna, agrest), \u017c\u00f3\u0142tych owoc\u00f3w (\u015bliwka, brzoskwinia), bia\u0142ych kwiat\u00f3w i lekkimi nutami mineralnymi<\/span>.<\/p>\n<\/li>\n<li data-start=\"677\" data-end=\"795\">\n<p data-start=\"679\" data-end=\"795\"><span class=\"relative -mx-px my-[-0.2rem] rounded px-px py-[0.2rem] transition-colors duration-100 ease-in-out\"><strong data-start=\"0\" data-end=\"9\" data-is-only-node=\"\">Smak:<\/strong> Rze\u015bki, owocowy balans, z przyjemn\u0105 kwasowo\u015bci\u0105 ok.\u202f5,5\u202fg\/l i odrobin\u0105 resztkowej s\u0142odyczy (ok.\u202f5\u202fg\/l).<\/span><span class=\"relative -mx-px my-[-0.2rem] rounded px-px py-[0.2rem] transition-colors duration-100 ease-in-out\">Cechuje si\u0119 dobr\u0105 budow\u0105 i \u015bwie\u017cym finiszem.<\/span><\/p>\n<\/li>\n<li data-start=\"796\" data-end=\"878\">\n<p data-start=\"798\" data-end=\"878\"><span class=\"relative -mx-px my-[-0.2rem] rounded px-px py-[0.2rem] transition-colors duration-100 ease-in-out\"><strong data-start=\"0\" data-end=\"9\" data-is-only-node=\"\">Styl:<\/strong> Smuk\u0142e, \u0142atwe do picia wino, uniwersalne w parowaniu i nowoczesne w interpretacji tradycyjnych odmian Veneto.<\/span><\/p>\n<\/li>\n<\/ul>\n<p data-start=\"912\" data-end=\"951\"><span class=\"relative -mx-px my-[-0.2rem] rounded px-px py-[0.2rem] transition-colors duration-100 ease-in-out\">\u015awietnie sprawdzi si\u0119 z:<\/span><\/p>\n<ul data-start=\"953\" data-end=\"1168\">\n<li data-start=\"953\" data-end=\"996\">\n<p data-start=\"955\" data-end=\"996\"><span class=\"relative -mx-px my-[-0.2rem] rounded px-px py-[0.2rem] transition-colors duration-100 ease-in-out\">owocami morza i mi\u0119kk\u0105 ryb\u0105<\/span><\/p>\n<\/li>\n<li data-start=\"997\" data-end=\"1040\">\n<p data-start=\"999\" data-end=\"1040\"><span class=\"relative -mx-px my-[-0.2rem] rounded px-px py-[0.2rem] transition-colors duration-100 ease-in-out\">daniami z bia\u0142ego mi\u0119sa i delikatnych sos\u00f3w<\/span><\/p>\n<\/li>\n<li data-start=\"1041\" data-end=\"1084\">\n<p data-start=\"1043\" data-end=\"1084\"><span class=\"relative -mx-px my-[-0.2rem] rounded px-px py-[0.2rem] transition-colors duration-100 ease-in-out\">sa\u0142atkami, serami dojrzewaj\u0105cymi (np. manchego, gruy\u00e8re)<\/span><\/p>\n<\/li>\n<li data-start=\"1085\" data-end=\"1168\">\n<p data-start=\"1087\" data-end=\"1168\"><span class=\"relative -mx-px my-[-0.2rem] rounded px-px py-[0.2rem] transition-colors duration-100 ease-in-out\">lekkimi przystawkami, w tym oliwkami i carpaccio<\/span><\/p>\n<\/li>\n<\/ul>\n","protected":false},"excerpt":{"rendered":"<p data-start=\"1784\" data-end=\"2161\"><strong>Salvaterra Falia Vino Bianco<\/strong> to przyjemny, dobrze zr\u00f3wnowa\u017cony bia\u0142y blend z Veneto, oferuj\u0105cy \u015bwie\u017c\u0105 owocowo\u015b\u0107 i lekki styl. Ze wzgl\u0119du na mieszank\u0119 5 klasycznych szczep\u00f3w i dobre parametry kwasowe, wino doskonale sprawdzi si\u0119 jako aperitif oraz do da\u0144 z kuchni \u015br\u00f3dziemnomorskiej.<\/p>\n","protected":false},"featured_media":812,"comment_status":"closed","ping_status":"closed","template":"","meta":[],"product_brand":[],"product_cat":[20,19],"product_tag":[757,958,320,577,321],"class_list":{"0":"post-763","1":"product","2":"type-product","3":"status-publish","4":"has-post-thumbnail","6":"product_cat-veneto","7":"product_cat-wlochy-wina","8":"product_tag-biale","9":"product_tag-salvaterra","10":"product_tag-wino","11":"product_tag-wino-biale","12":"product_tag-wytrawne","14":"first","15":"instock","16":"shipping-taxable","17":"purchasable","18":"product-type-simple"},"yoast_head":"<!-- This site is optimized with the Yoast SEO plugin v26.9 - https:\/\/yoast.com\/product\/yoast-seo-wordpress\/ -->\n<title>Salvaterra\u202fFalia Vino Bianco 0,75 13% - B2B MVGD PL<\/title>\n<meta name=\"robots\" content=\"index, follow, max-snippet:-1, max-image-preview:large, max-video-preview:-1\" \/>\n<link rel=\"canonical\" href=\"https:\/\/b2b.mvgd.pl\/index.php\/produkt\/salvaterra-falia-vino-bianco-075-13\/\" \/>\n<meta property=\"og:locale\" content=\"pl_PL\" \/>\n<meta property=\"og:type\" content=\"article\" \/>\n<meta property=\"og:title\" content=\"Salvaterra\u202fFalia Vino Bianco 0,75 13% - B2B MVGD PL\" \/>\n<meta property=\"og:description\" content=\"Salvaterra Falia Vino Bianco to przyjemny, dobrze zr\u00f3wnowa\u017cony bia\u0142y blend z Veneto, oferuj\u0105cy \u015bwie\u017c\u0105 owocowo\u015b\u0107 i lekki styl. Ze wzgl\u0119du na mieszank\u0119 5 klasycznych szczep\u00f3w i dobre parametry kwasowe, wino doskonale sprawdzi si\u0119 jako aperitif oraz do da\u0144 z kuchni \u015br\u00f3dziemnomorskiej.\" \/>\n<meta property=\"og:url\" content=\"https:\/\/b2b.mvgd.pl\/index.php\/produkt\/salvaterra-falia-vino-bianco-075-13\/\" \/>\n<meta property=\"og:site_name\" content=\"B2B MVGD PL\" \/>\n<meta property=\"article:modified_time\" content=\"2026-02-16T18:55:16+00:00\" \/>\n<meta name=\"twitter:card\" content=\"summary_large_image\" \/>\n<meta name=\"twitter:label1\" content=\"Szacowany czas czytania\" \/>\n\t<meta name=\"twitter:data1\" content=\"1 minuta\" \/>\n<script type=\"application\/ld+json\" class=\"yoast-schema-graph\">{\"@context\":\"https:\/\/schema.org\",\"@graph\":[{\"@type\":\"WebPage\",\"@id\":\"https:\/\/b2b.mvgd.pl\/index.php\/produkt\/salvaterra-falia-vino-bianco-075-13\/\",\"url\":\"https:\/\/b2b.mvgd.pl\/index.php\/produkt\/salvaterra-falia-vino-bianco-075-13\/\",\"name\":\"Salvaterra\u202fFalia Vino Bianco 0,75 13% - B2B MVGD PL\",\"isPartOf\":{\"@id\":\"https:\/\/b2b.mvgd.pl\/#website\"},\"primaryImageOfPage\":{\"@id\":\"https:\/\/b2b.mvgd.pl\/index.php\/produkt\/salvaterra-falia-vino-bianco-075-13\/#primaryimage\"},\"image\":{\"@id\":\"https:\/\/b2b.mvgd.pl\/index.php\/produkt\/salvaterra-falia-vino-bianco-075-13\/#primaryimage\"},\"thumbnailUrl\":\"https:\/\/b2b.mvgd.pl\/wp-content\/uploads\/2026\/02\/Bianco.png\",\"datePublished\":\"2026-02-16T18:53:43+00:00\",\"dateModified\":\"2026-02-16T18:55:16+00:00\",\"breadcrumb\":{\"@id\":\"https:\/\/b2b.mvgd.pl\/index.php\/produkt\/salvaterra-falia-vino-bianco-075-13\/#breadcrumb\"},\"inLanguage\":\"pl-PL\",\"potentialAction\":[{\"@type\":\"ReadAction\",\"target\":[\"https:\/\/b2b.mvgd.pl\/index.php\/produkt\/salvaterra-falia-vino-bianco-075-13\/\"]}]},{\"@type\":\"ImageObject\",\"inLanguage\":\"pl-PL\",\"@id\":\"https:\/\/b2b.mvgd.pl\/index.php\/produkt\/salvaterra-falia-vino-bianco-075-13\/#primaryimage\",\"url\":\"https:\/\/b2b.mvgd.pl\/wp-content\/uploads\/2026\/02\/Bianco.png\",\"contentUrl\":\"https:\/\/b2b.mvgd.pl\/wp-content\/uploads\/2026\/02\/Bianco.png\",\"width\":900,\"height\":1200},{\"@type\":\"BreadcrumbList\",\"@id\":\"https:\/\/b2b.mvgd.pl\/index.php\/produkt\/salvaterra-falia-vino-bianco-075-13\/#breadcrumb\",\"itemListElement\":[{\"@type\":\"ListItem\",\"position\":1,\"name\":\"Strona g\u0142\u00f3wna\",\"item\":\"https:\/\/b2b.mvgd.pl\/\"},{\"@type\":\"ListItem\",\"position\":2,\"name\":\"Shop\",\"item\":\"https:\/\/b2b.mvgd.pl\/index.php\/shop\/\"},{\"@type\":\"ListItem\",\"position\":3,\"name\":\"Salvaterra\u202fFalia Vino Bianco 0,75 13%\"}]},{\"@type\":\"WebSite\",\"@id\":\"https:\/\/b2b.mvgd.pl\/#website\",\"url\":\"https:\/\/b2b.mvgd.pl\/\",\"name\":\"B2B MVGD PL\",\"description\":\"\",\"potentialAction\":[{\"@type\":\"SearchAction\",\"target\":{\"@type\":\"EntryPoint\",\"urlTemplate\":\"https:\/\/b2b.mvgd.pl\/?s={search_term_string}\"},\"query-input\":{\"@type\":\"PropertyValueSpecification\",\"valueRequired\":true,\"valueName\":\"search_term_string\"}}],\"inLanguage\":\"pl-PL\"}]}<\/script>\n<!-- \/ Yoast SEO plugin. -->","yoast_head_json":{"title":"Salvaterra\u202fFalia Vino Bianco 0,75 13% - B2B MVGD PL","robots":{"index":"index","follow":"follow","max-snippet":"max-snippet:-1","max-image-preview":"max-image-preview:large","max-video-preview":"max-video-preview:-1"},"canonical":"https:\/\/b2b.mvgd.pl\/index.php\/produkt\/salvaterra-falia-vino-bianco-075-13\/","og_locale":"pl_PL","og_type":"article","og_title":"Salvaterra\u202fFalia Vino Bianco 0,75 13% - B2B MVGD PL","og_description":"Salvaterra Falia Vino Bianco to przyjemny, dobrze zr\u00f3wnowa\u017cony bia\u0142y blend z Veneto, oferuj\u0105cy \u015bwie\u017c\u0105 owocowo\u015b\u0107 i lekki styl. Ze wzgl\u0119du na mieszank\u0119 5 klasycznych szczep\u00f3w i dobre parametry kwasowe, wino doskonale sprawdzi si\u0119 jako aperitif oraz do da\u0144 z kuchni \u015br\u00f3dziemnomorskiej.","og_url":"https:\/\/b2b.mvgd.pl\/index.php\/produkt\/salvaterra-falia-vino-bianco-075-13\/","og_site_name":"B2B MVGD PL","article_modified_time":"2026-02-16T18:55:16+00:00","twitter_card":"summary_large_image","twitter_misc":{"Szacowany czas czytania":"1 minuta"},"schema":{"@context":"https:\/\/schema.org","@graph":[{"@type":"WebPage","@id":"https:\/\/b2b.mvgd.pl\/index.php\/produkt\/salvaterra-falia-vino-bianco-075-13\/","url":"https:\/\/b2b.mvgd.pl\/index.php\/produkt\/salvaterra-falia-vino-bianco-075-13\/","name":"Salvaterra\u202fFalia Vino Bianco 0,75 13% - B2B MVGD PL","isPartOf":{"@id":"https:\/\/b2b.mvgd.pl\/#website"},"primaryImageOfPage":{"@id":"https:\/\/b2b.mvgd.pl\/index.php\/produkt\/salvaterra-falia-vino-bianco-075-13\/#primaryimage"},"image":{"@id":"https:\/\/b2b.mvgd.pl\/index.php\/produkt\/salvaterra-falia-vino-bianco-075-13\/#primaryimage"},"thumbnailUrl":"https:\/\/b2b.mvgd.pl\/wp-content\/uploads\/2026\/02\/Bianco.png","datePublished":"2026-02-16T18:53:43+00:00","dateModified":"2026-02-16T18:55:16+00:00","breadcrumb":{"@id":"https:\/\/b2b.mvgd.pl\/index.php\/produkt\/salvaterra-falia-vino-bianco-075-13\/#breadcrumb"},"inLanguage":"pl-PL","potentialAction":[{"@type":"ReadAction","target":["https:\/\/b2b.mvgd.pl\/index.php\/produkt\/salvaterra-falia-vino-bianco-075-13\/"]}]},{"@type":"ImageObject","inLanguage":"pl-PL","@id":"https:\/\/b2b.mvgd.pl\/index.php\/produkt\/salvaterra-falia-vino-bianco-075-13\/#primaryimage","url":"https:\/\/b2b.mvgd.pl\/wp-content\/uploads\/2026\/02\/Bianco.png","contentUrl":"https:\/\/b2b.mvgd.pl\/wp-content\/uploads\/2026\/02\/Bianco.png","width":900,"height":1200},{"@type":"BreadcrumbList","@id":"https:\/\/b2b.mvgd.pl\/index.php\/produkt\/salvaterra-falia-vino-bianco-075-13\/#breadcrumb","itemListElement":[{"@type":"ListItem","position":1,"name":"Strona g\u0142\u00f3wna","item":"https:\/\/b2b.mvgd.pl\/"},{"@type":"ListItem","position":2,"name":"Shop","item":"https:\/\/b2b.mvgd.pl\/index.php\/shop\/"},{"@type":"ListItem","position":3,"name":"Salvaterra\u202fFalia Vino Bianco 0,75 13%"}]},{"@type":"WebSite","@id":"https:\/\/b2b.mvgd.pl\/#website","url":"https:\/\/b2b.mvgd.pl\/","name":"B2B MVGD PL","description":"","potentialAction":[{"@type":"SearchAction","target":{"@type":"EntryPoint","urlTemplate":"https:\/\/b2b.mvgd.pl\/?s={search_term_string}"},"query-input":{"@type":"PropertyValueSpecification","valueRequired":true,"valueName":"search_term_string"}}],"inLanguage":"pl-PL"}]}},"jetpack_sharing_enabled":true,"_links":{"self":[{"href":"https:\/\/b2b.mvgd.pl\/index.php\/wp-json\/wp\/v2\/product\/763","targetHints":{"allow":["GET"]}}],"collection":[{"href":"https:\/\/b2b.mvgd.pl\/index.php\/wp-json\/wp\/v2\/product"}],"about":[{"href":"https:\/\/b2b.mvgd.pl\/index.php\/wp-json\/wp\/v2\/types\/product"}],"replies":[{"embeddable":true,"href":"https:\/\/b2b.mvgd.pl\/index.php\/wp-json\/wp\/v2\/comments?post=763"}],"version-history":[{"count":0,"href":"https:\/\/b2b.mvgd.pl\/index.php\/wp-json\/wp\/v2\/product\/763\/revisions"}],"wp:featuredmedia":[{"embeddable":true,"href":"https:\/\/b2b.mvgd.pl\/index.php\/wp-json\/wp\/v2\/media\/812"}],"wp:attachment":[{"href":"https:\/\/b2b.mvgd.pl\/index.php\/wp-json\/wp\/v2\/media?parent=763"}],"wp:term":[{"taxonomy":"product_brand","embeddable":true,"href":"https:\/\/b2b.mvgd.pl\/index.php\/wp-json\/wp\/v2\/product_brand?post=763"},{"taxonomy":"product_cat","embeddable":true,"href":"https:\/\/b2b.mvgd.pl\/index.php\/wp-json\/wp\/v2\/product_cat?post=763"},{"taxonomy":"product_tag","embeddable":true,"href":"https:\/\/b2b.mvgd.pl\/index.php\/wp-json\/wp\/v2\/product_tag?post=763"}],"curies":[{"name":"wp","href":"https:\/\/api.w.org\/{rel}","templated":true}]}}