{"id":76,"date":"2026-02-16T18:31:57","date_gmt":"2026-02-16T18:31:57","guid":{"rendered":"https:\/\/b2b.mvgd.pl\/?post_type=product&#038;p=76"},"modified":"2026-02-16T18:34:09","modified_gmt":"2026-02-16T18:34:09","slug":"bache-gabrielsen-american-oak-07l-40","status":"publish","type":"product","link":"https:\/\/b2b.mvgd.pl\/index.php\/produkt\/bache-gabrielsen-american-oak-07l-40\/","title":{"rendered":"Bache Gabrielsen American Oak 0,7l 40%"},"content":{"rendered":"<p>Odmiany winogron: Ugni-Blanc<\/p>\n<p>Kolor: z\u0142oty<\/p>\n<p>Starzenie: Podw\u00f3jne dojrzewanie we francuskim d\u0119bie (Limousin), w po\u0142\u0105czeniu z co najmniej sze\u015bciomiesi\u0119cznym le\u017cakowanie w nowym d\u0119bie ameryka\u0144skim (Alba).<\/p>\n<p>Aromat: Delikatne tropikalne smaki kokosa i ananasa, kt\u00f3re pi\u0119knie komponuj\u0105 si\u0119 z francuskie d\u0119bowe aromaty wanilii, kakao i orzech\u00f3w.<\/p>\n<p>Smak: Na podniebieniu ujawnia ca\u0142\u0105 aromatyczn\u0105 moc ameryka\u0144skiego d\u0119bu o wyj\u0105tkowej g\u0142adko\u015bci<\/p>\n<p>Finisz: Efektem ko\u0144cowym jest bogaty i owocowy koniak, wzmocniony nutami czekolady i wanilii.\u200b<\/p>\n","protected":false},"excerpt":{"rendered":"<p>Nasz \u00ab American Oak \u00bb to pierwszy koniak le\u017cakowany w beczkach z d\u0119bu ameryka\u0144skiego. To unikalne po\u0142\u0105czenie powstaje w wyniku podw\u00f3jnego dojrzewania. Kilkuletnie starzenie we \u00a0francuskich d\u0119bowych beczkach po\u0142\u0105czone jest z minimum sze\u015bciomiesi\u0119cznym le\u017cakowaniem w nowych beczkach z d\u0119bu ameryka\u0144skiego. Drewno do le\u017cakowania importowane jest z Tennessee a beczki wykonane we wsp\u00f3\u0142pracy z lokalnym bednarzem, zgodnie z wytycznymi mistrza piwnicy.<\/p>\n","protected":false},"featured_media":146,"comment_status":"open","ping_status":"closed","template":"","meta":[],"product_brand":[],"product_cat":[114],"product_tag":[115,116,117],"class_list":{"0":"post-76","1":"product","2":"type-product","3":"status-publish","4":"has-post-thumbnail","6":"product_cat-koniak","7":"product_tag-bache","8":"product_tag-bache-gabrielsen","9":"product_tag-koniak","11":"first","12":"instock","13":"shipping-taxable","14":"purchasable","15":"product-type-simple"},"yoast_head":"<!-- This site is optimized with the Yoast SEO plugin v26.9 - https:\/\/yoast.com\/product\/yoast-seo-wordpress\/ -->\n<title>Bache Gabrielsen American Oak 0,7l 40% - B2B MVGD PL<\/title>\n<meta name=\"robots\" content=\"index, follow, max-snippet:-1, max-image-preview:large, max-video-preview:-1\" \/>\n<link rel=\"canonical\" href=\"https:\/\/b2b.mvgd.pl\/index.php\/produkt\/bache-gabrielsen-american-oak-07l-40\/\" \/>\n<meta property=\"og:locale\" content=\"pl_PL\" \/>\n<meta property=\"og:type\" content=\"article\" \/>\n<meta property=\"og:title\" content=\"Bache Gabrielsen American Oak 0,7l 40% - B2B MVGD PL\" \/>\n<meta property=\"og:description\" content=\"Nasz \u00ab American Oak \u00bb to pierwszy koniak le\u017cakowany w beczkach z d\u0119bu ameryka\u0144skiego. To unikalne po\u0142\u0105czenie powstaje w wyniku podw\u00f3jnego dojrzewania. Kilkuletnie starzenie we \u00a0francuskich d\u0119bowych beczkach po\u0142\u0105czone jest z minimum sze\u015bciomiesi\u0119cznym le\u017cakowaniem w nowych beczkach z d\u0119bu ameryka\u0144skiego. Drewno do le\u017cakowania importowane jest z Tennessee a beczki wykonane we wsp\u00f3\u0142pracy z lokalnym bednarzem, zgodnie z wytycznymi mistrza piwnicy.\" \/>\n<meta property=\"og:url\" content=\"https:\/\/b2b.mvgd.pl\/index.php\/produkt\/bache-gabrielsen-american-oak-07l-40\/\" \/>\n<meta property=\"og:site_name\" content=\"B2B MVGD PL\" \/>\n<meta property=\"article:modified_time\" content=\"2026-02-16T18:34:09+00:00\" \/>\n<meta name=\"twitter:card\" content=\"summary_large_image\" \/>\n<script type=\"application\/ld+json\" class=\"yoast-schema-graph\">{\"@context\":\"https:\/\/schema.org\",\"@graph\":[{\"@type\":\"WebPage\",\"@id\":\"https:\/\/b2b.mvgd.pl\/index.php\/produkt\/bache-gabrielsen-american-oak-07l-40\/\",\"url\":\"https:\/\/b2b.mvgd.pl\/index.php\/produkt\/bache-gabrielsen-american-oak-07l-40\/\",\"name\":\"Bache Gabrielsen American Oak 0,7l 40% - B2B MVGD PL\",\"isPartOf\":{\"@id\":\"https:\/\/b2b.mvgd.pl\/#website\"},\"primaryImageOfPage\":{\"@id\":\"https:\/\/b2b.mvgd.pl\/index.php\/produkt\/bache-gabrielsen-american-oak-07l-40\/#primaryimage\"},\"image\":{\"@id\":\"https:\/\/b2b.mvgd.pl\/index.php\/produkt\/bache-gabrielsen-american-oak-07l-40\/#primaryimage\"},\"thumbnailUrl\":\"https:\/\/b2b.mvgd.pl\/wp-content\/uploads\/2026\/02\/PKJBAC1049_1.png\",\"datePublished\":\"2026-02-16T18:31:57+00:00\",\"dateModified\":\"2026-02-16T18:34:09+00:00\",\"breadcrumb\":{\"@id\":\"https:\/\/b2b.mvgd.pl\/index.php\/produkt\/bache-gabrielsen-american-oak-07l-40\/#breadcrumb\"},\"inLanguage\":\"pl-PL\",\"potentialAction\":[{\"@type\":\"ReadAction\",\"target\":[\"https:\/\/b2b.mvgd.pl\/index.php\/produkt\/bache-gabrielsen-american-oak-07l-40\/\"]}]},{\"@type\":\"ImageObject\",\"inLanguage\":\"pl-PL\",\"@id\":\"https:\/\/b2b.mvgd.pl\/index.php\/produkt\/bache-gabrielsen-american-oak-07l-40\/#primaryimage\",\"url\":\"https:\/\/b2b.mvgd.pl\/wp-content\/uploads\/2026\/02\/PKJBAC1049_1.png\",\"contentUrl\":\"https:\/\/b2b.mvgd.pl\/wp-content\/uploads\/2026\/02\/PKJBAC1049_1.png\",\"width\":900,\"height\":1200},{\"@type\":\"BreadcrumbList\",\"@id\":\"https:\/\/b2b.mvgd.pl\/index.php\/produkt\/bache-gabrielsen-american-oak-07l-40\/#breadcrumb\",\"itemListElement\":[{\"@type\":\"ListItem\",\"position\":1,\"name\":\"Strona g\u0142\u00f3wna\",\"item\":\"https:\/\/b2b.mvgd.pl\/\"},{\"@type\":\"ListItem\",\"position\":2,\"name\":\"Shop\",\"item\":\"https:\/\/b2b.mvgd.pl\/index.php\/shop\/\"},{\"@type\":\"ListItem\",\"position\":3,\"name\":\"Bache Gabrielsen American Oak 0,7l 40%\"}]},{\"@type\":\"WebSite\",\"@id\":\"https:\/\/b2b.mvgd.pl\/#website\",\"url\":\"https:\/\/b2b.mvgd.pl\/\",\"name\":\"B2B MVGD PL\",\"description\":\"\",\"potentialAction\":[{\"@type\":\"SearchAction\",\"target\":{\"@type\":\"EntryPoint\",\"urlTemplate\":\"https:\/\/b2b.mvgd.pl\/?s={search_term_string}\"},\"query-input\":{\"@type\":\"PropertyValueSpecification\",\"valueRequired\":true,\"valueName\":\"search_term_string\"}}],\"inLanguage\":\"pl-PL\"}]}<\/script>\n<!-- \/ Yoast SEO plugin. -->","yoast_head_json":{"title":"Bache Gabrielsen American Oak 0,7l 40% - B2B MVGD PL","robots":{"index":"index","follow":"follow","max-snippet":"max-snippet:-1","max-image-preview":"max-image-preview:large","max-video-preview":"max-video-preview:-1"},"canonical":"https:\/\/b2b.mvgd.pl\/index.php\/produkt\/bache-gabrielsen-american-oak-07l-40\/","og_locale":"pl_PL","og_type":"article","og_title":"Bache Gabrielsen American Oak 0,7l 40% - B2B MVGD PL","og_description":"Nasz \u00ab American Oak \u00bb to pierwszy koniak le\u017cakowany w beczkach z d\u0119bu ameryka\u0144skiego. To unikalne po\u0142\u0105czenie powstaje w wyniku podw\u00f3jnego dojrzewania. Kilkuletnie starzenie we \u00a0francuskich d\u0119bowych beczkach po\u0142\u0105czone jest z minimum sze\u015bciomiesi\u0119cznym le\u017cakowaniem w nowych beczkach z d\u0119bu ameryka\u0144skiego. Drewno do le\u017cakowania importowane jest z Tennessee a beczki wykonane we wsp\u00f3\u0142pracy z lokalnym bednarzem, zgodnie z wytycznymi mistrza piwnicy.","og_url":"https:\/\/b2b.mvgd.pl\/index.php\/produkt\/bache-gabrielsen-american-oak-07l-40\/","og_site_name":"B2B MVGD PL","article_modified_time":"2026-02-16T18:34:09+00:00","twitter_card":"summary_large_image","schema":{"@context":"https:\/\/schema.org","@graph":[{"@type":"WebPage","@id":"https:\/\/b2b.mvgd.pl\/index.php\/produkt\/bache-gabrielsen-american-oak-07l-40\/","url":"https:\/\/b2b.mvgd.pl\/index.php\/produkt\/bache-gabrielsen-american-oak-07l-40\/","name":"Bache Gabrielsen American Oak 0,7l 40% - B2B MVGD PL","isPartOf":{"@id":"https:\/\/b2b.mvgd.pl\/#website"},"primaryImageOfPage":{"@id":"https:\/\/b2b.mvgd.pl\/index.php\/produkt\/bache-gabrielsen-american-oak-07l-40\/#primaryimage"},"image":{"@id":"https:\/\/b2b.mvgd.pl\/index.php\/produkt\/bache-gabrielsen-american-oak-07l-40\/#primaryimage"},"thumbnailUrl":"https:\/\/b2b.mvgd.pl\/wp-content\/uploads\/2026\/02\/PKJBAC1049_1.png","datePublished":"2026-02-16T18:31:57+00:00","dateModified":"2026-02-16T18:34:09+00:00","breadcrumb":{"@id":"https:\/\/b2b.mvgd.pl\/index.php\/produkt\/bache-gabrielsen-american-oak-07l-40\/#breadcrumb"},"inLanguage":"pl-PL","potentialAction":[{"@type":"ReadAction","target":["https:\/\/b2b.mvgd.pl\/index.php\/produkt\/bache-gabrielsen-american-oak-07l-40\/"]}]},{"@type":"ImageObject","inLanguage":"pl-PL","@id":"https:\/\/b2b.mvgd.pl\/index.php\/produkt\/bache-gabrielsen-american-oak-07l-40\/#primaryimage","url":"https:\/\/b2b.mvgd.pl\/wp-content\/uploads\/2026\/02\/PKJBAC1049_1.png","contentUrl":"https:\/\/b2b.mvgd.pl\/wp-content\/uploads\/2026\/02\/PKJBAC1049_1.png","width":900,"height":1200},{"@type":"BreadcrumbList","@id":"https:\/\/b2b.mvgd.pl\/index.php\/produkt\/bache-gabrielsen-american-oak-07l-40\/#breadcrumb","itemListElement":[{"@type":"ListItem","position":1,"name":"Strona g\u0142\u00f3wna","item":"https:\/\/b2b.mvgd.pl\/"},{"@type":"ListItem","position":2,"name":"Shop","item":"https:\/\/b2b.mvgd.pl\/index.php\/shop\/"},{"@type":"ListItem","position":3,"name":"Bache Gabrielsen American Oak 0,7l 40%"}]},{"@type":"WebSite","@id":"https:\/\/b2b.mvgd.pl\/#website","url":"https:\/\/b2b.mvgd.pl\/","name":"B2B MVGD PL","description":"","potentialAction":[{"@type":"SearchAction","target":{"@type":"EntryPoint","urlTemplate":"https:\/\/b2b.mvgd.pl\/?s={search_term_string}"},"query-input":{"@type":"PropertyValueSpecification","valueRequired":true,"valueName":"search_term_string"}}],"inLanguage":"pl-PL"}]}},"jetpack_sharing_enabled":true,"_links":{"self":[{"href":"https:\/\/b2b.mvgd.pl\/index.php\/wp-json\/wp\/v2\/product\/76","targetHints":{"allow":["GET"]}}],"collection":[{"href":"https:\/\/b2b.mvgd.pl\/index.php\/wp-json\/wp\/v2\/product"}],"about":[{"href":"https:\/\/b2b.mvgd.pl\/index.php\/wp-json\/wp\/v2\/types\/product"}],"replies":[{"embeddable":true,"href":"https:\/\/b2b.mvgd.pl\/index.php\/wp-json\/wp\/v2\/comments?post=76"}],"version-history":[{"count":0,"href":"https:\/\/b2b.mvgd.pl\/index.php\/wp-json\/wp\/v2\/product\/76\/revisions"}],"wp:featuredmedia":[{"embeddable":true,"href":"https:\/\/b2b.mvgd.pl\/index.php\/wp-json\/wp\/v2\/media\/146"}],"wp:attachment":[{"href":"https:\/\/b2b.mvgd.pl\/index.php\/wp-json\/wp\/v2\/media?parent=76"}],"wp:term":[{"taxonomy":"product_brand","embeddable":true,"href":"https:\/\/b2b.mvgd.pl\/index.php\/wp-json\/wp\/v2\/product_brand?post=76"},{"taxonomy":"product_cat","embeddable":true,"href":"https:\/\/b2b.mvgd.pl\/index.php\/wp-json\/wp\/v2\/product_cat?post=76"},{"taxonomy":"product_tag","embeddable":true,"href":"https:\/\/b2b.mvgd.pl\/index.php\/wp-json\/wp\/v2\/product_tag?post=76"}],"curies":[{"name":"wp","href":"https:\/\/api.w.org\/{rel}","templated":true}]}}