{"id":757,"date":"2026-02-16T18:53:17","date_gmt":"2026-02-16T18:53:17","guid":{"rendered":"https:\/\/b2b.mvgd.pl\/?post_type=product&#038;p=757"},"modified":"2026-02-16T18:55:13","modified_gmt":"2026-02-16T18:55:13","slug":"calvet-spritz-bordelais-075-12","status":"publish","type":"product","link":"https:\/\/b2b.mvgd.pl\/index.php\/produkt\/calvet-spritz-bordelais-075-12\/","title":{"rendered":"Calvet Spritz Bordelais 0,75 12%"},"content":{"rendered":"<p data-start=\"170\" data-end=\"209\"><span class=\"relative -mx-px my-[-0.2rem] rounded px-px py-[0.2rem] transition-colors duration-100 ease-in-out\">To orze\u017awiaj\u0105cy, lekko musuj\u0105cy spritz z Bordeaux \u2014 elegancki i pe\u0142en wdzi\u0119ku. Powsta\u0142 metod\u0105 tradycyjn\u0105, wzbogacony aromatycznym dodatkiem naturalnych olejk\u00f3w pomara\u0144czowych, zi\u00f3\u0142 i przypraw.<\/span><\/p>\n<p data-start=\"170\" data-end=\"209\"><strong>Barwa:<\/strong> <span class=\"relative -mx-px my-[-0.2rem] rounded px-px py-[0.2rem] transition-colors duration-100 ease-in-out\">B\u0142yszcz\u0105ca, jasnopomara\u0144czowa z \u017cywymi refleksami<\/span><\/p>\n<p data-start=\"170\" data-end=\"209\"><strong data-start=\"312\" data-end=\"322\">Aromat: <\/strong><span class=\"relative -mx-px my-[-0.2rem] rounded px-px py-[0.2rem] transition-colors duration-100 ease-in-out\">Delikatny i kusz\u0105cy, z nutami dojrza\u0142ej pomara\u0144czy i \u015br\u00f3dziemnomorskich zi\u00f3\u0142 \u2014 przede wszystkim rozmarynu<\/span><\/p>\n<p data-start=\"170\" data-end=\"209\"><strong data-start=\"409\" data-end=\"417\">Smak: <\/strong><span class=\"relative -mx-px my-[-0.2rem] rounded px-px py-[0.2rem] transition-colors duration-100 ease-in-out\">W ustach \u015bwie\u017cy, \u017cywy i obfity, z intensywnymi nutami owoc\u00f3w cytrusowych oraz subteln\u0105, korzenn\u0105 pikantno\u015bci\u0105<\/span><\/p>\n<p data-start=\"170\" data-end=\"209\"><strong>Sugestie podania: <\/strong><span class=\"relative -mx-px my-[-0.2rem] rounded px-px py-[0.2rem] transition-colors duration-100 ease-in-out\">Serwowa\u0107 mocno sch\u0142odzony, z lodem i plasterkiem pomara\u0144czy \u2014 idealny na aperitif lub spotkania towarzyskie<\/span><\/p>\n<p data-start=\"170\" data-end=\"209\"><strong>Profil analityczny:<\/strong><\/p>\n<ul>\n<li style=\"list-style-type: none\">\n<ul data-start=\"666\" data-end=\"793\">\n<li data-start=\"666\" data-end=\"709\">\n<p data-start=\"668\" data-end=\"709\"><span class=\"relative -mx-px my-[-0.2rem] rounded px-px py-[0.2rem] transition-colors duration-100 ease-in-out\">Kwasowo\u015b\u0107: ok. 2,9\u202fg\/l<\/span><\/p>\n<\/li>\n<li data-start=\"710\" data-end=\"793\">\n<p data-start=\"712\" data-end=\"793\"><span class=\"relative -mx-px my-[-0.2rem] rounded px-px py-[0.2rem] transition-colors duration-100 ease-in-out\">Cukier resztkowy: ok. 44\u202fg<\/span><\/p>\n<\/li>\n<\/ul>\n<\/li>\n<\/ul>\n","protected":false},"excerpt":{"rendered":"<p data-start=\"823\" data-end=\"1095\"><strong>Calvet Spritz Bordelais<\/strong> to wdzi\u0119czne po\u0142\u0105czenie kremowych b\u0105belk\u00f3w i wyrazistych nut pomara\u0144czy, podkre\u015blonych aromatycznym rozmarynem. To eleganckie spritz z Bordeaux, kt\u00f3ry \u0142\u0105czy tradycj\u0119 win musuj\u0105cych z orze\u017awiaj\u0105c\u0105 lekko\u015bci\u0105, tworz\u0105c uniwersalny i przyjemny aperitif.<\/p>\n<p data-start=\"1097\" data-end=\"1176\">\n","protected":false},"featured_media":811,"comment_status":"closed","ping_status":"closed","template":"","meta":[],"product_brand":[],"product_cat":[950,682,676,16],"product_tag":[951,681,619,320,684],"class_list":{"0":"post-757","1":"product","2":"type-product","3":"status-publish","4":"has-post-thumbnail","6":"product_cat-bordeaux","7":"product_cat-francja-wina-musujace","8":"product_cat-francja","9":"product_cat-wina-musujace","10":"product_tag-calvet","11":"product_tag-francja","12":"product_tag-spritz","13":"product_tag-wino","14":"product_tag-wino-musujace","16":"first","17":"instock","18":"shipping-taxable","19":"purchasable","20":"product-type-simple"},"yoast_head":"<!-- This site is optimized with the Yoast SEO plugin v26.9 - https:\/\/yoast.com\/product\/yoast-seo-wordpress\/ -->\n<title>Calvet Spritz Bordelais 0,75 12% - B2B MVGD PL<\/title>\n<meta name=\"robots\" content=\"index, follow, max-snippet:-1, max-image-preview:large, max-video-preview:-1\" \/>\n<link rel=\"canonical\" href=\"https:\/\/b2b.mvgd.pl\/index.php\/produkt\/calvet-spritz-bordelais-075-12\/\" \/>\n<meta property=\"og:locale\" content=\"pl_PL\" \/>\n<meta property=\"og:type\" content=\"article\" \/>\n<meta property=\"og:title\" content=\"Calvet Spritz Bordelais 0,75 12% - B2B MVGD PL\" \/>\n<meta property=\"og:description\" content=\"Calvet Spritz Bordelais to wdzi\u0119czne po\u0142\u0105czenie kremowych b\u0105belk\u00f3w i wyrazistych nut pomara\u0144czy, podkre\u015blonych aromatycznym rozmarynem. To eleganckie spritz z Bordeaux, kt\u00f3ry \u0142\u0105czy tradycj\u0119 win musuj\u0105cych z orze\u017awiaj\u0105c\u0105 lekko\u015bci\u0105, tworz\u0105c uniwersalny i przyjemny aperitif.\" \/>\n<meta property=\"og:url\" content=\"https:\/\/b2b.mvgd.pl\/index.php\/produkt\/calvet-spritz-bordelais-075-12\/\" \/>\n<meta property=\"og:site_name\" content=\"B2B MVGD PL\" \/>\n<meta property=\"article:modified_time\" content=\"2026-02-16T18:55:13+00:00\" \/>\n<meta name=\"twitter:card\" content=\"summary_large_image\" \/>\n<meta name=\"twitter:label1\" content=\"Szacowany czas czytania\" \/>\n\t<meta name=\"twitter:data1\" content=\"1 minuta\" \/>\n<script type=\"application\/ld+json\" class=\"yoast-schema-graph\">{\"@context\":\"https:\/\/schema.org\",\"@graph\":[{\"@type\":\"WebPage\",\"@id\":\"https:\/\/b2b.mvgd.pl\/index.php\/produkt\/calvet-spritz-bordelais-075-12\/\",\"url\":\"https:\/\/b2b.mvgd.pl\/index.php\/produkt\/calvet-spritz-bordelais-075-12\/\",\"name\":\"Calvet Spritz Bordelais 0,75 12% - B2B MVGD PL\",\"isPartOf\":{\"@id\":\"https:\/\/b2b.mvgd.pl\/#website\"},\"primaryImageOfPage\":{\"@id\":\"https:\/\/b2b.mvgd.pl\/index.php\/produkt\/calvet-spritz-bordelais-075-12\/#primaryimage\"},\"image\":{\"@id\":\"https:\/\/b2b.mvgd.pl\/index.php\/produkt\/calvet-spritz-bordelais-075-12\/#primaryimage\"},\"thumbnailUrl\":\"https:\/\/b2b.mvgd.pl\/wp-content\/uploads\/2026\/02\/spriz-1.png\",\"datePublished\":\"2026-02-16T18:53:17+00:00\",\"dateModified\":\"2026-02-16T18:55:13+00:00\",\"breadcrumb\":{\"@id\":\"https:\/\/b2b.mvgd.pl\/index.php\/produkt\/calvet-spritz-bordelais-075-12\/#breadcrumb\"},\"inLanguage\":\"pl-PL\",\"potentialAction\":[{\"@type\":\"ReadAction\",\"target\":[\"https:\/\/b2b.mvgd.pl\/index.php\/produkt\/calvet-spritz-bordelais-075-12\/\"]}]},{\"@type\":\"ImageObject\",\"inLanguage\":\"pl-PL\",\"@id\":\"https:\/\/b2b.mvgd.pl\/index.php\/produkt\/calvet-spritz-bordelais-075-12\/#primaryimage\",\"url\":\"https:\/\/b2b.mvgd.pl\/wp-content\/uploads\/2026\/02\/spriz-1.png\",\"contentUrl\":\"https:\/\/b2b.mvgd.pl\/wp-content\/uploads\/2026\/02\/spriz-1.png\",\"width\":900,\"height\":1200},{\"@type\":\"BreadcrumbList\",\"@id\":\"https:\/\/b2b.mvgd.pl\/index.php\/produkt\/calvet-spritz-bordelais-075-12\/#breadcrumb\",\"itemListElement\":[{\"@type\":\"ListItem\",\"position\":1,\"name\":\"Strona g\u0142\u00f3wna\",\"item\":\"https:\/\/b2b.mvgd.pl\/\"},{\"@type\":\"ListItem\",\"position\":2,\"name\":\"Shop\",\"item\":\"https:\/\/b2b.mvgd.pl\/index.php\/shop\/\"},{\"@type\":\"ListItem\",\"position\":3,\"name\":\"Calvet Spritz Bordelais 0,75 12%\"}]},{\"@type\":\"WebSite\",\"@id\":\"https:\/\/b2b.mvgd.pl\/#website\",\"url\":\"https:\/\/b2b.mvgd.pl\/\",\"name\":\"B2B MVGD PL\",\"description\":\"\",\"potentialAction\":[{\"@type\":\"SearchAction\",\"target\":{\"@type\":\"EntryPoint\",\"urlTemplate\":\"https:\/\/b2b.mvgd.pl\/?s={search_term_string}\"},\"query-input\":{\"@type\":\"PropertyValueSpecification\",\"valueRequired\":true,\"valueName\":\"search_term_string\"}}],\"inLanguage\":\"pl-PL\"}]}<\/script>\n<!-- \/ Yoast SEO plugin. -->","yoast_head_json":{"title":"Calvet Spritz Bordelais 0,75 12% - B2B MVGD PL","robots":{"index":"index","follow":"follow","max-snippet":"max-snippet:-1","max-image-preview":"max-image-preview:large","max-video-preview":"max-video-preview:-1"},"canonical":"https:\/\/b2b.mvgd.pl\/index.php\/produkt\/calvet-spritz-bordelais-075-12\/","og_locale":"pl_PL","og_type":"article","og_title":"Calvet Spritz Bordelais 0,75 12% - B2B MVGD PL","og_description":"Calvet Spritz Bordelais to wdzi\u0119czne po\u0142\u0105czenie kremowych b\u0105belk\u00f3w i wyrazistych nut pomara\u0144czy, podkre\u015blonych aromatycznym rozmarynem. To eleganckie spritz z Bordeaux, kt\u00f3ry \u0142\u0105czy tradycj\u0119 win musuj\u0105cych z orze\u017awiaj\u0105c\u0105 lekko\u015bci\u0105, tworz\u0105c uniwersalny i przyjemny aperitif.","og_url":"https:\/\/b2b.mvgd.pl\/index.php\/produkt\/calvet-spritz-bordelais-075-12\/","og_site_name":"B2B MVGD PL","article_modified_time":"2026-02-16T18:55:13+00:00","twitter_card":"summary_large_image","twitter_misc":{"Szacowany czas czytania":"1 minuta"},"schema":{"@context":"https:\/\/schema.org","@graph":[{"@type":"WebPage","@id":"https:\/\/b2b.mvgd.pl\/index.php\/produkt\/calvet-spritz-bordelais-075-12\/","url":"https:\/\/b2b.mvgd.pl\/index.php\/produkt\/calvet-spritz-bordelais-075-12\/","name":"Calvet Spritz Bordelais 0,75 12% - B2B MVGD PL","isPartOf":{"@id":"https:\/\/b2b.mvgd.pl\/#website"},"primaryImageOfPage":{"@id":"https:\/\/b2b.mvgd.pl\/index.php\/produkt\/calvet-spritz-bordelais-075-12\/#primaryimage"},"image":{"@id":"https:\/\/b2b.mvgd.pl\/index.php\/produkt\/calvet-spritz-bordelais-075-12\/#primaryimage"},"thumbnailUrl":"https:\/\/b2b.mvgd.pl\/wp-content\/uploads\/2026\/02\/spriz-1.png","datePublished":"2026-02-16T18:53:17+00:00","dateModified":"2026-02-16T18:55:13+00:00","breadcrumb":{"@id":"https:\/\/b2b.mvgd.pl\/index.php\/produkt\/calvet-spritz-bordelais-075-12\/#breadcrumb"},"inLanguage":"pl-PL","potentialAction":[{"@type":"ReadAction","target":["https:\/\/b2b.mvgd.pl\/index.php\/produkt\/calvet-spritz-bordelais-075-12\/"]}]},{"@type":"ImageObject","inLanguage":"pl-PL","@id":"https:\/\/b2b.mvgd.pl\/index.php\/produkt\/calvet-spritz-bordelais-075-12\/#primaryimage","url":"https:\/\/b2b.mvgd.pl\/wp-content\/uploads\/2026\/02\/spriz-1.png","contentUrl":"https:\/\/b2b.mvgd.pl\/wp-content\/uploads\/2026\/02\/spriz-1.png","width":900,"height":1200},{"@type":"BreadcrumbList","@id":"https:\/\/b2b.mvgd.pl\/index.php\/produkt\/calvet-spritz-bordelais-075-12\/#breadcrumb","itemListElement":[{"@type":"ListItem","position":1,"name":"Strona g\u0142\u00f3wna","item":"https:\/\/b2b.mvgd.pl\/"},{"@type":"ListItem","position":2,"name":"Shop","item":"https:\/\/b2b.mvgd.pl\/index.php\/shop\/"},{"@type":"ListItem","position":3,"name":"Calvet Spritz Bordelais 0,75 12%"}]},{"@type":"WebSite","@id":"https:\/\/b2b.mvgd.pl\/#website","url":"https:\/\/b2b.mvgd.pl\/","name":"B2B MVGD PL","description":"","potentialAction":[{"@type":"SearchAction","target":{"@type":"EntryPoint","urlTemplate":"https:\/\/b2b.mvgd.pl\/?s={search_term_string}"},"query-input":{"@type":"PropertyValueSpecification","valueRequired":true,"valueName":"search_term_string"}}],"inLanguage":"pl-PL"}]}},"jetpack_sharing_enabled":true,"_links":{"self":[{"href":"https:\/\/b2b.mvgd.pl\/index.php\/wp-json\/wp\/v2\/product\/757","targetHints":{"allow":["GET"]}}],"collection":[{"href":"https:\/\/b2b.mvgd.pl\/index.php\/wp-json\/wp\/v2\/product"}],"about":[{"href":"https:\/\/b2b.mvgd.pl\/index.php\/wp-json\/wp\/v2\/types\/product"}],"replies":[{"embeddable":true,"href":"https:\/\/b2b.mvgd.pl\/index.php\/wp-json\/wp\/v2\/comments?post=757"}],"version-history":[{"count":0,"href":"https:\/\/b2b.mvgd.pl\/index.php\/wp-json\/wp\/v2\/product\/757\/revisions"}],"wp:featuredmedia":[{"embeddable":true,"href":"https:\/\/b2b.mvgd.pl\/index.php\/wp-json\/wp\/v2\/media\/811"}],"wp:attachment":[{"href":"https:\/\/b2b.mvgd.pl\/index.php\/wp-json\/wp\/v2\/media?parent=757"}],"wp:term":[{"taxonomy":"product_brand","embeddable":true,"href":"https:\/\/b2b.mvgd.pl\/index.php\/wp-json\/wp\/v2\/product_brand?post=757"},{"taxonomy":"product_cat","embeddable":true,"href":"https:\/\/b2b.mvgd.pl\/index.php\/wp-json\/wp\/v2\/product_cat?post=757"},{"taxonomy":"product_tag","embeddable":true,"href":"https:\/\/b2b.mvgd.pl\/index.php\/wp-json\/wp\/v2\/product_tag?post=757"}],"curies":[{"name":"wp","href":"https:\/\/api.w.org\/{rel}","templated":true}]}}