{"id":755,"date":"2026-02-16T18:53:16","date_gmt":"2026-02-16T18:53:16","guid":{"rendered":"https:\/\/b2b.mvgd.pl\/?post_type=product&#038;p=755"},"modified":"2026-02-16T18:55:07","modified_gmt":"2026-02-16T18:55:07","slug":"calvet-conversation-bordeaux-075-14","status":"publish","type":"product","link":"https:\/\/b2b.mvgd.pl\/index.php\/produkt\/calvet-conversation-bordeaux-075-14\/","title":{"rendered":"Calvet Conversation Bordeaux 0,75 14%"},"content":{"rendered":"<p data-start=\"678\" data-end=\"752\"><span class=\"relative -mx-px my-[-0.2rem] rounded px-px py-[0.2rem] transition-colors duration-100 ease-in-out\">Calvet Conversation Bordeaux to m\u0142ode wino czerwone z renomowanego bordoskiego apelacji AOP Bordeaux. Blend Merlot i Cabernet Sauvignon (w proporcji 80\/20) tworzy styl klasycznego Bordeaux \u2013 owoce, mi\u0119kkie taniny i odrobina d\u0119bu. To wino stawia na owocowo\u015b\u0107 i profil przyst\u0119pny od razu po zakupie.<\/span><\/p>\n<ul data-start=\"798\" data-end=\"1045\">\n<li data-start=\"798\" data-end=\"877\">\n<p data-start=\"800\" data-end=\"877\"><span class=\"relative -mx-px my-[-0.2rem] rounded px-px py-[0.2rem] transition-colors duration-100 ease-in-out\"><strong data-start=\"0\" data-end=\"10\" data-is-only-node=\"\">Barwa:<\/strong> Jasny rubin z ceglastymi refleksami<\/span><\/p>\n<\/li>\n<li data-start=\"878\" data-end=\"961\">\n<p data-start=\"880\" data-end=\"961\"><span class=\"relative -mx-px my-[-0.2rem] rounded px-px py-[0.2rem] transition-colors duration-100 ease-in-out\"><strong data-start=\"0\" data-end=\"8\" data-is-only-node=\"\">Nos:<\/strong> Owocowy bukiet \u2013 czarne i czerwone owoce (\u015bliwka, porzeczka) z nut\u0105 wanilii<\/span><\/p>\n<\/li>\n<li data-start=\"962\" data-end=\"1045\">\n<p data-start=\"964\" data-end=\"1045\"><span class=\"relative -mx-px my-[-0.2rem] rounded px-px py-[0.2rem] transition-colors duration-100 ease-in-out\"><strong data-start=\"0\" data-end=\"9\" data-is-only-node=\"\">Usta:<\/strong> G\u0142adkie, pe\u0142ne w ustach, dobrze zbalansowane, z delikatnymi taninami i subtelnymi przyprawami<\/span><\/p>\n<\/li>\n<\/ul>\n<p data-start=\"1072\" data-end=\"1151\"><span class=\"relative -mx-px my-[-0.2rem] rounded px-px py-[0.2rem] transition-colors duration-100 ease-in-out\">To wino m\u0142ode (MeCS), bez wyd\u0142u\u017conego le\u017cakowania \u2013 powsta\u0142o, by pi\u0107 je wkr\u00f3tce po butelkowaniu.<\/span><\/p>\n<p data-start=\"1183\" data-end=\"1222\"><span class=\"relative -mx-px my-[-0.2rem] rounded px-px py-[0.2rem] transition-colors duration-100 ease-in-out\">Nie wymaga dekantowania \u2013 mo\u017cna otworzy\u0107 i pi\u0107 od razu.<\/span><\/p>\n<p data-start=\"1261\" data-end=\"1273\">Pasuje do:<\/p>\n<ul data-start=\"1274\" data-end=\"1426\">\n<li data-start=\"1274\" data-end=\"1317\">\n<p data-start=\"1276\" data-end=\"1317\"><span class=\"relative -mx-px my-[-0.2rem] rounded px-px py-[0.2rem] transition-colors duration-100 ease-in-out\">czerwonego mi\u0119sa (wo\u0142owina, dziczyzna)<\/span><\/p>\n<\/li>\n<li data-start=\"1318\" data-end=\"1361\">\n<p data-start=\"1320\" data-end=\"1361\"><span class=\"relative -mx-px my-[-0.2rem] rounded px-px py-[0.2rem] transition-colors duration-100 ease-in-out\">grillowanych potraw i pizzy<\/span><\/p>\n<\/li>\n<li data-start=\"1362\" data-end=\"1405\">\n<p data-start=\"1364\" data-end=\"1405\"><span class=\"relative -mx-px my-[-0.2rem] rounded px-px py-[0.2rem] transition-colors duration-100 ease-in-out\">da\u0144 w sosach<\/span><\/p>\n<\/li>\n<li data-start=\"1406\" data-end=\"1426\">\n<p data-start=\"1408\" data-end=\"1426\">dojrza\u0142ych ser\u00f3w<\/p>\n<\/li>\n<\/ul>\n<p data-start=\"1428\" data-end=\"1507\"><span class=\"relative -mx-px my-[-0.2rem] rounded px-px py-[0.2rem] transition-colors duration-100 ease-in-out\">Idealne po\u0142\u0105czenie z potrawami na ciep\u0142o i wyrazistym smakiem.<\/span><\/p>\n<p data-start=\"1547\" data-end=\"1607\">16\u201318\u202f\u00b0C \u2013 aby uwydatni\u0107 aromaty owoc\u00f3w i r\u00f3wnowag\u0119 w smaku.<\/p>\n<p data-start=\"1646\" data-end=\"1754\">To wino m\u0142ode \u2013 najlepiej spo\u017cy\u0107 w ci\u0105gu 2\u20133 lat od rocznika, by zachowa\u0107 jego \u015bwie\u017co\u015b\u0107 i owocowy charakter.<\/p>\n","protected":false},"excerpt":{"rendered":"<p data-start=\"1784\" data-end=\"2161\"><strong data-start=\"1784\" data-end=\"1816\">Calvet Conversation Bordeaux<\/strong> (MeCS) to m\u0142ody, owocowy blend (80% Merlot, 20% Cabernet Sauvignon), o rubinowej barwie, delikatnych taninach i nutach czarnych owoc\u00f3w z lekk\u0105 wanili\u0105. Zawiera oko\u0142o 14\u202f% alkoholu i pochodzi z AOP Bordeaux. To wszechstronne, dobrze zbalansowane wino idealne do mi\u0119siw, pizz i sera \u2013 \u015bwietne jako codzienne, acz eleganckie uzupe\u0142nienie posi\u0142k\u00f3w.<\/p>\n","protected":false},"featured_media":809,"comment_status":"closed","ping_status":"closed","template":"","meta":[],"product_brand":[],"product_cat":[950,676],"product_tag":[763,951,737,681,320],"class_list":{"0":"post-755","1":"product","2":"type-product","3":"status-publish","4":"has-post-thumbnail","6":"product_cat-bordeaux","7":"product_cat-francja","8":"product_tag-cabernet-sauvignon","9":"product_tag-calvet","10":"product_tag-czerwone","11":"product_tag-francja","12":"product_tag-wino","14":"first","15":"instock","16":"shipping-taxable","17":"purchasable","18":"product-type-simple"},"yoast_head":"<!-- This site is optimized with the Yoast SEO plugin v26.9 - https:\/\/yoast.com\/product\/yoast-seo-wordpress\/ -->\n<title>Calvet Conversation Bordeaux 0,75 14% - B2B MVGD PL<\/title>\n<meta name=\"robots\" content=\"index, follow, max-snippet:-1, max-image-preview:large, max-video-preview:-1\" \/>\n<link rel=\"canonical\" href=\"https:\/\/b2b.mvgd.pl\/index.php\/produkt\/calvet-conversation-bordeaux-075-14\/\" \/>\n<meta property=\"og:locale\" content=\"pl_PL\" \/>\n<meta property=\"og:type\" content=\"article\" \/>\n<meta property=\"og:title\" content=\"Calvet Conversation Bordeaux 0,75 14% - B2B MVGD PL\" \/>\n<meta property=\"og:description\" content=\"Calvet Conversation Bordeaux (MeCS) to m\u0142ody, owocowy blend (80% Merlot, 20% Cabernet Sauvignon), o rubinowej barwie, delikatnych taninach i nutach czarnych owoc\u00f3w z lekk\u0105 wanili\u0105. Zawiera oko\u0142o 14\u202f% alkoholu i pochodzi z AOP Bordeaux. To wszechstronne, dobrze zbalansowane wino idealne do mi\u0119siw, pizz i sera \u2013 \u015bwietne jako codzienne, acz eleganckie uzupe\u0142nienie posi\u0142k\u00f3w.\" \/>\n<meta property=\"og:url\" content=\"https:\/\/b2b.mvgd.pl\/index.php\/produkt\/calvet-conversation-bordeaux-075-14\/\" \/>\n<meta property=\"og:site_name\" content=\"B2B MVGD PL\" \/>\n<meta property=\"article:modified_time\" content=\"2026-02-16T18:55:07+00:00\" \/>\n<meta name=\"twitter:card\" content=\"summary_large_image\" \/>\n<meta name=\"twitter:label1\" content=\"Szacowany czas czytania\" \/>\n\t<meta name=\"twitter:data1\" content=\"1 minuta\" \/>\n<script type=\"application\/ld+json\" class=\"yoast-schema-graph\">{\"@context\":\"https:\/\/schema.org\",\"@graph\":[{\"@type\":\"WebPage\",\"@id\":\"https:\/\/b2b.mvgd.pl\/index.php\/produkt\/calvet-conversation-bordeaux-075-14\/\",\"url\":\"https:\/\/b2b.mvgd.pl\/index.php\/produkt\/calvet-conversation-bordeaux-075-14\/\",\"name\":\"Calvet Conversation Bordeaux 0,75 14% - B2B MVGD PL\",\"isPartOf\":{\"@id\":\"https:\/\/b2b.mvgd.pl\/#website\"},\"primaryImageOfPage\":{\"@id\":\"https:\/\/b2b.mvgd.pl\/index.php\/produkt\/calvet-conversation-bordeaux-075-14\/#primaryimage\"},\"image\":{\"@id\":\"https:\/\/b2b.mvgd.pl\/index.php\/produkt\/calvet-conversation-bordeaux-075-14\/#primaryimage\"},\"thumbnailUrl\":\"https:\/\/b2b.mvgd.pl\/wp-content\/uploads\/2026\/02\/cabernet-sauvignon.png\",\"datePublished\":\"2026-02-16T18:53:16+00:00\",\"dateModified\":\"2026-02-16T18:55:07+00:00\",\"breadcrumb\":{\"@id\":\"https:\/\/b2b.mvgd.pl\/index.php\/produkt\/calvet-conversation-bordeaux-075-14\/#breadcrumb\"},\"inLanguage\":\"pl-PL\",\"potentialAction\":[{\"@type\":\"ReadAction\",\"target\":[\"https:\/\/b2b.mvgd.pl\/index.php\/produkt\/calvet-conversation-bordeaux-075-14\/\"]}]},{\"@type\":\"ImageObject\",\"inLanguage\":\"pl-PL\",\"@id\":\"https:\/\/b2b.mvgd.pl\/index.php\/produkt\/calvet-conversation-bordeaux-075-14\/#primaryimage\",\"url\":\"https:\/\/b2b.mvgd.pl\/wp-content\/uploads\/2026\/02\/cabernet-sauvignon.png\",\"contentUrl\":\"https:\/\/b2b.mvgd.pl\/wp-content\/uploads\/2026\/02\/cabernet-sauvignon.png\",\"width\":900,\"height\":1200},{\"@type\":\"BreadcrumbList\",\"@id\":\"https:\/\/b2b.mvgd.pl\/index.php\/produkt\/calvet-conversation-bordeaux-075-14\/#breadcrumb\",\"itemListElement\":[{\"@type\":\"ListItem\",\"position\":1,\"name\":\"Strona g\u0142\u00f3wna\",\"item\":\"https:\/\/b2b.mvgd.pl\/\"},{\"@type\":\"ListItem\",\"position\":2,\"name\":\"Shop\",\"item\":\"https:\/\/b2b.mvgd.pl\/index.php\/shop\/\"},{\"@type\":\"ListItem\",\"position\":3,\"name\":\"Calvet Conversation Bordeaux 0,75 14%\"}]},{\"@type\":\"WebSite\",\"@id\":\"https:\/\/b2b.mvgd.pl\/#website\",\"url\":\"https:\/\/b2b.mvgd.pl\/\",\"name\":\"B2B MVGD PL\",\"description\":\"\",\"potentialAction\":[{\"@type\":\"SearchAction\",\"target\":{\"@type\":\"EntryPoint\",\"urlTemplate\":\"https:\/\/b2b.mvgd.pl\/?s={search_term_string}\"},\"query-input\":{\"@type\":\"PropertyValueSpecification\",\"valueRequired\":true,\"valueName\":\"search_term_string\"}}],\"inLanguage\":\"pl-PL\"}]}<\/script>\n<!-- \/ Yoast SEO plugin. -->","yoast_head_json":{"title":"Calvet Conversation Bordeaux 0,75 14% - B2B MVGD PL","robots":{"index":"index","follow":"follow","max-snippet":"max-snippet:-1","max-image-preview":"max-image-preview:large","max-video-preview":"max-video-preview:-1"},"canonical":"https:\/\/b2b.mvgd.pl\/index.php\/produkt\/calvet-conversation-bordeaux-075-14\/","og_locale":"pl_PL","og_type":"article","og_title":"Calvet Conversation Bordeaux 0,75 14% - B2B MVGD PL","og_description":"Calvet Conversation Bordeaux (MeCS) to m\u0142ody, owocowy blend (80% Merlot, 20% Cabernet Sauvignon), o rubinowej barwie, delikatnych taninach i nutach czarnych owoc\u00f3w z lekk\u0105 wanili\u0105. Zawiera oko\u0142o 14\u202f% alkoholu i pochodzi z AOP Bordeaux. To wszechstronne, dobrze zbalansowane wino idealne do mi\u0119siw, pizz i sera \u2013 \u015bwietne jako codzienne, acz eleganckie uzupe\u0142nienie posi\u0142k\u00f3w.","og_url":"https:\/\/b2b.mvgd.pl\/index.php\/produkt\/calvet-conversation-bordeaux-075-14\/","og_site_name":"B2B MVGD PL","article_modified_time":"2026-02-16T18:55:07+00:00","twitter_card":"summary_large_image","twitter_misc":{"Szacowany czas czytania":"1 minuta"},"schema":{"@context":"https:\/\/schema.org","@graph":[{"@type":"WebPage","@id":"https:\/\/b2b.mvgd.pl\/index.php\/produkt\/calvet-conversation-bordeaux-075-14\/","url":"https:\/\/b2b.mvgd.pl\/index.php\/produkt\/calvet-conversation-bordeaux-075-14\/","name":"Calvet Conversation Bordeaux 0,75 14% - B2B MVGD PL","isPartOf":{"@id":"https:\/\/b2b.mvgd.pl\/#website"},"primaryImageOfPage":{"@id":"https:\/\/b2b.mvgd.pl\/index.php\/produkt\/calvet-conversation-bordeaux-075-14\/#primaryimage"},"image":{"@id":"https:\/\/b2b.mvgd.pl\/index.php\/produkt\/calvet-conversation-bordeaux-075-14\/#primaryimage"},"thumbnailUrl":"https:\/\/b2b.mvgd.pl\/wp-content\/uploads\/2026\/02\/cabernet-sauvignon.png","datePublished":"2026-02-16T18:53:16+00:00","dateModified":"2026-02-16T18:55:07+00:00","breadcrumb":{"@id":"https:\/\/b2b.mvgd.pl\/index.php\/produkt\/calvet-conversation-bordeaux-075-14\/#breadcrumb"},"inLanguage":"pl-PL","potentialAction":[{"@type":"ReadAction","target":["https:\/\/b2b.mvgd.pl\/index.php\/produkt\/calvet-conversation-bordeaux-075-14\/"]}]},{"@type":"ImageObject","inLanguage":"pl-PL","@id":"https:\/\/b2b.mvgd.pl\/index.php\/produkt\/calvet-conversation-bordeaux-075-14\/#primaryimage","url":"https:\/\/b2b.mvgd.pl\/wp-content\/uploads\/2026\/02\/cabernet-sauvignon.png","contentUrl":"https:\/\/b2b.mvgd.pl\/wp-content\/uploads\/2026\/02\/cabernet-sauvignon.png","width":900,"height":1200},{"@type":"BreadcrumbList","@id":"https:\/\/b2b.mvgd.pl\/index.php\/produkt\/calvet-conversation-bordeaux-075-14\/#breadcrumb","itemListElement":[{"@type":"ListItem","position":1,"name":"Strona g\u0142\u00f3wna","item":"https:\/\/b2b.mvgd.pl\/"},{"@type":"ListItem","position":2,"name":"Shop","item":"https:\/\/b2b.mvgd.pl\/index.php\/shop\/"},{"@type":"ListItem","position":3,"name":"Calvet Conversation Bordeaux 0,75 14%"}]},{"@type":"WebSite","@id":"https:\/\/b2b.mvgd.pl\/#website","url":"https:\/\/b2b.mvgd.pl\/","name":"B2B MVGD PL","description":"","potentialAction":[{"@type":"SearchAction","target":{"@type":"EntryPoint","urlTemplate":"https:\/\/b2b.mvgd.pl\/?s={search_term_string}"},"query-input":{"@type":"PropertyValueSpecification","valueRequired":true,"valueName":"search_term_string"}}],"inLanguage":"pl-PL"}]}},"jetpack_sharing_enabled":true,"_links":{"self":[{"href":"https:\/\/b2b.mvgd.pl\/index.php\/wp-json\/wp\/v2\/product\/755","targetHints":{"allow":["GET"]}}],"collection":[{"href":"https:\/\/b2b.mvgd.pl\/index.php\/wp-json\/wp\/v2\/product"}],"about":[{"href":"https:\/\/b2b.mvgd.pl\/index.php\/wp-json\/wp\/v2\/types\/product"}],"replies":[{"embeddable":true,"href":"https:\/\/b2b.mvgd.pl\/index.php\/wp-json\/wp\/v2\/comments?post=755"}],"version-history":[{"count":0,"href":"https:\/\/b2b.mvgd.pl\/index.php\/wp-json\/wp\/v2\/product\/755\/revisions"}],"wp:featuredmedia":[{"embeddable":true,"href":"https:\/\/b2b.mvgd.pl\/index.php\/wp-json\/wp\/v2\/media\/809"}],"wp:attachment":[{"href":"https:\/\/b2b.mvgd.pl\/index.php\/wp-json\/wp\/v2\/media?parent=755"}],"wp:term":[{"taxonomy":"product_brand","embeddable":true,"href":"https:\/\/b2b.mvgd.pl\/index.php\/wp-json\/wp\/v2\/product_brand?post=755"},{"taxonomy":"product_cat","embeddable":true,"href":"https:\/\/b2b.mvgd.pl\/index.php\/wp-json\/wp\/v2\/product_cat?post=755"},{"taxonomy":"product_tag","embeddable":true,"href":"https:\/\/b2b.mvgd.pl\/index.php\/wp-json\/wp\/v2\/product_tag?post=755"}],"curies":[{"name":"wp","href":"https:\/\/api.w.org\/{rel}","templated":true}]}}