{"id":754,"date":"2026-02-16T18:53:16","date_gmt":"2026-02-16T18:53:16","guid":{"rendered":"https:\/\/b2b.mvgd.pl\/?post_type=product&#038;p=754"},"modified":"2026-02-16T18:55:03","modified_gmt":"2026-02-16T18:55:03","slug":"calvet-conversation-sauvignon-blanc-075-12","status":"publish","type":"product","link":"https:\/\/b2b.mvgd.pl\/index.php\/produkt\/calvet-conversation-sauvignon-blanc-075-12\/","title":{"rendered":"Calvet Conversation Sauvignon Blanc 0,75 12%"},"content":{"rendered":"<p data-start=\"466\" data-end=\"542\"><span class=\"relative -mx-px my-[-0.2rem] rounded px-px py-[0.2rem] transition-colors duration-100 ease-in-out\">Calvet Conversation Sauvignon Blanc to \u015bwie\u017ce i wywa\u017cone wino bia\u0142e, pochodz\u0105ce z klasycznej apelacji Bordeaux. Produkowane z czystego szczepu Sauvignon Blanc, reprezentuje klasyczny styl regionu \u2013 rze\u015bki, owocowy i harmonijny<\/span><\/p>\n<ul data-start=\"583\" data-end=\"826\">\n<li data-start=\"583\" data-end=\"662\">\n<p data-start=\"585\" data-end=\"662\"><span class=\"relative -mx-px my-[-0.2rem] rounded px-px py-[0.2rem] transition-colors duration-100 ease-in-out\"><strong data-start=\"0\" data-end=\"10\" data-is-only-node=\"\">Barwa:<\/strong> Jasno\u2011\u017c\u00f3\u0142ta z zielonkawymi refleksami \u2013 krystaliczna i klarowna<\/span><\/p>\n<\/li>\n<li data-start=\"663\" data-end=\"742\">\n<p data-start=\"665\" data-end=\"742\"><span class=\"relative -mx-px my-[-0.2rem] rounded px-px py-[0.2rem] transition-colors duration-100 ease-in-out\"><strong data-start=\"0\" data-end=\"8\" data-is-only-node=\"\">Nos:<\/strong> Delikatne aromaty owoc\u00f3w bia\u0142ych i cytrus\u00f3w \u2013 grejpfruta, bia\u0142ych kwiat\u00f3w i brzoskwini<\/span><\/p>\n<\/li>\n<li data-start=\"743\" data-end=\"826\">\n<p data-start=\"745\" data-end=\"826\"><span class=\"relative -mx-px my-[-0.2rem] rounded px-px py-[0.2rem] transition-colors duration-100 ease-in-out\"><strong data-start=\"0\" data-end=\"9\" data-is-only-node=\"\">Usta:<\/strong> \u015awie\u017ce i \u017cywe, z nutami owocowymi i cytrusowymi, dobrze zbalansowan\u0105 kwasowo\u015bci\u0105 i czystym, rze\u015bkim finiszem<\/span><\/p>\n<\/li>\n<\/ul>\n<p data-start=\"848\" data-end=\"928\"><span class=\"relative -mx-px my-[-0.2rem] rounded px-px py-[0.2rem] transition-colors duration-100 ease-in-out\">Zosta\u0142o wyprodukowane i przeznaczone do szybkiego spo\u017cycia. Wino by\u0142o ch\u0142odzone i fermentowane w stalowych kadziach z osadem dro\u017cd\u017cowym, co podkre\u015bla czysto\u015b\u0107 i \u015bwie\u017co\u015b\u0107 charakteru<\/span> .<\/p>\n<p data-start=\"955\" data-end=\"994\"><span class=\"relative -mx-px my-[-0.2rem] rounded px-px py-[0.2rem] transition-colors duration-100 ease-in-out\">Nie wymaga dekantowania \u2013 gotowe do spo\u017cycia zaraz po sch\u0142odzeniu.<\/span><\/p>\n<p data-start=\"1028\" data-end=\"1108\"><span class=\"relative -mx-px my-[-0.2rem] rounded px-px py-[0.2rem] transition-colors duration-100 ease-in-out\">\u015awietny jako aperitif \u2013 doskonale sprawdzi si\u0119 z owocami morza (ostrygi, krewetki), lekkimi sa\u0142atkami, grillowanym kurczakiem, delikatnymi serami (np. Pireneje), a tak\u017ce do sushi czy tapas.<\/span><\/p>\n<p data-start=\"1143\" data-end=\"1224\"><span class=\"relative -mx-px my-[-0.2rem] rounded px-px py-[0.2rem] transition-colors duration-100 ease-in-out\">Optymalnie: <strong data-start=\"12\" data-end=\"24\" data-is-last-node=\"\">10\u201312\u202f\u00b0C<\/strong><\/span><\/p>\n<p data-start=\"1258\" data-end=\"1379\">Wino przeznaczone do spo\u017cywania m\u0142ode \u2013 najlepiej w ci\u0105gu 1\u20132 lat od zakupu, by zachowa\u0107 jego charakterystyczn\u0105 \u015bwie\u017co\u015b\u0107.<\/p>\n","protected":false},"excerpt":{"rendered":"<p data-start=\"1508\" data-end=\"1832\"><strong data-start=\"1405\" data-end=\"1453\">Calvet Conversation Sauvignon Blanc Bordeaux<\/strong> to klasyczne, rze\u015bkie wino z AOP Bordeaux, o zawarto\u015bci alkoholu ok. 12\u201312,5\u202f%. W 100% z Sauvignon Blanc, prezentuje aromaty cytrus\u00f3w i bia\u0142ych kwiat\u00f3w, \u015bwie\u017c\u0105 struktur\u0119 i czysty, owocowy finisz. Idealnie sprawdzi si\u0119 jako aperitif lub w towarzystwie lekkich da\u0144 i owoc\u00f3w morza.<\/p>\n","protected":false},"featured_media":808,"comment_status":"closed","ping_status":"closed","template":"","meta":[],"product_brand":[],"product_cat":[950,676],"product_tag":[757,681,320,577],"class_list":{"0":"post-754","1":"product","2":"type-product","3":"status-publish","4":"has-post-thumbnail","6":"product_cat-bordeaux","7":"product_cat-francja","8":"product_tag-biale","9":"product_tag-francja","10":"product_tag-wino","11":"product_tag-wino-biale","13":"first","14":"instock","15":"shipping-taxable","16":"purchasable","17":"product-type-simple"},"yoast_head":"<!-- This site is optimized with the Yoast SEO plugin v26.9 - https:\/\/yoast.com\/product\/yoast-seo-wordpress\/ -->\n<title>Calvet Conversation Sauvignon Blanc 0,75 12% - B2B MVGD PL<\/title>\n<meta name=\"robots\" content=\"index, follow, max-snippet:-1, max-image-preview:large, max-video-preview:-1\" \/>\n<link rel=\"canonical\" href=\"https:\/\/b2b.mvgd.pl\/index.php\/produkt\/calvet-conversation-sauvignon-blanc-075-12\/\" \/>\n<meta property=\"og:locale\" content=\"pl_PL\" \/>\n<meta property=\"og:type\" content=\"article\" \/>\n<meta property=\"og:title\" content=\"Calvet Conversation Sauvignon Blanc 0,75 12% - B2B MVGD PL\" \/>\n<meta property=\"og:description\" content=\"Calvet Conversation Sauvignon Blanc Bordeaux to klasyczne, rze\u015bkie wino z AOP Bordeaux, o zawarto\u015bci alkoholu ok. 12\u201312,5\u202f%. W 100% z Sauvignon Blanc, prezentuje aromaty cytrus\u00f3w i bia\u0142ych kwiat\u00f3w, \u015bwie\u017c\u0105 struktur\u0119 i czysty, owocowy finisz. Idealnie sprawdzi si\u0119 jako aperitif lub w towarzystwie lekkich da\u0144 i owoc\u00f3w morza.\" \/>\n<meta property=\"og:url\" content=\"https:\/\/b2b.mvgd.pl\/index.php\/produkt\/calvet-conversation-sauvignon-blanc-075-12\/\" \/>\n<meta property=\"og:site_name\" content=\"B2B MVGD PL\" \/>\n<meta property=\"article:modified_time\" content=\"2026-02-16T18:55:03+00:00\" \/>\n<meta name=\"twitter:card\" content=\"summary_large_image\" \/>\n<meta name=\"twitter:label1\" content=\"Szacowany czas czytania\" \/>\n\t<meta name=\"twitter:data1\" content=\"1 minuta\" \/>\n<script type=\"application\/ld+json\" class=\"yoast-schema-graph\">{\"@context\":\"https:\/\/schema.org\",\"@graph\":[{\"@type\":\"WebPage\",\"@id\":\"https:\/\/b2b.mvgd.pl\/index.php\/produkt\/calvet-conversation-sauvignon-blanc-075-12\/\",\"url\":\"https:\/\/b2b.mvgd.pl\/index.php\/produkt\/calvet-conversation-sauvignon-blanc-075-12\/\",\"name\":\"Calvet Conversation Sauvignon Blanc 0,75 12% - B2B MVGD PL\",\"isPartOf\":{\"@id\":\"https:\/\/b2b.mvgd.pl\/#website\"},\"primaryImageOfPage\":{\"@id\":\"https:\/\/b2b.mvgd.pl\/index.php\/produkt\/calvet-conversation-sauvignon-blanc-075-12\/#primaryimage\"},\"image\":{\"@id\":\"https:\/\/b2b.mvgd.pl\/index.php\/produkt\/calvet-conversation-sauvignon-blanc-075-12\/#primaryimage\"},\"thumbnailUrl\":\"https:\/\/b2b.mvgd.pl\/wp-content\/uploads\/2026\/02\/sauvignon-blanc.png\",\"datePublished\":\"2026-02-16T18:53:16+00:00\",\"dateModified\":\"2026-02-16T18:55:03+00:00\",\"breadcrumb\":{\"@id\":\"https:\/\/b2b.mvgd.pl\/index.php\/produkt\/calvet-conversation-sauvignon-blanc-075-12\/#breadcrumb\"},\"inLanguage\":\"pl-PL\",\"potentialAction\":[{\"@type\":\"ReadAction\",\"target\":[\"https:\/\/b2b.mvgd.pl\/index.php\/produkt\/calvet-conversation-sauvignon-blanc-075-12\/\"]}]},{\"@type\":\"ImageObject\",\"inLanguage\":\"pl-PL\",\"@id\":\"https:\/\/b2b.mvgd.pl\/index.php\/produkt\/calvet-conversation-sauvignon-blanc-075-12\/#primaryimage\",\"url\":\"https:\/\/b2b.mvgd.pl\/wp-content\/uploads\/2026\/02\/sauvignon-blanc.png\",\"contentUrl\":\"https:\/\/b2b.mvgd.pl\/wp-content\/uploads\/2026\/02\/sauvignon-blanc.png\",\"width\":900,\"height\":1200},{\"@type\":\"BreadcrumbList\",\"@id\":\"https:\/\/b2b.mvgd.pl\/index.php\/produkt\/calvet-conversation-sauvignon-blanc-075-12\/#breadcrumb\",\"itemListElement\":[{\"@type\":\"ListItem\",\"position\":1,\"name\":\"Strona g\u0142\u00f3wna\",\"item\":\"https:\/\/b2b.mvgd.pl\/\"},{\"@type\":\"ListItem\",\"position\":2,\"name\":\"Shop\",\"item\":\"https:\/\/b2b.mvgd.pl\/index.php\/shop\/\"},{\"@type\":\"ListItem\",\"position\":3,\"name\":\"Calvet Conversation Sauvignon Blanc 0,75 12%\"}]},{\"@type\":\"WebSite\",\"@id\":\"https:\/\/b2b.mvgd.pl\/#website\",\"url\":\"https:\/\/b2b.mvgd.pl\/\",\"name\":\"B2B MVGD PL\",\"description\":\"\",\"potentialAction\":[{\"@type\":\"SearchAction\",\"target\":{\"@type\":\"EntryPoint\",\"urlTemplate\":\"https:\/\/b2b.mvgd.pl\/?s={search_term_string}\"},\"query-input\":{\"@type\":\"PropertyValueSpecification\",\"valueRequired\":true,\"valueName\":\"search_term_string\"}}],\"inLanguage\":\"pl-PL\"}]}<\/script>\n<!-- \/ Yoast SEO plugin. -->","yoast_head_json":{"title":"Calvet Conversation Sauvignon Blanc 0,75 12% - B2B MVGD PL","robots":{"index":"index","follow":"follow","max-snippet":"max-snippet:-1","max-image-preview":"max-image-preview:large","max-video-preview":"max-video-preview:-1"},"canonical":"https:\/\/b2b.mvgd.pl\/index.php\/produkt\/calvet-conversation-sauvignon-blanc-075-12\/","og_locale":"pl_PL","og_type":"article","og_title":"Calvet Conversation Sauvignon Blanc 0,75 12% - B2B MVGD PL","og_description":"Calvet Conversation Sauvignon Blanc Bordeaux to klasyczne, rze\u015bkie wino z AOP Bordeaux, o zawarto\u015bci alkoholu ok. 12\u201312,5\u202f%. W 100% z Sauvignon Blanc, prezentuje aromaty cytrus\u00f3w i bia\u0142ych kwiat\u00f3w, \u015bwie\u017c\u0105 struktur\u0119 i czysty, owocowy finisz. Idealnie sprawdzi si\u0119 jako aperitif lub w towarzystwie lekkich da\u0144 i owoc\u00f3w morza.","og_url":"https:\/\/b2b.mvgd.pl\/index.php\/produkt\/calvet-conversation-sauvignon-blanc-075-12\/","og_site_name":"B2B MVGD PL","article_modified_time":"2026-02-16T18:55:03+00:00","twitter_card":"summary_large_image","twitter_misc":{"Szacowany czas czytania":"1 minuta"},"schema":{"@context":"https:\/\/schema.org","@graph":[{"@type":"WebPage","@id":"https:\/\/b2b.mvgd.pl\/index.php\/produkt\/calvet-conversation-sauvignon-blanc-075-12\/","url":"https:\/\/b2b.mvgd.pl\/index.php\/produkt\/calvet-conversation-sauvignon-blanc-075-12\/","name":"Calvet Conversation Sauvignon Blanc 0,75 12% - B2B MVGD PL","isPartOf":{"@id":"https:\/\/b2b.mvgd.pl\/#website"},"primaryImageOfPage":{"@id":"https:\/\/b2b.mvgd.pl\/index.php\/produkt\/calvet-conversation-sauvignon-blanc-075-12\/#primaryimage"},"image":{"@id":"https:\/\/b2b.mvgd.pl\/index.php\/produkt\/calvet-conversation-sauvignon-blanc-075-12\/#primaryimage"},"thumbnailUrl":"https:\/\/b2b.mvgd.pl\/wp-content\/uploads\/2026\/02\/sauvignon-blanc.png","datePublished":"2026-02-16T18:53:16+00:00","dateModified":"2026-02-16T18:55:03+00:00","breadcrumb":{"@id":"https:\/\/b2b.mvgd.pl\/index.php\/produkt\/calvet-conversation-sauvignon-blanc-075-12\/#breadcrumb"},"inLanguage":"pl-PL","potentialAction":[{"@type":"ReadAction","target":["https:\/\/b2b.mvgd.pl\/index.php\/produkt\/calvet-conversation-sauvignon-blanc-075-12\/"]}]},{"@type":"ImageObject","inLanguage":"pl-PL","@id":"https:\/\/b2b.mvgd.pl\/index.php\/produkt\/calvet-conversation-sauvignon-blanc-075-12\/#primaryimage","url":"https:\/\/b2b.mvgd.pl\/wp-content\/uploads\/2026\/02\/sauvignon-blanc.png","contentUrl":"https:\/\/b2b.mvgd.pl\/wp-content\/uploads\/2026\/02\/sauvignon-blanc.png","width":900,"height":1200},{"@type":"BreadcrumbList","@id":"https:\/\/b2b.mvgd.pl\/index.php\/produkt\/calvet-conversation-sauvignon-blanc-075-12\/#breadcrumb","itemListElement":[{"@type":"ListItem","position":1,"name":"Strona g\u0142\u00f3wna","item":"https:\/\/b2b.mvgd.pl\/"},{"@type":"ListItem","position":2,"name":"Shop","item":"https:\/\/b2b.mvgd.pl\/index.php\/shop\/"},{"@type":"ListItem","position":3,"name":"Calvet Conversation Sauvignon Blanc 0,75 12%"}]},{"@type":"WebSite","@id":"https:\/\/b2b.mvgd.pl\/#website","url":"https:\/\/b2b.mvgd.pl\/","name":"B2B MVGD PL","description":"","potentialAction":[{"@type":"SearchAction","target":{"@type":"EntryPoint","urlTemplate":"https:\/\/b2b.mvgd.pl\/?s={search_term_string}"},"query-input":{"@type":"PropertyValueSpecification","valueRequired":true,"valueName":"search_term_string"}}],"inLanguage":"pl-PL"}]}},"jetpack_sharing_enabled":true,"_links":{"self":[{"href":"https:\/\/b2b.mvgd.pl\/index.php\/wp-json\/wp\/v2\/product\/754","targetHints":{"allow":["GET"]}}],"collection":[{"href":"https:\/\/b2b.mvgd.pl\/index.php\/wp-json\/wp\/v2\/product"}],"about":[{"href":"https:\/\/b2b.mvgd.pl\/index.php\/wp-json\/wp\/v2\/types\/product"}],"replies":[{"embeddable":true,"href":"https:\/\/b2b.mvgd.pl\/index.php\/wp-json\/wp\/v2\/comments?post=754"}],"version-history":[{"count":0,"href":"https:\/\/b2b.mvgd.pl\/index.php\/wp-json\/wp\/v2\/product\/754\/revisions"}],"wp:featuredmedia":[{"embeddable":true,"href":"https:\/\/b2b.mvgd.pl\/index.php\/wp-json\/wp\/v2\/media\/808"}],"wp:attachment":[{"href":"https:\/\/b2b.mvgd.pl\/index.php\/wp-json\/wp\/v2\/media?parent=754"}],"wp:term":[{"taxonomy":"product_brand","embeddable":true,"href":"https:\/\/b2b.mvgd.pl\/index.php\/wp-json\/wp\/v2\/product_brand?post=754"},{"taxonomy":"product_cat","embeddable":true,"href":"https:\/\/b2b.mvgd.pl\/index.php\/wp-json\/wp\/v2\/product_cat?post=754"},{"taxonomy":"product_tag","embeddable":true,"href":"https:\/\/b2b.mvgd.pl\/index.php\/wp-json\/wp\/v2\/product_tag?post=754"}],"curies":[{"name":"wp","href":"https:\/\/api.w.org\/{rel}","templated":true}]}}