{"id":753,"date":"2026-02-16T18:53:16","date_gmt":"2026-02-16T18:53:16","guid":{"rendered":"https:\/\/b2b.mvgd.pl\/?post_type=product&#038;p=753"},"modified":"2026-02-16T18:54:59","modified_gmt":"2026-02-16T18:54:59","slug":"calvet-celebration-brut-rose-075-l-115","status":"publish","type":"product","link":"https:\/\/b2b.mvgd.pl\/index.php\/produkt\/calvet-celebration-brut-rose-075-l-115\/","title":{"rendered":"Calvet Celebration Brut Rose 0,75\u202fl 11,5%"},"content":{"rendered":"<p data-start=\"545\" data-end=\"641\"><strong data-start=\"545\" data-end=\"561\">Opis og\u00f3lny:<\/strong><br data-start=\"561\" data-end=\"564\" \/><span class=\"relative -mx-px my-[-0.2rem] rounded px-px py-[0.2rem] transition-colors duration-100 ease-in-out\">Calvet Celebration Brut Ros\u00e9 to francuskie wino musuj\u0105ce, produkowane metod\u0105 Charmat\/second fermentation, oferuj\u0105ce rze\u015bki i \u015bwie\u017cy styl z delikatnymi b\u0105belkami. Natur\u0119 tej mieszanki tworzy kwiatowo\u2011owocowa kompozycja Cinsault, Grenache i Muscat, co daje wywa\u017cone, orze\u017awiaj\u0105ce b\u0105belki idealne na aperitif i lekkie przyj\u0119cia.<\/span><\/p>\n<p data-start=\"643\" data-end=\"678\"><strong data-start=\"643\" data-end=\"676\">Charakterystyka degustacyjna:<\/strong><\/p>\n<ul data-start=\"679\" data-end=\"926\">\n<li data-start=\"679\" data-end=\"758\">\n<p data-start=\"681\" data-end=\"758\"><span class=\"relative -mx-px my-[-0.2rem] rounded px-px py-[0.2rem] transition-colors duration-100 ease-in-out\"><strong data-start=\"0\" data-end=\"10\" data-is-only-node=\"\">Barwa:<\/strong> Jasnor\u00f3\u017cowa, bardzo delikatna i przejrzysta.<\/span><\/p>\n<\/li>\n<li data-start=\"759\" data-end=\"842\">\n<p data-start=\"761\" data-end=\"842\"><span class=\"relative -mx-px my-[-0.2rem] rounded px-px py-[0.2rem] transition-colors duration-100 ease-in-out\"><strong data-start=\"0\" data-end=\"8\" data-is-only-node=\"\">Nos:<\/strong> Finezyjne nuty czerwonych owoc\u00f3w \u2013 truskawki, czerwonej porzeczki, delikatne nuty cytrusowe i kwiatowe.<\/span><\/p>\n<\/li>\n<li data-start=\"843\" data-end=\"926\">\n<p data-start=\"845\" data-end=\"926\"><span class=\"relative -mx-px my-[-0.2rem] rounded px-px py-[0.2rem] transition-colors duration-100 ease-in-out\"><strong data-start=\"0\" data-end=\"9\" data-is-only-node=\"\">Usta:<\/strong> Aromaty czerwonych owoc\u00f3w, \u015bmietankowy, kremowy dotyk, z \u017cyw\u0105 kwasowo\u015bci\u0105 i d\u0142ugim, \u015bwie\u017cym finiszem.<\/span><\/p>\n<\/li>\n<\/ul>\n<p data-start=\"928\" data-end=\"984\"><strong data-start=\"928\" data-end=\"942\">Starzenie:<\/strong><br data-start=\"942\" data-end=\"945\" \/><span class=\"relative -mx-px my-[-0.2rem] rounded px-px py-[0.2rem] transition-colors duration-100 ease-in-out\">Bez d\u0142ugiego dojrzewania; powsta\u0142o na \u015bwie\u017co, do bezpo\u015bredniej degustacji.<\/span><\/p>\n<p data-start=\"986\" data-end=\"1047\"><strong data-start=\"986\" data-end=\"1005\">Napowietrzanie:<\/strong><br data-start=\"1005\" data-end=\"1008\" \/><span class=\"relative -mx-px my-[-0.2rem] rounded px-px py-[0.2rem] transition-colors duration-100 ease-in-out\">Brak wp\u0142ywu \u2013 serwuj idealnie sch\u0142odzone.<\/span><\/p>\n<p data-start=\"1049\" data-end=\"1157\"><strong data-start=\"1049\" data-end=\"1075\">Dopasowanie do potraw:<\/strong><br data-start=\"1075\" data-end=\"1078\" \/><span class=\"relative -mx-px my-[-0.2rem] rounded px-px py-[0.2rem] transition-colors duration-100 ease-in-out\">Wy\u015bmienite jako aperitif. \u015awietnie komponuje si\u0119 z tapas, owocami morza, lekkimi sa\u0142atkami, deserami owocowymi \u2013 np. krem z owoc\u00f3w lub mus owocowy.<\/span><\/p>\n<p data-start=\"1159\" data-end=\"1270\"><strong data-start=\"1159\" data-end=\"1186\">Temperatura serwowania:<\/strong><br data-start=\"1186\" data-end=\"1189\" \/><span class=\"relative -mx-px my-[-0.2rem] rounded px-px py-[0.2rem] transition-colors duration-100 ease-in-out\">7\u20139\u202f\u00b0C<\/span><\/p>\n<p data-start=\"1272\" data-end=\"1376\"><strong data-start=\"1272\" data-end=\"1298\">Potencja\u0142 dojrzewania:<\/strong><br data-start=\"1298\" data-end=\"1301\" \/>Nie przeznaczone do le\u017cakowania \u2014 najlepiej wypi\u0107 w ci\u0105gu 1 roku od zakupu.<\/p>\n","protected":false},"excerpt":{"rendered":"<p data-start=\"1508\" data-end=\"1832\">Calvet Celebration Brut White to rze\u015bkie, owocowe wino musuj\u0105ce z Francji (Vin de France), blend Colombard (70%) i Muscat Blanc (30%), o niskiej zawarto\u015bci alkoholu (~11\u201311,5%). Z cytrusowo-kwiatowym aromatem, okr\u0105g\u0142\u0105 struktur\u0105 i orze\u017awiaj\u0105cym finiszem, to doskona\u0142y wyb\u00f3r na aperitif i lekkie przyj\u0119cia.<\/p>\n","protected":false},"featured_media":807,"comment_status":"closed","ping_status":"closed","template":"","meta":[],"product_brand":[],"product_cat":[682,16],"product_tag":[757,681,671,684],"class_list":{"0":"post-753","1":"product","2":"type-product","3":"status-publish","4":"has-post-thumbnail","6":"product_cat-francja-wina-musujace","7":"product_cat-wina-musujace","8":"product_tag-biale","9":"product_tag-francja","10":"product_tag-szampan","11":"product_tag-wino-musujace","13":"first","14":"instock","15":"shipping-taxable","16":"purchasable","17":"product-type-simple"},"yoast_head":"<!-- This site is optimized with the Yoast SEO plugin v26.9 - https:\/\/yoast.com\/product\/yoast-seo-wordpress\/ -->\n<title>Calvet Celebration Brut Rose 0,75\u202fl 11,5% - B2B MVGD PL<\/title>\n<meta name=\"robots\" content=\"index, follow, max-snippet:-1, max-image-preview:large, max-video-preview:-1\" \/>\n<link rel=\"canonical\" href=\"https:\/\/b2b.mvgd.pl\/index.php\/produkt\/calvet-celebration-brut-rose-075-l-115\/\" \/>\n<meta property=\"og:locale\" content=\"pl_PL\" \/>\n<meta property=\"og:type\" content=\"article\" \/>\n<meta property=\"og:title\" content=\"Calvet Celebration Brut Rose 0,75\u202fl 11,5% - B2B MVGD PL\" \/>\n<meta property=\"og:description\" content=\"Calvet Celebration Brut White to rze\u015bkie, owocowe wino musuj\u0105ce z Francji (Vin de France), blend Colombard (70%) i Muscat Blanc (30%), o niskiej zawarto\u015bci alkoholu (~11\u201311,5%). Z cytrusowo-kwiatowym aromatem, okr\u0105g\u0142\u0105 struktur\u0105 i orze\u017awiaj\u0105cym finiszem, to doskona\u0142y wyb\u00f3r na aperitif i lekkie przyj\u0119cia.\" \/>\n<meta property=\"og:url\" content=\"https:\/\/b2b.mvgd.pl\/index.php\/produkt\/calvet-celebration-brut-rose-075-l-115\/\" \/>\n<meta property=\"og:site_name\" content=\"B2B MVGD PL\" \/>\n<meta property=\"article:modified_time\" content=\"2026-02-16T18:54:59+00:00\" \/>\n<meta name=\"twitter:card\" content=\"summary_large_image\" \/>\n<meta name=\"twitter:label1\" content=\"Szacowany czas czytania\" \/>\n\t<meta name=\"twitter:data1\" content=\"1 minuta\" \/>\n<script type=\"application\/ld+json\" class=\"yoast-schema-graph\">{\"@context\":\"https:\/\/schema.org\",\"@graph\":[{\"@type\":\"WebPage\",\"@id\":\"https:\/\/b2b.mvgd.pl\/index.php\/produkt\/calvet-celebration-brut-rose-075-l-115\/\",\"url\":\"https:\/\/b2b.mvgd.pl\/index.php\/produkt\/calvet-celebration-brut-rose-075-l-115\/\",\"name\":\"Calvet Celebration Brut Rose 0,75\u202fl 11,5% - B2B MVGD PL\",\"isPartOf\":{\"@id\":\"https:\/\/b2b.mvgd.pl\/#website\"},\"primaryImageOfPage\":{\"@id\":\"https:\/\/b2b.mvgd.pl\/index.php\/produkt\/calvet-celebration-brut-rose-075-l-115\/#primaryimage\"},\"image\":{\"@id\":\"https:\/\/b2b.mvgd.pl\/index.php\/produkt\/calvet-celebration-brut-rose-075-l-115\/#primaryimage\"},\"thumbnailUrl\":\"https:\/\/b2b.mvgd.pl\/wp-content\/uploads\/2026\/02\/celebration-brut-rose-.png\",\"datePublished\":\"2026-02-16T18:53:16+00:00\",\"dateModified\":\"2026-02-16T18:54:59+00:00\",\"breadcrumb\":{\"@id\":\"https:\/\/b2b.mvgd.pl\/index.php\/produkt\/calvet-celebration-brut-rose-075-l-115\/#breadcrumb\"},\"inLanguage\":\"pl-PL\",\"potentialAction\":[{\"@type\":\"ReadAction\",\"target\":[\"https:\/\/b2b.mvgd.pl\/index.php\/produkt\/calvet-celebration-brut-rose-075-l-115\/\"]}]},{\"@type\":\"ImageObject\",\"inLanguage\":\"pl-PL\",\"@id\":\"https:\/\/b2b.mvgd.pl\/index.php\/produkt\/calvet-celebration-brut-rose-075-l-115\/#primaryimage\",\"url\":\"https:\/\/b2b.mvgd.pl\/wp-content\/uploads\/2026\/02\/celebration-brut-rose-.png\",\"contentUrl\":\"https:\/\/b2b.mvgd.pl\/wp-content\/uploads\/2026\/02\/celebration-brut-rose-.png\",\"width\":900,\"height\":1200},{\"@type\":\"BreadcrumbList\",\"@id\":\"https:\/\/b2b.mvgd.pl\/index.php\/produkt\/calvet-celebration-brut-rose-075-l-115\/#breadcrumb\",\"itemListElement\":[{\"@type\":\"ListItem\",\"position\":1,\"name\":\"Strona g\u0142\u00f3wna\",\"item\":\"https:\/\/b2b.mvgd.pl\/\"},{\"@type\":\"ListItem\",\"position\":2,\"name\":\"Shop\",\"item\":\"https:\/\/b2b.mvgd.pl\/index.php\/shop\/\"},{\"@type\":\"ListItem\",\"position\":3,\"name\":\"Calvet Celebration Brut Rose 0,75\u202fl 11,5%\"}]},{\"@type\":\"WebSite\",\"@id\":\"https:\/\/b2b.mvgd.pl\/#website\",\"url\":\"https:\/\/b2b.mvgd.pl\/\",\"name\":\"B2B MVGD PL\",\"description\":\"\",\"potentialAction\":[{\"@type\":\"SearchAction\",\"target\":{\"@type\":\"EntryPoint\",\"urlTemplate\":\"https:\/\/b2b.mvgd.pl\/?s={search_term_string}\"},\"query-input\":{\"@type\":\"PropertyValueSpecification\",\"valueRequired\":true,\"valueName\":\"search_term_string\"}}],\"inLanguage\":\"pl-PL\"}]}<\/script>\n<!-- \/ Yoast SEO plugin. -->","yoast_head_json":{"title":"Calvet Celebration Brut Rose 0,75\u202fl 11,5% - B2B MVGD PL","robots":{"index":"index","follow":"follow","max-snippet":"max-snippet:-1","max-image-preview":"max-image-preview:large","max-video-preview":"max-video-preview:-1"},"canonical":"https:\/\/b2b.mvgd.pl\/index.php\/produkt\/calvet-celebration-brut-rose-075-l-115\/","og_locale":"pl_PL","og_type":"article","og_title":"Calvet Celebration Brut Rose 0,75\u202fl 11,5% - B2B MVGD PL","og_description":"Calvet Celebration Brut White to rze\u015bkie, owocowe wino musuj\u0105ce z Francji (Vin de France), blend Colombard (70%) i Muscat Blanc (30%), o niskiej zawarto\u015bci alkoholu (~11\u201311,5%). Z cytrusowo-kwiatowym aromatem, okr\u0105g\u0142\u0105 struktur\u0105 i orze\u017awiaj\u0105cym finiszem, to doskona\u0142y wyb\u00f3r na aperitif i lekkie przyj\u0119cia.","og_url":"https:\/\/b2b.mvgd.pl\/index.php\/produkt\/calvet-celebration-brut-rose-075-l-115\/","og_site_name":"B2B MVGD PL","article_modified_time":"2026-02-16T18:54:59+00:00","twitter_card":"summary_large_image","twitter_misc":{"Szacowany czas czytania":"1 minuta"},"schema":{"@context":"https:\/\/schema.org","@graph":[{"@type":"WebPage","@id":"https:\/\/b2b.mvgd.pl\/index.php\/produkt\/calvet-celebration-brut-rose-075-l-115\/","url":"https:\/\/b2b.mvgd.pl\/index.php\/produkt\/calvet-celebration-brut-rose-075-l-115\/","name":"Calvet Celebration Brut Rose 0,75\u202fl 11,5% - B2B MVGD PL","isPartOf":{"@id":"https:\/\/b2b.mvgd.pl\/#website"},"primaryImageOfPage":{"@id":"https:\/\/b2b.mvgd.pl\/index.php\/produkt\/calvet-celebration-brut-rose-075-l-115\/#primaryimage"},"image":{"@id":"https:\/\/b2b.mvgd.pl\/index.php\/produkt\/calvet-celebration-brut-rose-075-l-115\/#primaryimage"},"thumbnailUrl":"https:\/\/b2b.mvgd.pl\/wp-content\/uploads\/2026\/02\/celebration-brut-rose-.png","datePublished":"2026-02-16T18:53:16+00:00","dateModified":"2026-02-16T18:54:59+00:00","breadcrumb":{"@id":"https:\/\/b2b.mvgd.pl\/index.php\/produkt\/calvet-celebration-brut-rose-075-l-115\/#breadcrumb"},"inLanguage":"pl-PL","potentialAction":[{"@type":"ReadAction","target":["https:\/\/b2b.mvgd.pl\/index.php\/produkt\/calvet-celebration-brut-rose-075-l-115\/"]}]},{"@type":"ImageObject","inLanguage":"pl-PL","@id":"https:\/\/b2b.mvgd.pl\/index.php\/produkt\/calvet-celebration-brut-rose-075-l-115\/#primaryimage","url":"https:\/\/b2b.mvgd.pl\/wp-content\/uploads\/2026\/02\/celebration-brut-rose-.png","contentUrl":"https:\/\/b2b.mvgd.pl\/wp-content\/uploads\/2026\/02\/celebration-brut-rose-.png","width":900,"height":1200},{"@type":"BreadcrumbList","@id":"https:\/\/b2b.mvgd.pl\/index.php\/produkt\/calvet-celebration-brut-rose-075-l-115\/#breadcrumb","itemListElement":[{"@type":"ListItem","position":1,"name":"Strona g\u0142\u00f3wna","item":"https:\/\/b2b.mvgd.pl\/"},{"@type":"ListItem","position":2,"name":"Shop","item":"https:\/\/b2b.mvgd.pl\/index.php\/shop\/"},{"@type":"ListItem","position":3,"name":"Calvet Celebration Brut Rose 0,75\u202fl 11,5%"}]},{"@type":"WebSite","@id":"https:\/\/b2b.mvgd.pl\/#website","url":"https:\/\/b2b.mvgd.pl\/","name":"B2B MVGD PL","description":"","potentialAction":[{"@type":"SearchAction","target":{"@type":"EntryPoint","urlTemplate":"https:\/\/b2b.mvgd.pl\/?s={search_term_string}"},"query-input":{"@type":"PropertyValueSpecification","valueRequired":true,"valueName":"search_term_string"}}],"inLanguage":"pl-PL"}]}},"jetpack_sharing_enabled":true,"_links":{"self":[{"href":"https:\/\/b2b.mvgd.pl\/index.php\/wp-json\/wp\/v2\/product\/753","targetHints":{"allow":["GET"]}}],"collection":[{"href":"https:\/\/b2b.mvgd.pl\/index.php\/wp-json\/wp\/v2\/product"}],"about":[{"href":"https:\/\/b2b.mvgd.pl\/index.php\/wp-json\/wp\/v2\/types\/product"}],"replies":[{"embeddable":true,"href":"https:\/\/b2b.mvgd.pl\/index.php\/wp-json\/wp\/v2\/comments?post=753"}],"version-history":[{"count":0,"href":"https:\/\/b2b.mvgd.pl\/index.php\/wp-json\/wp\/v2\/product\/753\/revisions"}],"wp:featuredmedia":[{"embeddable":true,"href":"https:\/\/b2b.mvgd.pl\/index.php\/wp-json\/wp\/v2\/media\/807"}],"wp:attachment":[{"href":"https:\/\/b2b.mvgd.pl\/index.php\/wp-json\/wp\/v2\/media?parent=753"}],"wp:term":[{"taxonomy":"product_brand","embeddable":true,"href":"https:\/\/b2b.mvgd.pl\/index.php\/wp-json\/wp\/v2\/product_brand?post=753"},{"taxonomy":"product_cat","embeddable":true,"href":"https:\/\/b2b.mvgd.pl\/index.php\/wp-json\/wp\/v2\/product_cat?post=753"},{"taxonomy":"product_tag","embeddable":true,"href":"https:\/\/b2b.mvgd.pl\/index.php\/wp-json\/wp\/v2\/product_tag?post=753"}],"curies":[{"name":"wp","href":"https:\/\/api.w.org\/{rel}","templated":true}]}}