{"id":745,"date":"2026-02-16T18:52:51","date_gmt":"2026-02-16T18:52:51","guid":{"rendered":"https:\/\/b2b.mvgd.pl\/?post_type=product&#038;p=745"},"modified":"2026-02-16T18:54:52","modified_gmt":"2026-02-16T18:54:52","slug":"diez-siglos-crianza-075-l-145","status":"publish","type":"product","link":"https:\/\/b2b.mvgd.pl\/index.php\/produkt\/diez-siglos-crianza-075-l-145\/","title":{"rendered":"Diez Siglos Crianza 0,75 l 14,5%"},"content":{"rendered":"<p data-start=\"523\" data-end=\"617\"><span class=\"relative -mx-px my-[-0.2rem] rounded px-px py-[0.2rem] transition-colors duration-100 ease-in-out\">Diez\u202fSiglos Crianza to czerwone wino klasy Crianza produkowane przez Bodegas Diez Siglos de Verdejo, w sercu Ribera del Duero \u2013 Pesquera de Duero lub Quintanilla de On\u00e9simo. Wytwarzane z limitowanych plon\u00f3w Tempranillo, z d\u0142ug\u0105 maceracj\u0105 i dojrzewaniem w beczkach d\u0119bowych, prezentuje z\u0142o\u017cony i strukturalny profil.<\/span><\/p>\n<p data-start=\"619\" data-end=\"654\"><strong data-start=\"619\" data-end=\"652\">Charakterystyka degustacyjna:<\/strong><\/p>\n<ul data-start=\"655\" data-end=\"898\">\n<li data-start=\"655\" data-end=\"734\">\n<p data-start=\"657\" data-end=\"734\"><span class=\"relative -mx-px my-[-0.2rem] rounded px-px py-[0.2rem] transition-colors duration-100 ease-in-out\"><strong data-start=\"0\" data-end=\"10\" data-is-only-node=\"\">Barwa:<\/strong> Czerwony wi\u015bniowy z niebieskawymi refleksami, m\u0142ody i intensywny \u015bwiat\u0142em.<\/span><\/p>\n<\/li>\n<li data-start=\"735\" data-end=\"814\">\n<p data-start=\"737\" data-end=\"814\"><span class=\"relative -mx-px my-[-0.2rem] rounded px-px py-[0.2rem] transition-colors duration-100 ease-in-out\"><strong data-start=\"0\" data-end=\"8\" data-is-only-node=\"\">Nos:<\/strong> Aromaty czarnych owoc\u00f3w (je\u017cyna, \u015bliwka), przypraw korzennych i niuans\u00f3w mineralnych.<\/span><\/p>\n<\/li>\n<li data-start=\"815\" data-end=\"898\">\n<p data-start=\"817\" data-end=\"898\"><span class=\"relative -mx-px my-[-0.2rem] rounded px-px py-[0.2rem] transition-colors duration-100 ease-in-out\"><strong data-start=\"0\" data-end=\"9\" data-is-only-node=\"\">Usta:<\/strong> Pe\u0142ne i strukturalne, z przyjemnie s\u0142odkimi taninami przypominaj\u0105cymi czekolad\u0119, d\u0142ugim i apetycznym finiszem.<\/span><\/p>\n<\/li>\n<\/ul>\n<p data-start=\"900\" data-end=\"996\"><strong data-start=\"900\" data-end=\"914\">Starzenie: <\/strong><span class=\"relative -mx-px my-[-0.2rem] rounded px-px py-[0.2rem] transition-colors duration-100 ease-in-out\">Dojrzewa przez 24 miesi\u0105ce w beczkach z francuskiego d\u0119bu (a w innych \u017ar\u00f3d\u0142ach r\u00f3wnie\u017c ameryka\u0144skich) i nast\u0119pnie le\u017cakuje w butelce przed wypuszczeniem na rynek.<\/span><\/p>\n<p data-start=\"998\" data-end=\"1059\"><strong data-start=\"998\" data-end=\"1017\">Napowietrzanie: <\/strong><span class=\"relative -mx-px my-[-0.2rem] rounded px-px py-[0.2rem] transition-colors duration-100 ease-in-out\">Zalecane lekkie dekantowanie przed podaniem \u2014 uwalnia pe\u0142ni\u0119 aromat\u00f3w.<\/span><\/p>\n<p data-start=\"1061\" data-end=\"1169\"><strong data-start=\"1061\" data-end=\"1087\">Dopasowanie do potraw: <\/strong><span class=\"relative -mx-px my-[-0.2rem] rounded px-px py-[0.2rem] transition-colors duration-100 ease-in-out\">\u015awietnie komponuje si\u0119 z tapas, w\u0119dlinami, mi\u0119sem z grilla lub w\u0119dzonym, carpaccio oraz wyrazistymi, g\u0119stymi daniami i serami.<\/span><\/p>\n<p data-start=\"1171\" data-end=\"1280\"><strong data-start=\"1171\" data-end=\"1198\">Temperatura serwowania: <\/strong><span class=\"relative -mx-px my-[-0.2rem] rounded px-px py-[0.2rem] transition-colors duration-100 ease-in-out\">16\u201318\u202f\u00b0C<\/span><\/p>\n<p data-start=\"1282\" data-end=\"1456\"><strong data-start=\"1282\" data-end=\"1308\">Potencja\u0142 dojrzewania: <\/strong>Crianza o dobrej strukturze \u2014 warto pi\u0107 w ci\u0105gu 3\u20136 lat od zbior\u00f3w, cho\u0107 mo\u017ce ewoluowa\u0107 nieco d\u0142u\u017cej dzi\u0119ki solidnej podstawie d\u0119bowej i owocowi.<\/p>\n","protected":false},"excerpt":{"rendered":"<p data-start=\"1463\" data-end=\"1844\">Diez\u202fSiglos Crianza to eleganckie, dobrze zbudowane wino z Ribera del Duero, w 100% z Tempranillo, dojrzewane przez 24 miesi\u0105ce w d\u0119bie. Oferuje g\u0142\u0119bok\u0105 owocowo\u015b\u0107, korzenne niuanse i aksamitne taniny, co czyni je doskona\u0142ym wyborem do tapas, mi\u0119s i wyrazistych potraw. Idealne na specjalne okazje, gdy szukasz hiszpa\u0144skiego Crianza o wyrazistym charakterze.<\/p>\n","protected":false},"featured_media":797,"comment_status":"closed","ping_status":"closed","template":"","meta":[],"product_brand":[],"product_cat":[242,927,18],"product_tag":[928,929,320,577],"class_list":{"0":"post-745","1":"product","2":"type-product","3":"status-publish","4":"has-post-thumbnail","6":"product_cat-hiszpania","7":"product_cat-kastylia-i-leon","8":"product_cat-wina","9":"product_tag-diez-siglos","10":"product_tag-hiszpania","11":"product_tag-wino","12":"product_tag-wino-biale","14":"first","15":"instock","16":"shipping-taxable","17":"purchasable","18":"product-type-simple"},"yoast_head":"<!-- This site is optimized with the Yoast SEO plugin v26.9 - https:\/\/yoast.com\/product\/yoast-seo-wordpress\/ -->\n<title>Diez Siglos Crianza 0,75 l 14,5% - B2B MVGD PL<\/title>\n<meta name=\"robots\" content=\"index, follow, max-snippet:-1, max-image-preview:large, max-video-preview:-1\" \/>\n<link rel=\"canonical\" href=\"https:\/\/b2b.mvgd.pl\/index.php\/produkt\/diez-siglos-crianza-075-l-145\/\" \/>\n<meta property=\"og:locale\" content=\"pl_PL\" \/>\n<meta property=\"og:type\" content=\"article\" \/>\n<meta property=\"og:title\" content=\"Diez Siglos Crianza 0,75 l 14,5% - B2B MVGD PL\" \/>\n<meta property=\"og:description\" content=\"Diez\u202fSiglos Crianza to eleganckie, dobrze zbudowane wino z Ribera del Duero, w 100% z Tempranillo, dojrzewane przez 24 miesi\u0105ce w d\u0119bie. Oferuje g\u0142\u0119bok\u0105 owocowo\u015b\u0107, korzenne niuanse i aksamitne taniny, co czyni je doskona\u0142ym wyborem do tapas, mi\u0119s i wyrazistych potraw. Idealne na specjalne okazje, gdy szukasz hiszpa\u0144skiego Crianza o wyrazistym charakterze.\" \/>\n<meta property=\"og:url\" content=\"https:\/\/b2b.mvgd.pl\/index.php\/produkt\/diez-siglos-crianza-075-l-145\/\" \/>\n<meta property=\"og:site_name\" content=\"B2B MVGD PL\" \/>\n<meta property=\"article:modified_time\" content=\"2026-02-16T18:54:52+00:00\" \/>\n<meta name=\"twitter:card\" content=\"summary_large_image\" \/>\n<meta name=\"twitter:label1\" content=\"Szacowany czas czytania\" \/>\n\t<meta name=\"twitter:data1\" content=\"1 minuta\" \/>\n<script type=\"application\/ld+json\" class=\"yoast-schema-graph\">{\"@context\":\"https:\/\/schema.org\",\"@graph\":[{\"@type\":\"WebPage\",\"@id\":\"https:\/\/b2b.mvgd.pl\/index.php\/produkt\/diez-siglos-crianza-075-l-145\/\",\"url\":\"https:\/\/b2b.mvgd.pl\/index.php\/produkt\/diez-siglos-crianza-075-l-145\/\",\"name\":\"Diez Siglos Crianza 0,75 l 14,5% - B2B MVGD PL\",\"isPartOf\":{\"@id\":\"https:\/\/b2b.mvgd.pl\/#website\"},\"primaryImageOfPage\":{\"@id\":\"https:\/\/b2b.mvgd.pl\/index.php\/produkt\/diez-siglos-crianza-075-l-145\/#primaryimage\"},\"image\":{\"@id\":\"https:\/\/b2b.mvgd.pl\/index.php\/produkt\/diez-siglos-crianza-075-l-145\/#primaryimage\"},\"thumbnailUrl\":\"https:\/\/b2b.mvgd.pl\/wp-content\/uploads\/2026\/02\/crianza.png\",\"datePublished\":\"2026-02-16T18:52:51+00:00\",\"dateModified\":\"2026-02-16T18:54:52+00:00\",\"breadcrumb\":{\"@id\":\"https:\/\/b2b.mvgd.pl\/index.php\/produkt\/diez-siglos-crianza-075-l-145\/#breadcrumb\"},\"inLanguage\":\"pl-PL\",\"potentialAction\":[{\"@type\":\"ReadAction\",\"target\":[\"https:\/\/b2b.mvgd.pl\/index.php\/produkt\/diez-siglos-crianza-075-l-145\/\"]}]},{\"@type\":\"ImageObject\",\"inLanguage\":\"pl-PL\",\"@id\":\"https:\/\/b2b.mvgd.pl\/index.php\/produkt\/diez-siglos-crianza-075-l-145\/#primaryimage\",\"url\":\"https:\/\/b2b.mvgd.pl\/wp-content\/uploads\/2026\/02\/crianza.png\",\"contentUrl\":\"https:\/\/b2b.mvgd.pl\/wp-content\/uploads\/2026\/02\/crianza.png\",\"width\":900,\"height\":1200},{\"@type\":\"BreadcrumbList\",\"@id\":\"https:\/\/b2b.mvgd.pl\/index.php\/produkt\/diez-siglos-crianza-075-l-145\/#breadcrumb\",\"itemListElement\":[{\"@type\":\"ListItem\",\"position\":1,\"name\":\"Strona g\u0142\u00f3wna\",\"item\":\"https:\/\/b2b.mvgd.pl\/\"},{\"@type\":\"ListItem\",\"position\":2,\"name\":\"Shop\",\"item\":\"https:\/\/b2b.mvgd.pl\/index.php\/shop\/\"},{\"@type\":\"ListItem\",\"position\":3,\"name\":\"Diez Siglos Crianza 0,75 l 14,5%\"}]},{\"@type\":\"WebSite\",\"@id\":\"https:\/\/b2b.mvgd.pl\/#website\",\"url\":\"https:\/\/b2b.mvgd.pl\/\",\"name\":\"B2B MVGD PL\",\"description\":\"\",\"potentialAction\":[{\"@type\":\"SearchAction\",\"target\":{\"@type\":\"EntryPoint\",\"urlTemplate\":\"https:\/\/b2b.mvgd.pl\/?s={search_term_string}\"},\"query-input\":{\"@type\":\"PropertyValueSpecification\",\"valueRequired\":true,\"valueName\":\"search_term_string\"}}],\"inLanguage\":\"pl-PL\"}]}<\/script>\n<!-- \/ Yoast SEO plugin. -->","yoast_head_json":{"title":"Diez Siglos Crianza 0,75 l 14,5% - B2B MVGD PL","robots":{"index":"index","follow":"follow","max-snippet":"max-snippet:-1","max-image-preview":"max-image-preview:large","max-video-preview":"max-video-preview:-1"},"canonical":"https:\/\/b2b.mvgd.pl\/index.php\/produkt\/diez-siglos-crianza-075-l-145\/","og_locale":"pl_PL","og_type":"article","og_title":"Diez Siglos Crianza 0,75 l 14,5% - B2B MVGD PL","og_description":"Diez\u202fSiglos Crianza to eleganckie, dobrze zbudowane wino z Ribera del Duero, w 100% z Tempranillo, dojrzewane przez 24 miesi\u0105ce w d\u0119bie. Oferuje g\u0142\u0119bok\u0105 owocowo\u015b\u0107, korzenne niuanse i aksamitne taniny, co czyni je doskona\u0142ym wyborem do tapas, mi\u0119s i wyrazistych potraw. Idealne na specjalne okazje, gdy szukasz hiszpa\u0144skiego Crianza o wyrazistym charakterze.","og_url":"https:\/\/b2b.mvgd.pl\/index.php\/produkt\/diez-siglos-crianza-075-l-145\/","og_site_name":"B2B MVGD PL","article_modified_time":"2026-02-16T18:54:52+00:00","twitter_card":"summary_large_image","twitter_misc":{"Szacowany czas czytania":"1 minuta"},"schema":{"@context":"https:\/\/schema.org","@graph":[{"@type":"WebPage","@id":"https:\/\/b2b.mvgd.pl\/index.php\/produkt\/diez-siglos-crianza-075-l-145\/","url":"https:\/\/b2b.mvgd.pl\/index.php\/produkt\/diez-siglos-crianza-075-l-145\/","name":"Diez Siglos Crianza 0,75 l 14,5% - B2B MVGD PL","isPartOf":{"@id":"https:\/\/b2b.mvgd.pl\/#website"},"primaryImageOfPage":{"@id":"https:\/\/b2b.mvgd.pl\/index.php\/produkt\/diez-siglos-crianza-075-l-145\/#primaryimage"},"image":{"@id":"https:\/\/b2b.mvgd.pl\/index.php\/produkt\/diez-siglos-crianza-075-l-145\/#primaryimage"},"thumbnailUrl":"https:\/\/b2b.mvgd.pl\/wp-content\/uploads\/2026\/02\/crianza.png","datePublished":"2026-02-16T18:52:51+00:00","dateModified":"2026-02-16T18:54:52+00:00","breadcrumb":{"@id":"https:\/\/b2b.mvgd.pl\/index.php\/produkt\/diez-siglos-crianza-075-l-145\/#breadcrumb"},"inLanguage":"pl-PL","potentialAction":[{"@type":"ReadAction","target":["https:\/\/b2b.mvgd.pl\/index.php\/produkt\/diez-siglos-crianza-075-l-145\/"]}]},{"@type":"ImageObject","inLanguage":"pl-PL","@id":"https:\/\/b2b.mvgd.pl\/index.php\/produkt\/diez-siglos-crianza-075-l-145\/#primaryimage","url":"https:\/\/b2b.mvgd.pl\/wp-content\/uploads\/2026\/02\/crianza.png","contentUrl":"https:\/\/b2b.mvgd.pl\/wp-content\/uploads\/2026\/02\/crianza.png","width":900,"height":1200},{"@type":"BreadcrumbList","@id":"https:\/\/b2b.mvgd.pl\/index.php\/produkt\/diez-siglos-crianza-075-l-145\/#breadcrumb","itemListElement":[{"@type":"ListItem","position":1,"name":"Strona g\u0142\u00f3wna","item":"https:\/\/b2b.mvgd.pl\/"},{"@type":"ListItem","position":2,"name":"Shop","item":"https:\/\/b2b.mvgd.pl\/index.php\/shop\/"},{"@type":"ListItem","position":3,"name":"Diez Siglos Crianza 0,75 l 14,5%"}]},{"@type":"WebSite","@id":"https:\/\/b2b.mvgd.pl\/#website","url":"https:\/\/b2b.mvgd.pl\/","name":"B2B MVGD PL","description":"","potentialAction":[{"@type":"SearchAction","target":{"@type":"EntryPoint","urlTemplate":"https:\/\/b2b.mvgd.pl\/?s={search_term_string}"},"query-input":{"@type":"PropertyValueSpecification","valueRequired":true,"valueName":"search_term_string"}}],"inLanguage":"pl-PL"}]}},"jetpack_sharing_enabled":true,"_links":{"self":[{"href":"https:\/\/b2b.mvgd.pl\/index.php\/wp-json\/wp\/v2\/product\/745","targetHints":{"allow":["GET"]}}],"collection":[{"href":"https:\/\/b2b.mvgd.pl\/index.php\/wp-json\/wp\/v2\/product"}],"about":[{"href":"https:\/\/b2b.mvgd.pl\/index.php\/wp-json\/wp\/v2\/types\/product"}],"replies":[{"embeddable":true,"href":"https:\/\/b2b.mvgd.pl\/index.php\/wp-json\/wp\/v2\/comments?post=745"}],"version-history":[{"count":0,"href":"https:\/\/b2b.mvgd.pl\/index.php\/wp-json\/wp\/v2\/product\/745\/revisions"}],"wp:featuredmedia":[{"embeddable":true,"href":"https:\/\/b2b.mvgd.pl\/index.php\/wp-json\/wp\/v2\/media\/797"}],"wp:attachment":[{"href":"https:\/\/b2b.mvgd.pl\/index.php\/wp-json\/wp\/v2\/media?parent=745"}],"wp:term":[{"taxonomy":"product_brand","embeddable":true,"href":"https:\/\/b2b.mvgd.pl\/index.php\/wp-json\/wp\/v2\/product_brand?post=745"},{"taxonomy":"product_cat","embeddable":true,"href":"https:\/\/b2b.mvgd.pl\/index.php\/wp-json\/wp\/v2\/product_cat?post=745"},{"taxonomy":"product_tag","embeddable":true,"href":"https:\/\/b2b.mvgd.pl\/index.php\/wp-json\/wp\/v2\/product_tag?post=745"}],"curies":[{"name":"wp","href":"https:\/\/api.w.org\/{rel}","templated":true}]}}