{"id":744,"date":"2026-02-16T18:52:51","date_gmt":"2026-02-16T18:52:51","guid":{"rendered":"https:\/\/b2b.mvgd.pl\/?post_type=product&#038;p=744"},"modified":"2026-02-16T18:54:50","modified_gmt":"2026-02-16T18:54:50","slug":"diez-siglos-peribanez-verdejo-075-l-125","status":"publish","type":"product","link":"https:\/\/b2b.mvgd.pl\/index.php\/produkt\/diez-siglos-peribanez-verdejo-075-l-125\/","title":{"rendered":"Diez Siglos Perib\u00e1\u00f1ez Verdejo 0,75 l 12,5%"},"content":{"rendered":"<p data-start=\"470\" data-end=\"607\"><span class=\"relative -mx-px my-[-0.2rem] rounded px-px py-[0.2rem] transition-colors duration-100 ease-in-out\">Perib\u00e1\u00f1ez Verdejo to wytrawne bia\u0142e wino pochodz\u0105ce z hiszpa\u0144skiego regionu Rueda, znanego z produkcji wysokiej jako\u015bci win z odmiany Verdejo.<\/span> <span class=\"relative -mx-px my-[-0.2rem] rounded px-px py-[0.2rem] transition-colors duration-100 ease-in-out\">Wino to charakteryzuje si\u0119 \u015bwie\u017co\u015bci\u0105, owocowo\u015bci\u0105 oraz typow\u0105 dla Verdejo kwasowo\u015bci\u0105, co sprawia, \u017ce jest idealnym wyborem na letnie dni oraz do lekkich da\u0144.<\/span><\/p>\n<p data-start=\"609\" data-end=\"644\"><strong data-start=\"609\" data-end=\"642\">Charakterystyka degustacyjna:<\/strong><\/p>\n<ul data-start=\"645\" data-end=\"843\">\n<li data-start=\"645\" data-end=\"699\">\n<p data-start=\"647\" data-end=\"699\"><strong data-start=\"647\" data-end=\"657\">Barwa:<\/strong> <span class=\"relative -mx-px my-[-0.2rem] rounded px-px py-[0.2rem] transition-colors duration-100 ease-in-out\">Jasno s\u0142omkowa z zielonkawymi refleksami.<\/span><\/p>\n<\/li>\n<li data-start=\"700\" data-end=\"752\">\n<p data-start=\"702\" data-end=\"752\"><strong data-start=\"702\" data-end=\"710\">Nos:<\/strong> <span class=\"relative -mx-px my-[-0.2rem] rounded px-px py-[0.2rem] transition-colors duration-100 ease-in-out\">Intensywne aromaty cytrus\u00f3w, jab\u0142ek, brzoskwi\u0144 oraz nuty zio\u0142owe i kwiatowe.<\/span><\/p>\n<\/li>\n<li data-start=\"753\" data-end=\"843\">\n<p data-start=\"755\" data-end=\"843\"><strong data-start=\"755\" data-end=\"764\">Usta:<\/strong> <span class=\"relative -mx-px my-[-0.2rem] rounded px-px py-[0.2rem] transition-colors duration-100 ease-in-out\">\u015awie\u017ce, z wyra\u017an\u0105 kwasowo\u015bci\u0105, dobrze zbalansowane, z owocowym finiszem.<\/span><\/p>\n<\/li>\n<\/ul>\n<p data-start=\"845\" data-end=\"940\"><strong data-start=\"845\" data-end=\"859\">Starzenie:<\/strong><br data-start=\"859\" data-end=\"862\" \/><span class=\"relative -mx-px my-[-0.2rem] rounded px-px py-[0.2rem] transition-colors duration-100 ease-in-out\">Wino przeznaczone do spo\u017cycia w m\u0142odym wieku, aby cieszy\u0107 si\u0119 jego \u015bwie\u017co\u015bci\u0105 i owocowo\u015bci\u0105.<\/span><\/p>\n<p data-start=\"942\" data-end=\"1042\"><strong data-start=\"942\" data-end=\"961\">Napowietrzanie: <\/strong><span class=\"relative -mx-px my-[-0.2rem] rounded px-px py-[0.2rem] transition-colors duration-100 ease-in-out\">Nie wymaga dekantowania; serwowa\u0107 bezpo\u015brednio po sch\u0142odzeniu.<\/span><\/p>\n<p data-start=\"1044\" data-end=\"1151\"><strong data-start=\"1044\" data-end=\"1070\">Dopasowanie do potraw: <\/strong><span class=\"relative -mx-px my-[-0.2rem] rounded px-px py-[0.2rem] transition-colors duration-100 ease-in-out\">Idealne do da\u0144 z owocami morza, ryb, sa\u0142atek, grillowanych warzyw oraz jako aperitif.<\/span><\/p>\n<p data-start=\"1153\" data-end=\"1261\"><strong data-start=\"1153\" data-end=\"1180\">Temperatura serwowania: <\/strong><span class=\"relative -mx-px my-[-0.2rem] rounded px-px py-[0.2rem] transition-colors duration-100 ease-in-out\">8\u201310\u00b0C<\/span><\/p>\n<p data-start=\"1263\" data-end=\"1370\"><strong data-start=\"1263\" data-end=\"1289\">Potencja\u0142 dojrzewania: <\/strong><span class=\"relative -mx-px my-[-0.2rem] rounded px-px py-[0.2rem] transition-colors duration-100 ease-in-out\">Najlepiej spo\u017cy\u0107 w ci\u0105gu 1\u20132 lat od zbior\u00f3w, aby zachowa\u0107 \u015bwie\u017co\u015b\u0107 i aromaty szczepu.<\/span><\/p>\n","protected":false},"excerpt":{"rendered":"<p><span class=\"relative -mx-px my-[-0.2rem] rounded px-px py-[0.2rem] transition-colors duration-100 ease-in-out\">Perib\u00e1\u00f1ez Verdejo to klasyczne, hiszpa\u0144skie bia\u0142e wino z regionu Rueda, kt\u00f3re oferuje \u015bwie\u017co\u015b\u0107, owocowo\u015b\u0107 i typow\u0105 dla Verdejo kwasowo\u015b\u0107.<\/span> <span class=\"relative -mx-px my-[-0.2rem] rounded px-px py-[0.2rem] transition-colors duration-100 ease-in-out\">Jest to doskona\u0142y wyb\u00f3r na letnie dni oraz do lekkich da\u0144, zapewniaj\u0105c przyjemne doznania smakowe.<\/span><\/p>\n","protected":false},"featured_media":796,"comment_status":"closed","ping_status":"closed","template":"","meta":[],"product_brand":[],"product_cat":[242,927,18],"product_tag":[928,929,930,320,577],"class_list":{"0":"post-744","1":"product","2":"type-product","3":"status-publish","4":"has-post-thumbnail","6":"product_cat-hiszpania","7":"product_cat-kastylia-i-leon","8":"product_cat-wina","9":"product_tag-diez-siglos","10":"product_tag-hiszpania","11":"product_tag-verdejo","12":"product_tag-wino","13":"product_tag-wino-biale","15":"first","16":"instock","17":"shipping-taxable","18":"purchasable","19":"product-type-simple"},"yoast_head":"<!-- This site is optimized with the Yoast SEO plugin v26.9 - https:\/\/yoast.com\/product\/yoast-seo-wordpress\/ -->\n<title>Diez Siglos Perib\u00e1\u00f1ez Verdejo 0,75 l 12,5% - B2B MVGD PL<\/title>\n<meta name=\"robots\" content=\"index, follow, max-snippet:-1, max-image-preview:large, max-video-preview:-1\" \/>\n<link rel=\"canonical\" href=\"https:\/\/b2b.mvgd.pl\/index.php\/produkt\/diez-siglos-peribanez-verdejo-075-l-125\/\" \/>\n<meta property=\"og:locale\" content=\"pl_PL\" \/>\n<meta property=\"og:type\" content=\"article\" \/>\n<meta property=\"og:title\" content=\"Diez Siglos Perib\u00e1\u00f1ez Verdejo 0,75 l 12,5% - B2B MVGD PL\" \/>\n<meta property=\"og:description\" content=\"Perib\u00e1\u00f1ez Verdejo to klasyczne, hiszpa\u0144skie bia\u0142e wino z regionu Rueda, kt\u00f3re oferuje \u015bwie\u017co\u015b\u0107, owocowo\u015b\u0107 i typow\u0105 dla Verdejo kwasowo\u015b\u0107. Jest to doskona\u0142y wyb\u00f3r na letnie dni oraz do lekkich da\u0144, zapewniaj\u0105c przyjemne doznania smakowe.\" \/>\n<meta property=\"og:url\" content=\"https:\/\/b2b.mvgd.pl\/index.php\/produkt\/diez-siglos-peribanez-verdejo-075-l-125\/\" \/>\n<meta property=\"og:site_name\" content=\"B2B MVGD PL\" \/>\n<meta property=\"article:modified_time\" content=\"2026-02-16T18:54:50+00:00\" \/>\n<meta name=\"twitter:card\" content=\"summary_large_image\" \/>\n<meta name=\"twitter:label1\" content=\"Szacowany czas czytania\" \/>\n\t<meta name=\"twitter:data1\" content=\"1 minuta\" \/>\n<script type=\"application\/ld+json\" class=\"yoast-schema-graph\">{\"@context\":\"https:\/\/schema.org\",\"@graph\":[{\"@type\":\"WebPage\",\"@id\":\"https:\/\/b2b.mvgd.pl\/index.php\/produkt\/diez-siglos-peribanez-verdejo-075-l-125\/\",\"url\":\"https:\/\/b2b.mvgd.pl\/index.php\/produkt\/diez-siglos-peribanez-verdejo-075-l-125\/\",\"name\":\"Diez Siglos Perib\u00e1\u00f1ez Verdejo 0,75 l 12,5% - B2B MVGD PL\",\"isPartOf\":{\"@id\":\"https:\/\/b2b.mvgd.pl\/#website\"},\"primaryImageOfPage\":{\"@id\":\"https:\/\/b2b.mvgd.pl\/index.php\/produkt\/diez-siglos-peribanez-verdejo-075-l-125\/#primaryimage\"},\"image\":{\"@id\":\"https:\/\/b2b.mvgd.pl\/index.php\/produkt\/diez-siglos-peribanez-verdejo-075-l-125\/#primaryimage\"},\"thumbnailUrl\":\"https:\/\/b2b.mvgd.pl\/wp-content\/uploads\/2026\/02\/Peribanez-Verdejo-075-l-125.png\",\"datePublished\":\"2026-02-16T18:52:51+00:00\",\"dateModified\":\"2026-02-16T18:54:50+00:00\",\"breadcrumb\":{\"@id\":\"https:\/\/b2b.mvgd.pl\/index.php\/produkt\/diez-siglos-peribanez-verdejo-075-l-125\/#breadcrumb\"},\"inLanguage\":\"pl-PL\",\"potentialAction\":[{\"@type\":\"ReadAction\",\"target\":[\"https:\/\/b2b.mvgd.pl\/index.php\/produkt\/diez-siglos-peribanez-verdejo-075-l-125\/\"]}]},{\"@type\":\"ImageObject\",\"inLanguage\":\"pl-PL\",\"@id\":\"https:\/\/b2b.mvgd.pl\/index.php\/produkt\/diez-siglos-peribanez-verdejo-075-l-125\/#primaryimage\",\"url\":\"https:\/\/b2b.mvgd.pl\/wp-content\/uploads\/2026\/02\/Peribanez-Verdejo-075-l-125.png\",\"contentUrl\":\"https:\/\/b2b.mvgd.pl\/wp-content\/uploads\/2026\/02\/Peribanez-Verdejo-075-l-125.png\",\"width\":900,\"height\":1200},{\"@type\":\"BreadcrumbList\",\"@id\":\"https:\/\/b2b.mvgd.pl\/index.php\/produkt\/diez-siglos-peribanez-verdejo-075-l-125\/#breadcrumb\",\"itemListElement\":[{\"@type\":\"ListItem\",\"position\":1,\"name\":\"Strona g\u0142\u00f3wna\",\"item\":\"https:\/\/b2b.mvgd.pl\/\"},{\"@type\":\"ListItem\",\"position\":2,\"name\":\"Shop\",\"item\":\"https:\/\/b2b.mvgd.pl\/index.php\/shop\/\"},{\"@type\":\"ListItem\",\"position\":3,\"name\":\"Diez Siglos Perib\u00e1\u00f1ez Verdejo 0,75 l 12,5%\"}]},{\"@type\":\"WebSite\",\"@id\":\"https:\/\/b2b.mvgd.pl\/#website\",\"url\":\"https:\/\/b2b.mvgd.pl\/\",\"name\":\"B2B MVGD PL\",\"description\":\"\",\"potentialAction\":[{\"@type\":\"SearchAction\",\"target\":{\"@type\":\"EntryPoint\",\"urlTemplate\":\"https:\/\/b2b.mvgd.pl\/?s={search_term_string}\"},\"query-input\":{\"@type\":\"PropertyValueSpecification\",\"valueRequired\":true,\"valueName\":\"search_term_string\"}}],\"inLanguage\":\"pl-PL\"}]}<\/script>\n<!-- \/ Yoast SEO plugin. -->","yoast_head_json":{"title":"Diez Siglos Perib\u00e1\u00f1ez Verdejo 0,75 l 12,5% - B2B MVGD PL","robots":{"index":"index","follow":"follow","max-snippet":"max-snippet:-1","max-image-preview":"max-image-preview:large","max-video-preview":"max-video-preview:-1"},"canonical":"https:\/\/b2b.mvgd.pl\/index.php\/produkt\/diez-siglos-peribanez-verdejo-075-l-125\/","og_locale":"pl_PL","og_type":"article","og_title":"Diez Siglos Perib\u00e1\u00f1ez Verdejo 0,75 l 12,5% - B2B MVGD PL","og_description":"Perib\u00e1\u00f1ez Verdejo to klasyczne, hiszpa\u0144skie bia\u0142e wino z regionu Rueda, kt\u00f3re oferuje \u015bwie\u017co\u015b\u0107, owocowo\u015b\u0107 i typow\u0105 dla Verdejo kwasowo\u015b\u0107. Jest to doskona\u0142y wyb\u00f3r na letnie dni oraz do lekkich da\u0144, zapewniaj\u0105c przyjemne doznania smakowe.","og_url":"https:\/\/b2b.mvgd.pl\/index.php\/produkt\/diez-siglos-peribanez-verdejo-075-l-125\/","og_site_name":"B2B MVGD PL","article_modified_time":"2026-02-16T18:54:50+00:00","twitter_card":"summary_large_image","twitter_misc":{"Szacowany czas czytania":"1 minuta"},"schema":{"@context":"https:\/\/schema.org","@graph":[{"@type":"WebPage","@id":"https:\/\/b2b.mvgd.pl\/index.php\/produkt\/diez-siglos-peribanez-verdejo-075-l-125\/","url":"https:\/\/b2b.mvgd.pl\/index.php\/produkt\/diez-siglos-peribanez-verdejo-075-l-125\/","name":"Diez Siglos Perib\u00e1\u00f1ez Verdejo 0,75 l 12,5% - B2B MVGD PL","isPartOf":{"@id":"https:\/\/b2b.mvgd.pl\/#website"},"primaryImageOfPage":{"@id":"https:\/\/b2b.mvgd.pl\/index.php\/produkt\/diez-siglos-peribanez-verdejo-075-l-125\/#primaryimage"},"image":{"@id":"https:\/\/b2b.mvgd.pl\/index.php\/produkt\/diez-siglos-peribanez-verdejo-075-l-125\/#primaryimage"},"thumbnailUrl":"https:\/\/b2b.mvgd.pl\/wp-content\/uploads\/2026\/02\/Peribanez-Verdejo-075-l-125.png","datePublished":"2026-02-16T18:52:51+00:00","dateModified":"2026-02-16T18:54:50+00:00","breadcrumb":{"@id":"https:\/\/b2b.mvgd.pl\/index.php\/produkt\/diez-siglos-peribanez-verdejo-075-l-125\/#breadcrumb"},"inLanguage":"pl-PL","potentialAction":[{"@type":"ReadAction","target":["https:\/\/b2b.mvgd.pl\/index.php\/produkt\/diez-siglos-peribanez-verdejo-075-l-125\/"]}]},{"@type":"ImageObject","inLanguage":"pl-PL","@id":"https:\/\/b2b.mvgd.pl\/index.php\/produkt\/diez-siglos-peribanez-verdejo-075-l-125\/#primaryimage","url":"https:\/\/b2b.mvgd.pl\/wp-content\/uploads\/2026\/02\/Peribanez-Verdejo-075-l-125.png","contentUrl":"https:\/\/b2b.mvgd.pl\/wp-content\/uploads\/2026\/02\/Peribanez-Verdejo-075-l-125.png","width":900,"height":1200},{"@type":"BreadcrumbList","@id":"https:\/\/b2b.mvgd.pl\/index.php\/produkt\/diez-siglos-peribanez-verdejo-075-l-125\/#breadcrumb","itemListElement":[{"@type":"ListItem","position":1,"name":"Strona g\u0142\u00f3wna","item":"https:\/\/b2b.mvgd.pl\/"},{"@type":"ListItem","position":2,"name":"Shop","item":"https:\/\/b2b.mvgd.pl\/index.php\/shop\/"},{"@type":"ListItem","position":3,"name":"Diez Siglos Perib\u00e1\u00f1ez Verdejo 0,75 l 12,5%"}]},{"@type":"WebSite","@id":"https:\/\/b2b.mvgd.pl\/#website","url":"https:\/\/b2b.mvgd.pl\/","name":"B2B MVGD PL","description":"","potentialAction":[{"@type":"SearchAction","target":{"@type":"EntryPoint","urlTemplate":"https:\/\/b2b.mvgd.pl\/?s={search_term_string}"},"query-input":{"@type":"PropertyValueSpecification","valueRequired":true,"valueName":"search_term_string"}}],"inLanguage":"pl-PL"}]}},"jetpack_sharing_enabled":true,"_links":{"self":[{"href":"https:\/\/b2b.mvgd.pl\/index.php\/wp-json\/wp\/v2\/product\/744","targetHints":{"allow":["GET"]}}],"collection":[{"href":"https:\/\/b2b.mvgd.pl\/index.php\/wp-json\/wp\/v2\/product"}],"about":[{"href":"https:\/\/b2b.mvgd.pl\/index.php\/wp-json\/wp\/v2\/types\/product"}],"replies":[{"embeddable":true,"href":"https:\/\/b2b.mvgd.pl\/index.php\/wp-json\/wp\/v2\/comments?post=744"}],"version-history":[{"count":0,"href":"https:\/\/b2b.mvgd.pl\/index.php\/wp-json\/wp\/v2\/product\/744\/revisions"}],"wp:featuredmedia":[{"embeddable":true,"href":"https:\/\/b2b.mvgd.pl\/index.php\/wp-json\/wp\/v2\/media\/796"}],"wp:attachment":[{"href":"https:\/\/b2b.mvgd.pl\/index.php\/wp-json\/wp\/v2\/media?parent=744"}],"wp:term":[{"taxonomy":"product_brand","embeddable":true,"href":"https:\/\/b2b.mvgd.pl\/index.php\/wp-json\/wp\/v2\/product_brand?post=744"},{"taxonomy":"product_cat","embeddable":true,"href":"https:\/\/b2b.mvgd.pl\/index.php\/wp-json\/wp\/v2\/product_cat?post=744"},{"taxonomy":"product_tag","embeddable":true,"href":"https:\/\/b2b.mvgd.pl\/index.php\/wp-json\/wp\/v2\/product_tag?post=744"}],"curies":[{"name":"wp","href":"https:\/\/api.w.org\/{rel}","templated":true}]}}