{"id":742,"date":"2026-02-16T18:52:51","date_gmt":"2026-02-16T18:52:51","guid":{"rendered":"https:\/\/b2b.mvgd.pl\/?post_type=product&#038;p=742"},"modified":"2026-02-16T18:54:44","modified_gmt":"2026-02-16T18:54:44","slug":"diez-siglos-aniago-joven-roble-075-145","status":"publish","type":"product","link":"https:\/\/b2b.mvgd.pl\/index.php\/produkt\/diez-siglos-aniago-joven-roble-075-145\/","title":{"rendered":"Diez Siglos Aniago Joven Roble 0,75 14,5%"},"content":{"rendered":"<p data-start=\"470\" data-end=\"565\"><span class=\"relative -mx-px my-[-0.2rem] rounded px-px py-[0.2rem] transition-colors duration-100 ease-in-out\">Aniago Joven Roble to wytrawne czerwone wino z renomowanego regionu Ribera del Duero, produkowane przez Bodega Diez Siglos de Verdejo. Wino powstaje w ca\u0142o\u015bci ze szczepu Tempranillo, wyr\u00f3\u017cnia si\u0119 \u017cywo\u015bci\u0105 oraz delikatn\u0105 nut\u0105 d\u0119bow\u0105 dzi\u0119ki starzeniu przez trzy miesi\u0105ce w nowych beczkach d\u0119bu, co nadaje mu finezj\u0119 i owocowy charakter<\/span><\/p>\n<p data-start=\"567\" data-end=\"602\"><strong data-start=\"567\" data-end=\"600\">Charakterystyka degustacyjna:<\/strong><\/p>\n<ul data-start=\"603\" data-end=\"846\">\n<li data-start=\"603\" data-end=\"682\">\n<p data-start=\"605\" data-end=\"682\"><span class=\"relative -mx-px my-[-0.2rem] rounded px-px py-[0.2rem] transition-colors duration-100 ease-in-out\"><strong data-start=\"0\" data-end=\"10\" data-is-only-node=\"\">Barwa:<\/strong> Czerwone wi\u015bniowe, l\u015bni\u0105ce i czyste.<\/span><\/p>\n<\/li>\n<li data-start=\"683\" data-end=\"762\">\n<p data-start=\"685\" data-end=\"762\"><span class=\"relative -mx-px my-[-0.2rem] rounded px-px py-[0.2rem] transition-colors duration-100 ease-in-out\"><strong data-start=\"0\" data-end=\"8\" data-is-only-node=\"\">Nos:<\/strong> Aromaty czerwonych owoc\u00f3w (wi\u015bnia, endrinas), przenikaj\u0105ce nuty wanilii i zielonego pieprzu, subtelne balsamiczne niuanse.<\/span><\/p>\n<\/li>\n<li data-start=\"763\" data-end=\"846\">\n<p data-start=\"765\" data-end=\"846\"><span class=\"relative -mx-px my-[-0.2rem] rounded px-px py-[0.2rem] transition-colors duration-100 ease-in-out\"><strong data-start=\"0\" data-end=\"9\" data-is-only-node=\"\">Usta:<\/strong> Harmonijne po\u0142\u0105czenie owocu i drewna \u2014 eleganckie, \u017cywe, jedwabiste taniny, z intensywn\u0105, owocowo-d\u0119bow\u0105 retronazal\u0105.<\/span><\/p>\n<\/li>\n<\/ul>\n<p data-start=\"848\" data-end=\"945\"><strong data-start=\"848\" data-end=\"862\">Starzenie: <\/strong><span class=\"relative -mx-px my-[-0.2rem] rounded px-px py-[0.2rem] transition-colors duration-100 ease-in-out\">Fermentacja trwa\u0142a 12 dni w stalowych kadziach z remontad\u0105, a po fermentacji wino dojrzewa\u0142o przez trzy miesi\u0105ce w nowych beczkach d\u0119bu (klasy Roble).<\/span><\/p>\n<p data-start=\"947\" data-end=\"1008\"><strong data-start=\"947\" data-end=\"966\">Napowietrzanie: <\/strong><span class=\"relative -mx-px my-[-0.2rem] rounded px-px py-[0.2rem] transition-colors duration-100 ease-in-out\">Nie wymaga dekantowania; gotowe do spo\u017cycia zaraz po otwarciu.<\/span><\/p>\n<p data-start=\"1010\" data-end=\"1119\"><strong data-start=\"1010\" data-end=\"1036\">Dopasowanie do potraw: <\/strong><span class=\"relative -mx-px my-[-0.2rem] rounded px-px py-[0.2rem] transition-colors duration-100 ease-in-out\">Bardzo wszechstronne \u2013 doskona\u0142e do krem\u00f3w, zup, grillowanych czy pieczonych mi\u0119s, da\u0144 jednogarnkowych, tapas oraz hiszpa\u0144skich w\u0119dlin i ser\u00f3w<\/span> .<\/p>\n<p data-start=\"1121\" data-end=\"1231\"><strong data-start=\"1121\" data-end=\"1148\">Temperatura serwowania: <\/strong><span class=\"relative -mx-px my-[-0.2rem] rounded px-px py-[0.2rem] transition-colors duration-100 ease-in-out\">Optymalna: 15\u201316\u202f\u00b0C.<\/span><\/p>\n<p data-start=\"1233\" data-end=\"1332\"><strong data-start=\"1233\" data-end=\"1259\">Potencja\u0142 dojrzewania: <\/strong>Najlepiej spo\u017cy\u0107 m\u0142ode, w ci\u0105gu 1\u20133 lat od zbior\u00f3w.<\/p>\n","protected":false},"excerpt":{"rendered":"<p data-start=\"1339\" data-end=\"1696\">Aniago Joven Roble to czyste i eleganckie czerwone wino z D.O. Ribera del Duero, w 100% z Tempranillo, o zawarto\u015bci alkoholu oko\u0142o 14%. Trzy miesi\u0105ce dojrzewania w nowych d\u0119bach nadaj\u0105 mu owocowo-d\u0119bow\u0105 r\u00f3wnowag\u0119, \u017cywe taniny i przyjemn\u0105 struktur\u0119. Doskona\u0142e jako codzienny towarzysz posi\u0142k\u00f3w \u2013 od zup, poprzez mi\u0119sa, a\u017c po tapas i sery.<\/p>\n","protected":false},"featured_media":794,"comment_status":"closed","ping_status":"closed","template":"","meta":[],"product_brand":[],"product_cat":[242,927,18],"product_tag":[737,928,929,320],"class_list":{"0":"post-742","1":"product","2":"type-product","3":"status-publish","4":"has-post-thumbnail","6":"product_cat-hiszpania","7":"product_cat-kastylia-i-leon","8":"product_cat-wina","9":"product_tag-czerwone","10":"product_tag-diez-siglos","11":"product_tag-hiszpania","12":"product_tag-wino","14":"first","15":"instock","16":"shipping-taxable","17":"purchasable","18":"product-type-simple"},"yoast_head":"<!-- This site is optimized with the Yoast SEO plugin v26.9 - https:\/\/yoast.com\/product\/yoast-seo-wordpress\/ -->\n<title>Diez Siglos Aniago Joven Roble 0,75 14,5% - B2B MVGD PL<\/title>\n<meta name=\"robots\" content=\"index, follow, max-snippet:-1, max-image-preview:large, max-video-preview:-1\" \/>\n<link rel=\"canonical\" href=\"https:\/\/b2b.mvgd.pl\/index.php\/produkt\/diez-siglos-aniago-joven-roble-075-145\/\" \/>\n<meta property=\"og:locale\" content=\"pl_PL\" \/>\n<meta property=\"og:type\" content=\"article\" \/>\n<meta property=\"og:title\" content=\"Diez Siglos Aniago Joven Roble 0,75 14,5% - B2B MVGD PL\" \/>\n<meta property=\"og:description\" content=\"Aniago Joven Roble to czyste i eleganckie czerwone wino z D.O. Ribera del Duero, w 100% z Tempranillo, o zawarto\u015bci alkoholu oko\u0142o 14%. Trzy miesi\u0105ce dojrzewania w nowych d\u0119bach nadaj\u0105 mu owocowo-d\u0119bow\u0105 r\u00f3wnowag\u0119, \u017cywe taniny i przyjemn\u0105 struktur\u0119. Doskona\u0142e jako codzienny towarzysz posi\u0142k\u00f3w \u2013 od zup, poprzez mi\u0119sa, a\u017c po tapas i sery.\" \/>\n<meta property=\"og:url\" content=\"https:\/\/b2b.mvgd.pl\/index.php\/produkt\/diez-siglos-aniago-joven-roble-075-145\/\" \/>\n<meta property=\"og:site_name\" content=\"B2B MVGD PL\" \/>\n<meta property=\"article:modified_time\" content=\"2026-02-16T18:54:44+00:00\" \/>\n<meta name=\"twitter:card\" content=\"summary_large_image\" \/>\n<meta name=\"twitter:label1\" content=\"Szacowany czas czytania\" \/>\n\t<meta name=\"twitter:data1\" content=\"1 minuta\" \/>\n<script type=\"application\/ld+json\" class=\"yoast-schema-graph\">{\"@context\":\"https:\/\/schema.org\",\"@graph\":[{\"@type\":\"WebPage\",\"@id\":\"https:\/\/b2b.mvgd.pl\/index.php\/produkt\/diez-siglos-aniago-joven-roble-075-145\/\",\"url\":\"https:\/\/b2b.mvgd.pl\/index.php\/produkt\/diez-siglos-aniago-joven-roble-075-145\/\",\"name\":\"Diez Siglos Aniago Joven Roble 0,75 14,5% - B2B MVGD PL\",\"isPartOf\":{\"@id\":\"https:\/\/b2b.mvgd.pl\/#website\"},\"primaryImageOfPage\":{\"@id\":\"https:\/\/b2b.mvgd.pl\/index.php\/produkt\/diez-siglos-aniago-joven-roble-075-145\/#primaryimage\"},\"image\":{\"@id\":\"https:\/\/b2b.mvgd.pl\/index.php\/produkt\/diez-siglos-aniago-joven-roble-075-145\/#primaryimage\"},\"thumbnailUrl\":\"https:\/\/b2b.mvgd.pl\/wp-content\/uploads\/2026\/02\/Aniago-Roble-Ribera-2022.png\",\"datePublished\":\"2026-02-16T18:52:51+00:00\",\"dateModified\":\"2026-02-16T18:54:44+00:00\",\"breadcrumb\":{\"@id\":\"https:\/\/b2b.mvgd.pl\/index.php\/produkt\/diez-siglos-aniago-joven-roble-075-145\/#breadcrumb\"},\"inLanguage\":\"pl-PL\",\"potentialAction\":[{\"@type\":\"ReadAction\",\"target\":[\"https:\/\/b2b.mvgd.pl\/index.php\/produkt\/diez-siglos-aniago-joven-roble-075-145\/\"]}]},{\"@type\":\"ImageObject\",\"inLanguage\":\"pl-PL\",\"@id\":\"https:\/\/b2b.mvgd.pl\/index.php\/produkt\/diez-siglos-aniago-joven-roble-075-145\/#primaryimage\",\"url\":\"https:\/\/b2b.mvgd.pl\/wp-content\/uploads\/2026\/02\/Aniago-Roble-Ribera-2022.png\",\"contentUrl\":\"https:\/\/b2b.mvgd.pl\/wp-content\/uploads\/2026\/02\/Aniago-Roble-Ribera-2022.png\",\"width\":900,\"height\":1200},{\"@type\":\"BreadcrumbList\",\"@id\":\"https:\/\/b2b.mvgd.pl\/index.php\/produkt\/diez-siglos-aniago-joven-roble-075-145\/#breadcrumb\",\"itemListElement\":[{\"@type\":\"ListItem\",\"position\":1,\"name\":\"Strona g\u0142\u00f3wna\",\"item\":\"https:\/\/b2b.mvgd.pl\/\"},{\"@type\":\"ListItem\",\"position\":2,\"name\":\"Shop\",\"item\":\"https:\/\/b2b.mvgd.pl\/index.php\/shop\/\"},{\"@type\":\"ListItem\",\"position\":3,\"name\":\"Diez Siglos Aniago Joven Roble 0,75 14,5%\"}]},{\"@type\":\"WebSite\",\"@id\":\"https:\/\/b2b.mvgd.pl\/#website\",\"url\":\"https:\/\/b2b.mvgd.pl\/\",\"name\":\"B2B MVGD PL\",\"description\":\"\",\"potentialAction\":[{\"@type\":\"SearchAction\",\"target\":{\"@type\":\"EntryPoint\",\"urlTemplate\":\"https:\/\/b2b.mvgd.pl\/?s={search_term_string}\"},\"query-input\":{\"@type\":\"PropertyValueSpecification\",\"valueRequired\":true,\"valueName\":\"search_term_string\"}}],\"inLanguage\":\"pl-PL\"}]}<\/script>\n<!-- \/ Yoast SEO plugin. -->","yoast_head_json":{"title":"Diez Siglos Aniago Joven Roble 0,75 14,5% - B2B MVGD PL","robots":{"index":"index","follow":"follow","max-snippet":"max-snippet:-1","max-image-preview":"max-image-preview:large","max-video-preview":"max-video-preview:-1"},"canonical":"https:\/\/b2b.mvgd.pl\/index.php\/produkt\/diez-siglos-aniago-joven-roble-075-145\/","og_locale":"pl_PL","og_type":"article","og_title":"Diez Siglos Aniago Joven Roble 0,75 14,5% - B2B MVGD PL","og_description":"Aniago Joven Roble to czyste i eleganckie czerwone wino z D.O. Ribera del Duero, w 100% z Tempranillo, o zawarto\u015bci alkoholu oko\u0142o 14%. Trzy miesi\u0105ce dojrzewania w nowych d\u0119bach nadaj\u0105 mu owocowo-d\u0119bow\u0105 r\u00f3wnowag\u0119, \u017cywe taniny i przyjemn\u0105 struktur\u0119. Doskona\u0142e jako codzienny towarzysz posi\u0142k\u00f3w \u2013 od zup, poprzez mi\u0119sa, a\u017c po tapas i sery.","og_url":"https:\/\/b2b.mvgd.pl\/index.php\/produkt\/diez-siglos-aniago-joven-roble-075-145\/","og_site_name":"B2B MVGD PL","article_modified_time":"2026-02-16T18:54:44+00:00","twitter_card":"summary_large_image","twitter_misc":{"Szacowany czas czytania":"1 minuta"},"schema":{"@context":"https:\/\/schema.org","@graph":[{"@type":"WebPage","@id":"https:\/\/b2b.mvgd.pl\/index.php\/produkt\/diez-siglos-aniago-joven-roble-075-145\/","url":"https:\/\/b2b.mvgd.pl\/index.php\/produkt\/diez-siglos-aniago-joven-roble-075-145\/","name":"Diez Siglos Aniago Joven Roble 0,75 14,5% - B2B MVGD PL","isPartOf":{"@id":"https:\/\/b2b.mvgd.pl\/#website"},"primaryImageOfPage":{"@id":"https:\/\/b2b.mvgd.pl\/index.php\/produkt\/diez-siglos-aniago-joven-roble-075-145\/#primaryimage"},"image":{"@id":"https:\/\/b2b.mvgd.pl\/index.php\/produkt\/diez-siglos-aniago-joven-roble-075-145\/#primaryimage"},"thumbnailUrl":"https:\/\/b2b.mvgd.pl\/wp-content\/uploads\/2026\/02\/Aniago-Roble-Ribera-2022.png","datePublished":"2026-02-16T18:52:51+00:00","dateModified":"2026-02-16T18:54:44+00:00","breadcrumb":{"@id":"https:\/\/b2b.mvgd.pl\/index.php\/produkt\/diez-siglos-aniago-joven-roble-075-145\/#breadcrumb"},"inLanguage":"pl-PL","potentialAction":[{"@type":"ReadAction","target":["https:\/\/b2b.mvgd.pl\/index.php\/produkt\/diez-siglos-aniago-joven-roble-075-145\/"]}]},{"@type":"ImageObject","inLanguage":"pl-PL","@id":"https:\/\/b2b.mvgd.pl\/index.php\/produkt\/diez-siglos-aniago-joven-roble-075-145\/#primaryimage","url":"https:\/\/b2b.mvgd.pl\/wp-content\/uploads\/2026\/02\/Aniago-Roble-Ribera-2022.png","contentUrl":"https:\/\/b2b.mvgd.pl\/wp-content\/uploads\/2026\/02\/Aniago-Roble-Ribera-2022.png","width":900,"height":1200},{"@type":"BreadcrumbList","@id":"https:\/\/b2b.mvgd.pl\/index.php\/produkt\/diez-siglos-aniago-joven-roble-075-145\/#breadcrumb","itemListElement":[{"@type":"ListItem","position":1,"name":"Strona g\u0142\u00f3wna","item":"https:\/\/b2b.mvgd.pl\/"},{"@type":"ListItem","position":2,"name":"Shop","item":"https:\/\/b2b.mvgd.pl\/index.php\/shop\/"},{"@type":"ListItem","position":3,"name":"Diez Siglos Aniago Joven Roble 0,75 14,5%"}]},{"@type":"WebSite","@id":"https:\/\/b2b.mvgd.pl\/#website","url":"https:\/\/b2b.mvgd.pl\/","name":"B2B MVGD PL","description":"","potentialAction":[{"@type":"SearchAction","target":{"@type":"EntryPoint","urlTemplate":"https:\/\/b2b.mvgd.pl\/?s={search_term_string}"},"query-input":{"@type":"PropertyValueSpecification","valueRequired":true,"valueName":"search_term_string"}}],"inLanguage":"pl-PL"}]}},"jetpack_sharing_enabled":true,"_links":{"self":[{"href":"https:\/\/b2b.mvgd.pl\/index.php\/wp-json\/wp\/v2\/product\/742","targetHints":{"allow":["GET"]}}],"collection":[{"href":"https:\/\/b2b.mvgd.pl\/index.php\/wp-json\/wp\/v2\/product"}],"about":[{"href":"https:\/\/b2b.mvgd.pl\/index.php\/wp-json\/wp\/v2\/types\/product"}],"replies":[{"embeddable":true,"href":"https:\/\/b2b.mvgd.pl\/index.php\/wp-json\/wp\/v2\/comments?post=742"}],"version-history":[{"count":0,"href":"https:\/\/b2b.mvgd.pl\/index.php\/wp-json\/wp\/v2\/product\/742\/revisions"}],"wp:featuredmedia":[{"embeddable":true,"href":"https:\/\/b2b.mvgd.pl\/index.php\/wp-json\/wp\/v2\/media\/794"}],"wp:attachment":[{"href":"https:\/\/b2b.mvgd.pl\/index.php\/wp-json\/wp\/v2\/media?parent=742"}],"wp:term":[{"taxonomy":"product_brand","embeddable":true,"href":"https:\/\/b2b.mvgd.pl\/index.php\/wp-json\/wp\/v2\/product_brand?post=742"},{"taxonomy":"product_cat","embeddable":true,"href":"https:\/\/b2b.mvgd.pl\/index.php\/wp-json\/wp\/v2\/product_cat?post=742"},{"taxonomy":"product_tag","embeddable":true,"href":"https:\/\/b2b.mvgd.pl\/index.php\/wp-json\/wp\/v2\/product_tag?post=742"}],"curies":[{"name":"wp","href":"https:\/\/api.w.org\/{rel}","templated":true}]}}