{"id":741,"date":"2026-02-16T18:52:51","date_gmt":"2026-02-16T18:52:51","guid":{"rendered":"https:\/\/b2b.mvgd.pl\/?post_type=product&#038;p=741"},"modified":"2026-02-16T18:54:42","modified_gmt":"2026-02-16T18:54:42","slug":"diez-siglos-peribanez-tinto-tempranillo-075-145","status":"publish","type":"product","link":"https:\/\/b2b.mvgd.pl\/index.php\/produkt\/diez-siglos-peribanez-tinto-tempranillo-075-145\/","title":{"rendered":"Diez Siglos Perib\u00e1\u00f1ez Tinto Tempranillo 0,75 14,5%"},"content":{"rendered":"<p data-start=\"477\" data-end=\"571\"><span class=\"relative -mx-px my-[-0.2rem] rounded px-px py-[0.2rem] transition-colors duration-100 ease-in-out\">Perib\u00e1\u00f1ez Tinto Tempranillo to m\u0142ode, wytrawne wino czerwone, stworzone z pe\u0142ni dojrza\u0142ego szczepu Tempranillo. Winifikacja w kontrolowanej temperaturze i kr\u00f3tka maceracja nadaj\u0105 mu czysty, owocowy charakter z wyra\u017an\u0105 struktur\u0105. Le\u017cakowane rok w butelce dla uzyskania r\u00f3wnowagi i g\u0142adko\u015bci. Idealne codzienne wino o hiszpa\u0144skim rodowodzie.<\/span><\/p>\n<p data-start=\"573\" data-end=\"608\"><strong data-start=\"573\" data-end=\"606\">Charakterystyka degustacyjna:<\/strong><\/p>\n<ul data-start=\"609\" data-end=\"772\">\n<li data-start=\"609\" data-end=\"650\">\n<p data-start=\"611\" data-end=\"650\"><span class=\"relative -mx-px my-[-0.2rem] rounded px-px py-[0.2rem] transition-colors duration-100 ease-in-out\"><strong data-start=\"0\" data-end=\"10\" data-is-only-node=\"\">Barwa:<\/strong> Czerwony z lekko purpurowymi refleksami.<\/span><\/p>\n<\/li>\n<li data-start=\"651\" data-end=\"692\">\n<p data-start=\"653\" data-end=\"692\"><span class=\"relative -mx-px my-[-0.2rem] rounded px-px py-[0.2rem] transition-colors duration-100 ease-in-out\"><strong data-start=\"0\" data-end=\"8\" data-is-only-node=\"\">Nos:<\/strong> Aromaty \u015bwie\u017cych owoc\u00f3w le\u015bnych \u2014 je\u017cyn, czere\u015bni, z delikatnym odcieniem przypraw.<\/span><\/p>\n<\/li>\n<li data-start=\"693\" data-end=\"772\">\n<p data-start=\"695\" data-end=\"772\"><span class=\"relative -mx-px my-[-0.2rem] rounded px-px py-[0.2rem] transition-colors duration-100 ease-in-out\"><strong data-start=\"0\" data-end=\"9\" data-is-only-node=\"\">Usta:<\/strong> \u015arednio zbudowane, z soczyst\u0105 kwasowo\u015bci\u0105, elastycznymi taninami i owocowym finiszem z lekk\u0105 nut\u0105 przyprawow\u0105.<\/span><\/p>\n<\/li>\n<\/ul>\n<p data-start=\"774\" data-end=\"870\"><strong data-start=\"774\" data-end=\"788\">Starzenie: <\/strong><span class=\"relative -mx-px my-[-0.2rem] rounded px-px py-[0.2rem] transition-colors duration-100 ease-in-out\">Maceracja przez 3 dni w temperaturze oko\u0142o 20\u202f\u00b0C, fermentacja trwa\u0142a oko\u0142o 24 dni. Po fermentacji wino dojrzewa\u0142o przez 1 rok w butelce, co zapewnia zbalansowany profil smakowy bez ekspresji d\u0119bu.<\/span><\/p>\n<p data-start=\"872\" data-end=\"959\"><strong data-start=\"872\" data-end=\"891\">Napowietrzanie: <\/strong>Nie wymaga dekantowania; mo\u017cna serwowa\u0107 bezpo\u015brednio po otwarciu.<\/p>\n<p data-start=\"961\" data-end=\"1161\"><strong data-start=\"961\" data-end=\"987\">Dopasowanie do potraw: <\/strong>Pasuje do codziennych da\u0144, takich jak kurczak z grilla, tapas, lekkie potrawy mi\u0119sne, makarony z sosami pomidorowymi czy hiszpa\u0144skie dania jak tortilla, pulpo czy chorizo.<\/p>\n<p data-start=\"1163\" data-end=\"1201\"><strong data-start=\"1163\" data-end=\"1190\">Temperatura serwowania:<\/strong>16\u201318\u202f\u00b0C<\/p>\n<p data-start=\"1203\" data-end=\"1306\"><strong data-start=\"1203\" data-end=\"1229\">Potencja\u0142 dojrzewania: <\/strong>Przeznaczone do spo\u017cycia w m\u0142odo\u015bci, najlepiej w ci\u0105gu 2\u20133 lat od zbior\u00f3w.<\/p>\n","protected":false},"excerpt":{"rendered":"<p data-start=\"1313\" data-end=\"1642\">Perib\u00e1\u00f1ez Tinto Tempranillo to \u017cywe, hiszpa\u0144skie wino czerwone z 100% Tempranillo, oferuj\u0105ce soczyste aromaty czerwonych owoc\u00f3w i przyjemnie mi\u0119kkie taniny. Starzone w butelce przez rok, \u015bwietnie sprawdzi si\u0119 jako codzienny towarzysz posi\u0142k\u00f3w i niezobowi\u0105zuj\u0105cy, ale dobrze zbalansowany trunek do lekkich da\u0144.<\/p>\n","protected":false},"featured_media":793,"comment_status":"closed","ping_status":"closed","template":"","meta":[],"product_brand":[],"product_cat":[242,927,18],"product_tag":[737,928,929,941],"class_list":{"0":"post-741","1":"product","2":"type-product","3":"status-publish","4":"has-post-thumbnail","6":"product_cat-hiszpania","7":"product_cat-kastylia-i-leon","8":"product_cat-wina","9":"product_tag-czerwone","10":"product_tag-diez-siglos","11":"product_tag-hiszpania","12":"product_tag-tempranillo","14":"first","15":"instock","16":"shipping-taxable","17":"purchasable","18":"product-type-simple"},"yoast_head":"<!-- This site is optimized with the Yoast SEO plugin v26.9 - https:\/\/yoast.com\/product\/yoast-seo-wordpress\/ -->\n<title>Diez Siglos Perib\u00e1\u00f1ez Tinto Tempranillo 0,75 14,5% - B2B MVGD PL<\/title>\n<meta name=\"robots\" content=\"index, follow, max-snippet:-1, max-image-preview:large, max-video-preview:-1\" \/>\n<link rel=\"canonical\" href=\"https:\/\/b2b.mvgd.pl\/index.php\/produkt\/diez-siglos-peribanez-tinto-tempranillo-075-145\/\" \/>\n<meta property=\"og:locale\" content=\"pl_PL\" \/>\n<meta property=\"og:type\" content=\"article\" \/>\n<meta property=\"og:title\" content=\"Diez Siglos Perib\u00e1\u00f1ez Tinto Tempranillo 0,75 14,5% - B2B MVGD PL\" \/>\n<meta property=\"og:description\" content=\"Perib\u00e1\u00f1ez Tinto Tempranillo to \u017cywe, hiszpa\u0144skie wino czerwone z 100% Tempranillo, oferuj\u0105ce soczyste aromaty czerwonych owoc\u00f3w i przyjemnie mi\u0119kkie taniny. Starzone w butelce przez rok, \u015bwietnie sprawdzi si\u0119 jako codzienny towarzysz posi\u0142k\u00f3w i niezobowi\u0105zuj\u0105cy, ale dobrze zbalansowany trunek do lekkich da\u0144.\" \/>\n<meta property=\"og:url\" content=\"https:\/\/b2b.mvgd.pl\/index.php\/produkt\/diez-siglos-peribanez-tinto-tempranillo-075-145\/\" \/>\n<meta property=\"og:site_name\" content=\"B2B MVGD PL\" \/>\n<meta property=\"article:modified_time\" content=\"2026-02-16T18:54:42+00:00\" \/>\n<meta name=\"twitter:card\" content=\"summary_large_image\" \/>\n<meta name=\"twitter:label1\" content=\"Szacowany czas czytania\" \/>\n\t<meta name=\"twitter:data1\" content=\"1 minuta\" \/>\n<script type=\"application\/ld+json\" class=\"yoast-schema-graph\">{\"@context\":\"https:\/\/schema.org\",\"@graph\":[{\"@type\":\"WebPage\",\"@id\":\"https:\/\/b2b.mvgd.pl\/index.php\/produkt\/diez-siglos-peribanez-tinto-tempranillo-075-145\/\",\"url\":\"https:\/\/b2b.mvgd.pl\/index.php\/produkt\/diez-siglos-peribanez-tinto-tempranillo-075-145\/\",\"name\":\"Diez Siglos Perib\u00e1\u00f1ez Tinto Tempranillo 0,75 14,5% - B2B MVGD PL\",\"isPartOf\":{\"@id\":\"https:\/\/b2b.mvgd.pl\/#website\"},\"primaryImageOfPage\":{\"@id\":\"https:\/\/b2b.mvgd.pl\/index.php\/produkt\/diez-siglos-peribanez-tinto-tempranillo-075-145\/#primaryimage\"},\"image\":{\"@id\":\"https:\/\/b2b.mvgd.pl\/index.php\/produkt\/diez-siglos-peribanez-tinto-tempranillo-075-145\/#primaryimage\"},\"thumbnailUrl\":\"https:\/\/b2b.mvgd.pl\/wp-content\/uploads\/2026\/02\/PERIBANEZ-TINTO.png\",\"datePublished\":\"2026-02-16T18:52:51+00:00\",\"dateModified\":\"2026-02-16T18:54:42+00:00\",\"breadcrumb\":{\"@id\":\"https:\/\/b2b.mvgd.pl\/index.php\/produkt\/diez-siglos-peribanez-tinto-tempranillo-075-145\/#breadcrumb\"},\"inLanguage\":\"pl-PL\",\"potentialAction\":[{\"@type\":\"ReadAction\",\"target\":[\"https:\/\/b2b.mvgd.pl\/index.php\/produkt\/diez-siglos-peribanez-tinto-tempranillo-075-145\/\"]}]},{\"@type\":\"ImageObject\",\"inLanguage\":\"pl-PL\",\"@id\":\"https:\/\/b2b.mvgd.pl\/index.php\/produkt\/diez-siglos-peribanez-tinto-tempranillo-075-145\/#primaryimage\",\"url\":\"https:\/\/b2b.mvgd.pl\/wp-content\/uploads\/2026\/02\/PERIBANEZ-TINTO.png\",\"contentUrl\":\"https:\/\/b2b.mvgd.pl\/wp-content\/uploads\/2026\/02\/PERIBANEZ-TINTO.png\",\"width\":900,\"height\":1200},{\"@type\":\"BreadcrumbList\",\"@id\":\"https:\/\/b2b.mvgd.pl\/index.php\/produkt\/diez-siglos-peribanez-tinto-tempranillo-075-145\/#breadcrumb\",\"itemListElement\":[{\"@type\":\"ListItem\",\"position\":1,\"name\":\"Strona g\u0142\u00f3wna\",\"item\":\"https:\/\/b2b.mvgd.pl\/\"},{\"@type\":\"ListItem\",\"position\":2,\"name\":\"Shop\",\"item\":\"https:\/\/b2b.mvgd.pl\/index.php\/shop\/\"},{\"@type\":\"ListItem\",\"position\":3,\"name\":\"Diez Siglos Perib\u00e1\u00f1ez Tinto Tempranillo 0,75 14,5%\"}]},{\"@type\":\"WebSite\",\"@id\":\"https:\/\/b2b.mvgd.pl\/#website\",\"url\":\"https:\/\/b2b.mvgd.pl\/\",\"name\":\"B2B MVGD PL\",\"description\":\"\",\"potentialAction\":[{\"@type\":\"SearchAction\",\"target\":{\"@type\":\"EntryPoint\",\"urlTemplate\":\"https:\/\/b2b.mvgd.pl\/?s={search_term_string}\"},\"query-input\":{\"@type\":\"PropertyValueSpecification\",\"valueRequired\":true,\"valueName\":\"search_term_string\"}}],\"inLanguage\":\"pl-PL\"}]}<\/script>\n<!-- \/ Yoast SEO plugin. -->","yoast_head_json":{"title":"Diez Siglos Perib\u00e1\u00f1ez Tinto Tempranillo 0,75 14,5% - B2B MVGD PL","robots":{"index":"index","follow":"follow","max-snippet":"max-snippet:-1","max-image-preview":"max-image-preview:large","max-video-preview":"max-video-preview:-1"},"canonical":"https:\/\/b2b.mvgd.pl\/index.php\/produkt\/diez-siglos-peribanez-tinto-tempranillo-075-145\/","og_locale":"pl_PL","og_type":"article","og_title":"Diez Siglos Perib\u00e1\u00f1ez Tinto Tempranillo 0,75 14,5% - B2B MVGD PL","og_description":"Perib\u00e1\u00f1ez Tinto Tempranillo to \u017cywe, hiszpa\u0144skie wino czerwone z 100% Tempranillo, oferuj\u0105ce soczyste aromaty czerwonych owoc\u00f3w i przyjemnie mi\u0119kkie taniny. Starzone w butelce przez rok, \u015bwietnie sprawdzi si\u0119 jako codzienny towarzysz posi\u0142k\u00f3w i niezobowi\u0105zuj\u0105cy, ale dobrze zbalansowany trunek do lekkich da\u0144.","og_url":"https:\/\/b2b.mvgd.pl\/index.php\/produkt\/diez-siglos-peribanez-tinto-tempranillo-075-145\/","og_site_name":"B2B MVGD PL","article_modified_time":"2026-02-16T18:54:42+00:00","twitter_card":"summary_large_image","twitter_misc":{"Szacowany czas czytania":"1 minuta"},"schema":{"@context":"https:\/\/schema.org","@graph":[{"@type":"WebPage","@id":"https:\/\/b2b.mvgd.pl\/index.php\/produkt\/diez-siglos-peribanez-tinto-tempranillo-075-145\/","url":"https:\/\/b2b.mvgd.pl\/index.php\/produkt\/diez-siglos-peribanez-tinto-tempranillo-075-145\/","name":"Diez Siglos Perib\u00e1\u00f1ez Tinto Tempranillo 0,75 14,5% - B2B MVGD PL","isPartOf":{"@id":"https:\/\/b2b.mvgd.pl\/#website"},"primaryImageOfPage":{"@id":"https:\/\/b2b.mvgd.pl\/index.php\/produkt\/diez-siglos-peribanez-tinto-tempranillo-075-145\/#primaryimage"},"image":{"@id":"https:\/\/b2b.mvgd.pl\/index.php\/produkt\/diez-siglos-peribanez-tinto-tempranillo-075-145\/#primaryimage"},"thumbnailUrl":"https:\/\/b2b.mvgd.pl\/wp-content\/uploads\/2026\/02\/PERIBANEZ-TINTO.png","datePublished":"2026-02-16T18:52:51+00:00","dateModified":"2026-02-16T18:54:42+00:00","breadcrumb":{"@id":"https:\/\/b2b.mvgd.pl\/index.php\/produkt\/diez-siglos-peribanez-tinto-tempranillo-075-145\/#breadcrumb"},"inLanguage":"pl-PL","potentialAction":[{"@type":"ReadAction","target":["https:\/\/b2b.mvgd.pl\/index.php\/produkt\/diez-siglos-peribanez-tinto-tempranillo-075-145\/"]}]},{"@type":"ImageObject","inLanguage":"pl-PL","@id":"https:\/\/b2b.mvgd.pl\/index.php\/produkt\/diez-siglos-peribanez-tinto-tempranillo-075-145\/#primaryimage","url":"https:\/\/b2b.mvgd.pl\/wp-content\/uploads\/2026\/02\/PERIBANEZ-TINTO.png","contentUrl":"https:\/\/b2b.mvgd.pl\/wp-content\/uploads\/2026\/02\/PERIBANEZ-TINTO.png","width":900,"height":1200},{"@type":"BreadcrumbList","@id":"https:\/\/b2b.mvgd.pl\/index.php\/produkt\/diez-siglos-peribanez-tinto-tempranillo-075-145\/#breadcrumb","itemListElement":[{"@type":"ListItem","position":1,"name":"Strona g\u0142\u00f3wna","item":"https:\/\/b2b.mvgd.pl\/"},{"@type":"ListItem","position":2,"name":"Shop","item":"https:\/\/b2b.mvgd.pl\/index.php\/shop\/"},{"@type":"ListItem","position":3,"name":"Diez Siglos Perib\u00e1\u00f1ez Tinto Tempranillo 0,75 14,5%"}]},{"@type":"WebSite","@id":"https:\/\/b2b.mvgd.pl\/#website","url":"https:\/\/b2b.mvgd.pl\/","name":"B2B MVGD PL","description":"","potentialAction":[{"@type":"SearchAction","target":{"@type":"EntryPoint","urlTemplate":"https:\/\/b2b.mvgd.pl\/?s={search_term_string}"},"query-input":{"@type":"PropertyValueSpecification","valueRequired":true,"valueName":"search_term_string"}}],"inLanguage":"pl-PL"}]}},"jetpack_sharing_enabled":true,"_links":{"self":[{"href":"https:\/\/b2b.mvgd.pl\/index.php\/wp-json\/wp\/v2\/product\/741","targetHints":{"allow":["GET"]}}],"collection":[{"href":"https:\/\/b2b.mvgd.pl\/index.php\/wp-json\/wp\/v2\/product"}],"about":[{"href":"https:\/\/b2b.mvgd.pl\/index.php\/wp-json\/wp\/v2\/types\/product"}],"replies":[{"embeddable":true,"href":"https:\/\/b2b.mvgd.pl\/index.php\/wp-json\/wp\/v2\/comments?post=741"}],"version-history":[{"count":0,"href":"https:\/\/b2b.mvgd.pl\/index.php\/wp-json\/wp\/v2\/product\/741\/revisions"}],"wp:featuredmedia":[{"embeddable":true,"href":"https:\/\/b2b.mvgd.pl\/index.php\/wp-json\/wp\/v2\/media\/793"}],"wp:attachment":[{"href":"https:\/\/b2b.mvgd.pl\/index.php\/wp-json\/wp\/v2\/media?parent=741"}],"wp:term":[{"taxonomy":"product_brand","embeddable":true,"href":"https:\/\/b2b.mvgd.pl\/index.php\/wp-json\/wp\/v2\/product_brand?post=741"},{"taxonomy":"product_cat","embeddable":true,"href":"https:\/\/b2b.mvgd.pl\/index.php\/wp-json\/wp\/v2\/product_cat?post=741"},{"taxonomy":"product_tag","embeddable":true,"href":"https:\/\/b2b.mvgd.pl\/index.php\/wp-json\/wp\/v2\/product_tag?post=741"}],"curies":[{"name":"wp","href":"https:\/\/api.w.org\/{rel}","templated":true}]}}