{"id":74,"date":"2026-02-16T18:31:57","date_gmt":"2026-02-16T18:31:57","guid":{"rendered":"https:\/\/b2b.mvgd.pl\/?post_type=product&#038;p=74"},"modified":"2026-02-16T18:33:51","modified_gmt":"2026-02-16T18:33:51","slug":"bache-gabrielsen-xo-fine-champagne-07l-40","status":"publish","type":"product","link":"https:\/\/b2b.mvgd.pl\/index.php\/produkt\/bache-gabrielsen-xo-fine-champagne-07l-40\/","title":{"rendered":"Bache Gabrielsen XO Fine Champagne 0,7l 40%"},"content":{"rendered":"<p>Obszary uprawy: Grande Champagne \u2013 Petite Champagne<\/p>\n<p>Starzenie: minimum 10 lat w beczkach z d\u0119bu Limousin<\/p>\n<p>Aromat: Wyj\u0105tkowo kwiatowy, z nutami cynamonu, wanilii, miodu, irysa i cygara nos.<\/p>\n<p>Smak: \u015bwietna r\u00f3wnowaga z lekko pieprznymi nutami, a nast\u0119pnie suszonymi owocami i czekolad\u0105, kt\u00f3re potwierdzaj\u0105, \u017ce proces le\u017cakowania przebieg\u0142 doskonale.<\/p>\n<p>Finisz: na podniebieniu ma rzadk\u0105 konsystencj\u0119 i zachowuje smak cynamon i s\u0142odkie przyprawy.<\/p>\n","protected":false},"excerpt":{"rendered":"<p>Dojrzewa w d\u0119bowych beczkach i wykracza poza to, czego og\u00f3lnie oczekuje si\u0119 od klasyki XO, ten koniak jest mieszank\u0105 wi\u0119kszo\u015bci Grande Champagne i Petite Szampan, spe\u0142niaj\u0105cy wszystkie warunki wymagane do zaklasyfikowania go jako Fine Champagne.<\/p>\n<p>&nbsp;<\/p>\n","protected":false},"featured_media":136,"comment_status":"open","ping_status":"closed","template":"","meta":[],"product_brand":[],"product_cat":[114],"product_tag":[115,116,117],"class_list":{"0":"post-74","1":"product","2":"type-product","3":"status-publish","4":"has-post-thumbnail","6":"product_cat-koniak","7":"product_tag-bache","8":"product_tag-bache-gabrielsen","9":"product_tag-koniak","11":"first","12":"instock","13":"shipping-taxable","14":"purchasable","15":"product-type-simple"},"yoast_head":"<!-- This site is optimized with the Yoast SEO plugin v26.9 - https:\/\/yoast.com\/product\/yoast-seo-wordpress\/ -->\n<title>Bache Gabrielsen XO Fine Champagne 0,7l 40% - B2B MVGD PL<\/title>\n<meta name=\"robots\" content=\"index, follow, max-snippet:-1, max-image-preview:large, max-video-preview:-1\" \/>\n<link rel=\"canonical\" href=\"https:\/\/b2b.mvgd.pl\/index.php\/produkt\/bache-gabrielsen-xo-fine-champagne-07l-40\/\" \/>\n<meta property=\"og:locale\" content=\"pl_PL\" \/>\n<meta property=\"og:type\" content=\"article\" \/>\n<meta property=\"og:title\" content=\"Bache Gabrielsen XO Fine Champagne 0,7l 40% - B2B MVGD PL\" \/>\n<meta property=\"og:description\" content=\"Dojrzewa w d\u0119bowych beczkach i wykracza poza to, czego og\u00f3lnie oczekuje si\u0119 od klasyki XO, ten koniak jest mieszank\u0105 wi\u0119kszo\u015bci Grande Champagne i Petite Szampan, spe\u0142niaj\u0105cy wszystkie warunki wymagane do zaklasyfikowania go jako Fine Champagne.  &nbsp;\" \/>\n<meta property=\"og:url\" content=\"https:\/\/b2b.mvgd.pl\/index.php\/produkt\/bache-gabrielsen-xo-fine-champagne-07l-40\/\" \/>\n<meta property=\"og:site_name\" content=\"B2B MVGD PL\" \/>\n<meta property=\"article:modified_time\" content=\"2026-02-16T18:33:51+00:00\" \/>\n<meta name=\"twitter:card\" content=\"summary_large_image\" \/>\n<script type=\"application\/ld+json\" class=\"yoast-schema-graph\">{\"@context\":\"https:\/\/schema.org\",\"@graph\":[{\"@type\":\"WebPage\",\"@id\":\"https:\/\/b2b.mvgd.pl\/index.php\/produkt\/bache-gabrielsen-xo-fine-champagne-07l-40\/\",\"url\":\"https:\/\/b2b.mvgd.pl\/index.php\/produkt\/bache-gabrielsen-xo-fine-champagne-07l-40\/\",\"name\":\"Bache Gabrielsen XO Fine Champagne 0,7l 40% - B2B MVGD PL\",\"isPartOf\":{\"@id\":\"https:\/\/b2b.mvgd.pl\/#website\"},\"primaryImageOfPage\":{\"@id\":\"https:\/\/b2b.mvgd.pl\/index.php\/produkt\/bache-gabrielsen-xo-fine-champagne-07l-40\/#primaryimage\"},\"image\":{\"@id\":\"https:\/\/b2b.mvgd.pl\/index.php\/produkt\/bache-gabrielsen-xo-fine-champagne-07l-40\/#primaryimage\"},\"thumbnailUrl\":\"https:\/\/b2b.mvgd.pl\/wp-content\/uploads\/2026\/02\/PKJBAC0747.png\",\"datePublished\":\"2026-02-16T18:31:57+00:00\",\"dateModified\":\"2026-02-16T18:33:51+00:00\",\"breadcrumb\":{\"@id\":\"https:\/\/b2b.mvgd.pl\/index.php\/produkt\/bache-gabrielsen-xo-fine-champagne-07l-40\/#breadcrumb\"},\"inLanguage\":\"pl-PL\",\"potentialAction\":[{\"@type\":\"ReadAction\",\"target\":[\"https:\/\/b2b.mvgd.pl\/index.php\/produkt\/bache-gabrielsen-xo-fine-champagne-07l-40\/\"]}]},{\"@type\":\"ImageObject\",\"inLanguage\":\"pl-PL\",\"@id\":\"https:\/\/b2b.mvgd.pl\/index.php\/produkt\/bache-gabrielsen-xo-fine-champagne-07l-40\/#primaryimage\",\"url\":\"https:\/\/b2b.mvgd.pl\/wp-content\/uploads\/2026\/02\/PKJBAC0747.png\",\"contentUrl\":\"https:\/\/b2b.mvgd.pl\/wp-content\/uploads\/2026\/02\/PKJBAC0747.png\",\"width\":900,\"height\":1200},{\"@type\":\"BreadcrumbList\",\"@id\":\"https:\/\/b2b.mvgd.pl\/index.php\/produkt\/bache-gabrielsen-xo-fine-champagne-07l-40\/#breadcrumb\",\"itemListElement\":[{\"@type\":\"ListItem\",\"position\":1,\"name\":\"Strona g\u0142\u00f3wna\",\"item\":\"https:\/\/b2b.mvgd.pl\/\"},{\"@type\":\"ListItem\",\"position\":2,\"name\":\"Shop\",\"item\":\"https:\/\/b2b.mvgd.pl\/index.php\/shop\/\"},{\"@type\":\"ListItem\",\"position\":3,\"name\":\"Bache Gabrielsen XO Fine Champagne 0,7l 40%\"}]},{\"@type\":\"WebSite\",\"@id\":\"https:\/\/b2b.mvgd.pl\/#website\",\"url\":\"https:\/\/b2b.mvgd.pl\/\",\"name\":\"B2B MVGD PL\",\"description\":\"\",\"potentialAction\":[{\"@type\":\"SearchAction\",\"target\":{\"@type\":\"EntryPoint\",\"urlTemplate\":\"https:\/\/b2b.mvgd.pl\/?s={search_term_string}\"},\"query-input\":{\"@type\":\"PropertyValueSpecification\",\"valueRequired\":true,\"valueName\":\"search_term_string\"}}],\"inLanguage\":\"pl-PL\"}]}<\/script>\n<!-- \/ Yoast SEO plugin. -->","yoast_head_json":{"title":"Bache Gabrielsen XO Fine Champagne 0,7l 40% - B2B MVGD PL","robots":{"index":"index","follow":"follow","max-snippet":"max-snippet:-1","max-image-preview":"max-image-preview:large","max-video-preview":"max-video-preview:-1"},"canonical":"https:\/\/b2b.mvgd.pl\/index.php\/produkt\/bache-gabrielsen-xo-fine-champagne-07l-40\/","og_locale":"pl_PL","og_type":"article","og_title":"Bache Gabrielsen XO Fine Champagne 0,7l 40% - B2B MVGD PL","og_description":"Dojrzewa w d\u0119bowych beczkach i wykracza poza to, czego og\u00f3lnie oczekuje si\u0119 od klasyki XO, ten koniak jest mieszank\u0105 wi\u0119kszo\u015bci Grande Champagne i Petite Szampan, spe\u0142niaj\u0105cy wszystkie warunki wymagane do zaklasyfikowania go jako Fine Champagne.  &nbsp;","og_url":"https:\/\/b2b.mvgd.pl\/index.php\/produkt\/bache-gabrielsen-xo-fine-champagne-07l-40\/","og_site_name":"B2B MVGD PL","article_modified_time":"2026-02-16T18:33:51+00:00","twitter_card":"summary_large_image","schema":{"@context":"https:\/\/schema.org","@graph":[{"@type":"WebPage","@id":"https:\/\/b2b.mvgd.pl\/index.php\/produkt\/bache-gabrielsen-xo-fine-champagne-07l-40\/","url":"https:\/\/b2b.mvgd.pl\/index.php\/produkt\/bache-gabrielsen-xo-fine-champagne-07l-40\/","name":"Bache Gabrielsen XO Fine Champagne 0,7l 40% - B2B MVGD PL","isPartOf":{"@id":"https:\/\/b2b.mvgd.pl\/#website"},"primaryImageOfPage":{"@id":"https:\/\/b2b.mvgd.pl\/index.php\/produkt\/bache-gabrielsen-xo-fine-champagne-07l-40\/#primaryimage"},"image":{"@id":"https:\/\/b2b.mvgd.pl\/index.php\/produkt\/bache-gabrielsen-xo-fine-champagne-07l-40\/#primaryimage"},"thumbnailUrl":"https:\/\/b2b.mvgd.pl\/wp-content\/uploads\/2026\/02\/PKJBAC0747.png","datePublished":"2026-02-16T18:31:57+00:00","dateModified":"2026-02-16T18:33:51+00:00","breadcrumb":{"@id":"https:\/\/b2b.mvgd.pl\/index.php\/produkt\/bache-gabrielsen-xo-fine-champagne-07l-40\/#breadcrumb"},"inLanguage":"pl-PL","potentialAction":[{"@type":"ReadAction","target":["https:\/\/b2b.mvgd.pl\/index.php\/produkt\/bache-gabrielsen-xo-fine-champagne-07l-40\/"]}]},{"@type":"ImageObject","inLanguage":"pl-PL","@id":"https:\/\/b2b.mvgd.pl\/index.php\/produkt\/bache-gabrielsen-xo-fine-champagne-07l-40\/#primaryimage","url":"https:\/\/b2b.mvgd.pl\/wp-content\/uploads\/2026\/02\/PKJBAC0747.png","contentUrl":"https:\/\/b2b.mvgd.pl\/wp-content\/uploads\/2026\/02\/PKJBAC0747.png","width":900,"height":1200},{"@type":"BreadcrumbList","@id":"https:\/\/b2b.mvgd.pl\/index.php\/produkt\/bache-gabrielsen-xo-fine-champagne-07l-40\/#breadcrumb","itemListElement":[{"@type":"ListItem","position":1,"name":"Strona g\u0142\u00f3wna","item":"https:\/\/b2b.mvgd.pl\/"},{"@type":"ListItem","position":2,"name":"Shop","item":"https:\/\/b2b.mvgd.pl\/index.php\/shop\/"},{"@type":"ListItem","position":3,"name":"Bache Gabrielsen XO Fine Champagne 0,7l 40%"}]},{"@type":"WebSite","@id":"https:\/\/b2b.mvgd.pl\/#website","url":"https:\/\/b2b.mvgd.pl\/","name":"B2B MVGD PL","description":"","potentialAction":[{"@type":"SearchAction","target":{"@type":"EntryPoint","urlTemplate":"https:\/\/b2b.mvgd.pl\/?s={search_term_string}"},"query-input":{"@type":"PropertyValueSpecification","valueRequired":true,"valueName":"search_term_string"}}],"inLanguage":"pl-PL"}]}},"jetpack_sharing_enabled":true,"_links":{"self":[{"href":"https:\/\/b2b.mvgd.pl\/index.php\/wp-json\/wp\/v2\/product\/74","targetHints":{"allow":["GET"]}}],"collection":[{"href":"https:\/\/b2b.mvgd.pl\/index.php\/wp-json\/wp\/v2\/product"}],"about":[{"href":"https:\/\/b2b.mvgd.pl\/index.php\/wp-json\/wp\/v2\/types\/product"}],"replies":[{"embeddable":true,"href":"https:\/\/b2b.mvgd.pl\/index.php\/wp-json\/wp\/v2\/comments?post=74"}],"version-history":[{"count":0,"href":"https:\/\/b2b.mvgd.pl\/index.php\/wp-json\/wp\/v2\/product\/74\/revisions"}],"wp:featuredmedia":[{"embeddable":true,"href":"https:\/\/b2b.mvgd.pl\/index.php\/wp-json\/wp\/v2\/media\/136"}],"wp:attachment":[{"href":"https:\/\/b2b.mvgd.pl\/index.php\/wp-json\/wp\/v2\/media?parent=74"}],"wp:term":[{"taxonomy":"product_brand","embeddable":true,"href":"https:\/\/b2b.mvgd.pl\/index.php\/wp-json\/wp\/v2\/product_brand?post=74"},{"taxonomy":"product_cat","embeddable":true,"href":"https:\/\/b2b.mvgd.pl\/index.php\/wp-json\/wp\/v2\/product_cat?post=74"},{"taxonomy":"product_tag","embeddable":true,"href":"https:\/\/b2b.mvgd.pl\/index.php\/wp-json\/wp\/v2\/product_tag?post=74"}],"curies":[{"name":"wp","href":"https:\/\/api.w.org\/{rel}","templated":true}]}}