{"id":729,"date":"2026-02-16T18:52:20","date_gmt":"2026-02-16T18:52:20","guid":{"rendered":"https:\/\/b2b.mvgd.pl\/?post_type=product&#038;p=729"},"modified":"2026-02-16T18:54:27","modified_gmt":"2026-02-16T18:54:27","slug":"diez-siglos-organic-verdejo-075-13","status":"publish","type":"product","link":"https:\/\/b2b.mvgd.pl\/index.php\/produkt\/diez-siglos-organic-verdejo-075-13\/","title":{"rendered":"Diez Siglos Organic Verdejo 0,75 13%"},"content":{"rendered":"<p>Diez Siglos Organic Verdejo to \u015bwie\u017ce, ekologiczne bia\u0142e wino z hiszpa\u0144skiej apelacji Rueda, b\u0119d\u0105ce ho\u0142dem dla klasycznego stylu Verdejo \u2013 szczepu, kt\u00f3ry uwielbia s\u0142o\u0144ce i wapienn\u0105 gleb\u0119 centralnej Hiszpanii. Powstaje z winogron pochodz\u0105cych z certyfikowanych upraw ekologicznych, zbieranych r\u0119cznie noc\u0105, by zachowa\u0107 maksymaln\u0105 \u015bwie\u017co\u015b\u0107 i aromat.<\/p>\n<p>Profil aromatyczny i smakowy:<\/p>\n<p>Nos: Z\u0142o\u017cony i intensywny \u2013 dominuj\u0105 aromaty \u015bwie\u017cych cytrus\u00f3w (limonka, grejpfrut), dojrza\u0142ych owoc\u00f3w pestkowych (brzoskwinia, zielone jab\u0142ko), z nutami kopru w\u0142oskiego, any\u017cu i polnych zi\u00f3\u0142.<\/p>\n<p>Usta: Soczyste i \u015bwie\u017ce, z chrupk\u0105 kwasowo\u015bci\u0105 i lekk\u0105 kremowo\u015bci\u0105 pochodz\u0105c\u0105 z dojrzewania na osadzie dro\u017cd\u017cowym (sur lie). Wyra\u017ana mineralno\u015b\u0107 i d\u0142ugi, cytrusowo-zio\u0142owy finisz.<\/p>\n<p>Starzenie: Fermentacja i dojrzewanie odbywa si\u0119 w kadziach ze stali nierdzewnej. Wino dojrzewa 3 miesi\u0105ce na osadzie, co wzbogaca je o delikatn\u0105 struktur\u0119 i z\u0142o\u017cono\u015b\u0107.<\/p>\n<p>Potencja\u0142 dojrzewania: Najlepiej smakuje m\u0142ode (do 2\u20133 lat od zbioru), cho\u0107 dzi\u0119ki naturalnej kwasowo\u015bci utrzymuje \u015bwie\u017co\u015b\u0107 nieco d\u0142u\u017cej.<\/p>\n<p>Parowanie z potrawami: owoce morza: grillowane krewetki, o\u015bmiornica, ma\u0142\u017ce ryby: pieczony dorsz, ceviche, sushi sa\u0142atki z kozim serem, zio\u0142ami i dressingiem cytrusowym dania kuchni wegetaria\u0144skiej i orientalnej.<\/p>\n<p>Temperatura podania: 8\u201310\u00b0C.<\/p>\n","protected":false},"excerpt":{"rendered":"<p>Diez Siglos Organic Verdejo to \u015bwie\u017ce, ekologiczne bia\u0142e wino z hiszpa\u0144skiej apelacji Rueda, b\u0119d\u0105ce ho\u0142dem dla klasycznego stylu Verdejo \u2013 szczepu, kt\u00f3ry uwielbia s\u0142o\u0144ce i wapienn\u0105 gleb\u0119 centralnej Hiszpanii. Powstaje z winogron pochodz\u0105cych z certyfikowanych upraw ekologicznych, zbieranych r\u0119cznie noc\u0105, by zachowa\u0107 maksymaln\u0105 \u015bwie\u017co\u015b\u0107 i aromat.<\/p>\n","protected":false},"featured_media":782,"comment_status":"closed","ping_status":"closed","template":"","meta":[],"product_brand":[],"product_cat":[242,927,18],"product_tag":[928,929,119,542,320,577],"class_list":{"0":"post-729","1":"product","2":"type-product","3":"status-publish","4":"has-post-thumbnail","6":"product_cat-hiszpania","7":"product_cat-kastylia-i-leon","8":"product_cat-wina","9":"product_tag-diez-siglos","10":"product_tag-hiszpania","11":"product_tag-organic","12":"product_tag-sauvingon-blanc","13":"product_tag-wino","14":"product_tag-wino-biale","16":"first","17":"instock","18":"shipping-taxable","19":"purchasable","20":"product-type-simple"},"yoast_head":"<!-- This site is optimized with the Yoast SEO plugin v26.9 - https:\/\/yoast.com\/product\/yoast-seo-wordpress\/ -->\n<title>Diez Siglos Organic Verdejo 0,75 13% - B2B MVGD PL<\/title>\n<meta name=\"robots\" content=\"index, follow, max-snippet:-1, max-image-preview:large, max-video-preview:-1\" \/>\n<link rel=\"canonical\" href=\"https:\/\/b2b.mvgd.pl\/index.php\/produkt\/diez-siglos-organic-verdejo-075-13\/\" \/>\n<meta property=\"og:locale\" content=\"pl_PL\" \/>\n<meta property=\"og:type\" content=\"article\" \/>\n<meta property=\"og:title\" content=\"Diez Siglos Organic Verdejo 0,75 13% - B2B MVGD PL\" \/>\n<meta property=\"og:description\" content=\"Diez Siglos Organic Verdejo to \u015bwie\u017ce, ekologiczne bia\u0142e wino z hiszpa\u0144skiej apelacji Rueda, b\u0119d\u0105ce ho\u0142dem dla klasycznego stylu Verdejo \u2013 szczepu, kt\u00f3ry uwielbia s\u0142o\u0144ce i wapienn\u0105 gleb\u0119 centralnej Hiszpanii. Powstaje z winogron pochodz\u0105cych z certyfikowanych upraw ekologicznych, zbieranych r\u0119cznie noc\u0105, by zachowa\u0107 maksymaln\u0105 \u015bwie\u017co\u015b\u0107 i aromat.\" \/>\n<meta property=\"og:url\" content=\"https:\/\/b2b.mvgd.pl\/index.php\/produkt\/diez-siglos-organic-verdejo-075-13\/\" \/>\n<meta property=\"og:site_name\" content=\"B2B MVGD PL\" \/>\n<meta property=\"article:modified_time\" content=\"2026-02-16T18:54:27+00:00\" \/>\n<meta name=\"twitter:card\" content=\"summary_large_image\" \/>\n<meta name=\"twitter:label1\" content=\"Szacowany czas czytania\" \/>\n\t<meta name=\"twitter:data1\" content=\"1 minuta\" \/>\n<script type=\"application\/ld+json\" class=\"yoast-schema-graph\">{\"@context\":\"https:\/\/schema.org\",\"@graph\":[{\"@type\":\"WebPage\",\"@id\":\"https:\/\/b2b.mvgd.pl\/index.php\/produkt\/diez-siglos-organic-verdejo-075-13\/\",\"url\":\"https:\/\/b2b.mvgd.pl\/index.php\/produkt\/diez-siglos-organic-verdejo-075-13\/\",\"name\":\"Diez Siglos Organic Verdejo 0,75 13% - B2B MVGD PL\",\"isPartOf\":{\"@id\":\"https:\/\/b2b.mvgd.pl\/#website\"},\"primaryImageOfPage\":{\"@id\":\"https:\/\/b2b.mvgd.pl\/index.php\/produkt\/diez-siglos-organic-verdejo-075-13\/#primaryimage\"},\"image\":{\"@id\":\"https:\/\/b2b.mvgd.pl\/index.php\/produkt\/diez-siglos-organic-verdejo-075-13\/#primaryimage\"},\"thumbnailUrl\":\"https:\/\/b2b.mvgd.pl\/wp-content\/uploads\/2026\/02\/Diez-Siglos-Organic-Verdejo.png\",\"datePublished\":\"2026-02-16T18:52:20+00:00\",\"dateModified\":\"2026-02-16T18:54:27+00:00\",\"breadcrumb\":{\"@id\":\"https:\/\/b2b.mvgd.pl\/index.php\/produkt\/diez-siglos-organic-verdejo-075-13\/#breadcrumb\"},\"inLanguage\":\"pl-PL\",\"potentialAction\":[{\"@type\":\"ReadAction\",\"target\":[\"https:\/\/b2b.mvgd.pl\/index.php\/produkt\/diez-siglos-organic-verdejo-075-13\/\"]}]},{\"@type\":\"ImageObject\",\"inLanguage\":\"pl-PL\",\"@id\":\"https:\/\/b2b.mvgd.pl\/index.php\/produkt\/diez-siglos-organic-verdejo-075-13\/#primaryimage\",\"url\":\"https:\/\/b2b.mvgd.pl\/wp-content\/uploads\/2026\/02\/Diez-Siglos-Organic-Verdejo.png\",\"contentUrl\":\"https:\/\/b2b.mvgd.pl\/wp-content\/uploads\/2026\/02\/Diez-Siglos-Organic-Verdejo.png\",\"width\":900,\"height\":1200},{\"@type\":\"BreadcrumbList\",\"@id\":\"https:\/\/b2b.mvgd.pl\/index.php\/produkt\/diez-siglos-organic-verdejo-075-13\/#breadcrumb\",\"itemListElement\":[{\"@type\":\"ListItem\",\"position\":1,\"name\":\"Strona g\u0142\u00f3wna\",\"item\":\"https:\/\/b2b.mvgd.pl\/\"},{\"@type\":\"ListItem\",\"position\":2,\"name\":\"Shop\",\"item\":\"https:\/\/b2b.mvgd.pl\/index.php\/shop\/\"},{\"@type\":\"ListItem\",\"position\":3,\"name\":\"Diez Siglos Organic Verdejo 0,75 13%\"}]},{\"@type\":\"WebSite\",\"@id\":\"https:\/\/b2b.mvgd.pl\/#website\",\"url\":\"https:\/\/b2b.mvgd.pl\/\",\"name\":\"B2B MVGD PL\",\"description\":\"\",\"potentialAction\":[{\"@type\":\"SearchAction\",\"target\":{\"@type\":\"EntryPoint\",\"urlTemplate\":\"https:\/\/b2b.mvgd.pl\/?s={search_term_string}\"},\"query-input\":{\"@type\":\"PropertyValueSpecification\",\"valueRequired\":true,\"valueName\":\"search_term_string\"}}],\"inLanguage\":\"pl-PL\"}]}<\/script>\n<!-- \/ Yoast SEO plugin. -->","yoast_head_json":{"title":"Diez Siglos Organic Verdejo 0,75 13% - B2B MVGD PL","robots":{"index":"index","follow":"follow","max-snippet":"max-snippet:-1","max-image-preview":"max-image-preview:large","max-video-preview":"max-video-preview:-1"},"canonical":"https:\/\/b2b.mvgd.pl\/index.php\/produkt\/diez-siglos-organic-verdejo-075-13\/","og_locale":"pl_PL","og_type":"article","og_title":"Diez Siglos Organic Verdejo 0,75 13% - B2B MVGD PL","og_description":"Diez Siglos Organic Verdejo to \u015bwie\u017ce, ekologiczne bia\u0142e wino z hiszpa\u0144skiej apelacji Rueda, b\u0119d\u0105ce ho\u0142dem dla klasycznego stylu Verdejo \u2013 szczepu, kt\u00f3ry uwielbia s\u0142o\u0144ce i wapienn\u0105 gleb\u0119 centralnej Hiszpanii. Powstaje z winogron pochodz\u0105cych z certyfikowanych upraw ekologicznych, zbieranych r\u0119cznie noc\u0105, by zachowa\u0107 maksymaln\u0105 \u015bwie\u017co\u015b\u0107 i aromat.","og_url":"https:\/\/b2b.mvgd.pl\/index.php\/produkt\/diez-siglos-organic-verdejo-075-13\/","og_site_name":"B2B MVGD PL","article_modified_time":"2026-02-16T18:54:27+00:00","twitter_card":"summary_large_image","twitter_misc":{"Szacowany czas czytania":"1 minuta"},"schema":{"@context":"https:\/\/schema.org","@graph":[{"@type":"WebPage","@id":"https:\/\/b2b.mvgd.pl\/index.php\/produkt\/diez-siglos-organic-verdejo-075-13\/","url":"https:\/\/b2b.mvgd.pl\/index.php\/produkt\/diez-siglos-organic-verdejo-075-13\/","name":"Diez Siglos Organic Verdejo 0,75 13% - B2B MVGD PL","isPartOf":{"@id":"https:\/\/b2b.mvgd.pl\/#website"},"primaryImageOfPage":{"@id":"https:\/\/b2b.mvgd.pl\/index.php\/produkt\/diez-siglos-organic-verdejo-075-13\/#primaryimage"},"image":{"@id":"https:\/\/b2b.mvgd.pl\/index.php\/produkt\/diez-siglos-organic-verdejo-075-13\/#primaryimage"},"thumbnailUrl":"https:\/\/b2b.mvgd.pl\/wp-content\/uploads\/2026\/02\/Diez-Siglos-Organic-Verdejo.png","datePublished":"2026-02-16T18:52:20+00:00","dateModified":"2026-02-16T18:54:27+00:00","breadcrumb":{"@id":"https:\/\/b2b.mvgd.pl\/index.php\/produkt\/diez-siglos-organic-verdejo-075-13\/#breadcrumb"},"inLanguage":"pl-PL","potentialAction":[{"@type":"ReadAction","target":["https:\/\/b2b.mvgd.pl\/index.php\/produkt\/diez-siglos-organic-verdejo-075-13\/"]}]},{"@type":"ImageObject","inLanguage":"pl-PL","@id":"https:\/\/b2b.mvgd.pl\/index.php\/produkt\/diez-siglos-organic-verdejo-075-13\/#primaryimage","url":"https:\/\/b2b.mvgd.pl\/wp-content\/uploads\/2026\/02\/Diez-Siglos-Organic-Verdejo.png","contentUrl":"https:\/\/b2b.mvgd.pl\/wp-content\/uploads\/2026\/02\/Diez-Siglos-Organic-Verdejo.png","width":900,"height":1200},{"@type":"BreadcrumbList","@id":"https:\/\/b2b.mvgd.pl\/index.php\/produkt\/diez-siglos-organic-verdejo-075-13\/#breadcrumb","itemListElement":[{"@type":"ListItem","position":1,"name":"Strona g\u0142\u00f3wna","item":"https:\/\/b2b.mvgd.pl\/"},{"@type":"ListItem","position":2,"name":"Shop","item":"https:\/\/b2b.mvgd.pl\/index.php\/shop\/"},{"@type":"ListItem","position":3,"name":"Diez Siglos Organic Verdejo 0,75 13%"}]},{"@type":"WebSite","@id":"https:\/\/b2b.mvgd.pl\/#website","url":"https:\/\/b2b.mvgd.pl\/","name":"B2B MVGD PL","description":"","potentialAction":[{"@type":"SearchAction","target":{"@type":"EntryPoint","urlTemplate":"https:\/\/b2b.mvgd.pl\/?s={search_term_string}"},"query-input":{"@type":"PropertyValueSpecification","valueRequired":true,"valueName":"search_term_string"}}],"inLanguage":"pl-PL"}]}},"jetpack_sharing_enabled":true,"_links":{"self":[{"href":"https:\/\/b2b.mvgd.pl\/index.php\/wp-json\/wp\/v2\/product\/729","targetHints":{"allow":["GET"]}}],"collection":[{"href":"https:\/\/b2b.mvgd.pl\/index.php\/wp-json\/wp\/v2\/product"}],"about":[{"href":"https:\/\/b2b.mvgd.pl\/index.php\/wp-json\/wp\/v2\/types\/product"}],"replies":[{"embeddable":true,"href":"https:\/\/b2b.mvgd.pl\/index.php\/wp-json\/wp\/v2\/comments?post=729"}],"version-history":[{"count":0,"href":"https:\/\/b2b.mvgd.pl\/index.php\/wp-json\/wp\/v2\/product\/729\/revisions"}],"wp:featuredmedia":[{"embeddable":true,"href":"https:\/\/b2b.mvgd.pl\/index.php\/wp-json\/wp\/v2\/media\/782"}],"wp:attachment":[{"href":"https:\/\/b2b.mvgd.pl\/index.php\/wp-json\/wp\/v2\/media?parent=729"}],"wp:term":[{"taxonomy":"product_brand","embeddable":true,"href":"https:\/\/b2b.mvgd.pl\/index.php\/wp-json\/wp\/v2\/product_brand?post=729"},{"taxonomy":"product_cat","embeddable":true,"href":"https:\/\/b2b.mvgd.pl\/index.php\/wp-json\/wp\/v2\/product_cat?post=729"},{"taxonomy":"product_tag","embeddable":true,"href":"https:\/\/b2b.mvgd.pl\/index.php\/wp-json\/wp\/v2\/product_tag?post=729"}],"curies":[{"name":"wp","href":"https:\/\/api.w.org\/{rel}","templated":true}]}}