{"id":725,"date":"2026-02-16T18:52:20","date_gmt":"2026-02-16T18:52:20","guid":{"rendered":"https:\/\/b2b.mvgd.pl\/?post_type=product&#038;p=725"},"modified":"2026-02-16T18:54:17","modified_gmt":"2026-02-16T18:54:17","slug":"arribas-do-douro-oliwa-z-oliwek-z-pierwszego-tloczenia-orginal","status":"publish","type":"product","link":"https:\/\/b2b.mvgd.pl\/index.php\/produkt\/arribas-do-douro-oliwa-z-oliwek-z-pierwszego-tloczenia-orginal\/","title":{"rendered":"Arribas Do Douro Oliwa z oliwek z pierwszego t\u0142oczenia, Orginal"},"content":{"rendered":"<p data-start=\"1125\" data-end=\"1612\">Oliwa Arribas do Douro &#8211; Original pochodzi z partii wyselekcjonowanych oliwek z naszych gaj\u00f3w oliwnych w Freixo de Espada \u00e0 Cinta, w regionie Douro Superior.<br data-start=\"1341\" data-end=\"1344\" \/>Dominuj\u0105c\u0105 odmian\u0105 w tej mieszance jest <strong data-start=\"1384\" data-end=\"1395\">Madural<\/strong>, wspierana przez odmiany <strong data-start=\"1421\" data-end=\"1432\">Verdeal<\/strong>, <strong data-start=\"1434\" data-end=\"1448\">Cobran\u00e7osa<\/strong> i <strong data-start=\"1451\" data-end=\"1473\">Negrinha de Freixo<\/strong>, kt\u00f3re razem nadaj\u0105 oliwie \u015bwie\u017cy, owocowy i \u0142agodny smak.<br data-start=\"1532\" data-end=\"1535\" \/>Oliwa kategorii superior, t\u0142oczona na zimno wy\u0142\u0105cznie metodami mechanicznymi.<\/p>\n<p data-start=\"1614\" data-end=\"1686\"><strong data-start=\"1614\" data-end=\"1629\">Idealna do:<\/strong><br data-start=\"1629\" data-end=\"1632\" \/>Lekkich da\u0144, takich jak sa\u0142atki, ryby czy owoce morza.<\/p>\n<p data-start=\"1688\" data-end=\"1702\"><strong data-start=\"1688\" data-end=\"1700\">Odmiany:<\/strong><\/p>\n<ul data-start=\"1703\" data-end=\"1762\">\n<li data-start=\"1703\" data-end=\"1714\">\n<p data-start=\"1705\" data-end=\"1714\">Madural<\/p>\n<\/li>\n<li data-start=\"1715\" data-end=\"1726\">\n<p data-start=\"1717\" data-end=\"1726\">Verdeal<\/p>\n<\/li>\n<li data-start=\"1727\" data-end=\"1741\">\n<p data-start=\"1729\" data-end=\"1741\">Cobran\u00e7osa<\/p>\n<\/li>\n<li data-start=\"1742\" data-end=\"1762\">\n<p data-start=\"1744\" data-end=\"1762\">Negrinha de Freixo<\/p>\n<\/li>\n<\/ul>\n<p data-start=\"1764\" data-end=\"2017\"><strong data-start=\"1764\" data-end=\"1802\">Wyprodukowano i butelkowano przez:<\/strong> AZEITEDOURO S.A.<br data-start=\"1819\" data-end=\"1822\" \/><strong data-start=\"1822\" data-end=\"1830\">Dla:<\/strong> PORTTABLE Produtos Alimentares, LDA<br data-start=\"1866\" data-end=\"1869\" \/>Freixo de Espada \u00e0 Cinta, Portugalia<br data-start=\"1905\" data-end=\"1908\" \/>Pojemno\u015b\u0107: 500 ml (16,9 fl oz)<br data-start=\"1938\" data-end=\"1941\" \/><a class=\"\" href=\"http:\/\/www.arribasdodouro.com\" target=\"_new\" rel=\"noopener\" data-start=\"1941\" data-end=\"1996\">www.arribasdodouro.com<\/a><br data-start=\"1996\" data-end=\"1999\" \/><a class=\"cursor-pointer\" rel=\"noopener\" data-start=\"1999\" data-end=\"2017\">sales@porttable.pt<\/a><\/p>\n","protected":false},"excerpt":{"rendered":"<p>Warto\u015bci od\u017cywcze:<\/p>\n<table style=\"height: 396px\" width=\"912\">\n<tbody>\n<tr>\n<td width=\"96\"><\/td>\n<td width=\"66\"><strong>Warto\u015bci od\u017cywcze na 100 g<\/strong><\/td>\n<td width=\"96\"><strong>Warto\u015bci od\u017cywcze na 13 ml<\/strong><\/td>\n<\/tr>\n<tr>\n<td><strong>Energia<\/strong><\/td>\n<td>877 kcal<\/td>\n<td>104,4 kcal<\/td>\n<\/tr>\n<tr>\n<td><strong>T\u0142uszcze<\/strong><\/td>\n<td>97 g<\/td>\n<td>11,7g<\/td>\n<\/tr>\n<tr>\n<td><strong>\u00a0 \u00a0 W tym nasycone:\u00a0<\/strong><\/td>\n<td>12 g<\/td>\n<td><span data-teams=\"true\">1,4 g<\/span><\/td>\n<\/tr>\n<tr>\n<td><strong>\u00a0 \u00a0 Jednonienasycone<\/strong><\/td>\n<td>77g<\/td>\n<td>9,2g<\/td>\n<\/tr>\n<tr>\n<td><strong>\u00a0 \u00a0 Wielonienasycone<\/strong><\/td>\n<td>8 g<\/td>\n<td>1,1 g<\/td>\n<\/tr>\n<tr>\n<td><strong>\u00a0<\/strong><strong>W\u0119glowodany<\/strong>:<\/td>\n<td>0 g<\/td>\n<td>0 g<\/td>\n<\/tr>\n<tr>\n<td width=\"96\"><strong>\u00a0 W tym cukry:<\/strong><\/td>\n<td width=\"66\"><span data-teams=\"true\">0 g<\/span><\/td>\n<td width=\"96\"><span data-teams=\"true\">0 g<\/span><\/td>\n<\/tr>\n<tr>\n<td width=\"96\"><strong>B\u0142onnik<\/strong>:<\/td>\n<td width=\"66\"><span data-teams=\"true\">0 g <\/span><\/td>\n<td width=\"96\">0 g<\/td>\n<\/tr>\n<tr>\n<td width=\"96\"><strong>Bia\u0142ko:<\/strong><\/td>\n<td width=\"66\">0 g<\/td>\n<td width=\"96\">0 g<\/td>\n<\/tr>\n<tr>\n<td width=\"96\"><strong>S\u00f3l:<\/strong><\/td>\n<td width=\"66\">0 g<\/td>\n<td width=\"96\">0 g<\/td>\n<\/tr>\n<tr>\n<td width=\"96\"><\/td>\n<td width=\"66\"><\/td>\n<td width=\"96\"><\/td>\n<\/tr>\n<\/tbody>\n<\/table>\n<p>&nbsp;<\/p>\n","protected":false},"featured_media":778,"comment_status":"open","ping_status":"closed","template":"","meta":[],"product_brand":[],"product_cat":[907],"product_tag":[],"class_list":{"0":"post-725","1":"product","2":"type-product","3":"status-publish","4":"has-post-thumbnail","6":"product_cat-food","8":"first","9":"instock","10":"shipping-taxable","11":"product-type-simple"},"yoast_head":"<!-- This site is optimized with the Yoast SEO plugin v26.9 - https:\/\/yoast.com\/product\/yoast-seo-wordpress\/ -->\n<title>Arribas Do Douro Oliwa z oliwek z pierwszego t\u0142oczenia, Orginal - B2B MVGD PL<\/title>\n<meta name=\"robots\" content=\"index, follow, max-snippet:-1, max-image-preview:large, max-video-preview:-1\" \/>\n<link rel=\"canonical\" href=\"https:\/\/b2b.mvgd.pl\/index.php\/produkt\/arribas-do-douro-oliwa-z-oliwek-z-pierwszego-tloczenia-orginal\/\" \/>\n<meta property=\"og:locale\" content=\"pl_PL\" \/>\n<meta property=\"og:type\" content=\"article\" \/>\n<meta property=\"og:title\" content=\"Arribas Do Douro Oliwa z oliwek z pierwszego t\u0142oczenia, Orginal - B2B MVGD PL\" \/>\n<meta property=\"og:description\" content=\"Warto\u015bci od\u017cywcze:     Warto\u015bci od\u017cywcze na 100 g Warto\u015bci od\u017cywcze na 13 ml   Energia 877 kcal 104,4 kcal   T\u0142uszcze 97 g 11,7g   \u00a0 \u00a0 W tym nasycone:\u00a0 12 g 1,4 g   \u00a0 \u00a0 Jednonienasycone 77g 9,2g   \u00a0 \u00a0 Wielonienasycone 8 g 1,1 g   \u00a0W\u0119glowodany: 0 g 0 g   \u00a0 W tym cukry: 0 g 0 g   B\u0142onnik: 0 g  0 g   Bia\u0142ko: 0 g 0 g   S\u00f3l: 0 g 0 g         &nbsp;\" \/>\n<meta property=\"og:url\" content=\"https:\/\/b2b.mvgd.pl\/index.php\/produkt\/arribas-do-douro-oliwa-z-oliwek-z-pierwszego-tloczenia-orginal\/\" \/>\n<meta property=\"og:site_name\" content=\"B2B MVGD PL\" \/>\n<meta property=\"article:modified_time\" content=\"2026-02-16T18:54:17+00:00\" \/>\n<meta name=\"twitter:card\" content=\"summary_large_image\" \/>\n<meta name=\"twitter:label1\" content=\"Szacowany czas czytania\" \/>\n\t<meta name=\"twitter:data1\" content=\"1 minuta\" \/>\n<script type=\"application\/ld+json\" class=\"yoast-schema-graph\">{\"@context\":\"https:\/\/schema.org\",\"@graph\":[{\"@type\":\"WebPage\",\"@id\":\"https:\/\/b2b.mvgd.pl\/index.php\/produkt\/arribas-do-douro-oliwa-z-oliwek-z-pierwszego-tloczenia-orginal\/\",\"url\":\"https:\/\/b2b.mvgd.pl\/index.php\/produkt\/arribas-do-douro-oliwa-z-oliwek-z-pierwszego-tloczenia-orginal\/\",\"name\":\"Arribas Do Douro Oliwa z oliwek z pierwszego t\u0142oczenia, Orginal - B2B MVGD PL\",\"isPartOf\":{\"@id\":\"https:\/\/b2b.mvgd.pl\/#website\"},\"primaryImageOfPage\":{\"@id\":\"https:\/\/b2b.mvgd.pl\/index.php\/produkt\/arribas-do-douro-oliwa-z-oliwek-z-pierwszego-tloczenia-orginal\/#primaryimage\"},\"image\":{\"@id\":\"https:\/\/b2b.mvgd.pl\/index.php\/produkt\/arribas-do-douro-oliwa-z-oliwek-z-pierwszego-tloczenia-orginal\/#primaryimage\"},\"thumbnailUrl\":\"https:\/\/b2b.mvgd.pl\/wp-content\/uploads\/2026\/02\/orginal-.png\",\"datePublished\":\"2026-02-16T18:52:20+00:00\",\"dateModified\":\"2026-02-16T18:54:17+00:00\",\"breadcrumb\":{\"@id\":\"https:\/\/b2b.mvgd.pl\/index.php\/produkt\/arribas-do-douro-oliwa-z-oliwek-z-pierwszego-tloczenia-orginal\/#breadcrumb\"},\"inLanguage\":\"pl-PL\",\"potentialAction\":[{\"@type\":\"ReadAction\",\"target\":[\"https:\/\/b2b.mvgd.pl\/index.php\/produkt\/arribas-do-douro-oliwa-z-oliwek-z-pierwszego-tloczenia-orginal\/\"]}]},{\"@type\":\"ImageObject\",\"inLanguage\":\"pl-PL\",\"@id\":\"https:\/\/b2b.mvgd.pl\/index.php\/produkt\/arribas-do-douro-oliwa-z-oliwek-z-pierwszego-tloczenia-orginal\/#primaryimage\",\"url\":\"https:\/\/b2b.mvgd.pl\/wp-content\/uploads\/2026\/02\/orginal-.png\",\"contentUrl\":\"https:\/\/b2b.mvgd.pl\/wp-content\/uploads\/2026\/02\/orginal-.png\",\"width\":900,\"height\":1200},{\"@type\":\"BreadcrumbList\",\"@id\":\"https:\/\/b2b.mvgd.pl\/index.php\/produkt\/arribas-do-douro-oliwa-z-oliwek-z-pierwszego-tloczenia-orginal\/#breadcrumb\",\"itemListElement\":[{\"@type\":\"ListItem\",\"position\":1,\"name\":\"Strona g\u0142\u00f3wna\",\"item\":\"https:\/\/b2b.mvgd.pl\/\"},{\"@type\":\"ListItem\",\"position\":2,\"name\":\"Shop\",\"item\":\"https:\/\/b2b.mvgd.pl\/index.php\/shop\/\"},{\"@type\":\"ListItem\",\"position\":3,\"name\":\"Arribas Do Douro Oliwa z oliwek z pierwszego t\u0142oczenia, Orginal\"}]},{\"@type\":\"WebSite\",\"@id\":\"https:\/\/b2b.mvgd.pl\/#website\",\"url\":\"https:\/\/b2b.mvgd.pl\/\",\"name\":\"B2B MVGD PL\",\"description\":\"\",\"potentialAction\":[{\"@type\":\"SearchAction\",\"target\":{\"@type\":\"EntryPoint\",\"urlTemplate\":\"https:\/\/b2b.mvgd.pl\/?s={search_term_string}\"},\"query-input\":{\"@type\":\"PropertyValueSpecification\",\"valueRequired\":true,\"valueName\":\"search_term_string\"}}],\"inLanguage\":\"pl-PL\"}]}<\/script>\n<!-- \/ Yoast SEO plugin. -->","yoast_head_json":{"title":"Arribas Do Douro Oliwa z oliwek z pierwszego t\u0142oczenia, Orginal - B2B MVGD PL","robots":{"index":"index","follow":"follow","max-snippet":"max-snippet:-1","max-image-preview":"max-image-preview:large","max-video-preview":"max-video-preview:-1"},"canonical":"https:\/\/b2b.mvgd.pl\/index.php\/produkt\/arribas-do-douro-oliwa-z-oliwek-z-pierwszego-tloczenia-orginal\/","og_locale":"pl_PL","og_type":"article","og_title":"Arribas Do Douro Oliwa z oliwek z pierwszego t\u0142oczenia, Orginal - B2B MVGD PL","og_description":"Warto\u015bci od\u017cywcze:     Warto\u015bci od\u017cywcze na 100 g Warto\u015bci od\u017cywcze na 13 ml   Energia 877 kcal 104,4 kcal   T\u0142uszcze 97 g 11,7g   \u00a0 \u00a0 W tym nasycone:\u00a0 12 g 1,4 g   \u00a0 \u00a0 Jednonienasycone 77g 9,2g   \u00a0 \u00a0 Wielonienasycone 8 g 1,1 g   \u00a0W\u0119glowodany: 0 g 0 g   \u00a0 W tym cukry: 0 g 0 g   B\u0142onnik: 0 g  0 g   Bia\u0142ko: 0 g 0 g   S\u00f3l: 0 g 0 g         &nbsp;","og_url":"https:\/\/b2b.mvgd.pl\/index.php\/produkt\/arribas-do-douro-oliwa-z-oliwek-z-pierwszego-tloczenia-orginal\/","og_site_name":"B2B MVGD PL","article_modified_time":"2026-02-16T18:54:17+00:00","twitter_card":"summary_large_image","twitter_misc":{"Szacowany czas czytania":"1 minuta"},"schema":{"@context":"https:\/\/schema.org","@graph":[{"@type":"WebPage","@id":"https:\/\/b2b.mvgd.pl\/index.php\/produkt\/arribas-do-douro-oliwa-z-oliwek-z-pierwszego-tloczenia-orginal\/","url":"https:\/\/b2b.mvgd.pl\/index.php\/produkt\/arribas-do-douro-oliwa-z-oliwek-z-pierwszego-tloczenia-orginal\/","name":"Arribas Do Douro Oliwa z oliwek z pierwszego t\u0142oczenia, Orginal - B2B MVGD PL","isPartOf":{"@id":"https:\/\/b2b.mvgd.pl\/#website"},"primaryImageOfPage":{"@id":"https:\/\/b2b.mvgd.pl\/index.php\/produkt\/arribas-do-douro-oliwa-z-oliwek-z-pierwszego-tloczenia-orginal\/#primaryimage"},"image":{"@id":"https:\/\/b2b.mvgd.pl\/index.php\/produkt\/arribas-do-douro-oliwa-z-oliwek-z-pierwszego-tloczenia-orginal\/#primaryimage"},"thumbnailUrl":"https:\/\/b2b.mvgd.pl\/wp-content\/uploads\/2026\/02\/orginal-.png","datePublished":"2026-02-16T18:52:20+00:00","dateModified":"2026-02-16T18:54:17+00:00","breadcrumb":{"@id":"https:\/\/b2b.mvgd.pl\/index.php\/produkt\/arribas-do-douro-oliwa-z-oliwek-z-pierwszego-tloczenia-orginal\/#breadcrumb"},"inLanguage":"pl-PL","potentialAction":[{"@type":"ReadAction","target":["https:\/\/b2b.mvgd.pl\/index.php\/produkt\/arribas-do-douro-oliwa-z-oliwek-z-pierwszego-tloczenia-orginal\/"]}]},{"@type":"ImageObject","inLanguage":"pl-PL","@id":"https:\/\/b2b.mvgd.pl\/index.php\/produkt\/arribas-do-douro-oliwa-z-oliwek-z-pierwszego-tloczenia-orginal\/#primaryimage","url":"https:\/\/b2b.mvgd.pl\/wp-content\/uploads\/2026\/02\/orginal-.png","contentUrl":"https:\/\/b2b.mvgd.pl\/wp-content\/uploads\/2026\/02\/orginal-.png","width":900,"height":1200},{"@type":"BreadcrumbList","@id":"https:\/\/b2b.mvgd.pl\/index.php\/produkt\/arribas-do-douro-oliwa-z-oliwek-z-pierwszego-tloczenia-orginal\/#breadcrumb","itemListElement":[{"@type":"ListItem","position":1,"name":"Strona g\u0142\u00f3wna","item":"https:\/\/b2b.mvgd.pl\/"},{"@type":"ListItem","position":2,"name":"Shop","item":"https:\/\/b2b.mvgd.pl\/index.php\/shop\/"},{"@type":"ListItem","position":3,"name":"Arribas Do Douro Oliwa z oliwek z pierwszego t\u0142oczenia, Orginal"}]},{"@type":"WebSite","@id":"https:\/\/b2b.mvgd.pl\/#website","url":"https:\/\/b2b.mvgd.pl\/","name":"B2B MVGD PL","description":"","potentialAction":[{"@type":"SearchAction","target":{"@type":"EntryPoint","urlTemplate":"https:\/\/b2b.mvgd.pl\/?s={search_term_string}"},"query-input":{"@type":"PropertyValueSpecification","valueRequired":true,"valueName":"search_term_string"}}],"inLanguage":"pl-PL"}]}},"jetpack_sharing_enabled":true,"_links":{"self":[{"href":"https:\/\/b2b.mvgd.pl\/index.php\/wp-json\/wp\/v2\/product\/725","targetHints":{"allow":["GET"]}}],"collection":[{"href":"https:\/\/b2b.mvgd.pl\/index.php\/wp-json\/wp\/v2\/product"}],"about":[{"href":"https:\/\/b2b.mvgd.pl\/index.php\/wp-json\/wp\/v2\/types\/product"}],"replies":[{"embeddable":true,"href":"https:\/\/b2b.mvgd.pl\/index.php\/wp-json\/wp\/v2\/comments?post=725"}],"version-history":[{"count":0,"href":"https:\/\/b2b.mvgd.pl\/index.php\/wp-json\/wp\/v2\/product\/725\/revisions"}],"wp:featuredmedia":[{"embeddable":true,"href":"https:\/\/b2b.mvgd.pl\/index.php\/wp-json\/wp\/v2\/media\/778"}],"wp:attachment":[{"href":"https:\/\/b2b.mvgd.pl\/index.php\/wp-json\/wp\/v2\/media?parent=725"}],"wp:term":[{"taxonomy":"product_brand","embeddable":true,"href":"https:\/\/b2b.mvgd.pl\/index.php\/wp-json\/wp\/v2\/product_brand?post=725"},{"taxonomy":"product_cat","embeddable":true,"href":"https:\/\/b2b.mvgd.pl\/index.php\/wp-json\/wp\/v2\/product_cat?post=725"},{"taxonomy":"product_tag","embeddable":true,"href":"https:\/\/b2b.mvgd.pl\/index.php\/wp-json\/wp\/v2\/product_tag?post=725"}],"curies":[{"name":"wp","href":"https:\/\/api.w.org\/{rel}","templated":true}]}}