{"id":717,"date":"2026-02-16T18:51:55","date_gmt":"2026-02-16T18:51:55","guid":{"rendered":"https:\/\/b2b.mvgd.pl\/?post_type=product&#038;p=717"},"modified":"2026-02-16T18:54:12","modified_gmt":"2026-02-16T18:54:12","slug":"arribas-do-douro-drylowane-zielone-oliwki-w-oliwie-z-oliwek-z-pierwszego-tloczenia-i-papryczka-piri-piri-250g","status":"publish","type":"product","link":"https:\/\/b2b.mvgd.pl\/index.php\/produkt\/arribas-do-douro-drylowane-zielone-oliwki-w-oliwie-z-oliwek-z-pierwszego-tloczenia-i-papryczka-piri-piri-250g\/","title":{"rendered":"Arribas Do Douro Drylowane zielone oliwki w oliwie z oliwek z pierwszego t\u0142oczenia i papryczka piri piri 250g"},"content":{"rendered":"<p><strong>Sk\u0142adniki:<\/strong><\/p>\n<p data-start=\"427\" data-end=\"651\">Azeitona Negrinha Verde | Azeite Virgem Extra | Piri Piri | Sal | Corretor de Acidez: \u00c1cido L\u00e1ctico<br data-start=\"526\" data-end=\"529\" \/>Zielone oliwki Negrinha | Oliwa z oliwek extra virgin | Papryczka piri piri | S\u00f3l | Regulator kwasowo\u015bci: kwas mlekowy<\/p>\n<p><strong>Produkt pasteryzowany<\/strong><\/p>\n<p><strong>Mo\u017ce zawiera\u0107 pestki<\/strong><br \/>\nPomimo do\u0142o\u017cenia wszelkich stara\u0144, aby usun\u0105\u0107 pestki z oliwek, niekt\u00f3re mog\u0105 pozosta\u0107.<\/p>\n<p><strong data-start=\"1013\" data-end=\"1025\">PL \/ NW:<\/strong> 310g \/ 10,4 fl. oz<br data-start=\"1044\" data-end=\"1047\" \/><strong data-start=\"1047\" data-end=\"1078\">NETTO \/ WAGA PO ODS\u0104CZENIU:<\/strong> 500g \/ 17,63 fl. oz<\/p>\n<p><strong>Wyprodukowano przez:<\/strong><br \/>\nPorttable, Produtos Alimentares, LDA<br \/>\nQuinta Arribas do Douro<br \/>\n5180 &#8211; 181 Freixo de Espada \u00e0 Cinta, Portugalia<br \/>\nsales@porttable.pt<br \/>\n<a id=\"menurvr\" class=\"fui-Link ___1q1shib f2hkw1w f3rmtva f1ewtqcl fyind8e f1k6fduh f1w7gpdv fk6fouc fjoy568 figsok6 f1s184ao f1mk8lai fnbmjn9 f1o700av f13mvf36 f1cmlufx f9n3di6 f1ids18y f1tx3yz7 f1deo86v f1eh06m1 f1iescvh fhgqx19 f1olyrje f1p93eir f1nev41a f1h8hb77 f1lqvz6u f10aw75t fsle3fq f17ae5zn\" title=\"http:\/\/www.arribasdodouro.com\/\" href=\"http:\/\/www.arribasdodouro.com\" target=\"_blank\" rel=\"noreferrer noopener\" aria-label=\"Link www.arribasdodouro.com\">www.arribasdodouro.com<\/a><\/p>\n","protected":false},"excerpt":{"rendered":"<p>Warto\u015bci od\u017cywcze:<\/p>\n<table style=\"height: 396px\" width=\"912\">\n<tbody>\n<tr>\n<td width=\"96\"><\/td>\n<td width=\"66\"><strong>Warto\u015bci od\u017cywcze na 100 g<\/strong><\/td>\n<td width=\"96\"><strong>Warto\u015bci od\u017cywcze na 20 g<\/strong><\/td>\n<\/tr>\n<tr>\n<td><strong>Energia<\/strong><\/td>\n<td>343 kcal<\/td>\n<td>69 kcal<\/td>\n<\/tr>\n<tr>\n<td><strong>T\u0142uszcze<\/strong><\/td>\n<td>24g<\/td>\n<td>4,8g<\/td>\n<\/tr>\n<tr>\n<td><strong>\u00a0 \u00a0 W tym nasycone:\u00a0<\/strong><\/td>\n<td>4,1g<\/td>\n<td><span data-teams=\"true\">0,82 g<\/span><\/td>\n<\/tr>\n<tr>\n<td><span data-teams=\"true\"><strong>W\u0119glowodany<\/strong>: <\/span><\/td>\n<td>0,08<\/td>\n<td>0,32<\/td>\n<\/tr>\n<tr>\n<td>\u00a0 \u00a0 <strong>W\u00a0tym cukry:<\/strong><\/td>\n<td>0 g<\/td>\n<td>0 g<\/td>\n<\/tr>\n<tr>\n<td><span data-teams=\"true\"><strong>B\u0142onnik<\/strong>:<\/span><\/td>\n<td>3,7g<\/td>\n<td>0,74g<\/td>\n<\/tr>\n<tr>\n<td width=\"96\"><span data-teams=\"true\"><strong>Bia\u0142ko:<\/strong><\/span><\/td>\n<td width=\"66\"><span data-teams=\"true\">1,2 g<\/span><\/td>\n<td width=\"96\"><span data-teams=\"true\">0,24 g<\/span><\/td>\n<\/tr>\n<tr>\n<td width=\"96\"><strong>S\u00f3l:<\/strong><\/td>\n<td width=\"66\"><span data-teams=\"true\">3,8 g<\/span><\/td>\n<td width=\"96\">0,235<\/td>\n<\/tr>\n<tr>\n<td width=\"96\"><\/td>\n<td width=\"66\"><\/td>\n<td width=\"96\"><\/td>\n<\/tr>\n<tr>\n<td width=\"96\"><\/td>\n<td width=\"66\"><\/td>\n<td width=\"96\"><\/td>\n<\/tr>\n<tr>\n<td width=\"96\"><\/td>\n<td width=\"66\"><\/td>\n<td width=\"96\"><\/td>\n<\/tr>\n<\/tbody>\n<\/table>\n","protected":false},"featured_media":776,"comment_status":"open","ping_status":"closed","template":"","meta":[],"product_brand":[],"product_cat":[907],"product_tag":[],"class_list":{"0":"post-717","1":"product","2":"type-product","3":"status-publish","4":"has-post-thumbnail","6":"product_cat-food","8":"first","9":"instock","10":"shipping-taxable","11":"product-type-simple"},"yoast_head":"<!-- This site is optimized with the Yoast SEO plugin v26.9 - https:\/\/yoast.com\/product\/yoast-seo-wordpress\/ -->\n<title>Arribas Do Douro Drylowane zielone oliwki w oliwie z oliwek z pierwszego t\u0142oczenia i papryczka piri piri 250g - B2B MVGD PL<\/title>\n<meta name=\"robots\" content=\"index, follow, max-snippet:-1, max-image-preview:large, max-video-preview:-1\" \/>\n<link rel=\"canonical\" href=\"https:\/\/b2b.mvgd.pl\/index.php\/produkt\/arribas-do-douro-drylowane-zielone-oliwki-w-oliwie-z-oliwek-z-pierwszego-tloczenia-i-papryczka-piri-piri-250g\/\" \/>\n<meta property=\"og:locale\" content=\"pl_PL\" \/>\n<meta property=\"og:type\" content=\"article\" \/>\n<meta property=\"og:title\" content=\"Arribas Do Douro Drylowane zielone oliwki w oliwie z oliwek z pierwszego t\u0142oczenia i papryczka piri piri 250g - B2B MVGD PL\" \/>\n<meta property=\"og:description\" content=\"Warto\u015bci od\u017cywcze:     Warto\u015bci od\u017cywcze na 100 g Warto\u015bci od\u017cywcze na 20 g   Energia 343 kcal 69 kcal   T\u0142uszcze 24g 4,8g   \u00a0 \u00a0 W tym nasycone:\u00a0 4,1g 0,82 g   W\u0119glowodany:  0,08 0,32   \u00a0 \u00a0 W\u00a0tym cukry: 0 g 0 g   B\u0142onnik: 3,7g 0,74g   Bia\u0142ko: 1,2 g 0,24 g   S\u00f3l: 3,8 g 0,235\" \/>\n<meta property=\"og:url\" content=\"https:\/\/b2b.mvgd.pl\/index.php\/produkt\/arribas-do-douro-drylowane-zielone-oliwki-w-oliwie-z-oliwek-z-pierwszego-tloczenia-i-papryczka-piri-piri-250g\/\" \/>\n<meta property=\"og:site_name\" content=\"B2B MVGD PL\" \/>\n<meta property=\"article:modified_time\" content=\"2026-02-16T18:54:12+00:00\" \/>\n<meta name=\"twitter:card\" content=\"summary_large_image\" \/>\n<script type=\"application\/ld+json\" class=\"yoast-schema-graph\">{\"@context\":\"https:\/\/schema.org\",\"@graph\":[{\"@type\":\"WebPage\",\"@id\":\"https:\/\/b2b.mvgd.pl\/index.php\/produkt\/arribas-do-douro-drylowane-zielone-oliwki-w-oliwie-z-oliwek-z-pierwszego-tloczenia-i-papryczka-piri-piri-250g\/\",\"url\":\"https:\/\/b2b.mvgd.pl\/index.php\/produkt\/arribas-do-douro-drylowane-zielone-oliwki-w-oliwie-z-oliwek-z-pierwszego-tloczenia-i-papryczka-piri-piri-250g\/\",\"name\":\"Arribas Do Douro Drylowane zielone oliwki w oliwie z oliwek z pierwszego t\u0142oczenia i papryczka piri piri 250g - B2B MVGD PL\",\"isPartOf\":{\"@id\":\"https:\/\/b2b.mvgd.pl\/#website\"},\"primaryImageOfPage\":{\"@id\":\"https:\/\/b2b.mvgd.pl\/index.php\/produkt\/arribas-do-douro-drylowane-zielone-oliwki-w-oliwie-z-oliwek-z-pierwszego-tloczenia-i-papryczka-piri-piri-250g\/#primaryimage\"},\"image\":{\"@id\":\"https:\/\/b2b.mvgd.pl\/index.php\/produkt\/arribas-do-douro-drylowane-zielone-oliwki-w-oliwie-z-oliwek-z-pierwszego-tloczenia-i-papryczka-piri-piri-250g\/#primaryimage\"},\"thumbnailUrl\":\"https:\/\/b2b.mvgd.pl\/wp-content\/uploads\/2026\/02\/piri-piei.png\",\"datePublished\":\"2026-02-16T18:51:55+00:00\",\"dateModified\":\"2026-02-16T18:54:12+00:00\",\"breadcrumb\":{\"@id\":\"https:\/\/b2b.mvgd.pl\/index.php\/produkt\/arribas-do-douro-drylowane-zielone-oliwki-w-oliwie-z-oliwek-z-pierwszego-tloczenia-i-papryczka-piri-piri-250g\/#breadcrumb\"},\"inLanguage\":\"pl-PL\",\"potentialAction\":[{\"@type\":\"ReadAction\",\"target\":[\"https:\/\/b2b.mvgd.pl\/index.php\/produkt\/arribas-do-douro-drylowane-zielone-oliwki-w-oliwie-z-oliwek-z-pierwszego-tloczenia-i-papryczka-piri-piri-250g\/\"]}]},{\"@type\":\"ImageObject\",\"inLanguage\":\"pl-PL\",\"@id\":\"https:\/\/b2b.mvgd.pl\/index.php\/produkt\/arribas-do-douro-drylowane-zielone-oliwki-w-oliwie-z-oliwek-z-pierwszego-tloczenia-i-papryczka-piri-piri-250g\/#primaryimage\",\"url\":\"https:\/\/b2b.mvgd.pl\/wp-content\/uploads\/2026\/02\/piri-piei.png\",\"contentUrl\":\"https:\/\/b2b.mvgd.pl\/wp-content\/uploads\/2026\/02\/piri-piei.png\",\"width\":900,\"height\":1200},{\"@type\":\"BreadcrumbList\",\"@id\":\"https:\/\/b2b.mvgd.pl\/index.php\/produkt\/arribas-do-douro-drylowane-zielone-oliwki-w-oliwie-z-oliwek-z-pierwszego-tloczenia-i-papryczka-piri-piri-250g\/#breadcrumb\",\"itemListElement\":[{\"@type\":\"ListItem\",\"position\":1,\"name\":\"Strona g\u0142\u00f3wna\",\"item\":\"https:\/\/b2b.mvgd.pl\/\"},{\"@type\":\"ListItem\",\"position\":2,\"name\":\"Shop\",\"item\":\"https:\/\/b2b.mvgd.pl\/index.php\/shop\/\"},{\"@type\":\"ListItem\",\"position\":3,\"name\":\"Arribas Do Douro Drylowane zielone oliwki w oliwie z oliwek z pierwszego t\u0142oczenia i papryczka piri piri 250g\"}]},{\"@type\":\"WebSite\",\"@id\":\"https:\/\/b2b.mvgd.pl\/#website\",\"url\":\"https:\/\/b2b.mvgd.pl\/\",\"name\":\"B2B MVGD PL\",\"description\":\"\",\"potentialAction\":[{\"@type\":\"SearchAction\",\"target\":{\"@type\":\"EntryPoint\",\"urlTemplate\":\"https:\/\/b2b.mvgd.pl\/?s={search_term_string}\"},\"query-input\":{\"@type\":\"PropertyValueSpecification\",\"valueRequired\":true,\"valueName\":\"search_term_string\"}}],\"inLanguage\":\"pl-PL\"}]}<\/script>\n<!-- \/ Yoast SEO plugin. -->","yoast_head_json":{"title":"Arribas Do Douro Drylowane zielone oliwki w oliwie z oliwek z pierwszego t\u0142oczenia i papryczka piri piri 250g - B2B MVGD PL","robots":{"index":"index","follow":"follow","max-snippet":"max-snippet:-1","max-image-preview":"max-image-preview:large","max-video-preview":"max-video-preview:-1"},"canonical":"https:\/\/b2b.mvgd.pl\/index.php\/produkt\/arribas-do-douro-drylowane-zielone-oliwki-w-oliwie-z-oliwek-z-pierwszego-tloczenia-i-papryczka-piri-piri-250g\/","og_locale":"pl_PL","og_type":"article","og_title":"Arribas Do Douro Drylowane zielone oliwki w oliwie z oliwek z pierwszego t\u0142oczenia i papryczka piri piri 250g - B2B MVGD PL","og_description":"Warto\u015bci od\u017cywcze:     Warto\u015bci od\u017cywcze na 100 g Warto\u015bci od\u017cywcze na 20 g   Energia 343 kcal 69 kcal   T\u0142uszcze 24g 4,8g   \u00a0 \u00a0 W tym nasycone:\u00a0 4,1g 0,82 g   W\u0119glowodany:  0,08 0,32   \u00a0 \u00a0 W\u00a0tym cukry: 0 g 0 g   B\u0142onnik: 3,7g 0,74g   Bia\u0142ko: 1,2 g 0,24 g   S\u00f3l: 3,8 g 0,235","og_url":"https:\/\/b2b.mvgd.pl\/index.php\/produkt\/arribas-do-douro-drylowane-zielone-oliwki-w-oliwie-z-oliwek-z-pierwszego-tloczenia-i-papryczka-piri-piri-250g\/","og_site_name":"B2B MVGD PL","article_modified_time":"2026-02-16T18:54:12+00:00","twitter_card":"summary_large_image","schema":{"@context":"https:\/\/schema.org","@graph":[{"@type":"WebPage","@id":"https:\/\/b2b.mvgd.pl\/index.php\/produkt\/arribas-do-douro-drylowane-zielone-oliwki-w-oliwie-z-oliwek-z-pierwszego-tloczenia-i-papryczka-piri-piri-250g\/","url":"https:\/\/b2b.mvgd.pl\/index.php\/produkt\/arribas-do-douro-drylowane-zielone-oliwki-w-oliwie-z-oliwek-z-pierwszego-tloczenia-i-papryczka-piri-piri-250g\/","name":"Arribas Do Douro Drylowane zielone oliwki w oliwie z oliwek z pierwszego t\u0142oczenia i papryczka piri piri 250g - B2B MVGD PL","isPartOf":{"@id":"https:\/\/b2b.mvgd.pl\/#website"},"primaryImageOfPage":{"@id":"https:\/\/b2b.mvgd.pl\/index.php\/produkt\/arribas-do-douro-drylowane-zielone-oliwki-w-oliwie-z-oliwek-z-pierwszego-tloczenia-i-papryczka-piri-piri-250g\/#primaryimage"},"image":{"@id":"https:\/\/b2b.mvgd.pl\/index.php\/produkt\/arribas-do-douro-drylowane-zielone-oliwki-w-oliwie-z-oliwek-z-pierwszego-tloczenia-i-papryczka-piri-piri-250g\/#primaryimage"},"thumbnailUrl":"https:\/\/b2b.mvgd.pl\/wp-content\/uploads\/2026\/02\/piri-piei.png","datePublished":"2026-02-16T18:51:55+00:00","dateModified":"2026-02-16T18:54:12+00:00","breadcrumb":{"@id":"https:\/\/b2b.mvgd.pl\/index.php\/produkt\/arribas-do-douro-drylowane-zielone-oliwki-w-oliwie-z-oliwek-z-pierwszego-tloczenia-i-papryczka-piri-piri-250g\/#breadcrumb"},"inLanguage":"pl-PL","potentialAction":[{"@type":"ReadAction","target":["https:\/\/b2b.mvgd.pl\/index.php\/produkt\/arribas-do-douro-drylowane-zielone-oliwki-w-oliwie-z-oliwek-z-pierwszego-tloczenia-i-papryczka-piri-piri-250g\/"]}]},{"@type":"ImageObject","inLanguage":"pl-PL","@id":"https:\/\/b2b.mvgd.pl\/index.php\/produkt\/arribas-do-douro-drylowane-zielone-oliwki-w-oliwie-z-oliwek-z-pierwszego-tloczenia-i-papryczka-piri-piri-250g\/#primaryimage","url":"https:\/\/b2b.mvgd.pl\/wp-content\/uploads\/2026\/02\/piri-piei.png","contentUrl":"https:\/\/b2b.mvgd.pl\/wp-content\/uploads\/2026\/02\/piri-piei.png","width":900,"height":1200},{"@type":"BreadcrumbList","@id":"https:\/\/b2b.mvgd.pl\/index.php\/produkt\/arribas-do-douro-drylowane-zielone-oliwki-w-oliwie-z-oliwek-z-pierwszego-tloczenia-i-papryczka-piri-piri-250g\/#breadcrumb","itemListElement":[{"@type":"ListItem","position":1,"name":"Strona g\u0142\u00f3wna","item":"https:\/\/b2b.mvgd.pl\/"},{"@type":"ListItem","position":2,"name":"Shop","item":"https:\/\/b2b.mvgd.pl\/index.php\/shop\/"},{"@type":"ListItem","position":3,"name":"Arribas Do Douro Drylowane zielone oliwki w oliwie z oliwek z pierwszego t\u0142oczenia i papryczka piri piri 250g"}]},{"@type":"WebSite","@id":"https:\/\/b2b.mvgd.pl\/#website","url":"https:\/\/b2b.mvgd.pl\/","name":"B2B MVGD PL","description":"","potentialAction":[{"@type":"SearchAction","target":{"@type":"EntryPoint","urlTemplate":"https:\/\/b2b.mvgd.pl\/?s={search_term_string}"},"query-input":{"@type":"PropertyValueSpecification","valueRequired":true,"valueName":"search_term_string"}}],"inLanguage":"pl-PL"}]}},"jetpack_sharing_enabled":true,"_links":{"self":[{"href":"https:\/\/b2b.mvgd.pl\/index.php\/wp-json\/wp\/v2\/product\/717","targetHints":{"allow":["GET"]}}],"collection":[{"href":"https:\/\/b2b.mvgd.pl\/index.php\/wp-json\/wp\/v2\/product"}],"about":[{"href":"https:\/\/b2b.mvgd.pl\/index.php\/wp-json\/wp\/v2\/types\/product"}],"replies":[{"embeddable":true,"href":"https:\/\/b2b.mvgd.pl\/index.php\/wp-json\/wp\/v2\/comments?post=717"}],"version-history":[{"count":0,"href":"https:\/\/b2b.mvgd.pl\/index.php\/wp-json\/wp\/v2\/product\/717\/revisions"}],"wp:featuredmedia":[{"embeddable":true,"href":"https:\/\/b2b.mvgd.pl\/index.php\/wp-json\/wp\/v2\/media\/776"}],"wp:attachment":[{"href":"https:\/\/b2b.mvgd.pl\/index.php\/wp-json\/wp\/v2\/media?parent=717"}],"wp:term":[{"taxonomy":"product_brand","embeddable":true,"href":"https:\/\/b2b.mvgd.pl\/index.php\/wp-json\/wp\/v2\/product_brand?post=717"},{"taxonomy":"product_cat","embeddable":true,"href":"https:\/\/b2b.mvgd.pl\/index.php\/wp-json\/wp\/v2\/product_cat?post=717"},{"taxonomy":"product_tag","embeddable":true,"href":"https:\/\/b2b.mvgd.pl\/index.php\/wp-json\/wp\/v2\/product_tag?post=717"}],"curies":[{"name":"wp","href":"https:\/\/api.w.org\/{rel}","templated":true}]}}