{"id":71,"date":"2026-02-16T18:31:57","date_gmt":"2026-02-16T18:31:57","guid":{"rendered":"https:\/\/b2b.mvgd.pl\/?post_type=product&#038;p=71"},"modified":"2026-02-16T18:33:33","modified_gmt":"2026-02-16T18:33:33","slug":"cucielo-vermouth-di-torino-bianco-075l-168","status":"publish","type":"product","link":"https:\/\/b2b.mvgd.pl\/index.php\/produkt\/cucielo-vermouth-di-torino-bianco-075l-168\/","title":{"rendered":"Cucielo Vermouth Di Torino Bianco 0,75l 16,8%"},"content":{"rendered":"<p><strong>NOTY SMAKOWE: <\/strong><\/p>\n<p><strong>Kolor: <\/strong>Jasne, z\u0142ote sycylijskie s\u0142o\u0144ce.<\/p>\n<p><strong>Aromat<\/strong>: Chrupi\u0105ce zielone jab\u0142ko, bia\u0142y bez i wanilia; delikatne nuty kwiatowe i zielne; pe\u0142ne, g\u0142\u0119bokie nuty gorzkich migda\u0142\u00f3w, wi\u015bni, pomara\u0144czy oraz rodzynek.<\/p>\n<p><strong>Smak<\/strong>: Ciep\u0142y, delikatny z aromatem wanilii oraz letnich owoc\u00f3w, zbalansowane z przyjemnie gorzkimi nutami. Zaskakuj\u0105co d\u0142ugi, s\u0142odko-gorzki finisz &#8211; wyr\u00f3\u017cniaj\u0105cy si\u0119 Vermouth Di Torino.<\/p>\n","protected":false},"excerpt":{"rendered":"<p>Do produkcji wermut\u00f3w CUCIELO u\u017cywane s\u0105 dok\u0142adnie wyselekcjonowane winogrona, daj\u0105ce mu sw\u00f3j niepowtarzalny smak. Winogrona Trebbiano D\u2019Arbuzzo, tworz\u0105 lekkie, delikatne wino z nutami sadu owocowego, bia\u0142ych kwiat\u00f3w oraz rumianku natomiast winogrona ze szczepu Grillo and Ansonica s\u0105 \u015bwie\u017ce, lekkie nadaj\u0105c winu owocowych nut, z posmakiem jab\u0142ka oraz cytryny.<\/p>\n","protected":false},"featured_media":126,"comment_status":"open","ping_status":"closed","template":"","meta":[],"product_brand":[],"product_cat":[111],"product_tag":[112,113],"class_list":{"0":"post-71","1":"product","2":"type-product","3":"status-publish","4":"has-post-thumbnail","6":"product_cat-wermut","7":"product_tag-cucielo","8":"product_tag-wermut","10":"first","11":"instock","12":"shipping-taxable","13":"purchasable","14":"product-type-simple"},"yoast_head":"<!-- This site is optimized with the Yoast SEO plugin v26.9 - https:\/\/yoast.com\/product\/yoast-seo-wordpress\/ -->\n<title>Cucielo Vermouth Di Torino Bianco 0,75l 16,8% - B2B MVGD PL<\/title>\n<meta name=\"robots\" content=\"index, follow, max-snippet:-1, max-image-preview:large, max-video-preview:-1\" \/>\n<link rel=\"canonical\" href=\"https:\/\/b2b.mvgd.pl\/index.php\/produkt\/cucielo-vermouth-di-torino-bianco-075l-168\/\" \/>\n<meta property=\"og:locale\" content=\"pl_PL\" \/>\n<meta property=\"og:type\" content=\"article\" \/>\n<meta property=\"og:title\" content=\"Cucielo Vermouth Di Torino Bianco 0,75l 16,8% - B2B MVGD PL\" \/>\n<meta property=\"og:description\" content=\"Do produkcji wermut\u00f3w CUCIELO u\u017cywane s\u0105 dok\u0142adnie wyselekcjonowane winogrona, daj\u0105ce mu sw\u00f3j niepowtarzalny smak. Winogrona Trebbiano D\u2019Arbuzzo, tworz\u0105 lekkie, delikatne wino z nutami sadu owocowego, bia\u0142ych kwiat\u00f3w oraz rumianku natomiast winogrona ze szczepu Grillo and Ansonica s\u0105 \u015bwie\u017ce, lekkie nadaj\u0105c winu owocowych nut, z posmakiem jab\u0142ka oraz cytryny.\" \/>\n<meta property=\"og:url\" content=\"https:\/\/b2b.mvgd.pl\/index.php\/produkt\/cucielo-vermouth-di-torino-bianco-075l-168\/\" \/>\n<meta property=\"og:site_name\" content=\"B2B MVGD PL\" \/>\n<meta property=\"article:modified_time\" content=\"2026-02-16T18:33:33+00:00\" \/>\n<meta name=\"twitter:card\" content=\"summary_large_image\" \/>\n<script type=\"application\/ld+json\" class=\"yoast-schema-graph\">{\"@context\":\"https:\/\/schema.org\",\"@graph\":[{\"@type\":\"WebPage\",\"@id\":\"https:\/\/b2b.mvgd.pl\/index.php\/produkt\/cucielo-vermouth-di-torino-bianco-075l-168\/\",\"url\":\"https:\/\/b2b.mvgd.pl\/index.php\/produkt\/cucielo-vermouth-di-torino-bianco-075l-168\/\",\"name\":\"Cucielo Vermouth Di Torino Bianco 0,75l 16,8% - B2B MVGD PL\",\"isPartOf\":{\"@id\":\"https:\/\/b2b.mvgd.pl\/#website\"},\"primaryImageOfPage\":{\"@id\":\"https:\/\/b2b.mvgd.pl\/index.php\/produkt\/cucielo-vermouth-di-torino-bianco-075l-168\/#primaryimage\"},\"image\":{\"@id\":\"https:\/\/b2b.mvgd.pl\/index.php\/produkt\/cucielo-vermouth-di-torino-bianco-075l-168\/#primaryimage\"},\"thumbnailUrl\":\"https:\/\/b2b.mvgd.pl\/wp-content\/uploads\/2026\/02\/PVRLMD1146.png\",\"datePublished\":\"2026-02-16T18:31:57+00:00\",\"dateModified\":\"2026-02-16T18:33:33+00:00\",\"breadcrumb\":{\"@id\":\"https:\/\/b2b.mvgd.pl\/index.php\/produkt\/cucielo-vermouth-di-torino-bianco-075l-168\/#breadcrumb\"},\"inLanguage\":\"pl-PL\",\"potentialAction\":[{\"@type\":\"ReadAction\",\"target\":[\"https:\/\/b2b.mvgd.pl\/index.php\/produkt\/cucielo-vermouth-di-torino-bianco-075l-168\/\"]}]},{\"@type\":\"ImageObject\",\"inLanguage\":\"pl-PL\",\"@id\":\"https:\/\/b2b.mvgd.pl\/index.php\/produkt\/cucielo-vermouth-di-torino-bianco-075l-168\/#primaryimage\",\"url\":\"https:\/\/b2b.mvgd.pl\/wp-content\/uploads\/2026\/02\/PVRLMD1146.png\",\"contentUrl\":\"https:\/\/b2b.mvgd.pl\/wp-content\/uploads\/2026\/02\/PVRLMD1146.png\",\"width\":900,\"height\":1200},{\"@type\":\"BreadcrumbList\",\"@id\":\"https:\/\/b2b.mvgd.pl\/index.php\/produkt\/cucielo-vermouth-di-torino-bianco-075l-168\/#breadcrumb\",\"itemListElement\":[{\"@type\":\"ListItem\",\"position\":1,\"name\":\"Strona g\u0142\u00f3wna\",\"item\":\"https:\/\/b2b.mvgd.pl\/\"},{\"@type\":\"ListItem\",\"position\":2,\"name\":\"Shop\",\"item\":\"https:\/\/b2b.mvgd.pl\/index.php\/shop\/\"},{\"@type\":\"ListItem\",\"position\":3,\"name\":\"Cucielo Vermouth Di Torino Bianco 0,75l 16,8%\"}]},{\"@type\":\"WebSite\",\"@id\":\"https:\/\/b2b.mvgd.pl\/#website\",\"url\":\"https:\/\/b2b.mvgd.pl\/\",\"name\":\"B2B MVGD PL\",\"description\":\"\",\"potentialAction\":[{\"@type\":\"SearchAction\",\"target\":{\"@type\":\"EntryPoint\",\"urlTemplate\":\"https:\/\/b2b.mvgd.pl\/?s={search_term_string}\"},\"query-input\":{\"@type\":\"PropertyValueSpecification\",\"valueRequired\":true,\"valueName\":\"search_term_string\"}}],\"inLanguage\":\"pl-PL\"}]}<\/script>\n<!-- \/ Yoast SEO plugin. -->","yoast_head_json":{"title":"Cucielo Vermouth Di Torino Bianco 0,75l 16,8% - B2B MVGD PL","robots":{"index":"index","follow":"follow","max-snippet":"max-snippet:-1","max-image-preview":"max-image-preview:large","max-video-preview":"max-video-preview:-1"},"canonical":"https:\/\/b2b.mvgd.pl\/index.php\/produkt\/cucielo-vermouth-di-torino-bianco-075l-168\/","og_locale":"pl_PL","og_type":"article","og_title":"Cucielo Vermouth Di Torino Bianco 0,75l 16,8% - B2B MVGD PL","og_description":"Do produkcji wermut\u00f3w CUCIELO u\u017cywane s\u0105 dok\u0142adnie wyselekcjonowane winogrona, daj\u0105ce mu sw\u00f3j niepowtarzalny smak. Winogrona Trebbiano D\u2019Arbuzzo, tworz\u0105 lekkie, delikatne wino z nutami sadu owocowego, bia\u0142ych kwiat\u00f3w oraz rumianku natomiast winogrona ze szczepu Grillo and Ansonica s\u0105 \u015bwie\u017ce, lekkie nadaj\u0105c winu owocowych nut, z posmakiem jab\u0142ka oraz cytryny.","og_url":"https:\/\/b2b.mvgd.pl\/index.php\/produkt\/cucielo-vermouth-di-torino-bianco-075l-168\/","og_site_name":"B2B MVGD PL","article_modified_time":"2026-02-16T18:33:33+00:00","twitter_card":"summary_large_image","schema":{"@context":"https:\/\/schema.org","@graph":[{"@type":"WebPage","@id":"https:\/\/b2b.mvgd.pl\/index.php\/produkt\/cucielo-vermouth-di-torino-bianco-075l-168\/","url":"https:\/\/b2b.mvgd.pl\/index.php\/produkt\/cucielo-vermouth-di-torino-bianco-075l-168\/","name":"Cucielo Vermouth Di Torino Bianco 0,75l 16,8% - B2B MVGD PL","isPartOf":{"@id":"https:\/\/b2b.mvgd.pl\/#website"},"primaryImageOfPage":{"@id":"https:\/\/b2b.mvgd.pl\/index.php\/produkt\/cucielo-vermouth-di-torino-bianco-075l-168\/#primaryimage"},"image":{"@id":"https:\/\/b2b.mvgd.pl\/index.php\/produkt\/cucielo-vermouth-di-torino-bianco-075l-168\/#primaryimage"},"thumbnailUrl":"https:\/\/b2b.mvgd.pl\/wp-content\/uploads\/2026\/02\/PVRLMD1146.png","datePublished":"2026-02-16T18:31:57+00:00","dateModified":"2026-02-16T18:33:33+00:00","breadcrumb":{"@id":"https:\/\/b2b.mvgd.pl\/index.php\/produkt\/cucielo-vermouth-di-torino-bianco-075l-168\/#breadcrumb"},"inLanguage":"pl-PL","potentialAction":[{"@type":"ReadAction","target":["https:\/\/b2b.mvgd.pl\/index.php\/produkt\/cucielo-vermouth-di-torino-bianco-075l-168\/"]}]},{"@type":"ImageObject","inLanguage":"pl-PL","@id":"https:\/\/b2b.mvgd.pl\/index.php\/produkt\/cucielo-vermouth-di-torino-bianco-075l-168\/#primaryimage","url":"https:\/\/b2b.mvgd.pl\/wp-content\/uploads\/2026\/02\/PVRLMD1146.png","contentUrl":"https:\/\/b2b.mvgd.pl\/wp-content\/uploads\/2026\/02\/PVRLMD1146.png","width":900,"height":1200},{"@type":"BreadcrumbList","@id":"https:\/\/b2b.mvgd.pl\/index.php\/produkt\/cucielo-vermouth-di-torino-bianco-075l-168\/#breadcrumb","itemListElement":[{"@type":"ListItem","position":1,"name":"Strona g\u0142\u00f3wna","item":"https:\/\/b2b.mvgd.pl\/"},{"@type":"ListItem","position":2,"name":"Shop","item":"https:\/\/b2b.mvgd.pl\/index.php\/shop\/"},{"@type":"ListItem","position":3,"name":"Cucielo Vermouth Di Torino Bianco 0,75l 16,8%"}]},{"@type":"WebSite","@id":"https:\/\/b2b.mvgd.pl\/#website","url":"https:\/\/b2b.mvgd.pl\/","name":"B2B MVGD PL","description":"","potentialAction":[{"@type":"SearchAction","target":{"@type":"EntryPoint","urlTemplate":"https:\/\/b2b.mvgd.pl\/?s={search_term_string}"},"query-input":{"@type":"PropertyValueSpecification","valueRequired":true,"valueName":"search_term_string"}}],"inLanguage":"pl-PL"}]}},"jetpack_sharing_enabled":true,"_links":{"self":[{"href":"https:\/\/b2b.mvgd.pl\/index.php\/wp-json\/wp\/v2\/product\/71","targetHints":{"allow":["GET"]}}],"collection":[{"href":"https:\/\/b2b.mvgd.pl\/index.php\/wp-json\/wp\/v2\/product"}],"about":[{"href":"https:\/\/b2b.mvgd.pl\/index.php\/wp-json\/wp\/v2\/types\/product"}],"replies":[{"embeddable":true,"href":"https:\/\/b2b.mvgd.pl\/index.php\/wp-json\/wp\/v2\/comments?post=71"}],"version-history":[{"count":0,"href":"https:\/\/b2b.mvgd.pl\/index.php\/wp-json\/wp\/v2\/product\/71\/revisions"}],"wp:featuredmedia":[{"embeddable":true,"href":"https:\/\/b2b.mvgd.pl\/index.php\/wp-json\/wp\/v2\/media\/126"}],"wp:attachment":[{"href":"https:\/\/b2b.mvgd.pl\/index.php\/wp-json\/wp\/v2\/media?parent=71"}],"wp:term":[{"taxonomy":"product_brand","embeddable":true,"href":"https:\/\/b2b.mvgd.pl\/index.php\/wp-json\/wp\/v2\/product_brand?post=71"},{"taxonomy":"product_cat","embeddable":true,"href":"https:\/\/b2b.mvgd.pl\/index.php\/wp-json\/wp\/v2\/product_cat?post=71"},{"taxonomy":"product_tag","embeddable":true,"href":"https:\/\/b2b.mvgd.pl\/index.php\/wp-json\/wp\/v2\/product_tag?post=71"}],"curies":[{"name":"wp","href":"https:\/\/api.w.org\/{rel}","templated":true}]}}