{"id":701,"date":"2026-02-16T18:51:27","date_gmt":"2026-02-16T18:51:27","guid":{"rendered":"https:\/\/b2b.mvgd.pl\/?post_type=product&#038;p=701"},"modified":"2026-02-16T18:53:21","modified_gmt":"2026-02-16T18:53:21","slug":"mateus-rose-sparkling-brut-075-115","status":"publish","type":"product","link":"https:\/\/b2b.mvgd.pl\/index.php\/produkt\/mateus-rose-sparkling-brut-075-115\/","title":{"rendered":"MATEUS Rose sparkling brut 0,75 11,5%"},"content":{"rendered":"<p>Mateus Sparkling Brut Ros\u00e9 to nowoczesne i stylowe wino musuj\u0105ce, kt\u00f3re \u0142\u0105czy w sobie elegancj\u0119 i radosny charakter. Jego subtelna, jasnor\u00f3\u017cowa barwa oraz delikatne b\u0105belki sprawiaj\u0105, \u017ce ka\u017cda chwila staje si\u0119 wyj\u0105tkowa. W aromacie dominuj\u0105 nuty czerwonych owoc\u00f3w, takich jak maliny i truskawki, wzbogacone o subtelne akcenty kwiatowe oraz lekko tostowe niuanse, kt\u00f3re nadaj\u0105 mu wyrafinowany charakter. Na podniebieniu Mateus Sparkling Brut Ros\u00e9 zachwyca lekko\u015bci\u0105 i \u015bwie\u017co\u015bci\u0105, z idealnie z balansowan\u0105 kwasowo\u015bci\u0105, kt\u00f3ra podkre\u015bla jego orze\u017awiaj\u0105cy styl. Dzi\u0119ki swojej wszechstronno\u015bci doskonale sprawdzi si\u0119 jako aperitif, ale tak\u017ce jako towarzysz lekkich da\u0144, owoc\u00f3w morza czy wykwintnych przek\u0105sek. To idealne wino na ka\u017cd\u0105 okazj\u0119 \u2013 od eleganckich przyj\u0119\u0107 po spontaniczne spotkania z przyjaci\u00f3\u0142mi. Mateus Sparkling Brut Ros\u00e9 to kwintesencja celebracji i beztroskiego stylu \u017cycia \u2013 lekko\u015b\u0107, rado\u015b\u0107 i odrobina luksusu w ka\u017cdej kropli.<\/p>\n","protected":false},"excerpt":{"rendered":"<p>Mateus Sparkling Brut Ros\u00e9 to nowoczesne i stylowe wino musuj\u0105ce, kt\u00f3re \u0142\u0105czy w sobie elegancj\u0119 i radosny charakter. Jego subtelna, jasnor\u00f3\u017cowa barwa oraz delikatne b\u0105belki sprawiaj\u0105, \u017ce ka\u017cda chwila staje si\u0119 wyj\u0105tkowa. W aromacie dominuj\u0105 nuty czerwonych owoc\u00f3w, takich jak maliny i truskawki, wzbogacone o subtelne akcenty kwiatowe oraz lekko tostowe niuanse, kt\u00f3re nadaj\u0105 mu wyrafinowany charakter. Na podniebieniu Mateus Sparkling Brut Ros\u00e9 zachwyca lekko\u015bci\u0105 i \u015bwie\u017co\u015bci\u0105, z idealnie z balansowan\u0105 kwasowo\u015bci\u0105, kt\u00f3ra podkre\u015bla jego orze\u017awiaj\u0105cy styl. Dzi\u0119ki swojej wszechstronno\u015bci doskonale sprawdzi si\u0119 jako aperitif, ale tak\u017ce jako towarzysz lekkich da\u0144, owoc\u00f3w morza czy wykwintnych przek\u0105sek. To idealne wino na ka\u017cd\u0105 okazj\u0119 \u2013 od eleganckich przyj\u0119\u0107 po spontaniczne spotkania z przyjaci\u00f3\u0142mi. Mateus Sparkling Brut Ros\u00e9 to kwintesencja celebracji i beztroskiego stylu \u017cycia \u2013 lekko\u015b\u0107, rado\u015b\u0107 i odrobina luksusu w ka\u017cdej kropli.<\/p>\n","protected":false},"featured_media":758,"comment_status":"open","ping_status":"closed","template":"","meta":[],"product_brand":[],"product_cat":[21,18],"product_tag":[902,671,320,321],"class_list":{"0":"post-701","1":"product","2":"type-product","3":"status-publish","4":"has-post-thumbnail","6":"product_cat-portugalia","7":"product_cat-wina","8":"product_tag-mateus","9":"product_tag-szampan","10":"product_tag-wino","11":"product_tag-wytrawne","13":"first","14":"instock","15":"shipping-taxable","16":"purchasable","17":"product-type-simple"},"yoast_head":"<!-- This site is optimized with the Yoast SEO plugin v26.9 - https:\/\/yoast.com\/product\/yoast-seo-wordpress\/ -->\n<title>MATEUS Rose sparkling brut 0,75 11,5% - B2B MVGD PL<\/title>\n<meta name=\"robots\" content=\"index, follow, max-snippet:-1, max-image-preview:large, max-video-preview:-1\" \/>\n<link rel=\"canonical\" href=\"https:\/\/b2b.mvgd.pl\/index.php\/produkt\/mateus-rose-sparkling-brut-075-115\/\" \/>\n<meta property=\"og:locale\" content=\"pl_PL\" \/>\n<meta property=\"og:type\" content=\"article\" \/>\n<meta property=\"og:title\" content=\"MATEUS Rose sparkling brut 0,75 11,5% - B2B MVGD PL\" \/>\n<meta property=\"og:description\" content=\"Mateus Sparkling Brut Ros\u00e9 to nowoczesne i stylowe wino musuj\u0105ce, kt\u00f3re \u0142\u0105czy w sobie elegancj\u0119 i radosny charakter. Jego subtelna, jasnor\u00f3\u017cowa barwa oraz delikatne b\u0105belki sprawiaj\u0105, \u017ce ka\u017cda chwila staje si\u0119 wyj\u0105tkowa. W aromacie dominuj\u0105 nuty czerwonych owoc\u00f3w, takich jak maliny i truskawki, wzbogacone o subtelne akcenty kwiatowe oraz lekko tostowe niuanse, kt\u00f3re nadaj\u0105 mu wyrafinowany charakter. Na podniebieniu Mateus Sparkling Brut Ros\u00e9 zachwyca lekko\u015bci\u0105 i \u015bwie\u017co\u015bci\u0105, z idealnie z balansowan\u0105 kwasowo\u015bci\u0105, kt\u00f3ra podkre\u015bla jego orze\u017awiaj\u0105cy styl. Dzi\u0119ki swojej wszechstronno\u015bci doskonale sprawdzi si\u0119 jako aperitif, ale tak\u017ce jako towarzysz lekkich da\u0144, owoc\u00f3w morza czy wykwintnych przek\u0105sek. To idealne wino na ka\u017cd\u0105 okazj\u0119 \u2013 od eleganckich przyj\u0119\u0107 po spontaniczne spotkania z przyjaci\u00f3\u0142mi. Mateus Sparkling Brut Ros\u00e9 to kwintesencja celebracji i beztroskiego stylu \u017cycia \u2013 lekko\u015b\u0107, rado\u015b\u0107 i odrobina luksusu w ka\u017cdej kropli.\" \/>\n<meta property=\"og:url\" content=\"https:\/\/b2b.mvgd.pl\/index.php\/produkt\/mateus-rose-sparkling-brut-075-115\/\" \/>\n<meta property=\"og:site_name\" content=\"B2B MVGD PL\" \/>\n<meta property=\"article:modified_time\" content=\"2026-02-16T18:53:21+00:00\" \/>\n<meta name=\"twitter:card\" content=\"summary_large_image\" \/>\n<meta name=\"twitter:label1\" content=\"Szacowany czas czytania\" \/>\n\t<meta name=\"twitter:data1\" content=\"1 minuta\" \/>\n<script type=\"application\/ld+json\" class=\"yoast-schema-graph\">{\"@context\":\"https:\/\/schema.org\",\"@graph\":[{\"@type\":\"WebPage\",\"@id\":\"https:\/\/b2b.mvgd.pl\/index.php\/produkt\/mateus-rose-sparkling-brut-075-115\/\",\"url\":\"https:\/\/b2b.mvgd.pl\/index.php\/produkt\/mateus-rose-sparkling-brut-075-115\/\",\"name\":\"MATEUS Rose sparkling brut 0,75 11,5% - B2B MVGD PL\",\"isPartOf\":{\"@id\":\"https:\/\/b2b.mvgd.pl\/#website\"},\"primaryImageOfPage\":{\"@id\":\"https:\/\/b2b.mvgd.pl\/index.php\/produkt\/mateus-rose-sparkling-brut-075-115\/#primaryimage\"},\"image\":{\"@id\":\"https:\/\/b2b.mvgd.pl\/index.php\/produkt\/mateus-rose-sparkling-brut-075-115\/#primaryimage\"},\"thumbnailUrl\":\"https:\/\/b2b.mvgd.pl\/wp-content\/uploads\/2026\/02\/Mateus-Sparkling.png\",\"datePublished\":\"2026-02-16T18:51:27+00:00\",\"dateModified\":\"2026-02-16T18:53:21+00:00\",\"breadcrumb\":{\"@id\":\"https:\/\/b2b.mvgd.pl\/index.php\/produkt\/mateus-rose-sparkling-brut-075-115\/#breadcrumb\"},\"inLanguage\":\"pl-PL\",\"potentialAction\":[{\"@type\":\"ReadAction\",\"target\":[\"https:\/\/b2b.mvgd.pl\/index.php\/produkt\/mateus-rose-sparkling-brut-075-115\/\"]}]},{\"@type\":\"ImageObject\",\"inLanguage\":\"pl-PL\",\"@id\":\"https:\/\/b2b.mvgd.pl\/index.php\/produkt\/mateus-rose-sparkling-brut-075-115\/#primaryimage\",\"url\":\"https:\/\/b2b.mvgd.pl\/wp-content\/uploads\/2026\/02\/Mateus-Sparkling.png\",\"contentUrl\":\"https:\/\/b2b.mvgd.pl\/wp-content\/uploads\/2026\/02\/Mateus-Sparkling.png\",\"width\":900,\"height\":1200},{\"@type\":\"BreadcrumbList\",\"@id\":\"https:\/\/b2b.mvgd.pl\/index.php\/produkt\/mateus-rose-sparkling-brut-075-115\/#breadcrumb\",\"itemListElement\":[{\"@type\":\"ListItem\",\"position\":1,\"name\":\"Strona g\u0142\u00f3wna\",\"item\":\"https:\/\/b2b.mvgd.pl\/\"},{\"@type\":\"ListItem\",\"position\":2,\"name\":\"Shop\",\"item\":\"https:\/\/b2b.mvgd.pl\/index.php\/shop\/\"},{\"@type\":\"ListItem\",\"position\":3,\"name\":\"MATEUS Rose sparkling brut 0,75 11,5%\"}]},{\"@type\":\"WebSite\",\"@id\":\"https:\/\/b2b.mvgd.pl\/#website\",\"url\":\"https:\/\/b2b.mvgd.pl\/\",\"name\":\"B2B MVGD PL\",\"description\":\"\",\"potentialAction\":[{\"@type\":\"SearchAction\",\"target\":{\"@type\":\"EntryPoint\",\"urlTemplate\":\"https:\/\/b2b.mvgd.pl\/?s={search_term_string}\"},\"query-input\":{\"@type\":\"PropertyValueSpecification\",\"valueRequired\":true,\"valueName\":\"search_term_string\"}}],\"inLanguage\":\"pl-PL\"}]}<\/script>\n<!-- \/ Yoast SEO plugin. -->","yoast_head_json":{"title":"MATEUS Rose sparkling brut 0,75 11,5% - B2B MVGD PL","robots":{"index":"index","follow":"follow","max-snippet":"max-snippet:-1","max-image-preview":"max-image-preview:large","max-video-preview":"max-video-preview:-1"},"canonical":"https:\/\/b2b.mvgd.pl\/index.php\/produkt\/mateus-rose-sparkling-brut-075-115\/","og_locale":"pl_PL","og_type":"article","og_title":"MATEUS Rose sparkling brut 0,75 11,5% - B2B MVGD PL","og_description":"Mateus Sparkling Brut Ros\u00e9 to nowoczesne i stylowe wino musuj\u0105ce, kt\u00f3re \u0142\u0105czy w sobie elegancj\u0119 i radosny charakter. Jego subtelna, jasnor\u00f3\u017cowa barwa oraz delikatne b\u0105belki sprawiaj\u0105, \u017ce ka\u017cda chwila staje si\u0119 wyj\u0105tkowa. W aromacie dominuj\u0105 nuty czerwonych owoc\u00f3w, takich jak maliny i truskawki, wzbogacone o subtelne akcenty kwiatowe oraz lekko tostowe niuanse, kt\u00f3re nadaj\u0105 mu wyrafinowany charakter. Na podniebieniu Mateus Sparkling Brut Ros\u00e9 zachwyca lekko\u015bci\u0105 i \u015bwie\u017co\u015bci\u0105, z idealnie z balansowan\u0105 kwasowo\u015bci\u0105, kt\u00f3ra podkre\u015bla jego orze\u017awiaj\u0105cy styl. Dzi\u0119ki swojej wszechstronno\u015bci doskonale sprawdzi si\u0119 jako aperitif, ale tak\u017ce jako towarzysz lekkich da\u0144, owoc\u00f3w morza czy wykwintnych przek\u0105sek. To idealne wino na ka\u017cd\u0105 okazj\u0119 \u2013 od eleganckich przyj\u0119\u0107 po spontaniczne spotkania z przyjaci\u00f3\u0142mi. Mateus Sparkling Brut Ros\u00e9 to kwintesencja celebracji i beztroskiego stylu \u017cycia \u2013 lekko\u015b\u0107, rado\u015b\u0107 i odrobina luksusu w ka\u017cdej kropli.","og_url":"https:\/\/b2b.mvgd.pl\/index.php\/produkt\/mateus-rose-sparkling-brut-075-115\/","og_site_name":"B2B MVGD PL","article_modified_time":"2026-02-16T18:53:21+00:00","twitter_card":"summary_large_image","twitter_misc":{"Szacowany czas czytania":"1 minuta"},"schema":{"@context":"https:\/\/schema.org","@graph":[{"@type":"WebPage","@id":"https:\/\/b2b.mvgd.pl\/index.php\/produkt\/mateus-rose-sparkling-brut-075-115\/","url":"https:\/\/b2b.mvgd.pl\/index.php\/produkt\/mateus-rose-sparkling-brut-075-115\/","name":"MATEUS Rose sparkling brut 0,75 11,5% - B2B MVGD PL","isPartOf":{"@id":"https:\/\/b2b.mvgd.pl\/#website"},"primaryImageOfPage":{"@id":"https:\/\/b2b.mvgd.pl\/index.php\/produkt\/mateus-rose-sparkling-brut-075-115\/#primaryimage"},"image":{"@id":"https:\/\/b2b.mvgd.pl\/index.php\/produkt\/mateus-rose-sparkling-brut-075-115\/#primaryimage"},"thumbnailUrl":"https:\/\/b2b.mvgd.pl\/wp-content\/uploads\/2026\/02\/Mateus-Sparkling.png","datePublished":"2026-02-16T18:51:27+00:00","dateModified":"2026-02-16T18:53:21+00:00","breadcrumb":{"@id":"https:\/\/b2b.mvgd.pl\/index.php\/produkt\/mateus-rose-sparkling-brut-075-115\/#breadcrumb"},"inLanguage":"pl-PL","potentialAction":[{"@type":"ReadAction","target":["https:\/\/b2b.mvgd.pl\/index.php\/produkt\/mateus-rose-sparkling-brut-075-115\/"]}]},{"@type":"ImageObject","inLanguage":"pl-PL","@id":"https:\/\/b2b.mvgd.pl\/index.php\/produkt\/mateus-rose-sparkling-brut-075-115\/#primaryimage","url":"https:\/\/b2b.mvgd.pl\/wp-content\/uploads\/2026\/02\/Mateus-Sparkling.png","contentUrl":"https:\/\/b2b.mvgd.pl\/wp-content\/uploads\/2026\/02\/Mateus-Sparkling.png","width":900,"height":1200},{"@type":"BreadcrumbList","@id":"https:\/\/b2b.mvgd.pl\/index.php\/produkt\/mateus-rose-sparkling-brut-075-115\/#breadcrumb","itemListElement":[{"@type":"ListItem","position":1,"name":"Strona g\u0142\u00f3wna","item":"https:\/\/b2b.mvgd.pl\/"},{"@type":"ListItem","position":2,"name":"Shop","item":"https:\/\/b2b.mvgd.pl\/index.php\/shop\/"},{"@type":"ListItem","position":3,"name":"MATEUS Rose sparkling brut 0,75 11,5%"}]},{"@type":"WebSite","@id":"https:\/\/b2b.mvgd.pl\/#website","url":"https:\/\/b2b.mvgd.pl\/","name":"B2B MVGD PL","description":"","potentialAction":[{"@type":"SearchAction","target":{"@type":"EntryPoint","urlTemplate":"https:\/\/b2b.mvgd.pl\/?s={search_term_string}"},"query-input":{"@type":"PropertyValueSpecification","valueRequired":true,"valueName":"search_term_string"}}],"inLanguage":"pl-PL"}]}},"jetpack_sharing_enabled":true,"_links":{"self":[{"href":"https:\/\/b2b.mvgd.pl\/index.php\/wp-json\/wp\/v2\/product\/701","targetHints":{"allow":["GET"]}}],"collection":[{"href":"https:\/\/b2b.mvgd.pl\/index.php\/wp-json\/wp\/v2\/product"}],"about":[{"href":"https:\/\/b2b.mvgd.pl\/index.php\/wp-json\/wp\/v2\/types\/product"}],"replies":[{"embeddable":true,"href":"https:\/\/b2b.mvgd.pl\/index.php\/wp-json\/wp\/v2\/comments?post=701"}],"version-history":[{"count":0,"href":"https:\/\/b2b.mvgd.pl\/index.php\/wp-json\/wp\/v2\/product\/701\/revisions"}],"wp:featuredmedia":[{"embeddable":true,"href":"https:\/\/b2b.mvgd.pl\/index.php\/wp-json\/wp\/v2\/media\/758"}],"wp:attachment":[{"href":"https:\/\/b2b.mvgd.pl\/index.php\/wp-json\/wp\/v2\/media?parent=701"}],"wp:term":[{"taxonomy":"product_brand","embeddable":true,"href":"https:\/\/b2b.mvgd.pl\/index.php\/wp-json\/wp\/v2\/product_brand?post=701"},{"taxonomy":"product_cat","embeddable":true,"href":"https:\/\/b2b.mvgd.pl\/index.php\/wp-json\/wp\/v2\/product_cat?post=701"},{"taxonomy":"product_tag","embeddable":true,"href":"https:\/\/b2b.mvgd.pl\/index.php\/wp-json\/wp\/v2\/product_tag?post=701"}],"curies":[{"name":"wp","href":"https:\/\/api.w.org\/{rel}","templated":true}]}}