{"id":694,"date":"2026-02-16T18:50:58","date_gmt":"2026-02-16T18:50:58","guid":{"rendered":"https:\/\/b2b.mvgd.pl\/?post_type=product&#038;p=694"},"modified":"2026-02-16T18:53:10","modified_gmt":"2026-02-16T18:53:10","slug":"mateus-white-075-10","status":"publish","type":"product","link":"https:\/\/b2b.mvgd.pl\/index.php\/produkt\/mateus-white-075-10\/","title":{"rendered":"MATEUS White 0,75 10%"},"content":{"rendered":"<p>Mateus White to lekkie i \u015bwie\u017ce wino bia\u0142e, kt\u00f3re wyr\u00f3\u017cnia si\u0119 swoj\u0105 delikatno\u015bci\u0105 oraz uniwersalnym charakterem. Jego jasno-s\u0142omkowa barwa oraz owocowy bukiet z nutami cytrus\u00f3w zachwycaj\u0105 mi\u0142o\u015bnik\u00f3w lekkich win. Smak jest idealnie zbalansowany, z przyjemn\u0105 kwasowo\u015bci\u0105, co sprawia, \u017ce doskonale nadaje si\u0119 zar\u00f3wno do relaksu, jaki spotka\u0144 towarzyskich. Mateus White to wino wszechstronne, kt\u00f3re \u015bwietnie pasuje do lekkich da\u0144, sa\u0142atek czy jako aperitif. Jego m\u0142odzie\u0144czy styl i subtelne musowanie czyni\u0105 go idealnym wyborem na ciep\u0142e letnie dni lub pikniki na \u015bwie\u017cym powietrzu. To propozycja dla tych, kt\u00f3rzy ceni\u0105 jako\u015b\u0107 i chc\u0105 delektowa\u0107 si\u0119 wyj\u0105tkowymi chwilami z kieliszkiem wina w r\u0119ku.<\/p>\n","protected":false},"excerpt":{"rendered":"<p>Mateus White to lekkie i \u015bwie\u017ce wino bia\u0142e, kt\u00f3re wyr\u00f3\u017cnia si\u0119 swoj\u0105 delikatno\u015bci\u0105 oraz uniwersalnym charakterem. Jego jasno-s\u0142omkowa barwa oraz owocowy bukiet z nutami cytrus\u00f3w zachwycaj\u0105 mi\u0142o\u015bnik\u00f3w lekkich win. Smak jest idealnie zbalansowany, z przyjemn\u0105 kwasowo\u015bci\u0105, co sprawia, \u017ce doskonale nadaje si\u0119 zar\u00f3wno do relaksu, jaki spotka\u0144 towarzyskich. Mateus White to wino wszechstronne, kt\u00f3re \u015bwietnie pasuje do lekkich da\u0144, sa\u0142atek czy jako aperitif. Jego m\u0142odzie\u0144czy styl i subtelne musowanie czyni\u0105 go idealnym wyborem na ciep\u0142e letnie dni lub pikniki na \u015bwie\u017cym powietrzu. To propozycja dla tych, kt\u00f3rzy ceni\u0105 jako\u015b\u0107 i chc\u0105 delektowa\u0107 si\u0119 wyj\u0105tkowymi chwilami z kieliszkiem wina w r\u0119ku.<\/p>\n","protected":false},"featured_media":750,"comment_status":"open","ping_status":"closed","template":"","meta":[],"product_brand":[],"product_cat":[21,18],"product_tag":[902,903,320],"class_list":{"0":"post-694","1":"product","2":"type-product","3":"status-publish","4":"has-post-thumbnail","6":"product_cat-portugalia","7":"product_cat-wina","8":"product_tag-mateus","9":"product_tag-polwytrawne","10":"product_tag-wino","12":"first","13":"instock","14":"shipping-taxable","15":"purchasable","16":"product-type-simple"},"yoast_head":"<!-- This site is optimized with the Yoast SEO plugin v26.9 - https:\/\/yoast.com\/product\/yoast-seo-wordpress\/ -->\n<title>MATEUS White 0,75 10% - B2B MVGD PL<\/title>\n<meta name=\"robots\" content=\"index, follow, max-snippet:-1, max-image-preview:large, max-video-preview:-1\" \/>\n<link rel=\"canonical\" href=\"https:\/\/b2b.mvgd.pl\/index.php\/produkt\/mateus-white-075-10\/\" \/>\n<meta property=\"og:locale\" content=\"pl_PL\" \/>\n<meta property=\"og:type\" content=\"article\" \/>\n<meta property=\"og:title\" content=\"MATEUS White 0,75 10% - B2B MVGD PL\" \/>\n<meta property=\"og:description\" content=\"Mateus White to lekkie i \u015bwie\u017ce wino bia\u0142e, kt\u00f3re wyr\u00f3\u017cnia si\u0119 swoj\u0105 delikatno\u015bci\u0105 oraz uniwersalnym charakterem. Jego jasno-s\u0142omkowa barwa oraz owocowy bukiet z nutami cytrus\u00f3w zachwycaj\u0105 mi\u0142o\u015bnik\u00f3w lekkich win. Smak jest idealnie zbalansowany, z przyjemn\u0105 kwasowo\u015bci\u0105, co sprawia, \u017ce doskonale nadaje si\u0119 zar\u00f3wno do relaksu, jaki spotka\u0144 towarzyskich. Mateus White to wino wszechstronne, kt\u00f3re \u015bwietnie pasuje do lekkich da\u0144, sa\u0142atek czy jako aperitif. Jego m\u0142odzie\u0144czy styl i subtelne musowanie czyni\u0105 go idealnym wyborem na ciep\u0142e letnie dni lub pikniki na \u015bwie\u017cym powietrzu. To propozycja dla tych, kt\u00f3rzy ceni\u0105 jako\u015b\u0107 i chc\u0105 delektowa\u0107 si\u0119 wyj\u0105tkowymi chwilami z kieliszkiem wina w r\u0119ku.\" \/>\n<meta property=\"og:url\" content=\"https:\/\/b2b.mvgd.pl\/index.php\/produkt\/mateus-white-075-10\/\" \/>\n<meta property=\"og:site_name\" content=\"B2B MVGD PL\" \/>\n<meta property=\"article:modified_time\" content=\"2026-02-16T18:53:10+00:00\" \/>\n<meta name=\"twitter:card\" content=\"summary_large_image\" \/>\n<meta name=\"twitter:label1\" content=\"Szacowany czas czytania\" \/>\n\t<meta name=\"twitter:data1\" content=\"1 minuta\" \/>\n<script type=\"application\/ld+json\" class=\"yoast-schema-graph\">{\"@context\":\"https:\/\/schema.org\",\"@graph\":[{\"@type\":\"WebPage\",\"@id\":\"https:\/\/b2b.mvgd.pl\/index.php\/produkt\/mateus-white-075-10\/\",\"url\":\"https:\/\/b2b.mvgd.pl\/index.php\/produkt\/mateus-white-075-10\/\",\"name\":\"MATEUS White 0,75 10% - B2B MVGD PL\",\"isPartOf\":{\"@id\":\"https:\/\/b2b.mvgd.pl\/#website\"},\"primaryImageOfPage\":{\"@id\":\"https:\/\/b2b.mvgd.pl\/index.php\/produkt\/mateus-white-075-10\/#primaryimage\"},\"image\":{\"@id\":\"https:\/\/b2b.mvgd.pl\/index.php\/produkt\/mateus-white-075-10\/#primaryimage\"},\"thumbnailUrl\":\"https:\/\/b2b.mvgd.pl\/wp-content\/uploads\/2026\/02\/Mateus-White-1.png\",\"datePublished\":\"2026-02-16T18:50:58+00:00\",\"dateModified\":\"2026-02-16T18:53:10+00:00\",\"breadcrumb\":{\"@id\":\"https:\/\/b2b.mvgd.pl\/index.php\/produkt\/mateus-white-075-10\/#breadcrumb\"},\"inLanguage\":\"pl-PL\",\"potentialAction\":[{\"@type\":\"ReadAction\",\"target\":[\"https:\/\/b2b.mvgd.pl\/index.php\/produkt\/mateus-white-075-10\/\"]}]},{\"@type\":\"ImageObject\",\"inLanguage\":\"pl-PL\",\"@id\":\"https:\/\/b2b.mvgd.pl\/index.php\/produkt\/mateus-white-075-10\/#primaryimage\",\"url\":\"https:\/\/b2b.mvgd.pl\/wp-content\/uploads\/2026\/02\/Mateus-White-1.png\",\"contentUrl\":\"https:\/\/b2b.mvgd.pl\/wp-content\/uploads\/2026\/02\/Mateus-White-1.png\",\"width\":900,\"height\":1200},{\"@type\":\"BreadcrumbList\",\"@id\":\"https:\/\/b2b.mvgd.pl\/index.php\/produkt\/mateus-white-075-10\/#breadcrumb\",\"itemListElement\":[{\"@type\":\"ListItem\",\"position\":1,\"name\":\"Strona g\u0142\u00f3wna\",\"item\":\"https:\/\/b2b.mvgd.pl\/\"},{\"@type\":\"ListItem\",\"position\":2,\"name\":\"Shop\",\"item\":\"https:\/\/b2b.mvgd.pl\/index.php\/shop\/\"},{\"@type\":\"ListItem\",\"position\":3,\"name\":\"MATEUS White 0,75 10%\"}]},{\"@type\":\"WebSite\",\"@id\":\"https:\/\/b2b.mvgd.pl\/#website\",\"url\":\"https:\/\/b2b.mvgd.pl\/\",\"name\":\"B2B MVGD PL\",\"description\":\"\",\"potentialAction\":[{\"@type\":\"SearchAction\",\"target\":{\"@type\":\"EntryPoint\",\"urlTemplate\":\"https:\/\/b2b.mvgd.pl\/?s={search_term_string}\"},\"query-input\":{\"@type\":\"PropertyValueSpecification\",\"valueRequired\":true,\"valueName\":\"search_term_string\"}}],\"inLanguage\":\"pl-PL\"}]}<\/script>\n<!-- \/ Yoast SEO plugin. -->","yoast_head_json":{"title":"MATEUS White 0,75 10% - B2B MVGD PL","robots":{"index":"index","follow":"follow","max-snippet":"max-snippet:-1","max-image-preview":"max-image-preview:large","max-video-preview":"max-video-preview:-1"},"canonical":"https:\/\/b2b.mvgd.pl\/index.php\/produkt\/mateus-white-075-10\/","og_locale":"pl_PL","og_type":"article","og_title":"MATEUS White 0,75 10% - B2B MVGD PL","og_description":"Mateus White to lekkie i \u015bwie\u017ce wino bia\u0142e, kt\u00f3re wyr\u00f3\u017cnia si\u0119 swoj\u0105 delikatno\u015bci\u0105 oraz uniwersalnym charakterem. Jego jasno-s\u0142omkowa barwa oraz owocowy bukiet z nutami cytrus\u00f3w zachwycaj\u0105 mi\u0142o\u015bnik\u00f3w lekkich win. Smak jest idealnie zbalansowany, z przyjemn\u0105 kwasowo\u015bci\u0105, co sprawia, \u017ce doskonale nadaje si\u0119 zar\u00f3wno do relaksu, jaki spotka\u0144 towarzyskich. Mateus White to wino wszechstronne, kt\u00f3re \u015bwietnie pasuje do lekkich da\u0144, sa\u0142atek czy jako aperitif. Jego m\u0142odzie\u0144czy styl i subtelne musowanie czyni\u0105 go idealnym wyborem na ciep\u0142e letnie dni lub pikniki na \u015bwie\u017cym powietrzu. To propozycja dla tych, kt\u00f3rzy ceni\u0105 jako\u015b\u0107 i chc\u0105 delektowa\u0107 si\u0119 wyj\u0105tkowymi chwilami z kieliszkiem wina w r\u0119ku.","og_url":"https:\/\/b2b.mvgd.pl\/index.php\/produkt\/mateus-white-075-10\/","og_site_name":"B2B MVGD PL","article_modified_time":"2026-02-16T18:53:10+00:00","twitter_card":"summary_large_image","twitter_misc":{"Szacowany czas czytania":"1 minuta"},"schema":{"@context":"https:\/\/schema.org","@graph":[{"@type":"WebPage","@id":"https:\/\/b2b.mvgd.pl\/index.php\/produkt\/mateus-white-075-10\/","url":"https:\/\/b2b.mvgd.pl\/index.php\/produkt\/mateus-white-075-10\/","name":"MATEUS White 0,75 10% - B2B MVGD PL","isPartOf":{"@id":"https:\/\/b2b.mvgd.pl\/#website"},"primaryImageOfPage":{"@id":"https:\/\/b2b.mvgd.pl\/index.php\/produkt\/mateus-white-075-10\/#primaryimage"},"image":{"@id":"https:\/\/b2b.mvgd.pl\/index.php\/produkt\/mateus-white-075-10\/#primaryimage"},"thumbnailUrl":"https:\/\/b2b.mvgd.pl\/wp-content\/uploads\/2026\/02\/Mateus-White-1.png","datePublished":"2026-02-16T18:50:58+00:00","dateModified":"2026-02-16T18:53:10+00:00","breadcrumb":{"@id":"https:\/\/b2b.mvgd.pl\/index.php\/produkt\/mateus-white-075-10\/#breadcrumb"},"inLanguage":"pl-PL","potentialAction":[{"@type":"ReadAction","target":["https:\/\/b2b.mvgd.pl\/index.php\/produkt\/mateus-white-075-10\/"]}]},{"@type":"ImageObject","inLanguage":"pl-PL","@id":"https:\/\/b2b.mvgd.pl\/index.php\/produkt\/mateus-white-075-10\/#primaryimage","url":"https:\/\/b2b.mvgd.pl\/wp-content\/uploads\/2026\/02\/Mateus-White-1.png","contentUrl":"https:\/\/b2b.mvgd.pl\/wp-content\/uploads\/2026\/02\/Mateus-White-1.png","width":900,"height":1200},{"@type":"BreadcrumbList","@id":"https:\/\/b2b.mvgd.pl\/index.php\/produkt\/mateus-white-075-10\/#breadcrumb","itemListElement":[{"@type":"ListItem","position":1,"name":"Strona g\u0142\u00f3wna","item":"https:\/\/b2b.mvgd.pl\/"},{"@type":"ListItem","position":2,"name":"Shop","item":"https:\/\/b2b.mvgd.pl\/index.php\/shop\/"},{"@type":"ListItem","position":3,"name":"MATEUS White 0,75 10%"}]},{"@type":"WebSite","@id":"https:\/\/b2b.mvgd.pl\/#website","url":"https:\/\/b2b.mvgd.pl\/","name":"B2B MVGD PL","description":"","potentialAction":[{"@type":"SearchAction","target":{"@type":"EntryPoint","urlTemplate":"https:\/\/b2b.mvgd.pl\/?s={search_term_string}"},"query-input":{"@type":"PropertyValueSpecification","valueRequired":true,"valueName":"search_term_string"}}],"inLanguage":"pl-PL"}]}},"jetpack_sharing_enabled":true,"_links":{"self":[{"href":"https:\/\/b2b.mvgd.pl\/index.php\/wp-json\/wp\/v2\/product\/694","targetHints":{"allow":["GET"]}}],"collection":[{"href":"https:\/\/b2b.mvgd.pl\/index.php\/wp-json\/wp\/v2\/product"}],"about":[{"href":"https:\/\/b2b.mvgd.pl\/index.php\/wp-json\/wp\/v2\/types\/product"}],"replies":[{"embeddable":true,"href":"https:\/\/b2b.mvgd.pl\/index.php\/wp-json\/wp\/v2\/comments?post=694"}],"version-history":[{"count":0,"href":"https:\/\/b2b.mvgd.pl\/index.php\/wp-json\/wp\/v2\/product\/694\/revisions"}],"wp:featuredmedia":[{"embeddable":true,"href":"https:\/\/b2b.mvgd.pl\/index.php\/wp-json\/wp\/v2\/media\/750"}],"wp:attachment":[{"href":"https:\/\/b2b.mvgd.pl\/index.php\/wp-json\/wp\/v2\/media?parent=694"}],"wp:term":[{"taxonomy":"product_brand","embeddable":true,"href":"https:\/\/b2b.mvgd.pl\/index.php\/wp-json\/wp\/v2\/product_brand?post=694"},{"taxonomy":"product_cat","embeddable":true,"href":"https:\/\/b2b.mvgd.pl\/index.php\/wp-json\/wp\/v2\/product_cat?post=694"},{"taxonomy":"product_tag","embeddable":true,"href":"https:\/\/b2b.mvgd.pl\/index.php\/wp-json\/wp\/v2\/product_tag?post=694"}],"curies":[{"name":"wp","href":"https:\/\/api.w.org\/{rel}","templated":true}]}}