{"id":693,"date":"2026-02-16T18:50:58","date_gmt":"2026-02-16T18:50:58","guid":{"rendered":"https:\/\/b2b.mvgd.pl\/?post_type=product&#038;p=693"},"modified":"2026-02-16T18:53:08","modified_gmt":"2026-02-16T18:53:08","slug":"mateus-rose-medium-sweet-075-105","status":"publish","type":"product","link":"https:\/\/b2b.mvgd.pl\/index.php\/produkt\/mateus-rose-medium-sweet-075-105\/","title":{"rendered":"MATEUS Rose medium sweet 0,75 10,5%"},"content":{"rendered":"<p>Mateus Ros\u00e9 Semi-Sweet to wyj\u0105tkowe wino r\u00f3\u017cowe, kt\u00f3re idealnie \u0142\u0105czy s\u0142odycz z delikatn\u0105 \u015bwie\u017co\u015bci\u0105. Jego jasnor\u00f3\u017cowa barwa i aromaty soczystych owoc\u00f3w lata, takich jak truskawki i maliny, zachwyc\u0105 zar\u00f3wno mi\u0142o\u015bnik\u00f3w wina, jak i osoby, kt\u00f3re dopiero odkrywaj\u0105 \u015bwiat win r\u00f3\u017cowych. Na podniebieniu zbalansowana s\u0142odycz przeplata si\u0119 z przyjemn\u0105 kwasowo\u015bci\u0105, tworz\u0105c harmonijn\u0105 kompozycj\u0119 smaku. Dzi\u0119ki swojej wszechstronno\u015bci, Mateus Ros\u00e9 Semi-Sweet doskonale sprawdzi si\u0119 podczas niezobowi\u0105zuj\u0105cych spotka\u0144 z przyjaci\u00f3\u0142mi, romantycznych kolacji, jak i w roli aperitifu. To wino, kt\u00f3re podkre\u015bla chwile rado\u015bci i pozwala cieszy\u0107 si\u0119 \u017cyciem w wyj\u0105tkowy spos\u00f3b. Idealne na ka\u017cd\u0105 okazj\u0119, kt\u00f3ra zas\u0142uguje na toast \u2013 zar\u00f3wno wielk\u0105, jak i t\u0119 zupe\u0142nie codzienn\u0105. Poznaj Mateus Ros\u00e9 Semi-Sweet \u2013 wino, kt\u00f3re \u0142\u0105czy tradycj\u0119 portugalskiej jako\u015bci z nowoczesnym stylem \u017cycia.<\/p>\n","protected":false},"excerpt":{"rendered":"<p>Mateus Ros\u00e9 Semi-Sweet to wyj\u0105tkowe wino r\u00f3\u017cowe, kt\u00f3re idealnie \u0142\u0105czy s\u0142odycz z delikatn\u0105 \u015bwie\u017co\u015bci\u0105. Jego jasnor\u00f3\u017cowa barwa i aromaty soczystych owoc\u00f3w lata, takich jak truskawki i maliny, zachwyc\u0105 zar\u00f3wno mi\u0142o\u015bnik\u00f3w wina, jak i osoby, kt\u00f3re dopiero odkrywaj\u0105 \u015bwiat win r\u00f3\u017cowych. Na podniebieniu zbalansowana s\u0142odycz przeplata si\u0119 z przyjemn\u0105 kwasowo\u015bci\u0105, tworz\u0105c harmonijn\u0105 kompozycj\u0119 smaku. Dzi\u0119ki swojej wszechstronno\u015bci, Mateus Ros\u00e9 Semi-Sweet doskonale sprawdzi si\u0119 podczas niezobowi\u0105zuj\u0105cych spotka\u0144 z przyjaci\u00f3\u0142mi, romantycznych kolacji, jak i w roli aperitifu. To wino, kt\u00f3re podkre\u015bla chwile rado\u015bci i pozwala cieszy\u0107 si\u0119 \u017cyciem w wyj\u0105tkowy spos\u00f3b. Idealne na ka\u017cd\u0105 okazj\u0119, kt\u00f3ra zas\u0142uguje na toast \u2013 zar\u00f3wno wielk\u0105, jak i t\u0119 zupe\u0142nie codzienn\u0105. Poznaj Mateus Ros\u00e9 Semi-Sweet \u2013 wino, kt\u00f3re \u0142\u0105czy tradycj\u0119 portugalskiej jako\u015bci z nowoczesnym stylem \u017cycia.<\/p>\n","protected":false},"featured_media":749,"comment_status":"open","ping_status":"closed","template":"","meta":[],"product_brand":[],"product_cat":[21,18],"product_tag":[902,345,320],"class_list":{"0":"post-693","1":"product","2":"type-product","3":"status-publish","4":"has-post-thumbnail","6":"product_cat-portugalia","7":"product_cat-wina","8":"product_tag-mateus","9":"product_tag-polslodkie","10":"product_tag-wino","12":"first","13":"instock","14":"shipping-taxable","15":"purchasable","16":"product-type-simple"},"yoast_head":"<!-- This site is optimized with the Yoast SEO plugin v26.9 - https:\/\/yoast.com\/product\/yoast-seo-wordpress\/ -->\n<title>MATEUS Rose medium sweet 0,75 10,5% - B2B MVGD PL<\/title>\n<meta name=\"robots\" content=\"index, follow, max-snippet:-1, max-image-preview:large, max-video-preview:-1\" \/>\n<link rel=\"canonical\" href=\"https:\/\/b2b.mvgd.pl\/index.php\/produkt\/mateus-rose-medium-sweet-075-105\/\" \/>\n<meta property=\"og:locale\" content=\"pl_PL\" \/>\n<meta property=\"og:type\" content=\"article\" \/>\n<meta property=\"og:title\" content=\"MATEUS Rose medium sweet 0,75 10,5% - B2B MVGD PL\" \/>\n<meta property=\"og:description\" content=\"Mateus Ros\u00e9 Semi-Sweet to wyj\u0105tkowe wino r\u00f3\u017cowe, kt\u00f3re idealnie \u0142\u0105czy s\u0142odycz z delikatn\u0105 \u015bwie\u017co\u015bci\u0105. Jego jasnor\u00f3\u017cowa barwa i aromaty soczystych owoc\u00f3w lata, takich jak truskawki i maliny, zachwyc\u0105 zar\u00f3wno mi\u0142o\u015bnik\u00f3w wina, jak i osoby, kt\u00f3re dopiero odkrywaj\u0105 \u015bwiat win r\u00f3\u017cowych. Na podniebieniu zbalansowana s\u0142odycz przeplata si\u0119 z przyjemn\u0105 kwasowo\u015bci\u0105, tworz\u0105c harmonijn\u0105 kompozycj\u0119 smaku. Dzi\u0119ki swojej wszechstronno\u015bci, Mateus Ros\u00e9 Semi-Sweet doskonale sprawdzi si\u0119 podczas niezobowi\u0105zuj\u0105cych spotka\u0144 z przyjaci\u00f3\u0142mi, romantycznych kolacji, jak i w roli aperitifu. To wino, kt\u00f3re podkre\u015bla chwile rado\u015bci i pozwala cieszy\u0107 si\u0119 \u017cyciem w wyj\u0105tkowy spos\u00f3b. Idealne na ka\u017cd\u0105 okazj\u0119, kt\u00f3ra zas\u0142uguje na toast \u2013 zar\u00f3wno wielk\u0105, jak i t\u0119 zupe\u0142nie codzienn\u0105. Poznaj Mateus Ros\u00e9 Semi-Sweet \u2013 wino, kt\u00f3re \u0142\u0105czy tradycj\u0119 portugalskiej jako\u015bci z nowoczesnym stylem \u017cycia.\" \/>\n<meta property=\"og:url\" content=\"https:\/\/b2b.mvgd.pl\/index.php\/produkt\/mateus-rose-medium-sweet-075-105\/\" \/>\n<meta property=\"og:site_name\" content=\"B2B MVGD PL\" \/>\n<meta property=\"article:modified_time\" content=\"2026-02-16T18:53:08+00:00\" \/>\n<meta name=\"twitter:card\" content=\"summary_large_image\" \/>\n<meta name=\"twitter:label1\" content=\"Szacowany czas czytania\" \/>\n\t<meta name=\"twitter:data1\" content=\"1 minuta\" \/>\n<script type=\"application\/ld+json\" class=\"yoast-schema-graph\">{\"@context\":\"https:\/\/schema.org\",\"@graph\":[{\"@type\":\"WebPage\",\"@id\":\"https:\/\/b2b.mvgd.pl\/index.php\/produkt\/mateus-rose-medium-sweet-075-105\/\",\"url\":\"https:\/\/b2b.mvgd.pl\/index.php\/produkt\/mateus-rose-medium-sweet-075-105\/\",\"name\":\"MATEUS Rose medium sweet 0,75 10,5% - B2B MVGD PL\",\"isPartOf\":{\"@id\":\"https:\/\/b2b.mvgd.pl\/#website\"},\"primaryImageOfPage\":{\"@id\":\"https:\/\/b2b.mvgd.pl\/index.php\/produkt\/mateus-rose-medium-sweet-075-105\/#primaryimage\"},\"image\":{\"@id\":\"https:\/\/b2b.mvgd.pl\/index.php\/produkt\/mateus-rose-medium-sweet-075-105\/#primaryimage\"},\"thumbnailUrl\":\"https:\/\/b2b.mvgd.pl\/wp-content\/uploads\/2026\/02\/Mateus-Medium-Sweet-Rose.png\",\"datePublished\":\"2026-02-16T18:50:58+00:00\",\"dateModified\":\"2026-02-16T18:53:08+00:00\",\"breadcrumb\":{\"@id\":\"https:\/\/b2b.mvgd.pl\/index.php\/produkt\/mateus-rose-medium-sweet-075-105\/#breadcrumb\"},\"inLanguage\":\"pl-PL\",\"potentialAction\":[{\"@type\":\"ReadAction\",\"target\":[\"https:\/\/b2b.mvgd.pl\/index.php\/produkt\/mateus-rose-medium-sweet-075-105\/\"]}]},{\"@type\":\"ImageObject\",\"inLanguage\":\"pl-PL\",\"@id\":\"https:\/\/b2b.mvgd.pl\/index.php\/produkt\/mateus-rose-medium-sweet-075-105\/#primaryimage\",\"url\":\"https:\/\/b2b.mvgd.pl\/wp-content\/uploads\/2026\/02\/Mateus-Medium-Sweet-Rose.png\",\"contentUrl\":\"https:\/\/b2b.mvgd.pl\/wp-content\/uploads\/2026\/02\/Mateus-Medium-Sweet-Rose.png\",\"width\":900,\"height\":1200},{\"@type\":\"BreadcrumbList\",\"@id\":\"https:\/\/b2b.mvgd.pl\/index.php\/produkt\/mateus-rose-medium-sweet-075-105\/#breadcrumb\",\"itemListElement\":[{\"@type\":\"ListItem\",\"position\":1,\"name\":\"Strona g\u0142\u00f3wna\",\"item\":\"https:\/\/b2b.mvgd.pl\/\"},{\"@type\":\"ListItem\",\"position\":2,\"name\":\"Shop\",\"item\":\"https:\/\/b2b.mvgd.pl\/index.php\/shop\/\"},{\"@type\":\"ListItem\",\"position\":3,\"name\":\"MATEUS Rose medium sweet 0,75 10,5%\"}]},{\"@type\":\"WebSite\",\"@id\":\"https:\/\/b2b.mvgd.pl\/#website\",\"url\":\"https:\/\/b2b.mvgd.pl\/\",\"name\":\"B2B MVGD PL\",\"description\":\"\",\"potentialAction\":[{\"@type\":\"SearchAction\",\"target\":{\"@type\":\"EntryPoint\",\"urlTemplate\":\"https:\/\/b2b.mvgd.pl\/?s={search_term_string}\"},\"query-input\":{\"@type\":\"PropertyValueSpecification\",\"valueRequired\":true,\"valueName\":\"search_term_string\"}}],\"inLanguage\":\"pl-PL\"}]}<\/script>\n<!-- \/ Yoast SEO plugin. -->","yoast_head_json":{"title":"MATEUS Rose medium sweet 0,75 10,5% - B2B MVGD PL","robots":{"index":"index","follow":"follow","max-snippet":"max-snippet:-1","max-image-preview":"max-image-preview:large","max-video-preview":"max-video-preview:-1"},"canonical":"https:\/\/b2b.mvgd.pl\/index.php\/produkt\/mateus-rose-medium-sweet-075-105\/","og_locale":"pl_PL","og_type":"article","og_title":"MATEUS Rose medium sweet 0,75 10,5% - B2B MVGD PL","og_description":"Mateus Ros\u00e9 Semi-Sweet to wyj\u0105tkowe wino r\u00f3\u017cowe, kt\u00f3re idealnie \u0142\u0105czy s\u0142odycz z delikatn\u0105 \u015bwie\u017co\u015bci\u0105. Jego jasnor\u00f3\u017cowa barwa i aromaty soczystych owoc\u00f3w lata, takich jak truskawki i maliny, zachwyc\u0105 zar\u00f3wno mi\u0142o\u015bnik\u00f3w wina, jak i osoby, kt\u00f3re dopiero odkrywaj\u0105 \u015bwiat win r\u00f3\u017cowych. Na podniebieniu zbalansowana s\u0142odycz przeplata si\u0119 z przyjemn\u0105 kwasowo\u015bci\u0105, tworz\u0105c harmonijn\u0105 kompozycj\u0119 smaku. Dzi\u0119ki swojej wszechstronno\u015bci, Mateus Ros\u00e9 Semi-Sweet doskonale sprawdzi si\u0119 podczas niezobowi\u0105zuj\u0105cych spotka\u0144 z przyjaci\u00f3\u0142mi, romantycznych kolacji, jak i w roli aperitifu. To wino, kt\u00f3re podkre\u015bla chwile rado\u015bci i pozwala cieszy\u0107 si\u0119 \u017cyciem w wyj\u0105tkowy spos\u00f3b. Idealne na ka\u017cd\u0105 okazj\u0119, kt\u00f3ra zas\u0142uguje na toast \u2013 zar\u00f3wno wielk\u0105, jak i t\u0119 zupe\u0142nie codzienn\u0105. Poznaj Mateus Ros\u00e9 Semi-Sweet \u2013 wino, kt\u00f3re \u0142\u0105czy tradycj\u0119 portugalskiej jako\u015bci z nowoczesnym stylem \u017cycia.","og_url":"https:\/\/b2b.mvgd.pl\/index.php\/produkt\/mateus-rose-medium-sweet-075-105\/","og_site_name":"B2B MVGD PL","article_modified_time":"2026-02-16T18:53:08+00:00","twitter_card":"summary_large_image","twitter_misc":{"Szacowany czas czytania":"1 minuta"},"schema":{"@context":"https:\/\/schema.org","@graph":[{"@type":"WebPage","@id":"https:\/\/b2b.mvgd.pl\/index.php\/produkt\/mateus-rose-medium-sweet-075-105\/","url":"https:\/\/b2b.mvgd.pl\/index.php\/produkt\/mateus-rose-medium-sweet-075-105\/","name":"MATEUS Rose medium sweet 0,75 10,5% - B2B MVGD PL","isPartOf":{"@id":"https:\/\/b2b.mvgd.pl\/#website"},"primaryImageOfPage":{"@id":"https:\/\/b2b.mvgd.pl\/index.php\/produkt\/mateus-rose-medium-sweet-075-105\/#primaryimage"},"image":{"@id":"https:\/\/b2b.mvgd.pl\/index.php\/produkt\/mateus-rose-medium-sweet-075-105\/#primaryimage"},"thumbnailUrl":"https:\/\/b2b.mvgd.pl\/wp-content\/uploads\/2026\/02\/Mateus-Medium-Sweet-Rose.png","datePublished":"2026-02-16T18:50:58+00:00","dateModified":"2026-02-16T18:53:08+00:00","breadcrumb":{"@id":"https:\/\/b2b.mvgd.pl\/index.php\/produkt\/mateus-rose-medium-sweet-075-105\/#breadcrumb"},"inLanguage":"pl-PL","potentialAction":[{"@type":"ReadAction","target":["https:\/\/b2b.mvgd.pl\/index.php\/produkt\/mateus-rose-medium-sweet-075-105\/"]}]},{"@type":"ImageObject","inLanguage":"pl-PL","@id":"https:\/\/b2b.mvgd.pl\/index.php\/produkt\/mateus-rose-medium-sweet-075-105\/#primaryimage","url":"https:\/\/b2b.mvgd.pl\/wp-content\/uploads\/2026\/02\/Mateus-Medium-Sweet-Rose.png","contentUrl":"https:\/\/b2b.mvgd.pl\/wp-content\/uploads\/2026\/02\/Mateus-Medium-Sweet-Rose.png","width":900,"height":1200},{"@type":"BreadcrumbList","@id":"https:\/\/b2b.mvgd.pl\/index.php\/produkt\/mateus-rose-medium-sweet-075-105\/#breadcrumb","itemListElement":[{"@type":"ListItem","position":1,"name":"Strona g\u0142\u00f3wna","item":"https:\/\/b2b.mvgd.pl\/"},{"@type":"ListItem","position":2,"name":"Shop","item":"https:\/\/b2b.mvgd.pl\/index.php\/shop\/"},{"@type":"ListItem","position":3,"name":"MATEUS Rose medium sweet 0,75 10,5%"}]},{"@type":"WebSite","@id":"https:\/\/b2b.mvgd.pl\/#website","url":"https:\/\/b2b.mvgd.pl\/","name":"B2B MVGD PL","description":"","potentialAction":[{"@type":"SearchAction","target":{"@type":"EntryPoint","urlTemplate":"https:\/\/b2b.mvgd.pl\/?s={search_term_string}"},"query-input":{"@type":"PropertyValueSpecification","valueRequired":true,"valueName":"search_term_string"}}],"inLanguage":"pl-PL"}]}},"jetpack_sharing_enabled":true,"_links":{"self":[{"href":"https:\/\/b2b.mvgd.pl\/index.php\/wp-json\/wp\/v2\/product\/693","targetHints":{"allow":["GET"]}}],"collection":[{"href":"https:\/\/b2b.mvgd.pl\/index.php\/wp-json\/wp\/v2\/product"}],"about":[{"href":"https:\/\/b2b.mvgd.pl\/index.php\/wp-json\/wp\/v2\/types\/product"}],"replies":[{"embeddable":true,"href":"https:\/\/b2b.mvgd.pl\/index.php\/wp-json\/wp\/v2\/comments?post=693"}],"version-history":[{"count":0,"href":"https:\/\/b2b.mvgd.pl\/index.php\/wp-json\/wp\/v2\/product\/693\/revisions"}],"wp:featuredmedia":[{"embeddable":true,"href":"https:\/\/b2b.mvgd.pl\/index.php\/wp-json\/wp\/v2\/media\/749"}],"wp:attachment":[{"href":"https:\/\/b2b.mvgd.pl\/index.php\/wp-json\/wp\/v2\/media?parent=693"}],"wp:term":[{"taxonomy":"product_brand","embeddable":true,"href":"https:\/\/b2b.mvgd.pl\/index.php\/wp-json\/wp\/v2\/product_brand?post=693"},{"taxonomy":"product_cat","embeddable":true,"href":"https:\/\/b2b.mvgd.pl\/index.php\/wp-json\/wp\/v2\/product_cat?post=693"},{"taxonomy":"product_tag","embeddable":true,"href":"https:\/\/b2b.mvgd.pl\/index.php\/wp-json\/wp\/v2\/product_tag?post=693"}],"curies":[{"name":"wp","href":"https:\/\/api.w.org\/{rel}","templated":true}]}}