{"id":685,"date":"2026-02-16T18:50:35","date_gmt":"2026-02-16T18:50:35","guid":{"rendered":"https:\/\/b2b.mvgd.pl\/?post_type=product&#038;p=685"},"modified":"2026-02-16T18:52:48","modified_gmt":"2026-02-16T18:52:48","slug":"angostura-tribute-40-0-7","status":"publish","type":"product","link":"https:\/\/b2b.mvgd.pl\/index.php\/produkt\/angostura-tribute-40-0-7\/","title":{"rendered":"Angostura Tribute 40%, 0.7"},"content":{"rendered":"<p data-start=\"0\" data-end=\"338\">Angostura Tribute to limitowana edycja rumu stworzona przez destylarni\u0119 Angostura z Trynidadu i Tobago, stanowi\u0105ca ho\u0142d dla wieloletniego mistrza destylacji, Johna Georgesa. W sk\u0142ad tego wyj\u0105tkowego trunku wchodz\u0105 rzadkie rumy z rezerw destylarni, w tym 25-letni rum, kt\u00f3ry sam destylowa\u0142 przed laty.<\/p>\n<p data-start=\"340\" data-end=\"360\"><strong data-start=\"340\" data-end=\"360\">Charakterystyka:<\/strong><\/p>\n<ul data-start=\"361\" data-end=\"833\">\n<li data-start=\"361\" data-end=\"391\"><strong data-start=\"363\" data-end=\"373\">Kolor:<\/strong> G\u0142\u0119boki bursztyn.<\/li>\n<li data-start=\"392\" data-end=\"538\"><strong data-start=\"394\" data-end=\"405\">Aromat:<\/strong> Bogaty, z nutami suszonych owoc\u00f3w, s\u0142odkich jab\u0142ek i wanilii, z delikatnymi akcentami dymnymi.<\/li>\n<li data-start=\"539\" data-end=\"695\"><strong data-start=\"541\" data-end=\"550\">Smak:<\/strong> Z\u0142o\u017cony, \u0142\u0105cz\u0105cy w sobie nuty wanilii, miodu, pomara\u0144czy, \u015bliwek, orzech\u00f3w, gorzkiej czekolady i cynamonu.<\/li>\n<li data-start=\"696\" data-end=\"833\"><strong data-start=\"698\" data-end=\"709\">Finisz:<\/strong> D\u0142ugi i rozgrzewaj\u0105cy, z akcentami miodu, suszonych owoc\u00f3w i d\u0119bu nas\u0105czonego sherry.<\/li>\n<\/ul>\n","protected":false},"excerpt":{"rendered":"<p>Angostura Tribute to limitowana edycja rumu stworzona przez destylarni\u0119 Angostura z Trynidadu i Tobago, stanowi\u0105ca ho\u0142d dla wieloletniego mistrza destylacji, Johna Georgesa. W sk\u0142ad tego wyj\u0105tkowego trunku wchodz\u0105 rzadkie rumy z rezerw destylarni, w tym 25-letni rum, kt\u00f3ry sam destylowa\u0142 przed laty.<\/p>\n","protected":false},"featured_media":737,"comment_status":"open","ping_status":"closed","template":"","meta":[],"product_brand":[],"product_cat":[35],"product_tag":[33,37],"class_list":{"0":"post-685","1":"product","2":"type-product","3":"status-publish","4":"has-post-thumbnail","6":"product_cat-rum","7":"product_tag-angostura","8":"product_tag-rum","10":"first","11":"instock","12":"shipping-taxable","13":"purchasable","14":"product-type-simple"},"yoast_head":"<!-- This site is optimized with the Yoast SEO plugin v26.9 - https:\/\/yoast.com\/product\/yoast-seo-wordpress\/ -->\n<title>Angostura Tribute 40%, 0.7 - B2B MVGD PL<\/title>\n<meta name=\"robots\" content=\"index, follow, max-snippet:-1, max-image-preview:large, max-video-preview:-1\" \/>\n<link rel=\"canonical\" href=\"https:\/\/b2b.mvgd.pl\/index.php\/produkt\/angostura-tribute-40-0-7\/\" \/>\n<meta property=\"og:locale\" content=\"pl_PL\" \/>\n<meta property=\"og:type\" content=\"article\" \/>\n<meta property=\"og:title\" content=\"Angostura Tribute 40%, 0.7 - B2B MVGD PL\" \/>\n<meta property=\"og:description\" content=\"Angostura Tribute to limitowana edycja rumu stworzona przez destylarni\u0119 Angostura z Trynidadu i Tobago, stanowi\u0105ca ho\u0142d dla wieloletniego mistrza destylacji, Johna Georgesa. W sk\u0142ad tego wyj\u0105tkowego trunku wchodz\u0105 rzadkie rumy z rezerw destylarni, w tym 25-letni rum, kt\u00f3ry sam destylowa\u0142 przed laty.\" \/>\n<meta property=\"og:url\" content=\"https:\/\/b2b.mvgd.pl\/index.php\/produkt\/angostura-tribute-40-0-7\/\" \/>\n<meta property=\"og:site_name\" content=\"B2B MVGD PL\" \/>\n<meta property=\"article:modified_time\" content=\"2026-02-16T18:52:48+00:00\" \/>\n<meta name=\"twitter:card\" content=\"summary_large_image\" \/>\n<meta name=\"twitter:label1\" content=\"Szacowany czas czytania\" \/>\n\t<meta name=\"twitter:data1\" content=\"1 minuta\" \/>\n<script type=\"application\/ld+json\" class=\"yoast-schema-graph\">{\"@context\":\"https:\/\/schema.org\",\"@graph\":[{\"@type\":\"WebPage\",\"@id\":\"https:\/\/b2b.mvgd.pl\/index.php\/produkt\/angostura-tribute-40-0-7\/\",\"url\":\"https:\/\/b2b.mvgd.pl\/index.php\/produkt\/angostura-tribute-40-0-7\/\",\"name\":\"Angostura Tribute 40%, 0.7 - B2B MVGD PL\",\"isPartOf\":{\"@id\":\"https:\/\/b2b.mvgd.pl\/#website\"},\"primaryImageOfPage\":{\"@id\":\"https:\/\/b2b.mvgd.pl\/index.php\/produkt\/angostura-tribute-40-0-7\/#primaryimage\"},\"image\":{\"@id\":\"https:\/\/b2b.mvgd.pl\/index.php\/produkt\/angostura-tribute-40-0-7\/#primaryimage\"},\"thumbnailUrl\":\"https:\/\/b2b.mvgd.pl\/wp-content\/uploads\/2026\/02\/ango-tribute.png\",\"datePublished\":\"2026-02-16T18:50:35+00:00\",\"dateModified\":\"2026-02-16T18:52:48+00:00\",\"breadcrumb\":{\"@id\":\"https:\/\/b2b.mvgd.pl\/index.php\/produkt\/angostura-tribute-40-0-7\/#breadcrumb\"},\"inLanguage\":\"pl-PL\",\"potentialAction\":[{\"@type\":\"ReadAction\",\"target\":[\"https:\/\/b2b.mvgd.pl\/index.php\/produkt\/angostura-tribute-40-0-7\/\"]}]},{\"@type\":\"ImageObject\",\"inLanguage\":\"pl-PL\",\"@id\":\"https:\/\/b2b.mvgd.pl\/index.php\/produkt\/angostura-tribute-40-0-7\/#primaryimage\",\"url\":\"https:\/\/b2b.mvgd.pl\/wp-content\/uploads\/2026\/02\/ango-tribute.png\",\"contentUrl\":\"https:\/\/b2b.mvgd.pl\/wp-content\/uploads\/2026\/02\/ango-tribute.png\",\"width\":900,\"height\":1200},{\"@type\":\"BreadcrumbList\",\"@id\":\"https:\/\/b2b.mvgd.pl\/index.php\/produkt\/angostura-tribute-40-0-7\/#breadcrumb\",\"itemListElement\":[{\"@type\":\"ListItem\",\"position\":1,\"name\":\"Strona g\u0142\u00f3wna\",\"item\":\"https:\/\/b2b.mvgd.pl\/\"},{\"@type\":\"ListItem\",\"position\":2,\"name\":\"Shop\",\"item\":\"https:\/\/b2b.mvgd.pl\/index.php\/shop\/\"},{\"@type\":\"ListItem\",\"position\":3,\"name\":\"Angostura Tribute 40%, 0.7\"}]},{\"@type\":\"WebSite\",\"@id\":\"https:\/\/b2b.mvgd.pl\/#website\",\"url\":\"https:\/\/b2b.mvgd.pl\/\",\"name\":\"B2B MVGD PL\",\"description\":\"\",\"potentialAction\":[{\"@type\":\"SearchAction\",\"target\":{\"@type\":\"EntryPoint\",\"urlTemplate\":\"https:\/\/b2b.mvgd.pl\/?s={search_term_string}\"},\"query-input\":{\"@type\":\"PropertyValueSpecification\",\"valueRequired\":true,\"valueName\":\"search_term_string\"}}],\"inLanguage\":\"pl-PL\"}]}<\/script>\n<!-- \/ Yoast SEO plugin. -->","yoast_head_json":{"title":"Angostura Tribute 40%, 0.7 - B2B MVGD PL","robots":{"index":"index","follow":"follow","max-snippet":"max-snippet:-1","max-image-preview":"max-image-preview:large","max-video-preview":"max-video-preview:-1"},"canonical":"https:\/\/b2b.mvgd.pl\/index.php\/produkt\/angostura-tribute-40-0-7\/","og_locale":"pl_PL","og_type":"article","og_title":"Angostura Tribute 40%, 0.7 - B2B MVGD PL","og_description":"Angostura Tribute to limitowana edycja rumu stworzona przez destylarni\u0119 Angostura z Trynidadu i Tobago, stanowi\u0105ca ho\u0142d dla wieloletniego mistrza destylacji, Johna Georgesa. W sk\u0142ad tego wyj\u0105tkowego trunku wchodz\u0105 rzadkie rumy z rezerw destylarni, w tym 25-letni rum, kt\u00f3ry sam destylowa\u0142 przed laty.","og_url":"https:\/\/b2b.mvgd.pl\/index.php\/produkt\/angostura-tribute-40-0-7\/","og_site_name":"B2B MVGD PL","article_modified_time":"2026-02-16T18:52:48+00:00","twitter_card":"summary_large_image","twitter_misc":{"Szacowany czas czytania":"1 minuta"},"schema":{"@context":"https:\/\/schema.org","@graph":[{"@type":"WebPage","@id":"https:\/\/b2b.mvgd.pl\/index.php\/produkt\/angostura-tribute-40-0-7\/","url":"https:\/\/b2b.mvgd.pl\/index.php\/produkt\/angostura-tribute-40-0-7\/","name":"Angostura Tribute 40%, 0.7 - B2B MVGD PL","isPartOf":{"@id":"https:\/\/b2b.mvgd.pl\/#website"},"primaryImageOfPage":{"@id":"https:\/\/b2b.mvgd.pl\/index.php\/produkt\/angostura-tribute-40-0-7\/#primaryimage"},"image":{"@id":"https:\/\/b2b.mvgd.pl\/index.php\/produkt\/angostura-tribute-40-0-7\/#primaryimage"},"thumbnailUrl":"https:\/\/b2b.mvgd.pl\/wp-content\/uploads\/2026\/02\/ango-tribute.png","datePublished":"2026-02-16T18:50:35+00:00","dateModified":"2026-02-16T18:52:48+00:00","breadcrumb":{"@id":"https:\/\/b2b.mvgd.pl\/index.php\/produkt\/angostura-tribute-40-0-7\/#breadcrumb"},"inLanguage":"pl-PL","potentialAction":[{"@type":"ReadAction","target":["https:\/\/b2b.mvgd.pl\/index.php\/produkt\/angostura-tribute-40-0-7\/"]}]},{"@type":"ImageObject","inLanguage":"pl-PL","@id":"https:\/\/b2b.mvgd.pl\/index.php\/produkt\/angostura-tribute-40-0-7\/#primaryimage","url":"https:\/\/b2b.mvgd.pl\/wp-content\/uploads\/2026\/02\/ango-tribute.png","contentUrl":"https:\/\/b2b.mvgd.pl\/wp-content\/uploads\/2026\/02\/ango-tribute.png","width":900,"height":1200},{"@type":"BreadcrumbList","@id":"https:\/\/b2b.mvgd.pl\/index.php\/produkt\/angostura-tribute-40-0-7\/#breadcrumb","itemListElement":[{"@type":"ListItem","position":1,"name":"Strona g\u0142\u00f3wna","item":"https:\/\/b2b.mvgd.pl\/"},{"@type":"ListItem","position":2,"name":"Shop","item":"https:\/\/b2b.mvgd.pl\/index.php\/shop\/"},{"@type":"ListItem","position":3,"name":"Angostura Tribute 40%, 0.7"}]},{"@type":"WebSite","@id":"https:\/\/b2b.mvgd.pl\/#website","url":"https:\/\/b2b.mvgd.pl\/","name":"B2B MVGD PL","description":"","potentialAction":[{"@type":"SearchAction","target":{"@type":"EntryPoint","urlTemplate":"https:\/\/b2b.mvgd.pl\/?s={search_term_string}"},"query-input":{"@type":"PropertyValueSpecification","valueRequired":true,"valueName":"search_term_string"}}],"inLanguage":"pl-PL"}]}},"jetpack_sharing_enabled":true,"_links":{"self":[{"href":"https:\/\/b2b.mvgd.pl\/index.php\/wp-json\/wp\/v2\/product\/685","targetHints":{"allow":["GET"]}}],"collection":[{"href":"https:\/\/b2b.mvgd.pl\/index.php\/wp-json\/wp\/v2\/product"}],"about":[{"href":"https:\/\/b2b.mvgd.pl\/index.php\/wp-json\/wp\/v2\/types\/product"}],"replies":[{"embeddable":true,"href":"https:\/\/b2b.mvgd.pl\/index.php\/wp-json\/wp\/v2\/comments?post=685"}],"version-history":[{"count":0,"href":"https:\/\/b2b.mvgd.pl\/index.php\/wp-json\/wp\/v2\/product\/685\/revisions"}],"wp:featuredmedia":[{"embeddable":true,"href":"https:\/\/b2b.mvgd.pl\/index.php\/wp-json\/wp\/v2\/media\/737"}],"wp:attachment":[{"href":"https:\/\/b2b.mvgd.pl\/index.php\/wp-json\/wp\/v2\/media?parent=685"}],"wp:term":[{"taxonomy":"product_brand","embeddable":true,"href":"https:\/\/b2b.mvgd.pl\/index.php\/wp-json\/wp\/v2\/product_brand?post=685"},{"taxonomy":"product_cat","embeddable":true,"href":"https:\/\/b2b.mvgd.pl\/index.php\/wp-json\/wp\/v2\/product_cat?post=685"},{"taxonomy":"product_tag","embeddable":true,"href":"https:\/\/b2b.mvgd.pl\/index.php\/wp-json\/wp\/v2\/product_tag?post=685"}],"curies":[{"name":"wp","href":"https:\/\/api.w.org\/{rel}","templated":true}]}}