{"id":671,"date":"2026-02-16T18:49:45","date_gmt":"2026-02-16T18:49:45","guid":{"rendered":"https:\/\/b2b.mvgd.pl\/?post_type=product&#038;p=671"},"modified":"2026-02-16T18:52:24","modified_gmt":"2026-02-16T18:52:24","slug":"stumbras-infusion-jucy-cherry-30-05","status":"publish","type":"product","link":"https:\/\/b2b.mvgd.pl\/index.php\/produkt\/stumbras-infusion-jucy-cherry-30-05\/","title":{"rendered":"Stumbras Infusion Jucy Cherry 30%, 0,5"},"content":{"rendered":"<p>Stumbras Infusion Jucy Cherry, to aromatyczny i pe\u0142en smaku nap\u00f3j alkoholowy o 30% zawarto\u015bci alkoholu. Przygotowany w oparciu o najlepszej jako\u015bci, doskonale znan\u0105 w\u00f3dk\u0119 STUMBRAS zosta\u0142 nasycony sokiem wi\u015bniowym, aby stworzy\u0107 wierny naturze smak. S\u0142odki lecz orze\u017awiaj\u0105cy smak jest przyjemny w piciu, a aromat charakterystyczny dla soczystej wi\u015bni. Intensywny ciemnoczerwony kolor napoju o br\u0105zowawym odcieniu przypomina kolor dojrza\u0142ych i pe\u0142nych smaku owoc\u00f3w.<\/p>\n","protected":false},"excerpt":{"rendered":"<p>Stumbras Infusion Jucy Cherry, to aromatyczny i pe\u0142en smaku nap\u00f3j alkoholowy o 30% zawarto\u015bci alkoholu. Przygotowany w oparciu o najlepszej jako\u015bci, doskonale znan\u0105 w\u00f3dk\u0119 STUMBRAS zosta\u0142 nasycony sokiem wi\u015bniowym, aby stworzy\u0107 wierny naturze smak. S\u0142odki lecz orze\u017awiaj\u0105cy smak jest przyjemny w piciu, a aromat charakterystyczny dla soczystej wi\u015bni. Intensywny ciemnoczerwony kolor napoju o br\u0105zowawym odcieniu przypomina kolor dojrza\u0142ych i pe\u0142nych smaku owoc\u00f3w.<\/p>\n","protected":false},"featured_media":731,"comment_status":"open","ping_status":"closed","template":"","meta":[],"product_brand":[],"product_cat":[118,148],"product_tag":[121,703,122],"class_list":{"0":"post-671","1":"product","2":"type-product","3":"status-publish","4":"has-post-thumbnail","6":"product_cat-wodka","7":"product_cat-wodki-smakowe","8":"product_tag-stumbras","9":"product_tag-wisnia","10":"product_tag-wodka","12":"first","13":"onbackorder","14":"shipping-taxable","15":"purchasable","16":"product-type-simple"},"yoast_head":"<!-- This site is optimized with the Yoast SEO plugin v26.9 - https:\/\/yoast.com\/product\/yoast-seo-wordpress\/ -->\n<title>Stumbras Infusion Jucy Cherry 30%, 0,5 - B2B MVGD PL<\/title>\n<meta name=\"robots\" content=\"index, follow, max-snippet:-1, max-image-preview:large, max-video-preview:-1\" \/>\n<link rel=\"canonical\" href=\"https:\/\/b2b.mvgd.pl\/index.php\/produkt\/stumbras-infusion-jucy-cherry-30-05\/\" \/>\n<meta property=\"og:locale\" content=\"pl_PL\" \/>\n<meta property=\"og:type\" content=\"article\" \/>\n<meta property=\"og:title\" content=\"Stumbras Infusion Jucy Cherry 30%, 0,5 - B2B MVGD PL\" \/>\n<meta property=\"og:description\" content=\"Stumbras Infusion Jucy Cherry, to aromatyczny i pe\u0142en smaku nap\u00f3j alkoholowy o 30% zawarto\u015bci alkoholu. Przygotowany w oparciu o najlepszej jako\u015bci, doskonale znan\u0105 w\u00f3dk\u0119 STUMBRAS zosta\u0142 nasycony sokiem wi\u015bniowym, aby stworzy\u0107 wierny naturze smak. S\u0142odki lecz orze\u017awiaj\u0105cy smak jest przyjemny w piciu, a aromat charakterystyczny dla soczystej wi\u015bni. Intensywny ciemnoczerwony kolor napoju o br\u0105zowawym odcieniu przypomina kolor dojrza\u0142ych i pe\u0142nych smaku owoc\u00f3w.\" \/>\n<meta property=\"og:url\" content=\"https:\/\/b2b.mvgd.pl\/index.php\/produkt\/stumbras-infusion-jucy-cherry-30-05\/\" \/>\n<meta property=\"og:site_name\" content=\"B2B MVGD PL\" \/>\n<meta property=\"article:modified_time\" content=\"2026-02-16T18:52:24+00:00\" \/>\n<meta name=\"twitter:card\" content=\"summary_large_image\" \/>\n<script type=\"application\/ld+json\" class=\"yoast-schema-graph\">{\"@context\":\"https:\/\/schema.org\",\"@graph\":[{\"@type\":\"WebPage\",\"@id\":\"https:\/\/b2b.mvgd.pl\/index.php\/produkt\/stumbras-infusion-jucy-cherry-30-05\/\",\"url\":\"https:\/\/b2b.mvgd.pl\/index.php\/produkt\/stumbras-infusion-jucy-cherry-30-05\/\",\"name\":\"Stumbras Infusion Jucy Cherry 30%, 0,5 - B2B MVGD PL\",\"isPartOf\":{\"@id\":\"https:\/\/b2b.mvgd.pl\/#website\"},\"primaryImageOfPage\":{\"@id\":\"https:\/\/b2b.mvgd.pl\/index.php\/produkt\/stumbras-infusion-jucy-cherry-30-05\/#primaryimage\"},\"image\":{\"@id\":\"https:\/\/b2b.mvgd.pl\/index.php\/produkt\/stumbras-infusion-jucy-cherry-30-05\/#primaryimage\"},\"thumbnailUrl\":\"https:\/\/b2b.mvgd.pl\/wp-content\/uploads\/2026\/02\/cherry.png\",\"datePublished\":\"2026-02-16T18:49:45+00:00\",\"dateModified\":\"2026-02-16T18:52:24+00:00\",\"breadcrumb\":{\"@id\":\"https:\/\/b2b.mvgd.pl\/index.php\/produkt\/stumbras-infusion-jucy-cherry-30-05\/#breadcrumb\"},\"inLanguage\":\"pl-PL\",\"potentialAction\":[{\"@type\":\"ReadAction\",\"target\":[\"https:\/\/b2b.mvgd.pl\/index.php\/produkt\/stumbras-infusion-jucy-cherry-30-05\/\"]}]},{\"@type\":\"ImageObject\",\"inLanguage\":\"pl-PL\",\"@id\":\"https:\/\/b2b.mvgd.pl\/index.php\/produkt\/stumbras-infusion-jucy-cherry-30-05\/#primaryimage\",\"url\":\"https:\/\/b2b.mvgd.pl\/wp-content\/uploads\/2026\/02\/cherry.png\",\"contentUrl\":\"https:\/\/b2b.mvgd.pl\/wp-content\/uploads\/2026\/02\/cherry.png\",\"width\":900,\"height\":1200},{\"@type\":\"BreadcrumbList\",\"@id\":\"https:\/\/b2b.mvgd.pl\/index.php\/produkt\/stumbras-infusion-jucy-cherry-30-05\/#breadcrumb\",\"itemListElement\":[{\"@type\":\"ListItem\",\"position\":1,\"name\":\"Strona g\u0142\u00f3wna\",\"item\":\"https:\/\/b2b.mvgd.pl\/\"},{\"@type\":\"ListItem\",\"position\":2,\"name\":\"Shop\",\"item\":\"https:\/\/b2b.mvgd.pl\/index.php\/shop\/\"},{\"@type\":\"ListItem\",\"position\":3,\"name\":\"Stumbras Infusion Jucy Cherry 30%, 0,5\"}]},{\"@type\":\"WebSite\",\"@id\":\"https:\/\/b2b.mvgd.pl\/#website\",\"url\":\"https:\/\/b2b.mvgd.pl\/\",\"name\":\"B2B MVGD PL\",\"description\":\"\",\"potentialAction\":[{\"@type\":\"SearchAction\",\"target\":{\"@type\":\"EntryPoint\",\"urlTemplate\":\"https:\/\/b2b.mvgd.pl\/?s={search_term_string}\"},\"query-input\":{\"@type\":\"PropertyValueSpecification\",\"valueRequired\":true,\"valueName\":\"search_term_string\"}}],\"inLanguage\":\"pl-PL\"}]}<\/script>\n<!-- \/ Yoast SEO plugin. -->","yoast_head_json":{"title":"Stumbras Infusion Jucy Cherry 30%, 0,5 - B2B MVGD PL","robots":{"index":"index","follow":"follow","max-snippet":"max-snippet:-1","max-image-preview":"max-image-preview:large","max-video-preview":"max-video-preview:-1"},"canonical":"https:\/\/b2b.mvgd.pl\/index.php\/produkt\/stumbras-infusion-jucy-cherry-30-05\/","og_locale":"pl_PL","og_type":"article","og_title":"Stumbras Infusion Jucy Cherry 30%, 0,5 - B2B MVGD PL","og_description":"Stumbras Infusion Jucy Cherry, to aromatyczny i pe\u0142en smaku nap\u00f3j alkoholowy o 30% zawarto\u015bci alkoholu. Przygotowany w oparciu o najlepszej jako\u015bci, doskonale znan\u0105 w\u00f3dk\u0119 STUMBRAS zosta\u0142 nasycony sokiem wi\u015bniowym, aby stworzy\u0107 wierny naturze smak. S\u0142odki lecz orze\u017awiaj\u0105cy smak jest przyjemny w piciu, a aromat charakterystyczny dla soczystej wi\u015bni. Intensywny ciemnoczerwony kolor napoju o br\u0105zowawym odcieniu przypomina kolor dojrza\u0142ych i pe\u0142nych smaku owoc\u00f3w.","og_url":"https:\/\/b2b.mvgd.pl\/index.php\/produkt\/stumbras-infusion-jucy-cherry-30-05\/","og_site_name":"B2B MVGD PL","article_modified_time":"2026-02-16T18:52:24+00:00","twitter_card":"summary_large_image","schema":{"@context":"https:\/\/schema.org","@graph":[{"@type":"WebPage","@id":"https:\/\/b2b.mvgd.pl\/index.php\/produkt\/stumbras-infusion-jucy-cherry-30-05\/","url":"https:\/\/b2b.mvgd.pl\/index.php\/produkt\/stumbras-infusion-jucy-cherry-30-05\/","name":"Stumbras Infusion Jucy Cherry 30%, 0,5 - B2B MVGD PL","isPartOf":{"@id":"https:\/\/b2b.mvgd.pl\/#website"},"primaryImageOfPage":{"@id":"https:\/\/b2b.mvgd.pl\/index.php\/produkt\/stumbras-infusion-jucy-cherry-30-05\/#primaryimage"},"image":{"@id":"https:\/\/b2b.mvgd.pl\/index.php\/produkt\/stumbras-infusion-jucy-cherry-30-05\/#primaryimage"},"thumbnailUrl":"https:\/\/b2b.mvgd.pl\/wp-content\/uploads\/2026\/02\/cherry.png","datePublished":"2026-02-16T18:49:45+00:00","dateModified":"2026-02-16T18:52:24+00:00","breadcrumb":{"@id":"https:\/\/b2b.mvgd.pl\/index.php\/produkt\/stumbras-infusion-jucy-cherry-30-05\/#breadcrumb"},"inLanguage":"pl-PL","potentialAction":[{"@type":"ReadAction","target":["https:\/\/b2b.mvgd.pl\/index.php\/produkt\/stumbras-infusion-jucy-cherry-30-05\/"]}]},{"@type":"ImageObject","inLanguage":"pl-PL","@id":"https:\/\/b2b.mvgd.pl\/index.php\/produkt\/stumbras-infusion-jucy-cherry-30-05\/#primaryimage","url":"https:\/\/b2b.mvgd.pl\/wp-content\/uploads\/2026\/02\/cherry.png","contentUrl":"https:\/\/b2b.mvgd.pl\/wp-content\/uploads\/2026\/02\/cherry.png","width":900,"height":1200},{"@type":"BreadcrumbList","@id":"https:\/\/b2b.mvgd.pl\/index.php\/produkt\/stumbras-infusion-jucy-cherry-30-05\/#breadcrumb","itemListElement":[{"@type":"ListItem","position":1,"name":"Strona g\u0142\u00f3wna","item":"https:\/\/b2b.mvgd.pl\/"},{"@type":"ListItem","position":2,"name":"Shop","item":"https:\/\/b2b.mvgd.pl\/index.php\/shop\/"},{"@type":"ListItem","position":3,"name":"Stumbras Infusion Jucy Cherry 30%, 0,5"}]},{"@type":"WebSite","@id":"https:\/\/b2b.mvgd.pl\/#website","url":"https:\/\/b2b.mvgd.pl\/","name":"B2B MVGD PL","description":"","potentialAction":[{"@type":"SearchAction","target":{"@type":"EntryPoint","urlTemplate":"https:\/\/b2b.mvgd.pl\/?s={search_term_string}"},"query-input":{"@type":"PropertyValueSpecification","valueRequired":true,"valueName":"search_term_string"}}],"inLanguage":"pl-PL"}]}},"jetpack_sharing_enabled":true,"_links":{"self":[{"href":"https:\/\/b2b.mvgd.pl\/index.php\/wp-json\/wp\/v2\/product\/671","targetHints":{"allow":["GET"]}}],"collection":[{"href":"https:\/\/b2b.mvgd.pl\/index.php\/wp-json\/wp\/v2\/product"}],"about":[{"href":"https:\/\/b2b.mvgd.pl\/index.php\/wp-json\/wp\/v2\/types\/product"}],"replies":[{"embeddable":true,"href":"https:\/\/b2b.mvgd.pl\/index.php\/wp-json\/wp\/v2\/comments?post=671"}],"version-history":[{"count":0,"href":"https:\/\/b2b.mvgd.pl\/index.php\/wp-json\/wp\/v2\/product\/671\/revisions"}],"wp:featuredmedia":[{"embeddable":true,"href":"https:\/\/b2b.mvgd.pl\/index.php\/wp-json\/wp\/v2\/media\/731"}],"wp:attachment":[{"href":"https:\/\/b2b.mvgd.pl\/index.php\/wp-json\/wp\/v2\/media?parent=671"}],"wp:term":[{"taxonomy":"product_brand","embeddable":true,"href":"https:\/\/b2b.mvgd.pl\/index.php\/wp-json\/wp\/v2\/product_brand?post=671"},{"taxonomy":"product_cat","embeddable":true,"href":"https:\/\/b2b.mvgd.pl\/index.php\/wp-json\/wp\/v2\/product_cat?post=671"},{"taxonomy":"product_tag","embeddable":true,"href":"https:\/\/b2b.mvgd.pl\/index.php\/wp-json\/wp\/v2\/product_tag?post=671"}],"curies":[{"name":"wp","href":"https:\/\/api.w.org\/{rel}","templated":true}]}}