{"id":659,"date":"2026-02-16T18:49:23","date_gmt":"2026-02-16T18:49:23","guid":{"rendered":"https:\/\/b2b.mvgd.pl\/?post_type=product&#038;p=659"},"modified":"2026-02-16T18:51:54","modified_gmt":"2026-02-16T18:51:54","slug":"gubernija-german-pilsner","status":"publish","type":"product","link":"https:\/\/b2b.mvgd.pl\/index.php\/produkt\/gubernija-german-pilsner\/","title":{"rendered":"Gubernija German Pilsner"},"content":{"rendered":"<p><strong>Dodatkowe informacje:<\/strong><\/p>\n<p>Chmiel\/s\u0142\u00f3d: \u015awie\u017ce nuty chmielu o zio\u0142owym aromacie.<br \/>\nKolor: \u017b\u00f3\u0142ta s\u0142oma, subtelnie mgliste, z obfit\u0105, g\u0119st\u0105 i trwa\u0142\u0105 pian\u0105.<br \/>\nSmak: Harmonijne po\u0142\u0105czenie s\u0142odowej s\u0142odyczy chleba z wywa\u017con\u0105 goryczk\u0105 o pieprznym, zio\u0142owym posmaku.<\/p>\n","protected":false},"excerpt":{"rendered":"<p>Piwo dolnej fermentacji typu lager, stworzone z wyj\u0105tkowej jako\u015bci sk\u0142adnik\u00f3w: najlepszej wody, dw\u00f3ch rodzaj\u00f3w s\u0142odu j\u0119czmiennego (pilsnerskiego i monachijskiego), oraz s\u0142odowanego j\u0119czmienia. Aromat i smak wzbogaca wyrazisty, aromatyczny chmiel Saphir oraz chmiel goryczkowy, kt\u00f3ry nadaje piwu charakterystycznej delikatnej goryczki.<\/p>\n","protected":false},"featured_media":711,"comment_status":"open","ping_status":"closed","template":"","meta":[],"product_brand":[],"product_cat":[380],"product_tag":[866,867,843,868,869,870],"class_list":{"0":"post-659","1":"product","2":"type-product","3":"status-publish","4":"has-post-thumbnail","6":"product_cat-piwo","7":"product_tag-beer","8":"product_tag-german","9":"product_tag-gubernija","10":"product_tag-pils","11":"product_tag-pilsner","12":"product_tag-piwo","14":"first","15":"instock","16":"shipping-taxable","17":"purchasable","18":"product-type-simple"},"yoast_head":"<!-- This site is optimized with the Yoast SEO plugin v26.9 - https:\/\/yoast.com\/product\/yoast-seo-wordpress\/ -->\n<title>Gubernija German Pilsner - B2B MVGD PL<\/title>\n<meta name=\"robots\" content=\"index, follow, max-snippet:-1, max-image-preview:large, max-video-preview:-1\" \/>\n<link rel=\"canonical\" href=\"https:\/\/b2b.mvgd.pl\/index.php\/produkt\/gubernija-german-pilsner\/\" \/>\n<meta property=\"og:locale\" content=\"pl_PL\" \/>\n<meta property=\"og:type\" content=\"article\" \/>\n<meta property=\"og:title\" content=\"Gubernija German Pilsner - B2B MVGD PL\" \/>\n<meta property=\"og:description\" content=\"Piwo dolnej fermentacji typu lager, stworzone z wyj\u0105tkowej jako\u015bci sk\u0142adnik\u00f3w: najlepszej wody, dw\u00f3ch rodzaj\u00f3w s\u0142odu j\u0119czmiennego (pilsnerskiego i monachijskiego), oraz s\u0142odowanego j\u0119czmienia. Aromat i smak wzbogaca wyrazisty, aromatyczny chmiel Saphir oraz chmiel goryczkowy, kt\u00f3ry nadaje piwu charakterystycznej delikatnej goryczki.\" \/>\n<meta property=\"og:url\" content=\"https:\/\/b2b.mvgd.pl\/index.php\/produkt\/gubernija-german-pilsner\/\" \/>\n<meta property=\"og:site_name\" content=\"B2B MVGD PL\" \/>\n<meta property=\"article:modified_time\" content=\"2026-02-16T18:51:54+00:00\" \/>\n<meta name=\"twitter:card\" content=\"summary_large_image\" \/>\n<script type=\"application\/ld+json\" class=\"yoast-schema-graph\">{\"@context\":\"https:\/\/schema.org\",\"@graph\":[{\"@type\":\"WebPage\",\"@id\":\"https:\/\/b2b.mvgd.pl\/index.php\/produkt\/gubernija-german-pilsner\/\",\"url\":\"https:\/\/b2b.mvgd.pl\/index.php\/produkt\/gubernija-german-pilsner\/\",\"name\":\"Gubernija German Pilsner - B2B MVGD PL\",\"isPartOf\":{\"@id\":\"https:\/\/b2b.mvgd.pl\/#website\"},\"primaryImageOfPage\":{\"@id\":\"https:\/\/b2b.mvgd.pl\/index.php\/produkt\/gubernija-german-pilsner\/#primaryimage\"},\"image\":{\"@id\":\"https:\/\/b2b.mvgd.pl\/index.php\/produkt\/gubernija-german-pilsner\/#primaryimage\"},\"thumbnailUrl\":\"https:\/\/b2b.mvgd.pl\/wp-content\/uploads\/2026\/02\/german_00.png\",\"datePublished\":\"2026-02-16T18:49:23+00:00\",\"dateModified\":\"2026-02-16T18:51:54+00:00\",\"breadcrumb\":{\"@id\":\"https:\/\/b2b.mvgd.pl\/index.php\/produkt\/gubernija-german-pilsner\/#breadcrumb\"},\"inLanguage\":\"pl-PL\",\"potentialAction\":[{\"@type\":\"ReadAction\",\"target\":[\"https:\/\/b2b.mvgd.pl\/index.php\/produkt\/gubernija-german-pilsner\/\"]}]},{\"@type\":\"ImageObject\",\"inLanguage\":\"pl-PL\",\"@id\":\"https:\/\/b2b.mvgd.pl\/index.php\/produkt\/gubernija-german-pilsner\/#primaryimage\",\"url\":\"https:\/\/b2b.mvgd.pl\/wp-content\/uploads\/2026\/02\/german_00.png\",\"contentUrl\":\"https:\/\/b2b.mvgd.pl\/wp-content\/uploads\/2026\/02\/german_00.png\",\"width\":900,\"height\":1200},{\"@type\":\"BreadcrumbList\",\"@id\":\"https:\/\/b2b.mvgd.pl\/index.php\/produkt\/gubernija-german-pilsner\/#breadcrumb\",\"itemListElement\":[{\"@type\":\"ListItem\",\"position\":1,\"name\":\"Strona g\u0142\u00f3wna\",\"item\":\"https:\/\/b2b.mvgd.pl\/\"},{\"@type\":\"ListItem\",\"position\":2,\"name\":\"Shop\",\"item\":\"https:\/\/b2b.mvgd.pl\/index.php\/shop\/\"},{\"@type\":\"ListItem\",\"position\":3,\"name\":\"Gubernija German Pilsner\"}]},{\"@type\":\"WebSite\",\"@id\":\"https:\/\/b2b.mvgd.pl\/#website\",\"url\":\"https:\/\/b2b.mvgd.pl\/\",\"name\":\"B2B MVGD PL\",\"description\":\"\",\"potentialAction\":[{\"@type\":\"SearchAction\",\"target\":{\"@type\":\"EntryPoint\",\"urlTemplate\":\"https:\/\/b2b.mvgd.pl\/?s={search_term_string}\"},\"query-input\":{\"@type\":\"PropertyValueSpecification\",\"valueRequired\":true,\"valueName\":\"search_term_string\"}}],\"inLanguage\":\"pl-PL\"}]}<\/script>\n<!-- \/ Yoast SEO plugin. -->","yoast_head_json":{"title":"Gubernija German Pilsner - B2B MVGD PL","robots":{"index":"index","follow":"follow","max-snippet":"max-snippet:-1","max-image-preview":"max-image-preview:large","max-video-preview":"max-video-preview:-1"},"canonical":"https:\/\/b2b.mvgd.pl\/index.php\/produkt\/gubernija-german-pilsner\/","og_locale":"pl_PL","og_type":"article","og_title":"Gubernija German Pilsner - B2B MVGD PL","og_description":"Piwo dolnej fermentacji typu lager, stworzone z wyj\u0105tkowej jako\u015bci sk\u0142adnik\u00f3w: najlepszej wody, dw\u00f3ch rodzaj\u00f3w s\u0142odu j\u0119czmiennego (pilsnerskiego i monachijskiego), oraz s\u0142odowanego j\u0119czmienia. Aromat i smak wzbogaca wyrazisty, aromatyczny chmiel Saphir oraz chmiel goryczkowy, kt\u00f3ry nadaje piwu charakterystycznej delikatnej goryczki.","og_url":"https:\/\/b2b.mvgd.pl\/index.php\/produkt\/gubernija-german-pilsner\/","og_site_name":"B2B MVGD PL","article_modified_time":"2026-02-16T18:51:54+00:00","twitter_card":"summary_large_image","schema":{"@context":"https:\/\/schema.org","@graph":[{"@type":"WebPage","@id":"https:\/\/b2b.mvgd.pl\/index.php\/produkt\/gubernija-german-pilsner\/","url":"https:\/\/b2b.mvgd.pl\/index.php\/produkt\/gubernija-german-pilsner\/","name":"Gubernija German Pilsner - B2B MVGD PL","isPartOf":{"@id":"https:\/\/b2b.mvgd.pl\/#website"},"primaryImageOfPage":{"@id":"https:\/\/b2b.mvgd.pl\/index.php\/produkt\/gubernija-german-pilsner\/#primaryimage"},"image":{"@id":"https:\/\/b2b.mvgd.pl\/index.php\/produkt\/gubernija-german-pilsner\/#primaryimage"},"thumbnailUrl":"https:\/\/b2b.mvgd.pl\/wp-content\/uploads\/2026\/02\/german_00.png","datePublished":"2026-02-16T18:49:23+00:00","dateModified":"2026-02-16T18:51:54+00:00","breadcrumb":{"@id":"https:\/\/b2b.mvgd.pl\/index.php\/produkt\/gubernija-german-pilsner\/#breadcrumb"},"inLanguage":"pl-PL","potentialAction":[{"@type":"ReadAction","target":["https:\/\/b2b.mvgd.pl\/index.php\/produkt\/gubernija-german-pilsner\/"]}]},{"@type":"ImageObject","inLanguage":"pl-PL","@id":"https:\/\/b2b.mvgd.pl\/index.php\/produkt\/gubernija-german-pilsner\/#primaryimage","url":"https:\/\/b2b.mvgd.pl\/wp-content\/uploads\/2026\/02\/german_00.png","contentUrl":"https:\/\/b2b.mvgd.pl\/wp-content\/uploads\/2026\/02\/german_00.png","width":900,"height":1200},{"@type":"BreadcrumbList","@id":"https:\/\/b2b.mvgd.pl\/index.php\/produkt\/gubernija-german-pilsner\/#breadcrumb","itemListElement":[{"@type":"ListItem","position":1,"name":"Strona g\u0142\u00f3wna","item":"https:\/\/b2b.mvgd.pl\/"},{"@type":"ListItem","position":2,"name":"Shop","item":"https:\/\/b2b.mvgd.pl\/index.php\/shop\/"},{"@type":"ListItem","position":3,"name":"Gubernija German Pilsner"}]},{"@type":"WebSite","@id":"https:\/\/b2b.mvgd.pl\/#website","url":"https:\/\/b2b.mvgd.pl\/","name":"B2B MVGD PL","description":"","potentialAction":[{"@type":"SearchAction","target":{"@type":"EntryPoint","urlTemplate":"https:\/\/b2b.mvgd.pl\/?s={search_term_string}"},"query-input":{"@type":"PropertyValueSpecification","valueRequired":true,"valueName":"search_term_string"}}],"inLanguage":"pl-PL"}]}},"jetpack_sharing_enabled":true,"_links":{"self":[{"href":"https:\/\/b2b.mvgd.pl\/index.php\/wp-json\/wp\/v2\/product\/659","targetHints":{"allow":["GET"]}}],"collection":[{"href":"https:\/\/b2b.mvgd.pl\/index.php\/wp-json\/wp\/v2\/product"}],"about":[{"href":"https:\/\/b2b.mvgd.pl\/index.php\/wp-json\/wp\/v2\/types\/product"}],"replies":[{"embeddable":true,"href":"https:\/\/b2b.mvgd.pl\/index.php\/wp-json\/wp\/v2\/comments?post=659"}],"version-history":[{"count":0,"href":"https:\/\/b2b.mvgd.pl\/index.php\/wp-json\/wp\/v2\/product\/659\/revisions"}],"wp:featuredmedia":[{"embeddable":true,"href":"https:\/\/b2b.mvgd.pl\/index.php\/wp-json\/wp\/v2\/media\/711"}],"wp:attachment":[{"href":"https:\/\/b2b.mvgd.pl\/index.php\/wp-json\/wp\/v2\/media?parent=659"}],"wp:term":[{"taxonomy":"product_brand","embeddable":true,"href":"https:\/\/b2b.mvgd.pl\/index.php\/wp-json\/wp\/v2\/product_brand?post=659"},{"taxonomy":"product_cat","embeddable":true,"href":"https:\/\/b2b.mvgd.pl\/index.php\/wp-json\/wp\/v2\/product_cat?post=659"},{"taxonomy":"product_tag","embeddable":true,"href":"https:\/\/b2b.mvgd.pl\/index.php\/wp-json\/wp\/v2\/product_tag?post=659"}],"curies":[{"name":"wp","href":"https:\/\/api.w.org\/{rel}","templated":true}]}}