{"id":657,"date":"2026-02-16T18:49:23","date_gmt":"2026-02-16T18:49:23","guid":{"rendered":"https:\/\/b2b.mvgd.pl\/?post_type=product&#038;p=657"},"modified":"2026-02-16T18:51:45","modified_gmt":"2026-02-16T18:51:45","slug":"mix-mocktail-mojito-033l-0","status":"publish","type":"product","link":"https:\/\/b2b.mvgd.pl\/index.php\/produkt\/mix-mocktail-mojito-033l-0\/","title":{"rendered":"MIX Mocktail Mojito 0,33l 0%"},"content":{"rendered":"<p>Poznaj bezalkoholow\u0105 wersj\u0119 MIX na klasycznym mojito. Pozw\u00f3l, aby po\u0142\u0105czenie \u015bwie\u017cej mi\u0119ty i limonki przenios\u0142o Ci\u0119 do \u015bwiata t\u0119tni\u0105cego \u017cyciem orze\u017awienia.<\/p>\n<p>&nbsp;<\/p>\n","protected":false},"excerpt":{"rendered":"<p>Poznaj bezalkoholow\u0105 wersj\u0119 MIX na klasycznym mojito. Pozw\u00f3l, aby po\u0142\u0105czenie \u015bwie\u017cej mi\u0119ty i limonki przenios\u0142o Ci\u0119 do \u015bwiata t\u0119tni\u0105cego \u017cyciem orze\u017awienia.<\/p>\n<p>&nbsp;<\/p>\n","protected":false},"featured_media":709,"comment_status":"open","ping_status":"closed","template":"","meta":[],"product_brand":[],"product_cat":[203],"product_tag":[864,207,865,206],"class_list":{"0":"post-657","1":"product","2":"type-product","3":"status-publish","4":"has-post-thumbnail","6":"product_cat-rtd","7":"product_tag-mocktail","8":"product_tag-mojito","9":"product_tag-non-alco","10":"product_tag-rtd","12":"first","13":"instock","14":"shipping-taxable","15":"purchasable","16":"product-type-simple"},"yoast_head":"<!-- This site is optimized with the Yoast SEO plugin v26.9 - https:\/\/yoast.com\/product\/yoast-seo-wordpress\/ -->\n<title>MIX Mocktail Mojito 0,33l 0% - B2B MVGD PL<\/title>\n<meta name=\"robots\" content=\"index, follow, max-snippet:-1, max-image-preview:large, max-video-preview:-1\" \/>\n<link rel=\"canonical\" href=\"https:\/\/b2b.mvgd.pl\/index.php\/produkt\/mix-mocktail-mojito-033l-0\/\" \/>\n<meta property=\"og:locale\" content=\"pl_PL\" \/>\n<meta property=\"og:type\" content=\"article\" \/>\n<meta property=\"og:title\" content=\"MIX Mocktail Mojito 0,33l 0% - B2B MVGD PL\" \/>\n<meta property=\"og:description\" content=\"Poznaj bezalkoholow\u0105 wersj\u0119 MIX na klasycznym mojito. Pozw\u00f3l, aby po\u0142\u0105czenie \u015bwie\u017cej mi\u0119ty i limonki przenios\u0142o Ci\u0119 do \u015bwiata t\u0119tni\u0105cego \u017cyciem orze\u017awienia.  &nbsp;\" \/>\n<meta property=\"og:url\" content=\"https:\/\/b2b.mvgd.pl\/index.php\/produkt\/mix-mocktail-mojito-033l-0\/\" \/>\n<meta property=\"og:site_name\" content=\"B2B MVGD PL\" \/>\n<meta property=\"article:modified_time\" content=\"2026-02-16T18:51:45+00:00\" \/>\n<meta name=\"twitter:card\" content=\"summary_large_image\" \/>\n<script type=\"application\/ld+json\" class=\"yoast-schema-graph\">{\"@context\":\"https:\/\/schema.org\",\"@graph\":[{\"@type\":\"WebPage\",\"@id\":\"https:\/\/b2b.mvgd.pl\/index.php\/produkt\/mix-mocktail-mojito-033l-0\/\",\"url\":\"https:\/\/b2b.mvgd.pl\/index.php\/produkt\/mix-mocktail-mojito-033l-0\/\",\"name\":\"MIX Mocktail Mojito 0,33l 0% - B2B MVGD PL\",\"isPartOf\":{\"@id\":\"https:\/\/b2b.mvgd.pl\/#website\"},\"primaryImageOfPage\":{\"@id\":\"https:\/\/b2b.mvgd.pl\/index.php\/produkt\/mix-mocktail-mojito-033l-0\/#primaryimage\"},\"image\":{\"@id\":\"https:\/\/b2b.mvgd.pl\/index.php\/produkt\/mix-mocktail-mojito-033l-0\/#primaryimage\"},\"thumbnailUrl\":\"https:\/\/b2b.mvgd.pl\/wp-content\/uploads\/2026\/02\/Non-Alco-Mojito.png\",\"datePublished\":\"2026-02-16T18:49:23+00:00\",\"dateModified\":\"2026-02-16T18:51:45+00:00\",\"breadcrumb\":{\"@id\":\"https:\/\/b2b.mvgd.pl\/index.php\/produkt\/mix-mocktail-mojito-033l-0\/#breadcrumb\"},\"inLanguage\":\"pl-PL\",\"potentialAction\":[{\"@type\":\"ReadAction\",\"target\":[\"https:\/\/b2b.mvgd.pl\/index.php\/produkt\/mix-mocktail-mojito-033l-0\/\"]}]},{\"@type\":\"ImageObject\",\"inLanguage\":\"pl-PL\",\"@id\":\"https:\/\/b2b.mvgd.pl\/index.php\/produkt\/mix-mocktail-mojito-033l-0\/#primaryimage\",\"url\":\"https:\/\/b2b.mvgd.pl\/wp-content\/uploads\/2026\/02\/Non-Alco-Mojito.png\",\"contentUrl\":\"https:\/\/b2b.mvgd.pl\/wp-content\/uploads\/2026\/02\/Non-Alco-Mojito.png\",\"width\":900,\"height\":1200},{\"@type\":\"BreadcrumbList\",\"@id\":\"https:\/\/b2b.mvgd.pl\/index.php\/produkt\/mix-mocktail-mojito-033l-0\/#breadcrumb\",\"itemListElement\":[{\"@type\":\"ListItem\",\"position\":1,\"name\":\"Strona g\u0142\u00f3wna\",\"item\":\"https:\/\/b2b.mvgd.pl\/\"},{\"@type\":\"ListItem\",\"position\":2,\"name\":\"Shop\",\"item\":\"https:\/\/b2b.mvgd.pl\/index.php\/shop\/\"},{\"@type\":\"ListItem\",\"position\":3,\"name\":\"MIX Mocktail Mojito 0,33l 0%\"}]},{\"@type\":\"WebSite\",\"@id\":\"https:\/\/b2b.mvgd.pl\/#website\",\"url\":\"https:\/\/b2b.mvgd.pl\/\",\"name\":\"B2B MVGD PL\",\"description\":\"\",\"potentialAction\":[{\"@type\":\"SearchAction\",\"target\":{\"@type\":\"EntryPoint\",\"urlTemplate\":\"https:\/\/b2b.mvgd.pl\/?s={search_term_string}\"},\"query-input\":{\"@type\":\"PropertyValueSpecification\",\"valueRequired\":true,\"valueName\":\"search_term_string\"}}],\"inLanguage\":\"pl-PL\"}]}<\/script>\n<!-- \/ Yoast SEO plugin. -->","yoast_head_json":{"title":"MIX Mocktail Mojito 0,33l 0% - B2B MVGD PL","robots":{"index":"index","follow":"follow","max-snippet":"max-snippet:-1","max-image-preview":"max-image-preview:large","max-video-preview":"max-video-preview:-1"},"canonical":"https:\/\/b2b.mvgd.pl\/index.php\/produkt\/mix-mocktail-mojito-033l-0\/","og_locale":"pl_PL","og_type":"article","og_title":"MIX Mocktail Mojito 0,33l 0% - B2B MVGD PL","og_description":"Poznaj bezalkoholow\u0105 wersj\u0119 MIX na klasycznym mojito. Pozw\u00f3l, aby po\u0142\u0105czenie \u015bwie\u017cej mi\u0119ty i limonki przenios\u0142o Ci\u0119 do \u015bwiata t\u0119tni\u0105cego \u017cyciem orze\u017awienia.  &nbsp;","og_url":"https:\/\/b2b.mvgd.pl\/index.php\/produkt\/mix-mocktail-mojito-033l-0\/","og_site_name":"B2B MVGD PL","article_modified_time":"2026-02-16T18:51:45+00:00","twitter_card":"summary_large_image","schema":{"@context":"https:\/\/schema.org","@graph":[{"@type":"WebPage","@id":"https:\/\/b2b.mvgd.pl\/index.php\/produkt\/mix-mocktail-mojito-033l-0\/","url":"https:\/\/b2b.mvgd.pl\/index.php\/produkt\/mix-mocktail-mojito-033l-0\/","name":"MIX Mocktail Mojito 0,33l 0% - B2B MVGD PL","isPartOf":{"@id":"https:\/\/b2b.mvgd.pl\/#website"},"primaryImageOfPage":{"@id":"https:\/\/b2b.mvgd.pl\/index.php\/produkt\/mix-mocktail-mojito-033l-0\/#primaryimage"},"image":{"@id":"https:\/\/b2b.mvgd.pl\/index.php\/produkt\/mix-mocktail-mojito-033l-0\/#primaryimage"},"thumbnailUrl":"https:\/\/b2b.mvgd.pl\/wp-content\/uploads\/2026\/02\/Non-Alco-Mojito.png","datePublished":"2026-02-16T18:49:23+00:00","dateModified":"2026-02-16T18:51:45+00:00","breadcrumb":{"@id":"https:\/\/b2b.mvgd.pl\/index.php\/produkt\/mix-mocktail-mojito-033l-0\/#breadcrumb"},"inLanguage":"pl-PL","potentialAction":[{"@type":"ReadAction","target":["https:\/\/b2b.mvgd.pl\/index.php\/produkt\/mix-mocktail-mojito-033l-0\/"]}]},{"@type":"ImageObject","inLanguage":"pl-PL","@id":"https:\/\/b2b.mvgd.pl\/index.php\/produkt\/mix-mocktail-mojito-033l-0\/#primaryimage","url":"https:\/\/b2b.mvgd.pl\/wp-content\/uploads\/2026\/02\/Non-Alco-Mojito.png","contentUrl":"https:\/\/b2b.mvgd.pl\/wp-content\/uploads\/2026\/02\/Non-Alco-Mojito.png","width":900,"height":1200},{"@type":"BreadcrumbList","@id":"https:\/\/b2b.mvgd.pl\/index.php\/produkt\/mix-mocktail-mojito-033l-0\/#breadcrumb","itemListElement":[{"@type":"ListItem","position":1,"name":"Strona g\u0142\u00f3wna","item":"https:\/\/b2b.mvgd.pl\/"},{"@type":"ListItem","position":2,"name":"Shop","item":"https:\/\/b2b.mvgd.pl\/index.php\/shop\/"},{"@type":"ListItem","position":3,"name":"MIX Mocktail Mojito 0,33l 0%"}]},{"@type":"WebSite","@id":"https:\/\/b2b.mvgd.pl\/#website","url":"https:\/\/b2b.mvgd.pl\/","name":"B2B MVGD PL","description":"","potentialAction":[{"@type":"SearchAction","target":{"@type":"EntryPoint","urlTemplate":"https:\/\/b2b.mvgd.pl\/?s={search_term_string}"},"query-input":{"@type":"PropertyValueSpecification","valueRequired":true,"valueName":"search_term_string"}}],"inLanguage":"pl-PL"}]}},"jetpack_sharing_enabled":true,"_links":{"self":[{"href":"https:\/\/b2b.mvgd.pl\/index.php\/wp-json\/wp\/v2\/product\/657","targetHints":{"allow":["GET"]}}],"collection":[{"href":"https:\/\/b2b.mvgd.pl\/index.php\/wp-json\/wp\/v2\/product"}],"about":[{"href":"https:\/\/b2b.mvgd.pl\/index.php\/wp-json\/wp\/v2\/types\/product"}],"replies":[{"embeddable":true,"href":"https:\/\/b2b.mvgd.pl\/index.php\/wp-json\/wp\/v2\/comments?post=657"}],"version-history":[{"count":0,"href":"https:\/\/b2b.mvgd.pl\/index.php\/wp-json\/wp\/v2\/product\/657\/revisions"}],"wp:featuredmedia":[{"embeddable":true,"href":"https:\/\/b2b.mvgd.pl\/index.php\/wp-json\/wp\/v2\/media\/709"}],"wp:attachment":[{"href":"https:\/\/b2b.mvgd.pl\/index.php\/wp-json\/wp\/v2\/media?parent=657"}],"wp:term":[{"taxonomy":"product_brand","embeddable":true,"href":"https:\/\/b2b.mvgd.pl\/index.php\/wp-json\/wp\/v2\/product_brand?post=657"},{"taxonomy":"product_cat","embeddable":true,"href":"https:\/\/b2b.mvgd.pl\/index.php\/wp-json\/wp\/v2\/product_cat?post=657"},{"taxonomy":"product_tag","embeddable":true,"href":"https:\/\/b2b.mvgd.pl\/index.php\/wp-json\/wp\/v2\/product_tag?post=657"}],"curies":[{"name":"wp","href":"https:\/\/api.w.org\/{rel}","templated":true}]}}