{"id":633,"date":"2026-02-16T18:48:36","date_gmt":"2026-02-16T18:48:36","guid":{"rendered":"https:\/\/b2b.mvgd.pl\/?post_type=product&#038;p=633"},"modified":"2026-02-16T18:50:52","modified_gmt":"2026-02-16T18:50:52","slug":"imperial-xii-vsop-05l-36","status":"publish","type":"product","link":"https:\/\/b2b.mvgd.pl\/index.php\/produkt\/imperial-xii-vsop-05l-36\/","title":{"rendered":"Imperial XII VSOP 0,5l 36%"},"content":{"rendered":"<p>Brandy o bogatym smaku produkowana przez dwana\u015bcie etap\u00f3w produkcji. Poprzez podw\u00f3jne dojrzewanie \u2013 pierwotnie w d\u0119bowych beczkach, nast\u0119pnie w beczkach z drewna wi\u015bniowego, przez okres co najmniej roku, rozwija swoj\u0105 r\u00f3wnowag\u0119 kolorystyczn\u0105 i aromatyczn\u0105, nabiera ciemnobursztynowej barwy i aromatu suszonych owoc\u00f3w z nutami kwiatowymi oraz mocniejsze nuty suszonych owoc\u00f3w i orzech\u00f3w w\u0142oskich. Bogata brandy o dojrza\u0142ych smakach, kt\u00f3ra pomimo swojej g\u0142\u0119bi, zachowuje sw\u00f3j lekki, m\u0142odzie\u017cowy charakter, daj\u0105c poczucie wolno\u015bci. Fantastycznie sprawdza si\u0119 do spo\u017cywania solo, na lodzie lub jako sk\u0142adnik koktajlowy. 21<\/p>\n","protected":false},"excerpt":{"rendered":"<p>Brandy o bogatym smaku produkowana przez dwana\u015bcie etap\u00f3w produkcji. Poprzez podw\u00f3jne dojrzewanie \u2013 pierwotnie w d\u0119bowych beczkach, nast\u0119pnie w beczkach z drewna wi\u015bniowego, przez okres co najmniej roku, rozwija swoj\u0105 r\u00f3wnowag\u0119 kolorystyczn\u0105 i aromatyczn\u0105, nabiera ciemnobursztynowej barwy i aromatu suszonych owoc\u00f3w z nutami kwiatowymi oraz mocniejsze nuty suszonych owoc\u00f3w i orzech\u00f3w w\u0142oskich. Bogata brandy o dojrza\u0142ych smakach, kt\u00f3ra pomimo swojej g\u0142\u0119bi, zachowuje sw\u00f3j lekki, m\u0142odzie\u017cowy charakter, daj\u0105c poczucie wolno\u015bci. Fantastycznie sprawdza si\u0119 do spo\u017cywania solo, na lodzie lub jako sk\u0142adnik koktajlowy. 21<\/p>\n","protected":false},"featured_media":690,"comment_status":"open","ping_status":"closed","template":"","meta":[],"product_brand":[],"product_cat":[824],"product_tag":[825,826],"class_list":{"0":"post-633","1":"product","2":"type-product","3":"status-publish","4":"has-post-thumbnail","6":"product_cat-brandy","7":"product_tag-brandy","8":"product_tag-imperial","10":"first","11":"instock","12":"shipping-taxable","13":"purchasable","14":"product-type-simple"},"yoast_head":"<!-- This site is optimized with the Yoast SEO plugin v26.9 - https:\/\/yoast.com\/product\/yoast-seo-wordpress\/ -->\n<title>Imperial XII VSOP 0,5l 36% - B2B MVGD PL<\/title>\n<meta name=\"robots\" content=\"index, follow, max-snippet:-1, max-image-preview:large, max-video-preview:-1\" \/>\n<link rel=\"canonical\" href=\"https:\/\/b2b.mvgd.pl\/index.php\/produkt\/imperial-xii-vsop-05l-36\/\" \/>\n<meta property=\"og:locale\" content=\"pl_PL\" \/>\n<meta property=\"og:type\" content=\"article\" \/>\n<meta property=\"og:title\" content=\"Imperial XII VSOP 0,5l 36% - B2B MVGD PL\" \/>\n<meta property=\"og:description\" content=\"Brandy o bogatym smaku produkowana przez dwana\u015bcie etap\u00f3w produkcji. Poprzez podw\u00f3jne dojrzewanie \u2013 pierwotnie w d\u0119bowych beczkach, nast\u0119pnie w beczkach z drewna wi\u015bniowego, przez okres co najmniej roku, rozwija swoj\u0105 r\u00f3wnowag\u0119 kolorystyczn\u0105 i aromatyczn\u0105, nabiera ciemnobursztynowej barwy i aromatu suszonych owoc\u00f3w z nutami kwiatowymi oraz mocniejsze nuty suszonych owoc\u00f3w i orzech\u00f3w w\u0142oskich. Bogata brandy o dojrza\u0142ych smakach, kt\u00f3ra pomimo swojej g\u0142\u0119bi, zachowuje sw\u00f3j lekki, m\u0142odzie\u017cowy charakter, daj\u0105c poczucie wolno\u015bci. Fantastycznie sprawdza si\u0119 do spo\u017cywania solo, na lodzie lub jako sk\u0142adnik koktajlowy. 21\" \/>\n<meta property=\"og:url\" content=\"https:\/\/b2b.mvgd.pl\/index.php\/produkt\/imperial-xii-vsop-05l-36\/\" \/>\n<meta property=\"og:site_name\" content=\"B2B MVGD PL\" \/>\n<meta property=\"article:modified_time\" content=\"2026-02-16T18:50:52+00:00\" \/>\n<meta name=\"twitter:card\" content=\"summary_large_image\" \/>\n<meta name=\"twitter:label1\" content=\"Szacowany czas czytania\" \/>\n\t<meta name=\"twitter:data1\" content=\"1 minuta\" \/>\n<script type=\"application\/ld+json\" class=\"yoast-schema-graph\">{\"@context\":\"https:\/\/schema.org\",\"@graph\":[{\"@type\":\"WebPage\",\"@id\":\"https:\/\/b2b.mvgd.pl\/index.php\/produkt\/imperial-xii-vsop-05l-36\/\",\"url\":\"https:\/\/b2b.mvgd.pl\/index.php\/produkt\/imperial-xii-vsop-05l-36\/\",\"name\":\"Imperial XII VSOP 0,5l 36% - B2B MVGD PL\",\"isPartOf\":{\"@id\":\"https:\/\/b2b.mvgd.pl\/#website\"},\"primaryImageOfPage\":{\"@id\":\"https:\/\/b2b.mvgd.pl\/index.php\/produkt\/imperial-xii-vsop-05l-36\/#primaryimage\"},\"image\":{\"@id\":\"https:\/\/b2b.mvgd.pl\/index.php\/produkt\/imperial-xii-vsop-05l-36\/#primaryimage\"},\"thumbnailUrl\":\"https:\/\/b2b.mvgd.pl\/wp-content\/uploads\/2026\/02\/Imperial-XII-VSOP-05l-36.png\",\"datePublished\":\"2026-02-16T18:48:36+00:00\",\"dateModified\":\"2026-02-16T18:50:52+00:00\",\"breadcrumb\":{\"@id\":\"https:\/\/b2b.mvgd.pl\/index.php\/produkt\/imperial-xii-vsop-05l-36\/#breadcrumb\"},\"inLanguage\":\"pl-PL\",\"potentialAction\":[{\"@type\":\"ReadAction\",\"target\":[\"https:\/\/b2b.mvgd.pl\/index.php\/produkt\/imperial-xii-vsop-05l-36\/\"]}]},{\"@type\":\"ImageObject\",\"inLanguage\":\"pl-PL\",\"@id\":\"https:\/\/b2b.mvgd.pl\/index.php\/produkt\/imperial-xii-vsop-05l-36\/#primaryimage\",\"url\":\"https:\/\/b2b.mvgd.pl\/wp-content\/uploads\/2026\/02\/Imperial-XII-VSOP-05l-36.png\",\"contentUrl\":\"https:\/\/b2b.mvgd.pl\/wp-content\/uploads\/2026\/02\/Imperial-XII-VSOP-05l-36.png\",\"width\":900,\"height\":1200},{\"@type\":\"BreadcrumbList\",\"@id\":\"https:\/\/b2b.mvgd.pl\/index.php\/produkt\/imperial-xii-vsop-05l-36\/#breadcrumb\",\"itemListElement\":[{\"@type\":\"ListItem\",\"position\":1,\"name\":\"Strona g\u0142\u00f3wna\",\"item\":\"https:\/\/b2b.mvgd.pl\/\"},{\"@type\":\"ListItem\",\"position\":2,\"name\":\"Shop\",\"item\":\"https:\/\/b2b.mvgd.pl\/index.php\/shop\/\"},{\"@type\":\"ListItem\",\"position\":3,\"name\":\"Imperial XII VSOP 0,5l 36%\"}]},{\"@type\":\"WebSite\",\"@id\":\"https:\/\/b2b.mvgd.pl\/#website\",\"url\":\"https:\/\/b2b.mvgd.pl\/\",\"name\":\"B2B MVGD PL\",\"description\":\"\",\"potentialAction\":[{\"@type\":\"SearchAction\",\"target\":{\"@type\":\"EntryPoint\",\"urlTemplate\":\"https:\/\/b2b.mvgd.pl\/?s={search_term_string}\"},\"query-input\":{\"@type\":\"PropertyValueSpecification\",\"valueRequired\":true,\"valueName\":\"search_term_string\"}}],\"inLanguage\":\"pl-PL\"}]}<\/script>\n<!-- \/ Yoast SEO plugin. -->","yoast_head_json":{"title":"Imperial XII VSOP 0,5l 36% - B2B MVGD PL","robots":{"index":"index","follow":"follow","max-snippet":"max-snippet:-1","max-image-preview":"max-image-preview:large","max-video-preview":"max-video-preview:-1"},"canonical":"https:\/\/b2b.mvgd.pl\/index.php\/produkt\/imperial-xii-vsop-05l-36\/","og_locale":"pl_PL","og_type":"article","og_title":"Imperial XII VSOP 0,5l 36% - B2B MVGD PL","og_description":"Brandy o bogatym smaku produkowana przez dwana\u015bcie etap\u00f3w produkcji. Poprzez podw\u00f3jne dojrzewanie \u2013 pierwotnie w d\u0119bowych beczkach, nast\u0119pnie w beczkach z drewna wi\u015bniowego, przez okres co najmniej roku, rozwija swoj\u0105 r\u00f3wnowag\u0119 kolorystyczn\u0105 i aromatyczn\u0105, nabiera ciemnobursztynowej barwy i aromatu suszonych owoc\u00f3w z nutami kwiatowymi oraz mocniejsze nuty suszonych owoc\u00f3w i orzech\u00f3w w\u0142oskich. Bogata brandy o dojrza\u0142ych smakach, kt\u00f3ra pomimo swojej g\u0142\u0119bi, zachowuje sw\u00f3j lekki, m\u0142odzie\u017cowy charakter, daj\u0105c poczucie wolno\u015bci. Fantastycznie sprawdza si\u0119 do spo\u017cywania solo, na lodzie lub jako sk\u0142adnik koktajlowy. 21","og_url":"https:\/\/b2b.mvgd.pl\/index.php\/produkt\/imperial-xii-vsop-05l-36\/","og_site_name":"B2B MVGD PL","article_modified_time":"2026-02-16T18:50:52+00:00","twitter_card":"summary_large_image","twitter_misc":{"Szacowany czas czytania":"1 minuta"},"schema":{"@context":"https:\/\/schema.org","@graph":[{"@type":"WebPage","@id":"https:\/\/b2b.mvgd.pl\/index.php\/produkt\/imperial-xii-vsop-05l-36\/","url":"https:\/\/b2b.mvgd.pl\/index.php\/produkt\/imperial-xii-vsop-05l-36\/","name":"Imperial XII VSOP 0,5l 36% - B2B MVGD PL","isPartOf":{"@id":"https:\/\/b2b.mvgd.pl\/#website"},"primaryImageOfPage":{"@id":"https:\/\/b2b.mvgd.pl\/index.php\/produkt\/imperial-xii-vsop-05l-36\/#primaryimage"},"image":{"@id":"https:\/\/b2b.mvgd.pl\/index.php\/produkt\/imperial-xii-vsop-05l-36\/#primaryimage"},"thumbnailUrl":"https:\/\/b2b.mvgd.pl\/wp-content\/uploads\/2026\/02\/Imperial-XII-VSOP-05l-36.png","datePublished":"2026-02-16T18:48:36+00:00","dateModified":"2026-02-16T18:50:52+00:00","breadcrumb":{"@id":"https:\/\/b2b.mvgd.pl\/index.php\/produkt\/imperial-xii-vsop-05l-36\/#breadcrumb"},"inLanguage":"pl-PL","potentialAction":[{"@type":"ReadAction","target":["https:\/\/b2b.mvgd.pl\/index.php\/produkt\/imperial-xii-vsop-05l-36\/"]}]},{"@type":"ImageObject","inLanguage":"pl-PL","@id":"https:\/\/b2b.mvgd.pl\/index.php\/produkt\/imperial-xii-vsop-05l-36\/#primaryimage","url":"https:\/\/b2b.mvgd.pl\/wp-content\/uploads\/2026\/02\/Imperial-XII-VSOP-05l-36.png","contentUrl":"https:\/\/b2b.mvgd.pl\/wp-content\/uploads\/2026\/02\/Imperial-XII-VSOP-05l-36.png","width":900,"height":1200},{"@type":"BreadcrumbList","@id":"https:\/\/b2b.mvgd.pl\/index.php\/produkt\/imperial-xii-vsop-05l-36\/#breadcrumb","itemListElement":[{"@type":"ListItem","position":1,"name":"Strona g\u0142\u00f3wna","item":"https:\/\/b2b.mvgd.pl\/"},{"@type":"ListItem","position":2,"name":"Shop","item":"https:\/\/b2b.mvgd.pl\/index.php\/shop\/"},{"@type":"ListItem","position":3,"name":"Imperial XII VSOP 0,5l 36%"}]},{"@type":"WebSite","@id":"https:\/\/b2b.mvgd.pl\/#website","url":"https:\/\/b2b.mvgd.pl\/","name":"B2B MVGD PL","description":"","potentialAction":[{"@type":"SearchAction","target":{"@type":"EntryPoint","urlTemplate":"https:\/\/b2b.mvgd.pl\/?s={search_term_string}"},"query-input":{"@type":"PropertyValueSpecification","valueRequired":true,"valueName":"search_term_string"}}],"inLanguage":"pl-PL"}]}},"jetpack_sharing_enabled":true,"_links":{"self":[{"href":"https:\/\/b2b.mvgd.pl\/index.php\/wp-json\/wp\/v2\/product\/633","targetHints":{"allow":["GET"]}}],"collection":[{"href":"https:\/\/b2b.mvgd.pl\/index.php\/wp-json\/wp\/v2\/product"}],"about":[{"href":"https:\/\/b2b.mvgd.pl\/index.php\/wp-json\/wp\/v2\/types\/product"}],"replies":[{"embeddable":true,"href":"https:\/\/b2b.mvgd.pl\/index.php\/wp-json\/wp\/v2\/comments?post=633"}],"version-history":[{"count":0,"href":"https:\/\/b2b.mvgd.pl\/index.php\/wp-json\/wp\/v2\/product\/633\/revisions"}],"wp:featuredmedia":[{"embeddable":true,"href":"https:\/\/b2b.mvgd.pl\/index.php\/wp-json\/wp\/v2\/media\/690"}],"wp:attachment":[{"href":"https:\/\/b2b.mvgd.pl\/index.php\/wp-json\/wp\/v2\/media?parent=633"}],"wp:term":[{"taxonomy":"product_brand","embeddable":true,"href":"https:\/\/b2b.mvgd.pl\/index.php\/wp-json\/wp\/v2\/product_brand?post=633"},{"taxonomy":"product_cat","embeddable":true,"href":"https:\/\/b2b.mvgd.pl\/index.php\/wp-json\/wp\/v2\/product_cat?post=633"},{"taxonomy":"product_tag","embeddable":true,"href":"https:\/\/b2b.mvgd.pl\/index.php\/wp-json\/wp\/v2\/product_tag?post=633"}],"curies":[{"name":"wp","href":"https:\/\/api.w.org\/{rel}","templated":true}]}}