{"id":631,"date":"2026-02-16T18:48:36","date_gmt":"2026-02-16T18:48:36","guid":{"rendered":"https:\/\/b2b.mvgd.pl\/?post_type=product&#038;p=631"},"modified":"2026-02-16T18:50:43","modified_gmt":"2026-02-16T18:50:43","slug":"rtd-dead-mans-fingers-passion-fruit-rumlemonade-033l-5","status":"publish","type":"product","link":"https:\/\/b2b.mvgd.pl\/index.php\/produkt\/rtd-dead-mans-fingers-passion-fruit-rumlemonade-033l-5\/","title":{"rendered":"RTD DEAD MAN&#8217;S FINGERS Passion Fruit Rum&amp;Lemonade 0,33l 5%"},"content":{"rendered":"<p>Nasz pyszny rum z marakuj\u0105 zmieszany z lemoniad\u0105 to idealny letni nap\u00f3j bez zb\u0119dnego nad\u0119cia. sch\u0142od\u017a i zabierz ze sob\u0105 gdzie tylko chcesz &#8211; Doskona\u0142y w podr\u00f3\u017cy, na pla\u017cy albo na wypadzie z ekip\u0105!<\/p>\n","protected":false},"excerpt":{"rendered":"<p>Nasz pyszny rum z marakuj\u0105 zmieszany z lemoniad\u0105 to idealny letni nap\u00f3j bez zb\u0119dnego nad\u0119cia. sch\u0142od\u017a i zabierz ze sob\u0105 gdzie tylko chcesz &#8211; Doskona\u0142y w podr\u00f3\u017cy, na pla\u017cy albo na wypadzie z ekip\u0105!<\/p>\n","protected":false},"featured_media":688,"comment_status":"open","ping_status":"closed","template":"","meta":[],"product_brand":[],"product_cat":[203],"product_tag":[404,206],"class_list":{"0":"post-631","1":"product","2":"type-product","3":"status-publish","4":"has-post-thumbnail","6":"product_cat-rtd","7":"product_tag-dead-mans-fingers","8":"product_tag-rtd","10":"first","11":"instock","12":"shipping-taxable","13":"purchasable","14":"product-type-simple"},"yoast_head":"<!-- This site is optimized with the Yoast SEO plugin v26.9 - https:\/\/yoast.com\/product\/yoast-seo-wordpress\/ -->\n<title>RTD DEAD MAN&#039;S FINGERS Passion Fruit Rum&amp;Lemonade 0,33l 5% - B2B MVGD PL<\/title>\n<meta name=\"robots\" content=\"index, follow, max-snippet:-1, max-image-preview:large, max-video-preview:-1\" \/>\n<link rel=\"canonical\" href=\"https:\/\/b2b.mvgd.pl\/index.php\/produkt\/rtd-dead-mans-fingers-passion-fruit-rumlemonade-033l-5\/\" \/>\n<meta property=\"og:locale\" content=\"pl_PL\" \/>\n<meta property=\"og:type\" content=\"article\" \/>\n<meta property=\"og:title\" content=\"RTD DEAD MAN&#039;S FINGERS Passion Fruit Rum&amp;Lemonade 0,33l 5% - B2B MVGD PL\" \/>\n<meta property=\"og:description\" content=\"Nasz pyszny rum z marakuj\u0105 zmieszany z lemoniad\u0105 to idealny letni nap\u00f3j bez zb\u0119dnego nad\u0119cia. sch\u0142od\u017a i zabierz ze sob\u0105 gdzie tylko chcesz - Doskona\u0142y w podr\u00f3\u017cy, na pla\u017cy albo na wypadzie z ekip\u0105!\" \/>\n<meta property=\"og:url\" content=\"https:\/\/b2b.mvgd.pl\/index.php\/produkt\/rtd-dead-mans-fingers-passion-fruit-rumlemonade-033l-5\/\" \/>\n<meta property=\"og:site_name\" content=\"B2B MVGD PL\" \/>\n<meta property=\"article:modified_time\" content=\"2026-02-16T18:50:43+00:00\" \/>\n<meta name=\"twitter:card\" content=\"summary_large_image\" \/>\n<script type=\"application\/ld+json\" class=\"yoast-schema-graph\">{\"@context\":\"https:\/\/schema.org\",\"@graph\":[{\"@type\":\"WebPage\",\"@id\":\"https:\/\/b2b.mvgd.pl\/index.php\/produkt\/rtd-dead-mans-fingers-passion-fruit-rumlemonade-033l-5\/\",\"url\":\"https:\/\/b2b.mvgd.pl\/index.php\/produkt\/rtd-dead-mans-fingers-passion-fruit-rumlemonade-033l-5\/\",\"name\":\"RTD DEAD MAN'S FINGERS Passion Fruit Rum&amp;Lemonade 0,33l 5% - B2B MVGD PL\",\"isPartOf\":{\"@id\":\"https:\/\/b2b.mvgd.pl\/#website\"},\"primaryImageOfPage\":{\"@id\":\"https:\/\/b2b.mvgd.pl\/index.php\/produkt\/rtd-dead-mans-fingers-passion-fruit-rumlemonade-033l-5\/#primaryimage\"},\"image\":{\"@id\":\"https:\/\/b2b.mvgd.pl\/index.php\/produkt\/rtd-dead-mans-fingers-passion-fruit-rumlemonade-033l-5\/#primaryimage\"},\"thumbnailUrl\":\"https:\/\/b2b.mvgd.pl\/wp-content\/uploads\/2026\/02\/68.png\",\"datePublished\":\"2026-02-16T18:48:36+00:00\",\"dateModified\":\"2026-02-16T18:50:43+00:00\",\"breadcrumb\":{\"@id\":\"https:\/\/b2b.mvgd.pl\/index.php\/produkt\/rtd-dead-mans-fingers-passion-fruit-rumlemonade-033l-5\/#breadcrumb\"},\"inLanguage\":\"pl-PL\",\"potentialAction\":[{\"@type\":\"ReadAction\",\"target\":[\"https:\/\/b2b.mvgd.pl\/index.php\/produkt\/rtd-dead-mans-fingers-passion-fruit-rumlemonade-033l-5\/\"]}]},{\"@type\":\"ImageObject\",\"inLanguage\":\"pl-PL\",\"@id\":\"https:\/\/b2b.mvgd.pl\/index.php\/produkt\/rtd-dead-mans-fingers-passion-fruit-rumlemonade-033l-5\/#primaryimage\",\"url\":\"https:\/\/b2b.mvgd.pl\/wp-content\/uploads\/2026\/02\/68.png\",\"contentUrl\":\"https:\/\/b2b.mvgd.pl\/wp-content\/uploads\/2026\/02\/68.png\",\"width\":900,\"height\":1200},{\"@type\":\"BreadcrumbList\",\"@id\":\"https:\/\/b2b.mvgd.pl\/index.php\/produkt\/rtd-dead-mans-fingers-passion-fruit-rumlemonade-033l-5\/#breadcrumb\",\"itemListElement\":[{\"@type\":\"ListItem\",\"position\":1,\"name\":\"Strona g\u0142\u00f3wna\",\"item\":\"https:\/\/b2b.mvgd.pl\/\"},{\"@type\":\"ListItem\",\"position\":2,\"name\":\"Shop\",\"item\":\"https:\/\/b2b.mvgd.pl\/index.php\/shop\/\"},{\"@type\":\"ListItem\",\"position\":3,\"name\":\"RTD DEAD MAN&#8217;S FINGERS Passion Fruit Rum&amp;Lemonade 0,33l 5%\"}]},{\"@type\":\"WebSite\",\"@id\":\"https:\/\/b2b.mvgd.pl\/#website\",\"url\":\"https:\/\/b2b.mvgd.pl\/\",\"name\":\"B2B MVGD PL\",\"description\":\"\",\"potentialAction\":[{\"@type\":\"SearchAction\",\"target\":{\"@type\":\"EntryPoint\",\"urlTemplate\":\"https:\/\/b2b.mvgd.pl\/?s={search_term_string}\"},\"query-input\":{\"@type\":\"PropertyValueSpecification\",\"valueRequired\":true,\"valueName\":\"search_term_string\"}}],\"inLanguage\":\"pl-PL\"}]}<\/script>\n<!-- \/ Yoast SEO plugin. -->","yoast_head_json":{"title":"RTD DEAD MAN'S FINGERS Passion Fruit Rum&amp;Lemonade 0,33l 5% - B2B MVGD PL","robots":{"index":"index","follow":"follow","max-snippet":"max-snippet:-1","max-image-preview":"max-image-preview:large","max-video-preview":"max-video-preview:-1"},"canonical":"https:\/\/b2b.mvgd.pl\/index.php\/produkt\/rtd-dead-mans-fingers-passion-fruit-rumlemonade-033l-5\/","og_locale":"pl_PL","og_type":"article","og_title":"RTD DEAD MAN'S FINGERS Passion Fruit Rum&amp;Lemonade 0,33l 5% - B2B MVGD PL","og_description":"Nasz pyszny rum z marakuj\u0105 zmieszany z lemoniad\u0105 to idealny letni nap\u00f3j bez zb\u0119dnego nad\u0119cia. sch\u0142od\u017a i zabierz ze sob\u0105 gdzie tylko chcesz - Doskona\u0142y w podr\u00f3\u017cy, na pla\u017cy albo na wypadzie z ekip\u0105!","og_url":"https:\/\/b2b.mvgd.pl\/index.php\/produkt\/rtd-dead-mans-fingers-passion-fruit-rumlemonade-033l-5\/","og_site_name":"B2B MVGD PL","article_modified_time":"2026-02-16T18:50:43+00:00","twitter_card":"summary_large_image","schema":{"@context":"https:\/\/schema.org","@graph":[{"@type":"WebPage","@id":"https:\/\/b2b.mvgd.pl\/index.php\/produkt\/rtd-dead-mans-fingers-passion-fruit-rumlemonade-033l-5\/","url":"https:\/\/b2b.mvgd.pl\/index.php\/produkt\/rtd-dead-mans-fingers-passion-fruit-rumlemonade-033l-5\/","name":"RTD DEAD MAN'S FINGERS Passion Fruit Rum&amp;Lemonade 0,33l 5% - B2B MVGD PL","isPartOf":{"@id":"https:\/\/b2b.mvgd.pl\/#website"},"primaryImageOfPage":{"@id":"https:\/\/b2b.mvgd.pl\/index.php\/produkt\/rtd-dead-mans-fingers-passion-fruit-rumlemonade-033l-5\/#primaryimage"},"image":{"@id":"https:\/\/b2b.mvgd.pl\/index.php\/produkt\/rtd-dead-mans-fingers-passion-fruit-rumlemonade-033l-5\/#primaryimage"},"thumbnailUrl":"https:\/\/b2b.mvgd.pl\/wp-content\/uploads\/2026\/02\/68.png","datePublished":"2026-02-16T18:48:36+00:00","dateModified":"2026-02-16T18:50:43+00:00","breadcrumb":{"@id":"https:\/\/b2b.mvgd.pl\/index.php\/produkt\/rtd-dead-mans-fingers-passion-fruit-rumlemonade-033l-5\/#breadcrumb"},"inLanguage":"pl-PL","potentialAction":[{"@type":"ReadAction","target":["https:\/\/b2b.mvgd.pl\/index.php\/produkt\/rtd-dead-mans-fingers-passion-fruit-rumlemonade-033l-5\/"]}]},{"@type":"ImageObject","inLanguage":"pl-PL","@id":"https:\/\/b2b.mvgd.pl\/index.php\/produkt\/rtd-dead-mans-fingers-passion-fruit-rumlemonade-033l-5\/#primaryimage","url":"https:\/\/b2b.mvgd.pl\/wp-content\/uploads\/2026\/02\/68.png","contentUrl":"https:\/\/b2b.mvgd.pl\/wp-content\/uploads\/2026\/02\/68.png","width":900,"height":1200},{"@type":"BreadcrumbList","@id":"https:\/\/b2b.mvgd.pl\/index.php\/produkt\/rtd-dead-mans-fingers-passion-fruit-rumlemonade-033l-5\/#breadcrumb","itemListElement":[{"@type":"ListItem","position":1,"name":"Strona g\u0142\u00f3wna","item":"https:\/\/b2b.mvgd.pl\/"},{"@type":"ListItem","position":2,"name":"Shop","item":"https:\/\/b2b.mvgd.pl\/index.php\/shop\/"},{"@type":"ListItem","position":3,"name":"RTD DEAD MAN&#8217;S FINGERS Passion Fruit Rum&amp;Lemonade 0,33l 5%"}]},{"@type":"WebSite","@id":"https:\/\/b2b.mvgd.pl\/#website","url":"https:\/\/b2b.mvgd.pl\/","name":"B2B MVGD PL","description":"","potentialAction":[{"@type":"SearchAction","target":{"@type":"EntryPoint","urlTemplate":"https:\/\/b2b.mvgd.pl\/?s={search_term_string}"},"query-input":{"@type":"PropertyValueSpecification","valueRequired":true,"valueName":"search_term_string"}}],"inLanguage":"pl-PL"}]}},"jetpack_sharing_enabled":true,"_links":{"self":[{"href":"https:\/\/b2b.mvgd.pl\/index.php\/wp-json\/wp\/v2\/product\/631","targetHints":{"allow":["GET"]}}],"collection":[{"href":"https:\/\/b2b.mvgd.pl\/index.php\/wp-json\/wp\/v2\/product"}],"about":[{"href":"https:\/\/b2b.mvgd.pl\/index.php\/wp-json\/wp\/v2\/types\/product"}],"replies":[{"embeddable":true,"href":"https:\/\/b2b.mvgd.pl\/index.php\/wp-json\/wp\/v2\/comments?post=631"}],"version-history":[{"count":0,"href":"https:\/\/b2b.mvgd.pl\/index.php\/wp-json\/wp\/v2\/product\/631\/revisions"}],"wp:featuredmedia":[{"embeddable":true,"href":"https:\/\/b2b.mvgd.pl\/index.php\/wp-json\/wp\/v2\/media\/688"}],"wp:attachment":[{"href":"https:\/\/b2b.mvgd.pl\/index.php\/wp-json\/wp\/v2\/media?parent=631"}],"wp:term":[{"taxonomy":"product_brand","embeddable":true,"href":"https:\/\/b2b.mvgd.pl\/index.php\/wp-json\/wp\/v2\/product_brand?post=631"},{"taxonomy":"product_cat","embeddable":true,"href":"https:\/\/b2b.mvgd.pl\/index.php\/wp-json\/wp\/v2\/product_cat?post=631"},{"taxonomy":"product_tag","embeddable":true,"href":"https:\/\/b2b.mvgd.pl\/index.php\/wp-json\/wp\/v2\/product_tag?post=631"}],"curies":[{"name":"wp","href":"https:\/\/api.w.org\/{rel}","templated":true}]}}